{"id":17340,"date":"2025-09-21T13:59:35","date_gmt":"2025-09-21T13:59:35","guid":{"rendered":"https:\/\/www.safinel.fr\/?post_type=product&#038;p=17340"},"modified":"2025-09-21T13:59:53","modified_gmt":"2025-09-21T13:59:53","slug":"bacche-di-acai-in-polvere","status":"publish","type":"product","link":"https:\/\/www.safinel.fr\/it\/prodotto\/bacche-di-acai-in-polvere\/","title":{"rendered":"Polvere di bacche di Acai - 100 g"},"content":{"rendered":"<p>La&nbsp;<strong>bacche di acai in polvere<\/strong> intriga tanto quanto seduce. Questo <strong>superfood dall'Amazzonia<\/strong> si \u00e8 affermata come alimento sano grazie alla sua promessa di vitalit\u00e0, alla sua <strong>gusto originale e fruttato<\/strong> e i suoi numerosi <strong>benefici per la salute<\/strong>. Ricco di <strong>antiossidanti<\/strong>, <strong>vitamine<\/strong> e <strong>fibre<\/strong>, Questo piccolo frutto polverizzato diventa rapidamente una risorsa quotidiana. Per chi \u00e8 alla ricerca di <strong>bio<\/strong> Scoprite i benefici e gli usi delle bacche di acai per arricchire la vostra dieta, dare energia e gustare nuovi sapori.<\/p>\n<h2>Quali sono le origini delle bacche di acai?<\/h2>\n<p>Originariamente da <strong>Brasile<\/strong>, il <strong>bacche di acai<\/strong> cresce sulle palme Euterpe oleracea nel cuore della foresta amazzonica. Per secoli ha svolto un ruolo essenziale nella cultura locale. La raccolta richiede una vera e propria esperienza per preservarne il gusto e le qualit\u00e0 nutrizionali. Questa bacca si distingue per le sue <strong>colore viola intenso<\/strong>, segno dell'elevato contenuto di antiossidanti naturali, come ad esempio <strong>antociani<\/strong>.<\/p>\n<p>Tradizionalmente consumate fresche dalle popolazioni amazzoniche, le bacche di acai sono oggi disponibili in forma di <strong>polvere<\/strong>, Questo metodo preserva le principali qualit\u00e0 del frutto, offrendo al contempo una soluzione facile da conservare, trasportare e incorporare in una serie di preparazioni quotidiane. Questo metodo di lavorazione preserva le principali qualit\u00e0 del frutto, offrendo al contempo una soluzione facile da conservare, trasportare e inserire in diverse preparazioni quotidiane.<\/p>\n<h2>Perch\u00e9 scegliere la polvere di bacche di acai?<\/h2>\n<p>Adottare il <strong>bacche di acai in polvere<\/strong> ha molti vantaggi. Prolunga la durata di conservazione di questo fragile frutto, che perde rapidamente le sue propriet\u00e0 al di fuori del suo ambiente naturale. Sotto forma di polvere, il <strong>bacche di acai<\/strong> \u00e8 disponibile tutto l'anno e pu\u00f2 essere facilmente aggiunto a una variet\u00e0 di piatti senza perdere il suo sapore. <strong>qualit\u00e0 nutrizionali<\/strong> essenziale.<\/p>\n<p>L'acquisto di <strong>bacche di acai biologiche in polvere<\/strong> garantisce una tracciabilit\u00e0 ottimale e il rispetto dei processi ecologici durante la coltivazione. Di conseguenza, si evitano i pesticidi e si beneficia di un profilo ricco di <strong>nutrienti essenziali<\/strong>.<\/p>\n<p>Questo formato \u00e8 facile da usare ogni giorno, perfetto per essere aggiunto alle vostre ricette e per trarre il massimo vantaggio dai numerosi benefici di questo superalimento.<\/p>\n<p>Per saperne di pi\u00f9 sui frutti di bosco ricchi di antiossidanti, vale la pena di informarsi anche su <a href=\"https:\/\/www.safinel.fr\/it\/baia-dei-miracoli\/\">La bacca miracolosa e i suoi benefici<\/a>, un altro frutto straordinario noto per la sua ricchezza di antiossidanti protettivi.<\/p>\n<h2>Quali sono i benefici nutrizionali delle bacche di acai in polvere?<\/h2>\n<h3>Un'alta concentrazione di antiossidanti<\/h3>\n<p>La <strong>bacche di acai<\/strong> \u00e8 uno degli alimenti leader per la sua <strong>potere antiossidante<\/strong>. Queste molecole proteggono efficacemente le cellule dallo stress ossidativo legato all'ambiente, a una dieta squilibrata o all'invecchiamento. Integrare un <strong>un superalimento con un'alta concentrazione di antiossidanti<\/strong> nella vita quotidiana pu\u00f2 fornire un sostegno duraturo alla vostra vitalit\u00e0.<\/p>\n<p>Oltre alle antocianine <strong>polvere di acai<\/strong> contiene anche polifenoli. Questo cocktail naturale aiuta a rimettersi in forma e a mantenere i livelli di energia, soprattutto nelle persone attive e sportive.<\/p>\n<p>Le bacche di Acai offrono un valido supporto per la vitalit\u00e0 generale a lungo termine. Nella stessa famiglia di ingredienti esotici, le bacche di&nbsp;<a href=\"https:\/\/www.safinel.fr\/it\/prodotto\/pepe-di-timut-50g\/\">pepe timut<\/a> \u00e8 con le sue note uniche apprezzato per i suoi aromi sorprendenti, spesso associati a originali piaceri culinari.<\/p>\n<h3>Un apporto completo di vitamine, fibre e acidi grassi insaturi<\/h3>\n<p>Oltre ad essere ricca di antiossidanti, la <strong>bacche di acai in polvere<\/strong> fornisce un'ampia gamma di <strong>vitamine<\/strong>, il cui prezioso <strong>vitamina C<\/strong>. Favorisce il corretto funzionamento del sistema immunitario e aiuta a combattere la stanchezza. La diversit\u00e0 delle sue vitamine rende questo <strong>superalimenti<\/strong> ideale per integrare una dieta a base vegetale o per compensare alcune carenze stagionali.<\/p>\n<p>La <strong>polvere di acai<\/strong> fornisce anche <strong>fibre alimentari<\/strong> benefico per la digestione e che fornisce un naturale senso di saziet\u00e0. Inoltre <strong>acidi grassi insaturi<\/strong> (omega-9 e omega-6), essenziali per mantenere buoni livelli di colesterolo e promuovere la salute cardiovascolare. Questa tripletta di fibre, grassi buoni e vitamine rende la polvere di bacche di acai un elemento essenziale di una dieta equilibrata.<\/p>\n<h2>Come si usa la polvere di bacche di acai?<\/h2>\n<h3>Aggiungetelo ai frullati e alle ciotole per la colazione<\/h3>\n<p>Con la sua consistenza fine e <strong>gusto fruttato e leggermente acido<\/strong>, il <strong>polvere di acai<\/strong> ha un posto naturale nel <strong>frullati<\/strong>. Basta aggiungere uno o due cucchiaini ai mix di frutta, agli yogurt o ai latti vegetali per ottenere una bevanda colorata e nutriente. La sua capacit\u00e0 di combinarsi con un'ampia gamma di ingredienti rende questa bevanda <strong>superalimenti<\/strong> un alleato versatile per iniziare la giornata con energia.<\/p>\n<p>Le \u00abciotole di Acai\u00bb, ripiene di granola, frutta fresca e semi, sfruttano al meglio questo prodotto. Ci piace il colore intenso e <strong>gusto originale<\/strong> che <strong>bacche di acai in polvere<\/strong> Ha anche un effetto saziante, che lo rende ideale per una colazione nutriente.<\/p>\n<h3>Ricette originali dolci e salate<\/h3>\n<p>La <strong>polvere di acai<\/strong> non si limita alle bevande! Pu\u00f2 essere utilizzato per arricchire dessert, composte e persino salse fatte in casa. Mescolato all'impasto dei pancake o aggiunto allo yogurt semplice, aggiunge una nota sorprendentemente esotica.<\/p>\n<p>Il suo gusto unico aggiunge una dimensione in pi\u00f9 alle vostre prelibatezze, senza stravolgere le vostre abitudini alimentari.<\/p>\n<p>Nei piatti salati, alcuni chef lo usano nelle vinaigrette o per insaporire le salse per il pesce arrosto o le verdure. Questo <strong>frutta in polvere biologica<\/strong> invita alla sperimentazione culinaria, dando libero sfogo alla creativit\u00e0 di tutti.<\/p>\n<ul>\n<li><strong>Aggiunta alle bevande vegetali<\/strong> per una pausa rivitalizzante<\/li>\n<li><strong>Mescolare le barrette energetiche fatte in casa<\/strong><\/li>\n<li><strong>Cospargere sulla frutta fresca<\/strong> o un'insalata mista<\/li>\n<li><strong>Creare sorbetti ricchi di antiossidanti<\/strong><\/li>\n<\/ul>\n<h2>Dove acquistare e come scegliere la polvere di bacche di acai?<\/h2>\n<p>Scegliere un <strong>bacche di acai biologiche in polvere<\/strong> presenta una serie di vantaggi. Questo marchio garantisce l'assenza di trattamenti chimici e il rispetto dell'ambiente durante la produzione.<\/p>\n<p>\u00c8 importante controllare l'origine della polvere e scegliere fornitori affidabili per garantire la qualit\u00e0 del prodotto.&nbsp;<strong>qualit\u00e0 ottimale<\/strong>.<\/p>\n<p>L\u2019<strong>acquistare online su safinel.fr<\/strong> o su altri siti web specializzati, potete facilmente confrontare le offerte e consultare le recensioni dei clienti per aiutarvi a fare la scelta giusta.<\/p>\n<p>Ordinando online \u00e8 inoltre possibile accedere facilmente a diverse varianti e confezioni, a seconda che se ne abbia bisogno una volta ogni tanto o regolarmente.<\/p>\n<table>\n<tbody>\n<tr>\n<th>Criteri<\/th>\n<th>Consigli per la scelta<\/th>\n<\/tr>\n<tr>\n<td><strong>Certificazione biologica<\/strong><\/td>\n<td>Promuovere il marchio \u00abbio\u00bb<\/td>\n<\/tr>\n<tr>\n<td><strong>Metodo di stoccaggio<\/strong><\/td>\n<td>Scegliere sacchetti ermetici<\/td>\n<\/tr>\n<tr>\n<td><strong>Fonte<\/strong><\/td>\n<td>Verifica dell'origine amazzonica<\/td>\n<\/tr>\n<tr>\n<td><strong>Consistenza\/gusto<\/strong><\/td>\n<td>Cercate un gusto fruttato e acidulo<\/td>\n<\/tr>\n<\/tbody>\n<\/table>\n<h2>Domande frequenti sulla polvere di bacche di acai<\/h2>\n<div itemscope=\"\" itemtype=\"https:\/\/schema.org\/FAQPage\">\n<div itemprop=\"mainEntity\" itemscope=\"\" itemtype=\"https:\/\/schema.org\/Question\">\n<h3 itemprop=\"name\">Quali sono i principali benefici della polvere di bacche di acai?<\/h3>\n<div itemprop=\"acceptedAnswer\" itemscope=\"\" itemtype=\"https:\/\/schema.org\/Answer\">\n<div itemprop=\"text\">\n<p>La <strong>bacche di acai in polvere<\/strong> si distingue per la grande quantit\u00e0 di\u2019<strong>antiossidanti<\/strong> che aiutano a proteggere le cellule dell'organismo. Questo <strong>superalimenti<\/strong> contiene anche <strong>vitamine<\/strong> (tra cui <strong>vitamina C<\/strong>), e <strong>fibre benefiche per la digestione<\/strong> e <strong>acidi grassi insaturi<\/strong> a sostegno della salute cardiovascolare.<\/p>\n<ul>\n<li><strong>Protezione cellulare<\/strong> contro lo stress ossidativo<\/li>\n<li><strong>Supporto al sistema immunitario<\/strong><\/li>\n<li><strong>Aiuta a mantenere l'energia naturale<\/strong><\/li>\n<\/ul>\n<\/div>\n<\/div>\n<\/div>\n<div itemprop=\"mainEntity\" itemscope=\"\" itemtype=\"https:\/\/schema.org\/Question\">\n<h3 itemprop=\"name\">Come posso utilizzare la polvere di acai per godere del suo sapore fruttato\/acidulo?<\/h3>\n<div itemprop=\"acceptedAnswer\" itemscope=\"\" itemtype=\"https:\/\/schema.org\/Answer\">\n<div itemprop=\"text\">\n<p>La <strong>polvere di acai<\/strong> rivela tutte le sue <strong>gusto fruttato e piccante<\/strong> quando viene aggiunto a <strong>frullati<\/strong>, Da utilizzare nelle ciotole per la colazione, nei mueslis o nei dessert fatti in casa. Alcune idee: cospargere sullo yogurt, aggiungere alla composta o utilizzare nelle ricette di pasticceria per un tocco originale.<\/p>\n<ul>\n<li><strong>Ciotola A\u00e7a\u00ef<\/strong> con frutta e granola<\/li>\n<li><strong>Muffin al cioccolato<\/strong> e polvere di acai<\/li>\n<\/ul>\n<\/div>\n<\/div>\n<\/div>\n<div itemprop=\"mainEntity\" itemscope=\"\" itemtype=\"https:\/\/schema.org\/Question\">\n<h3 itemprop=\"name\">\u00c8 facile trovare le bacche di acai in polvere biologiche?<\/h3>\n<div itemprop=\"acceptedAnswer\" itemscope=\"\" itemtype=\"https:\/\/schema.org\/Answer\">\n<div itemprop=\"text\">\n<p>S\u00ec, \u00e8 molto facile da ordinare <strong>bacche di acai biologiche in polvere<\/strong> attraverso negozi online specializzati. I siti francesi dedicati all'alimentazione naturale, come safinel.fr, offrono un'ampia gamma di prodotti e servizi.\u2019<strong>acquisti sicuri<\/strong> con consegna rapida, rendendo facile l'inserimento di questo prodotto salutare nella dieta quotidiana.<\/p>\n<ol>\n<li>Selezionare il formato e la quantit\u00e0 richiesta<\/li>\n<li>Controllare le recensioni dei clienti e <strong>certificazione biologica<\/strong><\/li>\n<\/ol>\n<\/div>\n<\/div>\n<\/div>\n<div itemprop=\"mainEntity\" itemscope=\"\" itemtype=\"https:\/\/schema.org\/Question\">\n<h3 itemprop=\"name\">Quali precauzioni devo prendere quando acquisto la polvere di acai?<\/h3>\n<div itemprop=\"acceptedAnswer\" itemscope=\"\" itemtype=\"https:\/\/schema.org\/Answer\">\n<div itemprop=\"text\">\n<p>Ci sono alcuni punti da tenere in considerazione <strong>etichetta biologica<\/strong>, La confezione deve essere ermetica e l'origine deve essere chiaramente indicata al momento dell'ordine. La confezione deve essere ermetica e l'origine deve essere chiaramente indicata al momento dell'ordine, per garantire la freschezza del prodotto. <strong>qualit\u00e0 ottimale<\/strong> acquistato le bacche di acai in polvere.<\/p>\n<table>\n<tbody>\n<tr>\n<th>Da controllare<\/th>\n<th>Perch\u00e9<\/th>\n<\/tr>\n<tr>\n<td><strong>Etichetta \u00abBiologico\u00bb<\/strong><\/td>\n<td>Per evitare pesticidi e additivi dannosi<\/td>\n<\/tr>\n<tr>\n<td><strong>Data di scadenza<\/strong><\/td>\n<td>Massima freschezza ed efficienza<\/td>\n<\/tr>\n<\/tbody>\n<\/table>\n<\/div>\n<\/div>\n<\/div>\n<\/div>","protected":false},"excerpt":{"rendered":"<p><img decoding=\"async\" src=\"https:\/\/www.safinel.fr\/wp-content\/uploads\/2021\/06\/BANNIERE-ICONE-SAFINEL.webp\" alt=\"riassicurazione satine\" width=\"800\" height=\"200\" class=\"alignnone size-full wp-image-5091\" srcset=\"https:\/\/www.safinel.fr\/wp-content\/uploads\/2021\/06\/BANNIERE-ICONE-SAFINEL.webp 800w, https:\/\/www.safinel.fr\/wp-content\/uploads\/2021\/06\/BANNIERE-ICONE-SAFINEL-600x150.webp 600w, https:\/\/www.safinel.fr\/wp-content\/uploads\/2021\/06\/BANNIERE-ICONE-SAFINEL-768x192.webp 768w\" sizes=\"(max-width: 800px) 100vw, 800px\" \/><\/p>","protected":false},"featured_media":17341,"template":"","meta":[],"product_brand":[],"product_cat":[169],"product_tag":[],"class_list":{"0":"post-17340","1":"product","2":"type-product","3":"status-publish","4":"has-post-thumbnail","6":"product_cat-epices-du-monde","8":"first","9":"instock","10":"shipping-taxable","11":"purchasable","12":"product-type-simple"},"yoast_head":"<!-- This site is optimized with the Yoast SEO plugin v26.6 - https:\/\/yoast.com\/wordpress\/plugins\/seo\/ -->\n<title>Baie d&#039;a\u00e7a\u00ef en poudre | Bienfaits &amp; utilisations | Achat en ligne<\/title>\n<meta name=\"description\" content=\"Explorez les atouts nutritionnels de la baie d&#039;a\u00e7a\u00ef en poudre, ses usages pratiques et ses bienfaits pour votre sant\u00e9 et votre bien-\u00eatre.\" \/>\n<meta name=\"robots\" content=\"index, follow, max-snippet:-1, max-image-preview:large, max-video-preview:-1\" \/>\n<link rel=\"canonical\" href=\"https:\/\/www.safinel.fr\/it\/prodotto\/bacche-di-acai-in-polvere\/\" \/>\n<meta property=\"og:locale\" content=\"it_IT\" \/>\n<meta property=\"og:type\" content=\"article\" \/>\n<meta property=\"og:title\" content=\"Baie d&#039;a\u00e7a\u00ef en poudre | Bienfaits &amp; utilisations | Achat en ligne\" \/>\n<meta property=\"og:description\" content=\"Explorez les atouts nutritionnels de la baie d&#039;a\u00e7a\u00ef en poudre, ses usages pratiques et ses bienfaits pour votre sant\u00e9 et votre bien-\u00eatre.\" \/>\n<meta property=\"og:url\" content=\"https:\/\/www.safinel.fr\/it\/prodotto\/bacche-di-acai-in-polvere\/\" \/>\n<meta property=\"og:site_name\" content=\"Safinel\" \/>\n<meta property=\"article:modified_time\" content=\"2025-09-21T13:59:53+00:00\" \/>\n<meta property=\"og:image\" content=\"https:\/\/www.safinel.fr\/wp-content\/uploads\/2025\/09\/baie-d-acaie-en-poudre.jpg\" \/>\n\t<meta property=\"og:image:width\" content=\"600\" \/>\n\t<meta property=\"og:image:height\" content=\"600\" \/>\n\t<meta property=\"og:image:type\" content=\"image\/jpeg\" \/>\n<meta name=\"twitter:card\" content=\"summary_large_image\" \/>\n<meta name=\"twitter:label1\" content=\"Tempo di lettura stimato\" \/>\n\t<meta name=\"twitter:data1\" content=\"10 minuti\" \/>\n<script type=\"application\/ld+json\" class=\"yoast-schema-graph\">{\"@context\":\"https:\/\/schema.org\",\"@graph\":[{\"@type\":\"WebPage\",\"@id\":\"https:\/\/www.safinel.fr\/produit\/baie-d-acai-en-poudre\/\",\"url\":\"https:\/\/www.safinel.fr\/produit\/baie-d-acai-en-poudre\/\",\"name\":\"Baie d'a\u00e7a\u00ef en poudre | Bienfaits & utilisations | Achat en ligne\",\"isPartOf\":{\"@id\":\"https:\/\/www.safinel.fr\/#website\"},\"primaryImageOfPage\":{\"@id\":\"https:\/\/www.safinel.fr\/produit\/baie-d-acai-en-poudre\/#primaryimage\"},\"image\":{\"@id\":\"https:\/\/www.safinel.fr\/produit\/baie-d-acai-en-poudre\/#primaryimage\"},\"thumbnailUrl\":\"https:\/\/www.safinel.fr\/wp-content\/uploads\/2025\/09\/baie-d-acaie-en-poudre.jpg\",\"datePublished\":\"2025-09-21T13:59:35+00:00\",\"dateModified\":\"2025-09-21T13:59:53+00:00\",\"description\":\"Explorez les atouts nutritionnels de la baie d'a\u00e7a\u00ef en poudre, ses usages pratiques et ses bienfaits pour votre sant\u00e9 et votre bien-\u00eatre.\",\"breadcrumb\":{\"@id\":\"https:\/\/www.safinel.fr\/produit\/baie-d-acai-en-poudre\/#breadcrumb\"},\"inLanguage\":\"it-IT\",\"potentialAction\":[{\"@type\":\"ReadAction\",\"target\":[\"https:\/\/www.safinel.fr\/produit\/baie-d-acai-en-poudre\/\"]}]},{\"@type\":\"ImageObject\",\"inLanguage\":\"it-IT\",\"@id\":\"https:\/\/www.safinel.fr\/produit\/baie-d-acai-en-poudre\/#primaryimage\",\"url\":\"https:\/\/www.safinel.fr\/wp-content\/uploads\/2025\/09\/baie-d-acaie-en-poudre.jpg\",\"contentUrl\":\"https:\/\/www.safinel.fr\/wp-content\/uploads\/2025\/09\/baie-d-acaie-en-poudre.jpg\",\"width\":600,\"height\":600},{\"@type\":\"BreadcrumbList\",\"@id\":\"https:\/\/www.safinel.fr\/produit\/baie-d-acai-en-poudre\/#breadcrumb\",\"itemListElement\":[{\"@type\":\"ListItem\",\"position\":1,\"name\":\"Accueil\",\"item\":\"https:\/\/www.safinel.fr\/\"},{\"@type\":\"ListItem\",\"position\":2,\"name\":\"Boutique\",\"item\":\"https:\/\/www.safinel.fr\/boutique\/\"},{\"@type\":\"ListItem\",\"position\":3,\"name\":\"Baie d&#8217;aca\u00ef en poudre &#8211; 100g\"}]},{\"@type\":\"WebSite\",\"@id\":\"https:\/\/www.safinel.fr\/#website\",\"url\":\"https:\/\/www.safinel.fr\/\",\"name\":\"Safinel\",\"description\":\"\",\"publisher\":{\"@id\":\"https:\/\/www.safinel.fr\/#organization\"},\"potentialAction\":[{\"@type\":\"SearchAction\",\"target\":{\"@type\":\"EntryPoint\",\"urlTemplate\":\"https:\/\/www.safinel.fr\/?s={search_term_string}\"},\"query-input\":{\"@type\":\"PropertyValueSpecification\",\"valueRequired\":true,\"valueName\":\"search_term_string\"}}],\"inLanguage\":\"it-IT\"},{\"@type\":\"Organization\",\"@id\":\"https:\/\/www.safinel.fr\/#organization\",\"name\":\"Safinel\",\"url\":\"https:\/\/www.safinel.fr\/\",\"logo\":{\"@type\":\"ImageObject\",\"inLanguage\":\"it-IT\",\"@id\":\"https:\/\/www.safinel.fr\/#\/schema\/logo\/image\/\",\"url\":\"https:\/\/www.safinel.fr\/wp-content\/uploads\/2021\/05\/boutique-cosmetique.png\",\"contentUrl\":\"https:\/\/www.safinel.fr\/wp-content\/uploads\/2021\/05\/boutique-cosmetique.png\",\"width\":800,\"height\":200,\"caption\":\"Safinel\"},\"image\":{\"@id\":\"https:\/\/www.safinel.fr\/#\/schema\/logo\/image\/\"}}]}<\/script>\n<!-- \/ Yoast SEO plugin. -->","yoast_head_json":{"title":"Bacche di Acai in polvere | Benefici e usi | Acquista online","description":"Scoprite i benefici nutrizionali della polvere di bacche di acai, i suoi usi pratici e i suoi vantaggi per la salute e il benessere.","robots":{"index":"index","follow":"follow","max-snippet":"max-snippet:-1","max-image-preview":"max-image-preview:large","max-video-preview":"max-video-preview:-1"},"canonical":"https:\/\/www.safinel.fr\/it\/prodotto\/bacche-di-acai-in-polvere\/","og_locale":"it_IT","og_type":"article","og_title":"Baie d'a\u00e7a\u00ef en poudre | Bienfaits & utilisations | Achat en ligne","og_description":"Explorez les atouts nutritionnels de la baie d'a\u00e7a\u00ef en poudre, ses usages pratiques et ses bienfaits pour votre sant\u00e9 et votre bien-\u00eatre.","og_url":"https:\/\/www.safinel.fr\/it\/prodotto\/bacche-di-acai-in-polvere\/","og_site_name":"Safinel","article_modified_time":"2025-09-21T13:59:53+00:00","og_image":[{"width":600,"height":600,"url":"https:\/\/www.safinel.fr\/wp-content\/uploads\/2025\/09\/baie-d-acaie-en-poudre.jpg","type":"image\/jpeg"}],"twitter_card":"summary_large_image","twitter_misc":{"Tempo di lettura stimato":"10 minuti"},"schema":{"@context":"https:\/\/schema.org","@graph":[{"@type":"WebPage","@id":"https:\/\/www.safinel.fr\/produit\/baie-d-acai-en-poudre\/","url":"https:\/\/www.safinel.fr\/produit\/baie-d-acai-en-poudre\/","name":"Bacche di Acai in polvere | Benefici e usi | Acquista online","isPartOf":{"@id":"https:\/\/www.safinel.fr\/#website"},"primaryImageOfPage":{"@id":"https:\/\/www.safinel.fr\/produit\/baie-d-acai-en-poudre\/#primaryimage"},"image":{"@id":"https:\/\/www.safinel.fr\/produit\/baie-d-acai-en-poudre\/#primaryimage"},"thumbnailUrl":"https:\/\/www.safinel.fr\/wp-content\/uploads\/2025\/09\/baie-d-acaie-en-poudre.jpg","datePublished":"2025-09-21T13:59:35+00:00","dateModified":"2025-09-21T13:59:53+00:00","description":"Scoprite i benefici nutrizionali della polvere di bacche di acai, i suoi usi pratici e i suoi vantaggi per la salute e il benessere.","breadcrumb":{"@id":"https:\/\/www.safinel.fr\/produit\/baie-d-acai-en-poudre\/#breadcrumb"},"inLanguage":"it-IT","potentialAction":[{"@type":"ReadAction","target":["https:\/\/www.safinel.fr\/produit\/baie-d-acai-en-poudre\/"]}]},{"@type":"ImageObject","inLanguage":"it-IT","@id":"https:\/\/www.safinel.fr\/produit\/baie-d-acai-en-poudre\/#primaryimage","url":"https:\/\/www.safinel.fr\/wp-content\/uploads\/2025\/09\/baie-d-acaie-en-poudre.jpg","contentUrl":"https:\/\/www.safinel.fr\/wp-content\/uploads\/2025\/09\/baie-d-acaie-en-poudre.jpg","width":600,"height":600},{"@type":"BreadcrumbList","@id":"https:\/\/www.safinel.fr\/produit\/baie-d-acai-en-poudre\/#breadcrumb","itemListElement":[{"@type":"ListItem","position":1,"name":"Accueil","item":"https:\/\/www.safinel.fr\/"},{"@type":"ListItem","position":2,"name":"Boutique","item":"https:\/\/www.safinel.fr\/boutique\/"},{"@type":"ListItem","position":3,"name":"Baie d&#8217;aca\u00ef en poudre &#8211; 100g"}]},{"@type":"WebSite","@id":"https:\/\/www.safinel.fr\/#website","url":"https:\/\/www.safinel.fr\/","name":"Safinel","description":"","publisher":{"@id":"https:\/\/www.safinel.fr\/#organization"},"potentialAction":[{"@type":"SearchAction","target":{"@type":"EntryPoint","urlTemplate":"https:\/\/www.safinel.fr\/?s={search_term_string}"},"query-input":{"@type":"PropertyValueSpecification","valueRequired":true,"valueName":"search_term_string"}}],"inLanguage":"it-IT"},{"@type":"Organization","@id":"https:\/\/www.safinel.fr\/#organization","name":"Safinel","url":"https:\/\/www.safinel.fr\/","logo":{"@type":"ImageObject","inLanguage":"it-IT","@id":"https:\/\/www.safinel.fr\/#\/schema\/logo\/image\/","url":"https:\/\/www.safinel.fr\/wp-content\/uploads\/2021\/05\/boutique-cosmetique.png","contentUrl":"https:\/\/www.safinel.fr\/wp-content\/uploads\/2021\/05\/boutique-cosmetique.png","width":800,"height":200,"caption":"Safinel"},"image":{"@id":"https:\/\/www.safinel.fr\/#\/schema\/logo\/image\/"}}]}},"_links":{"self":[{"href":"https:\/\/www.safinel.fr\/it\/wp-json\/wp\/v2\/product\/17340","targetHints":{"allow":["GET"]}}],"collection":[{"href":"https:\/\/www.safinel.fr\/it\/wp-json\/wp\/v2\/product"}],"about":[{"href":"https:\/\/www.safinel.fr\/it\/wp-json\/wp\/v2\/types\/product"}],"wp:featuredmedia":[{"embeddable":true,"href":"https:\/\/www.safinel.fr\/it\/wp-json\/wp\/v2\/media\/17341"}],"wp:attachment":[{"href":"https:\/\/www.safinel.fr\/it\/wp-json\/wp\/v2\/media?parent=17340"}],"wp:term":[{"taxonomy":"product_brand","embeddable":true,"href":"https:\/\/www.safinel.fr\/it\/wp-json\/wp\/v2\/product_brand?post=17340"},{"taxonomy":"product_cat","embeddable":true,"href":"https:\/\/www.safinel.fr\/it\/wp-json\/wp\/v2\/product_cat?post=17340"},{"taxonomy":"product_tag","embeddable":true,"href":"https:\/\/www.safinel.fr\/it\/wp-json\/wp\/v2\/product_tag?post=17340"}],"curies":[{"name":"wp","href":"https:\/\/api.w.org\/{rel}","templated":true}]}}