{"id":17016,"date":"2025-07-25T18:19:22","date_gmt":"2025-07-25T18:19:22","guid":{"rendered":"https:\/\/www.safinel.fr\/?post_type=product&#038;p=17016"},"modified":"2025-08-13T10:40:40","modified_gmt":"2025-08-13T10:40:40","slug":"lattuga-di-mare","status":"publish","type":"product","link":"https:\/\/www.safinel.fr\/it\/prodotto\/lattuga-di-mare\/","title":{"rendered":"Lattuga di mare (ulva lactuca essiccata) - 50 g"},"content":{"rendered":"<p>La&nbsp;<strong>lattuga di mare essiccata<\/strong> si sta affermando come una stella crescente nel mondo dei superalimenti. Questo <strong>alghe alimentari<\/strong>, conosciuto anche come <strong>Ulva lactuca<\/strong>, La ricchezza di sostanze nutritive, il delicato sapore di iodio e la versatilit\u00e0 in cucina ne fanno una scelta irresistibile. Da un <strong>raccolta selvatica<\/strong> o a volte fatto a mano sulle coste bretoni o francesi, si presenta spesso sotto forma di <strong>paillettes<\/strong> o in fiocchi per un facile utilizzo quotidiano. Scoprire la lattuga di mare disidratata apre le porte a nuove ispirazioni culinarie e a numerosi benefici per la salute.<\/p>\n<h2>Ritratto di lattuga di mare essiccata<\/h2>\n<p>L\u2019<strong>Ulva lactuca<\/strong>, conosciuto come <strong>lattuga di mare<\/strong>, \u00e8 un tipo di alga verde molto apprezzata per il suo sapore delicato ma pronunciato, che ricorda sottilmente lo spruzzo del mare. Fresca, \u00e8 fragile e difficile da conservare. <strong>essiccato o disidratato<\/strong>, La scatola contiene tutto, ma allo stesso tempo \u00e8 estremamente pratica da conservare e utilizzare.<\/p>\n<p>Il suo <strong>verde brillante<\/strong> mantiene il suo sapore vivace anche dopo la lavorazione e la sua consistenza croccante \u00e8 un'ottima aggiunta a molti piatti. Se il\u2019<strong>origine Bretagna o Francia<\/strong> A garanzia della qualit\u00e0, sono presenti anche varianti provenienti da altri bacini rinomati per la purezza delle loro acque. Il <strong>asciugatura<\/strong> conserva intatti i minerali, gli oligoelementi e le vitamine naturalmente presenti in questa alga commestibile.<\/p>\n<h2>Eccezionale composizione nutrizionale<\/h2>\n<p>Oltre al gusto, il <strong>lattuga di mare disidratata<\/strong> \u00e8 un vero e proprio concentrato di micronutrienti benefici. In particolare, \u00e8 una preziosa fonte di <strong>proteine vegetali<\/strong>, Questo ha attirato l'attenzione di chi vuole diversificare la propria dieta senza carne. Il suo <strong>ricco di ferro<\/strong> e magnesio contribuiscono all'equilibrio nutrizionale, mentre il suo elevato apporto di <strong>calcio<\/strong> si rivolge agli appassionati di una dieta sana ed equilibrata.<\/p>\n<ul>\n<li><strong>Ferro<\/strong> Favorisce il trasporto di ossigeno e combatte la stanchezza.<\/li>\n<li><strong>Calcio<\/strong> Favorisce la vitalit\u00e0 delle ossa e dei denti.<\/li>\n<li><strong>Magnesio<\/strong> Aiuta a mantenere l'equilibrio nervoso e muscolare.<\/li>\n<li><strong>Vitamine A, B12, C, E e K<\/strong> Sono coinvolti nell'immunit\u00e0, nell'energia e nella protezione delle cellule.<\/li>\n<li><strong>Proteine<\/strong> Ideale per diete vegetariane o vegane.<\/li>\n<\/ul>\n<p>Questo profilo unico rende <strong>lattuga di mare<\/strong> un alleato prezioso per soddisfare alcune esigenze dell'organismo, soprattutto se si punta a un'alimentazione naturale e biologica. Esistono alcune differenze notevoli tra la versione essiccata e quella fresca, legate soprattutto alla concentrazione dei nutrienti dovuta alla perdita di acqua durante la disidratazione. Per scoprire l'ampia gamma di prodotti offerti per la lattuga di mare e altri prodotti ittici, pu\u00f2 essere utile dare un'occhiata a <strong><a href=\"https:\/\/www.tresors-des-mers.com\/\" target=\"_blank\" rel=\"noopener\">negozio di tesori sul mare<\/a><\/strong>.<\/p>\n<h2>Focus sui benefici per la salute<\/h2>\n<p>Consumo regolare di <strong>lattuga di mare essiccata<\/strong> ha molti effetti positivi sul corpo umano. Svolge un ruolo attivo nel <a href=\"https:\/\/www.safinel.fr\/it\/prodotto\/muschio-marino-muschio-marino\/\"><strong>rimineralizzazione<\/strong><\/a>, facilitato dall'alto tasso di <strong>calcio<\/strong> e <strong>magnesio<\/strong>-due minerali essenziali spesso carenti nella dieta moderna. Ne possono beneficiare soprattutto gli sportivi, le donne in gravidanza e gli anziani.<\/p>\n<p>Oltre a favorire il recupero muscolare, questo <strong>alghe secche<\/strong> aiuta a prevenire l'anemia grazie al suo contenuto di <strong>ferro biodisponibile<\/strong>. Fornisce una spinta naturale alla digestione, grazie al suo effetto prebiotico, che aiuta a bilanciare il microbiota intestinale.<\/p>\n<h3>Confronto nutrizionale: lattuga di mare vs. altre alghe<\/h3>\n<p>Ciascuno <strong>alghe alimentari<\/strong> offre un profilo diverso e il <strong>lattuga di mare<\/strong> non fa eccezione alla regola. Rispetto alla wakame o alla dulse, ad esempio, presenta spesso una maggiore concentrazione di <strong>vitamina C<\/strong> e in <strong>magnesio<\/strong>. Ecco un'utile tabella di confronto:<\/p>\n<table border=\"1\">\n<tbody>\n<tr>\n<th>Alghe<\/th>\n<th>Proteine (%)<\/th>\n<th>Ferro (mg\/100g)<\/th>\n<th>Calcio (mg\/100g)<\/th>\n<th>Magnesio (mg\/100g)<\/th>\n<\/tr>\n<tr>\n<td>Lattuga di mare (essiccata)<\/td>\n<td>18<\/td>\n<td>82<\/td>\n<td>490<\/td>\n<td>420<\/td>\n<\/tr>\n<tr>\n<td>Dulse<\/td>\n<td>21<\/td>\n<td>33<\/td>\n<td>150<\/td>\n<td>300<\/td>\n<\/tr>\n<tr>\n<td>Wakam\u00e9<\/td>\n<td>17<\/td>\n<td>2,2<\/td>\n<td>140<\/td>\n<td>107<\/td>\n<\/tr>\n<\/tbody>\n<\/table>\n<p>Esiste quindi una reale superiorit\u00e0 di <strong>lattuga di mare<\/strong> su determinati minerali e proteine. Questo tipo di confronto vi aiuta a fare scelte consapevoli in base alle vostre esigenze specifiche.<\/p>\n<h2>Come si pu\u00f2 utilizzare la lattuga di mare disidratata in cucina?<\/h2>\n<p>Grazie al suo confezionamento in <strong>paillettes<\/strong> o <strong>fiocchi<\/strong>, il <strong>lattuga di mare essiccata<\/strong> ha il vantaggio di poter essere facilmente incorporato in diverse preparazioni. Se lo si immerge in acqua per qualche minuto, riacquista la sua consistenza morbida, ideale per essere aggiunto a una variet\u00e0 di piatti. <strong>insalate miste<\/strong>, tartara di verdure, poke bowl e vinaigrette fatte in casa.<\/p>\n<p>Le <strong>aspersione diretta<\/strong> su zuppe, frittate o pesce alla griglia intensifica immediatamente i sapori marini senza bisogno di lunghe preparazioni. Alcuni amano inserirlo in pani o dolci fatti in casa, per aggiungere un tocco di originalit\u00e0 godendo del suo sapore. <strong>ricchezza nutrizionale<\/strong>.<\/p>\n<h3>Consigli pratici su come sfruttare al meglio i suoi sapori<\/h3>\n<p>Per chi \u00e8 nuovo a questo <strong>alghe alimentari<\/strong>, \u00c8 meglio iniziare con piccole quantit\u00e0 e regolare gradualmente in base alle preferenze. Il <strong>lattuga di mare essiccata<\/strong> da un <strong>selvatici o raccolti a mano<\/strong> \u00e8 spesso pi\u00f9 profumata e ha un approccio ecologico apprezzabile.<\/p>\n<ul>\n<li>Cospargere su avocado o tofu grigliato.<\/li>\n<li>Mescolare con i semi nelle palline energetiche.<\/li>\n<li>Utilizzare nell'impanatura del pesce bianco per ottenere una consistenza sorprendentemente croccante.<\/li>\n<li>Aggiungere all'impasto delle cr\u00eape o alle crostate salate per un tocco di mare.<\/li>\n<\/ul>\n<p><strong>Acquisto online<\/strong> Negozi specializzati come safinel.fr offrono un facile accesso a questi prodotti eccezionali, permettendo di scoprire pacchetti biologici provenienti da ambienti protetti della costa atlantica.<\/p>\n<h2>Guida all'acquisto e consigli per la conservazione<\/h2>\n<p>Scegliere un <strong>lattuga di mare essiccata<\/strong> qualit\u00e0 richiede attenzione alla\u2019<strong>origine<\/strong> (Bretagna, Francia, famose zone costiere), con la dicitura \u00ab.\u00ab <strong>biologico<\/strong> \u00bbL'approccio \"puro\", cos\u00ec come il metodo di <strong>raccolto<\/strong> (le alghe raccolte a mano sono apprezzate). Il confezionamento ermetico garantisce una maggiore durata di conservazione, poich\u00e9 l'alga deve rimanere asciutta per evitare di perdere la sua freschezza o di sviluppare un'amarezza non abituale.<\/p>\n<p>Se conservato in un luogo fresco e asciutto, il <strong>lattuga di mare<\/strong> pu\u00f2 essere conservato per diversi mesi preservando le sue propriet\u00e0. Per sfruttare al meglio tutte le sue note aromatiche, \u00e8 meglio consumarlo il prima possibile dopo l'apertura della bustina.<\/p>\n<div itemscope itemtype=\"https:\/\/schema.org\/FAQPage\">\n<h2>Domande frequenti sulla lattuga di mare essiccata<\/h2>\n<div itemprop=\"mainEntity\" itemscope itemtype=\"https:\/\/schema.org\/Question\">\n<h3 itemprop=\"name\">Dove posso acquistare la lattuga di mare essiccata biologica pescata in natura?<\/h3>\n<div itemprop=\"acceptedAnswer\" itemscope itemtype=\"https:\/\/schema.org\/Answer\">\n<p itemprop=\"text\">La <strong>lattuga di mare essiccata<\/strong> \u00e8 disponibile nei negozi di alimentari biologici, nei negozi specializzati in prodotti ittici e sulle piattaforme di e-commerce dedicate agli alimenti naturali. Scegliete quelli che indicano chiaramente un <strong>Origine francese<\/strong> (in particolare la Bretagna), cos\u00ec come la \u00ab&nbsp;<strong>biologico<\/strong>&nbsp;\u00bbe\u00ab&nbsp;<strong>raccolta a mano<\/strong>&nbsp;\u00bbUna garanzia di qualit\u00e0 e di rispetto per l'ambiente\".<\/p>\n<ul>\n<li>Siti web specializzati in <strong>alghe commestibili<\/strong><\/li>\n<li>Sezioni biologiche nei supermercati<\/li>\n<li>Mercati locali in riva al mare<\/li>\n<\/ul><\/div>\n<\/p><\/div>\n<div itemprop=\"mainEntity\" itemscope itemtype=\"https:\/\/schema.org\/Question\">\n<h3 itemprop=\"name\">Quali sono i benefici specifici per la salute dell'ulva lactuca essiccata?<\/h3>\n<div itemprop=\"acceptedAnswer\" itemscope itemtype=\"https:\/\/schema.org\/Answer\">\n<p itemprop=\"text\">L\u2019<strong>ulva lactuca<\/strong> (o <strong>lattuga di mare<\/strong>) \u00e8 ricco di <strong>minerali essenziali<\/strong> (ferro, calcio, magnesio), oltre a <strong>vitamine<\/strong> e <strong>proteine vegetali<\/strong>. Sostiene la vitalit\u00e0, rafforza le difese immunitarie e favorisce la rimineralizzazione. \u00c8 un alleato particolarmente interessante per chi segue una dieta a base vegetale.<\/p>\n<table>\n<thead>\n<tr>\n<th>Nutriente<\/th>\n<th>Assunzione media (per 10 g di prodotto essiccato)<\/th>\n<\/tr>\n<\/thead>\n<tbody>\n<tr>\n<td>Ferro<\/td>\n<td>8,2 mg<\/td>\n<\/tr>\n<tr>\n<td>Calcio<\/td>\n<td>49 mg<\/td>\n<\/tr>\n<tr>\n<td>Vitamina C<\/td>\n<td>2,1 mg<\/td>\n<\/tr>\n<tr>\n<td>Proteine<\/td>\n<td>1,8 g<\/td>\n<\/tr>\n<\/tbody>\n<\/table><\/div>\n<\/p><\/div>\n<div itemprop=\"mainEntity\" itemscope itemtype=\"https:\/\/schema.org\/Question\">\n<h3 itemprop=\"name\">Come cucinare facilmente la lattuga di mare disidratata?<\/h3>\n<div itemprop=\"acceptedAnswer\" itemscope itemtype=\"https:\/\/schema.org\/Answer\">\n<p itemprop=\"text\">Per trarre vantaggio dalla <strong>lattuga di mare<\/strong>, \u00c8 sufficiente reidratarlo per qualche minuto prima di aggiungerlo alle vostre ricette. Si abbina perfettamente con <strong>insalate, tartare, quiche<\/strong>, o utilizzato come <strong>cimatura<\/strong> su piatti caldi. In fiocchi o scaglie, pu\u00f2 essere facilmente aggiunto a zuppe, pur\u00e8 o uova strapazzate.<\/p>\n<ol>\n<li>Mettere un cucchiaio in acqua fredda per 5 minuti.<\/li>\n<li>Scolare e mescolare nel piatto.<\/li>\n<li>Idee di abbinamento: gamberetti, avocado, cereali, fromage frais, ecc.<\/li>\n<\/ol><\/div>\n<\/p><\/div>\n<div itemprop=\"mainEntity\" itemscope itemtype=\"https:\/\/schema.org\/Question\">\n<h3 itemprop=\"name\">Ci sono restrizioni nel consumo di lattuga di mare essiccata?<\/h3>\n<div itemprop=\"acceptedAnswer\" itemscope itemtype=\"https:\/\/schema.org\/Answer\">\n<p itemprop=\"text\">La <strong>lattuga di mare<\/strong> \u00e8 adatto alla maggior parte delle persone. Tuttavia, a causa della sua elevata <strong>Iodio<\/strong>, Tuttavia, deve essere consumato con moderazione da chi soffre di problemi alla tiroide o segue una dieta a basso contenuto di sale. Un eccesso occasionale pu\u00f2 causare problemi digestivi o un sovraccarico di minerali.<\/p>\n<ul>\n<li>Limitare il consumo a 1 o 2 cucchiai al giorno.<\/li>\n<li>In caso di dubbi medici, consultare un medico.<\/li>\n<\/ul><\/div>\n<\/p><\/div>\n<\/div>","protected":false},"excerpt":{"rendered":"<p><strong>Scegliere<\/strong> per lattuga di mare essiccata 50g. Questa alga <strong>ricco<\/strong> nei nutrienti aggiunge un tocco di mare <strong>delicato<\/strong> a tutte le vostre preparazioni culinarie.<\/p>","protected":false},"featured_media":17017,"template":"","meta":[],"product_brand":[],"product_cat":[44],"product_tag":[],"class_list":{"0":"post-17016","1":"product","2":"type-product","3":"status-publish","4":"has-post-thumbnail","6":"product_cat-epices","8":"first","9":"instock","10":"shipping-taxable","11":"purchasable","12":"product-type-simple"},"yoast_head":"<!-- This site is optimized with the Yoast SEO plugin v26.6 - https:\/\/yoast.com\/wordpress\/plugins\/seo\/ -->\n<title>Laitue de mer s\u00e9ch\u00e9e \u00e0 l&#039;achat | Bienfaits et recettes en cuisine<\/title>\n<meta name=\"description\" content=\"D\u00e9couvrez la laitue de mer s\u00e9ch\u00e9e, un superaliment riche en nutriments. Apprenez ses bienfaits pour la sant\u00e9 et comment l&#039;utiliser en cuisine.\" \/>\n<meta name=\"robots\" content=\"index, follow, max-snippet:-1, max-image-preview:large, max-video-preview:-1\" \/>\n<link rel=\"canonical\" href=\"https:\/\/www.safinel.fr\/it\/prodotto\/lattuga-di-mare\/\" \/>\n<meta property=\"og:locale\" content=\"it_IT\" \/>\n<meta property=\"og:type\" content=\"article\" \/>\n<meta property=\"og:title\" content=\"Laitue de mer s\u00e9ch\u00e9e \u00e0 l&#039;achat | Bienfaits et recettes en cuisine\" \/>\n<meta property=\"og:description\" content=\"D\u00e9couvrez la laitue de mer s\u00e9ch\u00e9e, un superaliment riche en nutriments. Apprenez ses bienfaits pour la sant\u00e9 et comment l&#039;utiliser en cuisine.\" \/>\n<meta property=\"og:url\" content=\"https:\/\/www.safinel.fr\/it\/prodotto\/lattuga-di-mare\/\" \/>\n<meta property=\"og:site_name\" content=\"Safinel\" \/>\n<meta property=\"article:modified_time\" content=\"2025-08-13T10:40:40+00:00\" \/>\n<meta property=\"og:image\" content=\"https:\/\/www.safinel.fr\/wp-content\/uploads\/2025\/07\/laitue-de-mer.jpg\" \/>\n\t<meta property=\"og:image:width\" content=\"600\" \/>\n\t<meta property=\"og:image:height\" content=\"600\" \/>\n\t<meta property=\"og:image:type\" content=\"image\/jpeg\" \/>\n<meta name=\"twitter:card\" content=\"summary_large_image\" \/>\n<meta name=\"twitter:label1\" content=\"Tempo di lettura stimato\" \/>\n\t<meta name=\"twitter:data1\" content=\"9 minuti\" \/>\n<script type=\"application\/ld+json\" class=\"yoast-schema-graph\">{\"@context\":\"https:\/\/schema.org\",\"@graph\":[{\"@type\":\"WebPage\",\"@id\":\"https:\/\/www.safinel.fr\/produit\/laitue-de-mer\/\",\"url\":\"https:\/\/www.safinel.fr\/produit\/laitue-de-mer\/\",\"name\":\"Laitue de mer s\u00e9ch\u00e9e \u00e0 l'achat | Bienfaits et recettes en cuisine\",\"isPartOf\":{\"@id\":\"https:\/\/www.safinel.fr\/#website\"},\"primaryImageOfPage\":{\"@id\":\"https:\/\/www.safinel.fr\/produit\/laitue-de-mer\/#primaryimage\"},\"image\":{\"@id\":\"https:\/\/www.safinel.fr\/produit\/laitue-de-mer\/#primaryimage\"},\"thumbnailUrl\":\"https:\/\/www.safinel.fr\/wp-content\/uploads\/2025\/07\/laitue-de-mer.jpg\",\"datePublished\":\"2025-07-25T18:19:22+00:00\",\"dateModified\":\"2025-08-13T10:40:40+00:00\",\"description\":\"D\u00e9couvrez la laitue de mer s\u00e9ch\u00e9e, un superaliment riche en nutriments. Apprenez ses bienfaits pour la sant\u00e9 et comment l'utiliser en cuisine.\",\"breadcrumb\":{\"@id\":\"https:\/\/www.safinel.fr\/produit\/laitue-de-mer\/#breadcrumb\"},\"inLanguage\":\"it-IT\",\"potentialAction\":[{\"@type\":\"ReadAction\",\"target\":[\"https:\/\/www.safinel.fr\/produit\/laitue-de-mer\/\"]}]},{\"@type\":\"ImageObject\",\"inLanguage\":\"it-IT\",\"@id\":\"https:\/\/www.safinel.fr\/produit\/laitue-de-mer\/#primaryimage\",\"url\":\"https:\/\/www.safinel.fr\/wp-content\/uploads\/2025\/07\/laitue-de-mer.jpg\",\"contentUrl\":\"https:\/\/www.safinel.fr\/wp-content\/uploads\/2025\/07\/laitue-de-mer.jpg\",\"width\":600,\"height\":600,\"caption\":\"Laitue de mer (ulva lactuca s\u00e9ch\u00e9e)\"},{\"@type\":\"BreadcrumbList\",\"@id\":\"https:\/\/www.safinel.fr\/produit\/laitue-de-mer\/#breadcrumb\",\"itemListElement\":[{\"@type\":\"ListItem\",\"position\":1,\"name\":\"Accueil\",\"item\":\"https:\/\/www.safinel.fr\/\"},{\"@type\":\"ListItem\",\"position\":2,\"name\":\"Boutique\",\"item\":\"https:\/\/www.safinel.fr\/boutique\/\"},{\"@type\":\"ListItem\",\"position\":3,\"name\":\"Laitue de mer (ulva lactuca s\u00e9ch\u00e9e) &#8211; 50g\"}]},{\"@type\":\"WebSite\",\"@id\":\"https:\/\/www.safinel.fr\/#website\",\"url\":\"https:\/\/www.safinel.fr\/\",\"name\":\"Safinel\",\"description\":\"\",\"publisher\":{\"@id\":\"https:\/\/www.safinel.fr\/#organization\"},\"potentialAction\":[{\"@type\":\"SearchAction\",\"target\":{\"@type\":\"EntryPoint\",\"urlTemplate\":\"https:\/\/www.safinel.fr\/?s={search_term_string}\"},\"query-input\":{\"@type\":\"PropertyValueSpecification\",\"valueRequired\":true,\"valueName\":\"search_term_string\"}}],\"inLanguage\":\"it-IT\"},{\"@type\":\"Organization\",\"@id\":\"https:\/\/www.safinel.fr\/#organization\",\"name\":\"Safinel\",\"url\":\"https:\/\/www.safinel.fr\/\",\"logo\":{\"@type\":\"ImageObject\",\"inLanguage\":\"it-IT\",\"@id\":\"https:\/\/www.safinel.fr\/#\/schema\/logo\/image\/\",\"url\":\"https:\/\/www.safinel.fr\/wp-content\/uploads\/2021\/05\/boutique-cosmetique.png\",\"contentUrl\":\"https:\/\/www.safinel.fr\/wp-content\/uploads\/2021\/05\/boutique-cosmetique.png\",\"width\":800,\"height\":200,\"caption\":\"Safinel\"},\"image\":{\"@id\":\"https:\/\/www.safinel.fr\/#\/schema\/logo\/image\/\"}}]}<\/script>\n<!-- \/ Yoast SEO plugin. -->","yoast_head_json":{"title":"Acquistare lattuga di mare essiccata | Benefici e ricette in cucina","description":"Scoprite la lattuga di mare essiccata, un superfood ricco di sostanze nutritive. Scoprite i suoi benefici per la salute e come utilizzarla in cucina.","robots":{"index":"index","follow":"follow","max-snippet":"max-snippet:-1","max-image-preview":"max-image-preview:large","max-video-preview":"max-video-preview:-1"},"canonical":"https:\/\/www.safinel.fr\/it\/prodotto\/lattuga-di-mare\/","og_locale":"it_IT","og_type":"article","og_title":"Laitue de mer s\u00e9ch\u00e9e \u00e0 l'achat | Bienfaits et recettes en cuisine","og_description":"D\u00e9couvrez la laitue de mer s\u00e9ch\u00e9e, un superaliment riche en nutriments. Apprenez ses bienfaits pour la sant\u00e9 et comment l'utiliser en cuisine.","og_url":"https:\/\/www.safinel.fr\/it\/prodotto\/lattuga-di-mare\/","og_site_name":"Safinel","article_modified_time":"2025-08-13T10:40:40+00:00","og_image":[{"width":600,"height":600,"url":"https:\/\/www.safinel.fr\/wp-content\/uploads\/2025\/07\/laitue-de-mer.jpg","type":"image\/jpeg"}],"twitter_card":"summary_large_image","twitter_misc":{"Tempo di lettura stimato":"9 minuti"},"schema":{"@context":"https:\/\/schema.org","@graph":[{"@type":"WebPage","@id":"https:\/\/www.safinel.fr\/produit\/laitue-de-mer\/","url":"https:\/\/www.safinel.fr\/produit\/laitue-de-mer\/","name":"Acquistare lattuga di mare essiccata | Benefici e ricette in cucina","isPartOf":{"@id":"https:\/\/www.safinel.fr\/#website"},"primaryImageOfPage":{"@id":"https:\/\/www.safinel.fr\/produit\/laitue-de-mer\/#primaryimage"},"image":{"@id":"https:\/\/www.safinel.fr\/produit\/laitue-de-mer\/#primaryimage"},"thumbnailUrl":"https:\/\/www.safinel.fr\/wp-content\/uploads\/2025\/07\/laitue-de-mer.jpg","datePublished":"2025-07-25T18:19:22+00:00","dateModified":"2025-08-13T10:40:40+00:00","description":"Scoprite la lattuga di mare essiccata, un superfood ricco di sostanze nutritive. Scoprite i suoi benefici per la salute e come utilizzarla in cucina.","breadcrumb":{"@id":"https:\/\/www.safinel.fr\/produit\/laitue-de-mer\/#breadcrumb"},"inLanguage":"it-IT","potentialAction":[{"@type":"ReadAction","target":["https:\/\/www.safinel.fr\/produit\/laitue-de-mer\/"]}]},{"@type":"ImageObject","inLanguage":"it-IT","@id":"https:\/\/www.safinel.fr\/produit\/laitue-de-mer\/#primaryimage","url":"https:\/\/www.safinel.fr\/wp-content\/uploads\/2025\/07\/laitue-de-mer.jpg","contentUrl":"https:\/\/www.safinel.fr\/wp-content\/uploads\/2025\/07\/laitue-de-mer.jpg","width":600,"height":600,"caption":"Laitue de mer (ulva lactuca s\u00e9ch\u00e9e)"},{"@type":"BreadcrumbList","@id":"https:\/\/www.safinel.fr\/produit\/laitue-de-mer\/#breadcrumb","itemListElement":[{"@type":"ListItem","position":1,"name":"Accueil","item":"https:\/\/www.safinel.fr\/"},{"@type":"ListItem","position":2,"name":"Boutique","item":"https:\/\/www.safinel.fr\/boutique\/"},{"@type":"ListItem","position":3,"name":"Laitue de mer (ulva lactuca s\u00e9ch\u00e9e) &#8211; 50g"}]},{"@type":"WebSite","@id":"https:\/\/www.safinel.fr\/#website","url":"https:\/\/www.safinel.fr\/","name":"Safinel","description":"","publisher":{"@id":"https:\/\/www.safinel.fr\/#organization"},"potentialAction":[{"@type":"SearchAction","target":{"@type":"EntryPoint","urlTemplate":"https:\/\/www.safinel.fr\/?s={search_term_string}"},"query-input":{"@type":"PropertyValueSpecification","valueRequired":true,"valueName":"search_term_string"}}],"inLanguage":"it-IT"},{"@type":"Organization","@id":"https:\/\/www.safinel.fr\/#organization","name":"Safinel","url":"https:\/\/www.safinel.fr\/","logo":{"@type":"ImageObject","inLanguage":"it-IT","@id":"https:\/\/www.safinel.fr\/#\/schema\/logo\/image\/","url":"https:\/\/www.safinel.fr\/wp-content\/uploads\/2021\/05\/boutique-cosmetique.png","contentUrl":"https:\/\/www.safinel.fr\/wp-content\/uploads\/2021\/05\/boutique-cosmetique.png","width":800,"height":200,"caption":"Safinel"},"image":{"@id":"https:\/\/www.safinel.fr\/#\/schema\/logo\/image\/"}}]}},"_links":{"self":[{"href":"https:\/\/www.safinel.fr\/it\/wp-json\/wp\/v2\/product\/17016","targetHints":{"allow":["GET"]}}],"collection":[{"href":"https:\/\/www.safinel.fr\/it\/wp-json\/wp\/v2\/product"}],"about":[{"href":"https:\/\/www.safinel.fr\/it\/wp-json\/wp\/v2\/types\/product"}],"wp:featuredmedia":[{"embeddable":true,"href":"https:\/\/www.safinel.fr\/it\/wp-json\/wp\/v2\/media\/17017"}],"wp:attachment":[{"href":"https:\/\/www.safinel.fr\/it\/wp-json\/wp\/v2\/media?parent=17016"}],"wp:term":[{"taxonomy":"product_brand","embeddable":true,"href":"https:\/\/www.safinel.fr\/it\/wp-json\/wp\/v2\/product_brand?post=17016"},{"taxonomy":"product_cat","embeddable":true,"href":"https:\/\/www.safinel.fr\/it\/wp-json\/wp\/v2\/product_cat?post=17016"},{"taxonomy":"product_tag","embeddable":true,"href":"https:\/\/www.safinel.fr\/it\/wp-json\/wp\/v2\/product_tag?post=17016"}],"curies":[{"name":"wp","href":"https:\/\/api.w.org\/{rel}","templated":true}]}}