{"id":1680,"date":"2022-07-06T23:41:08","date_gmt":"2022-07-06T23:41:08","guid":{"rendered":"https:\/\/www.safinel.fr\/?post_type=product&#038;p=1680"},"modified":"2023-12-28T17:15:20","modified_gmt":"2023-12-28T17:15:20","slug":"giogo","status":"publish","type":"product","link":"https:\/\/www.safinel.fr\/it\/prodotto\/giogo\/","title":{"rendered":"Olio Yokebe"},"content":{"rendered":"<p>Vi manca la fiducia in voi stessi? Avete bisogno di sentirvi bene con voi stessi? La vostra boutique vuole il meglio per voi! E sappiamo che non \u00e8 raro che le persone sognino di avere la famosa figura 8...<strong>\u00a0Seno grande<\/strong>\u00a0e\u00a0<strong>natiche grandi<\/strong>, \u00e8 il momento di incontrare il\u2019<strong>Olio Yokebe<\/strong>\u00a0!<\/p>\n<h2><strong>Incontrare l'olio Yokebe\u00a0<\/strong><\/h2>\n<p>Avete mai sentito parlare del famoso<strong>\u00a0Olio Yokebe<\/strong>\u00a0? Si trova anche sotto l'ortografia\u00a0<strong>Yokobe<\/strong>. Se non l'avete ancora fatto, la vostra boutique Safinel vuole fare un po' di chiarezza sull'argomento! Preparatevi, stiamo per parlare di curve e di<strong>\u00a0forme generose<\/strong>\u00a0!<\/p>\n<p>\u00c8 vero che l'aspetto esteriore gioca un ruolo fondamentale nella fiducia in se stessi, dai capelli setosi alla\u00a0<strong>corpo da sogno<\/strong>, Il fisico \u00e8 al centro del dibattito. Ecco perch\u00e9 vorremmo farvi scoprire l'olio Yokebe!<\/p>\n<p>Quest'ultimo \u00e8 un<strong>\u00a0olio naturale<\/strong>\u00a0a base di estratti vegetali. Originario dell'Africa nera, si trova soprattutto in Costa d'Avorio, ma ha conquistato anche i paesi del Nord Africa. E fino all'Occidente.<\/p>\n<h2><strong>Olio di giogo per il piacere delle signore\u00a0<\/strong><\/h2>\n<p>Se l'aspetto esteriore \u00e8 talvolta un problema, probabilmente \u00e8 arrivato il momento di conoscere Yokebe. Scoprite il\u00a0<strong><a href=\"https:\/\/www.safinel.fr\/it\/prodotto\/supposte-di-giogo\/\">supposte di giogo<\/a>\u00a0<\/strong>per de\u00a0<strong>natiche grandi<\/strong>, Signore, preparatevi a curve voluttuose. Sia in olio che in supposte, Yokebe \u00e8 noto per aiutare le donne a ottenere figure pi\u00f9 grandi e armoniose.<\/p>\n<p>Per fianchi, polpacci e glutei \u00e8 la soluzione ideale.<strong>\u00a0prodotto naturale\u00a0<\/strong>potrebbe essere la soluzione miracolosa che stavate aspettando!<\/p>\n<p>Avete sempre sognato di avere\u00a0<strong>glutei generosi<\/strong>\u00a0? E se la soluzione fosse in questo olio? \u00c8 il momento di lasciarsi incantare e di provare questo olio naturale.<\/p>\n<h2><strong>Consigli per l'utilizzo dell'olio yokebe\u00a0<\/strong><\/h2>\n<p>Si consiglia di applicare questo\u00a0<strong>olio vegetale<\/strong>\u00a02 o 3 volte al giorno. Si consiglia di massaggiare le zone interessate per almeno 5 minuti, fino al completo assorbimento dell'olio di Yokebe da parte della pelle.<\/p>\n<p>Si deve anche sapere che il\u2019<a href=\"https:\/\/100feminin.fr\/5-huiles-vegetales-aux-vertus-exceptionnelles-qui-peuvent-traiter-vos-petits-problemes\/\" target=\"_blank\" rel=\"noopener\"><strong>olio di fieno greco<\/strong><\/a>\u00a0ha propriet\u00e0 simili!<\/p>\n<p><strong>Cosa c'\u00e8 da sapere\u00a0<\/strong>:<\/p>\n<p>Questo prodotto naturale non contiene sostanze chimiche. Finora non sono stati segnalati effetti collaterali. Tuttavia, si consiglia di effettuare preventivamente un test cutaneo di 24 ore, per evitare qualsiasi rischio di allergia.<\/p>\n<h3><strong>Safinel al timone per chi vuole di pi\u00f9!<\/strong><\/h3>\n<p>Come sempre, il vostro negozio specializzato in prodotti naturali desidera farvi scoprire un'ampia gamma di prodotti benefici. Inoltre, conosciamo bene la vostra propensione alle novit\u00e0!<\/p>\n<p>Incontrare il\u00a0<a href=\"https:\/\/www.safinel.fr\/it\/prodotto\/pebe\/\"><strong>Pebe falsa noce moscata<\/strong><\/a>. \u00c8 nota non solo per le sue propriet\u00e0 stimolanti, ma anche per la sua capacit\u00e0 di combattere alcuni disturbi.<\/p>\n<p>\u00c8 inoltre possibile contattare il\u00a0<strong><a href=\"https:\/\/www.safinel.fr\/it\/prodotto\/siero-antiacne-al-cumino-nero\/\">Siero antiacne al cumino nero<\/a> !<\/strong>\u00a0Problemi di acne e punti neri? Questo piccolo siero potrebbe essere la soluzione!<\/p>\n<p>Come potete vedere, la vostra boutique Safinel \u00e8 sempre pronta ad aiutarvi a scoprire nuovi prodotti naturali.<\/p>","protected":false},"excerpt":{"rendered":"<p>Ti manca la fiducia in te stessa? E hai bisogno di sentirti bene con te stessa? Il tuo negozio vuole il meglio per te! E sappiamo che non \u00e8 raro che alcune donne sognino di avere il famoso corpo a forma di 8... Seno prosperoso e glutei sodi, \u00e8 ora di fare il [\u2026]","protected":false},"featured_media":1682,"template":"","meta":[],"product_brand":[],"product_cat":[28,122],"product_tag":[],"class_list":{"0":"post-1680","1":"product","2":"type-product","3":"status-publish","4":"has-post-thumbnail","6":"product_cat-divers","7":"product_cat-huile-vegetale","9":"first","10":"outofstock","11":"shipping-taxable","12":"purchasable","13":"product-type-simple"},"yoast_head":"<!-- This site is optimized with the Yoast SEO plugin v26.6 - https:\/\/yoast.com\/wordpress\/plugins\/seo\/ -->\n<title>Yokebe suppositoire et huile I Aide au grossissement des fesses<\/title>\n<meta name=\"description\" content=\"Est-ce que vous avez d\u00e9j\u00e0 eu \u00e9cho de la fameuse\u00a0huile de Yokebe\u00a0? \u00c9galement trouv\u00e9e sous l\u2019orthographe\u00a0Yokobe. Adoptez-l\u00e0 !\" \/>\n<meta name=\"robots\" content=\"index, follow, max-snippet:-1, max-image-preview:large, max-video-preview:-1\" \/>\n<link rel=\"canonical\" href=\"https:\/\/www.safinel.fr\/it\/prodotto\/giogo\/\" \/>\n<meta property=\"og:locale\" content=\"it_IT\" \/>\n<meta property=\"og:type\" content=\"article\" \/>\n<meta property=\"og:title\" content=\"Yokebe suppositoire et huile I Aide au grossissement des fesses\" \/>\n<meta property=\"og:description\" content=\"Est-ce que vous avez d\u00e9j\u00e0 eu \u00e9cho de la fameuse\u00a0huile de Yokebe\u00a0? \u00c9galement trouv\u00e9e sous l\u2019orthographe\u00a0Yokobe. Adoptez-l\u00e0 !\" \/>\n<meta property=\"og:url\" content=\"https:\/\/www.safinel.fr\/it\/prodotto\/giogo\/\" \/>\n<meta property=\"og:site_name\" content=\"Safinel\" \/>\n<meta property=\"article:modified_time\" content=\"2023-12-28T17:15:20+00:00\" \/>\n<meta property=\"og:image\" content=\"https:\/\/www.safinel.fr\/wp-content\/uploads\/2022\/07\/huile-de-yokebe.jpg\" \/>\n\t<meta property=\"og:image:width\" content=\"600\" \/>\n\t<meta property=\"og:image:height\" content=\"600\" \/>\n\t<meta property=\"og:image:type\" content=\"image\/jpeg\" \/>\n<meta name=\"twitter:card\" content=\"summary_large_image\" \/>\n<meta name=\"twitter:label1\" content=\"Tempo di lettura stimato\" \/>\n\t<meta name=\"twitter:data1\" content=\"3 minuti\" \/>\n<script type=\"application\/ld+json\" class=\"yoast-schema-graph\">{\"@context\":\"https:\/\/schema.org\",\"@graph\":[{\"@type\":\"WebPage\",\"@id\":\"https:\/\/www.safinel.fr\/produit\/yokebe\/\",\"url\":\"https:\/\/www.safinel.fr\/produit\/yokebe\/\",\"name\":\"Yokebe suppositoire et huile I Aide au grossissement des fesses\",\"isPartOf\":{\"@id\":\"https:\/\/www.safinel.fr\/#website\"},\"primaryImageOfPage\":{\"@id\":\"https:\/\/www.safinel.fr\/produit\/yokebe\/#primaryimage\"},\"image\":{\"@id\":\"https:\/\/www.safinel.fr\/produit\/yokebe\/#primaryimage\"},\"thumbnailUrl\":\"https:\/\/www.safinel.fr\/wp-content\/uploads\/2022\/07\/huile-de-yokebe.jpg\",\"datePublished\":\"2022-07-06T23:41:08+00:00\",\"dateModified\":\"2023-12-28T17:15:20+00:00\",\"description\":\"Est-ce que vous avez d\u00e9j\u00e0 eu \u00e9cho de la fameuse\u00a0huile de Yokebe\u00a0? \u00c9galement trouv\u00e9e sous l\u2019orthographe\u00a0Yokobe. Adoptez-l\u00e0 !\",\"breadcrumb\":{\"@id\":\"https:\/\/www.safinel.fr\/produit\/yokebe\/#breadcrumb\"},\"inLanguage\":\"it-IT\",\"potentialAction\":[{\"@type\":\"ReadAction\",\"target\":[\"https:\/\/www.safinel.fr\/produit\/yokebe\/\"]}]},{\"@type\":\"ImageObject\",\"inLanguage\":\"it-IT\",\"@id\":\"https:\/\/www.safinel.fr\/produit\/yokebe\/#primaryimage\",\"url\":\"https:\/\/www.safinel.fr\/wp-content\/uploads\/2022\/07\/huile-de-yokebe.jpg\",\"contentUrl\":\"https:\/\/www.safinel.fr\/wp-content\/uploads\/2022\/07\/huile-de-yokebe.jpg\",\"width\":600,\"height\":600,\"caption\":\"Huile de yokebe\"},{\"@type\":\"BreadcrumbList\",\"@id\":\"https:\/\/www.safinel.fr\/produit\/yokebe\/#breadcrumb\",\"itemListElement\":[{\"@type\":\"ListItem\",\"position\":1,\"name\":\"Accueil\",\"item\":\"https:\/\/www.safinel.fr\/\"},{\"@type\":\"ListItem\",\"position\":2,\"name\":\"Boutique\",\"item\":\"https:\/\/www.safinel.fr\/boutique\/\"},{\"@type\":\"ListItem\",\"position\":3,\"name\":\"Huile de yokebe\"}]},{\"@type\":\"WebSite\",\"@id\":\"https:\/\/www.safinel.fr\/#website\",\"url\":\"https:\/\/www.safinel.fr\/\",\"name\":\"Safinel\",\"description\":\"\",\"publisher\":{\"@id\":\"https:\/\/www.safinel.fr\/#organization\"},\"potentialAction\":[{\"@type\":\"SearchAction\",\"target\":{\"@type\":\"EntryPoint\",\"urlTemplate\":\"https:\/\/www.safinel.fr\/?s={search_term_string}\"},\"query-input\":{\"@type\":\"PropertyValueSpecification\",\"valueRequired\":true,\"valueName\":\"search_term_string\"}}],\"inLanguage\":\"it-IT\"},{\"@type\":\"Organization\",\"@id\":\"https:\/\/www.safinel.fr\/#organization\",\"name\":\"Safinel\",\"url\":\"https:\/\/www.safinel.fr\/\",\"logo\":{\"@type\":\"ImageObject\",\"inLanguage\":\"it-IT\",\"@id\":\"https:\/\/www.safinel.fr\/#\/schema\/logo\/image\/\",\"url\":\"https:\/\/www.safinel.fr\/wp-content\/uploads\/2021\/05\/boutique-cosmetique.png\",\"contentUrl\":\"https:\/\/www.safinel.fr\/wp-content\/uploads\/2021\/05\/boutique-cosmetique.png\",\"width\":800,\"height\":200,\"caption\":\"Safinel\"},\"image\":{\"@id\":\"https:\/\/www.safinel.fr\/#\/schema\/logo\/image\/\"}}]}<\/script>\n<!-- \/ Yoast SEO plugin. -->","yoast_head_json":{"title":"Yokebe supposta e olio I Aiuta a ingrandire i glutei","description":"Avete mai sentito parlare del famoso olio Yokebe? Conosciuto anche come Yokobe. Adottatelo!","robots":{"index":"index","follow":"follow","max-snippet":"max-snippet:-1","max-image-preview":"max-image-preview:large","max-video-preview":"max-video-preview:-1"},"canonical":"https:\/\/www.safinel.fr\/it\/prodotto\/giogo\/","og_locale":"it_IT","og_type":"article","og_title":"Yokebe suppositoire et huile I Aide au grossissement des fesses","og_description":"Est-ce que vous avez d\u00e9j\u00e0 eu \u00e9cho de la fameuse\u00a0huile de Yokebe\u00a0? \u00c9galement trouv\u00e9e sous l\u2019orthographe\u00a0Yokobe. Adoptez-l\u00e0 !","og_url":"https:\/\/www.safinel.fr\/it\/prodotto\/giogo\/","og_site_name":"Safinel","article_modified_time":"2023-12-28T17:15:20+00:00","og_image":[{"width":600,"height":600,"url":"https:\/\/www.safinel.fr\/wp-content\/uploads\/2022\/07\/huile-de-yokebe.jpg","type":"image\/jpeg"}],"twitter_card":"summary_large_image","twitter_misc":{"Tempo di lettura stimato":"3 minuti"},"schema":{"@context":"https:\/\/schema.org","@graph":[{"@type":"WebPage","@id":"https:\/\/www.safinel.fr\/produit\/yokebe\/","url":"https:\/\/www.safinel.fr\/produit\/yokebe\/","name":"Yokebe supposta e olio I Aiuta a ingrandire i glutei","isPartOf":{"@id":"https:\/\/www.safinel.fr\/#website"},"primaryImageOfPage":{"@id":"https:\/\/www.safinel.fr\/produit\/yokebe\/#primaryimage"},"image":{"@id":"https:\/\/www.safinel.fr\/produit\/yokebe\/#primaryimage"},"thumbnailUrl":"https:\/\/www.safinel.fr\/wp-content\/uploads\/2022\/07\/huile-de-yokebe.jpg","datePublished":"2022-07-06T23:41:08+00:00","dateModified":"2023-12-28T17:15:20+00:00","description":"Avete mai sentito parlare del famoso olio Yokebe? Conosciuto anche come Yokobe. Adottatelo!","breadcrumb":{"@id":"https:\/\/www.safinel.fr\/produit\/yokebe\/#breadcrumb"},"inLanguage":"it-IT","potentialAction":[{"@type":"ReadAction","target":["https:\/\/www.safinel.fr\/produit\/yokebe\/"]}]},{"@type":"ImageObject","inLanguage":"it-IT","@id":"https:\/\/www.safinel.fr\/produit\/yokebe\/#primaryimage","url":"https:\/\/www.safinel.fr\/wp-content\/uploads\/2022\/07\/huile-de-yokebe.jpg","contentUrl":"https:\/\/www.safinel.fr\/wp-content\/uploads\/2022\/07\/huile-de-yokebe.jpg","width":600,"height":600,"caption":"Huile de yokebe"},{"@type":"BreadcrumbList","@id":"https:\/\/www.safinel.fr\/produit\/yokebe\/#breadcrumb","itemListElement":[{"@type":"ListItem","position":1,"name":"Accueil","item":"https:\/\/www.safinel.fr\/"},{"@type":"ListItem","position":2,"name":"Boutique","item":"https:\/\/www.safinel.fr\/boutique\/"},{"@type":"ListItem","position":3,"name":"Huile de yokebe"}]},{"@type":"WebSite","@id":"https:\/\/www.safinel.fr\/#website","url":"https:\/\/www.safinel.fr\/","name":"Safinel","description":"","publisher":{"@id":"https:\/\/www.safinel.fr\/#organization"},"potentialAction":[{"@type":"SearchAction","target":{"@type":"EntryPoint","urlTemplate":"https:\/\/www.safinel.fr\/?s={search_term_string}"},"query-input":{"@type":"PropertyValueSpecification","valueRequired":true,"valueName":"search_term_string"}}],"inLanguage":"it-IT"},{"@type":"Organization","@id":"https:\/\/www.safinel.fr\/#organization","name":"Safinel","url":"https:\/\/www.safinel.fr\/","logo":{"@type":"ImageObject","inLanguage":"it-IT","@id":"https:\/\/www.safinel.fr\/#\/schema\/logo\/image\/","url":"https:\/\/www.safinel.fr\/wp-content\/uploads\/2021\/05\/boutique-cosmetique.png","contentUrl":"https:\/\/www.safinel.fr\/wp-content\/uploads\/2021\/05\/boutique-cosmetique.png","width":800,"height":200,"caption":"Safinel"},"image":{"@id":"https:\/\/www.safinel.fr\/#\/schema\/logo\/image\/"}}]}},"_links":{"self":[{"href":"https:\/\/www.safinel.fr\/it\/wp-json\/wp\/v2\/product\/1680","targetHints":{"allow":["GET"]}}],"collection":[{"href":"https:\/\/www.safinel.fr\/it\/wp-json\/wp\/v2\/product"}],"about":[{"href":"https:\/\/www.safinel.fr\/it\/wp-json\/wp\/v2\/types\/product"}],"wp:featuredmedia":[{"embeddable":true,"href":"https:\/\/www.safinel.fr\/it\/wp-json\/wp\/v2\/media\/1682"}],"wp:attachment":[{"href":"https:\/\/www.safinel.fr\/it\/wp-json\/wp\/v2\/media?parent=1680"}],"wp:term":[{"taxonomy":"product_brand","embeddable":true,"href":"https:\/\/www.safinel.fr\/it\/wp-json\/wp\/v2\/product_brand?post=1680"},{"taxonomy":"product_cat","embeddable":true,"href":"https:\/\/www.safinel.fr\/it\/wp-json\/wp\/v2\/product_cat?post=1680"},{"taxonomy":"product_tag","embeddable":true,"href":"https:\/\/www.safinel.fr\/it\/wp-json\/wp\/v2\/product_tag?post=1680"}],"curies":[{"name":"wp","href":"https:\/\/api.w.org\/{rel}","templated":true}]}}