{"id":1664,"date":"2022-07-06T18:27:02","date_gmt":"2022-07-06T18:27:02","guid":{"rendered":"https:\/\/www.safinel.fr\/?post_type=product&#038;p=1664"},"modified":"2024-02-21T11:03:02","modified_gmt":"2024-02-21T11:03:02","slug":"polvere-di-turkesterone","status":"publish","type":"product","link":"https:\/\/www.safinel.fr\/it\/prodotto\/polvere-di-turkesterone\/","title":{"rendered":"Polvere di Turkesterone"},"content":{"rendered":"<p>La<strong>\u00a0turkesterone\u00a0<\/strong>suona familiare? \u00c8 un integratore alimentare scoperto prima del 1960, ma reso famoso solo di recente. Utilizzato principalmente nell'Europa dell'Est, il mondo occidentale ne sta ora scoprendo i benefici! Ora tocca a voi scoprire che cosa<strong>\u00a0turkestrone.<\/strong><\/p>\n<h2><strong>Che cos'\u00e8 il turkesterone?\u00a0<\/strong><\/h2>\n<p>Il Turkesterone \u00e8 un\u00a0<strong>sostanza della famiglia degli ecdisteroidi<\/strong>. Si trovano negli insetti, dove agiscono come fattori di crescita. Il suo nome deriva dalla parola ecdise, che \u00e8 lo scambio del carapace degli insetti per la crescita. Inoltre, molte piante contengono ecdisteroidi. Per queste ultime, queste sostanze forniscono una protezione contro gli insetti predatori non adatti.<\/p>\n<p>Anche se\u00a0<strong>numerose piante\u00a0<\/strong>contengono turkesterone e altri ecdisteroidi, questi ultimi presenti in piccole quantit\u00e0. Ci\u00f2 ne rende impossibile l'estrazione. Di conseguenza, questo prodotto, consumato come integratore, viene facilmente estratto da piante come Ajuga turkestanica e Rhaponticum carthamoides. Infatti, queste piante presentano una maggiore concentrazione della sostanza, consentendo un'estrazione con una resa pi\u00f9 elevata.<\/p>\n<p>Gli effetti di queste sostanze sul corpo umano sono dovuti al fatto che sono strutturalmente simili agli steroidi androgeni, gli ormoni maschili.<\/p>\n<p>Inoltre, cerchiamo di capire perch\u00e9 questo prodotto \u00e8 ampiamente utilizzato nel mondo del fitness.<\/p>\n<h2><strong>A cosa serve il turkesterone?\u00a0<\/strong><\/h2>\n<p>L'effetto principale di questa sostanza nel corpo umano attira l'attenzione. Promette di\u00a0<strong>portano all'anabolismo<\/strong>, cio\u00e8 l'aumento della massa magra. Il tutto senza gli effetti collaterali degli ormoni derivati dal testosterone. Questo \u00e8 il sogno di molti praticanti di attivit\u00e0 fisica che mirano ad aumentare la massa muscolare, l'ipertrofia.<\/p>\n<p>Anche se utilizzato per questo scopo\u00a0<strong>ormoni androgeni\u00a0<\/strong>hanno una serie di effetti collaterali che possono ridurre la loro sicurezza e possono avere conseguenze.<\/p>\n<p>D'altra parte, il<strong>\u00a0turkesterone<\/strong>\u00a0aiuta a ingrandire i muscoli senza effetti collaterali, anche a dosi elevate. Oltre agli effetti sui muscoli, questo prodotto pu\u00f2 fornire altri benefici per la salute. Pu\u00f2 anche :<\/p>\n<ul>\n<li>Il primo passo \u00e8 ridurre i livelli di colesterolo; ;<\/li>\n<li>Riducono i livelli di zucchero nel sangue, aiutando a controllare il diabete; ;<\/li>\n<li><strong>Migliorare il metabolismo dei carboidrati e dei grassi, <a href=\"https:\/\/www.safinel.fr\/it\/prodotto\/gambi-di-ciliegio\/\">aiutando a perdere peso<\/a><\/strong>\u00a0;<\/li>\n<li>Migliorare la salute di fegato, reni e intestino; ;<\/li>\n<li>Pu\u00f2 avere effetti protettivi sul tessuto nervoso; ;<\/li>\n<li>Inoltre, migliorare la qualit\u00e0 del sonno ;<\/li>\n<li>Aumenta la libido; ;<\/li>\n<li>Effetti antinfiammatori e antiossidanti; ;<\/li>\n<li>Infine, migliorare il sistema immunitario.<\/li>\n<\/ul>\n<h2><strong>Focus sugli effetti anabolici del turkesterone<\/strong><\/h2>\n<p>Anche se sono necessari ulteriori studi sull'uomo per supportare meglio gli effetti benefici di questa sostanza sull'aumento della massa magra e sulle prestazioni fisiche. Gli studi attuali dimostrano gi\u00e0 il grande potenziale di questa sostanza.<\/p>\n<p>L'effetto principale di questo prodotto riportato che porta all'anabolismo \u00e8 il\u2019<strong>aumento della sintesi proteica<\/strong>. Questo perch\u00e9 il muscolo \u00e8 essenzialmente costituito da proteine, che facilitano la formazione di tessuto muscolare, nota come ipertrofia. Questo effetto non sembra essere dovuto all'attivazione diretta dei recettori degli androgeni o a un aumento dei livelli di testosterone.<\/p>\n<p>Inoltre, alcuni studi hanno dimostrato che potrebbe verificarsi un aumento della concentrazione di glicogeno muscolare. Inoltre, stimola la sintesi di ATP, una molecola che immagazzina l'energia prodotta dalle cellule. Ci\u00f2 significa pi\u00f9 energia disponibile per le contrazioni muscolari e migliori prestazioni fisiche. Allo stesso modo, un allenamento pi\u00f9 intenso favorisce una maggiore stimolazione della sintesi proteica.<\/p>\n<p>Un altro vantaggio per\u00a0<strong>fitness muscolare\u00a0<\/strong>sarebbe quello di favorire l'eliminazione dell'acido lattico, prodotto dal metabolismo. E che pu\u00f2 alterare la contrazione delle fibre muscolari. Questo porta a una riduzione dell'affaticamento muscolare.<\/p>\n<h2><strong>Quali sono gli effetti collaterali di questo prodotto?\u00a0<\/strong><\/h2>\n<p>Fino ad oggi,\u00a0<strong>nessun effetto collaterale<\/strong>\u00a0\u00e8 stato citato in tutti gli studi. In realt\u00e0, non si sono verificati cambiamenti nei parametri influenzati dai livelli di ormoni sessuali. Come lo sviluppo della prostata e delle vescicole seminali nei ratti maschi e nessun effetto sull'utero dei ratti. E nessun effetto sui livelli di testosterone o di estrogeni.<\/p>\n<p>Gli ecdisteroidi sono sicuri per l'uso orale. L'unica raccomandazione \u00e8 che il turkesteorne deve essere assunto con determinati pasti. A stomaco vuoto pu\u00f2 causare nausea.<\/p>\n<p>Allo stesso modo, se si sta assumendo un farmaco o un trattamento, \u00e8 meglio consultare un medico, come per qualsiasi altro integratore.<\/p>\n<h2><strong>Come si usa il turkesterone?\u00a0<\/strong><\/h2>\n<p>Il dosaggio varia da\u00a0<strong>Da 200 a 300 mg<\/strong>. In effetti, questo \u00e8 generalmente quello che viene utilizzato per l'obiettivo pi\u00f9 comune, ovvero l'aumento della massa magra. Tuttavia, \u00e8 sempre preferibile chiedere il parere del medico e del nutrizionista per capire qual \u00e8 la dose migliore per voi.<\/p>\n<p>\u00c8 inoltre importante ricordare che l'assunzione di qualsiasi integratore senza un livello adeguato di attivit\u00e0 fisica e una dieta equilibrata non porter\u00e0 a risultati. Per massimizzare i suoi effetti, deve essere abbinato all'attivit\u00e0 fisica. \u00c8 inoltre importante avere un apporto sufficiente di sostanze nutritive, che saranno la materia prima per i cambiamenti nel corpo.<\/p>\n<p>Infine, ogni persona pu\u00f2 reagire in modo diverso all'integrazione di turkesterone, come molti integratori e persino farmaci. Pertanto, consultate il vostro medico o nutrizionista e fate un test per verificare se \u00e8 utile e salutare per voi.<\/p>\n<h3><strong>Conclusione sul turkesterone\u00a0<\/strong><\/h3>\n<p>Come abbiamo appena visto,<strong>\u00a0turkesterone<\/strong>\u00a0\u00e8 un promettente ecdisteroide ed \u00e8 ancora oggi un prodotto molto popolare sul mercato.<\/p>\n<p>Sebbene la sua efficacia sia stata dimostrata negli studi sugli animali, non esistono ancora ricerche approfondite sull'uomo che ne supportino l'efficacia.<\/p>\n<p>Tuttavia, molte persone sembrano ottenere ottimi risultati dall'assunzione di turkesterone. In termini di massa e forza muscolare. Questo incoragger\u00e0 molti atleti a provarlo.<\/p>","protected":false},"excerpt":{"rendered":"<p>Avete mai sentito parlare del turkesterone? Si tratta di un integratore alimentare scoperto prima del 1960, ma diventato famoso solo di recente. Utilizzato principalmente nei paesi dell'Est, ora anche il mondo occidentale sta scoprendo i suoi benefici! Quindi, ora tocca a voi scoprire cos'\u00e8 il turkesterone. Cos'\u00e8 il turkesterone?  Il turkesterone \u00e8 una sostanza di [...]","protected":false},"featured_media":1667,"template":"","meta":[],"product_brand":[],"product_cat":[15],"product_tag":[],"class_list":{"0":"post-1664","1":"product","2":"type-product","3":"status-publish","4":"has-post-thumbnail","6":"product_cat-fertilite","8":"first","9":"outofstock","10":"shipping-taxable","11":"purchasable","12":"product-type-variable"},"yoast_head":"<!-- This site is optimized with the Yoast SEO plugin v26.6 - https:\/\/yoast.com\/wordpress\/plugins\/seo\/ -->\n<title>Turkesterone en poudre I Contenance 100g I Achat rapide en ligne<\/title>\n<meta name=\"description\" content=\"La\u00a0turkesterone\u00a0\u00e7a vous dit quelque chose ? Il s\u2019agit d\u2019un compl\u00e9ment alimentaire d\u00e9couvert avant 1960, mais que r\u00e9cemment devenu c\u00e9l\u00e8bre.\" \/>\n<meta name=\"robots\" content=\"index, follow, max-snippet:-1, max-image-preview:large, max-video-preview:-1\" \/>\n<link rel=\"canonical\" href=\"https:\/\/www.safinel.fr\/it\/prodotto\/polvere-di-turkesterone\/\" \/>\n<meta property=\"og:locale\" content=\"it_IT\" \/>\n<meta property=\"og:type\" content=\"article\" \/>\n<meta property=\"og:title\" content=\"Turkesterone en poudre I Contenance 100g I Achat rapide en ligne\" \/>\n<meta property=\"og:description\" content=\"La\u00a0turkesterone\u00a0\u00e7a vous dit quelque chose ? Il s\u2019agit d\u2019un compl\u00e9ment alimentaire d\u00e9couvert avant 1960, mais que r\u00e9cemment devenu c\u00e9l\u00e8bre.\" \/>\n<meta property=\"og:url\" content=\"https:\/\/www.safinel.fr\/it\/prodotto\/polvere-di-turkesterone\/\" \/>\n<meta property=\"og:site_name\" content=\"Safinel\" \/>\n<meta property=\"article:modified_time\" content=\"2024-02-21T11:03:02+00:00\" \/>\n<meta property=\"og:image\" content=\"https:\/\/www.safinel.fr\/wp-content\/uploads\/2022\/07\/turkesterone.jpg\" \/>\n\t<meta property=\"og:image:width\" content=\"600\" \/>\n\t<meta property=\"og:image:height\" content=\"600\" \/>\n\t<meta property=\"og:image:type\" content=\"image\/jpeg\" \/>\n<meta name=\"twitter:card\" content=\"summary_large_image\" \/>\n<meta name=\"twitter:label1\" content=\"Tempo di lettura stimato\" \/>\n\t<meta name=\"twitter:data1\" content=\"6 minuti\" \/>\n<script type=\"application\/ld+json\" class=\"yoast-schema-graph\">{\"@context\":\"https:\/\/schema.org\",\"@graph\":[{\"@type\":\"WebPage\",\"@id\":\"https:\/\/www.safinel.fr\/produit\/turkesterone-en-poudre\/\",\"url\":\"https:\/\/www.safinel.fr\/produit\/turkesterone-en-poudre\/\",\"name\":\"Turkesterone en poudre I Contenance 100g I Achat rapide en ligne\",\"isPartOf\":{\"@id\":\"https:\/\/www.safinel.fr\/#website\"},\"primaryImageOfPage\":{\"@id\":\"https:\/\/www.safinel.fr\/produit\/turkesterone-en-poudre\/#primaryimage\"},\"image\":{\"@id\":\"https:\/\/www.safinel.fr\/produit\/turkesterone-en-poudre\/#primaryimage\"},\"thumbnailUrl\":\"https:\/\/www.safinel.fr\/wp-content\/uploads\/2022\/07\/turkesterone.jpg\",\"datePublished\":\"2022-07-06T18:27:02+00:00\",\"dateModified\":\"2024-02-21T11:03:02+00:00\",\"description\":\"La\u00a0turkesterone\u00a0\u00e7a vous dit quelque chose ? Il s\u2019agit d\u2019un compl\u00e9ment alimentaire d\u00e9couvert avant 1960, mais que r\u00e9cemment devenu c\u00e9l\u00e8bre.\",\"breadcrumb\":{\"@id\":\"https:\/\/www.safinel.fr\/produit\/turkesterone-en-poudre\/#breadcrumb\"},\"inLanguage\":\"it-IT\",\"potentialAction\":[{\"@type\":\"ReadAction\",\"target\":[\"https:\/\/www.safinel.fr\/produit\/turkesterone-en-poudre\/\"]}]},{\"@type\":\"ImageObject\",\"inLanguage\":\"it-IT\",\"@id\":\"https:\/\/www.safinel.fr\/produit\/turkesterone-en-poudre\/#primaryimage\",\"url\":\"https:\/\/www.safinel.fr\/wp-content\/uploads\/2022\/07\/turkesterone.jpg\",\"contentUrl\":\"https:\/\/www.safinel.fr\/wp-content\/uploads\/2022\/07\/turkesterone.jpg\",\"width\":600,\"height\":600,\"caption\":\"Turkesterone en poudre\"},{\"@type\":\"BreadcrumbList\",\"@id\":\"https:\/\/www.safinel.fr\/produit\/turkesterone-en-poudre\/#breadcrumb\",\"itemListElement\":[{\"@type\":\"ListItem\",\"position\":1,\"name\":\"Accueil\",\"item\":\"https:\/\/www.safinel.fr\/\"},{\"@type\":\"ListItem\",\"position\":2,\"name\":\"Boutique\",\"item\":\"https:\/\/www.safinel.fr\/boutique\/\"},{\"@type\":\"ListItem\",\"position\":3,\"name\":\"Turkesterone en poudre\"}]},{\"@type\":\"WebSite\",\"@id\":\"https:\/\/www.safinel.fr\/#website\",\"url\":\"https:\/\/www.safinel.fr\/\",\"name\":\"Safinel\",\"description\":\"\",\"publisher\":{\"@id\":\"https:\/\/www.safinel.fr\/#organization\"},\"potentialAction\":[{\"@type\":\"SearchAction\",\"target\":{\"@type\":\"EntryPoint\",\"urlTemplate\":\"https:\/\/www.safinel.fr\/?s={search_term_string}\"},\"query-input\":{\"@type\":\"PropertyValueSpecification\",\"valueRequired\":true,\"valueName\":\"search_term_string\"}}],\"inLanguage\":\"it-IT\"},{\"@type\":\"Organization\",\"@id\":\"https:\/\/www.safinel.fr\/#organization\",\"name\":\"Safinel\",\"url\":\"https:\/\/www.safinel.fr\/\",\"logo\":{\"@type\":\"ImageObject\",\"inLanguage\":\"it-IT\",\"@id\":\"https:\/\/www.safinel.fr\/#\/schema\/logo\/image\/\",\"url\":\"https:\/\/www.safinel.fr\/wp-content\/uploads\/2021\/05\/boutique-cosmetique.png\",\"contentUrl\":\"https:\/\/www.safinel.fr\/wp-content\/uploads\/2021\/05\/boutique-cosmetique.png\",\"width\":800,\"height\":200,\"caption\":\"Safinel\"},\"image\":{\"@id\":\"https:\/\/www.safinel.fr\/#\/schema\/logo\/image\/\"}}]}<\/script>\n<!-- \/ Yoast SEO plugin. -->","yoast_head_json":{"title":"Turkesterone in polvere I Formato 100g I Acquistare online velocemente","description":"Il turkesterone vi ricorda qualcosa? \u00c8 un integratore alimentare scoperto prima del 1960, ma reso famoso solo di recente.","robots":{"index":"index","follow":"follow","max-snippet":"max-snippet:-1","max-image-preview":"max-image-preview:large","max-video-preview":"max-video-preview:-1"},"canonical":"https:\/\/www.safinel.fr\/it\/prodotto\/polvere-di-turkesterone\/","og_locale":"it_IT","og_type":"article","og_title":"Turkesterone en poudre I Contenance 100g I Achat rapide en ligne","og_description":"La\u00a0turkesterone\u00a0\u00e7a vous dit quelque chose ? Il s\u2019agit d\u2019un compl\u00e9ment alimentaire d\u00e9couvert avant 1960, mais que r\u00e9cemment devenu c\u00e9l\u00e8bre.","og_url":"https:\/\/www.safinel.fr\/it\/prodotto\/polvere-di-turkesterone\/","og_site_name":"Safinel","article_modified_time":"2024-02-21T11:03:02+00:00","og_image":[{"width":600,"height":600,"url":"https:\/\/www.safinel.fr\/wp-content\/uploads\/2022\/07\/turkesterone.jpg","type":"image\/jpeg"}],"twitter_card":"summary_large_image","twitter_misc":{"Tempo di lettura stimato":"6 minuti"},"schema":{"@context":"https:\/\/schema.org","@graph":[{"@type":"WebPage","@id":"https:\/\/www.safinel.fr\/produit\/turkesterone-en-poudre\/","url":"https:\/\/www.safinel.fr\/produit\/turkesterone-en-poudre\/","name":"Turkesterone in polvere I Formato 100g I Acquistare online velocemente","isPartOf":{"@id":"https:\/\/www.safinel.fr\/#website"},"primaryImageOfPage":{"@id":"https:\/\/www.safinel.fr\/produit\/turkesterone-en-poudre\/#primaryimage"},"image":{"@id":"https:\/\/www.safinel.fr\/produit\/turkesterone-en-poudre\/#primaryimage"},"thumbnailUrl":"https:\/\/www.safinel.fr\/wp-content\/uploads\/2022\/07\/turkesterone.jpg","datePublished":"2022-07-06T18:27:02+00:00","dateModified":"2024-02-21T11:03:02+00:00","description":"Il turkesterone vi ricorda qualcosa? \u00c8 un integratore alimentare scoperto prima del 1960, ma reso famoso solo di recente.","breadcrumb":{"@id":"https:\/\/www.safinel.fr\/produit\/turkesterone-en-poudre\/#breadcrumb"},"inLanguage":"it-IT","potentialAction":[{"@type":"ReadAction","target":["https:\/\/www.safinel.fr\/produit\/turkesterone-en-poudre\/"]}]},{"@type":"ImageObject","inLanguage":"it-IT","@id":"https:\/\/www.safinel.fr\/produit\/turkesterone-en-poudre\/#primaryimage","url":"https:\/\/www.safinel.fr\/wp-content\/uploads\/2022\/07\/turkesterone.jpg","contentUrl":"https:\/\/www.safinel.fr\/wp-content\/uploads\/2022\/07\/turkesterone.jpg","width":600,"height":600,"caption":"Turkesterone en poudre"},{"@type":"BreadcrumbList","@id":"https:\/\/www.safinel.fr\/produit\/turkesterone-en-poudre\/#breadcrumb","itemListElement":[{"@type":"ListItem","position":1,"name":"Accueil","item":"https:\/\/www.safinel.fr\/"},{"@type":"ListItem","position":2,"name":"Boutique","item":"https:\/\/www.safinel.fr\/boutique\/"},{"@type":"ListItem","position":3,"name":"Turkesterone en poudre"}]},{"@type":"WebSite","@id":"https:\/\/www.safinel.fr\/#website","url":"https:\/\/www.safinel.fr\/","name":"Safinel","description":"","publisher":{"@id":"https:\/\/www.safinel.fr\/#organization"},"potentialAction":[{"@type":"SearchAction","target":{"@type":"EntryPoint","urlTemplate":"https:\/\/www.safinel.fr\/?s={search_term_string}"},"query-input":{"@type":"PropertyValueSpecification","valueRequired":true,"valueName":"search_term_string"}}],"inLanguage":"it-IT"},{"@type":"Organization","@id":"https:\/\/www.safinel.fr\/#organization","name":"Safinel","url":"https:\/\/www.safinel.fr\/","logo":{"@type":"ImageObject","inLanguage":"it-IT","@id":"https:\/\/www.safinel.fr\/#\/schema\/logo\/image\/","url":"https:\/\/www.safinel.fr\/wp-content\/uploads\/2021\/05\/boutique-cosmetique.png","contentUrl":"https:\/\/www.safinel.fr\/wp-content\/uploads\/2021\/05\/boutique-cosmetique.png","width":800,"height":200,"caption":"Safinel"},"image":{"@id":"https:\/\/www.safinel.fr\/#\/schema\/logo\/image\/"}}]}},"_links":{"self":[{"href":"https:\/\/www.safinel.fr\/it\/wp-json\/wp\/v2\/product\/1664","targetHints":{"allow":["GET"]}}],"collection":[{"href":"https:\/\/www.safinel.fr\/it\/wp-json\/wp\/v2\/product"}],"about":[{"href":"https:\/\/www.safinel.fr\/it\/wp-json\/wp\/v2\/types\/product"}],"wp:featuredmedia":[{"embeddable":true,"href":"https:\/\/www.safinel.fr\/it\/wp-json\/wp\/v2\/media\/1667"}],"wp:attachment":[{"href":"https:\/\/www.safinel.fr\/it\/wp-json\/wp\/v2\/media?parent=1664"}],"wp:term":[{"taxonomy":"product_brand","embeddable":true,"href":"https:\/\/www.safinel.fr\/it\/wp-json\/wp\/v2\/product_brand?post=1664"},{"taxonomy":"product_cat","embeddable":true,"href":"https:\/\/www.safinel.fr\/it\/wp-json\/wp\/v2\/product_cat?post=1664"},{"taxonomy":"product_tag","embeddable":true,"href":"https:\/\/www.safinel.fr\/it\/wp-json\/wp\/v2\/product_tag?post=1664"}],"curies":[{"name":"wp","href":"https:\/\/api.w.org\/{rel}","templated":true}]}}