{"id":165,"date":"2021-04-26T16:08:29","date_gmt":"2021-04-26T16:08:29","guid":{"rendered":"https:\/\/www.safinel.fr\/?post_type=product&#038;p=165"},"modified":"2023-12-30T13:58:08","modified_gmt":"2023-12-30T13:58:08","slug":"cacca-di-delefante","status":"publish","type":"product","link":"https:\/\/www.safinel.fr\/it\/prodotto\/cacca-di-delefante\/","title":{"rendered":"Cacca di elefante 150 g"},"content":{"rendered":"<p>L'elefante, considerato da alcuni l'antenato del mammut, possiede ricche propriet\u00e0 di cui non si pu\u00f2 immaginare l'origine! Infatti, avete mai sentito parlare di <b>cacca di elefante<\/b> ? O almeno del suo utilizzo in vari campi. Crediamo di no!<span class=\"Apple-converted-space\">\u00a0<\/span><\/p>\n<p>\u00c8 il momento di dare un'occhiata agli aspetti naturali e insoliti di questo mammifero, che \u00e8 stato venerato da alcune colonizzazioni.<span class=\"Apple-converted-space\">\u00a0<\/span><\/p>\n<h2><b>Dopo l'avorio, la pelle... ora la cacca di elefante!<\/b><\/h2>\n<p><b>Avorio<\/b> \u00e8 nota per le sue qualit\u00e0 terapeutiche ed \u00e8 ancora ampiamente utilizzata nella medicina tradizionale. Viene utilizzato anche per favorire la creazione di globuli rossi e per rafforzare il sistema immunitario.<span class=\"Apple-converted-space\">\u00a0<\/span><\/p>\n<p>Questo prezioso materiale viene utilizzato anche per il suo calcio e per rafforzare le ossa,<span class=\"Apple-converted-space\">\u00a0 <\/span>ma anche come un vero e proprio trofeo.<span class=\"Apple-converted-space\">\u00a0<\/span><\/p>\n<p>L'elefante \u00e8 oggi una specie difesa da diverse organizzazioni, logicamente preoccupate del benessere di questo mammifero!<span class=\"Apple-converted-space\">\u00a0<\/span><\/p>\n<p>Inoltre, la distruttivit\u00e0 <b>pelle di elefante<\/b> \u00e8 diventato rapidamente un flagello per questo mammifero in via di estinzione. La sofferenza di questo animale emblematico, semplicemente a scopo di lucro, \u00e8 un crimine globale!<\/p>\n<p>Con questo riassunto non dettagliato, concentriamoci su <b>cacca di elefante.<span class=\"Apple-converted-space\">\u00a0<\/span><\/b><\/p>\n<p>\u00c8 uno scherzo? No!<\/p>\n<p>Questo <b>escrementi di pachiderma<\/b> sta diventando sempre pi\u00f9 noto e diffuso! E vi starete chiedendo a cosa serve?<span class=\"Apple-converted-space\">\u00a0<\/span><\/p>\n<p>Prestate quindi molta attenzione, perch\u00e9 entreremo nei dettagli!<\/p>\n<h2><b>Un mercato in espansione?<\/b><\/h2>\n<p>Siete a conoscenza del nuovo <b>caff\u00e8 alla moda fatto con la cacca di elefante\u00a0<\/b>? \u00c8 un mercato insolito ma in rapida crescita! Questo raro caff\u00e8 passa semplicemente attraverso lo stomaco del mammifero.<\/p>\n<p>Questa bevanda famosa in tutto il mondo \u00e8 un prodotto puramente tailandese, venduto a prezzo maggiorato! Dopo il lavaggio e la tostatura, i chicchi precedentemente ingeriti costituiscono la base per la creazione di questo caff\u00e8 in rapida crescita. Infatti, questo nuovo prodotto viene venduto <i>oltre 12 euro a tazza negli hotel di lusso dell'Asia.<span class=\"Apple-converted-space\">\u00a0<\/span><\/i><\/p>\n<p>Gli escrementi di questo animale vengono utilizzati anche per <b>creazione di carta\u00a0<\/b>! Il materiale \u00e8 certamente diverso dalla carta tradizionale, ma questa tecnica naturale \u00e8 un vero vantaggio per i produttori. Poich\u00e9 gli animali tendono a masticare male, i loro escrementi sono pi\u00f9 facili da pulire, facilitando la creazione della carta.<span class=\"Apple-converted-space\">\u00a0<\/span><\/p>\n<h3><b>La cacca di elefante e i suoi benefici<\/b><\/h3>\n<p>Non lontano da un <b>coprologia<\/b>, diamo un'occhiata pi\u00f9 da vicino alle propriet\u00e0 di <b>sterco di elefante :<span class=\"Apple-converted-space\">\u00a0<\/span><\/b><\/p>\n<ul>\n<li>Lo sterco di elefante \u00e8 rinomato per la sua efficacia <b>contro gli insetti volanti.<\/b> Un repellente naturale per insetti che respinge una serie di insetti, in particolare le zanzare. Basta bruciare la materia fecale e il fumo terr\u00e0 lontani i piccoli insetti.<span class=\"Apple-converted-space\">\u00a0<\/span><\/li>\n<li>La cacca di elefante veniva utilizzata anche nella medicina tradizionale per <a href=\"https:\/\/www.safinel.fr\/it\/prodotto\/radici-di-vetiver\/\"><b>rafforzare il sistema immunitario<\/b><\/a>, ma anche per <b>fermare l'epistassi<\/b>. L'animale si nutre di alcune foglie curative, che permettono di utilizzare lo sterco per alcune malattie dello stomaco e altri disturbi.<\/li>\n<li>Possiamo anche trovare <b>acqua potabile nella cacca di elefante<\/b>. Spremendolo, si possono estrarre alcune gocce d'acqua.<\/li>\n<li>Infine, la cacca di elefante \u00e8 nota per essere in grado di <b>produrre biogas.<\/b> Ci\u00f2 \u00e8 possibile perch\u00e9 questo mammifero \u00e8 un erbivoro. Infatti, possiede uno sterco che pu\u00f2 essere utilizzato per generare gas per<b> alimentare una cucina, un circuito elettrico e persino una fonte di calore.<span class=\"Apple-converted-space\">\u00a0<\/span><\/b><\/li>\n<\/ul>\n<p>Le grandi dimensioni, l'ingombro e l'aspetto poco appetibile di questi escrementi non devono sminuire i benefici che se ne possono trarre. Infatti, possono essere utili alla vita umana attuale e futura. Questo<b> materia fecale naturale <\/b>che pu\u00f2 aiutare in molti settori!<span class=\"Apple-converted-space\">\u00a0<\/span><\/p>","protected":false},"excerpt":{"rendered":"<p>Cacca di elefante sbriciolata pronta all'uso. Gli elefanti si nutrono solo di piante, quindi i loro escrementi non hanno odori sgradevoli.<\/p>","protected":false},"featured_media":166,"template":"","meta":[],"product_brand":[],"product_cat":[28],"product_tag":[],"class_list":{"0":"post-165","1":"product","2":"type-product","3":"status-publish","4":"has-post-thumbnail","6":"product_cat-divers","8":"first","9":"outofstock","10":"shipping-taxable","11":"purchasable","12":"product-type-simple"},"yoast_head":"<!-- This site is optimized with the Yoast SEO plugin v26.6 - https:\/\/yoast.com\/wordpress\/plugins\/seo\/ -->\n<title>Caca d&#039;\u00e9l\u00e9phant | Bienfaits nombreux | Ce qu&#039;il faut savoir<\/title>\n<meta name=\"description\" content=\"Avez-vous connaissance du nouveau caf\u00e9 \u00e0 la mode \u00e0 base de caca d\u2019\u00e9l\u00e9phant\u00a0? Un march\u00e9 certes, insolite, mais en plein d\u00e9veloppement !\" \/>\n<meta name=\"robots\" content=\"index, follow, max-snippet:-1, max-image-preview:large, max-video-preview:-1\" \/>\n<link rel=\"canonical\" href=\"https:\/\/www.safinel.fr\/it\/prodotto\/cacca-di-delefante\/\" \/>\n<meta property=\"og:locale\" content=\"it_IT\" \/>\n<meta property=\"og:type\" content=\"article\" \/>\n<meta property=\"og:title\" content=\"Caca d&#039;\u00e9l\u00e9phant | Bienfaits nombreux | Ce qu&#039;il faut savoir\" \/>\n<meta property=\"og:description\" content=\"Avez-vous connaissance du nouveau caf\u00e9 \u00e0 la mode \u00e0 base de caca d\u2019\u00e9l\u00e9phant\u00a0? Un march\u00e9 certes, insolite, mais en plein d\u00e9veloppement !\" \/>\n<meta property=\"og:url\" content=\"https:\/\/www.safinel.fr\/it\/prodotto\/cacca-di-delefante\/\" \/>\n<meta property=\"og:site_name\" content=\"Safinel\" \/>\n<meta property=\"article:modified_time\" content=\"2023-12-30T13:58:08+00:00\" \/>\n<meta property=\"og:image\" content=\"https:\/\/www.safinel.fr\/wp-content\/uploads\/2021\/06\/caca-delephant.jpeg\" \/>\n\t<meta property=\"og:image:width\" content=\"476\" \/>\n\t<meta property=\"og:image:height\" content=\"427\" \/>\n\t<meta property=\"og:image:type\" content=\"image\/jpeg\" \/>\n<meta name=\"twitter:card\" content=\"summary_large_image\" \/>\n<meta name=\"twitter:label1\" content=\"Tempo di lettura stimato\" \/>\n\t<meta name=\"twitter:data1\" content=\"3 minuti\" \/>\n<script type=\"application\/ld+json\" class=\"yoast-schema-graph\">{\"@context\":\"https:\/\/schema.org\",\"@graph\":[{\"@type\":\"WebPage\",\"@id\":\"https:\/\/www.safinel.fr\/produit\/caca-delephant\/\",\"url\":\"https:\/\/www.safinel.fr\/produit\/caca-delephant\/\",\"name\":\"Caca d'\u00e9l\u00e9phant | Bienfaits nombreux | Ce qu'il faut savoir\",\"isPartOf\":{\"@id\":\"https:\/\/www.safinel.fr\/#website\"},\"primaryImageOfPage\":{\"@id\":\"https:\/\/www.safinel.fr\/produit\/caca-delephant\/#primaryimage\"},\"image\":{\"@id\":\"https:\/\/www.safinel.fr\/produit\/caca-delephant\/#primaryimage\"},\"thumbnailUrl\":\"https:\/\/www.safinel.fr\/wp-content\/uploads\/2021\/06\/caca-delephant.jpeg\",\"datePublished\":\"2021-04-26T16:08:29+00:00\",\"dateModified\":\"2023-12-30T13:58:08+00:00\",\"description\":\"Avez-vous connaissance du nouveau caf\u00e9 \u00e0 la mode \u00e0 base de caca d\u2019\u00e9l\u00e9phant\u00a0? Un march\u00e9 certes, insolite, mais en plein d\u00e9veloppement !\",\"breadcrumb\":{\"@id\":\"https:\/\/www.safinel.fr\/produit\/caca-delephant\/#breadcrumb\"},\"inLanguage\":\"it-IT\",\"potentialAction\":[{\"@type\":\"ReadAction\",\"target\":[\"https:\/\/www.safinel.fr\/produit\/caca-delephant\/\"]}]},{\"@type\":\"ImageObject\",\"inLanguage\":\"it-IT\",\"@id\":\"https:\/\/www.safinel.fr\/produit\/caca-delephant\/#primaryimage\",\"url\":\"https:\/\/www.safinel.fr\/wp-content\/uploads\/2021\/06\/caca-delephant.jpeg\",\"contentUrl\":\"https:\/\/www.safinel.fr\/wp-content\/uploads\/2021\/06\/caca-delephant.jpeg\",\"width\":476,\"height\":427,\"caption\":\"Caca d'\u00e9l\u00e9phant | Bienfaits nombreux | Ce qu'il faut savoir\"},{\"@type\":\"BreadcrumbList\",\"@id\":\"https:\/\/www.safinel.fr\/produit\/caca-delephant\/#breadcrumb\",\"itemListElement\":[{\"@type\":\"ListItem\",\"position\":1,\"name\":\"Accueil\",\"item\":\"https:\/\/www.safinel.fr\/\"},{\"@type\":\"ListItem\",\"position\":2,\"name\":\"Boutique\",\"item\":\"https:\/\/www.safinel.fr\/boutique\/\"},{\"@type\":\"ListItem\",\"position\":3,\"name\":\"Caca d&#8217;\u00e9l\u00e9phant 150g\"}]},{\"@type\":\"WebSite\",\"@id\":\"https:\/\/www.safinel.fr\/#website\",\"url\":\"https:\/\/www.safinel.fr\/\",\"name\":\"Safinel\",\"description\":\"\",\"publisher\":{\"@id\":\"https:\/\/www.safinel.fr\/#organization\"},\"potentialAction\":[{\"@type\":\"SearchAction\",\"target\":{\"@type\":\"EntryPoint\",\"urlTemplate\":\"https:\/\/www.safinel.fr\/?s={search_term_string}\"},\"query-input\":{\"@type\":\"PropertyValueSpecification\",\"valueRequired\":true,\"valueName\":\"search_term_string\"}}],\"inLanguage\":\"it-IT\"},{\"@type\":\"Organization\",\"@id\":\"https:\/\/www.safinel.fr\/#organization\",\"name\":\"Safinel\",\"url\":\"https:\/\/www.safinel.fr\/\",\"logo\":{\"@type\":\"ImageObject\",\"inLanguage\":\"it-IT\",\"@id\":\"https:\/\/www.safinel.fr\/#\/schema\/logo\/image\/\",\"url\":\"https:\/\/www.safinel.fr\/wp-content\/uploads\/2021\/05\/boutique-cosmetique.png\",\"contentUrl\":\"https:\/\/www.safinel.fr\/wp-content\/uploads\/2021\/05\/boutique-cosmetique.png\",\"width\":800,\"height\":200,\"caption\":\"Safinel\"},\"image\":{\"@id\":\"https:\/\/www.safinel.fr\/#\/schema\/logo\/image\/\"}}]}<\/script>\n<!-- \/ Yoast SEO plugin. -->","yoast_head_json":{"title":"Cacca di elefante | Molti benefici | Quello che c'\u00e8 da sapere","description":"Avete sentito parlare del nuovo caff\u00e8 di tendenza fatto con la cacca di elefante? \u00c8 un mercato insolito ma in rapida crescita!","robots":{"index":"index","follow":"follow","max-snippet":"max-snippet:-1","max-image-preview":"max-image-preview:large","max-video-preview":"max-video-preview:-1"},"canonical":"https:\/\/www.safinel.fr\/it\/prodotto\/cacca-di-delefante\/","og_locale":"it_IT","og_type":"article","og_title":"Caca d'\u00e9l\u00e9phant | Bienfaits nombreux | Ce qu'il faut savoir","og_description":"Avez-vous connaissance du nouveau caf\u00e9 \u00e0 la mode \u00e0 base de caca d\u2019\u00e9l\u00e9phant\u00a0? Un march\u00e9 certes, insolite, mais en plein d\u00e9veloppement !","og_url":"https:\/\/www.safinel.fr\/it\/prodotto\/cacca-di-delefante\/","og_site_name":"Safinel","article_modified_time":"2023-12-30T13:58:08+00:00","og_image":[{"width":476,"height":427,"url":"https:\/\/www.safinel.fr\/wp-content\/uploads\/2021\/06\/caca-delephant.jpeg","type":"image\/jpeg"}],"twitter_card":"summary_large_image","twitter_misc":{"Tempo di lettura stimato":"3 minuti"},"schema":{"@context":"https:\/\/schema.org","@graph":[{"@type":"WebPage","@id":"https:\/\/www.safinel.fr\/produit\/caca-delephant\/","url":"https:\/\/www.safinel.fr\/produit\/caca-delephant\/","name":"Cacca di elefante | Molti benefici | Quello che c'\u00e8 da sapere","isPartOf":{"@id":"https:\/\/www.safinel.fr\/#website"},"primaryImageOfPage":{"@id":"https:\/\/www.safinel.fr\/produit\/caca-delephant\/#primaryimage"},"image":{"@id":"https:\/\/www.safinel.fr\/produit\/caca-delephant\/#primaryimage"},"thumbnailUrl":"https:\/\/www.safinel.fr\/wp-content\/uploads\/2021\/06\/caca-delephant.jpeg","datePublished":"2021-04-26T16:08:29+00:00","dateModified":"2023-12-30T13:58:08+00:00","description":"Avete sentito parlare del nuovo caff\u00e8 di tendenza fatto con la cacca di elefante? \u00c8 un mercato insolito ma in rapida crescita!","breadcrumb":{"@id":"https:\/\/www.safinel.fr\/produit\/caca-delephant\/#breadcrumb"},"inLanguage":"it-IT","potentialAction":[{"@type":"ReadAction","target":["https:\/\/www.safinel.fr\/produit\/caca-delephant\/"]}]},{"@type":"ImageObject","inLanguage":"it-IT","@id":"https:\/\/www.safinel.fr\/produit\/caca-delephant\/#primaryimage","url":"https:\/\/www.safinel.fr\/wp-content\/uploads\/2021\/06\/caca-delephant.jpeg","contentUrl":"https:\/\/www.safinel.fr\/wp-content\/uploads\/2021\/06\/caca-delephant.jpeg","width":476,"height":427,"caption":"Caca d'\u00e9l\u00e9phant | Bienfaits nombreux | Ce qu'il faut savoir"},{"@type":"BreadcrumbList","@id":"https:\/\/www.safinel.fr\/produit\/caca-delephant\/#breadcrumb","itemListElement":[{"@type":"ListItem","position":1,"name":"Accueil","item":"https:\/\/www.safinel.fr\/"},{"@type":"ListItem","position":2,"name":"Boutique","item":"https:\/\/www.safinel.fr\/boutique\/"},{"@type":"ListItem","position":3,"name":"Caca d&#8217;\u00e9l\u00e9phant 150g"}]},{"@type":"WebSite","@id":"https:\/\/www.safinel.fr\/#website","url":"https:\/\/www.safinel.fr\/","name":"Safinel","description":"","publisher":{"@id":"https:\/\/www.safinel.fr\/#organization"},"potentialAction":[{"@type":"SearchAction","target":{"@type":"EntryPoint","urlTemplate":"https:\/\/www.safinel.fr\/?s={search_term_string}"},"query-input":{"@type":"PropertyValueSpecification","valueRequired":true,"valueName":"search_term_string"}}],"inLanguage":"it-IT"},{"@type":"Organization","@id":"https:\/\/www.safinel.fr\/#organization","name":"Safinel","url":"https:\/\/www.safinel.fr\/","logo":{"@type":"ImageObject","inLanguage":"it-IT","@id":"https:\/\/www.safinel.fr\/#\/schema\/logo\/image\/","url":"https:\/\/www.safinel.fr\/wp-content\/uploads\/2021\/05\/boutique-cosmetique.png","contentUrl":"https:\/\/www.safinel.fr\/wp-content\/uploads\/2021\/05\/boutique-cosmetique.png","width":800,"height":200,"caption":"Safinel"},"image":{"@id":"https:\/\/www.safinel.fr\/#\/schema\/logo\/image\/"}}]}},"_links":{"self":[{"href":"https:\/\/www.safinel.fr\/it\/wp-json\/wp\/v2\/product\/165","targetHints":{"allow":["GET"]}}],"collection":[{"href":"https:\/\/www.safinel.fr\/it\/wp-json\/wp\/v2\/product"}],"about":[{"href":"https:\/\/www.safinel.fr\/it\/wp-json\/wp\/v2\/types\/product"}],"wp:featuredmedia":[{"embeddable":true,"href":"https:\/\/www.safinel.fr\/it\/wp-json\/wp\/v2\/media\/166"}],"wp:attachment":[{"href":"https:\/\/www.safinel.fr\/it\/wp-json\/wp\/v2\/media?parent=165"}],"wp:term":[{"taxonomy":"product_brand","embeddable":true,"href":"https:\/\/www.safinel.fr\/it\/wp-json\/wp\/v2\/product_brand?post=165"},{"taxonomy":"product_cat","embeddable":true,"href":"https:\/\/www.safinel.fr\/it\/wp-json\/wp\/v2\/product_cat?post=165"},{"taxonomy":"product_tag","embeddable":true,"href":"https:\/\/www.safinel.fr\/it\/wp-json\/wp\/v2\/product_tag?post=165"}],"curies":[{"name":"wp","href":"https:\/\/api.w.org\/{rel}","templated":true}]}}