{"id":1633,"date":"2022-07-04T10:26:38","date_gmt":"2022-07-04T10:26:38","guid":{"rendered":"https:\/\/www.safinel.fr\/?post_type=product&#038;p=1633"},"modified":"2025-06-01T06:07:26","modified_gmt":"2025-06-01T06:07:26","slug":"radici-di-gouro","status":"publish","type":"product","link":"https:\/\/www.safinel.fr\/it\/prodotto\/radici-di-gouro\/","title":{"rendered":"Radici di gouro"},"content":{"rendered":"<p>Il\u00a0<strong>radici di gouro<\/strong>\u00a0sono ampiamente conosciuti in Costa d'Avorio per le loro propriet\u00e0 afrodisiache. Sono naturali e altamente efficaci per la disfunzione erettile negli uomini. \u00c8 anche un noto rimedio naturale per l'impotenza, l'eiaculazione precoce, la bassa libido e altre condizioni.<\/p>\n<h2><strong>Che cosa significa \u201cgouro\u201d? Da dove deriva questa parola?<\/strong><\/h2>\n<p>Il popolo Gouro \u00e8 composto da persone provenienti da diversi Paesi: Nigeria, Mali, Burkina Faso e altri gruppi etnici. Le loro attivit\u00e0 principali erano l'agricoltura, il fabbro e la scultura. Commerciavano e barattavano prodotti alimentari come sale e pesce secco con i popoli del Nord in cambio dei loro raccolti. Tutti questi scambi permisero loro di diversificare i prodotti di consumo quotidiano, come i perizomi e l'avorio.<\/p>\n<p>Questa micro-societ\u00e0 nella societ\u00e0 aveva una propria lingua e propri codici. Sono un popolo animista, il che significa che condividono la credenza pagana che tutti gli esseri viventi (cos\u00ec come gli oggetti) abbiano un'anima propria. In breve, tutto ci\u00f2 che li circonda ha un'anima, che sia un essere vivente, una pianta o un oggetto.<\/p>\n<p>I gouros non avevano l'abitudine di barattare o scambiare tra loro; piuttosto, chiunque avesse bisogno di aiuto lo chiedeva. In cambio, chi aveva bisogno di qualcosa poteva andare a prenderlo senza chiedere il permesso. Era un loro pieno diritto ed era cos\u00ec che vivevano, ma oggi \u00e8 sempre meno cos\u00ec.<\/p>\n<p>In seguito, i bambini guro venivano mandati fuori molto presto al mattino per vendere o scambiare i raccolti in eccesso. Ci\u00f2 che non consumavano e ci\u00f2 che rimaneva diventava una potenziale moneta. Poi i commercianti che viaggiavano di villaggio in villaggio iniziarono a barattare con loro. Poi sono subentrate le donne... Questo \u00e8 stato l'inizio del commercio e dei mercati del gouro che sono diventati cos\u00ec popolari.<\/p>\n<h2><strong>La storia delle radici di gouro o viagra naturale<\/strong><\/h2>\n<p>In passato, uno dei gouros soffriva di dolori ai reni durante il lavoro nei campi. Decise quindi di utilizzare questo\u00a0<strong>bastone da gouro<\/strong>\u00a0che, come \u00e8 noto, li calmava. Quando arriv\u00f2 a casa, inizi\u00f2 a masticare la radice. Poi, mentre la masticava e ne inghiottiva il succo mescolato alla saliva, si rese conto del suo effetto afrodisiaco. Non tard\u00f2 a decantarne i meriti tra i suoi amici e questo fu il motivo della sua fama.<\/p>\n<p>Raccolta\u00a0<strong>radici di gouro<\/strong>\u00a0\u00e8 tramandato di generazione in generazione ed \u00e8 gelosamente custodito. Secondo un conoscitore, contiene le radici di alberi della foresta e della savana. Alcuni sostengono che di questa pianta si possa sfruttare tutto, dalle radici ai rami e alle foglie. Pu\u00f2 provenire da diversi alberi, come l'acacia, il kolatier o la papaya.<\/p>\n<p>Gli ivoriani sono molto affezionati a questo rimedio ancestrale, che egli descrive come\u00a0<strong>viagra naturale\u00a0<\/strong>o anche\u00a0<strong>cura miracolosa<\/strong>. Sul web abbondano le testimonianze di coppie che sono state \u201csalvate\u201d da questa causa. Alcune donne raccontano che l'impotenza del marito impediva loro di rimanere incinte. A quel punto hanno deciso di usare questo bastone, che ha avuto un grande successo.\u00a0<strong>un efficace rimedio naturale per la riproduzione<\/strong>.<\/p>\n<p>Tuttavia, questa pianta terapeutica \u00e8 ormai conosciuta nella maggior parte dei Paesi africani, come il Senegal, il Mali, il Burkina Faso, il Niger, ecc. Infatti, le radici di gouro hanno molti altri benefici, che condivideremo di seguito.<\/p>\n<h2><strong>Le virt\u00f9 delle radici di gouro<\/strong><\/h2>\n<h3><strong>Vantaggi e propriet\u00e0<\/strong><\/h3>\n<ul>\n<li><strong>Decuplica la capacit\u00e0 sessuale<\/strong>\u00a0Questa pianta stimola infatti l'appetito sessuale dell'uomo aumentando i livelli di testosterone.<\/li>\n<li><strong>Contro le emorroidi<\/strong>\u00a0L'effetto sulla circolazione sanguigna fa s\u00ec che sia una misura preventiva e un valido aiuto per ridurre il gonfiore delle vene e alleviare gli attacchi. Come\u00a0<strong><a href=\"https:\/\/www.safinel.fr\/it\/prodotto\/foglie-di-fumbwa\/\">foglie di fumbwa<\/a>.\u00a0<\/strong><\/li>\n<li><strong>Impotenza<\/strong>\u00a0\u00c8 un rimedio naturale efficace per gli uomini che accusano un calo della libido o che desiderano migliorarla.<\/li>\n<li><strong>Eiaculazione precoce<\/strong>\u00a0La radice di Gouro aiuta a prolungare l'erezione.<\/li>\n<li><strong>Miglioramento della libido<\/strong>\u00a0Aumenta il tono generale, l'energia e il desiderio sessuale.<\/li>\n<li><strong>Pulisce i reni<\/strong>\u00a0Oltre alle sue propriet\u00e0 circolatorie, \u00e8 un eccellente diuretico.<\/li>\n<li><strong>Problemi digestivi<\/strong>\u00a0Inoltre, \u00e8 efficace contro i disturbi gastrointestinali che causano stitichezza.<\/li>\n<\/ul>\n<p>La radice di Gouro \u00e8 sconsigliata alle donne in gravidanza, poich\u00e9 esiste il rischio di aborto spontaneo.<\/p>\n<h3><strong>Il suo utilizzo come stuzzicadenti per il gouro<\/strong><\/h3>\n<p>In Africa, molte persone lo usano al posto dello spazzolino per l'igiene orale. Secondo i suoi utilizzatori, non si verificano problemi di carie e di alito cattivo. Gli stuzzicadenti Gouro sono molto richiesti in diversi Paesi, tra cui Senegal, Mali, Mauritania, Niger, Burkina Faso e, naturalmente, Costa d'Avorio. Gli stuzzicadenti Gouro proteggono denti e gengive e rinfrescano l'alito.<\/p>\n<h2><strong>Come si usano le radici di gouro?<\/strong><\/h2>\n<p>Ci sono diversi modi per usare il gouro...<\/p>\n<h3><strong>Trattamento lungo<\/strong><\/h3>\n<p>Si consiglia di mettere le radici di gouro in una bottiglia o in una caraffa. Quindi aggiungere acqua e lasciare macerare in un luogo fresco per 6 giorni. Bere quindi un bicchiere di questo liquido al mattino a digiuno e a pranzo. Si consiglia di consumarlo per almeno un mese.<\/p>\n<p>Questo uso ricorda quello di<strong>\u00a0<a href=\"https:\/\/www.safinel.fr\/it\/prodotto\/radici-di-vetiver\/\">radice di vetiver<\/a><\/strong>\u00a0!<\/p>\n<h3><strong>Uso occasionale<\/strong><\/h3>\n<p>Per un uso occasionale o per sostenere un trattamento prolungato, \u00e8 possibile masticare il gambo inghiottendo il succo! Tuttavia, \u00e8 consigliabile iniziare a masticare circa un'ora prima del rapporto sessuale per dargli il tempo di agire. La sua azione sul flusso sanguigno favorir\u00e0 l'erezione.<\/p>\n<h3><strong>Stuzzicadenti o spazzolino da denti<\/strong><\/h3>\n<p>\u00c8 sufficiente masticare la parte superiore per inumidirla. Una volta ammorbidita, \u00e8 sufficiente strofinare la\u00a0<strong>spazzola naturale\u00a0<\/strong>sui denti. Tuttavia, una volta terminato l'uso, \u00e8 necessario lasciare asciugare il bastoncino prima di poterlo riutilizzare. Se non c'\u00e8 pi\u00f9 succo, tagliate la parte che avete usato.<\/p>","protected":false},"excerpt":{"rendered":"<p><strong>Dosaggio e uso della radice di guru :<\/strong><\/p>\n<ul>\n<li>1: masticare l'estremit\u00e0 di una radice 1 ora prima del rapporto sessuale e inghiottire il succo. \u00c8 possibile ripetere questa operazione ogni sera.<\/li>\n<li>2: Riempite una bottiglia a bastoncino fino all'orlo, poi riempitela con acqua tiepida (circa 40 gradi).<\/li>\n<\/ul>\n<p>Lasciare macerare per 24-48 ore, quindi assumere un bicchiere d'acqua ogni sera prima di mangiare o 1 ora prima del rapporto sessuale.<\/p>\n<p><img decoding=\"async\" class=\"size-full wp-image-5091 aligncenter\" src=\"https:\/\/www.safinel.fr\/wp-content\/uploads\/2021\/06\/BANNIERE-ICONE-SAFINEL.webp\" alt=\"riassicurazione satine\" width=\"800\" height=\"200\" srcset=\"https:\/\/www.safinel.fr\/wp-content\/uploads\/2021\/06\/BANNIERE-ICONE-SAFINEL.webp 800w, https:\/\/www.safinel.fr\/wp-content\/uploads\/2021\/06\/BANNIERE-ICONE-SAFINEL-600x150.webp 600w, https:\/\/www.safinel.fr\/wp-content\/uploads\/2021\/06\/BANNIERE-ICONE-SAFINEL-768x192.webp 768w\" sizes=\"(max-width: 800px) 100vw, 800px\" \/><\/p>","protected":false},"featured_media":1636,"template":"","meta":[],"product_brand":[],"product_cat":[15],"product_tag":[],"class_list":{"0":"post-1633","1":"product","2":"type-product","3":"status-publish","4":"has-post-thumbnail","6":"product_cat-fertilite","8":"first","9":"outofstock","10":"shipping-taxable","11":"purchasable","12":"product-type-variable"},"yoast_head":"<!-- This site is optimized with the Yoast SEO plugin v26.6 - https:\/\/yoast.com\/wordpress\/plugins\/seo\/ -->\n<title>Racines de gouro I Aphrodisiaque naturel I Rem\u00e8de naturel<\/title>\n<meta name=\"description\" content=\"Les\u00a0racines de gouro\u00a0sont tr\u00e8s connues en C\u00f4te d\u2019ivoire pour leurs vertus aphrodisiaques. Bonne d\u00e9couverte \u00e0 vous sur Safinel.fr\" \/>\n<meta name=\"robots\" content=\"index, follow, max-snippet:-1, max-image-preview:large, max-video-preview:-1\" \/>\n<link rel=\"canonical\" href=\"https:\/\/www.safinel.fr\/it\/prodotto\/radici-di-gouro\/\" \/>\n<meta property=\"og:locale\" content=\"it_IT\" \/>\n<meta property=\"og:type\" content=\"article\" \/>\n<meta property=\"og:title\" content=\"Racines de gouro I Aphrodisiaque naturel I Rem\u00e8de naturel\" \/>\n<meta property=\"og:description\" content=\"Les\u00a0racines de gouro\u00a0sont tr\u00e8s connues en C\u00f4te d\u2019ivoire pour leurs vertus aphrodisiaques. Bonne d\u00e9couverte \u00e0 vous sur Safinel.fr\" \/>\n<meta property=\"og:url\" content=\"https:\/\/www.safinel.fr\/it\/prodotto\/radici-di-gouro\/\" \/>\n<meta property=\"og:site_name\" content=\"Safinel\" \/>\n<meta property=\"article:modified_time\" content=\"2025-06-01T06:07:26+00:00\" \/>\n<meta property=\"og:image\" content=\"https:\/\/www.safinel.fr\/wp-content\/uploads\/2022\/07\/racines-de-gouro.jpg\" \/>\n\t<meta property=\"og:image:width\" content=\"600\" \/>\n\t<meta property=\"og:image:height\" content=\"600\" \/>\n\t<meta property=\"og:image:type\" content=\"image\/jpeg\" \/>\n<meta name=\"twitter:card\" content=\"summary_large_image\" \/>\n<meta name=\"twitter:label1\" content=\"Tempo di lettura stimato\" \/>\n\t<meta name=\"twitter:data1\" content=\"6 minuti\" \/>\n<script type=\"application\/ld+json\" class=\"yoast-schema-graph\">{\"@context\":\"https:\/\/schema.org\",\"@graph\":[{\"@type\":\"WebPage\",\"@id\":\"https:\/\/www.safinel.fr\/produit\/racines-de-gouro\/\",\"url\":\"https:\/\/www.safinel.fr\/produit\/racines-de-gouro\/\",\"name\":\"Racines de gouro I Aphrodisiaque naturel I Rem\u00e8de naturel\",\"isPartOf\":{\"@id\":\"https:\/\/www.safinel.fr\/#website\"},\"primaryImageOfPage\":{\"@id\":\"https:\/\/www.safinel.fr\/produit\/racines-de-gouro\/#primaryimage\"},\"image\":{\"@id\":\"https:\/\/www.safinel.fr\/produit\/racines-de-gouro\/#primaryimage\"},\"thumbnailUrl\":\"https:\/\/www.safinel.fr\/wp-content\/uploads\/2022\/07\/racines-de-gouro.jpg\",\"datePublished\":\"2022-07-04T10:26:38+00:00\",\"dateModified\":\"2025-06-01T06:07:26+00:00\",\"description\":\"Les\u00a0racines de gouro\u00a0sont tr\u00e8s connues en C\u00f4te d\u2019ivoire pour leurs vertus aphrodisiaques. Bonne d\u00e9couverte \u00e0 vous sur Safinel.fr\",\"breadcrumb\":{\"@id\":\"https:\/\/www.safinel.fr\/produit\/racines-de-gouro\/#breadcrumb\"},\"inLanguage\":\"it-IT\",\"potentialAction\":[{\"@type\":\"ReadAction\",\"target\":[\"https:\/\/www.safinel.fr\/produit\/racines-de-gouro\/\"]}]},{\"@type\":\"ImageObject\",\"inLanguage\":\"it-IT\",\"@id\":\"https:\/\/www.safinel.fr\/produit\/racines-de-gouro\/#primaryimage\",\"url\":\"https:\/\/www.safinel.fr\/wp-content\/uploads\/2022\/07\/racines-de-gouro.jpg\",\"contentUrl\":\"https:\/\/www.safinel.fr\/wp-content\/uploads\/2022\/07\/racines-de-gouro.jpg\",\"width\":600,\"height\":600,\"caption\":\"Racines de gouro\"},{\"@type\":\"BreadcrumbList\",\"@id\":\"https:\/\/www.safinel.fr\/produit\/racines-de-gouro\/#breadcrumb\",\"itemListElement\":[{\"@type\":\"ListItem\",\"position\":1,\"name\":\"Accueil\",\"item\":\"https:\/\/www.safinel.fr\/\"},{\"@type\":\"ListItem\",\"position\":2,\"name\":\"Boutique\",\"item\":\"https:\/\/www.safinel.fr\/boutique\/\"},{\"@type\":\"ListItem\",\"position\":3,\"name\":\"Racines de gouro\"}]},{\"@type\":\"WebSite\",\"@id\":\"https:\/\/www.safinel.fr\/#website\",\"url\":\"https:\/\/www.safinel.fr\/\",\"name\":\"Safinel\",\"description\":\"\",\"publisher\":{\"@id\":\"https:\/\/www.safinel.fr\/#organization\"},\"potentialAction\":[{\"@type\":\"SearchAction\",\"target\":{\"@type\":\"EntryPoint\",\"urlTemplate\":\"https:\/\/www.safinel.fr\/?s={search_term_string}\"},\"query-input\":{\"@type\":\"PropertyValueSpecification\",\"valueRequired\":true,\"valueName\":\"search_term_string\"}}],\"inLanguage\":\"it-IT\"},{\"@type\":\"Organization\",\"@id\":\"https:\/\/www.safinel.fr\/#organization\",\"name\":\"Safinel\",\"url\":\"https:\/\/www.safinel.fr\/\",\"logo\":{\"@type\":\"ImageObject\",\"inLanguage\":\"it-IT\",\"@id\":\"https:\/\/www.safinel.fr\/#\/schema\/logo\/image\/\",\"url\":\"https:\/\/www.safinel.fr\/wp-content\/uploads\/2021\/05\/boutique-cosmetique.png\",\"contentUrl\":\"https:\/\/www.safinel.fr\/wp-content\/uploads\/2021\/05\/boutique-cosmetique.png\",\"width\":800,\"height\":200,\"caption\":\"Safinel\"},\"image\":{\"@id\":\"https:\/\/www.safinel.fr\/#\/schema\/logo\/image\/\"}}]}<\/script>\n<!-- \/ Yoast SEO plugin. -->","yoast_head_json":{"title":"Radici di gouro I Afrodisiaco naturale I Rimedio naturale","description":"Le radici di Gouro sono ampiamente conosciute in Costa d'Avorio per le loro propriet\u00e0 afrodisiache. Buona scoperta su Safinel.fr","robots":{"index":"index","follow":"follow","max-snippet":"max-snippet:-1","max-image-preview":"max-image-preview:large","max-video-preview":"max-video-preview:-1"},"canonical":"https:\/\/www.safinel.fr\/it\/prodotto\/radici-di-gouro\/","og_locale":"it_IT","og_type":"article","og_title":"Racines de gouro I Aphrodisiaque naturel I Rem\u00e8de naturel","og_description":"Les\u00a0racines de gouro\u00a0sont tr\u00e8s connues en C\u00f4te d\u2019ivoire pour leurs vertus aphrodisiaques. Bonne d\u00e9couverte \u00e0 vous sur Safinel.fr","og_url":"https:\/\/www.safinel.fr\/it\/prodotto\/radici-di-gouro\/","og_site_name":"Safinel","article_modified_time":"2025-06-01T06:07:26+00:00","og_image":[{"width":600,"height":600,"url":"https:\/\/www.safinel.fr\/wp-content\/uploads\/2022\/07\/racines-de-gouro.jpg","type":"image\/jpeg"}],"twitter_card":"summary_large_image","twitter_misc":{"Tempo di lettura stimato":"6 minuti"},"schema":{"@context":"https:\/\/schema.org","@graph":[{"@type":"WebPage","@id":"https:\/\/www.safinel.fr\/produit\/racines-de-gouro\/","url":"https:\/\/www.safinel.fr\/produit\/racines-de-gouro\/","name":"Radici di gouro I Afrodisiaco naturale I Rimedio naturale","isPartOf":{"@id":"https:\/\/www.safinel.fr\/#website"},"primaryImageOfPage":{"@id":"https:\/\/www.safinel.fr\/produit\/racines-de-gouro\/#primaryimage"},"image":{"@id":"https:\/\/www.safinel.fr\/produit\/racines-de-gouro\/#primaryimage"},"thumbnailUrl":"https:\/\/www.safinel.fr\/wp-content\/uploads\/2022\/07\/racines-de-gouro.jpg","datePublished":"2022-07-04T10:26:38+00:00","dateModified":"2025-06-01T06:07:26+00:00","description":"Le radici di Gouro sono ampiamente conosciute in Costa d'Avorio per le loro propriet\u00e0 afrodisiache. Buona scoperta su Safinel.fr","breadcrumb":{"@id":"https:\/\/www.safinel.fr\/produit\/racines-de-gouro\/#breadcrumb"},"inLanguage":"it-IT","potentialAction":[{"@type":"ReadAction","target":["https:\/\/www.safinel.fr\/produit\/racines-de-gouro\/"]}]},{"@type":"ImageObject","inLanguage":"it-IT","@id":"https:\/\/www.safinel.fr\/produit\/racines-de-gouro\/#primaryimage","url":"https:\/\/www.safinel.fr\/wp-content\/uploads\/2022\/07\/racines-de-gouro.jpg","contentUrl":"https:\/\/www.safinel.fr\/wp-content\/uploads\/2022\/07\/racines-de-gouro.jpg","width":600,"height":600,"caption":"Racines de gouro"},{"@type":"BreadcrumbList","@id":"https:\/\/www.safinel.fr\/produit\/racines-de-gouro\/#breadcrumb","itemListElement":[{"@type":"ListItem","position":1,"name":"Accueil","item":"https:\/\/www.safinel.fr\/"},{"@type":"ListItem","position":2,"name":"Boutique","item":"https:\/\/www.safinel.fr\/boutique\/"},{"@type":"ListItem","position":3,"name":"Racines de gouro"}]},{"@type":"WebSite","@id":"https:\/\/www.safinel.fr\/#website","url":"https:\/\/www.safinel.fr\/","name":"Safinel","description":"","publisher":{"@id":"https:\/\/www.safinel.fr\/#organization"},"potentialAction":[{"@type":"SearchAction","target":{"@type":"EntryPoint","urlTemplate":"https:\/\/www.safinel.fr\/?s={search_term_string}"},"query-input":{"@type":"PropertyValueSpecification","valueRequired":true,"valueName":"search_term_string"}}],"inLanguage":"it-IT"},{"@type":"Organization","@id":"https:\/\/www.safinel.fr\/#organization","name":"Safinel","url":"https:\/\/www.safinel.fr\/","logo":{"@type":"ImageObject","inLanguage":"it-IT","@id":"https:\/\/www.safinel.fr\/#\/schema\/logo\/image\/","url":"https:\/\/www.safinel.fr\/wp-content\/uploads\/2021\/05\/boutique-cosmetique.png","contentUrl":"https:\/\/www.safinel.fr\/wp-content\/uploads\/2021\/05\/boutique-cosmetique.png","width":800,"height":200,"caption":"Safinel"},"image":{"@id":"https:\/\/www.safinel.fr\/#\/schema\/logo\/image\/"}}]}},"_links":{"self":[{"href":"https:\/\/www.safinel.fr\/it\/wp-json\/wp\/v2\/product\/1633","targetHints":{"allow":["GET"]}}],"collection":[{"href":"https:\/\/www.safinel.fr\/it\/wp-json\/wp\/v2\/product"}],"about":[{"href":"https:\/\/www.safinel.fr\/it\/wp-json\/wp\/v2\/types\/product"}],"wp:featuredmedia":[{"embeddable":true,"href":"https:\/\/www.safinel.fr\/it\/wp-json\/wp\/v2\/media\/1636"}],"wp:attachment":[{"href":"https:\/\/www.safinel.fr\/it\/wp-json\/wp\/v2\/media?parent=1633"}],"wp:term":[{"taxonomy":"product_brand","embeddable":true,"href":"https:\/\/www.safinel.fr\/it\/wp-json\/wp\/v2\/product_brand?post=1633"},{"taxonomy":"product_cat","embeddable":true,"href":"https:\/\/www.safinel.fr\/it\/wp-json\/wp\/v2\/product_cat?post=1633"},{"taxonomy":"product_tag","embeddable":true,"href":"https:\/\/www.safinel.fr\/it\/wp-json\/wp\/v2\/product_tag?post=1633"}],"curies":[{"name":"wp","href":"https:\/\/api.w.org\/{rel}","templated":true}]}}