{"id":1614,"date":"2022-07-02T09:42:44","date_gmt":"2022-07-02T09:42:44","guid":{"rendered":"https:\/\/www.safinel.fr\/?post_type=product&#038;p=1614"},"modified":"2024-10-06T16:18:24","modified_gmt":"2024-10-06T16:18:24","slug":"sapone-osun-dudu","status":"publish","type":"product","link":"https:\/\/www.safinel.fr\/it\/prodotto\/sapone-osun-dudu\/","title":{"rendered":"Sapone Osun dudu 150g"},"content":{"rendered":"<p><strong>Bagno di vapore<\/strong>, hammam, o semplicemente\u00a0<strong>cura del corpo<\/strong>, Prendersi cura di s\u00e9 \u00e8 diventato essenziale per la propria sicurezza, ma anche per il proprio morale! Ecco perch\u00e9 vorremmo presentarvi il<strong>\u00a0Sapone nero Dudu Osun<\/strong>\u00a0!<\/p>\n<h2><strong>Le presentazioni vengono fatte con il sapone nero Dudu Osun.\u00a0<\/strong><\/h2>\n<p>In primo luogo, l'ordine del giorno,\u00a0<strong>cura e benessere<\/strong>\u00a0! \u00c8 il momento di pensare a se stessi e di prendersi il tempo necessario per regalarsi... La felicit\u00e0 a volte arriva nei piccoli dettagli. E se quel piccolo dettaglio fosse il sapone nero Dudu Osun?<\/p>\n<p>Il sapone nero \u00e8 uno dei pi\u00f9 efficaci<strong>\u00a0cosmetici detergenti<\/strong>\u00a0del mondo. Inoltre, spesso associato ai bagni di vapore, questo piccolo\u00a0<strong>saponetta<\/strong>\u00a0\u00e8 notevole per le sue qualit\u00e0 naturali e per la sua\u00a0<strong>purificante<\/strong>.<\/p>\n<p>Per saperne di pi\u00f9\u00a0<strong>prodotto 100% naturale\u00a0<\/strong>dalla Nigeria. \u00c8 stato lavorato a mano utilizzando il know-how tradizionale. Il suo contenuto di 150 g \u00e8 un vero vantaggio per chi vuole godersi questo prodotto a lungo termine.<strong>\u00a0sapone solido naturale<\/strong>.<\/p>\n<p>Che si tratti di un regalo o di un regalo per se stessi, questo detergente \u00e8 probabilmente il prodotto che fa per voi! Affidatevi alla natura e godetevi tutti i benefici che ha da offrire...<\/p>\n<h2><strong>I benefici del sapone nero Dudu Osun\u00a0<\/strong><\/h2>\n<p>\u00c8 ora di andare al nocciolo della questione e di parlare di<strong>\u00a0virt\u00f9 di questo sapone tradizionale<\/strong>\u00a0! Infatti, contiene un buon numero di\u2019<strong>ingredienti naturali<\/strong>. Burro di karit\u00e9, succo di lime, legno di cammello, cenere vegetale e semi di cacao. Una composizione notevole che gli conferisce l'aspetto fiero di un<strong>\u00a0prodotto biodegradabile 100%<\/strong>, Senza coloranti o conservanti artificiali. Come potete vedere, questa pepita fatta in casa pu\u00f2 diventare rapidamente una risorsa quotidiana per la vostra routine di cura della pelle.<\/p>\n<p>Inoltre, noto per la sua\u00a0<strong>qualit\u00e0 purificanti,<\/strong>\u00a0Per tutti i tipi di pelle, \u00e8 il cosmetico da avere in bagno.<\/p>\n<p>\u00c8 noto anche per i suoi benefici riparatori su alcuni<strong>\u00a0imperfezioni della pelle<\/strong>\u00a0come :<\/p>\n<ul>\n<li>Problema dell'acne<\/li>\n<li>Pelle opaca<\/li>\n<li><strong>Punti neri<\/strong><\/li>\n<li>Pulsanti e attivit\u00e0<\/li>\n<li>Cicatrici legate ai brufoli dell'acne<\/li>\n<li>Eccesso di sebo<\/li>\n<\/ul>\n<p>Infatti, rinomato per le sue numerose virt\u00f9, \u00e8 anche un ottimo<strong>\u00a0sapone naturale<\/strong>\u00a0con propriet\u00e0 ammorbidenti e nutrienti. \u00c8 anche noto per illuminare l'incarnato, grazie al suo uso frequente. Inoltre, pu\u00f2 essere utilizzato su corpo e viso, ma anche sui capelli, che aspettano solo di essere trattati.<\/p>\n<h3><strong>Scoprite le nostre numerose sorprese!\u00a0<\/strong><\/h3>\n<p>Il vostro negozio online Safinel \u00e8 sempre pronto a offrirvi prodotti naturali di qualit\u00e0! Ecco perch\u00e9 abbiamo messo in evidenza i\u00a0<strong>Dudu Osun<\/strong>, per la gioia di molti di voi!<\/p>\n<p>Inoltre, \u00e8 arrivato il momento di conoscere alcuni dei nostri prodotti... Sorpresa, sorpresa, nuovi prodotti vi aspettano! Avete gi\u00e0 sentito parlare di<strong>\u00a0<a href=\"https:\/\/www.safinel.fr\/it\/prodotto\/olio-di-granchio\/\">Olio Chebe<\/a><\/strong>\u00a0? La bellezza del Ciad potrebbe essere legata a questo prodotto naturale... Per non fare spoiler, vi rimandiamo all'articolo corrispondente.<\/p>\n<p>E scoprite anche il\u00a0<a href=\"https:\/\/www.safinel.fr\/it\/prodotto\/foglie-di-guava\/\"><strong>foglie di guava<\/strong><\/a>, e i loro benefici contro il colesterolo, oltre a molte altre cose...<\/p>","protected":false},"excerpt":{"rendered":"<p>Bagno di vapore, hammam o semplicemente trattamenti per il corpo: prendersi cura di s\u00e9 \u00e8 diventato fondamentale per la fiducia in s\u00e9 stessi, ma anche per il morale! Ecco perch\u00e9 desideriamo farvi scoprire il sapone nero Dudu Osun! Le presentazioni iniziano con il sapone nero Dudu Osun. Innanzitutto, all'ordine del giorno: cura e benessere! [\u2026]","protected":false},"featured_media":1615,"template":"","meta":[],"product_brand":[],"product_cat":[41,123],"product_tag":[],"class_list":{"0":"post-1614","1":"product","2":"type-product","3":"status-publish","4":"has-post-thumbnail","6":"product_cat-produits-naturels-divers","7":"product_cat-savon","9":"first","10":"instock","11":"shipping-taxable","12":"purchasable","13":"product-type-simple"},"yoast_head":"<!-- This site is optimized with the Yoast SEO plugin v26.6 - https:\/\/yoast.com\/wordpress\/plugins\/seo\/ -->\n<title>Savon dudu osun 150g I Savon de couleur noire de qualit\u00e9<\/title>\n<meta name=\"description\" content=\"Prendre soin de soi est devenu primordial pour la confiance ! Nous souhaitons vous faire d\u00e9couvrir le\u00a0savon noir Dudu Osun\u00a0!\u00a0\" \/>\n<meta name=\"robots\" content=\"index, follow, max-snippet:-1, max-image-preview:large, max-video-preview:-1\" \/>\n<link rel=\"canonical\" href=\"https:\/\/www.safinel.fr\/it\/prodotto\/sapone-osun-dudu\/\" \/>\n<meta property=\"og:locale\" content=\"it_IT\" \/>\n<meta property=\"og:type\" content=\"article\" \/>\n<meta property=\"og:title\" content=\"Savon dudu osun 150g I Savon de couleur noire de qualit\u00e9\" \/>\n<meta property=\"og:description\" content=\"Prendre soin de soi est devenu primordial pour la confiance ! Nous souhaitons vous faire d\u00e9couvrir le\u00a0savon noir Dudu Osun\u00a0!\u00a0\" \/>\n<meta property=\"og:url\" content=\"https:\/\/www.safinel.fr\/it\/prodotto\/sapone-osun-dudu\/\" \/>\n<meta property=\"og:site_name\" content=\"Safinel\" \/>\n<meta property=\"article:modified_time\" content=\"2024-10-06T16:18:24+00:00\" \/>\n<meta property=\"og:image\" content=\"https:\/\/www.safinel.fr\/wp-content\/uploads\/2022\/07\/savon-dudu-osun.jpg\" \/>\n\t<meta property=\"og:image:width\" content=\"600\" \/>\n\t<meta property=\"og:image:height\" content=\"600\" \/>\n\t<meta property=\"og:image:type\" content=\"image\/jpeg\" \/>\n<meta name=\"twitter:card\" content=\"summary_large_image\" \/>\n<meta name=\"twitter:label1\" content=\"Tempo di lettura stimato\" \/>\n\t<meta name=\"twitter:data1\" content=\"3 minuti\" \/>\n<script type=\"application\/ld+json\" class=\"yoast-schema-graph\">{\"@context\":\"https:\/\/schema.org\",\"@graph\":[{\"@type\":\"WebPage\",\"@id\":\"https:\/\/www.safinel.fr\/produit\/savon-dudu-osun\/\",\"url\":\"https:\/\/www.safinel.fr\/produit\/savon-dudu-osun\/\",\"name\":\"Savon dudu osun 150g I Savon de couleur noire de qualit\u00e9\",\"isPartOf\":{\"@id\":\"https:\/\/www.safinel.fr\/#website\"},\"primaryImageOfPage\":{\"@id\":\"https:\/\/www.safinel.fr\/produit\/savon-dudu-osun\/#primaryimage\"},\"image\":{\"@id\":\"https:\/\/www.safinel.fr\/produit\/savon-dudu-osun\/#primaryimage\"},\"thumbnailUrl\":\"https:\/\/www.safinel.fr\/wp-content\/uploads\/2022\/07\/savon-dudu-osun.jpg\",\"datePublished\":\"2022-07-02T09:42:44+00:00\",\"dateModified\":\"2024-10-06T16:18:24+00:00\",\"description\":\"Prendre soin de soi est devenu primordial pour la confiance ! Nous souhaitons vous faire d\u00e9couvrir le\u00a0savon noir Dudu Osun\u00a0!\u00a0\",\"breadcrumb\":{\"@id\":\"https:\/\/www.safinel.fr\/produit\/savon-dudu-osun\/#breadcrumb\"},\"inLanguage\":\"it-IT\",\"potentialAction\":[{\"@type\":\"ReadAction\",\"target\":[\"https:\/\/www.safinel.fr\/produit\/savon-dudu-osun\/\"]}]},{\"@type\":\"ImageObject\",\"inLanguage\":\"it-IT\",\"@id\":\"https:\/\/www.safinel.fr\/produit\/savon-dudu-osun\/#primaryimage\",\"url\":\"https:\/\/www.safinel.fr\/wp-content\/uploads\/2022\/07\/savon-dudu-osun.jpg\",\"contentUrl\":\"https:\/\/www.safinel.fr\/wp-content\/uploads\/2022\/07\/savon-dudu-osun.jpg\",\"width\":600,\"height\":600,\"caption\":\"Savon dudu osun 150g\"},{\"@type\":\"BreadcrumbList\",\"@id\":\"https:\/\/www.safinel.fr\/produit\/savon-dudu-osun\/#breadcrumb\",\"itemListElement\":[{\"@type\":\"ListItem\",\"position\":1,\"name\":\"Accueil\",\"item\":\"https:\/\/www.safinel.fr\/\"},{\"@type\":\"ListItem\",\"position\":2,\"name\":\"Boutique\",\"item\":\"https:\/\/www.safinel.fr\/boutique\/\"},{\"@type\":\"ListItem\",\"position\":3,\"name\":\"Savon dudu osun 150g\"}]},{\"@type\":\"WebSite\",\"@id\":\"https:\/\/www.safinel.fr\/#website\",\"url\":\"https:\/\/www.safinel.fr\/\",\"name\":\"Safinel\",\"description\":\"\",\"publisher\":{\"@id\":\"https:\/\/www.safinel.fr\/#organization\"},\"potentialAction\":[{\"@type\":\"SearchAction\",\"target\":{\"@type\":\"EntryPoint\",\"urlTemplate\":\"https:\/\/www.safinel.fr\/?s={search_term_string}\"},\"query-input\":{\"@type\":\"PropertyValueSpecification\",\"valueRequired\":true,\"valueName\":\"search_term_string\"}}],\"inLanguage\":\"it-IT\"},{\"@type\":\"Organization\",\"@id\":\"https:\/\/www.safinel.fr\/#organization\",\"name\":\"Safinel\",\"url\":\"https:\/\/www.safinel.fr\/\",\"logo\":{\"@type\":\"ImageObject\",\"inLanguage\":\"it-IT\",\"@id\":\"https:\/\/www.safinel.fr\/#\/schema\/logo\/image\/\",\"url\":\"https:\/\/www.safinel.fr\/wp-content\/uploads\/2021\/05\/boutique-cosmetique.png\",\"contentUrl\":\"https:\/\/www.safinel.fr\/wp-content\/uploads\/2021\/05\/boutique-cosmetique.png\",\"width\":800,\"height\":200,\"caption\":\"Safinel\"},\"image\":{\"@id\":\"https:\/\/www.safinel.fr\/#\/schema\/logo\/image\/\"}}]}<\/script>\n<!-- \/ Yoast SEO plugin. -->","yoast_head_json":{"title":"Osun dudu sapone 150g I Sapone nero di qualit\u00e0","description":"Prendersi cura di s\u00e9 \u00e8 diventato essenziale per la propria sicurezza! Vi presentiamo il sapone nero Dudu Osun!\u00a0","robots":{"index":"index","follow":"follow","max-snippet":"max-snippet:-1","max-image-preview":"max-image-preview:large","max-video-preview":"max-video-preview:-1"},"canonical":"https:\/\/www.safinel.fr\/it\/prodotto\/sapone-osun-dudu\/","og_locale":"it_IT","og_type":"article","og_title":"Savon dudu osun 150g I Savon de couleur noire de qualit\u00e9","og_description":"Prendre soin de soi est devenu primordial pour la confiance ! Nous souhaitons vous faire d\u00e9couvrir le\u00a0savon noir Dudu Osun\u00a0!\u00a0","og_url":"https:\/\/www.safinel.fr\/it\/prodotto\/sapone-osun-dudu\/","og_site_name":"Safinel","article_modified_time":"2024-10-06T16:18:24+00:00","og_image":[{"width":600,"height":600,"url":"https:\/\/www.safinel.fr\/wp-content\/uploads\/2022\/07\/savon-dudu-osun.jpg","type":"image\/jpeg"}],"twitter_card":"summary_large_image","twitter_misc":{"Tempo di lettura stimato":"3 minuti"},"schema":{"@context":"https:\/\/schema.org","@graph":[{"@type":"WebPage","@id":"https:\/\/www.safinel.fr\/produit\/savon-dudu-osun\/","url":"https:\/\/www.safinel.fr\/produit\/savon-dudu-osun\/","name":"Osun dudu sapone 150g I Sapone nero di qualit\u00e0","isPartOf":{"@id":"https:\/\/www.safinel.fr\/#website"},"primaryImageOfPage":{"@id":"https:\/\/www.safinel.fr\/produit\/savon-dudu-osun\/#primaryimage"},"image":{"@id":"https:\/\/www.safinel.fr\/produit\/savon-dudu-osun\/#primaryimage"},"thumbnailUrl":"https:\/\/www.safinel.fr\/wp-content\/uploads\/2022\/07\/savon-dudu-osun.jpg","datePublished":"2022-07-02T09:42:44+00:00","dateModified":"2024-10-06T16:18:24+00:00","description":"Prendersi cura di s\u00e9 \u00e8 diventato essenziale per la propria sicurezza! Vi presentiamo il sapone nero Dudu Osun!\u00a0","breadcrumb":{"@id":"https:\/\/www.safinel.fr\/produit\/savon-dudu-osun\/#breadcrumb"},"inLanguage":"it-IT","potentialAction":[{"@type":"ReadAction","target":["https:\/\/www.safinel.fr\/produit\/savon-dudu-osun\/"]}]},{"@type":"ImageObject","inLanguage":"it-IT","@id":"https:\/\/www.safinel.fr\/produit\/savon-dudu-osun\/#primaryimage","url":"https:\/\/www.safinel.fr\/wp-content\/uploads\/2022\/07\/savon-dudu-osun.jpg","contentUrl":"https:\/\/www.safinel.fr\/wp-content\/uploads\/2022\/07\/savon-dudu-osun.jpg","width":600,"height":600,"caption":"Savon dudu osun 150g"},{"@type":"BreadcrumbList","@id":"https:\/\/www.safinel.fr\/produit\/savon-dudu-osun\/#breadcrumb","itemListElement":[{"@type":"ListItem","position":1,"name":"Accueil","item":"https:\/\/www.safinel.fr\/"},{"@type":"ListItem","position":2,"name":"Boutique","item":"https:\/\/www.safinel.fr\/boutique\/"},{"@type":"ListItem","position":3,"name":"Savon dudu osun 150g"}]},{"@type":"WebSite","@id":"https:\/\/www.safinel.fr\/#website","url":"https:\/\/www.safinel.fr\/","name":"Safinel","description":"","publisher":{"@id":"https:\/\/www.safinel.fr\/#organization"},"potentialAction":[{"@type":"SearchAction","target":{"@type":"EntryPoint","urlTemplate":"https:\/\/www.safinel.fr\/?s={search_term_string}"},"query-input":{"@type":"PropertyValueSpecification","valueRequired":true,"valueName":"search_term_string"}}],"inLanguage":"it-IT"},{"@type":"Organization","@id":"https:\/\/www.safinel.fr\/#organization","name":"Safinel","url":"https:\/\/www.safinel.fr\/","logo":{"@type":"ImageObject","inLanguage":"it-IT","@id":"https:\/\/www.safinel.fr\/#\/schema\/logo\/image\/","url":"https:\/\/www.safinel.fr\/wp-content\/uploads\/2021\/05\/boutique-cosmetique.png","contentUrl":"https:\/\/www.safinel.fr\/wp-content\/uploads\/2021\/05\/boutique-cosmetique.png","width":800,"height":200,"caption":"Safinel"},"image":{"@id":"https:\/\/www.safinel.fr\/#\/schema\/logo\/image\/"}}]}},"_links":{"self":[{"href":"https:\/\/www.safinel.fr\/it\/wp-json\/wp\/v2\/product\/1614","targetHints":{"allow":["GET"]}}],"collection":[{"href":"https:\/\/www.safinel.fr\/it\/wp-json\/wp\/v2\/product"}],"about":[{"href":"https:\/\/www.safinel.fr\/it\/wp-json\/wp\/v2\/types\/product"}],"wp:featuredmedia":[{"embeddable":true,"href":"https:\/\/www.safinel.fr\/it\/wp-json\/wp\/v2\/media\/1615"}],"wp:attachment":[{"href":"https:\/\/www.safinel.fr\/it\/wp-json\/wp\/v2\/media?parent=1614"}],"wp:term":[{"taxonomy":"product_brand","embeddable":true,"href":"https:\/\/www.safinel.fr\/it\/wp-json\/wp\/v2\/product_brand?post=1614"},{"taxonomy":"product_cat","embeddable":true,"href":"https:\/\/www.safinel.fr\/it\/wp-json\/wp\/v2\/product_cat?post=1614"},{"taxonomy":"product_tag","embeddable":true,"href":"https:\/\/www.safinel.fr\/it\/wp-json\/wp\/v2\/product_tag?post=1614"}],"curies":[{"name":"wp","href":"https:\/\/api.w.org\/{rel}","templated":true}]}}