{"id":1608,"date":"2022-07-01T08:59:08","date_gmt":"2022-07-01T08:59:08","guid":{"rendered":"https:\/\/www.safinel.fr\/?post_type=product&#038;p=1608"},"modified":"2023-12-30T13:26:37","modified_gmt":"2023-12-30T13:26:37","slug":"siero-antiacne-al-cumino-nero","status":"publish","type":"product","link":"https:\/\/www.safinel.fr\/it\/prodotto\/siero-antiacne-al-cumino-nero\/","title":{"rendered":"Siero antiacne al cumino nero 50 ml"},"content":{"rendered":"<p>E se fosse arrivato il momento di dire addio all'acne e ad altri problemi della pelle? Vi presentiamo il\u00a0<strong>Siero antiacne all'olio di cumino nero<\/strong>\u00a0e lasciatevi sedurre da questa meraviglia.<\/p>\n<h2><strong>Riflettori puntati sul siero antiacne al cumino nero\u00a0<\/strong><\/h2>\n<p>Sappiamo quanto il vostro aspetto sia importante per voi. E a volte i capricci della vita fanno s\u00ec che alcune pelli siano un po' pi\u00f9 fragili di altre. \u00c8 per questo motivo che la vostra boutique del benessere online vuole promuovere la\u00a0<strong>Siero antiacne al cumino nero<\/strong>\u00a0! Se avete gi\u00e0 perso le speranze, lasciate che vi presentiamo questo\u00a0<strong>depuratore naturale<\/strong>.<\/p>\n<p>Senza ulteriori indugi, scoprite un flacone classico. Il flacone trasparente rivela l'ambito elisir. Il contenitore da 50 ml e la pipetta sono indispensabili per un uso prolungato.<\/p>\n<p>Ora che ne sapete di pi\u00f9 su questo prodotto, perch\u00e9 non andare al nocciolo della questione?<\/p>\n<h2><strong>Siero all'olio di cumino nero per l'acne: un beneficio per la pelle\u00a0<\/strong><\/h2>\n<p>Sappiamo quanto sia difficile avere un<strong>\u00a0pelle esposta<\/strong>\u00a0ad alcune imperfezioni, come ad esempio\u00a0<strong>bottoni neri<\/strong>\u00a0o acne. Non preoccupatevi, il vostro negozio di benessere probabilmente ha il prodotto che state cercando!<\/p>\n<p>Stiamo parlando, ovviamente, del famoso siero antiacne all'olio di cumino nero! \u00c8 noto per trattare <strong>pelle grassa<\/strong>\u00a0ma anche per pulire e\u00a0<strong>purificare la pelle<\/strong>.<\/p>\n<p>Come si pu\u00f2 notare, questo elisir naturale \u00e8 ideale per le pelli delicate.<\/p>\n<h3><strong>Consigli pratici dal vostro negozio Safinel\u00a0<\/strong><\/h3>\n<p>Se volete approfittare di questo siero all'olio di cumino nero contro l'acne e godere dei suoi benefici, vi consigliamo innanzitutto di detergere accuratamente la pelle. Poi, con la pipetta, versare 3 gocce nel palmo della mano e applicare sul viso.<\/p>\n<p>Fatelo al mattino dopo la pulizia e alla sera prima di andare a letto! Inoltre, per il bene della vostra pelle, potete utilizzare il prodotto<strong>\u00a0<a href=\"https:\/\/www.safinel.fr\/it\/prodotto\/burro-di-karite-grezzo-biologico-certificato-100ml\/\">burro di karit\u00e9 vegetale<\/a><\/strong>\u00a0!<\/p>","protected":false},"excerpt":{"rendered":"<p>\u00c8 ora di dire basta all'acne e agli altri problemi della pelle? Scoprite il siero all'olio di nigella contro l'acne e lasciatevi conquistare da questo prodotto miracoloso. Zoom sul siero anti-acne alla nigella  Sappiamo quanto sia importante per voi il vostro aspetto. E a volte, gli imprevisti della vita fanno s\u00ec che alcuni [\u2026]","protected":false},"featured_media":1609,"template":"","meta":[],"product_brand":[],"product_cat":[41],"product_tag":[],"class_list":{"0":"post-1608","1":"product","2":"type-product","3":"status-publish","4":"has-post-thumbnail","6":"product_cat-produits-naturels-divers","8":"first","9":"instock","10":"shipping-taxable","11":"purchasable","12":"product-type-simple"},"yoast_head":"<!-- This site is optimized with the Yoast SEO plugin v26.6 - https:\/\/yoast.com\/wordpress\/plugins\/seo\/ -->\n<title>Huile de nigelle acn\u00e9 I Prenez soin de votre visage naturellement<\/title>\n<meta name=\"description\" content=\"Et s\u2019il \u00e9tait temps de dire stop \u00e0 l\u2019acn\u00e9 et autres probl\u00e8mes de peau ? Faites la rencontre du\u00a0s\u00e9rum huile de nigelle acn\u00e9 !\" \/>\n<meta name=\"robots\" content=\"index, follow, max-snippet:-1, max-image-preview:large, max-video-preview:-1\" \/>\n<link rel=\"canonical\" href=\"https:\/\/www.safinel.fr\/it\/prodotto\/siero-antiacne-al-cumino-nero\/\" \/>\n<meta property=\"og:locale\" content=\"it_IT\" \/>\n<meta property=\"og:type\" content=\"article\" \/>\n<meta property=\"og:title\" content=\"Huile de nigelle acn\u00e9 I Prenez soin de votre visage naturellement\" \/>\n<meta property=\"og:description\" content=\"Et s\u2019il \u00e9tait temps de dire stop \u00e0 l\u2019acn\u00e9 et autres probl\u00e8mes de peau ? Faites la rencontre du\u00a0s\u00e9rum huile de nigelle acn\u00e9 !\" \/>\n<meta property=\"og:url\" content=\"https:\/\/www.safinel.fr\/it\/prodotto\/siero-antiacne-al-cumino-nero\/\" \/>\n<meta property=\"og:site_name\" content=\"Safinel\" \/>\n<meta property=\"article:modified_time\" content=\"2023-12-30T13:26:37+00:00\" \/>\n<meta property=\"og:image\" content=\"https:\/\/www.safinel.fr\/wp-content\/uploads\/2022\/07\/serum-anti-acne.jpg\" \/>\n\t<meta property=\"og:image:width\" content=\"600\" \/>\n\t<meta property=\"og:image:height\" content=\"600\" \/>\n\t<meta property=\"og:image:type\" content=\"image\/jpeg\" \/>\n<meta name=\"twitter:card\" content=\"summary_large_image\" \/>\n<meta name=\"twitter:label1\" content=\"Tempo di lettura stimato\" \/>\n\t<meta name=\"twitter:data1\" content=\"2 minuti\" \/>\n<script type=\"application\/ld+json\" class=\"yoast-schema-graph\">{\"@context\":\"https:\/\/schema.org\",\"@graph\":[{\"@type\":\"WebPage\",\"@id\":\"https:\/\/www.safinel.fr\/produit\/serum-anti-acne-a-la-nigelle\/\",\"url\":\"https:\/\/www.safinel.fr\/produit\/serum-anti-acne-a-la-nigelle\/\",\"name\":\"Huile de nigelle acn\u00e9 I Prenez soin de votre visage naturellement\",\"isPartOf\":{\"@id\":\"https:\/\/www.safinel.fr\/#website\"},\"primaryImageOfPage\":{\"@id\":\"https:\/\/www.safinel.fr\/produit\/serum-anti-acne-a-la-nigelle\/#primaryimage\"},\"image\":{\"@id\":\"https:\/\/www.safinel.fr\/produit\/serum-anti-acne-a-la-nigelle\/#primaryimage\"},\"thumbnailUrl\":\"https:\/\/www.safinel.fr\/wp-content\/uploads\/2022\/07\/serum-anti-acne.jpg\",\"datePublished\":\"2022-07-01T08:59:08+00:00\",\"dateModified\":\"2023-12-30T13:26:37+00:00\",\"description\":\"Et s\u2019il \u00e9tait temps de dire stop \u00e0 l\u2019acn\u00e9 et autres probl\u00e8mes de peau ? Faites la rencontre du\u00a0s\u00e9rum huile de nigelle acn\u00e9 !\",\"breadcrumb\":{\"@id\":\"https:\/\/www.safinel.fr\/produit\/serum-anti-acne-a-la-nigelle\/#breadcrumb\"},\"inLanguage\":\"it-IT\",\"potentialAction\":[{\"@type\":\"ReadAction\",\"target\":[\"https:\/\/www.safinel.fr\/produit\/serum-anti-acne-a-la-nigelle\/\"]}]},{\"@type\":\"ImageObject\",\"inLanguage\":\"it-IT\",\"@id\":\"https:\/\/www.safinel.fr\/produit\/serum-anti-acne-a-la-nigelle\/#primaryimage\",\"url\":\"https:\/\/www.safinel.fr\/wp-content\/uploads\/2022\/07\/serum-anti-acne.jpg\",\"contentUrl\":\"https:\/\/www.safinel.fr\/wp-content\/uploads\/2022\/07\/serum-anti-acne.jpg\",\"width\":600,\"height\":600,\"caption\":\"Huile de nigelle acn\u00e9 soin du visage naturel\"},{\"@type\":\"BreadcrumbList\",\"@id\":\"https:\/\/www.safinel.fr\/produit\/serum-anti-acne-a-la-nigelle\/#breadcrumb\",\"itemListElement\":[{\"@type\":\"ListItem\",\"position\":1,\"name\":\"Accueil\",\"item\":\"https:\/\/www.safinel.fr\/\"},{\"@type\":\"ListItem\",\"position\":2,\"name\":\"Boutique\",\"item\":\"https:\/\/www.safinel.fr\/boutique\/\"},{\"@type\":\"ListItem\",\"position\":3,\"name\":\"S\u00e9rum anti acn\u00e9 \u00e0 la nigelle 50 ml\"}]},{\"@type\":\"WebSite\",\"@id\":\"https:\/\/www.safinel.fr\/#website\",\"url\":\"https:\/\/www.safinel.fr\/\",\"name\":\"Safinel\",\"description\":\"\",\"publisher\":{\"@id\":\"https:\/\/www.safinel.fr\/#organization\"},\"potentialAction\":[{\"@type\":\"SearchAction\",\"target\":{\"@type\":\"EntryPoint\",\"urlTemplate\":\"https:\/\/www.safinel.fr\/?s={search_term_string}\"},\"query-input\":{\"@type\":\"PropertyValueSpecification\",\"valueRequired\":true,\"valueName\":\"search_term_string\"}}],\"inLanguage\":\"it-IT\"},{\"@type\":\"Organization\",\"@id\":\"https:\/\/www.safinel.fr\/#organization\",\"name\":\"Safinel\",\"url\":\"https:\/\/www.safinel.fr\/\",\"logo\":{\"@type\":\"ImageObject\",\"inLanguage\":\"it-IT\",\"@id\":\"https:\/\/www.safinel.fr\/#\/schema\/logo\/image\/\",\"url\":\"https:\/\/www.safinel.fr\/wp-content\/uploads\/2021\/05\/boutique-cosmetique.png\",\"contentUrl\":\"https:\/\/www.safinel.fr\/wp-content\/uploads\/2021\/05\/boutique-cosmetique.png\",\"width\":800,\"height\":200,\"caption\":\"Safinel\"},\"image\":{\"@id\":\"https:\/\/www.safinel.fr\/#\/schema\/logo\/image\/\"}}]}<\/script>\n<!-- \/ Yoast SEO plugin. -->","yoast_head_json":{"title":"Acne olio di cumino nero I Prendersi cura del viso in modo naturale","description":"E se fosse arrivato il momento di dire addio all'acne e ad altri problemi della pelle? Ecco il siero antiacne all'olio di cumino nero!","robots":{"index":"index","follow":"follow","max-snippet":"max-snippet:-1","max-image-preview":"max-image-preview:large","max-video-preview":"max-video-preview:-1"},"canonical":"https:\/\/www.safinel.fr\/it\/prodotto\/siero-antiacne-al-cumino-nero\/","og_locale":"it_IT","og_type":"article","og_title":"Huile de nigelle acn\u00e9 I Prenez soin de votre visage naturellement","og_description":"Et s\u2019il \u00e9tait temps de dire stop \u00e0 l\u2019acn\u00e9 et autres probl\u00e8mes de peau ? Faites la rencontre du\u00a0s\u00e9rum huile de nigelle acn\u00e9 !","og_url":"https:\/\/www.safinel.fr\/it\/prodotto\/siero-antiacne-al-cumino-nero\/","og_site_name":"Safinel","article_modified_time":"2023-12-30T13:26:37+00:00","og_image":[{"width":600,"height":600,"url":"https:\/\/www.safinel.fr\/wp-content\/uploads\/2022\/07\/serum-anti-acne.jpg","type":"image\/jpeg"}],"twitter_card":"summary_large_image","twitter_misc":{"Tempo di lettura stimato":"2 minuti"},"schema":{"@context":"https:\/\/schema.org","@graph":[{"@type":"WebPage","@id":"https:\/\/www.safinel.fr\/produit\/serum-anti-acne-a-la-nigelle\/","url":"https:\/\/www.safinel.fr\/produit\/serum-anti-acne-a-la-nigelle\/","name":"Acne olio di cumino nero I Prendersi cura del viso in modo naturale","isPartOf":{"@id":"https:\/\/www.safinel.fr\/#website"},"primaryImageOfPage":{"@id":"https:\/\/www.safinel.fr\/produit\/serum-anti-acne-a-la-nigelle\/#primaryimage"},"image":{"@id":"https:\/\/www.safinel.fr\/produit\/serum-anti-acne-a-la-nigelle\/#primaryimage"},"thumbnailUrl":"https:\/\/www.safinel.fr\/wp-content\/uploads\/2022\/07\/serum-anti-acne.jpg","datePublished":"2022-07-01T08:59:08+00:00","dateModified":"2023-12-30T13:26:37+00:00","description":"E se fosse arrivato il momento di dire addio all'acne e ad altri problemi della pelle? Ecco il siero antiacne all'olio di cumino nero!","breadcrumb":{"@id":"https:\/\/www.safinel.fr\/produit\/serum-anti-acne-a-la-nigelle\/#breadcrumb"},"inLanguage":"it-IT","potentialAction":[{"@type":"ReadAction","target":["https:\/\/www.safinel.fr\/produit\/serum-anti-acne-a-la-nigelle\/"]}]},{"@type":"ImageObject","inLanguage":"it-IT","@id":"https:\/\/www.safinel.fr\/produit\/serum-anti-acne-a-la-nigelle\/#primaryimage","url":"https:\/\/www.safinel.fr\/wp-content\/uploads\/2022\/07\/serum-anti-acne.jpg","contentUrl":"https:\/\/www.safinel.fr\/wp-content\/uploads\/2022\/07\/serum-anti-acne.jpg","width":600,"height":600,"caption":"Huile de nigelle acn\u00e9 soin du visage naturel"},{"@type":"BreadcrumbList","@id":"https:\/\/www.safinel.fr\/produit\/serum-anti-acne-a-la-nigelle\/#breadcrumb","itemListElement":[{"@type":"ListItem","position":1,"name":"Accueil","item":"https:\/\/www.safinel.fr\/"},{"@type":"ListItem","position":2,"name":"Boutique","item":"https:\/\/www.safinel.fr\/boutique\/"},{"@type":"ListItem","position":3,"name":"S\u00e9rum anti acn\u00e9 \u00e0 la nigelle 50 ml"}]},{"@type":"WebSite","@id":"https:\/\/www.safinel.fr\/#website","url":"https:\/\/www.safinel.fr\/","name":"Safinel","description":"","publisher":{"@id":"https:\/\/www.safinel.fr\/#organization"},"potentialAction":[{"@type":"SearchAction","target":{"@type":"EntryPoint","urlTemplate":"https:\/\/www.safinel.fr\/?s={search_term_string}"},"query-input":{"@type":"PropertyValueSpecification","valueRequired":true,"valueName":"search_term_string"}}],"inLanguage":"it-IT"},{"@type":"Organization","@id":"https:\/\/www.safinel.fr\/#organization","name":"Safinel","url":"https:\/\/www.safinel.fr\/","logo":{"@type":"ImageObject","inLanguage":"it-IT","@id":"https:\/\/www.safinel.fr\/#\/schema\/logo\/image\/","url":"https:\/\/www.safinel.fr\/wp-content\/uploads\/2021\/05\/boutique-cosmetique.png","contentUrl":"https:\/\/www.safinel.fr\/wp-content\/uploads\/2021\/05\/boutique-cosmetique.png","width":800,"height":200,"caption":"Safinel"},"image":{"@id":"https:\/\/www.safinel.fr\/#\/schema\/logo\/image\/"}}]}},"_links":{"self":[{"href":"https:\/\/www.safinel.fr\/it\/wp-json\/wp\/v2\/product\/1608","targetHints":{"allow":["GET"]}}],"collection":[{"href":"https:\/\/www.safinel.fr\/it\/wp-json\/wp\/v2\/product"}],"about":[{"href":"https:\/\/www.safinel.fr\/it\/wp-json\/wp\/v2\/types\/product"}],"wp:featuredmedia":[{"embeddable":true,"href":"https:\/\/www.safinel.fr\/it\/wp-json\/wp\/v2\/media\/1609"}],"wp:attachment":[{"href":"https:\/\/www.safinel.fr\/it\/wp-json\/wp\/v2\/media?parent=1608"}],"wp:term":[{"taxonomy":"product_brand","embeddable":true,"href":"https:\/\/www.safinel.fr\/it\/wp-json\/wp\/v2\/product_brand?post=1608"},{"taxonomy":"product_cat","embeddable":true,"href":"https:\/\/www.safinel.fr\/it\/wp-json\/wp\/v2\/product_cat?post=1608"},{"taxonomy":"product_tag","embeddable":true,"href":"https:\/\/www.safinel.fr\/it\/wp-json\/wp\/v2\/product_tag?post=1608"}],"curies":[{"name":"wp","href":"https:\/\/api.w.org\/{rel}","templated":true}]}}