{"id":1596,"date":"2022-06-29T12:04:59","date_gmt":"2022-06-29T12:04:59","guid":{"rendered":"https:\/\/www.safinel.fr\/?post_type=product&#038;p=1596"},"modified":"2026-03-08T12:32:52","modified_gmt":"2026-03-08T12:32:52","slug":"moringa","status":"publish","type":"product","link":"https:\/\/www.safinel.fr\/it\/prodotto\/moringa\/","title":{"rendered":"Moringa"},"content":{"rendered":"<p>Le\u00a0<strong>moringa\u00a0<\/strong>\u00e8 la pianta miracolosa di cui tutti parlano. Conosciuta in Africa e in India, \u00e8 una pianta\u00a0<strong>albero<\/strong>\u00a0che cresce nelle aree tropicali. Questo\u00a0<strong>impianto,\u00a0<\/strong>conosciuto anche come<strong>\u00a0albero della vita,\u00a0<\/strong>\u00a0potrebbe \u00abcurare tutto\u00bb. Ma qual \u00e8 la realt\u00e0? Ve lo spieghiamo in questo dossier.<\/p>\n<h2><strong>Origine della moringa<\/strong><\/h2>\n<p>La specie che \u00e8 stata maggiormente studiata \u00e8 il\u00a0<strong>moringa oleifera.<\/strong>\u00a0\u00c8 originaria dell'India, ma si \u00e8 acclimatata in molte parti del mondo. Sono state studiate altre specie:\u00a0<strong>moringa concanensis<\/strong>, s, mo<strong>ringa stenopltela<\/strong>...Esistono altre specie locali, in continenti diversi, che non sono state studiate, ma che probabilmente hanno propriet\u00e0 equivalenti.<\/p>\n<p>Il\u00a0<strong>moringa<\/strong>\u00a0pu\u00f2 diventare molto grande. Infatti, cresce molto rapidamente nelle aree tropicali, in particolare nelle zone secche. Si pu\u00f2 coltivare da seme.<\/p>\n<p>Tuttavia, se vi trovate in una zona fredda, fareste meglio a svernarlo, perch\u00e9 teme il freddo.<\/p>\n<h2><strong>Come si usa la moringa?<\/strong><\/h2>\n<p>Il\u00a0<strong>foglie<\/strong>\u00a0sono pi\u00f9 frequentemente utilizzati nella\u00a0<strong>moringa\u00a0<\/strong>come infuso, oppure cucinato come alimento, o ancora usato per fare\u00a0<strong>polvere.\u00a0<\/strong>Questo \u00e8 preferibile, in quanto si pu\u00f2 gustare l'intera pianta. La polvere viene aggiunta agli alimenti, ad esempio a zuppe, composte, ecc.<\/p>\n<p>\u00c8 importante sapere che l'utilizzo del\u00a0<strong>moringa<\/strong>\u00a0varia da paese a paese. In alcuni paesi la corteccia viene macinata in polvere, in altri le radici. A volte la\u00a0<strong>seme<\/strong>\u00a0o\u00a0<strong>l<\/strong>\u2019<strong>olio di semi<\/strong>. Infine, possiamo utilizzare\u00a0<strong>tutte le parti del<\/strong>\u2019<strong>albero<\/strong>.<\/p>\n<p>Quello che troverete nei negozi \u00e8 principalmente il\u00a0<strong>foglio<\/strong>. A seconda del luogo in cui si viaggia, si possono trovare grandi mazzi con rami e foglie verdi nei mercati locali. Sono disponibili anche i baccelli interi con i semi all'interno. Tutti questi sono, ovviamente, commestibili.<\/p>\n<h2><strong>Cosa contiene la polvere di moringa?<\/strong><\/h2>\n<p>\u00c8 <a href=\"https:\/\/www.soinaunaturels.com\/fr\/medecine-sante\/70-poudre-de-feuilles-de-moringa.html\" target=\"_blank\" rel=\"noopener\"><strong>una pianta molto ricca di sostanze nutritive<\/strong><\/a>. Le foglie contengono vitamina E, vitamina C e A, calcio, selenio, magnesio, ferro, potassio, aminoacidi, ecc.<\/p>\n<p>\u00c8 una buona fonte di proteine vegetali, che contengono fino a 18 dei 20 aminoacidi utilizzati dal nostro organismo. Questi sono essenziali per il fabbisogno del nostro organismo, al fine di produrre e riparare le cellule. Essendo molto nutriente, questa fonte pu\u00f2 reintegrare le riserve di una persona che ne \u00e8 carente.<\/p>\n<p>Da un punto di vista medicinale, il\u00a0<strong>moringa<\/strong>\u00a0raggruppa tutte le principali famiglie di costituenti presenti nelle piante, come la\u00a0<strong>alcaloidi<\/strong>, il\u00a0<strong>saponosidi<\/strong>, il\u00a0<strong>tannini<\/strong>, il\u00a0<strong>flavonoidi<\/strong>, il\u00a0<strong>acidi fenolici,<\/strong>\u00a0<strong>terpeni<\/strong>, ecc.<\/p>\n<p>Si d\u00e0 il caso che il\u00a0<strong>moringa\u00a0<\/strong>\u00e8 ricco di componenti del\u00a0<strong>flavonoidi<\/strong>, cio\u00e8 :<\/p>\n<p><strong>Rutina, quercetina, ramnetina, la<\/strong>\u2019<strong>apigenina<\/strong>, ecc. Di conseguenza, possiede potenti propriet\u00e0 antiossidanti. In effetti, alcuni studi hanno dimostrato che ha un potere antiossidante superiore a quello della vitamina C.<\/p>\n<h2><strong>I benefici della polvere di moringa per l'organismo<\/strong><\/h2>\n<h3><strong>Potente antiossidante<\/strong><\/h3>\n<p>In condizioni normali, il nostro corpo produce radicali liberi. Si tratta di molecole che aiutano l'organismo a funzionare correttamente. A volte, per\u00f2, gli agenti inquinanti che ci circondano - pesticidi, radiazioni, ecc. - fanno s\u00ec che i radicali liberi attacchino i nostri tessuti e li distruggano se non ci sono abbastanza antiossidanti per intercettarli. \u00c8 quindi importante cercare alimenti ricchi di antiossidanti, come frutta e verdura colorate.<\/p>\n<p>Per quanto riguarda le piante, abbiamo la possibilit\u00e0 di trovarne alcune ricche di antiossidanti, come ad esempio\u00a0<strong>moringa<\/strong>. Ci\u00f2 \u00e8 particolarmente importante quando si soffre di malattie cronico-degenerative, perch\u00e9 l'infiammazione \u00e8 costante. Il sistema immunitario \u00e8 costantemente sotto pressione e i radicali liberi sono pi\u00f9 numerosi del solito.<\/p>\n<p>Inoltre, in tutte queste malattie autoimmuni, nei tumori e nelle malattie infiammatorie croniche, \u00e8 bene assumere antiossidanti naturali. Il\u00a0<strong>moringa<\/strong>\u00a0non pu\u00f2 curare queste malattie. Ma pu\u00f2 sostenere il sistema, proteggerlo e aiutarlo a svolgere meglio il suo lavoro.<\/p>\n<h3><strong>Propriet\u00e0 antinfiammatorie<\/strong><\/h3>\n<p>Le\u00a0<strong>moringa<\/strong>\u00a0ha propriet\u00e0 antinfiammatorie dirette, confermate da diversi studi sugli animali. Il\u00a0<strong>moringa<\/strong>\u00a0sarebbe efficace per tutto\u00a0<strong>infiammazione della mucosa digestiva\u00a0<\/strong>Secondo uno studio sulle ulcere indotte da farmaci antinfiammatori come l'aspirina e un altro che mostra la gravit\u00e0 della colite causata da sostanze acide. Abbiamo quindi una pianta attiva contro\u00a0<strong>infiammazioni dell'apparato digerente<\/strong>, \u00c8 probabilmente efficace in tutti i tipi di infiammazione delle gengive e dell'esofago, nelle ulcere, nella colite e nel morbo di Crohn.<\/p>\n<h3><strong>Antiallergico respiratorio<\/strong><\/h3>\n<p>\u00c8 una buona pianta per i problemi di allergia respiratoria cronica. Si noti che a volte vengono vendute compresse di <a href=\"https:\/\/www.safinel.fr\/it\/prodotto\/burro-di-fieno-greco\/\"><strong>flavonoidi<\/strong><\/a> come la quercetina per le allergie respiratorie. Nelle foglie di\u00a0<strong>moringa<\/strong>\u00a0non abbiamo un solo tipo di flavonoide, ma un'intera collezione che pu\u00f2 stabilizzare le condizioni delle nostre mucose respiratorie infiammate e calmare un po' le allergie respiratorie.<\/p>\n<h3><strong>Riparatore di tessuti\u00a0<\/strong><\/h3>\n<p>Gli studi dimostrano che\u00a0<strong>moringa<\/strong>\u00a0stimola\u00a0<strong>riparazione cellulare<\/strong>, accelerando l'attivit\u00e0 dei fibroblasti. Sono queste le cellule che consentono la riparazione cellulare, talvolta con risultati migliori di quelli ottenuti con una sostanza chiamata allantoina, presente in altre piante riparatrici come la comfrey.<\/p>\n<p>\u00c8 quindi un riparatore di tessuti, mucose e problemi cutanei e, dato che la pianta \u00e8 altamente antibatterica, \u00e8 probabilmente un'ottima pianta per il trattamento di ferite di ogni tipo. Perch\u00e9 ripara e disinfetta allo stesso tempo.<\/p>\n<h3><strong>Azione antibatterica, antivirale e antiparassitaria<\/strong><\/h3>\n<p>Oltre ad avere un impatto\u00a0<strong>antibatterico<\/strong>, il\u00a0<strong>moringa<\/strong>\u00a0sarebbe\u00a0<strong>antivirale e antiparassitario<\/strong>. In Etiopia si dice che le sue radici siano usate per trattare la malaria.<\/p>\n<p>\u00c8 attivo contro l'Escherichia coli e la salmonella, che sono presenti nell'acqua. Infatti, uno studio dimostra che\u00a0<strong>polvere di foglie<\/strong>\u00a0utilizzato per pulire le mani \u00e8 efficace quanto il sapone liquido contro l'Escherichia coli.<\/p>\n<p>Per questo motivo alcuni paesi usano il termine\u00a0<strong>moringa<\/strong>\u00a0per rendere l'acqua pi\u00f9 pulita da bere. Utilizziamo\u00a0<strong>Semi<\/strong>\u00a0schiacciato e mescolato con acqua. \u00c8 quindi una pianta interessante per tutte le intossicazioni alimentari, in particolare per la\u00a0<strong>diarrea di <a href=\"http:\/\/forumfreemobile.fr\/viewtopic.php?f=4&amp;p=80555\" target=\"_blank\" rel=\"noopener\">viaggiatore<\/a><\/strong>.<\/p>\n<h3><strong>Effetto sul metabolismo<\/strong><\/h3>\n<p>Le\u00a0<strong>moringa<\/strong>\u00a0contribuire a rendere\u00a0<strong>abbassare la glicemia<\/strong>\u00a0quando \u00e8 troppo alto. Allo stesso tempo, aiuta a\u00a0<strong>regolano i livelli di lipidi nel sangue, colesterolo e trigliceridi<\/strong>. In questo contesto sono stati condotti pochi studi sull'uomo.<\/p>\n<p><strong>Un'azione antipertensiva\u00a0<\/strong>\u00e8 stata rilevata da studi condotti su animali, ma non sull'uomo. Detto questo, \u00e8 una propriet\u00e0 che va nella giusta direzione e quindi \u00e8 probabilmente una buona pianta per la prevenzione di\u00a0<strong>malattie cardiovascolari<\/strong>\u00a0in senso molto ampio.<\/p>\n<h3><strong>Azione antitumorale in vitro<\/strong><\/h3>\n<p>Le\u00a0<strong>moringa<\/strong>\u00a0ha un'azione antitumorale in vitro, inibendo la proliferazione delle cellule tumorali, che \u00e8 stata convalidata con numerose cellule staminali. Studi condotti sui topi confermano questa propriet\u00e0 per alcuni tipi di cancro. Queste informazioni sono ancora molto limitate e, naturalmente, non abbiamo sufficiente esperienza con gli esseri umani in termini di dosaggio ed efficacia nel contesto di un cancro manifesto.<\/p>\n<h3><strong>Dosaggio e somministrazione dell'albero della vita<\/strong><\/h3>\n<p>Da ci\u00f2 si pu\u00f2 dedurre che si tratta di una pianta eccellente per la prevenzione di\u00a0<strong>malattie della civilt\u00e0<\/strong>. Pu\u00f2 essere paragonato al t\u00e8 verde, per la sua protezione, che pu\u00f2 essere incorporato regolarmente, sotto forma di polvere negli alimenti o di t\u00e8 dalle foglie.<\/p>\n<p><strong>Dosaggi<\/strong>\u00a0Da un cucchiaino a un cucchiaio di polvere incorporata in una zuppa, una composta, un succo di verdura o semplicemente come infuso, se si riesce a tollerarne il sapore.<\/p>\n<p>In vendita\u00a0<strong>regolare<\/strong>, Cos\u00ec come ci si prepara una tazza di t\u00e8, ci si pu\u00f2 preparare una tazza di <strong>moringa in polvere <\/strong>di volta in volta per ricostituire le proprie riserve di\u00a0<strong>antiossidanti<\/strong>, per ottenere questo effetto\u00a0<strong>scudo protettivo<\/strong>.<\/p>\n<h2><strong>Precauzioni da adottare\u00a0<\/strong><\/h2>\n<p>Dato che\u00a0<strong>moringa<\/strong>\u00a0ha propriet\u00e0\u00a0<strong>agenti ipoglicemizzanti<\/strong>\u00a0fare attenzione se si sta assumendo un trattamento per il diabete, potrebbe esserci un rischio\u00a0<strong>d<\/strong>\u2019<strong>evento ipoglicemico<\/strong>.<\/p>\n<p>Alcune persone possono avvertire una sensazione di lassismo quando iniziano a prendere la polvere, quindi introducetela gradualmente.<\/p>\n<p>Per il resto, si sono verificati rari casi di reazioni allergiche a\u00a0<strong>polvere di moringa.<\/strong><\/p>\n<h3><strong>Dove posso acquistare la polvere di moringa?<\/strong><\/h3>\n<p>Nel vostro negozio biologico online, Safinel \u00e8 il posto giusto per trovare prodotti affidabili ed efficaci. Inoltre, il\u00a0<strong>moringa<\/strong>\u00a0\u00e8 venduta in polvere e sotto forma di semi, se si desidera piantarla o farla germogliare.<\/p>","protected":false},"excerpt":{"rendered":"<p>Le\u00a0<strong>moringa<\/strong>\u00a0contribuire a rendere\u00a0<strong>abbassare la glicemia<\/strong>\u00a0quando \u00e8 troppo alto. Allo stesso tempo, aiuta a\u00a0<strong>regolano i livelli di lipidi nel sangue, colesterolo e trigliceridi<\/strong>.<\/p>\n<p><img decoding=\"async\" class=\"size-full wp-image-5091 aligncenter\" src=\"https:\/\/www.safinel.fr\/wp-content\/uploads\/2021\/06\/BANNIERE-ICONE-SAFINEL.webp\" alt=\"riassicurazione satine\" width=\"800\" height=\"200\" srcset=\"https:\/\/www.safinel.fr\/wp-content\/uploads\/2021\/06\/BANNIERE-ICONE-SAFINEL.webp 800w, https:\/\/www.safinel.fr\/wp-content\/uploads\/2021\/06\/BANNIERE-ICONE-SAFINEL-600x150.webp 600w, https:\/\/www.safinel.fr\/wp-content\/uploads\/2021\/06\/BANNIERE-ICONE-SAFINEL-768x192.webp 768w\" sizes=\"(max-width: 800px) 100vw, 800px\" \/><\/p>","protected":false},"featured_media":1597,"template":"","meta":[],"product_brand":[],"product_cat":[27,110],"product_tag":[],"class_list":{"0":"post-1596","1":"product","2":"type-product","3":"status-publish","4":"has-post-thumbnail","6":"product_cat-plantes-medicinales","7":"product_cat-poudre-cheveux-ayurvedique","9":"first","10":"instock","11":"shipping-taxable","12":"purchasable","13":"product-type-variable"},"yoast_head":"<!-- This site is optimized with the Yoast SEO plugin v26.6 - https:\/\/yoast.com\/wordpress\/plugins\/seo\/ -->\n<title>Moringa I Plante aux bienfaits nombreux I Disponible en poudre<\/title>\n<meta name=\"description\" content=\"Le\u00a0moringa\u00a0est la plante miracle dont tout le monde parle. Connu en Afrique et en Inde, c\u2019est un\u00a0arbre\u00a0qui pousse dans les zones tropicales.\" \/>\n<meta name=\"robots\" content=\"index, follow, max-snippet:-1, max-image-preview:large, max-video-preview:-1\" \/>\n<link rel=\"canonical\" href=\"https:\/\/www.safinel.fr\/it\/prodotto\/moringa\/\" \/>\n<meta property=\"og:locale\" content=\"it_IT\" \/>\n<meta property=\"og:type\" content=\"article\" \/>\n<meta property=\"og:title\" content=\"Moringa I Plante aux bienfaits nombreux I Disponible en poudre\" \/>\n<meta property=\"og:description\" content=\"Le\u00a0moringa\u00a0est la plante miracle dont tout le monde parle. Connu en Afrique et en Inde, c\u2019est un\u00a0arbre\u00a0qui pousse dans les zones tropicales.\" \/>\n<meta property=\"og:url\" content=\"https:\/\/www.safinel.fr\/it\/prodotto\/moringa\/\" \/>\n<meta property=\"og:site_name\" content=\"Safinel\" \/>\n<meta property=\"article:modified_time\" content=\"2026-03-08T12:32:52+00:00\" \/>\n<meta property=\"og:image\" content=\"https:\/\/www.safinel.fr\/wp-content\/uploads\/2022\/06\/poudre-de-moringa.jpg\" \/>\n\t<meta property=\"og:image:width\" content=\"600\" \/>\n\t<meta property=\"og:image:height\" content=\"600\" \/>\n\t<meta property=\"og:image:type\" content=\"image\/jpeg\" \/>\n<meta name=\"twitter:card\" content=\"summary_large_image\" \/>\n<meta name=\"twitter:label1\" content=\"Tempo di lettura stimato\" \/>\n\t<meta name=\"twitter:data1\" content=\"8 minuti\" \/>\n<script type=\"application\/ld+json\" class=\"yoast-schema-graph\">{\"@context\":\"https:\/\/schema.org\",\"@graph\":[{\"@type\":\"WebPage\",\"@id\":\"https:\/\/www.safinel.fr\/produit\/moringa\/\",\"url\":\"https:\/\/www.safinel.fr\/produit\/moringa\/\",\"name\":\"Moringa I Plante aux bienfaits nombreux I Disponible en poudre\",\"isPartOf\":{\"@id\":\"https:\/\/www.safinel.fr\/#website\"},\"primaryImageOfPage\":{\"@id\":\"https:\/\/www.safinel.fr\/produit\/moringa\/#primaryimage\"},\"image\":{\"@id\":\"https:\/\/www.safinel.fr\/produit\/moringa\/#primaryimage\"},\"thumbnailUrl\":\"https:\/\/www.safinel.fr\/wp-content\/uploads\/2022\/06\/poudre-de-moringa.jpg\",\"datePublished\":\"2022-06-29T12:04:59+00:00\",\"dateModified\":\"2026-03-08T12:32:52+00:00\",\"description\":\"Le\u00a0moringa\u00a0est la plante miracle dont tout le monde parle. Connu en Afrique et en Inde, c\u2019est un\u00a0arbre\u00a0qui pousse dans les zones tropicales.\",\"breadcrumb\":{\"@id\":\"https:\/\/www.safinel.fr\/produit\/moringa\/#breadcrumb\"},\"inLanguage\":\"it-IT\",\"potentialAction\":[{\"@type\":\"ReadAction\",\"target\":[\"https:\/\/www.safinel.fr\/produit\/moringa\/\"]}]},{\"@type\":\"ImageObject\",\"inLanguage\":\"it-IT\",\"@id\":\"https:\/\/www.safinel.fr\/produit\/moringa\/#primaryimage\",\"url\":\"https:\/\/www.safinel.fr\/wp-content\/uploads\/2022\/06\/poudre-de-moringa.jpg\",\"contentUrl\":\"https:\/\/www.safinel.fr\/wp-content\/uploads\/2022\/06\/poudre-de-moringa.jpg\",\"width\":600,\"height\":600,\"caption\":\"moringa en poudre\"},{\"@type\":\"BreadcrumbList\",\"@id\":\"https:\/\/www.safinel.fr\/produit\/moringa\/#breadcrumb\",\"itemListElement\":[{\"@type\":\"ListItem\",\"position\":1,\"name\":\"Accueil\",\"item\":\"https:\/\/www.safinel.fr\/\"},{\"@type\":\"ListItem\",\"position\":2,\"name\":\"Boutique\",\"item\":\"https:\/\/www.safinel.fr\/boutique\/\"},{\"@type\":\"ListItem\",\"position\":3,\"name\":\"Moringa\"}]},{\"@type\":\"WebSite\",\"@id\":\"https:\/\/www.safinel.fr\/#website\",\"url\":\"https:\/\/www.safinel.fr\/\",\"name\":\"Safinel\",\"description\":\"\",\"publisher\":{\"@id\":\"https:\/\/www.safinel.fr\/#organization\"},\"potentialAction\":[{\"@type\":\"SearchAction\",\"target\":{\"@type\":\"EntryPoint\",\"urlTemplate\":\"https:\/\/www.safinel.fr\/?s={search_term_string}\"},\"query-input\":{\"@type\":\"PropertyValueSpecification\",\"valueRequired\":true,\"valueName\":\"search_term_string\"}}],\"inLanguage\":\"it-IT\"},{\"@type\":\"Organization\",\"@id\":\"https:\/\/www.safinel.fr\/#organization\",\"name\":\"Safinel\",\"url\":\"https:\/\/www.safinel.fr\/\",\"logo\":{\"@type\":\"ImageObject\",\"inLanguage\":\"it-IT\",\"@id\":\"https:\/\/www.safinel.fr\/#\/schema\/logo\/image\/\",\"url\":\"https:\/\/www.safinel.fr\/wp-content\/uploads\/2021\/05\/boutique-cosmetique.png\",\"contentUrl\":\"https:\/\/www.safinel.fr\/wp-content\/uploads\/2021\/05\/boutique-cosmetique.png\",\"width\":800,\"height\":200,\"caption\":\"Safinel\"},\"image\":{\"@id\":\"https:\/\/www.safinel.fr\/#\/schema\/logo\/image\/\"}}]}<\/script>\n<!-- \/ Yoast SEO plugin. -->","yoast_head_json":{"title":"Moringa I Una pianta dai molti benefici I Disponibile in polvere","description":"La moringa \u00e8 la pianta miracolosa di cui tutti parlano. Conosciuta in Africa e in India, \u00e8 un albero che cresce nelle zone tropicali.","robots":{"index":"index","follow":"follow","max-snippet":"max-snippet:-1","max-image-preview":"max-image-preview:large","max-video-preview":"max-video-preview:-1"},"canonical":"https:\/\/www.safinel.fr\/it\/prodotto\/moringa\/","og_locale":"it_IT","og_type":"article","og_title":"Moringa I Plante aux bienfaits nombreux I Disponible en poudre","og_description":"Le\u00a0moringa\u00a0est la plante miracle dont tout le monde parle. Connu en Afrique et en Inde, c\u2019est un\u00a0arbre\u00a0qui pousse dans les zones tropicales.","og_url":"https:\/\/www.safinel.fr\/it\/prodotto\/moringa\/","og_site_name":"Safinel","article_modified_time":"2026-03-08T12:32:52+00:00","og_image":[{"width":600,"height":600,"url":"https:\/\/www.safinel.fr\/wp-content\/uploads\/2022\/06\/poudre-de-moringa.jpg","type":"image\/jpeg"}],"twitter_card":"summary_large_image","twitter_misc":{"Tempo di lettura stimato":"8 minuti"},"schema":{"@context":"https:\/\/schema.org","@graph":[{"@type":"WebPage","@id":"https:\/\/www.safinel.fr\/produit\/moringa\/","url":"https:\/\/www.safinel.fr\/produit\/moringa\/","name":"Moringa I Una pianta dai molti benefici I Disponibile in polvere","isPartOf":{"@id":"https:\/\/www.safinel.fr\/#website"},"primaryImageOfPage":{"@id":"https:\/\/www.safinel.fr\/produit\/moringa\/#primaryimage"},"image":{"@id":"https:\/\/www.safinel.fr\/produit\/moringa\/#primaryimage"},"thumbnailUrl":"https:\/\/www.safinel.fr\/wp-content\/uploads\/2022\/06\/poudre-de-moringa.jpg","datePublished":"2022-06-29T12:04:59+00:00","dateModified":"2026-03-08T12:32:52+00:00","description":"La moringa \u00e8 la pianta miracolosa di cui tutti parlano. Conosciuta in Africa e in India, \u00e8 un albero che cresce nelle zone tropicali.","breadcrumb":{"@id":"https:\/\/www.safinel.fr\/produit\/moringa\/#breadcrumb"},"inLanguage":"it-IT","potentialAction":[{"@type":"ReadAction","target":["https:\/\/www.safinel.fr\/produit\/moringa\/"]}]},{"@type":"ImageObject","inLanguage":"it-IT","@id":"https:\/\/www.safinel.fr\/produit\/moringa\/#primaryimage","url":"https:\/\/www.safinel.fr\/wp-content\/uploads\/2022\/06\/poudre-de-moringa.jpg","contentUrl":"https:\/\/www.safinel.fr\/wp-content\/uploads\/2022\/06\/poudre-de-moringa.jpg","width":600,"height":600,"caption":"moringa en poudre"},{"@type":"BreadcrumbList","@id":"https:\/\/www.safinel.fr\/produit\/moringa\/#breadcrumb","itemListElement":[{"@type":"ListItem","position":1,"name":"Accueil","item":"https:\/\/www.safinel.fr\/"},{"@type":"ListItem","position":2,"name":"Boutique","item":"https:\/\/www.safinel.fr\/boutique\/"},{"@type":"ListItem","position":3,"name":"Moringa"}]},{"@type":"WebSite","@id":"https:\/\/www.safinel.fr\/#website","url":"https:\/\/www.safinel.fr\/","name":"Safinel","description":"","publisher":{"@id":"https:\/\/www.safinel.fr\/#organization"},"potentialAction":[{"@type":"SearchAction","target":{"@type":"EntryPoint","urlTemplate":"https:\/\/www.safinel.fr\/?s={search_term_string}"},"query-input":{"@type":"PropertyValueSpecification","valueRequired":true,"valueName":"search_term_string"}}],"inLanguage":"it-IT"},{"@type":"Organization","@id":"https:\/\/www.safinel.fr\/#organization","name":"Safinel","url":"https:\/\/www.safinel.fr\/","logo":{"@type":"ImageObject","inLanguage":"it-IT","@id":"https:\/\/www.safinel.fr\/#\/schema\/logo\/image\/","url":"https:\/\/www.safinel.fr\/wp-content\/uploads\/2021\/05\/boutique-cosmetique.png","contentUrl":"https:\/\/www.safinel.fr\/wp-content\/uploads\/2021\/05\/boutique-cosmetique.png","width":800,"height":200,"caption":"Safinel"},"image":{"@id":"https:\/\/www.safinel.fr\/#\/schema\/logo\/image\/"}}]}},"_links":{"self":[{"href":"https:\/\/www.safinel.fr\/it\/wp-json\/wp\/v2\/product\/1596","targetHints":{"allow":["GET"]}}],"collection":[{"href":"https:\/\/www.safinel.fr\/it\/wp-json\/wp\/v2\/product"}],"about":[{"href":"https:\/\/www.safinel.fr\/it\/wp-json\/wp\/v2\/types\/product"}],"wp:featuredmedia":[{"embeddable":true,"href":"https:\/\/www.safinel.fr\/it\/wp-json\/wp\/v2\/media\/1597"}],"wp:attachment":[{"href":"https:\/\/www.safinel.fr\/it\/wp-json\/wp\/v2\/media?parent=1596"}],"wp:term":[{"taxonomy":"product_brand","embeddable":true,"href":"https:\/\/www.safinel.fr\/it\/wp-json\/wp\/v2\/product_brand?post=1596"},{"taxonomy":"product_cat","embeddable":true,"href":"https:\/\/www.safinel.fr\/it\/wp-json\/wp\/v2\/product_cat?post=1596"},{"taxonomy":"product_tag","embeddable":true,"href":"https:\/\/www.safinel.fr\/it\/wp-json\/wp\/v2\/product_tag?post=1596"}],"curies":[{"name":"wp","href":"https:\/\/api.w.org\/{rel}","templated":true}]}}