{"id":1594,"date":"2022-06-29T11:32:13","date_gmt":"2022-06-29T11:32:13","guid":{"rendered":"https:\/\/www.safinel.fr\/?post_type=product&#038;p=1594"},"modified":"2024-01-21T21:54:35","modified_gmt":"2024-01-21T21:54:35","slug":"artiglio-di-gatto","status":"publish","type":"product","link":"https:\/\/www.safinel.fr\/it\/prodotto\/artiglio-di-gatto\/","title":{"rendered":"Artiglio di gatto 50 g"},"content":{"rendered":"<p>Siete pronti a scoprire un<strong>\u00a0prodotto 100% naturale\u00a0<\/strong>come nessun altro? Il suo soprannome \u00e8 intrigante, ma la sua ricchezza \u00e8 stata dimostrata pi\u00f9 e pi\u00f9 volte... Siamo lieti di portare alla ribalta la<strong>\u00a0artiglio di gatto\u00a0<\/strong>!<\/p>\n<h2><strong>Artiglio di gatto: cos'\u00e8?\u00a0<\/strong><\/h2>\n<p>Per chi pensava che si trattasse davvero di graffi di gattino, si sbagliava - ed \u00e8 anche meglio! Il vero nome\u00a0<strong>uncaria tomentosa,<\/strong>\u00a0\u00e8 anche soprannominato<strong>\u00a0Liana peruviana<\/strong>. Originario della regione amazzonica, proviene da un albero che pu\u00f2 raggiungere i 30 metri di altezza.<\/p>\n<p>Inoltre, utilizzato originariamente dalle popolazioni peruviane per le sue molteplici qualit\u00e0, l'artiglio di gatto ha varcato le frontiere per farci scoprire tutte le sue ricchezze.<\/p>\n<h2><strong>La vostra boutique Safinel, presenta Griffe de chat\u00a0<\/strong><\/h2>\n<p>Sempre desideroso di offrirvi prodotti naturali che possano esservi utili, il vostro negozio online Safinel \u00e8 lieto che abbiate fatto la conoscenza della liana peruviana!<\/p>\n<p>Se qualcuno rimane scettico sul suo aspetto classico, tanto vale dirvi che non sono i vestiti a fare l'uomo! Sotto il suo aspetto ruvido, l'artiglio del gatto \u00e8 simile a un truciolo di legno. Tuttavia, \u00e8 noto per i suoi benefici per la salute!<\/p>\n<p>Ecco perch\u00e9 il vostro\u00a0<strong>negozio online di benessere<\/strong>\u00a0desidera presentarvi questo prodotto naturale 100%! Il suo contenitore da 50 g \u00e8 ideale per un consumo ripetuto! Ora che ne sapete di pi\u00f9, non aspettate oltre per scoprire i numerosi benefici che ha da offrire...<\/p>\n<h3><strong>I benefici dell'artiglio di gatto\u00a0<\/strong><\/h3>\n<p>La storia ci dice che l'artiglio di gatto era usato dalle trib\u00f9 del Per\u00f9, perch\u00e9 considerato un rimedio naturale.\u00a0<strong>impianto<\/strong>\u00a0sacro! Questi molti\u00a0<strong>virt\u00f9 medicinali\u00a0<\/strong>ha dimostrato la sua efficacia nella comunit\u00e0 in diverse occasioni, tra cui :<\/p>\n<ul>\n<li>Contrario\u00a0<strong>dolori articolari<\/strong>\u00a0come l'osteoartrite<\/li>\n<li>Le sue propriet\u00e0 antinfiammatorie<\/li>\n<li>Per favorire la rigenerazione della cartilagine<\/li>\n<li>Per aiutare a combattere<strong>\u00a0contro il cancro<\/strong><\/li>\n<li>Come contraccettivo<\/li>\n<\/ul>\n<p>Come potete vedere, questo magnifico<strong>\u00a0pianta del Per\u00f9<\/strong>\u00a0\u00e8 ricca di benefici per l'uomo.<\/p>\n<p>Tuttavia, in caso di gravidanza o di trattamenti speciali, si consiglia di consultare il proprio medico.<\/p>\n<p>Il vostro benessere \u00e8 la nostra principale motivazione, ed \u00e8 per questo che prestiamo grande attenzione nel selezionare i prodotti migliori per voi.\u00a0<strong>prodotti naturali<\/strong>\u00a0che potrebbe fare al caso vostro.<\/p>\n<h3><strong>Natura, natura, svela i tuoi segreti... \u00a0<\/strong><\/h3>\n<p>Si sa che la natura ha innumerevoli virt\u00f9. E il vostro negozio Safinel vuole farvele scoprire ancora di pi\u00f9! Sappiamo quanto siano importanti per voi i prodotti della natura, quindi abbiamo raccolto una selezione appositamente per voi!<\/p>\n<p>Incontra il\u00a0<a href=\"https:\/\/www.safinel.fr\/it\/prodotto\/radici-di-gouro\/\"><strong>Radice di Gouro<\/strong><\/a>\u00a0o il\u00a0<a href=\"https:\/\/www.safinel.fr\/it\/prodotto\/siero-antiacne-al-cumino-nero\/\"><strong>Siero antiacne al cumino nero<\/strong><\/a>\u00a0! La vostra salute \u00e8 ci\u00f2 che conta per noi. Lasciatevi sedurre dai numerosi benefici che la natura ha da offrire...<\/p>","protected":false},"excerpt":{"rendered":"<p>Siete pronti a scoprire un prodotto naturale 100% diverso da tutti gli altri? Il suo soprannome suscita curiosit\u00e0, eppure la sua ricchezza \u00e8 stata dimostrata pi\u00f9 volte... Abbiamo il piacere di mettere in primo piano la griffe di chat! Griffe di chat: che cos'\u00e8?  Per i curiosi che pensavano [...]","protected":false},"featured_media":1592,"template":"","meta":[],"product_brand":[],"product_cat":[28],"product_tag":[],"class_list":{"0":"post-1594","1":"product","2":"type-product","3":"status-publish","4":"has-post-thumbnail","6":"product_cat-divers","8":"first","9":"outofstock","10":"shipping-taxable","11":"purchasable","12":"product-type-simple"},"yoast_head":"<!-- This site is optimized with the Yoast SEO plugin v26.6 - https:\/\/yoast.com\/wordpress\/plugins\/seo\/ -->\n<title>Griffe de chat (Uncaria tomentosa) I Liane du P\u00e9rou I 100% naturelle<\/title>\n<meta name=\"description\" content=\"Son surnom suscite l\u2019intrigue, et pourtant, sa richesse a \u00e9t\u00e9 prouv\u00e9 \u00e0 de nombreuses reprises\u2026 D\u00e9couvrez la\u00a0griffe de chat\u00a0!\u00a0\" \/>\n<meta name=\"robots\" content=\"index, follow, max-snippet:-1, max-image-preview:large, max-video-preview:-1\" \/>\n<link rel=\"canonical\" href=\"https:\/\/www.safinel.fr\/it\/prodotto\/artiglio-di-gatto\/\" \/>\n<meta property=\"og:locale\" content=\"it_IT\" \/>\n<meta property=\"og:type\" content=\"article\" \/>\n<meta property=\"og:title\" content=\"Griffe de chat (Uncaria tomentosa) I Liane du P\u00e9rou I 100% naturelle\" \/>\n<meta property=\"og:description\" content=\"Son surnom suscite l\u2019intrigue, et pourtant, sa richesse a \u00e9t\u00e9 prouv\u00e9 \u00e0 de nombreuses reprises\u2026 D\u00e9couvrez la\u00a0griffe de chat\u00a0!\u00a0\" \/>\n<meta property=\"og:url\" content=\"https:\/\/www.safinel.fr\/it\/prodotto\/artiglio-di-gatto\/\" \/>\n<meta property=\"og:site_name\" content=\"Safinel\" \/>\n<meta property=\"article:modified_time\" content=\"2024-01-21T21:54:35+00:00\" \/>\n<meta property=\"og:image\" content=\"https:\/\/www.safinel.fr\/wp-content\/uploads\/2022\/06\/griffe-de-chat.jpg\" \/>\n\t<meta property=\"og:image:width\" content=\"600\" \/>\n\t<meta property=\"og:image:height\" content=\"600\" \/>\n\t<meta property=\"og:image:type\" content=\"image\/jpeg\" \/>\n<meta name=\"twitter:card\" content=\"summary_large_image\" \/>\n<meta name=\"twitter:label1\" content=\"Tempo di lettura stimato\" \/>\n\t<meta name=\"twitter:data1\" content=\"3 minuti\" \/>\n<script type=\"application\/ld+json\" class=\"yoast-schema-graph\">{\"@context\":\"https:\/\/schema.org\",\"@graph\":[{\"@type\":\"WebPage\",\"@id\":\"https:\/\/www.safinel.fr\/produit\/griffe-de-chat\/\",\"url\":\"https:\/\/www.safinel.fr\/produit\/griffe-de-chat\/\",\"name\":\"Griffe de chat (Uncaria tomentosa) I Liane du P\u00e9rou I 100% naturelle\",\"isPartOf\":{\"@id\":\"https:\/\/www.safinel.fr\/#website\"},\"primaryImageOfPage\":{\"@id\":\"https:\/\/www.safinel.fr\/produit\/griffe-de-chat\/#primaryimage\"},\"image\":{\"@id\":\"https:\/\/www.safinel.fr\/produit\/griffe-de-chat\/#primaryimage\"},\"thumbnailUrl\":\"https:\/\/www.safinel.fr\/wp-content\/uploads\/2022\/06\/griffe-de-chat.jpg\",\"datePublished\":\"2022-06-29T11:32:13+00:00\",\"dateModified\":\"2024-01-21T21:54:35+00:00\",\"description\":\"Son surnom suscite l\u2019intrigue, et pourtant, sa richesse a \u00e9t\u00e9 prouv\u00e9 \u00e0 de nombreuses reprises\u2026 D\u00e9couvrez la\u00a0griffe de chat\u00a0!\u00a0\",\"breadcrumb\":{\"@id\":\"https:\/\/www.safinel.fr\/produit\/griffe-de-chat\/#breadcrumb\"},\"inLanguage\":\"it-IT\",\"potentialAction\":[{\"@type\":\"ReadAction\",\"target\":[\"https:\/\/www.safinel.fr\/produit\/griffe-de-chat\/\"]}]},{\"@type\":\"ImageObject\",\"inLanguage\":\"it-IT\",\"@id\":\"https:\/\/www.safinel.fr\/produit\/griffe-de-chat\/#primaryimage\",\"url\":\"https:\/\/www.safinel.fr\/wp-content\/uploads\/2022\/06\/griffe-de-chat.jpg\",\"contentUrl\":\"https:\/\/www.safinel.fr\/wp-content\/uploads\/2022\/06\/griffe-de-chat.jpg\",\"width\":600,\"height\":600,\"caption\":\"Griffe de chat 50g\"},{\"@type\":\"BreadcrumbList\",\"@id\":\"https:\/\/www.safinel.fr\/produit\/griffe-de-chat\/#breadcrumb\",\"itemListElement\":[{\"@type\":\"ListItem\",\"position\":1,\"name\":\"Accueil\",\"item\":\"https:\/\/www.safinel.fr\/\"},{\"@type\":\"ListItem\",\"position\":2,\"name\":\"Boutique\",\"item\":\"https:\/\/www.safinel.fr\/boutique\/\"},{\"@type\":\"ListItem\",\"position\":3,\"name\":\"Griffe de chat 50g\"}]},{\"@type\":\"WebSite\",\"@id\":\"https:\/\/www.safinel.fr\/#website\",\"url\":\"https:\/\/www.safinel.fr\/\",\"name\":\"Safinel\",\"description\":\"\",\"publisher\":{\"@id\":\"https:\/\/www.safinel.fr\/#organization\"},\"potentialAction\":[{\"@type\":\"SearchAction\",\"target\":{\"@type\":\"EntryPoint\",\"urlTemplate\":\"https:\/\/www.safinel.fr\/?s={search_term_string}\"},\"query-input\":{\"@type\":\"PropertyValueSpecification\",\"valueRequired\":true,\"valueName\":\"search_term_string\"}}],\"inLanguage\":\"it-IT\"},{\"@type\":\"Organization\",\"@id\":\"https:\/\/www.safinel.fr\/#organization\",\"name\":\"Safinel\",\"url\":\"https:\/\/www.safinel.fr\/\",\"logo\":{\"@type\":\"ImageObject\",\"inLanguage\":\"it-IT\",\"@id\":\"https:\/\/www.safinel.fr\/#\/schema\/logo\/image\/\",\"url\":\"https:\/\/www.safinel.fr\/wp-content\/uploads\/2021\/05\/boutique-cosmetique.png\",\"contentUrl\":\"https:\/\/www.safinel.fr\/wp-content\/uploads\/2021\/05\/boutique-cosmetique.png\",\"width\":800,\"height\":200,\"caption\":\"Safinel\"},\"image\":{\"@id\":\"https:\/\/www.safinel.fr\/#\/schema\/logo\/image\/\"}}]}<\/script>\n<!-- \/ Yoast SEO plugin. -->","yoast_head_json":{"title":"Artiglio di gatto (Uncaria tomentosa) I Liana peruviana I 100% naturale","description":"Il suo soprannome \u00e8 intrigante, ma la sua ricchezza \u00e8 stata dimostrata pi\u00f9 volte... Scoprite l'artiglio del gatto!\u00a0","robots":{"index":"index","follow":"follow","max-snippet":"max-snippet:-1","max-image-preview":"max-image-preview:large","max-video-preview":"max-video-preview:-1"},"canonical":"https:\/\/www.safinel.fr\/it\/prodotto\/artiglio-di-gatto\/","og_locale":"it_IT","og_type":"article","og_title":"Griffe de chat (Uncaria tomentosa) I Liane du P\u00e9rou I 100% naturelle","og_description":"Son surnom suscite l\u2019intrigue, et pourtant, sa richesse a \u00e9t\u00e9 prouv\u00e9 \u00e0 de nombreuses reprises\u2026 D\u00e9couvrez la\u00a0griffe de chat\u00a0!\u00a0","og_url":"https:\/\/www.safinel.fr\/it\/prodotto\/artiglio-di-gatto\/","og_site_name":"Safinel","article_modified_time":"2024-01-21T21:54:35+00:00","og_image":[{"width":600,"height":600,"url":"https:\/\/www.safinel.fr\/wp-content\/uploads\/2022\/06\/griffe-de-chat.jpg","type":"image\/jpeg"}],"twitter_card":"summary_large_image","twitter_misc":{"Tempo di lettura stimato":"3 minuti"},"schema":{"@context":"https:\/\/schema.org","@graph":[{"@type":"WebPage","@id":"https:\/\/www.safinel.fr\/produit\/griffe-de-chat\/","url":"https:\/\/www.safinel.fr\/produit\/griffe-de-chat\/","name":"Artiglio di gatto (Uncaria tomentosa) I Liana peruviana I 100% naturale","isPartOf":{"@id":"https:\/\/www.safinel.fr\/#website"},"primaryImageOfPage":{"@id":"https:\/\/www.safinel.fr\/produit\/griffe-de-chat\/#primaryimage"},"image":{"@id":"https:\/\/www.safinel.fr\/produit\/griffe-de-chat\/#primaryimage"},"thumbnailUrl":"https:\/\/www.safinel.fr\/wp-content\/uploads\/2022\/06\/griffe-de-chat.jpg","datePublished":"2022-06-29T11:32:13+00:00","dateModified":"2024-01-21T21:54:35+00:00","description":"Il suo soprannome \u00e8 intrigante, ma la sua ricchezza \u00e8 stata dimostrata pi\u00f9 volte... Scoprite l'artiglio del gatto!\u00a0","breadcrumb":{"@id":"https:\/\/www.safinel.fr\/produit\/griffe-de-chat\/#breadcrumb"},"inLanguage":"it-IT","potentialAction":[{"@type":"ReadAction","target":["https:\/\/www.safinel.fr\/produit\/griffe-de-chat\/"]}]},{"@type":"ImageObject","inLanguage":"it-IT","@id":"https:\/\/www.safinel.fr\/produit\/griffe-de-chat\/#primaryimage","url":"https:\/\/www.safinel.fr\/wp-content\/uploads\/2022\/06\/griffe-de-chat.jpg","contentUrl":"https:\/\/www.safinel.fr\/wp-content\/uploads\/2022\/06\/griffe-de-chat.jpg","width":600,"height":600,"caption":"Griffe de chat 50g"},{"@type":"BreadcrumbList","@id":"https:\/\/www.safinel.fr\/produit\/griffe-de-chat\/#breadcrumb","itemListElement":[{"@type":"ListItem","position":1,"name":"Accueil","item":"https:\/\/www.safinel.fr\/"},{"@type":"ListItem","position":2,"name":"Boutique","item":"https:\/\/www.safinel.fr\/boutique\/"},{"@type":"ListItem","position":3,"name":"Griffe de chat 50g"}]},{"@type":"WebSite","@id":"https:\/\/www.safinel.fr\/#website","url":"https:\/\/www.safinel.fr\/","name":"Safinel","description":"","publisher":{"@id":"https:\/\/www.safinel.fr\/#organization"},"potentialAction":[{"@type":"SearchAction","target":{"@type":"EntryPoint","urlTemplate":"https:\/\/www.safinel.fr\/?s={search_term_string}"},"query-input":{"@type":"PropertyValueSpecification","valueRequired":true,"valueName":"search_term_string"}}],"inLanguage":"it-IT"},{"@type":"Organization","@id":"https:\/\/www.safinel.fr\/#organization","name":"Safinel","url":"https:\/\/www.safinel.fr\/","logo":{"@type":"ImageObject","inLanguage":"it-IT","@id":"https:\/\/www.safinel.fr\/#\/schema\/logo\/image\/","url":"https:\/\/www.safinel.fr\/wp-content\/uploads\/2021\/05\/boutique-cosmetique.png","contentUrl":"https:\/\/www.safinel.fr\/wp-content\/uploads\/2021\/05\/boutique-cosmetique.png","width":800,"height":200,"caption":"Safinel"},"image":{"@id":"https:\/\/www.safinel.fr\/#\/schema\/logo\/image\/"}}]}},"_links":{"self":[{"href":"https:\/\/www.safinel.fr\/it\/wp-json\/wp\/v2\/product\/1594","targetHints":{"allow":["GET"]}}],"collection":[{"href":"https:\/\/www.safinel.fr\/it\/wp-json\/wp\/v2\/product"}],"about":[{"href":"https:\/\/www.safinel.fr\/it\/wp-json\/wp\/v2\/types\/product"}],"wp:featuredmedia":[{"embeddable":true,"href":"https:\/\/www.safinel.fr\/it\/wp-json\/wp\/v2\/media\/1592"}],"wp:attachment":[{"href":"https:\/\/www.safinel.fr\/it\/wp-json\/wp\/v2\/media?parent=1594"}],"wp:term":[{"taxonomy":"product_brand","embeddable":true,"href":"https:\/\/www.safinel.fr\/it\/wp-json\/wp\/v2\/product_brand?post=1594"},{"taxonomy":"product_cat","embeddable":true,"href":"https:\/\/www.safinel.fr\/it\/wp-json\/wp\/v2\/product_cat?post=1594"},{"taxonomy":"product_tag","embeddable":true,"href":"https:\/\/www.safinel.fr\/it\/wp-json\/wp\/v2\/product_tag?post=1594"}],"curies":[{"name":"wp","href":"https:\/\/api.w.org\/{rel}","templated":true}]}}