{"id":1590,"date":"2024-08-07T03:30:44","date_gmt":"2024-08-07T03:30:44","guid":{"rendered":"https:\/\/www.safinel.fr\/?post_type=product&#038;p=1590"},"modified":"2024-08-07T09:24:35","modified_gmt":"2024-08-07T09:24:35","slug":"gomma-arabica-in-polvere","status":"publish","type":"product","link":"https:\/\/www.safinel.fr\/it\/prodotto\/gomma-arabica-in-polvere\/","title":{"rendered":"Gomma arabica integrale in polvere 100 g"},"content":{"rendered":"<p>Se non avete mai sentito parlare del\u00a0<strong>gomma arabica in polvere<\/strong>\u00a0e i suoi numerosi benefici, \u00e8 ora di fare qualcosa...<\/p>\n<p>Accomodatevi e incontrate uno dei tesori della natura!<\/p>\n<h2><strong>Perch\u00e9 non dare un'occhiata alla gomma arabica in polvere?\u00a0<\/strong><\/h2>\n<p>Se qualcuno si chiede cosa\u00a0<strong>gomma arabica<\/strong>, Facciamo le dovute presentazioni. Considerato una lega di potassio, calcio e magnesio, per alcuni \u00e8 semplicemente un \"minerale\".<strong>\u00a0carboidrato naturale<\/strong>\u00a0!<\/p>\n<p>Se volete sapere da dove proviene, dovete sapere che proviene da un albero noto come acacia.<\/p>\n<p>Inoltre, per gli intenditori, questa gomma e il suo aspetto simile a una caramella sono la somma di un'altra gomma.\u00a0<strong>linfa solidificata.<\/strong>\u00a0I pi\u00f9 noti si trovano generalmente in Sudan, ma anche Senegal, Egitto e Mali non sono da meno.<\/p>\n<p>La polvere di gomma arabica \u00e8 ampiamente utilizzata in queste comunit\u00e0 per le sue virt\u00f9 e i suoi benefici per la salute, e sta conquistando l'Occidente! Come sempre, il vostro negozio Safinel \u00e8 pronto a promuovere i migliori prodotti disponibili.<strong>\u00a0prodotti naturali\u00a0<\/strong>Non esitate pi\u00f9 e lasciatevi sorprendere da questa gomma che nasconde tante sorprese!<\/p>\n<h2><strong>Le famose virt\u00f9 della gomma arabica in polvere...\u00a0<\/strong><\/h2>\n<p>Conosciamo bene la vostra leggendaria curiosit\u00e0, ed \u00e8 per questo che facciamo del nostro meglio per darvi qualche dettaglio su questo prodotto naturale dai molteplici benefici! Se il suo aspetto sembra appetitoso a prima vista, tanto vale dirvi che potrebbe sorprendervi ancora di pi\u00f9! \u00c8 il momento di conoscere i numerosi benefici di questo tesoro naturale.<\/p>\n<ul>\n<li>Pu\u00f2 essere visto come un vantaggio per il\u00a0<strong>perdita di peso<\/strong><\/li>\n<li>Una risorsa per alcuni problemi del colon<\/li>\n<li>Antibiotico naturale<\/li>\n<li>Pu\u00f2 aiutare a combattere\u2019<strong>ipertensione arteriosa\u00a0<\/strong><\/li>\n<li>Ottimo anche contro alcune malattie renali<\/li>\n<li>\u00c8 anche ricco di calcio<\/li>\n<\/ul>\n<p>Come si pu\u00f2 vedere, questo<strong>\u00a0polvere vegetale\u00a0<\/strong>\u00e8 ricco di benefici che molti di noi apprezzano! Come farete a vivere senza?<\/p>\n<h2><strong>Alcuni consigli sull'uso della gomma arabica in polvere<\/strong><\/h2>\n<p>Se anche voi desiderate beneficiare delle numerose virt\u00f9 di questa pianta\u00a0<strong>linfa solidificata<\/strong>, Non fare un'altra mossa, ti diremo di pi\u00f9...<\/p>\n<p>Per ottenere risultati ottimali, \u00e8 possibile assumerlo come ciclo di trattamento! In altre parole, ogni giorno, preferibilmente a stomaco vuoto. Ad esempio<strong>\u00a0tisana<\/strong>, Quando siete pronti, lasciate in infusione la polvere di gomma arabica e godetevi questo tesoro naturale.<\/p>\n<h3><strong>Natura e benessere: una combinazione pi\u00f9 che soddisfacente<\/strong><\/h3>\n<p>Volete sentirvi bene con voi stessi utilizzando prodotti naturali? La vostra boutique Safinel probabilmente ha la soluzione!<\/p>\n<ul>\n<li>Perch\u00e9 non conoscere il\u2019<strong><a href=\"https:\/\/www.safinel.fr\/it\/prodotto\/giogo\/\">olio di giogo<\/a>\u00a0<\/strong>? Signore, preparatevi a fare invidia!<\/li>\n<\/ul>\n<ul>\n<li>Inoltre, avrete anche l'opportunit\u00e0 di incontrare il<strong>\u00a0<a href=\"https:\/\/www.safinel.fr\/it\/prodotto\/artiglio-di-gatto\/\">artiglio di gatto<\/a>\u00a0<\/strong>e i suoi numerosi benefici!<\/li>\n<\/ul>\n<p>Il vostro negozio online specializzato in prodotti per il benessere \u00e8 sempre pronto a proporvi articoli che potrebbero esservi utili!<\/p>","protected":false},"excerpt":{"rendered":"<p>Si vous n\u2019avez pas encore entendu parler de la\u00a0gomme arabique en poudre\u00a0et de ses nombreux bienfaits, il est temps d\u2019y rem\u00e9dier\u2026 Prenez place et faites la rencontre d\u2019un tr\u00e9sor de la nature ! Et si on vous pr\u00e9sentait la gomme arabique en poudre ?\u00a0 Si certains se demandent ce qu\u2019est la\u00a0gomme arabique, restez bien install\u00e9, [&#8230;]","protected":false},"featured_media":14650,"template":"","meta":[],"product_brand":[],"product_cat":[28],"product_tag":[],"class_list":{"0":"post-1590","1":"product","2":"type-product","3":"status-publish","4":"has-post-thumbnail","6":"product_cat-divers","8":"first","9":"instock","10":"shipping-taxable","11":"purchasable","12":"product-type-variable"},"yoast_head":"<!-- This site is optimized with the Yoast SEO plugin v26.6 - https:\/\/yoast.com\/wordpress\/plugins\/seo\/ -->\n<title>Gomme arabique I Contenance 150g I Marque El Nasr<\/title>\n<meta name=\"description\" content=\"Si vous n\u2019avez pas encore entendu parler de la\u00a0gomme arabique en poudre\u00a0et de ses nombreux bienfaits, il est temps d\u2019y rem\u00e9dier\u2026\" \/>\n<meta name=\"robots\" content=\"index, follow, max-snippet:-1, max-image-preview:large, max-video-preview:-1\" \/>\n<link rel=\"canonical\" href=\"https:\/\/www.safinel.fr\/it\/prodotto\/gomma-arabica-in-polvere\/\" \/>\n<meta property=\"og:locale\" content=\"it_IT\" \/>\n<meta property=\"og:type\" content=\"article\" \/>\n<meta property=\"og:title\" content=\"Gomme arabique I Contenance 150g I Marque El Nasr\" \/>\n<meta property=\"og:description\" content=\"Si vous n\u2019avez pas encore entendu parler de la\u00a0gomme arabique en poudre\u00a0et de ses nombreux bienfaits, il est temps d\u2019y rem\u00e9dier\u2026\" \/>\n<meta property=\"og:url\" content=\"https:\/\/www.safinel.fr\/it\/prodotto\/gomma-arabica-in-polvere\/\" \/>\n<meta property=\"og:site_name\" content=\"Safinel\" \/>\n<meta property=\"article:modified_time\" content=\"2024-08-07T09:24:35+00:00\" \/>\n<meta property=\"og:image\" content=\"https:\/\/www.safinel.fr\/wp-content\/uploads\/2022\/06\/gomme-arabique-en-poudre.jpg\" \/>\n\t<meta property=\"og:image:width\" content=\"600\" \/>\n\t<meta property=\"og:image:height\" content=\"600\" \/>\n\t<meta property=\"og:image:type\" content=\"image\/jpeg\" \/>\n<meta name=\"twitter:card\" content=\"summary_large_image\" \/>\n<meta name=\"twitter:label1\" content=\"Tempo di lettura stimato\" \/>\n\t<meta name=\"twitter:data1\" content=\"3 minuti\" \/>\n<script type=\"application\/ld+json\" class=\"yoast-schema-graph\">{\"@context\":\"https:\/\/schema.org\",\"@graph\":[{\"@type\":\"WebPage\",\"@id\":\"https:\/\/www.safinel.fr\/produit\/gomme-arabique-en-poudre\/\",\"url\":\"https:\/\/www.safinel.fr\/produit\/gomme-arabique-en-poudre\/\",\"name\":\"Gomme arabique I Contenance 150g I Marque El Nasr\",\"isPartOf\":{\"@id\":\"https:\/\/www.safinel.fr\/#website\"},\"primaryImageOfPage\":{\"@id\":\"https:\/\/www.safinel.fr\/produit\/gomme-arabique-en-poudre\/#primaryimage\"},\"image\":{\"@id\":\"https:\/\/www.safinel.fr\/produit\/gomme-arabique-en-poudre\/#primaryimage\"},\"thumbnailUrl\":\"https:\/\/www.safinel.fr\/wp-content\/uploads\/2022\/06\/gomme-arabique-en-poudre.jpg\",\"datePublished\":\"2024-08-07T03:30:44+00:00\",\"dateModified\":\"2024-08-07T09:24:35+00:00\",\"description\":\"Si vous n\u2019avez pas encore entendu parler de la\u00a0gomme arabique en poudre\u00a0et de ses nombreux bienfaits, il est temps d\u2019y rem\u00e9dier\u2026\",\"breadcrumb\":{\"@id\":\"https:\/\/www.safinel.fr\/produit\/gomme-arabique-en-poudre\/#breadcrumb\"},\"inLanguage\":\"it-IT\",\"potentialAction\":[{\"@type\":\"ReadAction\",\"target\":[\"https:\/\/www.safinel.fr\/produit\/gomme-arabique-en-poudre\/\"]}]},{\"@type\":\"ImageObject\",\"inLanguage\":\"it-IT\",\"@id\":\"https:\/\/www.safinel.fr\/produit\/gomme-arabique-en-poudre\/#primaryimage\",\"url\":\"https:\/\/www.safinel.fr\/wp-content\/uploads\/2022\/06\/gomme-arabique-en-poudre.jpg\",\"contentUrl\":\"https:\/\/www.safinel.fr\/wp-content\/uploads\/2022\/06\/gomme-arabique-en-poudre.jpg\",\"width\":600,\"height\":600,\"caption\":\"gomme arabique en poudre\"},{\"@type\":\"BreadcrumbList\",\"@id\":\"https:\/\/www.safinel.fr\/produit\/gomme-arabique-en-poudre\/#breadcrumb\",\"itemListElement\":[{\"@type\":\"ListItem\",\"position\":1,\"name\":\"Accueil\",\"item\":\"https:\/\/www.safinel.fr\/\"},{\"@type\":\"ListItem\",\"position\":2,\"name\":\"Boutique\",\"item\":\"https:\/\/www.safinel.fr\/boutique\/\"},{\"@type\":\"ListItem\",\"position\":3,\"name\":\"Gomme arabique en poudre et enti\u00e8re 100g\"}]},{\"@type\":\"WebSite\",\"@id\":\"https:\/\/www.safinel.fr\/#website\",\"url\":\"https:\/\/www.safinel.fr\/\",\"name\":\"Safinel\",\"description\":\"\",\"publisher\":{\"@id\":\"https:\/\/www.safinel.fr\/#organization\"},\"potentialAction\":[{\"@type\":\"SearchAction\",\"target\":{\"@type\":\"EntryPoint\",\"urlTemplate\":\"https:\/\/www.safinel.fr\/?s={search_term_string}\"},\"query-input\":{\"@type\":\"PropertyValueSpecification\",\"valueRequired\":true,\"valueName\":\"search_term_string\"}}],\"inLanguage\":\"it-IT\"},{\"@type\":\"Organization\",\"@id\":\"https:\/\/www.safinel.fr\/#organization\",\"name\":\"Safinel\",\"url\":\"https:\/\/www.safinel.fr\/\",\"logo\":{\"@type\":\"ImageObject\",\"inLanguage\":\"it-IT\",\"@id\":\"https:\/\/www.safinel.fr\/#\/schema\/logo\/image\/\",\"url\":\"https:\/\/www.safinel.fr\/wp-content\/uploads\/2021\/05\/boutique-cosmetique.png\",\"contentUrl\":\"https:\/\/www.safinel.fr\/wp-content\/uploads\/2021\/05\/boutique-cosmetique.png\",\"width\":800,\"height\":200,\"caption\":\"Safinel\"},\"image\":{\"@id\":\"https:\/\/www.safinel.fr\/#\/schema\/logo\/image\/\"}}]}<\/script>\n<!-- \/ Yoast SEO plugin. -->","yoast_head_json":{"title":"Gomma arabica I Contenuto 150 g I Marca El Nasr","description":"Se non avete ancora sentito parlare della gomma arabica in polvere e dei suoi numerosi benefici, \u00e8 arrivato il momento di fare qualcosa...","robots":{"index":"index","follow":"follow","max-snippet":"max-snippet:-1","max-image-preview":"max-image-preview:large","max-video-preview":"max-video-preview:-1"},"canonical":"https:\/\/www.safinel.fr\/it\/prodotto\/gomma-arabica-in-polvere\/","og_locale":"it_IT","og_type":"article","og_title":"Gomme arabique I Contenance 150g I Marque El Nasr","og_description":"Si vous n\u2019avez pas encore entendu parler de la\u00a0gomme arabique en poudre\u00a0et de ses nombreux bienfaits, il est temps d\u2019y rem\u00e9dier\u2026","og_url":"https:\/\/www.safinel.fr\/it\/prodotto\/gomma-arabica-in-polvere\/","og_site_name":"Safinel","article_modified_time":"2024-08-07T09:24:35+00:00","og_image":[{"width":600,"height":600,"url":"https:\/\/www.safinel.fr\/wp-content\/uploads\/2022\/06\/gomme-arabique-en-poudre.jpg","type":"image\/jpeg"}],"twitter_card":"summary_large_image","twitter_misc":{"Tempo di lettura stimato":"3 minuti"},"schema":{"@context":"https:\/\/schema.org","@graph":[{"@type":"WebPage","@id":"https:\/\/www.safinel.fr\/produit\/gomme-arabique-en-poudre\/","url":"https:\/\/www.safinel.fr\/produit\/gomme-arabique-en-poudre\/","name":"Gomma arabica I Contenuto 150 g I Marca El Nasr","isPartOf":{"@id":"https:\/\/www.safinel.fr\/#website"},"primaryImageOfPage":{"@id":"https:\/\/www.safinel.fr\/produit\/gomme-arabique-en-poudre\/#primaryimage"},"image":{"@id":"https:\/\/www.safinel.fr\/produit\/gomme-arabique-en-poudre\/#primaryimage"},"thumbnailUrl":"https:\/\/www.safinel.fr\/wp-content\/uploads\/2022\/06\/gomme-arabique-en-poudre.jpg","datePublished":"2024-08-07T03:30:44+00:00","dateModified":"2024-08-07T09:24:35+00:00","description":"Se non avete ancora sentito parlare della gomma arabica in polvere e dei suoi numerosi benefici, \u00e8 arrivato il momento di fare qualcosa...","breadcrumb":{"@id":"https:\/\/www.safinel.fr\/produit\/gomme-arabique-en-poudre\/#breadcrumb"},"inLanguage":"it-IT","potentialAction":[{"@type":"ReadAction","target":["https:\/\/www.safinel.fr\/produit\/gomme-arabique-en-poudre\/"]}]},{"@type":"ImageObject","inLanguage":"it-IT","@id":"https:\/\/www.safinel.fr\/produit\/gomme-arabique-en-poudre\/#primaryimage","url":"https:\/\/www.safinel.fr\/wp-content\/uploads\/2022\/06\/gomme-arabique-en-poudre.jpg","contentUrl":"https:\/\/www.safinel.fr\/wp-content\/uploads\/2022\/06\/gomme-arabique-en-poudre.jpg","width":600,"height":600,"caption":"gomme arabique en poudre"},{"@type":"BreadcrumbList","@id":"https:\/\/www.safinel.fr\/produit\/gomme-arabique-en-poudre\/#breadcrumb","itemListElement":[{"@type":"ListItem","position":1,"name":"Accueil","item":"https:\/\/www.safinel.fr\/"},{"@type":"ListItem","position":2,"name":"Boutique","item":"https:\/\/www.safinel.fr\/boutique\/"},{"@type":"ListItem","position":3,"name":"Gomme arabique en poudre et enti\u00e8re 100g"}]},{"@type":"WebSite","@id":"https:\/\/www.safinel.fr\/#website","url":"https:\/\/www.safinel.fr\/","name":"Safinel","description":"","publisher":{"@id":"https:\/\/www.safinel.fr\/#organization"},"potentialAction":[{"@type":"SearchAction","target":{"@type":"EntryPoint","urlTemplate":"https:\/\/www.safinel.fr\/?s={search_term_string}"},"query-input":{"@type":"PropertyValueSpecification","valueRequired":true,"valueName":"search_term_string"}}],"inLanguage":"it-IT"},{"@type":"Organization","@id":"https:\/\/www.safinel.fr\/#organization","name":"Safinel","url":"https:\/\/www.safinel.fr\/","logo":{"@type":"ImageObject","inLanguage":"it-IT","@id":"https:\/\/www.safinel.fr\/#\/schema\/logo\/image\/","url":"https:\/\/www.safinel.fr\/wp-content\/uploads\/2021\/05\/boutique-cosmetique.png","contentUrl":"https:\/\/www.safinel.fr\/wp-content\/uploads\/2021\/05\/boutique-cosmetique.png","width":800,"height":200,"caption":"Safinel"},"image":{"@id":"https:\/\/www.safinel.fr\/#\/schema\/logo\/image\/"}}]}},"_links":{"self":[{"href":"https:\/\/www.safinel.fr\/it\/wp-json\/wp\/v2\/product\/1590","targetHints":{"allow":["GET"]}}],"collection":[{"href":"https:\/\/www.safinel.fr\/it\/wp-json\/wp\/v2\/product"}],"about":[{"href":"https:\/\/www.safinel.fr\/it\/wp-json\/wp\/v2\/types\/product"}],"wp:featuredmedia":[{"embeddable":true,"href":"https:\/\/www.safinel.fr\/it\/wp-json\/wp\/v2\/media\/14650"}],"wp:attachment":[{"href":"https:\/\/www.safinel.fr\/it\/wp-json\/wp\/v2\/media?parent=1590"}],"wp:term":[{"taxonomy":"product_brand","embeddable":true,"href":"https:\/\/www.safinel.fr\/it\/wp-json\/wp\/v2\/product_brand?post=1590"},{"taxonomy":"product_cat","embeddable":true,"href":"https:\/\/www.safinel.fr\/it\/wp-json\/wp\/v2\/product_cat?post=1590"},{"taxonomy":"product_tag","embeddable":true,"href":"https:\/\/www.safinel.fr\/it\/wp-json\/wp\/v2\/product_tag?post=1590"}],"curies":[{"name":"wp","href":"https:\/\/api.w.org\/{rel}","templated":true}]}}