{"id":1528,"date":"2022-06-22T09:21:59","date_gmt":"2022-06-22T09:21:59","guid":{"rendered":"https:\/\/www.safinel.fr\/?post_type=product&#038;p=1528"},"modified":"2025-05-08T13:47:39","modified_gmt":"2025-05-08T13:47:39","slug":"criniera-di-leoni-hydne-herisson","status":"publish","type":"product","link":"https:\/\/www.safinel.fr\/it\/prodotto\/criniera-di-leoni-hydne-herisson\/","title":{"rendered":"Hericium (criniera di leone) riccio hydne"},"content":{"rendered":"<p><strong>Criniera di leone<\/strong> <strong>Hericium<\/strong> Ti suona familiare? Questo <strong>fungo <\/strong>con l'aspetto della criniera di un leone ha<strong> numerosi vantaggi <\/strong>! Partiamo alla scoperta di questo straordinario alimento: la criniera di leone.<\/p>\n<h2><strong>Criniera di leone: cosa c'\u00e8 da sapere\u00a0<\/strong><\/h2>\n<p>Sapevate che la criniera del leone \u00e8 anche chiamata <strong>riccio<\/strong> in francese o<strong> hericium erinaceus<\/strong> in latino? Se individuate uno di questi nomi in un elenco di ingredienti, saprete che si tratta del fidato riccio!<\/p>\n<p>Ora che si conoscono meglio le varianti di nome, \u00e8 il momento di parlare delle sue <strong>look sorprendente<\/strong>. La criniera del leone \u00e8 generalmente una <strong>Fungo bianco grande<\/strong> \u00c8 una pianta ispida con lunghi pungiglioni bianco-crema di 4-6 cm che scendono a cascata verso il basso. Possono misurare fino a 25 cm di diametro. Crescendo assomiglia alla criniera di un leone. Questo aspetto originale la rende facilmente riconoscibile.<\/p>\n<p>Questo fungo \u00e8 originario di\u2019<strong>Nord America <\/strong>e <strong>Canada<\/strong>. Cresce da spore fungine che si sviluppano in condizioni di umidit\u00e0 e buio. Come ad esempio la legna da ardere. Si trova spesso su legno morto, poich\u00e9 necessita di materiale in decomposizione.<\/p>\n<p>Si possono trovare anche nelle ferite degli alberi morenti o morti. Se vi recate presto nei boschi, tenete d'occhio i funghi. <strong>ricci<\/strong>.<\/p>\n<h2><strong>Perch\u00e9 il Lion's Mane Hericium ci fa bene?\u00a0<\/strong><\/h2>\n<p>Ammettiamolo, l'aggiunta di <a href=\"https:\/\/www.safinel.fr\/it\/categoria-prodotto\/piante-medicinali\/\"><strong>piante<\/strong><\/a> e le erbe nella nostra dieta ha molti benefici per la salute. Quindi potreste essere motivati a includerlo nella vostra dieta. Le ricerche indicano che \u00e8 noto per :<\/p>\n<ul>\n<li><strong>Alleviare i disturbi depressivi <\/strong>:<\/li>\n<\/ul>\n<p>La criniera di leone \u00e8 un prezioso alleato del sistema nervoso. Pu\u00f2 essere utilizzata per alleviare i disturbi depressivi e i sintomi ad essi associati: perdita di interesse, stanchezza, difficolt\u00e0 a dormire, pessimismo, ecc.<\/p>\n<p>Questi effetti sono dovuti ad alcuni componenti presenti nella criniera del leone, come le erinacine e gli ericenoni. Questo fungo pu\u00f2 anche alleviare la depressione esercitando effetti antinfiammatori.<\/p>\n<p>Infine, il <strong>hericium erinaceus<\/strong> pu\u00f2 avere un effetto ansiolitico, alleviando ansia e paure.<\/p>\n<ul>\n<li><strong>Miglioramento della funzione cognitiva<\/strong> :<\/li>\n<\/ul>\n<p>Questo<strong> fungo della criniera del leone <\/strong>\u00e8 particolarmente efficace nel migliorare le funzioni cognitive come la concentrazione, la memoria, l'attenzione e l'apprendimento, motivo per cui il suo consumo pu\u00f2 essere indicato nel trattamento di alcune malattie neurodegenerative.<\/p>\n<p>Il <strong>ericenoni <\/strong>e il\u2019<strong>erinacina<\/strong> contribuiscono alla rigenerazione dei nervi e limitano la progressiva perdita di neuroni. Allo stesso modo, i polisaccaridi presenti nella criniera di leone svolgono un ruolo importante nel migliorare le funzioni cognitive.<\/p>\n<h3><strong>Alleviare i problemi digestivi e intestinali con l'idromele di riccio<\/strong><\/h3>\n<p>Non \u00e8 solo un alleato del cervello, ma anche dello stomaco e dell'intestino. In primo luogo, aiuta a proteggere le mucose dello stomaco da alcuni batteri. Il suo consumo pu\u00f2 anche contribuire ad alleviare le malattie infiammatorie intestinali.<\/p>\n<ul>\n<li><strong>Stimolare il sistema immunitario <\/strong>:<\/li>\n<\/ul>\n<p>La criniera di leone \u00e8 un eccellente immunostimolante. Attiva le difese naturali dell'organismo contro gli agenti patogeni e ne previene i danni.<\/p>\n<ul>\n<li>Infine, contribuire alla lotta contro il cancro:<\/li>\n<\/ul>\n<p>I beta-glucani in\u2019<strong>riccio<\/strong> attaccano direttamente le cellule tumorali e inducono l'apoptosi, cio\u00e8 la morte cellulare programmata.<\/p>\n<p>Non esitate quindi a procurarvi la vostra criniera di leone!<\/p>\n<h2><strong>Come si mangiano i funghi con la criniera di leone?<\/strong><\/h2>\n<p>Il riccio pu\u00f2 essere mangiato in vari modi.<\/p>\n<ul>\n<li><strong>In compresse <\/strong>:<\/li>\n<\/ul>\n<p>Una volta raccolto, il riccio hydne viene essiccato e poi macinato in polvere. La polvere viene poi utilizzata per produrre compresse e capsule. Questo formato \u00e8 preferibile se si teme il suo sapore forte.<\/p>\n<ul>\n<li><strong>In polvere<\/strong> :<\/li>\n<\/ul>\n<p>\u00c8 disponibile anche in polvere. Questo formato \u00e8 facile da usare. Infatti, si mescola facilmente con acqua calda, latte o anche zuppe.<\/p>\n<ul>\n<li>Allo stesso modo, il <strong>riccio essiccato <\/strong>:<\/li>\n<\/ul>\n<p>\u00c8 un fungo commestibile molto buono che pu\u00f2 essere aggiunto a brodi o zuppe. \u00c8 infatti un ingrediente comune della cucina cinese e giapponese.<\/p>\n<h3><strong>Possiamo dirvi tutto quello che c'\u00e8 da sapere sul dosaggio di Hericium:<\/strong><\/h3>\n<p>Il dosaggio consigliato varia tra 500 mg e 1,5 g di criniera di leone al giorno. Trattandosi di un fungo potente, si consiglia di iniziare con piccole dosi.<\/p>\n<p>Aumentare poi gradualmente il consumo in base agli effetti percepiti. L'ideale sarebbe assumere questo fungo come ciclo di trattamento della durata di 1-4 mesi. I primi risultati si vedranno dopo qualche settimana.<\/p>\n<p>\u00c8 preferibile consumare <strong>fungo <\/strong>prima o dopo i pasti.<\/p>\n<p>Compresse: fino a 3 al giorno per le capsule da 250 mg.<\/p>\n<p>Oppure in polvere: da 1 a 2 cucchiaini al giorno.<\/p>\n<h3><strong>Quale riccio Hericium hydne scegliere?\u00a0<\/strong><\/h3>\n<p>Come molti funghi, il<strong> criniera di leone Hericium<\/strong> tende ad assorbire gli inquinanti presenti nell'aria e nel terreno. Per questo motivo, vi consigliamo di scegliere un fungo certificato biologico, coltivato senza sostanze chimiche e lontano da fonti di inquinamento. In breve, un fungo non OGM e non irradiato.<\/p>\n<p>La maggior parte della produzione di questo fungo proviene dall'Asia. Tuttavia, anche la Francia ne produce alcuni. Quindi, se possibile, scegliete un fungo prodotto in Francia.<\/p>\n<p>Infine, per non incoraggiare la raccolta intensiva in natura, optate per i canali del commercio equo e solidale o per le piccole imprese.<\/p>\n<p>Seguendo questi criteri nella scelta del vostro <strong>fungo della criniera del leone<\/strong>, Potete essere certi di scegliere un prodotto di qualit\u00e0.<\/p>\n<h3><strong>Precauzioni da prendere con la criniera del leone<\/strong><\/h3>\n<p>Il consumo di criniera di leone presenta alcuni vantaggi <strong>controindicazioni <\/strong>:<\/p>\n<ul>\n<li>A titolo precauzionale, questo prodotto non \u00e8 consigliato ai bambini piccoli, alle donne in gravidanza o che allattano.<\/li>\n<\/ul>\n<ul>\n<li>Anche le persone fragili o affette da determinati disturbi dovrebbero evitarne il consumo.<\/li>\n<\/ul>\n<ul>\n<li>\u00c8 inoltre sconsigliato alle persone sottoposte a interventi chirurgici.<\/li>\n<\/ul>\n<ul>\n<li>Infine, il suo consumo \u00e8 sconsigliato alle persone allergiche o sensibili ai funghi.<\/li>\n<\/ul>\n<p>Va inoltre notato che un consumo eccessivo di\u2019<strong>hericium erinaceus <\/strong>possono causare effetti collaterali come prurito o allergie.<\/p>\n<p>Se si verificano effetti collaterali, interrompere l'uso e consultare un medico.<\/p>","protected":false},"excerpt":{"rendered":"<p>Lion\u2019s mane H\u00e9ricium cela vous dit quelque chose ? Ce champignon \u00e0 l\u2019aspect de crini\u00e8re de lion poss\u00e8de de nombreux bienfaits ! Partons de ce pas \u00e0 la d\u00e9couverte de cet aliment \u00e9tonnant : le lion\u2019s mane. Lion\u2019s mane : \u00e0 savoir\u00a0 Saviez-vous que le lion\u2019s mane est appel\u00e9 \u00e9galement hydne h\u00e9risson en fran\u00e7ais ou [&#8230;]","protected":false},"featured_media":1529,"template":"","meta":[],"product_brand":[],"product_cat":[20,41],"product_tag":[],"class_list":{"0":"post-1528","1":"product","2":"type-product","3":"status-publish","4":"has-post-thumbnail","6":"product_cat-gelules","7":"product_cat-produits-naturels-divers","9":"first","10":"instock","11":"shipping-taxable","12":"purchasable","13":"product-type-variable"},"yoast_head":"<!-- This site is optimized with the Yoast SEO plugin v26.6 - https:\/\/yoast.com\/wordpress\/plugins\/seo\/ -->\n<title>H\u00e9ricium | Champignon de la m\u00e9moire | Hydne h\u00e9risson<\/title>\n<meta name=\"description\" content=\"Lion\u2019s mane H\u00e9ricium cela vous dit quelque chose ? Ce champignon \u00e0 l\u2019aspect de crini\u00e8re de lion poss\u00e8de de nombreux bienfaits !\" \/>\n<meta name=\"robots\" content=\"index, follow, max-snippet:-1, max-image-preview:large, max-video-preview:-1\" \/>\n<link rel=\"canonical\" href=\"https:\/\/www.safinel.fr\/it\/prodotto\/criniera-di-leoni-hydne-herisson\/\" \/>\n<meta property=\"og:locale\" content=\"it_IT\" \/>\n<meta property=\"og:type\" content=\"article\" \/>\n<meta property=\"og:title\" content=\"H\u00e9ricium | Champignon de la m\u00e9moire | Hydne h\u00e9risson\" \/>\n<meta property=\"og:description\" content=\"Lion\u2019s mane H\u00e9ricium cela vous dit quelque chose ? Ce champignon \u00e0 l\u2019aspect de crini\u00e8re de lion poss\u00e8de de nombreux bienfaits !\" \/>\n<meta property=\"og:url\" content=\"https:\/\/www.safinel.fr\/it\/prodotto\/criniera-di-leoni-hydne-herisson\/\" \/>\n<meta property=\"og:site_name\" content=\"Safinel\" \/>\n<meta property=\"article:modified_time\" content=\"2025-05-08T13:47:39+00:00\" \/>\n<meta property=\"og:image\" content=\"https:\/\/www.safinel.fr\/wp-content\/uploads\/2022\/06\/Lions-mane.jpg\" \/>\n\t<meta property=\"og:image:width\" content=\"600\" \/>\n\t<meta property=\"og:image:height\" content=\"600\" \/>\n\t<meta property=\"og:image:type\" content=\"image\/jpeg\" \/>\n<meta name=\"twitter:card\" content=\"summary_large_image\" \/>\n<meta name=\"twitter:label1\" content=\"Tempo di lettura stimato\" \/>\n\t<meta name=\"twitter:data1\" content=\"6 minuti\" \/>\n<script type=\"application\/ld+json\" class=\"yoast-schema-graph\">{\"@context\":\"https:\/\/schema.org\",\"@graph\":[{\"@type\":\"WebPage\",\"@id\":\"https:\/\/www.safinel.fr\/produit\/lions-mane-hydne-herisson\/\",\"url\":\"https:\/\/www.safinel.fr\/produit\/lions-mane-hydne-herisson\/\",\"name\":\"H\u00e9ricium | Champignon de la m\u00e9moire | Hydne h\u00e9risson\",\"isPartOf\":{\"@id\":\"https:\/\/www.safinel.fr\/#website\"},\"primaryImageOfPage\":{\"@id\":\"https:\/\/www.safinel.fr\/produit\/lions-mane-hydne-herisson\/#primaryimage\"},\"image\":{\"@id\":\"https:\/\/www.safinel.fr\/produit\/lions-mane-hydne-herisson\/#primaryimage\"},\"thumbnailUrl\":\"https:\/\/www.safinel.fr\/wp-content\/uploads\/2022\/06\/Lions-mane.jpg\",\"datePublished\":\"2022-06-22T09:21:59+00:00\",\"dateModified\":\"2025-05-08T13:47:39+00:00\",\"description\":\"Lion\u2019s mane H\u00e9ricium cela vous dit quelque chose ? Ce champignon \u00e0 l\u2019aspect de crini\u00e8re de lion poss\u00e8de de nombreux bienfaits !\",\"breadcrumb\":{\"@id\":\"https:\/\/www.safinel.fr\/produit\/lions-mane-hydne-herisson\/#breadcrumb\"},\"inLanguage\":\"it-IT\",\"potentialAction\":[{\"@type\":\"ReadAction\",\"target\":[\"https:\/\/www.safinel.fr\/produit\/lions-mane-hydne-herisson\/\"]}]},{\"@type\":\"ImageObject\",\"inLanguage\":\"it-IT\",\"@id\":\"https:\/\/www.safinel.fr\/produit\/lions-mane-hydne-herisson\/#primaryimage\",\"url\":\"https:\/\/www.safinel.fr\/wp-content\/uploads\/2022\/06\/Lions-mane.jpg\",\"contentUrl\":\"https:\/\/www.safinel.fr\/wp-content\/uploads\/2022\/06\/Lions-mane.jpg\",\"width\":600,\"height\":600,\"caption\":\"H\u00e9ricium Lion\u2019s mane (Hydne h\u00e9risson)\"},{\"@type\":\"BreadcrumbList\",\"@id\":\"https:\/\/www.safinel.fr\/produit\/lions-mane-hydne-herisson\/#breadcrumb\",\"itemListElement\":[{\"@type\":\"ListItem\",\"position\":1,\"name\":\"Accueil\",\"item\":\"https:\/\/www.safinel.fr\/\"},{\"@type\":\"ListItem\",\"position\":2,\"name\":\"Boutique\",\"item\":\"https:\/\/www.safinel.fr\/boutique\/\"},{\"@type\":\"ListItem\",\"position\":3,\"name\":\"H\u00e9ricium (Lion&#8217;s mane) hydne h\u00e9risson\"}]},{\"@type\":\"WebSite\",\"@id\":\"https:\/\/www.safinel.fr\/#website\",\"url\":\"https:\/\/www.safinel.fr\/\",\"name\":\"Safinel\",\"description\":\"\",\"publisher\":{\"@id\":\"https:\/\/www.safinel.fr\/#organization\"},\"potentialAction\":[{\"@type\":\"SearchAction\",\"target\":{\"@type\":\"EntryPoint\",\"urlTemplate\":\"https:\/\/www.safinel.fr\/?s={search_term_string}\"},\"query-input\":{\"@type\":\"PropertyValueSpecification\",\"valueRequired\":true,\"valueName\":\"search_term_string\"}}],\"inLanguage\":\"it-IT\"},{\"@type\":\"Organization\",\"@id\":\"https:\/\/www.safinel.fr\/#organization\",\"name\":\"Safinel\",\"url\":\"https:\/\/www.safinel.fr\/\",\"logo\":{\"@type\":\"ImageObject\",\"inLanguage\":\"it-IT\",\"@id\":\"https:\/\/www.safinel.fr\/#\/schema\/logo\/image\/\",\"url\":\"https:\/\/www.safinel.fr\/wp-content\/uploads\/2021\/05\/boutique-cosmetique.png\",\"contentUrl\":\"https:\/\/www.safinel.fr\/wp-content\/uploads\/2021\/05\/boutique-cosmetique.png\",\"width\":800,\"height\":200,\"caption\":\"Safinel\"},\"image\":{\"@id\":\"https:\/\/www.safinel.fr\/#\/schema\/logo\/image\/\"}}]}<\/script>\n<!-- \/ Yoast SEO plugin. -->","yoast_head_json":{"title":"Hericium | Fungo della memoria | Hydne h\u00e9risson","description":"L'Hericium criniera di leone vi ricorda qualcosa? Questo fungo dall'aspetto di una criniera di leone ha molti benefici!","robots":{"index":"index","follow":"follow","max-snippet":"max-snippet:-1","max-image-preview":"max-image-preview:large","max-video-preview":"max-video-preview:-1"},"canonical":"https:\/\/www.safinel.fr\/it\/prodotto\/criniera-di-leoni-hydne-herisson\/","og_locale":"it_IT","og_type":"article","og_title":"H\u00e9ricium | Champignon de la m\u00e9moire | Hydne h\u00e9risson","og_description":"Lion\u2019s mane H\u00e9ricium cela vous dit quelque chose ? Ce champignon \u00e0 l\u2019aspect de crini\u00e8re de lion poss\u00e8de de nombreux bienfaits !","og_url":"https:\/\/www.safinel.fr\/it\/prodotto\/criniera-di-leoni-hydne-herisson\/","og_site_name":"Safinel","article_modified_time":"2025-05-08T13:47:39+00:00","og_image":[{"width":600,"height":600,"url":"https:\/\/www.safinel.fr\/wp-content\/uploads\/2022\/06\/Lions-mane.jpg","type":"image\/jpeg"}],"twitter_card":"summary_large_image","twitter_misc":{"Tempo di lettura stimato":"6 minuti"},"schema":{"@context":"https:\/\/schema.org","@graph":[{"@type":"WebPage","@id":"https:\/\/www.safinel.fr\/produit\/lions-mane-hydne-herisson\/","url":"https:\/\/www.safinel.fr\/produit\/lions-mane-hydne-herisson\/","name":"Hericium | Fungo della memoria | Hydne h\u00e9risson","isPartOf":{"@id":"https:\/\/www.safinel.fr\/#website"},"primaryImageOfPage":{"@id":"https:\/\/www.safinel.fr\/produit\/lions-mane-hydne-herisson\/#primaryimage"},"image":{"@id":"https:\/\/www.safinel.fr\/produit\/lions-mane-hydne-herisson\/#primaryimage"},"thumbnailUrl":"https:\/\/www.safinel.fr\/wp-content\/uploads\/2022\/06\/Lions-mane.jpg","datePublished":"2022-06-22T09:21:59+00:00","dateModified":"2025-05-08T13:47:39+00:00","description":"L'Hericium criniera di leone vi ricorda qualcosa? Questo fungo dall'aspetto di una criniera di leone ha molti benefici!","breadcrumb":{"@id":"https:\/\/www.safinel.fr\/produit\/lions-mane-hydne-herisson\/#breadcrumb"},"inLanguage":"it-IT","potentialAction":[{"@type":"ReadAction","target":["https:\/\/www.safinel.fr\/produit\/lions-mane-hydne-herisson\/"]}]},{"@type":"ImageObject","inLanguage":"it-IT","@id":"https:\/\/www.safinel.fr\/produit\/lions-mane-hydne-herisson\/#primaryimage","url":"https:\/\/www.safinel.fr\/wp-content\/uploads\/2022\/06\/Lions-mane.jpg","contentUrl":"https:\/\/www.safinel.fr\/wp-content\/uploads\/2022\/06\/Lions-mane.jpg","width":600,"height":600,"caption":"H\u00e9ricium Lion\u2019s mane (Hydne h\u00e9risson)"},{"@type":"BreadcrumbList","@id":"https:\/\/www.safinel.fr\/produit\/lions-mane-hydne-herisson\/#breadcrumb","itemListElement":[{"@type":"ListItem","position":1,"name":"Accueil","item":"https:\/\/www.safinel.fr\/"},{"@type":"ListItem","position":2,"name":"Boutique","item":"https:\/\/www.safinel.fr\/boutique\/"},{"@type":"ListItem","position":3,"name":"H\u00e9ricium (Lion&#8217;s mane) hydne h\u00e9risson"}]},{"@type":"WebSite","@id":"https:\/\/www.safinel.fr\/#website","url":"https:\/\/www.safinel.fr\/","name":"Safinel","description":"","publisher":{"@id":"https:\/\/www.safinel.fr\/#organization"},"potentialAction":[{"@type":"SearchAction","target":{"@type":"EntryPoint","urlTemplate":"https:\/\/www.safinel.fr\/?s={search_term_string}"},"query-input":{"@type":"PropertyValueSpecification","valueRequired":true,"valueName":"search_term_string"}}],"inLanguage":"it-IT"},{"@type":"Organization","@id":"https:\/\/www.safinel.fr\/#organization","name":"Safinel","url":"https:\/\/www.safinel.fr\/","logo":{"@type":"ImageObject","inLanguage":"it-IT","@id":"https:\/\/www.safinel.fr\/#\/schema\/logo\/image\/","url":"https:\/\/www.safinel.fr\/wp-content\/uploads\/2021\/05\/boutique-cosmetique.png","contentUrl":"https:\/\/www.safinel.fr\/wp-content\/uploads\/2021\/05\/boutique-cosmetique.png","width":800,"height":200,"caption":"Safinel"},"image":{"@id":"https:\/\/www.safinel.fr\/#\/schema\/logo\/image\/"}}]}},"_links":{"self":[{"href":"https:\/\/www.safinel.fr\/it\/wp-json\/wp\/v2\/product\/1528","targetHints":{"allow":["GET"]}}],"collection":[{"href":"https:\/\/www.safinel.fr\/it\/wp-json\/wp\/v2\/product"}],"about":[{"href":"https:\/\/www.safinel.fr\/it\/wp-json\/wp\/v2\/types\/product"}],"wp:featuredmedia":[{"embeddable":true,"href":"https:\/\/www.safinel.fr\/it\/wp-json\/wp\/v2\/media\/1529"}],"wp:attachment":[{"href":"https:\/\/www.safinel.fr\/it\/wp-json\/wp\/v2\/media?parent=1528"}],"wp:term":[{"taxonomy":"product_brand","embeddable":true,"href":"https:\/\/www.safinel.fr\/it\/wp-json\/wp\/v2\/product_brand?post=1528"},{"taxonomy":"product_cat","embeddable":true,"href":"https:\/\/www.safinel.fr\/it\/wp-json\/wp\/v2\/product_cat?post=1528"},{"taxonomy":"product_tag","embeddable":true,"href":"https:\/\/www.safinel.fr\/it\/wp-json\/wp\/v2\/product_tag?post=1528"}],"curies":[{"name":"wp","href":"https:\/\/api.w.org\/{rel}","templated":true}]}}