{"id":152,"date":"2021-06-23T16:34:19","date_gmt":"2021-06-23T16:34:19","guid":{"rendered":"https:\/\/www.safinel.fr\/?post_type=product&#038;p=152"},"modified":"2023-12-30T13:56:46","modified_gmt":"2023-12-30T13:56:46","slug":"polvere-di-chebe-100g","status":"publish","type":"product","link":"https:\/\/www.safinel.fr\/it\/prodotto\/polvere-di-chebe-100g\/","title":{"rendered":"Caff\u00e8 in polvere 100g"},"content":{"rendered":"<p>La<b> polvere di ch\u00e9b\u00e9<span class=\"Apple-converted-space\">\u00a0<\/span><\/b>\u00e8 parte integrante dei nostri migliori prodotti naturali grazie alle sue favolose propriet\u00e0.<span class=\"Apple-converted-space\">\u00a0<\/span><\/p>\n<p>Proveniente dall'Africa centrale, questa polvere delicata \u00e8 diventata rapidamente la nostra preferita!<\/p>\n<p>Con la sua azione mirata sui capelli, sorprende molte amanti dei cosmetici... Ora tocca a voi provarlo!<\/p>\n<h2><b>Le calde origini della polvere di ch\u00e9b\u00e9<\/b><\/h2>\n<p>Con un nome cos\u00ec originale, la polvere di ch\u00e9b\u00e9 attira spesso l'attenzione dei pi\u00f9 curiosi. E a ragione!<\/p>\n<p>Sarebbe davvero un peccato perdersi questa polvere made in Chad.<\/p>\n<p>Il segreto dei capelli lunghi e belli delle donne ciadiane \u00e8 stato scoperto da una trib\u00f9 di un villaggio remoto.<span class=\"Apple-converted-space\">\u00a0<\/span><\/p>\n<p>Per generazioni, la pianta tropicale del ch\u00e9b\u00e9, nota anche come <b>Croton Zambezi, <\/b>fa parte della loro cultura. Queste donne utilizzavano i semi, che tostavano per poi frantumarli. Infine, li hanno ridotti in polvere, da cui deriva l'intenso colore scuro della polvere.<\/p>\n<p>Si bagnano i capelli per applicare la polvere di ch\u00e9b\u00e9. Poi si intrecciavano i capelli nelle tradizionali trecce dette \u201c<b>guru<\/b>\u201d.<\/p>\n<p>Questo <b>Polvere di Ciad<\/b> raccoglie principi attivi che rispecchiano la sua reputazione. Ecco perch\u00e9 \u00e8 arrivato fino alle nostre mani e presto anche alle vostre!<\/p>\n<h2><b>Polvere di ch\u00e9b\u00e9 Safinel<\/b><\/h2>\n<p>In Safinel, qualit\u00e0 ed efficienza sono le nostre principali priorit\u00e0. Tanto pi\u00f9 che la vostra soddisfazione \u00e8 la nostra priorit\u00e0.<\/p>\n<p>Ecco perch\u00e9 siamo cos\u00ec orgogliosi di presentarvi questo <b>cosmetici naturali 100%,<\/b> realizzato con cura. \u00c8 facile da usare, delicato sui capelli e lascia risultati sorprendenti.<\/p>\n<p>E per renderlo ancora pi\u00f9 pratico, lo presentiamo in un sacchetto kraft ecologico e richiudibile.<\/p>\n<p>Contiene virt\u00f9 insospettabili che vi faremo scoprire continuando a leggere...<\/p>\n<h2><b>Polvere di Cheb\u00e9: per chi?<\/b><\/h2>\n<p>La polvere di chebe \u00e8 apprezzata da <b>tutti i tipi di capelli.<\/b> Ma soprattutto da <b>capelli ricci, danneggiati, afro e soprattutto molto secchi.<\/b><\/p>\n<p>Pu\u00f2 essere molto efficace per le persone che prestano attenzione anche ai prodotti per capelli che utilizzano.<\/p>\n<p>Per evitare di distruggere i risultati di questa cipria, vi consigliamo di utilizzare cosmetici sani. In altre parole, evitare prodotti chimici a basso costo.<\/p>\n<p>La polvere di ch\u00e9b\u00e9 seguita da un buon shampoo e da una maschera naturale con <a href=\"https:\/\/www.henne-cheveux.com\/produit\/henne-en-poudre-burgundy\/\" target=\"_blank\" rel=\"noopener\"><strong>henn\u00e9 bordeaux<\/strong><\/a> pu\u00f2 essere la perfetta routine di bellezza!<\/p>\n<h2><b>La polvere di tea tree e i suoi meravigliosi benefici<span class=\"Apple-converted-space\">\u00a0<\/span><\/b><\/h2>\n<p>La polvere di ch\u00e9b\u00e9 genuina offre numerosi benefici, i pi\u00f9 importanti dei quali sono elencati di seguito:<\/p>\n<ul>\n<li>\u00c8 noto soprattutto per <b>attivare la crescita <\/b>dei capelli; ;<\/li>\n<li>Ricco di sostanze nutritive, fornisce ci\u00f2 di cui i capelli hanno bisogno; ;<\/li>\n<li>Soprattutto perch\u00e9 questo <b>polvere di semi<\/b> ha la facolt\u00e0 di<b> limitare i danni <\/b>i capelli<b> <\/b>;<\/li>\n<li>Questo <b>Polvere di Ciad <\/b>ha una grande capacit\u00e0 di <b>rallenta la formazione delle doppie punte<\/b> ;<\/li>\n<li>\u00c8 anche eccellente <b>contro la caduta dei capelli<\/b> ;<\/li>\n<li>Quest'ultimo \u00e8 anche un buon <b>tonico per la fibra dei capelli<\/b> ;<\/li>\n<li>\u00c8 anche rinomata per<b> densificare i capelli <\/b>per farli <b>pi\u00f9 forte<\/b> ;<\/li>\n<li>La polvere di tea tree aiuta a <b>prevenire la forfora<\/b> ;<\/li>\n<li>Dal punto di vista estetico, ha la capacit\u00e0 di<b> rendere i capelli pi\u00f9 lucidi<\/b>. Pur fornendo <b>grande vitalit\u00e0 <\/b>e un <b>idratazione profonda<\/b>. Oltre a\u2019<b>migliorare la definizione del loop<\/b>.<\/li>\n<\/ul>\n<p>Con tutti questi benefici, la polvere di ch\u00e9b\u00e9 merita un trattamento professionale. Basta sapere come usarla correttamente.<\/p>\n<h3><b>I vostri nuovi rituali di bellezza grazie alla famosa polvere di ch\u00e9b\u00e9<\/b><\/h3>\n<p>La polvere di chebe pu\u00f2 essere utilizzata in diversi modi, a seconda di ci\u00f2 che si desidera:<\/p>\n<p><b>1\/ Macerandolo:<\/b><\/p>\n<p>Basta versare un po' di polvere di ch\u00e9b\u00e9 in un contenitore. Quindi coprirla con circa 3 cm di olio di argan, di jojoba o di oliva, a seconda delle esigenze.<\/p>\n<p>Mescolare accuratamente con un cucchiaio di legno. Infine, chiudere il contenitore con il coperchio.<\/p>\n<p>Lasciate riposare per 3 o 4 settimane, agitando il barattolo di tanto in tanto. Alla fine, si pu\u00f2 filtrare l'olio attraverso un filtro da caff\u00e8, ad esempio.<\/p>\n<p>In questo modo, il bagno d'olio \u00e8 ancora pi\u00f9 efficace.<\/p>\n<p>Buono a sapersi: Questo macerato oleoso si conserva per circa 1 anno.<\/p>\n<p><b>2\/ Come maschera:<\/b><\/p>\n<p>Prendere una ciotola e versarvi un cucchiaio di polvere. Quindi aggiungere gli oli vegetali preferiti mescolando.<\/p>\n<p>Quindi, inumidire leggermente i capelli e separarli in diverse sezioni. Con questa miscela si possono trattare le punte e le lunghezze, fermandosi prima delle radici.<\/p>\n<p>Lasciare agire per 3 ore prima dello shampoo.<\/p>\n<p><b>3\/ E anche sotto forma di burro ch\u00e9b\u00e9:<\/b><\/p>\n<p>Sciogliere il burro di karit\u00e9 a bagnomaria e metterlo in frigorifero. Una volta ottenuta una consistenza cremosa, montarlo con un frullatore elettrico.<\/p>\n<p>Aggiungere l'olio ottenuto con il metodo 1 e frullare nuovamente.<\/p>\n<p><i>Il trucco:<\/i> \u00c8 possibile aggiungere gocce di vitamina E per migliorare la conservazione.<span class=\"Apple-converted-space\">\u00a0<\/span><\/p>\n<p><i>Utilizzate la polvere di ch\u00e9b\u00e9 una o due volte alla settimana per un'efficacia senza precedenti!<\/i><\/p>\n<h3><b>Precauzioni e conservazione<span class=\"Apple-converted-space\">\u00a0<\/span><\/b><\/h3>\n<ul>\n<li>La polvere di Chebeye tende a macchiarsi rapidamente, quindi tenete d'occhio i vostri vestiti.<\/li>\n<li>Non deve essere applicato sul cuoio capelluto. Allo stesso modo, se viene a contatto con gli occhi, sciacquare immediatamente con acqua pulita.<span class=\"Apple-converted-space\">\u00a0<\/span><\/li>\n<li>Effettuare un test allergico con 24-48 ore di anticipo. \u00c8 inoltre essenziale tenere questo cosmetico lontano dai bambini.<\/li>\n<li>Conservare in un luogo fresco e asciutto, al riparo dalla luce.<\/li>\n<\/ul>\n<h3><b>Togliamo il velo su alcuni prodotti straordinari...<\/b><\/h3>\n<p>Infatti, non \u00e8 solo la polvere di ch\u00e9b\u00e9 a far parlare di s\u00e9.<\/p>\n<p>Rimanendo in tema di \u201cbenessere\u201d, Safinel ha molti modi per sorprendervi con :<\/p>\n<ul>\n<li>Il suo favoloso <a href=\"https:\/\/www.safinel.fr\/it\/prodotto\/salvia-sclarea\/\"><b>Salvia sclarea<\/b><\/a> per migliorare la fertilit\u00e0 e prendersi cura di s\u00e9; ;<\/li>\n<li>Anche grazie alla sua deliziosa tisana con <a href=\"https:\/\/www.safinel.fr\/it\/prodotto\/gambi-di-ciliegio\/\"><b>Coda di ciliegia<\/b><\/a> eccellente per la salute; ;<\/li>\n<li>E, tra le altre cose, con il suo ingegnoso <a href=\"https:\/\/www.ma-fertilite.com\/produit\/feuilles-de-djeka\" target=\"_blank\" rel=\"noopener\"><b>Djeka se ne va<\/b><\/a> per prendersi cura delle tue parti intime...<\/li>\n<\/ul>\n<p>Sta a voi scoprire questi <b>gioielli della natura<\/b> con i nostri consigli e suggerimenti!<\/p>","protected":false},"excerpt":{"rendered":"<p>La poudre de ch\u00e9b\u00e9\u00a0fait int\u00e9gralement partie de nos meilleurs produits naturels gr\u00e2ce \u00e0 ses fabuleuses propri\u00e9t\u00e9s.\u00a0 Venue d\u2019Afrique centrale, cette d\u00e9licate poudre est vite devenue notre coup de c\u0153ur ! Avec son action cibl\u00e9e sur les cheveux, elle surprend de nombreux amateurs de cosm\u00e9tiques\u2026 A votre tour de la tester ! Les chaudes origines de [&#8230;]","protected":false},"featured_media":153,"template":"","meta":[],"product_brand":[],"product_cat":[148,27,110],"product_tag":[],"class_list":{"0":"post-152","1":"product","2":"type-product","3":"status-publish","4":"has-post-thumbnail","6":"product_cat-chebe","7":"product_cat-plantes-medicinales","8":"product_cat-poudre-cheveux-ayurvedique","10":"first","11":"instock","12":"shipping-taxable","13":"purchasable","14":"product-type-simple"},"yoast_head":"<!-- This site is optimized with the Yoast SEO plugin v26.6 - https:\/\/yoast.com\/wordpress\/plugins\/seo\/ -->\n<title>Poudre de ch\u00e9b\u00e9 | Recette poudre de ch\u00e9b\u00e9 | Achat s\u00e9curis\u00e9<\/title>\n<meta name=\"description\" content=\"La poudre de ch\u00e9b\u00e9 (poudre tchadienne)\u00a0fait int\u00e9gralement partie de nos meilleurs produits naturels gr\u00e2ce \u00e0 ses fabuleuses propri\u00e9t\u00e9s.\u00a0\" \/>\n<meta name=\"robots\" content=\"index, follow, max-snippet:-1, max-image-preview:large, max-video-preview:-1\" \/>\n<link rel=\"canonical\" href=\"https:\/\/www.safinel.fr\/it\/prodotto\/polvere-di-chebe-100g\/\" \/>\n<meta property=\"og:locale\" content=\"it_IT\" \/>\n<meta property=\"og:type\" content=\"article\" \/>\n<meta property=\"og:title\" content=\"Poudre de ch\u00e9b\u00e9 | Recette poudre de ch\u00e9b\u00e9 | Achat s\u00e9curis\u00e9\" \/>\n<meta property=\"og:description\" content=\"La poudre de ch\u00e9b\u00e9 (poudre tchadienne)\u00a0fait int\u00e9gralement partie de nos meilleurs produits naturels gr\u00e2ce \u00e0 ses fabuleuses propri\u00e9t\u00e9s.\u00a0\" \/>\n<meta property=\"og:url\" content=\"https:\/\/www.safinel.fr\/it\/prodotto\/polvere-di-chebe-100g\/\" \/>\n<meta property=\"og:site_name\" content=\"Safinel\" \/>\n<meta property=\"article:modified_time\" content=\"2023-12-30T13:56:46+00:00\" \/>\n<meta property=\"og:image\" content=\"https:\/\/www.safinel.fr\/wp-content\/uploads\/2021\/06\/poudre-chebe.jpg\" \/>\n\t<meta property=\"og:image:width\" content=\"1001\" \/>\n\t<meta property=\"og:image:height\" content=\"1001\" \/>\n\t<meta property=\"og:image:type\" content=\"image\/jpeg\" \/>\n<meta name=\"twitter:card\" content=\"summary_large_image\" \/>\n<meta name=\"twitter:label1\" content=\"Tempo di lettura stimato\" \/>\n\t<meta name=\"twitter:data1\" content=\"5 minuti\" \/>\n<script type=\"application\/ld+json\" class=\"yoast-schema-graph\">{\"@context\":\"https:\/\/schema.org\",\"@graph\":[{\"@type\":\"WebPage\",\"@id\":\"https:\/\/www.safinel.fr\/produit\/poudre-de-chebe-100g\/\",\"url\":\"https:\/\/www.safinel.fr\/produit\/poudre-de-chebe-100g\/\",\"name\":\"Poudre de ch\u00e9b\u00e9 | Recette poudre de ch\u00e9b\u00e9 | Achat s\u00e9curis\u00e9\",\"isPartOf\":{\"@id\":\"https:\/\/www.safinel.fr\/#website\"},\"primaryImageOfPage\":{\"@id\":\"https:\/\/www.safinel.fr\/produit\/poudre-de-chebe-100g\/#primaryimage\"},\"image\":{\"@id\":\"https:\/\/www.safinel.fr\/produit\/poudre-de-chebe-100g\/#primaryimage\"},\"thumbnailUrl\":\"https:\/\/www.safinel.fr\/wp-content\/uploads\/2021\/06\/poudre-chebe.jpg\",\"datePublished\":\"2021-06-23T16:34:19+00:00\",\"dateModified\":\"2023-12-30T13:56:46+00:00\",\"description\":\"La poudre de ch\u00e9b\u00e9 (poudre tchadienne)\u00a0fait int\u00e9gralement partie de nos meilleurs produits naturels gr\u00e2ce \u00e0 ses fabuleuses propri\u00e9t\u00e9s.\u00a0\",\"breadcrumb\":{\"@id\":\"https:\/\/www.safinel.fr\/produit\/poudre-de-chebe-100g\/#breadcrumb\"},\"inLanguage\":\"it-IT\",\"potentialAction\":[{\"@type\":\"ReadAction\",\"target\":[\"https:\/\/www.safinel.fr\/produit\/poudre-de-chebe-100g\/\"]}]},{\"@type\":\"ImageObject\",\"inLanguage\":\"it-IT\",\"@id\":\"https:\/\/www.safinel.fr\/produit\/poudre-de-chebe-100g\/#primaryimage\",\"url\":\"https:\/\/www.safinel.fr\/wp-content\/uploads\/2021\/06\/poudre-chebe.jpg\",\"contentUrl\":\"https:\/\/www.safinel.fr\/wp-content\/uploads\/2021\/06\/poudre-chebe.jpg\",\"width\":1001,\"height\":1001,\"caption\":\"Poudre de ch\u00e9b\u00e9 100g\"},{\"@type\":\"BreadcrumbList\",\"@id\":\"https:\/\/www.safinel.fr\/produit\/poudre-de-chebe-100g\/#breadcrumb\",\"itemListElement\":[{\"@type\":\"ListItem\",\"position\":1,\"name\":\"Accueil\",\"item\":\"https:\/\/www.safinel.fr\/\"},{\"@type\":\"ListItem\",\"position\":2,\"name\":\"Boutique\",\"item\":\"https:\/\/www.safinel.fr\/boutique\/\"},{\"@type\":\"ListItem\",\"position\":3,\"name\":\"Poudre de ch\u00e9b\u00e9 100g\"}]},{\"@type\":\"WebSite\",\"@id\":\"https:\/\/www.safinel.fr\/#website\",\"url\":\"https:\/\/www.safinel.fr\/\",\"name\":\"Safinel\",\"description\":\"\",\"publisher\":{\"@id\":\"https:\/\/www.safinel.fr\/#organization\"},\"potentialAction\":[{\"@type\":\"SearchAction\",\"target\":{\"@type\":\"EntryPoint\",\"urlTemplate\":\"https:\/\/www.safinel.fr\/?s={search_term_string}\"},\"query-input\":{\"@type\":\"PropertyValueSpecification\",\"valueRequired\":true,\"valueName\":\"search_term_string\"}}],\"inLanguage\":\"it-IT\"},{\"@type\":\"Organization\",\"@id\":\"https:\/\/www.safinel.fr\/#organization\",\"name\":\"Safinel\",\"url\":\"https:\/\/www.safinel.fr\/\",\"logo\":{\"@type\":\"ImageObject\",\"inLanguage\":\"it-IT\",\"@id\":\"https:\/\/www.safinel.fr\/#\/schema\/logo\/image\/\",\"url\":\"https:\/\/www.safinel.fr\/wp-content\/uploads\/2021\/05\/boutique-cosmetique.png\",\"contentUrl\":\"https:\/\/www.safinel.fr\/wp-content\/uploads\/2021\/05\/boutique-cosmetique.png\",\"width\":800,\"height\":200,\"caption\":\"Safinel\"},\"image\":{\"@id\":\"https:\/\/www.safinel.fr\/#\/schema\/logo\/image\/\"}}]}<\/script>\n<!-- \/ Yoast SEO plugin. -->","yoast_head_json":{"title":"Caff\u00e8 in polvere | Ricetta per il caff\u00e8 in polvere | Acquisti sicuri","description":"Grazie alle sue favolose propriet\u00e0, la polvere di ch\u00e9b\u00e9 (polvere del Ciad) \u00e8 uno dei nostri migliori prodotti naturali.\u00a0","robots":{"index":"index","follow":"follow","max-snippet":"max-snippet:-1","max-image-preview":"max-image-preview:large","max-video-preview":"max-video-preview:-1"},"canonical":"https:\/\/www.safinel.fr\/it\/prodotto\/polvere-di-chebe-100g\/","og_locale":"it_IT","og_type":"article","og_title":"Poudre de ch\u00e9b\u00e9 | Recette poudre de ch\u00e9b\u00e9 | Achat s\u00e9curis\u00e9","og_description":"La poudre de ch\u00e9b\u00e9 (poudre tchadienne)\u00a0fait int\u00e9gralement partie de nos meilleurs produits naturels gr\u00e2ce \u00e0 ses fabuleuses propri\u00e9t\u00e9s.\u00a0","og_url":"https:\/\/www.safinel.fr\/it\/prodotto\/polvere-di-chebe-100g\/","og_site_name":"Safinel","article_modified_time":"2023-12-30T13:56:46+00:00","og_image":[{"width":1001,"height":1001,"url":"https:\/\/www.safinel.fr\/wp-content\/uploads\/2021\/06\/poudre-chebe.jpg","type":"image\/jpeg"}],"twitter_card":"summary_large_image","twitter_misc":{"Tempo di lettura stimato":"5 minuti"},"schema":{"@context":"https:\/\/schema.org","@graph":[{"@type":"WebPage","@id":"https:\/\/www.safinel.fr\/produit\/poudre-de-chebe-100g\/","url":"https:\/\/www.safinel.fr\/produit\/poudre-de-chebe-100g\/","name":"Caff\u00e8 in polvere | Ricetta per il caff\u00e8 in polvere | Acquisti sicuri","isPartOf":{"@id":"https:\/\/www.safinel.fr\/#website"},"primaryImageOfPage":{"@id":"https:\/\/www.safinel.fr\/produit\/poudre-de-chebe-100g\/#primaryimage"},"image":{"@id":"https:\/\/www.safinel.fr\/produit\/poudre-de-chebe-100g\/#primaryimage"},"thumbnailUrl":"https:\/\/www.safinel.fr\/wp-content\/uploads\/2021\/06\/poudre-chebe.jpg","datePublished":"2021-06-23T16:34:19+00:00","dateModified":"2023-12-30T13:56:46+00:00","description":"Grazie alle sue favolose propriet\u00e0, la polvere di ch\u00e9b\u00e9 (polvere del Ciad) \u00e8 uno dei nostri migliori prodotti naturali.\u00a0","breadcrumb":{"@id":"https:\/\/www.safinel.fr\/produit\/poudre-de-chebe-100g\/#breadcrumb"},"inLanguage":"it-IT","potentialAction":[{"@type":"ReadAction","target":["https:\/\/www.safinel.fr\/produit\/poudre-de-chebe-100g\/"]}]},{"@type":"ImageObject","inLanguage":"it-IT","@id":"https:\/\/www.safinel.fr\/produit\/poudre-de-chebe-100g\/#primaryimage","url":"https:\/\/www.safinel.fr\/wp-content\/uploads\/2021\/06\/poudre-chebe.jpg","contentUrl":"https:\/\/www.safinel.fr\/wp-content\/uploads\/2021\/06\/poudre-chebe.jpg","width":1001,"height":1001,"caption":"Poudre de ch\u00e9b\u00e9 100g"},{"@type":"BreadcrumbList","@id":"https:\/\/www.safinel.fr\/produit\/poudre-de-chebe-100g\/#breadcrumb","itemListElement":[{"@type":"ListItem","position":1,"name":"Accueil","item":"https:\/\/www.safinel.fr\/"},{"@type":"ListItem","position":2,"name":"Boutique","item":"https:\/\/www.safinel.fr\/boutique\/"},{"@type":"ListItem","position":3,"name":"Poudre de ch\u00e9b\u00e9 100g"}]},{"@type":"WebSite","@id":"https:\/\/www.safinel.fr\/#website","url":"https:\/\/www.safinel.fr\/","name":"Safinel","description":"","publisher":{"@id":"https:\/\/www.safinel.fr\/#organization"},"potentialAction":[{"@type":"SearchAction","target":{"@type":"EntryPoint","urlTemplate":"https:\/\/www.safinel.fr\/?s={search_term_string}"},"query-input":{"@type":"PropertyValueSpecification","valueRequired":true,"valueName":"search_term_string"}}],"inLanguage":"it-IT"},{"@type":"Organization","@id":"https:\/\/www.safinel.fr\/#organization","name":"Safinel","url":"https:\/\/www.safinel.fr\/","logo":{"@type":"ImageObject","inLanguage":"it-IT","@id":"https:\/\/www.safinel.fr\/#\/schema\/logo\/image\/","url":"https:\/\/www.safinel.fr\/wp-content\/uploads\/2021\/05\/boutique-cosmetique.png","contentUrl":"https:\/\/www.safinel.fr\/wp-content\/uploads\/2021\/05\/boutique-cosmetique.png","width":800,"height":200,"caption":"Safinel"},"image":{"@id":"https:\/\/www.safinel.fr\/#\/schema\/logo\/image\/"}}]}},"_links":{"self":[{"href":"https:\/\/www.safinel.fr\/it\/wp-json\/wp\/v2\/product\/152","targetHints":{"allow":["GET"]}}],"collection":[{"href":"https:\/\/www.safinel.fr\/it\/wp-json\/wp\/v2\/product"}],"about":[{"href":"https:\/\/www.safinel.fr\/it\/wp-json\/wp\/v2\/types\/product"}],"wp:featuredmedia":[{"embeddable":true,"href":"https:\/\/www.safinel.fr\/it\/wp-json\/wp\/v2\/media\/153"}],"wp:attachment":[{"href":"https:\/\/www.safinel.fr\/it\/wp-json\/wp\/v2\/media?parent=152"}],"wp:term":[{"taxonomy":"product_brand","embeddable":true,"href":"https:\/\/www.safinel.fr\/it\/wp-json\/wp\/v2\/product_brand?post=152"},{"taxonomy":"product_cat","embeddable":true,"href":"https:\/\/www.safinel.fr\/it\/wp-json\/wp\/v2\/product_cat?post=152"},{"taxonomy":"product_tag","embeddable":true,"href":"https:\/\/www.safinel.fr\/it\/wp-json\/wp\/v2\/product_tag?post=152"}],"curies":[{"name":"wp","href":"https:\/\/api.w.org\/{rel}","templated":true}]}}