{"id":149,"date":"2021-06-22T11:40:13","date_gmt":"2021-06-22T11:40:13","guid":{"rendered":"https:\/\/www.safinel.fr\/?post_type=product&#038;p=149"},"modified":"2025-05-17T17:09:00","modified_gmt":"2025-05-17T17:09:00","slug":"grani-di-pepe-di-szechuan","status":"publish","type":"product","link":"https:\/\/www.safinel.fr\/it\/prodotto\/grani-di-pepe-di-szechuan\/","title":{"rendered":"Grani di pepe di Szechuan 100g"},"content":{"rendered":"<p>I Paesi asiatici hanno sicuramente molto da offrire dal punto di vista culinario. Oggi, la stella \u00e8<b> Grani di pepe di Sichuan<\/b>. Conosciuto anche come<b> Pepe di Sechuan, bacche cinesi, pepe fiore <\/b>o anche, <b>pepe di montagna. <\/b>Tutti questi nomi si riferiscono a una stessa variet\u00e0 di pepe, molto apprezzata nelle cucine dei migliori chef francesi.<span class=\"Apple-converted-space\">\u00a0<\/span><\/p>\n<p>Tuttavia, questo <b>spezia<\/b> sta diventando sempre pi\u00f9 noto al grande pubblico. E noi siamo qui per dare il benvenuto!<span class=\"Apple-converted-space\">\u00a0<\/span><\/p>\n<h2><b>Tutto quello che c'\u00e8 da sapere sui grani di pepe di Sichuan<span class=\"Apple-converted-space\">\u00a0<\/span><\/b><\/h2>\n<p>Il nostro nuovo arrivato proviene da <i>Zanthoxylum piperitum<\/i>, un arbusto conosciuto semplicemente come <b>Pepe di Sichuan<\/b>. O conosciuto come <b>Clavalier<\/b>, in Francia.<span class=\"Apple-converted-space\">\u00a0<\/span><\/p>\n<p>Originario delle regioni montuose dell'Asia, \u00e8 presente anche in Giappone, dove viene chiamato <b>Sansho<\/b> o <b>Fangara<\/b>.<span class=\"Apple-converted-space\">\u00a0<\/span><\/p>\n<p>In primo luogo, i frutti della pianta del pepe vengono raccolti e poi essiccati. Si ottengono cos\u00ec le famose bacche, che possono essere macinate o conservate come semi.<span class=\"Apple-converted-space\">\u00a0<\/span><\/p>\n<p>Vale anche la pena di notare che Sechuan \u00e8 uno dei pi\u00f9 grandi paesi del mondo. <b>agrumi<\/b>, A differenza dei soliti peperoni, solo il guscio \u00e8 commestibile.<span class=\"Apple-converted-space\">\u00a0<\/span><\/p>\n<p>Si tratta di una delle spezie pi\u00f9 antiche e pi\u00f9 conosciute della Cina, che si \u00e8 fatta conoscere in Europa grazie a <a href=\"https:\/\/fr.wikipedia.org\/wiki\/Marco_Polo\" target=\"_blank\" rel=\"noopener\"><strong>Marco Polo<\/strong><\/a>. Introdotto nel XIII secolo, divenne rapidamente un alimento fondamentale per la cucina, in particolare per i nobili della Citt\u00e0 dei Dogi di Venezia.<span class=\"Apple-converted-space\">\u00a0<\/span><\/p>\n<h2><b>Grani di pepe di Sichuan: verde, rosso, qual \u00e8 la differenza?<span class=\"Apple-converted-space\">\u00a0<\/span><\/b><\/h2>\n<p>Questa bacca si presenta in due variet\u00e0 con colori e aromi diversi.<\/p>\n<ul>\n<li><b>Pepe verde di Sichuan<span class=\"Apple-converted-space\">\u00a0<\/span><\/b><\/li>\n<\/ul>\n<p>\u00c8 una spezia molto fresca, con un sapore che persiste al palato. Si percepiscono note aromatiche di limone nero essiccato, eucalipto, t\u00e8 e fiori secchi.<span class=\"Apple-converted-space\">\u00a0<\/span><\/p>\n<ul>\n<li><b>Pepe rosso di Sichuan<span class=\"Apple-converted-space\">\u00a0<\/span><\/b><\/li>\n<\/ul>\n<p>Questo agrume \u00e8 pi\u00f9 sottile e delicato. Rivela aromi legnosi, caldi, speziati e floreali, molto piacevoli e ricchi. Il suo sapore \u00e8 stato paragonato a quello del limone.<span class=\"Apple-converted-space\">\u00a0<\/span><\/p>\n<h3><b>I grani di pepe di Sichuan sono la nuova star della vostra cucina!<span class=\"Apple-converted-space\">\u00a0<\/span><\/b><\/h3>\n<p>I grani di pepe di Sichuan sono una vera delizia in cucina. \u00c8 l'aroma perfetto per le carni rosse come il manzo. E anche per le carni bianche, come ad esempio le scaloppine di pollo.<span class=\"Apple-converted-space\">\u00a0<\/span><\/p>\n<p>Inoltre, pu\u00f2 essere aggiunto alle insalate e agli alimenti ricchi di amido come il riso e la pasta. Ma anche a tutti i frutti di mare, soprattutto pesce e capesante!<span class=\"Apple-converted-space\">\u00a0<\/span><\/p>\n<p>Infine, \u00e8 bene sapere che questo <b>Spezie cinesi<\/b> pu\u00f2 essere sorprendente anche in alcuni dessert. Gli chef si stanno divertendo con questa tecnica, e a questo <b>Baia di Sechuan<\/b> un vero interesse per il cioccolato e la frutta. Sta a voi verificare e testare le vostre combinazioni!<span class=\"Apple-converted-space\">\u00a0<\/span><\/p>\n<h3><b>Volete provare nuovi sapori?<span class=\"Apple-converted-space\">\u00a0<\/span><\/b><\/h3>\n<p>Dopo aver scoperto questa bellissima variet\u00e0 di bacche, eccone un'altra che potrebbe piacervi: <a href=\"https:\/\/www.safinel.fr\/it\/prodotto\/pepe-nero-africano-lungo\/\"><b>pepe a frutto lungo<\/b><\/a>.<span class=\"Apple-converted-space\">\u00a0<\/span><\/p>\n<p>\u00c8 una spezia indiana dal sapore forte che aggiunger\u00e0 sicuramente pepe ai vostri piatti: zuppe, carni e persino dessert! Scoprite il pepe di Java e aggiungetelo alla vostra gamma di spezie.<span class=\"Apple-converted-space\">\u00a0<\/span><\/p>","protected":false},"excerpt":{"rendered":"<p>Decisamente, i paesi asiatici hanno molto da offrirci dal punto di vista culinario. Oggi il protagonista \u00e8 il pepe di Sichuan in grani. Conosciuto anche con il nome di pepe di Sechuan, bacche cinesi, pepe fiorito o ancora pepe di montagna. Tutti questi nomi indicano un'unica variet\u00e0 di pepe, molto apprezzata nelle cucine dei [...]","protected":false},"featured_media":150,"template":"","meta":[],"product_brand":[],"product_cat":[44,169,27],"product_tag":[],"class_list":{"0":"post-149","1":"product","2":"type-product","3":"status-publish","4":"has-post-thumbnail","6":"product_cat-epices","7":"product_cat-epices-du-monde","8":"product_cat-plantes-medicinales","10":"first","11":"instock","12":"shipping-taxable","13":"purchasable","14":"product-type-simple"},"yoast_head":"<!-- This site is optimized with the Yoast SEO plugin v26.6 - https:\/\/yoast.com\/wordpress\/plugins\/seo\/ -->\n<title>Poivre de sichuan en graines | 100% naturel | Bienfaits multiples<\/title>\n<meta name=\"description\" content=\"Pour votre plus grand plaisir, ce poivre de Sichuan en grains est un vrai r\u00e9gal en cuisine. Adoptez-le sans plus attendre en quelques clics.\" \/>\n<meta name=\"robots\" content=\"index, follow, max-snippet:-1, max-image-preview:large, max-video-preview:-1\" \/>\n<link rel=\"canonical\" href=\"https:\/\/www.safinel.fr\/it\/prodotto\/grani-di-pepe-di-szechuan\/\" \/>\n<meta property=\"og:locale\" content=\"it_IT\" \/>\n<meta property=\"og:type\" content=\"article\" \/>\n<meta property=\"og:title\" content=\"Poivre de sichuan en graines | 100% naturel | Bienfaits multiples\" \/>\n<meta property=\"og:description\" content=\"Pour votre plus grand plaisir, ce poivre de Sichuan en grains est un vrai r\u00e9gal en cuisine. Adoptez-le sans plus attendre en quelques clics.\" \/>\n<meta property=\"og:url\" content=\"https:\/\/www.safinel.fr\/it\/prodotto\/grani-di-pepe-di-szechuan\/\" \/>\n<meta property=\"og:site_name\" content=\"Safinel\" \/>\n<meta property=\"article:modified_time\" content=\"2025-05-17T17:09:00+00:00\" \/>\n<meta property=\"og:image\" content=\"https:\/\/www.safinel.fr\/wp-content\/uploads\/2021\/06\/poivre-sichuan.jpg\" \/>\n\t<meta property=\"og:image:width\" content=\"2000\" \/>\n\t<meta property=\"og:image:height\" content=\"2000\" \/>\n\t<meta property=\"og:image:type\" content=\"image\/jpeg\" \/>\n<meta name=\"twitter:card\" content=\"summary_large_image\" \/>\n<meta name=\"twitter:label1\" content=\"Tempo di lettura stimato\" \/>\n\t<meta name=\"twitter:data1\" content=\"3 minuti\" \/>\n<script type=\"application\/ld+json\" class=\"yoast-schema-graph\">{\"@context\":\"https:\/\/schema.org\",\"@graph\":[{\"@type\":\"WebPage\",\"@id\":\"https:\/\/www.safinel.fr\/produit\/poivre-de-sichuan-en-grains\/\",\"url\":\"https:\/\/www.safinel.fr\/produit\/poivre-de-sichuan-en-grains\/\",\"name\":\"Poivre de sichuan en graines | 100% naturel | Bienfaits multiples\",\"isPartOf\":{\"@id\":\"https:\/\/www.safinel.fr\/#website\"},\"primaryImageOfPage\":{\"@id\":\"https:\/\/www.safinel.fr\/produit\/poivre-de-sichuan-en-grains\/#primaryimage\"},\"image\":{\"@id\":\"https:\/\/www.safinel.fr\/produit\/poivre-de-sichuan-en-grains\/#primaryimage\"},\"thumbnailUrl\":\"https:\/\/www.safinel.fr\/wp-content\/uploads\/2021\/06\/poivre-sichuan.jpg\",\"datePublished\":\"2021-06-22T11:40:13+00:00\",\"dateModified\":\"2025-05-17T17:09:00+00:00\",\"description\":\"Pour votre plus grand plaisir, ce poivre de Sichuan en grains est un vrai r\u00e9gal en cuisine. Adoptez-le sans plus attendre en quelques clics.\",\"breadcrumb\":{\"@id\":\"https:\/\/www.safinel.fr\/produit\/poivre-de-sichuan-en-grains\/#breadcrumb\"},\"inLanguage\":\"it-IT\",\"potentialAction\":[{\"@type\":\"ReadAction\",\"target\":[\"https:\/\/www.safinel.fr\/produit\/poivre-de-sichuan-en-grains\/\"]}]},{\"@type\":\"ImageObject\",\"inLanguage\":\"it-IT\",\"@id\":\"https:\/\/www.safinel.fr\/produit\/poivre-de-sichuan-en-grains\/#primaryimage\",\"url\":\"https:\/\/www.safinel.fr\/wp-content\/uploads\/2021\/06\/poivre-sichuan.jpg\",\"contentUrl\":\"https:\/\/www.safinel.fr\/wp-content\/uploads\/2021\/06\/poivre-sichuan.jpg\",\"width\":2000,\"height\":2000,\"caption\":\"Poivre de sichuan en grains 100g\"},{\"@type\":\"BreadcrumbList\",\"@id\":\"https:\/\/www.safinel.fr\/produit\/poivre-de-sichuan-en-grains\/#breadcrumb\",\"itemListElement\":[{\"@type\":\"ListItem\",\"position\":1,\"name\":\"Accueil\",\"item\":\"https:\/\/www.safinel.fr\/\"},{\"@type\":\"ListItem\",\"position\":2,\"name\":\"Boutique\",\"item\":\"https:\/\/www.safinel.fr\/boutique\/\"},{\"@type\":\"ListItem\",\"position\":3,\"name\":\"Poivre de sichuan en grains 100g\"}]},{\"@type\":\"WebSite\",\"@id\":\"https:\/\/www.safinel.fr\/#website\",\"url\":\"https:\/\/www.safinel.fr\/\",\"name\":\"Safinel\",\"description\":\"\",\"publisher\":{\"@id\":\"https:\/\/www.safinel.fr\/#organization\"},\"potentialAction\":[{\"@type\":\"SearchAction\",\"target\":{\"@type\":\"EntryPoint\",\"urlTemplate\":\"https:\/\/www.safinel.fr\/?s={search_term_string}\"},\"query-input\":{\"@type\":\"PropertyValueSpecification\",\"valueRequired\":true,\"valueName\":\"search_term_string\"}}],\"inLanguage\":\"it-IT\"},{\"@type\":\"Organization\",\"@id\":\"https:\/\/www.safinel.fr\/#organization\",\"name\":\"Safinel\",\"url\":\"https:\/\/www.safinel.fr\/\",\"logo\":{\"@type\":\"ImageObject\",\"inLanguage\":\"it-IT\",\"@id\":\"https:\/\/www.safinel.fr\/#\/schema\/logo\/image\/\",\"url\":\"https:\/\/www.safinel.fr\/wp-content\/uploads\/2021\/05\/boutique-cosmetique.png\",\"contentUrl\":\"https:\/\/www.safinel.fr\/wp-content\/uploads\/2021\/05\/boutique-cosmetique.png\",\"width\":800,\"height\":200,\"caption\":\"Safinel\"},\"image\":{\"@id\":\"https:\/\/www.safinel.fr\/#\/schema\/logo\/image\/\"}}]}<\/script>\n<!-- \/ Yoast SEO plugin. -->","yoast_head_json":{"title":"Semi di pepe di Szechuan | 100% Naturale | Molteplici benefici","description":"I grani di pepe di Sichuan sono una vera delizia culinaria. \u00c8 a pochi clic di distanza.","robots":{"index":"index","follow":"follow","max-snippet":"max-snippet:-1","max-image-preview":"max-image-preview:large","max-video-preview":"max-video-preview:-1"},"canonical":"https:\/\/www.safinel.fr\/it\/prodotto\/grani-di-pepe-di-szechuan\/","og_locale":"it_IT","og_type":"article","og_title":"Poivre de sichuan en graines | 100% naturel | Bienfaits multiples","og_description":"Pour votre plus grand plaisir, ce poivre de Sichuan en grains est un vrai r\u00e9gal en cuisine. Adoptez-le sans plus attendre en quelques clics.","og_url":"https:\/\/www.safinel.fr\/it\/prodotto\/grani-di-pepe-di-szechuan\/","og_site_name":"Safinel","article_modified_time":"2025-05-17T17:09:00+00:00","og_image":[{"width":2000,"height":2000,"url":"https:\/\/www.safinel.fr\/wp-content\/uploads\/2021\/06\/poivre-sichuan.jpg","type":"image\/jpeg"}],"twitter_card":"summary_large_image","twitter_misc":{"Tempo di lettura stimato":"3 minuti"},"schema":{"@context":"https:\/\/schema.org","@graph":[{"@type":"WebPage","@id":"https:\/\/www.safinel.fr\/produit\/poivre-de-sichuan-en-grains\/","url":"https:\/\/www.safinel.fr\/produit\/poivre-de-sichuan-en-grains\/","name":"Semi di pepe di Szechuan | 100% Naturale | Molteplici benefici","isPartOf":{"@id":"https:\/\/www.safinel.fr\/#website"},"primaryImageOfPage":{"@id":"https:\/\/www.safinel.fr\/produit\/poivre-de-sichuan-en-grains\/#primaryimage"},"image":{"@id":"https:\/\/www.safinel.fr\/produit\/poivre-de-sichuan-en-grains\/#primaryimage"},"thumbnailUrl":"https:\/\/www.safinel.fr\/wp-content\/uploads\/2021\/06\/poivre-sichuan.jpg","datePublished":"2021-06-22T11:40:13+00:00","dateModified":"2025-05-17T17:09:00+00:00","description":"I grani di pepe di Sichuan sono una vera delizia culinaria. \u00c8 a pochi clic di distanza.","breadcrumb":{"@id":"https:\/\/www.safinel.fr\/produit\/poivre-de-sichuan-en-grains\/#breadcrumb"},"inLanguage":"it-IT","potentialAction":[{"@type":"ReadAction","target":["https:\/\/www.safinel.fr\/produit\/poivre-de-sichuan-en-grains\/"]}]},{"@type":"ImageObject","inLanguage":"it-IT","@id":"https:\/\/www.safinel.fr\/produit\/poivre-de-sichuan-en-grains\/#primaryimage","url":"https:\/\/www.safinel.fr\/wp-content\/uploads\/2021\/06\/poivre-sichuan.jpg","contentUrl":"https:\/\/www.safinel.fr\/wp-content\/uploads\/2021\/06\/poivre-sichuan.jpg","width":2000,"height":2000,"caption":"Poivre de sichuan en grains 100g"},{"@type":"BreadcrumbList","@id":"https:\/\/www.safinel.fr\/produit\/poivre-de-sichuan-en-grains\/#breadcrumb","itemListElement":[{"@type":"ListItem","position":1,"name":"Accueil","item":"https:\/\/www.safinel.fr\/"},{"@type":"ListItem","position":2,"name":"Boutique","item":"https:\/\/www.safinel.fr\/boutique\/"},{"@type":"ListItem","position":3,"name":"Poivre de sichuan en grains 100g"}]},{"@type":"WebSite","@id":"https:\/\/www.safinel.fr\/#website","url":"https:\/\/www.safinel.fr\/","name":"Safinel","description":"","publisher":{"@id":"https:\/\/www.safinel.fr\/#organization"},"potentialAction":[{"@type":"SearchAction","target":{"@type":"EntryPoint","urlTemplate":"https:\/\/www.safinel.fr\/?s={search_term_string}"},"query-input":{"@type":"PropertyValueSpecification","valueRequired":true,"valueName":"search_term_string"}}],"inLanguage":"it-IT"},{"@type":"Organization","@id":"https:\/\/www.safinel.fr\/#organization","name":"Safinel","url":"https:\/\/www.safinel.fr\/","logo":{"@type":"ImageObject","inLanguage":"it-IT","@id":"https:\/\/www.safinel.fr\/#\/schema\/logo\/image\/","url":"https:\/\/www.safinel.fr\/wp-content\/uploads\/2021\/05\/boutique-cosmetique.png","contentUrl":"https:\/\/www.safinel.fr\/wp-content\/uploads\/2021\/05\/boutique-cosmetique.png","width":800,"height":200,"caption":"Safinel"},"image":{"@id":"https:\/\/www.safinel.fr\/#\/schema\/logo\/image\/"}}]}},"_links":{"self":[{"href":"https:\/\/www.safinel.fr\/it\/wp-json\/wp\/v2\/product\/149","targetHints":{"allow":["GET"]}}],"collection":[{"href":"https:\/\/www.safinel.fr\/it\/wp-json\/wp\/v2\/product"}],"about":[{"href":"https:\/\/www.safinel.fr\/it\/wp-json\/wp\/v2\/types\/product"}],"wp:featuredmedia":[{"embeddable":true,"href":"https:\/\/www.safinel.fr\/it\/wp-json\/wp\/v2\/media\/150"}],"wp:attachment":[{"href":"https:\/\/www.safinel.fr\/it\/wp-json\/wp\/v2\/media?parent=149"}],"wp:term":[{"taxonomy":"product_brand","embeddable":true,"href":"https:\/\/www.safinel.fr\/it\/wp-json\/wp\/v2\/product_brand?post=149"},{"taxonomy":"product_cat","embeddable":true,"href":"https:\/\/www.safinel.fr\/it\/wp-json\/wp\/v2\/product_cat?post=149"},{"taxonomy":"product_tag","embeddable":true,"href":"https:\/\/www.safinel.fr\/it\/wp-json\/wp\/v2\/product_tag?post=149"}],"curies":[{"name":"wp","href":"https:\/\/api.w.org\/{rel}","templated":true}]}}