{"id":14766,"date":"2024-08-27T13:59:40","date_gmt":"2024-08-27T13:59:40","guid":{"rendered":"https:\/\/www.safinel.fr\/?post_type=product&#038;p=14766"},"modified":"2024-08-27T14:11:02","modified_gmt":"2024-08-27T14:11:02","slug":"centaurea-cyanus","status":"publish","type":"product","link":"https:\/\/www.safinel.fr\/it\/prodotto\/centaurea-cyanus\/","title":{"rendered":"Centaurea cyanus (petali di fiordaliso)"},"content":{"rendered":"<p>La <strong>centaurea cyanus<\/strong>, comunemente conosciuto come <strong>fiordaliso<\/strong>, \u00e8 un fiore selvatico che cattura l'immaginazione con i suoi colori brillanti e le sue molteplici virt\u00f9. Originariamente considerata una semplice erbaccia dei campi di cereali, ha poi guadagnato popolarit\u00e0 per abbellire vari tipi di giardino naturale. In questo articolo approfondiamo questa affascinante pianta attraverso le sue diverse caratteristiche, le sue variet\u00e0 orticole e i suoi molteplici usi in casa.<\/p>\n<h2><strong>Caratteristiche principali della centaurea cyanus<\/strong><\/h2>\n<h3><strong>Aspetto e struttura<\/strong><\/h3>\n<p>La <strong>centaurea cyanus<\/strong> si distingue per i suoi vivaci petali blu, anche se alcune variet\u00e0 presentano sfumature dal bianco al rosa. Gli steli sottili sono relativamente robusti e possono raggiungere un'altezza compresa tra 30 e 90 centimetri. Il fogliame \u00e8 spesso grigiastro e ricoperto di peli sottili, che aggiungono una consistenza distinta alla pianta.<\/p>\n<ul>\n<li><strong>Petali<\/strong> Sono generalmente di colore blu, ma sono disponibili anche in bianco, rosa e viola.<\/li>\n<li><strong>Aste<\/strong> Lunga e slanciata, da 30 a 90 cm.<\/li>\n<li><strong>Foglie<\/strong> Peloso e grigiastro.<\/li>\n<\/ul>\n<h3><strong>Ecologia e habitat<\/strong><\/h3>\n<p>Originario dell'Europa, il <strong>fiordaliso<\/strong> cresce soprattutto nei campi e nei prati. Queste piante amano particolarmente i terreni ben drenati e soleggiati, anche se possono crescere in una variet\u00e0 di condizioni meno ideali. Si trovano spesso tra le colture di cereali, dove un tempo erano considerate erbacce problematiche.<\/p>\n<h2><strong>Diverse variet\u00e0 orticole di petali di mirtillo<\/strong><\/h2>\n<h3><strong>Variet\u00e0 comuni<\/strong><\/h3>\n<p>La <strong>centaurea cyanus<\/strong> offre un'impressionante diversit\u00e0 di variet\u00e0 adatte a diversi ambienti ed esigenze di giardinaggio. Ecco alcune delle variet\u00e0 pi\u00f9 popolari:<\/p>\n<ol>\n<li><strong>Ragazzo blu<\/strong> \u00c8 la variet\u00e0 tradizionale, riconoscibile per i petali di colore blu intenso.<\/li>\n<li><strong>Pupazzo di neve<\/strong> Bianco: ha boccioli di fiori bianchi e si inserisce magnificamente nei giardini monocromatici.<\/li>\n<li><strong>Firenze rosa<\/strong> Una scelta perfetta per aggiungere un tocco leggermente diverso alle tonalit\u00e0 rosa.<\/li>\n<\/ol>\n<h3><strong>Ibridi moderni<\/strong><\/h3>\n<p>Grazie alla sua crescente popolarit\u00e0, il <strong>centaurea cyanus<\/strong> \u00e8 stata sottoposta a diverse manipolazioni orticole, dando origine a ibridi moderni. Queste varianti sono il risultato di incroci progettati per migliorare la resistenza alle malattie e prolungare il periodo di fioritura. Questi ibridi includono :<\/p>\n<ul>\n<li><strong>Palla nera<\/strong> Fiori di colore mogano scuro, quasi neri.<\/li>\n<li><strong>Merlino Mistico<\/strong> : offre una gamma complessa di colori, tra cui il blu, il viola e talvolta anche il bordeaux.<\/li>\n<\/ul>\n<h2><strong>Usi pratici dei petali di mirtillo nei giardini e non solo<\/strong><\/h2>\n<h3><strong>Paesaggistica<\/strong><\/h3>\n<p>Grazie al loro aspetto naturalmente rurale <strong>mirtilli<\/strong> sono spesso utilizzate nei giardini naturali o selvatici. La loro capacit\u00e0 di attirare gli impollinatori, come api e farfalle, li rende preziosi per la biodiversit\u00e0.<\/p>\n<p>Alcuni suggerimenti per l'integrazione <strong>mirtilli<\/strong> in un giardino :<\/p>\n<ul>\n<li>Seminare i semi direttamente all'aperto all'inizio della primavera.<\/li>\n<li>Piantateli in gruppi per ottenere il massimo impatto visivo.<\/li>\n<li>Abbinatele a piante perenni come le rudbecchie e le echinacee per ottenere una tavolozza di colori diversi.<\/li>\n<\/ul>\n<h3><strong>Uso domestico<\/strong><\/h3>\n<p>I petali di <strong>fiordaliso<\/strong> non sono solo belle, ma hanno anche molte applicazioni culinarie e cosmetiche:<\/p>\n<ul>\n<li><strong>Cucina<\/strong> spesso utilizzato come guarnizione decorativa in piatti gourmet.<\/li>\n<li><strong>Cosmetici<\/strong> Ingredienti per infusi per lenire gli occhi stanchi.<\/li>\n<\/ul>\n<h2><strong>Coltivazione e cura della centaurea cyanus<\/strong><\/h2>\n<ul>\n<li><strong>Semi e impianto : <\/strong>Coltivare <strong style=\"color: #555555;\">centaurea cyanus<\/strong><span style=\"color: #555555;\">, Per cominciare, piantate i semi all'inizio della primavera, non appena il terreno pu\u00f2 essere lavorato. Seminate a circa un centimetro di profondit\u00e0, distanziando le piante di 20-30 centimetri l'una dall'altra per evitare la competizione per le risorse.<\/span><\/li>\n<\/ul>\n<ul>\n<li><strong>Cura e manutenzione : <\/strong>Una volta stabilito, il <strong style=\"color: #555555;\">mirtilli<\/strong><span style=\"color: #555555;\"> richiedono poca manutenzione. Beneficia di un'annaffiatura moderata e del pieno sole. Tagliate regolarmente i fiori esauriti per incoraggiare una fioritura continua. Nonostante l'aspetto delicato <\/span><strong style=\"color: #555555;\">fiordaliso<\/strong><span style=\"color: #555555;\"> sono abbastanza resistenti alle malattie e ai parassiti, il che le rende una scelta eccellente per i giardinieri alle prime armi.<\/span><\/li>\n<\/ul>\n<h3><strong>L'ultima parola sulla centaurea cyanus<\/strong><\/h3>\n<p>Con il suo <strong>fiori accattivanti<\/strong> e il suo <strong>usi polivalenti<\/strong>, il <strong>centaurea cyanus<\/strong> ha superato il suo iniziale status di \u00aberbaccia\u00bb. \u00c8 diventata un tesoro per giardinieri, ornatisti e amanti della natura. Sia che vogliate aggiungere un tocco di colore al vostro giardino naturale, sia che vogliate sfruttarne le propriet\u00e0 culinarie e cosmetiche, il <strong>fiordaliso<\/strong> \u00e8 una pianta che merita tutta la vostra attenzione.<\/p>","protected":false},"excerpt":{"rendered":"<p><img decoding=\"async\" class=\"size-full wp-image-5091 aligncenter\" src=\"https:\/\/www.safinel.fr\/wp-content\/uploads\/2021\/06\/BANNIERE-ICONE-SAFINEL.webp\" alt=\"riassicurazione satine\" width=\"800\" height=\"200\" srcset=\"https:\/\/www.safinel.fr\/wp-content\/uploads\/2021\/06\/BANNIERE-ICONE-SAFINEL.webp 800w, https:\/\/www.safinel.fr\/wp-content\/uploads\/2021\/06\/BANNIERE-ICONE-SAFINEL-600x150.webp 600w, https:\/\/www.safinel.fr\/wp-content\/uploads\/2021\/06\/BANNIERE-ICONE-SAFINEL-768x192.webp 768w\" sizes=\"(max-width: 800px) 100vw, 800px\" \/><\/p>","protected":false},"featured_media":14767,"template":"","meta":[],"product_brand":[],"product_cat":[28],"product_tag":[],"class_list":{"0":"post-14766","1":"product","2":"type-product","3":"status-publish","4":"has-post-thumbnail","6":"product_cat-divers","8":"first","9":"instock","10":"shipping-taxable","11":"purchasable","12":"product-type-variable"},"yoast_head":"<!-- This site is optimized with the Yoast SEO plugin v26.6 - https:\/\/yoast.com\/wordpress\/plugins\/seo\/ -->\n<title>Centaurea cyanus | P\u00e9tales de bleuet | Achat et bienfaits en ligne<\/title>\n<meta name=\"description\" content=\"La centaurea cyanus, est une fleur sauvage qui capture l&#039;imaginaire avec sa couleur \u00e9clatante et ses vertus multiples. Achat et bienfaits en ligne !\" \/>\n<meta name=\"robots\" content=\"index, follow, max-snippet:-1, max-image-preview:large, max-video-preview:-1\" \/>\n<link rel=\"canonical\" href=\"https:\/\/www.safinel.fr\/it\/prodotto\/centaurea-cyanus\/\" \/>\n<meta property=\"og:locale\" content=\"it_IT\" \/>\n<meta property=\"og:type\" content=\"article\" \/>\n<meta property=\"og:title\" content=\"Centaurea cyanus | P\u00e9tales de bleuet | Achat et bienfaits en ligne\" \/>\n<meta property=\"og:description\" content=\"La centaurea cyanus, est une fleur sauvage qui capture l&#039;imaginaire avec sa couleur \u00e9clatante et ses vertus multiples. Achat et bienfaits en ligne !\" \/>\n<meta property=\"og:url\" content=\"https:\/\/www.safinel.fr\/it\/prodotto\/centaurea-cyanus\/\" \/>\n<meta property=\"og:site_name\" content=\"Safinel\" \/>\n<meta property=\"article:modified_time\" content=\"2024-08-27T14:11:02+00:00\" \/>\n<meta property=\"og:image\" content=\"https:\/\/www.safinel.fr\/wp-content\/uploads\/2024\/08\/centaurea-cyanus.jpg\" \/>\n\t<meta property=\"og:image:width\" content=\"600\" \/>\n\t<meta property=\"og:image:height\" content=\"600\" \/>\n\t<meta property=\"og:image:type\" content=\"image\/jpeg\" \/>\n<meta name=\"twitter:card\" content=\"summary_large_image\" \/>\n<meta name=\"twitter:label1\" content=\"Tempo di lettura stimato\" \/>\n\t<meta name=\"twitter:data1\" content=\"4 minuti\" \/>\n<script type=\"application\/ld+json\" class=\"yoast-schema-graph\">{\"@context\":\"https:\/\/schema.org\",\"@graph\":[{\"@type\":\"WebPage\",\"@id\":\"https:\/\/www.safinel.fr\/produit\/centaurea-cyanus\/\",\"url\":\"https:\/\/www.safinel.fr\/produit\/centaurea-cyanus\/\",\"name\":\"Centaurea cyanus | P\u00e9tales de bleuet | Achat et bienfaits en ligne\",\"isPartOf\":{\"@id\":\"https:\/\/www.safinel.fr\/#website\"},\"primaryImageOfPage\":{\"@id\":\"https:\/\/www.safinel.fr\/produit\/centaurea-cyanus\/#primaryimage\"},\"image\":{\"@id\":\"https:\/\/www.safinel.fr\/produit\/centaurea-cyanus\/#primaryimage\"},\"thumbnailUrl\":\"https:\/\/www.safinel.fr\/wp-content\/uploads\/2024\/08\/centaurea-cyanus.jpg\",\"datePublished\":\"2024-08-27T13:59:40+00:00\",\"dateModified\":\"2024-08-27T14:11:02+00:00\",\"description\":\"La centaurea cyanus, est une fleur sauvage qui capture l'imaginaire avec sa couleur \u00e9clatante et ses vertus multiples. Achat et bienfaits en ligne !\",\"breadcrumb\":{\"@id\":\"https:\/\/www.safinel.fr\/produit\/centaurea-cyanus\/#breadcrumb\"},\"inLanguage\":\"it-IT\",\"potentialAction\":[{\"@type\":\"ReadAction\",\"target\":[\"https:\/\/www.safinel.fr\/produit\/centaurea-cyanus\/\"]}]},{\"@type\":\"ImageObject\",\"inLanguage\":\"it-IT\",\"@id\":\"https:\/\/www.safinel.fr\/produit\/centaurea-cyanus\/#primaryimage\",\"url\":\"https:\/\/www.safinel.fr\/wp-content\/uploads\/2024\/08\/centaurea-cyanus.jpg\",\"contentUrl\":\"https:\/\/www.safinel.fr\/wp-content\/uploads\/2024\/08\/centaurea-cyanus.jpg\",\"width\":600,\"height\":600,\"caption\":\"Centaurea cyanus (P\u00e9tales de bleuet)\"},{\"@type\":\"BreadcrumbList\",\"@id\":\"https:\/\/www.safinel.fr\/produit\/centaurea-cyanus\/#breadcrumb\",\"itemListElement\":[{\"@type\":\"ListItem\",\"position\":1,\"name\":\"Accueil\",\"item\":\"https:\/\/www.safinel.fr\/\"},{\"@type\":\"ListItem\",\"position\":2,\"name\":\"Boutique\",\"item\":\"https:\/\/www.safinel.fr\/boutique\/\"},{\"@type\":\"ListItem\",\"position\":3,\"name\":\"Centaurea cyanus (P\u00e9tales de bleuet)\"}]},{\"@type\":\"WebSite\",\"@id\":\"https:\/\/www.safinel.fr\/#website\",\"url\":\"https:\/\/www.safinel.fr\/\",\"name\":\"Safinel\",\"description\":\"\",\"publisher\":{\"@id\":\"https:\/\/www.safinel.fr\/#organization\"},\"potentialAction\":[{\"@type\":\"SearchAction\",\"target\":{\"@type\":\"EntryPoint\",\"urlTemplate\":\"https:\/\/www.safinel.fr\/?s={search_term_string}\"},\"query-input\":{\"@type\":\"PropertyValueSpecification\",\"valueRequired\":true,\"valueName\":\"search_term_string\"}}],\"inLanguage\":\"it-IT\"},{\"@type\":\"Organization\",\"@id\":\"https:\/\/www.safinel.fr\/#organization\",\"name\":\"Safinel\",\"url\":\"https:\/\/www.safinel.fr\/\",\"logo\":{\"@type\":\"ImageObject\",\"inLanguage\":\"it-IT\",\"@id\":\"https:\/\/www.safinel.fr\/#\/schema\/logo\/image\/\",\"url\":\"https:\/\/www.safinel.fr\/wp-content\/uploads\/2021\/05\/boutique-cosmetique.png\",\"contentUrl\":\"https:\/\/www.safinel.fr\/wp-content\/uploads\/2021\/05\/boutique-cosmetique.png\",\"width\":800,\"height\":200,\"caption\":\"Safinel\"},\"image\":{\"@id\":\"https:\/\/www.safinel.fr\/#\/schema\/logo\/image\/\"}}]}<\/script>\n<!-- \/ Yoast SEO plugin. -->","yoast_head_json":{"title":"Centaurea cyanus | Petali di fiordaliso | Acquisto e benefici online","description":"La Centaurea cyanus \u00e8 un fiore selvatico che cattura l'immaginazione con i suoi colori brillanti e le sue molteplici virt\u00f9. Acquistatela e godetevela online!","robots":{"index":"index","follow":"follow","max-snippet":"max-snippet:-1","max-image-preview":"max-image-preview:large","max-video-preview":"max-video-preview:-1"},"canonical":"https:\/\/www.safinel.fr\/it\/prodotto\/centaurea-cyanus\/","og_locale":"it_IT","og_type":"article","og_title":"Centaurea cyanus | P\u00e9tales de bleuet | Achat et bienfaits en ligne","og_description":"La centaurea cyanus, est une fleur sauvage qui capture l'imaginaire avec sa couleur \u00e9clatante et ses vertus multiples. Achat et bienfaits en ligne !","og_url":"https:\/\/www.safinel.fr\/it\/prodotto\/centaurea-cyanus\/","og_site_name":"Safinel","article_modified_time":"2024-08-27T14:11:02+00:00","og_image":[{"width":600,"height":600,"url":"https:\/\/www.safinel.fr\/wp-content\/uploads\/2024\/08\/centaurea-cyanus.jpg","type":"image\/jpeg"}],"twitter_card":"summary_large_image","twitter_misc":{"Tempo di lettura stimato":"4 minuti"},"schema":{"@context":"https:\/\/schema.org","@graph":[{"@type":"WebPage","@id":"https:\/\/www.safinel.fr\/produit\/centaurea-cyanus\/","url":"https:\/\/www.safinel.fr\/produit\/centaurea-cyanus\/","name":"Centaurea cyanus | Petali di fiordaliso | Acquisto e benefici online","isPartOf":{"@id":"https:\/\/www.safinel.fr\/#website"},"primaryImageOfPage":{"@id":"https:\/\/www.safinel.fr\/produit\/centaurea-cyanus\/#primaryimage"},"image":{"@id":"https:\/\/www.safinel.fr\/produit\/centaurea-cyanus\/#primaryimage"},"thumbnailUrl":"https:\/\/www.safinel.fr\/wp-content\/uploads\/2024\/08\/centaurea-cyanus.jpg","datePublished":"2024-08-27T13:59:40+00:00","dateModified":"2024-08-27T14:11:02+00:00","description":"La Centaurea cyanus \u00e8 un fiore selvatico che cattura l'immaginazione con i suoi colori brillanti e le sue molteplici virt\u00f9. Acquistatela e godetevela online!","breadcrumb":{"@id":"https:\/\/www.safinel.fr\/produit\/centaurea-cyanus\/#breadcrumb"},"inLanguage":"it-IT","potentialAction":[{"@type":"ReadAction","target":["https:\/\/www.safinel.fr\/produit\/centaurea-cyanus\/"]}]},{"@type":"ImageObject","inLanguage":"it-IT","@id":"https:\/\/www.safinel.fr\/produit\/centaurea-cyanus\/#primaryimage","url":"https:\/\/www.safinel.fr\/wp-content\/uploads\/2024\/08\/centaurea-cyanus.jpg","contentUrl":"https:\/\/www.safinel.fr\/wp-content\/uploads\/2024\/08\/centaurea-cyanus.jpg","width":600,"height":600,"caption":"Centaurea cyanus (P\u00e9tales de bleuet)"},{"@type":"BreadcrumbList","@id":"https:\/\/www.safinel.fr\/produit\/centaurea-cyanus\/#breadcrumb","itemListElement":[{"@type":"ListItem","position":1,"name":"Accueil","item":"https:\/\/www.safinel.fr\/"},{"@type":"ListItem","position":2,"name":"Boutique","item":"https:\/\/www.safinel.fr\/boutique\/"},{"@type":"ListItem","position":3,"name":"Centaurea cyanus (P\u00e9tales de bleuet)"}]},{"@type":"WebSite","@id":"https:\/\/www.safinel.fr\/#website","url":"https:\/\/www.safinel.fr\/","name":"Safinel","description":"","publisher":{"@id":"https:\/\/www.safinel.fr\/#organization"},"potentialAction":[{"@type":"SearchAction","target":{"@type":"EntryPoint","urlTemplate":"https:\/\/www.safinel.fr\/?s={search_term_string}"},"query-input":{"@type":"PropertyValueSpecification","valueRequired":true,"valueName":"search_term_string"}}],"inLanguage":"it-IT"},{"@type":"Organization","@id":"https:\/\/www.safinel.fr\/#organization","name":"Safinel","url":"https:\/\/www.safinel.fr\/","logo":{"@type":"ImageObject","inLanguage":"it-IT","@id":"https:\/\/www.safinel.fr\/#\/schema\/logo\/image\/","url":"https:\/\/www.safinel.fr\/wp-content\/uploads\/2021\/05\/boutique-cosmetique.png","contentUrl":"https:\/\/www.safinel.fr\/wp-content\/uploads\/2021\/05\/boutique-cosmetique.png","width":800,"height":200,"caption":"Safinel"},"image":{"@id":"https:\/\/www.safinel.fr\/#\/schema\/logo\/image\/"}}]}},"_links":{"self":[{"href":"https:\/\/www.safinel.fr\/it\/wp-json\/wp\/v2\/product\/14766","targetHints":{"allow":["GET"]}}],"collection":[{"href":"https:\/\/www.safinel.fr\/it\/wp-json\/wp\/v2\/product"}],"about":[{"href":"https:\/\/www.safinel.fr\/it\/wp-json\/wp\/v2\/types\/product"}],"wp:featuredmedia":[{"embeddable":true,"href":"https:\/\/www.safinel.fr\/it\/wp-json\/wp\/v2\/media\/14767"}],"wp:attachment":[{"href":"https:\/\/www.safinel.fr\/it\/wp-json\/wp\/v2\/media?parent=14766"}],"wp:term":[{"taxonomy":"product_brand","embeddable":true,"href":"https:\/\/www.safinel.fr\/it\/wp-json\/wp\/v2\/product_brand?post=14766"},{"taxonomy":"product_cat","embeddable":true,"href":"https:\/\/www.safinel.fr\/it\/wp-json\/wp\/v2\/product_cat?post=14766"},{"taxonomy":"product_tag","embeddable":true,"href":"https:\/\/www.safinel.fr\/it\/wp-json\/wp\/v2\/product_tag?post=14766"}],"curies":[{"name":"wp","href":"https:\/\/api.w.org\/{rel}","templated":true}]}}