{"id":14689,"date":"2024-08-13T17:26:40","date_gmt":"2024-08-13T17:26:40","guid":{"rendered":"https:\/\/www.safinel.fr\/?post_type=product&#038;p=14689"},"modified":"2024-12-30T13:35:00","modified_gmt":"2024-12-30T13:35:00","slug":"piselli-dangole-ambrevade","status":"publish","type":"product","link":"https:\/\/www.safinel.fr\/it\/prodotto\/piselli-dangole-ambrevade\/","title":{"rendered":"Pisello (Ambrevade)"},"content":{"rendered":"<p>Le <strong>piselli di colombo<\/strong>, conosciuto anche come <strong>Pisello del Congo<\/strong> e\u2019<strong>ambrevade<\/strong>, \u00e8 un legume derivato dalla pianta Cajanus cajan, appartenente alla famiglia delle fabaceae. Questa pianta beneficia di molti <strong>qualit\u00e0 nutrizionali<\/strong> e <strong>agronomico<\/strong>, Le affascinanti propriet\u00e0 di questa pianta sono spesso trascurate al di fuori delle regioni tropicali in cui \u00e8 ampiamente coltivata. Questo articolo esplora l'affascinante mondo di questa preziosa pianta, i suoi diversi usi e il suo impatto su <strong>agricoltura sostenibile<\/strong>.<\/p>\n<h2><strong>Origini e distribuzione geografica<\/strong><\/h2>\n<p>Il pisello \u00e8 originario del subcontinente indiano prima di diffondersi ai tropici, in particolare nell'Africa centrale e nei Caraibi. Questa espansione gli ha dato diversi nomi vernacolari, tra cui \u00abpisello del Congo\u00bb e \u00abambrevade\u00bb. Oggi la coltura \u00e8 diffusa soprattutto nelle aree tropicali e subtropicali, grazie alle sue elevate rese. <strong>notevole resistenza<\/strong> a condizioni climatiche difficili.<\/p>\n<h3><strong>Storia della cultura<\/strong><\/h3>\n<p>La storia della coltivazione del Cajanus cajan risale a pi\u00f9 di 3.500 anni fa, con prove archeologiche che suggeriscono la sua presenza in India gi\u00e0 nell'antichit\u00e0. Le rotte commerciali dell'epoca hanno contribuito a diffondere il seme in Africa e nei Caraibi, dove si \u00e8 perfettamente integrato nei sistemi agricoli locali.<\/p>\n<h3><strong>Aree prevalentemente coltivate<\/strong><\/h3>\n<ul>\n<li>India<\/li>\n<li>Nigeria<\/li>\n<li>Sri Lanka<\/li>\n<li>Kenya<\/li>\n<li>Repubblica Dominicana<\/li>\n<\/ul>\n<h2><strong>Caratteristiche botaniche ed ecologiche<\/strong><\/h2>\n<p>Il pisello \u00e8 una pianta perenne che pu\u00f2 raggiungere i due o tre metri di altezza. La sua longevit\u00e0 e resistenza la rendono ideale per una variet\u00e0 di condizioni. <strong>agroecologico<\/strong>. Adattabile a un'ampia gamma di terreni, questa leguminosa richiede solo bassi livelli di fertilizzanti chimici, contribuendo a un'agricoltura pi\u00f9 rispettosa dell'ambiente.<\/p>\n<ul>\n<li><strong>Descrizione morfologica : <\/strong>Il Cajanus cajan ha foglie trifogliate e fiori gialli papilionacei. I semi, racchiusi in baccelli lunghi e stretti, sono ricchi di <strong style=\"color: #555555;\">proteine<\/strong><span style=\"color: #555555;\"> e altri nutrienti essenziali.<\/span><\/li>\n<\/ul>\n<ul>\n<li><strong>Resilienza climatica : <\/strong>In grado di tollerare <strong style=\"color: #555555;\">siccit\u00e0 prolungata<\/strong><span style=\"color: #555555;\"> e <\/span><strong style=\"color: #555555;\">alte temperature<\/strong><span style=\"color: #555555;\">, Il pisello \u00e8 particolarmente ben adattato agli ambienti aridi. Il suo apparato radicale profondo raccoglie l'acqua a profondit\u00e0 che poche altre piante possono raggiungere, garantendone la sopravvivenza e la resa anche in periodi di scarse precipitazioni.<\/span><\/li>\n<\/ul>\n<h2><strong>Valori nutrizionali e benefici per la salute del Pois d'angole (Ambrevade)<\/strong><\/h2>\n<p>Il pisello \u00e8 rinomato per le sue propriet\u00e0 di <strong>ricchezza nutrizionale<\/strong>. Non solo \u00e8 un alimento base in molte culture, ma offre anche notevoli benefici per la salute umana.<\/p>\n<h3><strong>Composizione nutrizionale<\/strong><\/h3>\n<p>La composizione approssimativa di questo legume comprende :<\/p>\n<ul>\n<li><strong>Proteine<\/strong> fino a 25 %<\/li>\n<li><strong>Fibra alimentare<\/strong> : 15 %<\/li>\n<li>Minerali (ferro, magnesio, fosforo)<\/li>\n<li>Aminoacidi essenziali<\/li>\n<li>Vitamine B<\/li>\n<\/ul>\n<h3><strong>Impatto sulla salute<\/strong><\/h3>\n<p>Il consumo di piselli pu\u00f2 contribuire a <strong>prevenire le carenze nutrizionali<\/strong>, Favorisce inoltre la digestione grazie al suo contenuto di fibre e rafforza il sistema immunitario con le sue vitamine e i suoi minerali. Svolge inoltre un ruolo importante nel ridurre il rischio di malattie croniche come <strong>diabete<\/strong> e <strong>malattie cardiovascolari<\/strong>.<\/p>\n<h2><strong>Usi culinari e gastronomici del pisello del Congo (Ambrevade)<\/strong><\/h2>\n<p>Sono numerose le ricette che sfruttano il sapore unico e la consistenza soda dei piselli piccioni. In zuppe, stufati o insalate, questo legume \u00e8 parte integrante della cucina mondiale.<\/p>\n<h3><strong>Ricette tradizionali<\/strong><\/h3>\n<p>I piatti angolani variano da regione a regione:<\/p>\n<ol>\n<li><strong>India<\/strong> - Dal tradizionale: i piselli vengono cotti con spezie come la curcuma e il cumino per creare una gustosa zuppa.<\/li>\n<li><strong>Giamaica<\/strong> - Zuppa di piselli Gungo: un misto di piselli del Congo con ortaggi a radice e pezzi di carne.<\/li>\n<li><strong>Africa orientale<\/strong> - Rugali wa Njugu: una ricetta semplice che include piselli e latte di cocco.<\/li>\n<\/ol>\n<h3><strong>Innovazione culinaria moderna<\/strong><\/h3>\n<p>Pi\u00f9 di recente, gli chef stanno esplorando nuovi modi per incorporare i piselli in piatti moderni, come ad esempio <strong>hamburger vegetariani<\/strong> e salse proteiche per la pasta. Queste innovazioni ci permettono di riscoprire questo antico legume sotto una nuova luce, incoraggiando al contempo una dieta sostenibile e nutriente.<\/p>\n<h2><strong>Vantaggi per l'agricoltura sostenibile<\/strong><\/h2>\n<p>Oltre ai suoi benefici nutrizionali, il pisello piccione svolge anche un ruolo fondamentale nelle pratiche agricole. <strong>agricoltura sostenibile<\/strong>.<\/p>\n<h3>Fissazione dell'azoto<\/h3>\n<p>Come tutte le Fabaceae, il Cajanus cajan arricchisce il terreno grazie a <strong>azoto<\/strong> grazie alla sua capacit\u00e0 di fissare questo elemento essenziale attraverso le radici. Ci\u00f2 riduce la necessit\u00e0 di fertilizzanti chimici e migliora la fertilit\u00e0 naturale del suolo.<\/p>\n<h3>Agroforestale e rotazione delle colture<\/h3>\n<p>I piselli sono comunemente inclusi in <a href=\"https:\/\/www.safinel.fr\/it\/agroforestale-in-africa\/\"><strong>sistemi agroforestali<\/strong><\/a>, dove agisce come pianta azotofissatrice e supporta la consociazione. Nella <strong>rotazione delle colture<\/strong>, Interrompe il ciclo di vita dei parassiti. Questo migliora la produttivit\u00e0 complessiva senza l'uso eccessivo di pesticidi.<\/p>\n<h3><strong>Sfide e prospettive<\/strong><\/h3>\n<p>Nonostante le sue riconosciute virt\u00f9, la coltivazione del pisello deve affrontare una serie di sfide, tra cui problemi di marketing e di riconoscimento internazionale.<\/p>\n<ul>\n<li><strong>Barriere economiche : <\/strong>Nonostante il suo valore, il mercato mondiale dei piselli piccioni rimane limitato. Gli agricoltori devono spesso far fronte a prezzi bassi e a una domanda irregolare. Complicando i loro sforzi per massimizzare il reddito.<\/li>\n<\/ul>\n<ul>\n<li><strong>Ricerca e innovazione : <\/strong>Investire nella ricerca agronomica per sviluppare variet\u00e0 resistenti alle malattie e pi\u00f9 performanti potrebbe rilanciare questa coltura. Inoltre, la promozione di programmi di educazione dei consumatori potrebbe aumentare la domanda e stimolare il mercato.<\/li>\n<\/ul>","protected":false},"excerpt":{"rendered":"<p>Le pois d&rsquo;angole, \u00e9galement connu sous les noms de pois du Congo et d&rsquo;ambrevade, est une l\u00e9gumineuse issue de la plante Cajanus cajan, qui appartient \u00e0 la famille des fabac\u00e9es. Ce v\u00e9g\u00e9tal b\u00e9n\u00e9ficie de nombreuses qualit\u00e9s nutritionnelles et agronomiques, souvent ignor\u00e9es en dehors des r\u00e9gions tropicales o\u00f9 il est largement cultiv\u00e9. Cet article propose d&rsquo;explorer [&#8230;]","protected":false},"featured_media":14693,"template":"","meta":[],"product_brand":[],"product_cat":[150],"product_tag":[],"class_list":{"0":"post-14689","1":"product","2":"type-product","3":"status-publish","4":"has-post-thumbnail","6":"product_cat-legume-africain","8":"first","9":"outofstock","10":"shipping-taxable","11":"purchasable","12":"product-type-variable"},"yoast_head":"<!-- This site is optimized with the Yoast SEO plugin v26.6 - https:\/\/yoast.com\/wordpress\/plugins\/seo\/ -->\n<title>Pois d&#039;angole (Ambrevade) | Achat en ligne du pois du Congo<\/title>\n<meta name=\"description\" content=\"Le pois d&#039;angole, \u00e9galement connu sous les noms de pois du Congo et d&#039;ambrevade, est une l\u00e9gumineuse issue de la plante Cajanus cajan.\" \/>\n<meta name=\"robots\" content=\"index, follow, max-snippet:-1, max-image-preview:large, max-video-preview:-1\" \/>\n<link rel=\"canonical\" href=\"https:\/\/www.safinel.fr\/it\/prodotto\/piselli-dangole-ambrevade\/\" \/>\n<meta property=\"og:locale\" content=\"it_IT\" \/>\n<meta property=\"og:type\" content=\"article\" \/>\n<meta property=\"og:title\" content=\"Pois d&#039;angole (Ambrevade) | Achat en ligne du pois du Congo\" \/>\n<meta property=\"og:description\" content=\"Le pois d&#039;angole, \u00e9galement connu sous les noms de pois du Congo et d&#039;ambrevade, est une l\u00e9gumineuse issue de la plante Cajanus cajan.\" \/>\n<meta property=\"og:url\" content=\"https:\/\/www.safinel.fr\/it\/prodotto\/piselli-dangole-ambrevade\/\" \/>\n<meta property=\"og:site_name\" content=\"Safinel\" \/>\n<meta property=\"article:modified_time\" content=\"2024-12-30T13:35:00+00:00\" \/>\n<meta property=\"og:image\" content=\"https:\/\/www.safinel.fr\/wp-content\/uploads\/2024\/08\/pois-d-angole.jpg\" \/>\n\t<meta property=\"og:image:width\" content=\"600\" \/>\n\t<meta property=\"og:image:height\" content=\"600\" \/>\n\t<meta property=\"og:image:type\" content=\"image\/jpeg\" \/>\n<meta name=\"twitter:card\" content=\"summary_large_image\" \/>\n<meta name=\"twitter:label1\" content=\"Tempo di lettura stimato\" \/>\n\t<meta name=\"twitter:data1\" content=\"5 minuti\" \/>\n<script type=\"application\/ld+json\" class=\"yoast-schema-graph\">{\"@context\":\"https:\/\/schema.org\",\"@graph\":[{\"@type\":\"WebPage\",\"@id\":\"https:\/\/www.safinel.fr\/produit\/pois-dangole-ambrevade\/\",\"url\":\"https:\/\/www.safinel.fr\/produit\/pois-dangole-ambrevade\/\",\"name\":\"Pois d'angole (Ambrevade) | Achat en ligne du pois du Congo\",\"isPartOf\":{\"@id\":\"https:\/\/www.safinel.fr\/#website\"},\"primaryImageOfPage\":{\"@id\":\"https:\/\/www.safinel.fr\/produit\/pois-dangole-ambrevade\/#primaryimage\"},\"image\":{\"@id\":\"https:\/\/www.safinel.fr\/produit\/pois-dangole-ambrevade\/#primaryimage\"},\"thumbnailUrl\":\"https:\/\/www.safinel.fr\/wp-content\/uploads\/2024\/08\/pois-d-angole.jpg\",\"datePublished\":\"2024-08-13T17:26:40+00:00\",\"dateModified\":\"2024-12-30T13:35:00+00:00\",\"description\":\"Le pois d'angole, \u00e9galement connu sous les noms de pois du Congo et d'ambrevade, est une l\u00e9gumineuse issue de la plante Cajanus cajan.\",\"breadcrumb\":{\"@id\":\"https:\/\/www.safinel.fr\/produit\/pois-dangole-ambrevade\/#breadcrumb\"},\"inLanguage\":\"it-IT\",\"potentialAction\":[{\"@type\":\"ReadAction\",\"target\":[\"https:\/\/www.safinel.fr\/produit\/pois-dangole-ambrevade\/\"]}]},{\"@type\":\"ImageObject\",\"inLanguage\":\"it-IT\",\"@id\":\"https:\/\/www.safinel.fr\/produit\/pois-dangole-ambrevade\/#primaryimage\",\"url\":\"https:\/\/www.safinel.fr\/wp-content\/uploads\/2024\/08\/pois-d-angole.jpg\",\"contentUrl\":\"https:\/\/www.safinel.fr\/wp-content\/uploads\/2024\/08\/pois-d-angole.jpg\",\"width\":600,\"height\":600,\"caption\":\"Pois d'angole (Ambrevade)\"},{\"@type\":\"BreadcrumbList\",\"@id\":\"https:\/\/www.safinel.fr\/produit\/pois-dangole-ambrevade\/#breadcrumb\",\"itemListElement\":[{\"@type\":\"ListItem\",\"position\":1,\"name\":\"Accueil\",\"item\":\"https:\/\/www.safinel.fr\/\"},{\"@type\":\"ListItem\",\"position\":2,\"name\":\"Boutique\",\"item\":\"https:\/\/www.safinel.fr\/boutique\/\"},{\"@type\":\"ListItem\",\"position\":3,\"name\":\"Pois d&#8217;angole (Ambrevade)\"}]},{\"@type\":\"WebSite\",\"@id\":\"https:\/\/www.safinel.fr\/#website\",\"url\":\"https:\/\/www.safinel.fr\/\",\"name\":\"Safinel\",\"description\":\"\",\"publisher\":{\"@id\":\"https:\/\/www.safinel.fr\/#organization\"},\"potentialAction\":[{\"@type\":\"SearchAction\",\"target\":{\"@type\":\"EntryPoint\",\"urlTemplate\":\"https:\/\/www.safinel.fr\/?s={search_term_string}\"},\"query-input\":{\"@type\":\"PropertyValueSpecification\",\"valueRequired\":true,\"valueName\":\"search_term_string\"}}],\"inLanguage\":\"it-IT\"},{\"@type\":\"Organization\",\"@id\":\"https:\/\/www.safinel.fr\/#organization\",\"name\":\"Safinel\",\"url\":\"https:\/\/www.safinel.fr\/\",\"logo\":{\"@type\":\"ImageObject\",\"inLanguage\":\"it-IT\",\"@id\":\"https:\/\/www.safinel.fr\/#\/schema\/logo\/image\/\",\"url\":\"https:\/\/www.safinel.fr\/wp-content\/uploads\/2021\/05\/boutique-cosmetique.png\",\"contentUrl\":\"https:\/\/www.safinel.fr\/wp-content\/uploads\/2021\/05\/boutique-cosmetique.png\",\"width\":800,\"height\":200,\"caption\":\"Safinel\"},\"image\":{\"@id\":\"https:\/\/www.safinel.fr\/#\/schema\/logo\/image\/\"}}]}<\/script>\n<!-- \/ Yoast SEO plugin. -->","yoast_head_json":{"title":"Pisello del Congo (Ambrevade) | Acquistare pisello del Congo online","description":"Il pisello piccione, noto anche come pisello del Congo e ambrevade, \u00e8 un legume della pianta Cajanus cajan.","robots":{"index":"index","follow":"follow","max-snippet":"max-snippet:-1","max-image-preview":"max-image-preview:large","max-video-preview":"max-video-preview:-1"},"canonical":"https:\/\/www.safinel.fr\/it\/prodotto\/piselli-dangole-ambrevade\/","og_locale":"it_IT","og_type":"article","og_title":"Pois d'angole (Ambrevade) | Achat en ligne du pois du Congo","og_description":"Le pois d'angole, \u00e9galement connu sous les noms de pois du Congo et d'ambrevade, est une l\u00e9gumineuse issue de la plante Cajanus cajan.","og_url":"https:\/\/www.safinel.fr\/it\/prodotto\/piselli-dangole-ambrevade\/","og_site_name":"Safinel","article_modified_time":"2024-12-30T13:35:00+00:00","og_image":[{"width":600,"height":600,"url":"https:\/\/www.safinel.fr\/wp-content\/uploads\/2024\/08\/pois-d-angole.jpg","type":"image\/jpeg"}],"twitter_card":"summary_large_image","twitter_misc":{"Tempo di lettura stimato":"5 minuti"},"schema":{"@context":"https:\/\/schema.org","@graph":[{"@type":"WebPage","@id":"https:\/\/www.safinel.fr\/produit\/pois-dangole-ambrevade\/","url":"https:\/\/www.safinel.fr\/produit\/pois-dangole-ambrevade\/","name":"Pisello del Congo (Ambrevade) | Acquistare pisello del Congo online","isPartOf":{"@id":"https:\/\/www.safinel.fr\/#website"},"primaryImageOfPage":{"@id":"https:\/\/www.safinel.fr\/produit\/pois-dangole-ambrevade\/#primaryimage"},"image":{"@id":"https:\/\/www.safinel.fr\/produit\/pois-dangole-ambrevade\/#primaryimage"},"thumbnailUrl":"https:\/\/www.safinel.fr\/wp-content\/uploads\/2024\/08\/pois-d-angole.jpg","datePublished":"2024-08-13T17:26:40+00:00","dateModified":"2024-12-30T13:35:00+00:00","description":"Il pisello piccione, noto anche come pisello del Congo e ambrevade, \u00e8 un legume della pianta Cajanus cajan.","breadcrumb":{"@id":"https:\/\/www.safinel.fr\/produit\/pois-dangole-ambrevade\/#breadcrumb"},"inLanguage":"it-IT","potentialAction":[{"@type":"ReadAction","target":["https:\/\/www.safinel.fr\/produit\/pois-dangole-ambrevade\/"]}]},{"@type":"ImageObject","inLanguage":"it-IT","@id":"https:\/\/www.safinel.fr\/produit\/pois-dangole-ambrevade\/#primaryimage","url":"https:\/\/www.safinel.fr\/wp-content\/uploads\/2024\/08\/pois-d-angole.jpg","contentUrl":"https:\/\/www.safinel.fr\/wp-content\/uploads\/2024\/08\/pois-d-angole.jpg","width":600,"height":600,"caption":"Pois d'angole (Ambrevade)"},{"@type":"BreadcrumbList","@id":"https:\/\/www.safinel.fr\/produit\/pois-dangole-ambrevade\/#breadcrumb","itemListElement":[{"@type":"ListItem","position":1,"name":"Accueil","item":"https:\/\/www.safinel.fr\/"},{"@type":"ListItem","position":2,"name":"Boutique","item":"https:\/\/www.safinel.fr\/boutique\/"},{"@type":"ListItem","position":3,"name":"Pois d&#8217;angole (Ambrevade)"}]},{"@type":"WebSite","@id":"https:\/\/www.safinel.fr\/#website","url":"https:\/\/www.safinel.fr\/","name":"Safinel","description":"","publisher":{"@id":"https:\/\/www.safinel.fr\/#organization"},"potentialAction":[{"@type":"SearchAction","target":{"@type":"EntryPoint","urlTemplate":"https:\/\/www.safinel.fr\/?s={search_term_string}"},"query-input":{"@type":"PropertyValueSpecification","valueRequired":true,"valueName":"search_term_string"}}],"inLanguage":"it-IT"},{"@type":"Organization","@id":"https:\/\/www.safinel.fr\/#organization","name":"Safinel","url":"https:\/\/www.safinel.fr\/","logo":{"@type":"ImageObject","inLanguage":"it-IT","@id":"https:\/\/www.safinel.fr\/#\/schema\/logo\/image\/","url":"https:\/\/www.safinel.fr\/wp-content\/uploads\/2021\/05\/boutique-cosmetique.png","contentUrl":"https:\/\/www.safinel.fr\/wp-content\/uploads\/2021\/05\/boutique-cosmetique.png","width":800,"height":200,"caption":"Safinel"},"image":{"@id":"https:\/\/www.safinel.fr\/#\/schema\/logo\/image\/"}}]}},"_links":{"self":[{"href":"https:\/\/www.safinel.fr\/it\/wp-json\/wp\/v2\/product\/14689","targetHints":{"allow":["GET"]}}],"collection":[{"href":"https:\/\/www.safinel.fr\/it\/wp-json\/wp\/v2\/product"}],"about":[{"href":"https:\/\/www.safinel.fr\/it\/wp-json\/wp\/v2\/types\/product"}],"wp:featuredmedia":[{"embeddable":true,"href":"https:\/\/www.safinel.fr\/it\/wp-json\/wp\/v2\/media\/14693"}],"wp:attachment":[{"href":"https:\/\/www.safinel.fr\/it\/wp-json\/wp\/v2\/media?parent=14689"}],"wp:term":[{"taxonomy":"product_brand","embeddable":true,"href":"https:\/\/www.safinel.fr\/it\/wp-json\/wp\/v2\/product_brand?post=14689"},{"taxonomy":"product_cat","embeddable":true,"href":"https:\/\/www.safinel.fr\/it\/wp-json\/wp\/v2\/product_cat?post=14689"},{"taxonomy":"product_tag","embeddable":true,"href":"https:\/\/www.safinel.fr\/it\/wp-json\/wp\/v2\/product_tag?post=14689"}],"curies":[{"name":"wp","href":"https:\/\/api.w.org\/{rel}","templated":true}]}}