{"id":14674,"date":"2024-08-11T10:41:52","date_gmt":"2024-08-11T10:41:52","guid":{"rendered":"https:\/\/www.safinel.fr\/?post_type=product&#038;p=14674"},"modified":"2026-02-12T20:05:32","modified_gmt":"2026-02-12T20:05:32","slug":"sale-gemmato-di-kanwa","status":"publish","type":"product","link":"https:\/\/www.safinel.fr\/it\/prodotto\/sale-gemmato-di-kanwa\/","title":{"rendered":"Salgemma (Kanwa)"},"content":{"rendered":"<p>Le <strong>sale grosso<\/strong>, conosciuto anche come potassa o KANWA in Africa occidentale e chiamato <strong>sale vivo<\/strong> a <a href=\"https:\/\/www.safinel.fr\/it\/categoria-prodotto\/spezie-marocchine\/\"><strong>Marocco<\/strong><\/a>, \u00e8 un elemento essenziale che si trova nelle profondit\u00e0 della roccia. Utilizzato da secoli per una variet\u00e0 di applicazioni, questo tipo di sale ha una vasta gamma di usi culinari e industriali. Scopriamo le caratteristiche, le origini e le numerose applicazioni del salgemma.<\/p>\n<h2><strong>Le origini e la formazione del salgemma<\/strong><\/h2>\n<p>Il Kanwa proviene principalmente da depositi sedimentari risalenti a milioni di anni fa. Questa roccia evaporitica si \u00e8 formata dall'evaporazione dell'acqua di mare, che lascia dietro di s\u00e9 strati ricchi di <strong>cloruro di sodio<\/strong>. Questi depositi sono spesso sfruttati da miniere profonde o aperte, a seconda della regione del mondo.<\/p>\n<h3><strong>Miniere<\/strong><\/h3>\n<p>Il salgemma pu\u00f2 essere estratto in due modi principali:<\/p>\n<ul>\n<li><strong>Miniere sotterranee<\/strong> Con questo metodo, gallerie e camere vengono scavate in profondit\u00e0 nella terra fino ai depositi di sale.<\/li>\n<li><strong>Miniere a cielo aperto<\/strong> Meno comune: questa tecnica prevede la rimozione dei materiali di superficie per accedere agli strati di sale.<\/li>\n<\/ul>\n<p>Ogni metodo di estrazione dipende in larga misura dalle caratteristiche geologiche della regione sfruttata.<\/p>\n<h2><strong>Usi culinari del salgemma di Kanwa<\/strong><\/h2>\n<p>In cucina, il sale grosso viene celebrato per le sue qualit\u00e0 di condimento uniche. Mentre <strong>sale da cucina raffinato<\/strong> perde alcuni dei suoi minerali durante il processo di raffinazione, il kanwa mantiene la sua purezza naturale.<\/p>\n<ul>\n<li><strong>Fleur de sel e mulini<\/strong><\/li>\n<\/ul>\n<p>Questo sale viene spesso macinato in <strong>polvere fine<\/strong> da utilizzare direttamente nelle preparazioni culinarie, pur essendo disponibile anche in cristalli pi\u00f9 grandi adatti ai mulini. Il <strong>fleur de sel<\/strong> ottenuto dal salgemma \u00e8 particolarmente ricercato per la sua consistenza croccante e l'aroma sottile, perfetto per esaltare piatti delicati.<\/p>\n<ul>\n<li><strong>Miscele salate<\/strong><\/li>\n<\/ul>\n<p>Il salgemma si trova anche in varie <strong>miscele salate<\/strong>, Viene combinato con erbe, spezie e altri aromi per creare condimenti complessi e aromatici. Queste miscele aggiungono un tocco distintivo e arricchiscono le esperienze culinarie.<\/p>\n<ul>\n<li><strong>Applicazioni industriali<\/strong><\/li>\n<\/ul>\n<p>Oltre che in cucina, questo sale naturale svolge un ruolo fondamentale in numerosi settori industriali.<\/p>\n<h3><strong>Trattamento stradale e antighiaccio<\/strong><\/h3>\n<p>Durante i mesi invernali, il salgemma viene utilizzato per il <strong>sghiacciamento delle strade<\/strong>. La sua capacit\u00e0 di sciogliere ghiaccio e neve contribuisce a mantenere le strade sicure e percorribili. I sali utilizzati per questa applicazione sono spesso grezzi, per garantire la massima efficacia contro le basse temperature.<\/p>\n<ul>\n<li><strong>Industria chimica : <\/strong>Nell'industria chimica, il salgemma viene utilizzato come materia prima per la produzione di diversi composti, come ad esempio <strong style=\"color: #555555;\">soda caustica<\/strong><span style=\"color: #555555;\"> e il <\/span><strong style=\"color: #555555;\">cloro<\/strong><span style=\"color: #555555;\">. La sua elevata purezza garantisce l'efficienza dei processi chimici necessari per produrre queste sostanze essenziali.<\/span><\/li>\n<\/ul>\n<ul>\n<li><strong>Mangimi per animali : <\/strong>Viene utilizzato anche come <strong style=\"color: #555555;\">mangimi minerali per il bestiame<\/strong><span style=\"color: #555555;\">. Arricchito con gli oligoelementi necessari, il salgemma contribuisce alla salute e al benessere degli animali da allevamento.<\/span><\/li>\n<\/ul>\n<h3><strong>Propriet\u00e0 terapeutiche e benessere<\/strong><\/h3>\n<p>Al di fuori del settore industriale e culinario. Questo sale ha propriet\u00e0 riconosciute in termini di benessere e cura della persona.<\/p>\n<ul>\n<li><strong>Bagni di sale : <\/strong>Il <strong style=\"color: #555555;\">bagni kanwa<\/strong><span style=\"color: #555555;\">\u00a0sono rinomati per i loro effetti disintossicanti e rivitalizzanti. Disciolte in acqua, aiutano a purificare la pelle e a lenire vari disturbi muscolari e articolari.<\/span><\/li>\n<\/ul>\n<ul>\n<li><strong>Prodotti per la cura : <\/strong>Molti prodotti esfolianti utilizzano questi cristalli per le loro delicate qualit\u00e0 abrasive che aiutano a rimuovere le cellule morte, lasciando la pelle fresca e rigenerata.<\/li>\n<\/ul>","protected":false},"excerpt":{"rendered":"<p>Il sale gemma, noto anche come potassa o KANWA nell'Africa occidentale e chiamato sale vivo in Marocco, \u00e8 un elemento essenziale che si trova nelle profondit\u00e0 delle rocce. Utilizzato da secoli per diverse applicazioni, questo tipo di sale offre una variet\u00e0 di usi sia culinari che industriali. Esploriamo insieme le [...]","protected":false},"featured_media":14675,"template":"","meta":[],"product_brand":[],"product_cat":[41],"product_tag":[],"class_list":{"0":"post-14674","1":"product","2":"type-product","3":"status-publish","4":"has-post-thumbnail","6":"product_cat-produits-naturels-divers","8":"first","9":"instock","10":"shipping-taxable","11":"purchasable","12":"product-type-variable"},"yoast_head":"<!-- This site is optimized with the Yoast SEO plugin v26.6 - https:\/\/yoast.com\/wordpress\/plugins\/seo\/ -->\n<title>Sel de gemme (Kanwa) | Achat en France | Bienfaits nombreux<\/title>\n<meta name=\"description\" content=\"Explorons ensemble les particularit\u00e9s, les origines et les nombreuses applications du sel de gemme. Achat rapide en France.\" \/>\n<meta name=\"robots\" content=\"index, follow, max-snippet:-1, max-image-preview:large, max-video-preview:-1\" \/>\n<link rel=\"canonical\" href=\"https:\/\/www.safinel.fr\/it\/prodotto\/sale-gemmato-di-kanwa\/\" \/>\n<meta property=\"og:locale\" content=\"it_IT\" \/>\n<meta property=\"og:type\" content=\"article\" \/>\n<meta property=\"og:title\" content=\"Sel de gemme (Kanwa) | Achat en France | Bienfaits nombreux\" \/>\n<meta property=\"og:description\" content=\"Explorons ensemble les particularit\u00e9s, les origines et les nombreuses applications du sel de gemme. Achat rapide en France.\" \/>\n<meta property=\"og:url\" content=\"https:\/\/www.safinel.fr\/it\/prodotto\/sale-gemmato-di-kanwa\/\" \/>\n<meta property=\"og:site_name\" content=\"Safinel\" \/>\n<meta property=\"article:modified_time\" content=\"2026-02-12T20:05:32+00:00\" \/>\n<meta property=\"og:image\" content=\"https:\/\/www.safinel.fr\/wp-content\/uploads\/2024\/08\/sel-de-gemme.jpg\" \/>\n\t<meta property=\"og:image:width\" content=\"600\" \/>\n\t<meta property=\"og:image:height\" content=\"600\" \/>\n\t<meta property=\"og:image:type\" content=\"image\/jpeg\" \/>\n<meta name=\"twitter:card\" content=\"summary_large_image\" \/>\n<meta name=\"twitter:label1\" content=\"Tempo di lettura stimato\" \/>\n\t<meta name=\"twitter:data1\" content=\"3 minuti\" \/>\n<script type=\"application\/ld+json\" class=\"yoast-schema-graph\">{\"@context\":\"https:\/\/schema.org\",\"@graph\":[{\"@type\":\"WebPage\",\"@id\":\"https:\/\/www.safinel.fr\/produit\/sel-de-gemme-kanwa\/\",\"url\":\"https:\/\/www.safinel.fr\/produit\/sel-de-gemme-kanwa\/\",\"name\":\"Sel de gemme (Kanwa) | Achat en France | Bienfaits nombreux\",\"isPartOf\":{\"@id\":\"https:\/\/www.safinel.fr\/#website\"},\"primaryImageOfPage\":{\"@id\":\"https:\/\/www.safinel.fr\/produit\/sel-de-gemme-kanwa\/#primaryimage\"},\"image\":{\"@id\":\"https:\/\/www.safinel.fr\/produit\/sel-de-gemme-kanwa\/#primaryimage\"},\"thumbnailUrl\":\"https:\/\/www.safinel.fr\/wp-content\/uploads\/2024\/08\/sel-de-gemme.jpg\",\"datePublished\":\"2024-08-11T10:41:52+00:00\",\"dateModified\":\"2026-02-12T20:05:32+00:00\",\"description\":\"Explorons ensemble les particularit\u00e9s, les origines et les nombreuses applications du sel de gemme. Achat rapide en France.\",\"breadcrumb\":{\"@id\":\"https:\/\/www.safinel.fr\/produit\/sel-de-gemme-kanwa\/#breadcrumb\"},\"inLanguage\":\"it-IT\",\"potentialAction\":[{\"@type\":\"ReadAction\",\"target\":[\"https:\/\/www.safinel.fr\/produit\/sel-de-gemme-kanwa\/\"]}]},{\"@type\":\"ImageObject\",\"inLanguage\":\"it-IT\",\"@id\":\"https:\/\/www.safinel.fr\/produit\/sel-de-gemme-kanwa\/#primaryimage\",\"url\":\"https:\/\/www.safinel.fr\/wp-content\/uploads\/2024\/08\/sel-de-gemme.jpg\",\"contentUrl\":\"https:\/\/www.safinel.fr\/wp-content\/uploads\/2024\/08\/sel-de-gemme.jpg\",\"width\":600,\"height\":600,\"caption\":\"Sel de gemme (Kanwa)\"},{\"@type\":\"BreadcrumbList\",\"@id\":\"https:\/\/www.safinel.fr\/produit\/sel-de-gemme-kanwa\/#breadcrumb\",\"itemListElement\":[{\"@type\":\"ListItem\",\"position\":1,\"name\":\"Accueil\",\"item\":\"https:\/\/www.safinel.fr\/\"},{\"@type\":\"ListItem\",\"position\":2,\"name\":\"Boutique\",\"item\":\"https:\/\/www.safinel.fr\/boutique\/\"},{\"@type\":\"ListItem\",\"position\":3,\"name\":\"Sel de gemme (Kanwa)\"}]},{\"@type\":\"WebSite\",\"@id\":\"https:\/\/www.safinel.fr\/#website\",\"url\":\"https:\/\/www.safinel.fr\/\",\"name\":\"Safinel\",\"description\":\"\",\"publisher\":{\"@id\":\"https:\/\/www.safinel.fr\/#organization\"},\"potentialAction\":[{\"@type\":\"SearchAction\",\"target\":{\"@type\":\"EntryPoint\",\"urlTemplate\":\"https:\/\/www.safinel.fr\/?s={search_term_string}\"},\"query-input\":{\"@type\":\"PropertyValueSpecification\",\"valueRequired\":true,\"valueName\":\"search_term_string\"}}],\"inLanguage\":\"it-IT\"},{\"@type\":\"Organization\",\"@id\":\"https:\/\/www.safinel.fr\/#organization\",\"name\":\"Safinel\",\"url\":\"https:\/\/www.safinel.fr\/\",\"logo\":{\"@type\":\"ImageObject\",\"inLanguage\":\"it-IT\",\"@id\":\"https:\/\/www.safinel.fr\/#\/schema\/logo\/image\/\",\"url\":\"https:\/\/www.safinel.fr\/wp-content\/uploads\/2021\/05\/boutique-cosmetique.png\",\"contentUrl\":\"https:\/\/www.safinel.fr\/wp-content\/uploads\/2021\/05\/boutique-cosmetique.png\",\"width\":800,\"height\":200,\"caption\":\"Safinel\"},\"image\":{\"@id\":\"https:\/\/www.safinel.fr\/#\/schema\/logo\/image\/\"}}]}<\/script>\n<!-- \/ Yoast SEO plugin. -->","yoast_head_json":{"title":"Salgemma (Kanwa) | Acquistabile in Francia | Numerosi benefici","description":"Esploriamo le caratteristiche, le origini e le numerose applicazioni del salgemma. Acquisto rapido in Francia.","robots":{"index":"index","follow":"follow","max-snippet":"max-snippet:-1","max-image-preview":"max-image-preview:large","max-video-preview":"max-video-preview:-1"},"canonical":"https:\/\/www.safinel.fr\/it\/prodotto\/sale-gemmato-di-kanwa\/","og_locale":"it_IT","og_type":"article","og_title":"Sel de gemme (Kanwa) | Achat en France | Bienfaits nombreux","og_description":"Explorons ensemble les particularit\u00e9s, les origines et les nombreuses applications du sel de gemme. Achat rapide en France.","og_url":"https:\/\/www.safinel.fr\/it\/prodotto\/sale-gemmato-di-kanwa\/","og_site_name":"Safinel","article_modified_time":"2026-02-12T20:05:32+00:00","og_image":[{"width":600,"height":600,"url":"https:\/\/www.safinel.fr\/wp-content\/uploads\/2024\/08\/sel-de-gemme.jpg","type":"image\/jpeg"}],"twitter_card":"summary_large_image","twitter_misc":{"Tempo di lettura stimato":"3 minuti"},"schema":{"@context":"https:\/\/schema.org","@graph":[{"@type":"WebPage","@id":"https:\/\/www.safinel.fr\/produit\/sel-de-gemme-kanwa\/","url":"https:\/\/www.safinel.fr\/produit\/sel-de-gemme-kanwa\/","name":"Salgemma (Kanwa) | Acquistabile in Francia | Numerosi benefici","isPartOf":{"@id":"https:\/\/www.safinel.fr\/#website"},"primaryImageOfPage":{"@id":"https:\/\/www.safinel.fr\/produit\/sel-de-gemme-kanwa\/#primaryimage"},"image":{"@id":"https:\/\/www.safinel.fr\/produit\/sel-de-gemme-kanwa\/#primaryimage"},"thumbnailUrl":"https:\/\/www.safinel.fr\/wp-content\/uploads\/2024\/08\/sel-de-gemme.jpg","datePublished":"2024-08-11T10:41:52+00:00","dateModified":"2026-02-12T20:05:32+00:00","description":"Esploriamo le caratteristiche, le origini e le numerose applicazioni del salgemma. Acquisto rapido in Francia.","breadcrumb":{"@id":"https:\/\/www.safinel.fr\/produit\/sel-de-gemme-kanwa\/#breadcrumb"},"inLanguage":"it-IT","potentialAction":[{"@type":"ReadAction","target":["https:\/\/www.safinel.fr\/produit\/sel-de-gemme-kanwa\/"]}]},{"@type":"ImageObject","inLanguage":"it-IT","@id":"https:\/\/www.safinel.fr\/produit\/sel-de-gemme-kanwa\/#primaryimage","url":"https:\/\/www.safinel.fr\/wp-content\/uploads\/2024\/08\/sel-de-gemme.jpg","contentUrl":"https:\/\/www.safinel.fr\/wp-content\/uploads\/2024\/08\/sel-de-gemme.jpg","width":600,"height":600,"caption":"Sel de gemme (Kanwa)"},{"@type":"BreadcrumbList","@id":"https:\/\/www.safinel.fr\/produit\/sel-de-gemme-kanwa\/#breadcrumb","itemListElement":[{"@type":"ListItem","position":1,"name":"Accueil","item":"https:\/\/www.safinel.fr\/"},{"@type":"ListItem","position":2,"name":"Boutique","item":"https:\/\/www.safinel.fr\/boutique\/"},{"@type":"ListItem","position":3,"name":"Sel de gemme (Kanwa)"}]},{"@type":"WebSite","@id":"https:\/\/www.safinel.fr\/#website","url":"https:\/\/www.safinel.fr\/","name":"Safinel","description":"","publisher":{"@id":"https:\/\/www.safinel.fr\/#organization"},"potentialAction":[{"@type":"SearchAction","target":{"@type":"EntryPoint","urlTemplate":"https:\/\/www.safinel.fr\/?s={search_term_string}"},"query-input":{"@type":"PropertyValueSpecification","valueRequired":true,"valueName":"search_term_string"}}],"inLanguage":"it-IT"},{"@type":"Organization","@id":"https:\/\/www.safinel.fr\/#organization","name":"Safinel","url":"https:\/\/www.safinel.fr\/","logo":{"@type":"ImageObject","inLanguage":"it-IT","@id":"https:\/\/www.safinel.fr\/#\/schema\/logo\/image\/","url":"https:\/\/www.safinel.fr\/wp-content\/uploads\/2021\/05\/boutique-cosmetique.png","contentUrl":"https:\/\/www.safinel.fr\/wp-content\/uploads\/2021\/05\/boutique-cosmetique.png","width":800,"height":200,"caption":"Safinel"},"image":{"@id":"https:\/\/www.safinel.fr\/#\/schema\/logo\/image\/"}}]}},"_links":{"self":[{"href":"https:\/\/www.safinel.fr\/it\/wp-json\/wp\/v2\/product\/14674","targetHints":{"allow":["GET"]}}],"collection":[{"href":"https:\/\/www.safinel.fr\/it\/wp-json\/wp\/v2\/product"}],"about":[{"href":"https:\/\/www.safinel.fr\/it\/wp-json\/wp\/v2\/types\/product"}],"wp:featuredmedia":[{"embeddable":true,"href":"https:\/\/www.safinel.fr\/it\/wp-json\/wp\/v2\/media\/14675"}],"wp:attachment":[{"href":"https:\/\/www.safinel.fr\/it\/wp-json\/wp\/v2\/media?parent=14674"}],"wp:term":[{"taxonomy":"product_brand","embeddable":true,"href":"https:\/\/www.safinel.fr\/it\/wp-json\/wp\/v2\/product_brand?post=14674"},{"taxonomy":"product_cat","embeddable":true,"href":"https:\/\/www.safinel.fr\/it\/wp-json\/wp\/v2\/product_cat?post=14674"},{"taxonomy":"product_tag","embeddable":true,"href":"https:\/\/www.safinel.fr\/it\/wp-json\/wp\/v2\/product_tag?post=14674"}],"curies":[{"name":"wp","href":"https:\/\/api.w.org\/{rel}","templated":true}]}}