{"id":1457,"date":"2022-06-12T05:33:58","date_gmt":"2022-06-12T05:33:58","guid":{"rendered":"https:\/\/www.safinel.fr\/?post_type=product&#038;p=1457"},"modified":"2023-12-28T17:15:18","modified_gmt":"2023-12-28T17:15:18","slug":"foglia-di-mango","status":"publish","type":"product","link":"https:\/\/www.safinel.fr\/it\/prodotto\/foglia-di-mango\/","title":{"rendered":"Foglie di mango"},"content":{"rendered":"<p>Il<strong>\u00a0foglie di mango<\/strong>\u00a0non sono cos\u00ec popolari come i loro frutti. Tuttavia, hanno propriet\u00e0 che aiutano a migliorare la salute. Scopriamone di pi\u00f9.<\/p>\n<h2><strong>Focus sulle foglie di mango\u00a0<\/strong><\/h2>\n<p>Concentrano composti vegetali con attivit\u00e0 farmacologica. In particolare, si ritiene che abbiano un'attivit\u00e0 antiossidante, antinfiammatoria, antibatterica e antitumorale.<\/p>\n<p>Esistono circa 69 specie di mangifera, la pi\u00f9 nota delle quali \u00e8 la Mangifera indica. Se in\u00a0<strong>questa pianta,\u00a0<\/strong>Si possono gustare il fusto, la corteccia, le radici e persino i frutti, e sono soprattutto le foglie ad avere i pi\u00f9 potenti effetti terapeutici. Esaminiamo quindi i benefici di cui sopra.<\/p>\n<h2><strong>I sorprendenti benefici delle foglie di mango<\/strong><\/h2>\n<p>Molte persone non conoscono i benefici delle foglie di mango. Eppure, sebbene questo frutto sia ben noto per il suo sapore e la sua versatilit\u00e0, pochi sanno che anche le foglie sono commestibili e nutrienti.<\/p>\n<p>Le foglie di mango sono :<\/p>\n<ul>\n<li><strong>Concentrati di composti vegetali salutari:<\/strong><\/li>\n<\/ul>\n<p>I benefici di questi prodotti derivano dalla loro elevata concentrazione di composti vegetali. Per essere pi\u00f9 precisi, contengono polifenoli e terpeni, noti per la loro capacit\u00e0 di proteggere dagli effetti negativi dei radicali liberi.<\/p>\n<ul>\n<li>Hanno un\u00a0<strong>attivit\u00e0 antinfiammatoria :<\/strong><\/li>\n<\/ul>\n<p>Una delle propriet\u00e0 pi\u00f9 note delle foglie di mango \u00e8 quella antinfiammatoria.<\/p>\n<ul>\n<li><strong>Aiutano a perdere peso:<\/strong><\/li>\n<\/ul>\n<p>Inserite in una dieta sana e varia, queste foglie possono aiutare a raggiungere un peso sano ed equilibrato.<\/p>\n<ul>\n<li>Allo stesso modo,\u00a0<strong>contribuiscono al trattamento del diabete:<\/strong><\/li>\n<\/ul>\n<p>Grazie alla sua capacit\u00e0 di migliorare il metabolismo dei grassi, questa pianta ha anche un effetto favorevole sul controllo dei livelli di glucosio nel sangue.<\/p>\n<ul>\n<li><strong>Inoltre, favoriscono la salute della pelle:<\/strong><\/li>\n<\/ul>\n<p>I benefici di queste foglie si estendono anche alla pelle. E questo grazie alla loro elevata concentrazione di antiossidanti.<\/p>\n<ul>\n<li>E infine..,\u00a0<strong>promuovono la salute dei capelli:<\/strong><\/li>\n<\/ul>\n<p>Le foglie e le loro propriet\u00e0 antiossidanti possono aiutare a combattere il deterioramento dei capelli. Infatti, aiutano a prevenire l'eccessiva caduta dei capelli e a promuoverne una crescita sana.<\/p>\n<p>Tutte queste foglie sono ricche di benefici! Offriamo anche\u00a0<a href=\"https:\/\/www.safinel.fr\/it\/prodotto\/foglia-di-deucalipto\/\"><strong>foglie di eucalipto<\/strong><\/a>, Anche le foglie contengono numerosi benefici.<\/p>\n<h2><strong>Come si mangiano le foglie di mango?\u00a0<\/strong><\/h2>\n<p>Il<strong>\u00a0foglie di mango\u00a0<\/strong>sono commestibili e possono essere aggiunte alle ricette di insalate. Tuttavia, il modo pi\u00f9 noto di consumarli \u00e8 la preparazione di un infuso. Per farlo, \u00e8 sufficiente far bollire circa 12 foglie di mango in un litro d'acqua. Una volta bollite, lasciare riposare fino a quando non si pu\u00f2 bere l'infuso.<\/p>\n<p>Si trova anche sotto forma di polvere da diluire in acqua per il consumo orale o da applicare esternamente.<\/p>\n<p>Il consumo dipender\u00e0 dalle vostre esigenze e dai vostri desideri.<\/p>\n<h3><strong>Precauzioni<\/strong><\/h3>\n<p>Se si sta seguendo un trattamento, \u00e8 meglio chiedere il parere del medico.<\/p>\n<p>Allo stesso modo, come misura precauzionale\u00a0<strong>non raccomandato<\/strong>\u00a0Questo prodotto non deve essere utilizzato da bambini piccoli o da donne in gravidanza o in allattamento.<\/p>","protected":false},"excerpt":{"rendered":"<p>Les\u00a0feuilles de manguier\u00a0ne sont pas aussi populaires que leur fruit. Toutefois, elles ont des propri\u00e9t\u00e9s qui contribuent \u00e0 am\u00e9liorer la sant\u00e9. De ce fait, partons \u00e0 leur d\u00e9couverte. Zoom sur les feuilles de manguier\u00a0 Ces derni\u00e8res concentrent des compos\u00e9s v\u00e9g\u00e9taux qui ont une activit\u00e9 pharmacologique. Plus pr\u00e9cis\u00e9ment, on leur attribue une activit\u00e9 antioxydante, anti-inflammatoire, antibact\u00e9rienne [&#8230;]","protected":false},"featured_media":1458,"template":"","meta":[],"product_brand":[],"product_cat":[27],"product_tag":[],"class_list":{"0":"post-1457","1":"product","2":"type-product","3":"status-publish","4":"has-post-thumbnail","6":"product_cat-plantes-medicinales","8":"first","9":"instock","10":"shipping-taxable","11":"purchasable","12":"product-type-variable","13":"has-default-attributes"},"yoast_head":"<!-- This site is optimized with the Yoast SEO plugin v26.6 - https:\/\/yoast.com\/wordpress\/plugins\/seo\/ -->\n<title>Feuilles de manguier I Produits naturels aux bienfaits nombreux<\/title>\n<meta name=\"description\" content=\"Les\u00a0feuilles de manguier\u00a0ne sont pas aussi populaires que leur fruit. Elles ont des propri\u00e9t\u00e9s qui contribuent \u00e0 am\u00e9liorer la sant\u00e9.\" \/>\n<meta name=\"robots\" content=\"index, follow, max-snippet:-1, max-image-preview:large, max-video-preview:-1\" \/>\n<link rel=\"canonical\" href=\"https:\/\/www.safinel.fr\/it\/prodotto\/foglia-di-mango\/\" \/>\n<meta property=\"og:locale\" content=\"it_IT\" \/>\n<meta property=\"og:type\" content=\"article\" \/>\n<meta property=\"og:title\" content=\"Feuilles de manguier I Produits naturels aux bienfaits nombreux\" \/>\n<meta property=\"og:description\" content=\"Les\u00a0feuilles de manguier\u00a0ne sont pas aussi populaires que leur fruit. Elles ont des propri\u00e9t\u00e9s qui contribuent \u00e0 am\u00e9liorer la sant\u00e9.\" \/>\n<meta property=\"og:url\" content=\"https:\/\/www.safinel.fr\/it\/prodotto\/foglia-di-mango\/\" \/>\n<meta property=\"og:site_name\" content=\"Safinel\" \/>\n<meta property=\"article:modified_time\" content=\"2023-12-28T17:15:18+00:00\" \/>\n<meta property=\"og:image\" content=\"https:\/\/www.safinel.fr\/wp-content\/uploads\/2022\/06\/feuilles-de-manguier.jpg\" \/>\n\t<meta property=\"og:image:width\" content=\"600\" \/>\n\t<meta property=\"og:image:height\" content=\"600\" \/>\n\t<meta property=\"og:image:type\" content=\"image\/jpeg\" \/>\n<meta name=\"twitter:card\" content=\"summary_large_image\" \/>\n<meta name=\"twitter:label1\" content=\"Tempo di lettura stimato\" \/>\n\t<meta name=\"twitter:data1\" content=\"3 minuti\" \/>\n<script type=\"application\/ld+json\" class=\"yoast-schema-graph\">{\"@context\":\"https:\/\/schema.org\",\"@graph\":[{\"@type\":\"WebPage\",\"@id\":\"https:\/\/www.safinel.fr\/produit\/feuille-de-manguier\/\",\"url\":\"https:\/\/www.safinel.fr\/produit\/feuille-de-manguier\/\",\"name\":\"Feuilles de manguier I Produits naturels aux bienfaits nombreux\",\"isPartOf\":{\"@id\":\"https:\/\/www.safinel.fr\/#website\"},\"primaryImageOfPage\":{\"@id\":\"https:\/\/www.safinel.fr\/produit\/feuille-de-manguier\/#primaryimage\"},\"image\":{\"@id\":\"https:\/\/www.safinel.fr\/produit\/feuille-de-manguier\/#primaryimage\"},\"thumbnailUrl\":\"https:\/\/www.safinel.fr\/wp-content\/uploads\/2022\/06\/feuilles-de-manguier.jpg\",\"datePublished\":\"2022-06-12T05:33:58+00:00\",\"dateModified\":\"2023-12-28T17:15:18+00:00\",\"description\":\"Les\u00a0feuilles de manguier\u00a0ne sont pas aussi populaires que leur fruit. Elles ont des propri\u00e9t\u00e9s qui contribuent \u00e0 am\u00e9liorer la sant\u00e9.\",\"breadcrumb\":{\"@id\":\"https:\/\/www.safinel.fr\/produit\/feuille-de-manguier\/#breadcrumb\"},\"inLanguage\":\"it-IT\",\"potentialAction\":[{\"@type\":\"ReadAction\",\"target\":[\"https:\/\/www.safinel.fr\/produit\/feuille-de-manguier\/\"]}]},{\"@type\":\"ImageObject\",\"inLanguage\":\"it-IT\",\"@id\":\"https:\/\/www.safinel.fr\/produit\/feuille-de-manguier\/#primaryimage\",\"url\":\"https:\/\/www.safinel.fr\/wp-content\/uploads\/2022\/06\/feuilles-de-manguier.jpg\",\"contentUrl\":\"https:\/\/www.safinel.fr\/wp-content\/uploads\/2022\/06\/feuilles-de-manguier.jpg\",\"width\":600,\"height\":600,\"caption\":\"Feuille de manguier\"},{\"@type\":\"BreadcrumbList\",\"@id\":\"https:\/\/www.safinel.fr\/produit\/feuille-de-manguier\/#breadcrumb\",\"itemListElement\":[{\"@type\":\"ListItem\",\"position\":1,\"name\":\"Accueil\",\"item\":\"https:\/\/www.safinel.fr\/\"},{\"@type\":\"ListItem\",\"position\":2,\"name\":\"Boutique\",\"item\":\"https:\/\/www.safinel.fr\/boutique\/\"},{\"@type\":\"ListItem\",\"position\":3,\"name\":\"Feuilles de manguier\"}]},{\"@type\":\"WebSite\",\"@id\":\"https:\/\/www.safinel.fr\/#website\",\"url\":\"https:\/\/www.safinel.fr\/\",\"name\":\"Safinel\",\"description\":\"\",\"publisher\":{\"@id\":\"https:\/\/www.safinel.fr\/#organization\"},\"potentialAction\":[{\"@type\":\"SearchAction\",\"target\":{\"@type\":\"EntryPoint\",\"urlTemplate\":\"https:\/\/www.safinel.fr\/?s={search_term_string}\"},\"query-input\":{\"@type\":\"PropertyValueSpecification\",\"valueRequired\":true,\"valueName\":\"search_term_string\"}}],\"inLanguage\":\"it-IT\"},{\"@type\":\"Organization\",\"@id\":\"https:\/\/www.safinel.fr\/#organization\",\"name\":\"Safinel\",\"url\":\"https:\/\/www.safinel.fr\/\",\"logo\":{\"@type\":\"ImageObject\",\"inLanguage\":\"it-IT\",\"@id\":\"https:\/\/www.safinel.fr\/#\/schema\/logo\/image\/\",\"url\":\"https:\/\/www.safinel.fr\/wp-content\/uploads\/2021\/05\/boutique-cosmetique.png\",\"contentUrl\":\"https:\/\/www.safinel.fr\/wp-content\/uploads\/2021\/05\/boutique-cosmetique.png\",\"width\":800,\"height\":200,\"caption\":\"Safinel\"},\"image\":{\"@id\":\"https:\/\/www.safinel.fr\/#\/schema\/logo\/image\/\"}}]}<\/script>\n<!-- \/ Yoast SEO plugin. -->","yoast_head_json":{"title":"Foglie di mango I Prodotti naturali con numerosi benefici","description":"Le foglie di mango non sono cos\u00ec popolari come il frutto. Hanno propriet\u00e0 che aiutano a migliorare la salute.","robots":{"index":"index","follow":"follow","max-snippet":"max-snippet:-1","max-image-preview":"max-image-preview:large","max-video-preview":"max-video-preview:-1"},"canonical":"https:\/\/www.safinel.fr\/it\/prodotto\/foglia-di-mango\/","og_locale":"it_IT","og_type":"article","og_title":"Feuilles de manguier I Produits naturels aux bienfaits nombreux","og_description":"Les\u00a0feuilles de manguier\u00a0ne sont pas aussi populaires que leur fruit. Elles ont des propri\u00e9t\u00e9s qui contribuent \u00e0 am\u00e9liorer la sant\u00e9.","og_url":"https:\/\/www.safinel.fr\/it\/prodotto\/foglia-di-mango\/","og_site_name":"Safinel","article_modified_time":"2023-12-28T17:15:18+00:00","og_image":[{"width":600,"height":600,"url":"https:\/\/www.safinel.fr\/wp-content\/uploads\/2022\/06\/feuilles-de-manguier.jpg","type":"image\/jpeg"}],"twitter_card":"summary_large_image","twitter_misc":{"Tempo di lettura stimato":"3 minuti"},"schema":{"@context":"https:\/\/schema.org","@graph":[{"@type":"WebPage","@id":"https:\/\/www.safinel.fr\/produit\/feuille-de-manguier\/","url":"https:\/\/www.safinel.fr\/produit\/feuille-de-manguier\/","name":"Foglie di mango I Prodotti naturali con numerosi benefici","isPartOf":{"@id":"https:\/\/www.safinel.fr\/#website"},"primaryImageOfPage":{"@id":"https:\/\/www.safinel.fr\/produit\/feuille-de-manguier\/#primaryimage"},"image":{"@id":"https:\/\/www.safinel.fr\/produit\/feuille-de-manguier\/#primaryimage"},"thumbnailUrl":"https:\/\/www.safinel.fr\/wp-content\/uploads\/2022\/06\/feuilles-de-manguier.jpg","datePublished":"2022-06-12T05:33:58+00:00","dateModified":"2023-12-28T17:15:18+00:00","description":"Le foglie di mango non sono cos\u00ec popolari come il frutto. Hanno propriet\u00e0 che aiutano a migliorare la salute.","breadcrumb":{"@id":"https:\/\/www.safinel.fr\/produit\/feuille-de-manguier\/#breadcrumb"},"inLanguage":"it-IT","potentialAction":[{"@type":"ReadAction","target":["https:\/\/www.safinel.fr\/produit\/feuille-de-manguier\/"]}]},{"@type":"ImageObject","inLanguage":"it-IT","@id":"https:\/\/www.safinel.fr\/produit\/feuille-de-manguier\/#primaryimage","url":"https:\/\/www.safinel.fr\/wp-content\/uploads\/2022\/06\/feuilles-de-manguier.jpg","contentUrl":"https:\/\/www.safinel.fr\/wp-content\/uploads\/2022\/06\/feuilles-de-manguier.jpg","width":600,"height":600,"caption":"Feuille de manguier"},{"@type":"BreadcrumbList","@id":"https:\/\/www.safinel.fr\/produit\/feuille-de-manguier\/#breadcrumb","itemListElement":[{"@type":"ListItem","position":1,"name":"Accueil","item":"https:\/\/www.safinel.fr\/"},{"@type":"ListItem","position":2,"name":"Boutique","item":"https:\/\/www.safinel.fr\/boutique\/"},{"@type":"ListItem","position":3,"name":"Feuilles de manguier"}]},{"@type":"WebSite","@id":"https:\/\/www.safinel.fr\/#website","url":"https:\/\/www.safinel.fr\/","name":"Safinel","description":"","publisher":{"@id":"https:\/\/www.safinel.fr\/#organization"},"potentialAction":[{"@type":"SearchAction","target":{"@type":"EntryPoint","urlTemplate":"https:\/\/www.safinel.fr\/?s={search_term_string}"},"query-input":{"@type":"PropertyValueSpecification","valueRequired":true,"valueName":"search_term_string"}}],"inLanguage":"it-IT"},{"@type":"Organization","@id":"https:\/\/www.safinel.fr\/#organization","name":"Safinel","url":"https:\/\/www.safinel.fr\/","logo":{"@type":"ImageObject","inLanguage":"it-IT","@id":"https:\/\/www.safinel.fr\/#\/schema\/logo\/image\/","url":"https:\/\/www.safinel.fr\/wp-content\/uploads\/2021\/05\/boutique-cosmetique.png","contentUrl":"https:\/\/www.safinel.fr\/wp-content\/uploads\/2021\/05\/boutique-cosmetique.png","width":800,"height":200,"caption":"Safinel"},"image":{"@id":"https:\/\/www.safinel.fr\/#\/schema\/logo\/image\/"}}]}},"_links":{"self":[{"href":"https:\/\/www.safinel.fr\/it\/wp-json\/wp\/v2\/product\/1457","targetHints":{"allow":["GET"]}}],"collection":[{"href":"https:\/\/www.safinel.fr\/it\/wp-json\/wp\/v2\/product"}],"about":[{"href":"https:\/\/www.safinel.fr\/it\/wp-json\/wp\/v2\/types\/product"}],"wp:featuredmedia":[{"embeddable":true,"href":"https:\/\/www.safinel.fr\/it\/wp-json\/wp\/v2\/media\/1458"}],"wp:attachment":[{"href":"https:\/\/www.safinel.fr\/it\/wp-json\/wp\/v2\/media?parent=1457"}],"wp:term":[{"taxonomy":"product_brand","embeddable":true,"href":"https:\/\/www.safinel.fr\/it\/wp-json\/wp\/v2\/product_brand?post=1457"},{"taxonomy":"product_cat","embeddable":true,"href":"https:\/\/www.safinel.fr\/it\/wp-json\/wp\/v2\/product_cat?post=1457"},{"taxonomy":"product_tag","embeddable":true,"href":"https:\/\/www.safinel.fr\/it\/wp-json\/wp\/v2\/product_tag?post=1457"}],"curies":[{"name":"wp","href":"https:\/\/api.w.org\/{rel}","templated":true}]}}