{"id":1440,"date":"2022-04-09T14:31:20","date_gmt":"2022-04-09T14:31:20","guid":{"rendered":"https:\/\/www.safinel.fr\/?post_type=product&#038;p=1440"},"modified":"2023-12-28T17:15:18","modified_gmt":"2023-12-28T17:15:18","slug":"caramelle-alla-liquirizia","status":"publish","type":"product","link":"https:\/\/www.safinel.fr\/it\/prodotto\/caramelle-alla-liquirizia\/","title":{"rendered":"Caramelle alla liquirizia"},"content":{"rendered":"<p>Nello zaino, matite colorate, un sacchetto di biglie, un cartone di latte e dolciumi di ogni tipo. Preparatevi a un viaggio senza precedenti... \u00c8 finalmente arrivato il momento di tornare per un po' all'infanzia e di parlare del celebre <strong>caramelle alla liquirizia<\/strong> !<\/p>\n<h2><strong>Bonbon r<\/strong><strong>eglisse <\/strong><strong>ritorno al passato...\u00a0<\/strong><\/h2>\n<p>Avete allacciato bene le scarpe? Tenetevi forte perch\u00e9 la gita sta per iniziare. L'ordine del giorno prevede dolci alla liquirizia e altre leccornie: \u00e8 il momento di ricordare!<\/p>\n<p>In effetti, un tempo questo dolce molto ambito era una prelibatezza per eccellenza. Si presentava in diverse forme, una pi\u00f9 buona dell'altra!<\/p>\n<ul>\n<li><strong>Caramelle dure da succhiare<\/strong> che i nonni conservavano con cura in una scatola per darli come premio.<\/li>\n<li>Piccolo panino in <strong>marzapane<\/strong> rivelando quel famoso tocco di liquirizia<\/li>\n<li>I pi\u00f9 noti sono gli insostituibili<strong> rotoli di liquirizia <\/strong>!<\/li>\n<\/ul>\n<p>Tanta scelta, per un gusto unico e fantastico. \u00c8 stato abbinato a un'ampia gamma di sapori, per deliziare anche i buongustai pi\u00f9 esigenti.<\/p>\n<h2><strong>bonbon reglisse : Descrizione, emozione sensazione!<\/strong><\/h2>\n<p>I ricordi sono talvolta legati a sensazioni, emozioni o momenti specifici che hanno segnato la memoria.<strong> Dolci<\/strong> hanno quel rapporto rassicurante che i bambini amano... ma non solo i bambini!<\/p>\n<p>Proprio cos\u00ec, <strong>dolci<\/strong> sono noti per essere<strong> un rilassante<\/strong>, Spesso somministrati ai bambini per calmare le crisi epilettiche, sono apprezzati anche dai bambini pi\u00f9 grandi quando sono ansiosi o stanno vivendo un evento difficile.<\/p>\n<p>La <strong>la dolcezza di una delizia<\/strong> per il piacere del palato. La liquirizia \u00e8 il suo <a href=\"https:\/\/www.safinel.fr\/it\/prodotto\/te-alla-liquirizia\/\"><strong>aroma di anice<\/strong><\/a> \u00e8 uno dei dolci pi\u00f9 golosi. Per le vecchie generazioni o per i consumatori di oggi, questo dolce \u00e8 semplicemente intramontabile!<\/p>\n<h2><strong>Bonbon reglisse: un dolce che sta tornando di moda<\/strong><\/h2>\n<p>Questo dolce leggendario, molto popolare negli anni '80, sta tornando in auge! Ancora nelle sue forme pi\u00f9 conosciute, sa come sedurre. Lentamente ma inesorabilmente, si sta facendo strada tra i preferiti dei bambini, per la gioia dei loro genitori!<\/p>\n<p>Visita <strong>scatola di famiglia<\/strong>, o <strong>sacchetto individuale<\/strong>, La liquirizia \u00e8 un dolce senza tempo! Molti dolci hanno visto la loro fine, ma questo bastoncino ha deciso di reagire.<\/p>\n<p>Se siete tra le persone che amano i dolci, soprattutto quelli alla liquirizia, siete nel posto giusto!<\/p>\n<h3><strong>Qual \u00e8 il vostro dolce alla liquirizia preferito?<\/strong><\/h3>\n<p>Siamo curiosi di sapere che cosa <strong>caramelle nere<\/strong> con il vostro aroma di anice preferito. Twist o sandwich di pasta di zucchero? Caramelle da succhiare o un po' di dolcezza, l'importante \u00e8 che il vostro piacere sia sentito!<\/p>\n<p>Detto questo, senza rovinare la festa, \u00e8 altrettanto importante ricordare che un eccesso di zuccheri \u00e8 sconsigliato. E privilegiare frutta e verdura fa bene all'organismo!<\/p>\n<p>E non dimenticate di lavarvi i denti 2 o 3 volte al giorno per mantenerli sani.<\/p>","protected":false},"excerpt":{"rendered":"<p><strong>Caratteristiche :<\/strong><\/p>\n<p>Vegano, senza lattosio, senza sostanze animali.<\/p>","protected":false},"featured_media":1444,"template":"","meta":[],"product_brand":[],"product_cat":[28],"product_tag":[],"class_list":{"0":"post-1440","1":"product","2":"type-product","3":"status-publish","4":"has-post-thumbnail","6":"product_cat-divers","8":"first","9":"outofstock","10":"shipping-taxable","11":"purchasable","12":"product-type-variable"},"yoast_head":"<!-- This site is optimized with the Yoast SEO plugin v26.6 - https:\/\/yoast.com\/wordpress\/plugins\/seo\/ -->\n<title>Bonbon reglisse | V\u00e9gan sans lactose et sans substance animal<\/title>\n<meta name=\"description\" content=\"Il est enfin venu le temps de retourner en enfance pour un court instant et de parler du fameux bonbon reglisse.\" \/>\n<meta name=\"robots\" content=\"index, follow, max-snippet:-1, max-image-preview:large, max-video-preview:-1\" \/>\n<link rel=\"canonical\" href=\"https:\/\/www.safinel.fr\/it\/prodotto\/caramelle-alla-liquirizia\/\" \/>\n<meta property=\"og:locale\" content=\"it_IT\" \/>\n<meta property=\"og:type\" content=\"article\" \/>\n<meta property=\"og:title\" content=\"Bonbon reglisse | V\u00e9gan sans lactose et sans substance animal\" \/>\n<meta property=\"og:description\" content=\"Il est enfin venu le temps de retourner en enfance pour un court instant et de parler du fameux bonbon reglisse.\" \/>\n<meta property=\"og:url\" content=\"https:\/\/www.safinel.fr\/it\/prodotto\/caramelle-alla-liquirizia\/\" \/>\n<meta property=\"og:site_name\" content=\"Safinel\" \/>\n<meta property=\"article:modified_time\" content=\"2023-12-28T17:15:18+00:00\" \/>\n<meta property=\"og:image\" content=\"https:\/\/www.safinel.fr\/wp-content\/uploads\/2022\/06\/bonbon-reglisse-vrac.jpg\" \/>\n\t<meta property=\"og:image:width\" content=\"600\" \/>\n\t<meta property=\"og:image:height\" content=\"600\" \/>\n\t<meta property=\"og:image:type\" content=\"image\/jpeg\" \/>\n<meta name=\"twitter:card\" content=\"summary_large_image\" \/>\n<meta name=\"twitter:label1\" content=\"Tempo di lettura stimato\" \/>\n\t<meta name=\"twitter:data1\" content=\"3 minuti\" \/>\n<script type=\"application\/ld+json\" class=\"yoast-schema-graph\">{\"@context\":\"https:\/\/schema.org\",\"@graph\":[{\"@type\":\"WebPage\",\"@id\":\"https:\/\/www.safinel.fr\/produit\/bonbon-reglisse\/\",\"url\":\"https:\/\/www.safinel.fr\/produit\/bonbon-reglisse\/\",\"name\":\"Bonbon reglisse | V\u00e9gan sans lactose et sans substance animal\",\"isPartOf\":{\"@id\":\"https:\/\/www.safinel.fr\/#website\"},\"primaryImageOfPage\":{\"@id\":\"https:\/\/www.safinel.fr\/produit\/bonbon-reglisse\/#primaryimage\"},\"image\":{\"@id\":\"https:\/\/www.safinel.fr\/produit\/bonbon-reglisse\/#primaryimage\"},\"thumbnailUrl\":\"https:\/\/www.safinel.fr\/wp-content\/uploads\/2022\/06\/bonbon-reglisse-vrac.jpg\",\"datePublished\":\"2022-04-09T14:31:20+00:00\",\"dateModified\":\"2023-12-28T17:15:18+00:00\",\"description\":\"Il est enfin venu le temps de retourner en enfance pour un court instant et de parler du fameux bonbon reglisse.\",\"breadcrumb\":{\"@id\":\"https:\/\/www.safinel.fr\/produit\/bonbon-reglisse\/#breadcrumb\"},\"inLanguage\":\"it-IT\",\"potentialAction\":[{\"@type\":\"ReadAction\",\"target\":[\"https:\/\/www.safinel.fr\/produit\/bonbon-reglisse\/\"]}]},{\"@type\":\"ImageObject\",\"inLanguage\":\"it-IT\",\"@id\":\"https:\/\/www.safinel.fr\/produit\/bonbon-reglisse\/#primaryimage\",\"url\":\"https:\/\/www.safinel.fr\/wp-content\/uploads\/2022\/06\/bonbon-reglisse-vrac.jpg\",\"contentUrl\":\"https:\/\/www.safinel.fr\/wp-content\/uploads\/2022\/06\/bonbon-reglisse-vrac.jpg\",\"width\":600,\"height\":600,\"caption\":\"Bonbon reglisse\"},{\"@type\":\"BreadcrumbList\",\"@id\":\"https:\/\/www.safinel.fr\/produit\/bonbon-reglisse\/#breadcrumb\",\"itemListElement\":[{\"@type\":\"ListItem\",\"position\":1,\"name\":\"Accueil\",\"item\":\"https:\/\/www.safinel.fr\/\"},{\"@type\":\"ListItem\",\"position\":2,\"name\":\"Boutique\",\"item\":\"https:\/\/www.safinel.fr\/boutique\/\"},{\"@type\":\"ListItem\",\"position\":3,\"name\":\"Bonbon reglisse\"}]},{\"@type\":\"WebSite\",\"@id\":\"https:\/\/www.safinel.fr\/#website\",\"url\":\"https:\/\/www.safinel.fr\/\",\"name\":\"Safinel\",\"description\":\"\",\"publisher\":{\"@id\":\"https:\/\/www.safinel.fr\/#organization\"},\"potentialAction\":[{\"@type\":\"SearchAction\",\"target\":{\"@type\":\"EntryPoint\",\"urlTemplate\":\"https:\/\/www.safinel.fr\/?s={search_term_string}\"},\"query-input\":{\"@type\":\"PropertyValueSpecification\",\"valueRequired\":true,\"valueName\":\"search_term_string\"}}],\"inLanguage\":\"it-IT\"},{\"@type\":\"Organization\",\"@id\":\"https:\/\/www.safinel.fr\/#organization\",\"name\":\"Safinel\",\"url\":\"https:\/\/www.safinel.fr\/\",\"logo\":{\"@type\":\"ImageObject\",\"inLanguage\":\"it-IT\",\"@id\":\"https:\/\/www.safinel.fr\/#\/schema\/logo\/image\/\",\"url\":\"https:\/\/www.safinel.fr\/wp-content\/uploads\/2021\/05\/boutique-cosmetique.png\",\"contentUrl\":\"https:\/\/www.safinel.fr\/wp-content\/uploads\/2021\/05\/boutique-cosmetique.png\",\"width\":800,\"height\":200,\"caption\":\"Safinel\"},\"image\":{\"@id\":\"https:\/\/www.safinel.fr\/#\/schema\/logo\/image\/\"}}]}<\/script>\n<!-- \/ Yoast SEO plugin. -->","yoast_head_json":{"title":"Bonbon reglisse | Vegan, senza lattosio e senza sostanze animali","description":"\u00c8 finalmente giunto il momento di tornare per un attimo all'infanzia e parlare del famoso bonbon reglisse.","robots":{"index":"index","follow":"follow","max-snippet":"max-snippet:-1","max-image-preview":"max-image-preview:large","max-video-preview":"max-video-preview:-1"},"canonical":"https:\/\/www.safinel.fr\/it\/prodotto\/caramelle-alla-liquirizia\/","og_locale":"it_IT","og_type":"article","og_title":"Bonbon reglisse | V\u00e9gan sans lactose et sans substance animal","og_description":"Il est enfin venu le temps de retourner en enfance pour un court instant et de parler du fameux bonbon reglisse.","og_url":"https:\/\/www.safinel.fr\/it\/prodotto\/caramelle-alla-liquirizia\/","og_site_name":"Safinel","article_modified_time":"2023-12-28T17:15:18+00:00","og_image":[{"width":600,"height":600,"url":"https:\/\/www.safinel.fr\/wp-content\/uploads\/2022\/06\/bonbon-reglisse-vrac.jpg","type":"image\/jpeg"}],"twitter_card":"summary_large_image","twitter_misc":{"Tempo di lettura stimato":"3 minuti"},"schema":{"@context":"https:\/\/schema.org","@graph":[{"@type":"WebPage","@id":"https:\/\/www.safinel.fr\/produit\/bonbon-reglisse\/","url":"https:\/\/www.safinel.fr\/produit\/bonbon-reglisse\/","name":"Bonbon reglisse | Vegan, senza lattosio e senza sostanze animali","isPartOf":{"@id":"https:\/\/www.safinel.fr\/#website"},"primaryImageOfPage":{"@id":"https:\/\/www.safinel.fr\/produit\/bonbon-reglisse\/#primaryimage"},"image":{"@id":"https:\/\/www.safinel.fr\/produit\/bonbon-reglisse\/#primaryimage"},"thumbnailUrl":"https:\/\/www.safinel.fr\/wp-content\/uploads\/2022\/06\/bonbon-reglisse-vrac.jpg","datePublished":"2022-04-09T14:31:20+00:00","dateModified":"2023-12-28T17:15:18+00:00","description":"\u00c8 finalmente giunto il momento di tornare per un attimo all'infanzia e parlare del famoso bonbon reglisse.","breadcrumb":{"@id":"https:\/\/www.safinel.fr\/produit\/bonbon-reglisse\/#breadcrumb"},"inLanguage":"it-IT","potentialAction":[{"@type":"ReadAction","target":["https:\/\/www.safinel.fr\/produit\/bonbon-reglisse\/"]}]},{"@type":"ImageObject","inLanguage":"it-IT","@id":"https:\/\/www.safinel.fr\/produit\/bonbon-reglisse\/#primaryimage","url":"https:\/\/www.safinel.fr\/wp-content\/uploads\/2022\/06\/bonbon-reglisse-vrac.jpg","contentUrl":"https:\/\/www.safinel.fr\/wp-content\/uploads\/2022\/06\/bonbon-reglisse-vrac.jpg","width":600,"height":600,"caption":"Bonbon reglisse"},{"@type":"BreadcrumbList","@id":"https:\/\/www.safinel.fr\/produit\/bonbon-reglisse\/#breadcrumb","itemListElement":[{"@type":"ListItem","position":1,"name":"Accueil","item":"https:\/\/www.safinel.fr\/"},{"@type":"ListItem","position":2,"name":"Boutique","item":"https:\/\/www.safinel.fr\/boutique\/"},{"@type":"ListItem","position":3,"name":"Bonbon reglisse"}]},{"@type":"WebSite","@id":"https:\/\/www.safinel.fr\/#website","url":"https:\/\/www.safinel.fr\/","name":"Safinel","description":"","publisher":{"@id":"https:\/\/www.safinel.fr\/#organization"},"potentialAction":[{"@type":"SearchAction","target":{"@type":"EntryPoint","urlTemplate":"https:\/\/www.safinel.fr\/?s={search_term_string}"},"query-input":{"@type":"PropertyValueSpecification","valueRequired":true,"valueName":"search_term_string"}}],"inLanguage":"it-IT"},{"@type":"Organization","@id":"https:\/\/www.safinel.fr\/#organization","name":"Safinel","url":"https:\/\/www.safinel.fr\/","logo":{"@type":"ImageObject","inLanguage":"it-IT","@id":"https:\/\/www.safinel.fr\/#\/schema\/logo\/image\/","url":"https:\/\/www.safinel.fr\/wp-content\/uploads\/2021\/05\/boutique-cosmetique.png","contentUrl":"https:\/\/www.safinel.fr\/wp-content\/uploads\/2021\/05\/boutique-cosmetique.png","width":800,"height":200,"caption":"Safinel"},"image":{"@id":"https:\/\/www.safinel.fr\/#\/schema\/logo\/image\/"}}]}},"_links":{"self":[{"href":"https:\/\/www.safinel.fr\/it\/wp-json\/wp\/v2\/product\/1440","targetHints":{"allow":["GET"]}}],"collection":[{"href":"https:\/\/www.safinel.fr\/it\/wp-json\/wp\/v2\/product"}],"about":[{"href":"https:\/\/www.safinel.fr\/it\/wp-json\/wp\/v2\/types\/product"}],"wp:featuredmedia":[{"embeddable":true,"href":"https:\/\/www.safinel.fr\/it\/wp-json\/wp\/v2\/media\/1444"}],"wp:attachment":[{"href":"https:\/\/www.safinel.fr\/it\/wp-json\/wp\/v2\/media?parent=1440"}],"wp:term":[{"taxonomy":"product_brand","embeddable":true,"href":"https:\/\/www.safinel.fr\/it\/wp-json\/wp\/v2\/product_brand?post=1440"},{"taxonomy":"product_cat","embeddable":true,"href":"https:\/\/www.safinel.fr\/it\/wp-json\/wp\/v2\/product_cat?post=1440"},{"taxonomy":"product_tag","embeddable":true,"href":"https:\/\/www.safinel.fr\/it\/wp-json\/wp\/v2\/product_tag?post=1440"}],"curies":[{"name":"wp","href":"https:\/\/api.w.org\/{rel}","templated":true}]}}