{"id":141,"date":"2021-06-18T12:25:58","date_gmt":"2021-06-18T12:25:58","guid":{"rendered":"https:\/\/www.safinel.fr\/?post_type=product&#038;p=141"},"modified":"2023-12-28T17:14:59","modified_gmt":"2023-12-28T17:14:59","slug":"pepe-nero-africano-lungo","status":"publish","type":"product","link":"https:\/\/www.safinel.fr\/it\/prodotto\/pepe-nero-africano-lungo\/","title":{"rendered":"Pepe nero lungo 100 g"},"content":{"rendered":"<p><b>Pepe nero lungo africano<\/b>, \u00e8 una storia di spezie che risale ai tempi antichi. Infatti, \u00e8 stata una delle prime spezie a essere commercializzata. Tanto che l'espressione \u00abpagare in contanti\u00bb deriva da \u00abpagare in spezie\u00bb.<\/p>\n<p>Ci sono peperoni verdi e peperoni acerbi. Quello di cui parleremo oggi \u00e8 un grande successo. Anche perch\u00e9 ha un aroma incredibile, ma non \u00e8 tutto...<span class=\"Apple-converted-space\">\u00a0<\/span><\/p>\n<p>Uno sguardo ravvicinato a questa pianta molto speciale. <span class=\"Apple-converted-space\">\u00a0<\/span><\/p>\n<h2><b>Pepe nero lungo africano: la storia di un frutto piccante<span class=\"Apple-converted-space\">\u00a0<\/span><\/b><\/h2>\n<p>Dalla liana <i>Piper Longum<\/i>, conosciuto anche come <b>Pepe di Giava<\/b>, o <b>lungo<\/b>. \u00c8 originaria dell'India e cresce spontaneamente sull'Himalaya.<span class=\"Apple-converted-space\">\u00a0<\/span><\/p>\n<p>Questo frutto \u00e8 simile a un'infruttescenza di pochi centimetri. Come il <b>pepe nero<\/b>, il nostro peperone a frutto lungo contiene <b>piperina<\/b>, un alcaloide che gli conferisce il suo aroma pungente.<span class=\"Apple-converted-space\">\u00a0<\/span><\/p>\n<p>Il Piper Longum \u00e8 stato il primo ad essere esportato in Europa! Da allora ha attraversato i secoli per arrivare nei nostri piatti. Proprio come il <a href=\"https:\/\/www.safinel.fr\/it\/prodotto\/grani-di-pepe-di-szechuan\/\"><b>Grani di pepe di Sichuan<\/b><\/a>, per questo motivo.<span class=\"Apple-converted-space\">\u00a0<\/span><\/p>\n<p>Il nostro negozio offre ora questa spezia nella sua forma grezza, in modo che possiate godere del meglio di questa variet\u00e0.<span class=\"Apple-converted-space\">\u00a0<\/span><\/p>\n<h2><b>Alcune caratteristiche del pepe lungo africano<\/b><\/h2>\n<p>Questo pepe raro e unico \u00e8 una vera delizia per le papille gustative. Infatti, i suoi aromi sono tali da far incontrare diversi gusti quando lo si assaggia.<\/p>\n<p>Inoltre, si tratta di un peperone dal carattere piuttosto piccante, che apporta tutta la sua potenza alle vostre ricette.<span class=\"Apple-converted-space\">\u00a0<\/span><\/p>\n<p><b>Note di gusto :<\/b> Fin dal primo morso, rivela un calore e una sensualit\u00e0 molto piacevoli. \u00c8 al tempo stesso piccante e dolce, con <i>sapori di cioccolato, anice, liquirizia e cannella.<\/i>.<span class=\"Apple-converted-space\">\u00a0<\/span><\/p>\n<p><b>Caratteristica speciale:<\/b> \u00c8 uno dei pochi peperoni in grado di resistere al calore prolungato. <span class=\"Apple-converted-space\">\u00a0<\/span><\/p>\n<h2><b>Il pepe a frutto lungo e i suoi benefici inaspettati<span class=\"Apple-converted-space\">\u00a0<\/span><\/b><\/h2>\n<p>Il pepe di Giava ha molti benefici per la salute, quindi \u00e8 un altro buon motivo per mangiarlo regolarmente!<span class=\"Apple-converted-space\">\u00a0<\/span><\/p>\n<ul>\n<li>\u00c8 un vasodilatatore naturale ed \u00e8 quindi utile nel trattamento dell'ipertensione; ;<span class=\"Apple-converted-space\">\u00a0<\/span><\/li>\n<li>Aiuta a combattere la tosse; ;<span class=\"Apple-converted-space\">\u00a0<\/span><\/li>\n<li>Questo pepe a frutto lungo ha propriet\u00e0 vermifughe; ;<span class=\"Apple-converted-space\">\u00a0<\/span><\/li>\n<li>Viene tradizionalmente utilizzata per trattare l'asma bronchiale e la debolezza muscolare; ;<span class=\"Apple-converted-space\">\u00a0<\/span><\/li>\n<li>Le donne lo usano per i suoi benefici afrodisiaci; ;<span class=\"Apple-converted-space\">\u00a0<\/span><\/li>\n<li>Un recente studio dimostra i suoi benefici antivirali contro il SARS-CoV-2, il virus COVID-19.<span class=\"Apple-converted-space\">\u00a0<\/span><\/li>\n<\/ul>\n<h3><b>Come utilizzare il pepe a frutto lungo in cucina<span class=\"Apple-converted-space\">\u00a0<\/span><\/b><\/h3>\n<p>Il pepe a frutto lungo \u00e8 l'ideale se cercate un po' di freschezza nella vostra cucina quotidiana. Si abbina magnificamente a piatti salati e dolci.<span class=\"Apple-converted-space\">\u00a0<\/span><\/p>\n<p>Esistono diversi modi per utilizzare questo frutto dall'aspetto secco:<span class=\"Apple-converted-space\">\u00a0<\/span><\/p>\n<ul>\n<li>Grattugiare; ;<span class=\"Apple-converted-space\">\u00a0<\/span><\/li>\n<li>Schiacciatelo in un mortaio per ottenere una polvere grossolana, e finite con un macinino da caff\u00e8 per una polvere pi\u00f9 fine e uniforme; ;<span class=\"Apple-converted-space\">\u00a0<\/span><\/li>\n<li>In alternativa, \u00e8 possibile utilizzare direttamente una pannocchia, rompendola in 3 pezzi. Questa tecnica \u00e8 pi\u00f9 adatta alla cottura al forno, ad esempio.<span class=\"Apple-converted-space\">\u00a0<\/span><\/li>\n<\/ul>\n<p>Tradizionalmente, questa spezia viene utilizzata per<i> Condire ossobuco, zuppe e brodi.<\/i> Tuttavia, se usato con parsimonia sui dessert, \u00e8 un vero e proprio richiamo visivo, che aggiunge un tocco unico e molto piacevole!<span class=\"Apple-converted-space\">\u00a0<\/span><\/p>\n<p><i>In quale ricetta utilizzerete il vostro pepe di Giava?<span class=\"Apple-converted-space\">\u00a0<\/span><\/i><\/p>","protected":false},"excerpt":{"rendered":"<p>Il pepe nero lungo africano \u00e8 una storia di spezie che risale a tempi antichi. Infatti, \u00e8 stata una delle prime spezie a essere commercializzata. Tanto che l'espressione \u00abpagare in contanti\u00bb deriva da \u00abpagare in spezie\u00bb. Esistono peperoni verdi e peperoni acerbi. Quello di cui parleremo oggi \u00e8 [...]","protected":false},"featured_media":142,"template":"","meta":[],"product_brand":[],"product_cat":[44,169,27],"product_tag":[],"class_list":{"0":"post-141","1":"product","2":"type-product","3":"status-publish","4":"has-post-thumbnail","6":"product_cat-epices","7":"product_cat-epices-du-monde","8":"product_cat-plantes-medicinales","10":"first","11":"instock","12":"shipping-taxable","13":"purchasable","14":"product-type-simple"},"yoast_head":"<!-- This site is optimized with the Yoast SEO plugin v26.6 - https:\/\/yoast.com\/wordpress\/plugins\/seo\/ -->\n<title>Poivre long africain noir 100% naturel | Fruit aux bienfaits nombreux<\/title>\n<meta name=\"description\" content=\"Le poivre long noir africain, c\u2019est une histoire \u00e9pic\u00e9e qui a d\u00e9but\u00e9 d\u00e8s l\u2019Antiquit\u00e9. D\u00e9couvrez-le sans plus attendre chez Safinel.fr\" \/>\n<meta name=\"robots\" content=\"index, follow, max-snippet:-1, max-image-preview:large, max-video-preview:-1\" \/>\n<link rel=\"canonical\" href=\"https:\/\/www.safinel.fr\/it\/prodotto\/pepe-nero-africano-lungo\/\" \/>\n<meta property=\"og:locale\" content=\"it_IT\" \/>\n<meta property=\"og:type\" content=\"article\" \/>\n<meta property=\"og:title\" content=\"Poivre long africain noir 100% naturel | Fruit aux bienfaits nombreux\" \/>\n<meta property=\"og:description\" content=\"Le poivre long noir africain, c\u2019est une histoire \u00e9pic\u00e9e qui a d\u00e9but\u00e9 d\u00e8s l\u2019Antiquit\u00e9. D\u00e9couvrez-le sans plus attendre chez Safinel.fr\" \/>\n<meta property=\"og:url\" content=\"https:\/\/www.safinel.fr\/it\/prodotto\/pepe-nero-africano-lungo\/\" \/>\n<meta property=\"og:site_name\" content=\"Safinel\" \/>\n<meta property=\"article:modified_time\" content=\"2023-12-28T17:14:59+00:00\" \/>\n<meta property=\"og:image\" content=\"https:\/\/www.safinel.fr\/wp-content\/uploads\/2021\/06\/poivre-long-africain-noir.jpg\" \/>\n\t<meta property=\"og:image:width\" content=\"600\" \/>\n\t<meta property=\"og:image:height\" content=\"600\" \/>\n\t<meta property=\"og:image:type\" content=\"image\/jpeg\" \/>\n<meta name=\"twitter:card\" content=\"summary_large_image\" \/>\n<meta name=\"twitter:label1\" content=\"Tempo di lettura stimato\" \/>\n\t<meta name=\"twitter:data1\" content=\"3 minuti\" \/>\n<script type=\"application\/ld+json\" class=\"yoast-schema-graph\">{\"@context\":\"https:\/\/schema.org\",\"@graph\":[{\"@type\":\"WebPage\",\"@id\":\"https:\/\/www.safinel.fr\/produit\/poivre-long-africain-noir\/\",\"url\":\"https:\/\/www.safinel.fr\/produit\/poivre-long-africain-noir\/\",\"name\":\"Poivre long africain noir 100% naturel | Fruit aux bienfaits nombreux\",\"isPartOf\":{\"@id\":\"https:\/\/www.safinel.fr\/#website\"},\"primaryImageOfPage\":{\"@id\":\"https:\/\/www.safinel.fr\/produit\/poivre-long-africain-noir\/#primaryimage\"},\"image\":{\"@id\":\"https:\/\/www.safinel.fr\/produit\/poivre-long-africain-noir\/#primaryimage\"},\"thumbnailUrl\":\"https:\/\/www.safinel.fr\/wp-content\/uploads\/2021\/06\/poivre-long-africain-noir.jpg\",\"datePublished\":\"2021-06-18T12:25:58+00:00\",\"dateModified\":\"2023-12-28T17:14:59+00:00\",\"description\":\"Le poivre long noir africain, c\u2019est une histoire \u00e9pic\u00e9e qui a d\u00e9but\u00e9 d\u00e8s l\u2019Antiquit\u00e9. D\u00e9couvrez-le sans plus attendre chez Safinel.fr\",\"breadcrumb\":{\"@id\":\"https:\/\/www.safinel.fr\/produit\/poivre-long-africain-noir\/#breadcrumb\"},\"inLanguage\":\"it-IT\",\"potentialAction\":[{\"@type\":\"ReadAction\",\"target\":[\"https:\/\/www.safinel.fr\/produit\/poivre-long-africain-noir\/\"]}]},{\"@type\":\"ImageObject\",\"inLanguage\":\"it-IT\",\"@id\":\"https:\/\/www.safinel.fr\/produit\/poivre-long-africain-noir\/#primaryimage\",\"url\":\"https:\/\/www.safinel.fr\/wp-content\/uploads\/2021\/06\/poivre-long-africain-noir.jpg\",\"contentUrl\":\"https:\/\/www.safinel.fr\/wp-content\/uploads\/2021\/06\/poivre-long-africain-noir.jpg\",\"width\":600,\"height\":600,\"caption\":\"Poivre long noir 100g\"},{\"@type\":\"BreadcrumbList\",\"@id\":\"https:\/\/www.safinel.fr\/produit\/poivre-long-africain-noir\/#breadcrumb\",\"itemListElement\":[{\"@type\":\"ListItem\",\"position\":1,\"name\":\"Accueil\",\"item\":\"https:\/\/www.safinel.fr\/\"},{\"@type\":\"ListItem\",\"position\":2,\"name\":\"Boutique\",\"item\":\"https:\/\/www.safinel.fr\/boutique\/\"},{\"@type\":\"ListItem\",\"position\":3,\"name\":\"Poivre long noir 100g\"}]},{\"@type\":\"WebSite\",\"@id\":\"https:\/\/www.safinel.fr\/#website\",\"url\":\"https:\/\/www.safinel.fr\/\",\"name\":\"Safinel\",\"description\":\"\",\"publisher\":{\"@id\":\"https:\/\/www.safinel.fr\/#organization\"},\"potentialAction\":[{\"@type\":\"SearchAction\",\"target\":{\"@type\":\"EntryPoint\",\"urlTemplate\":\"https:\/\/www.safinel.fr\/?s={search_term_string}\"},\"query-input\":{\"@type\":\"PropertyValueSpecification\",\"valueRequired\":true,\"valueName\":\"search_term_string\"}}],\"inLanguage\":\"it-IT\"},{\"@type\":\"Organization\",\"@id\":\"https:\/\/www.safinel.fr\/#organization\",\"name\":\"Safinel\",\"url\":\"https:\/\/www.safinel.fr\/\",\"logo\":{\"@type\":\"ImageObject\",\"inLanguage\":\"it-IT\",\"@id\":\"https:\/\/www.safinel.fr\/#\/schema\/logo\/image\/\",\"url\":\"https:\/\/www.safinel.fr\/wp-content\/uploads\/2021\/05\/boutique-cosmetique.png\",\"contentUrl\":\"https:\/\/www.safinel.fr\/wp-content\/uploads\/2021\/05\/boutique-cosmetique.png\",\"width\":800,\"height\":200,\"caption\":\"Safinel\"},\"image\":{\"@id\":\"https:\/\/www.safinel.fr\/#\/schema\/logo\/image\/\"}}]}<\/script>\n<!-- \/ Yoast SEO plugin. -->","yoast_head_json":{"title":"Pepe nero lungo africano 100% naturale | Frutto dai molti benefici","description":"Il pepe nero lungo africano \u00e8 una storia piccante che risale ai tempi antichi. Scopritela ora su Safinel.it","robots":{"index":"index","follow":"follow","max-snippet":"max-snippet:-1","max-image-preview":"max-image-preview:large","max-video-preview":"max-video-preview:-1"},"canonical":"https:\/\/www.safinel.fr\/it\/prodotto\/pepe-nero-africano-lungo\/","og_locale":"it_IT","og_type":"article","og_title":"Poivre long africain noir 100% naturel | Fruit aux bienfaits nombreux","og_description":"Le poivre long noir africain, c\u2019est une histoire \u00e9pic\u00e9e qui a d\u00e9but\u00e9 d\u00e8s l\u2019Antiquit\u00e9. D\u00e9couvrez-le sans plus attendre chez Safinel.fr","og_url":"https:\/\/www.safinel.fr\/it\/prodotto\/pepe-nero-africano-lungo\/","og_site_name":"Safinel","article_modified_time":"2023-12-28T17:14:59+00:00","og_image":[{"width":600,"height":600,"url":"https:\/\/www.safinel.fr\/wp-content\/uploads\/2021\/06\/poivre-long-africain-noir.jpg","type":"image\/jpeg"}],"twitter_card":"summary_large_image","twitter_misc":{"Tempo di lettura stimato":"3 minuti"},"schema":{"@context":"https:\/\/schema.org","@graph":[{"@type":"WebPage","@id":"https:\/\/www.safinel.fr\/produit\/poivre-long-africain-noir\/","url":"https:\/\/www.safinel.fr\/produit\/poivre-long-africain-noir\/","name":"Pepe nero lungo africano 100% naturale | Frutto dai molti benefici","isPartOf":{"@id":"https:\/\/www.safinel.fr\/#website"},"primaryImageOfPage":{"@id":"https:\/\/www.safinel.fr\/produit\/poivre-long-africain-noir\/#primaryimage"},"image":{"@id":"https:\/\/www.safinel.fr\/produit\/poivre-long-africain-noir\/#primaryimage"},"thumbnailUrl":"https:\/\/www.safinel.fr\/wp-content\/uploads\/2021\/06\/poivre-long-africain-noir.jpg","datePublished":"2021-06-18T12:25:58+00:00","dateModified":"2023-12-28T17:14:59+00:00","description":"Il pepe nero lungo africano \u00e8 una storia piccante che risale ai tempi antichi. Scopritela ora su Safinel.it","breadcrumb":{"@id":"https:\/\/www.safinel.fr\/produit\/poivre-long-africain-noir\/#breadcrumb"},"inLanguage":"it-IT","potentialAction":[{"@type":"ReadAction","target":["https:\/\/www.safinel.fr\/produit\/poivre-long-africain-noir\/"]}]},{"@type":"ImageObject","inLanguage":"it-IT","@id":"https:\/\/www.safinel.fr\/produit\/poivre-long-africain-noir\/#primaryimage","url":"https:\/\/www.safinel.fr\/wp-content\/uploads\/2021\/06\/poivre-long-africain-noir.jpg","contentUrl":"https:\/\/www.safinel.fr\/wp-content\/uploads\/2021\/06\/poivre-long-africain-noir.jpg","width":600,"height":600,"caption":"Poivre long noir 100g"},{"@type":"BreadcrumbList","@id":"https:\/\/www.safinel.fr\/produit\/poivre-long-africain-noir\/#breadcrumb","itemListElement":[{"@type":"ListItem","position":1,"name":"Accueil","item":"https:\/\/www.safinel.fr\/"},{"@type":"ListItem","position":2,"name":"Boutique","item":"https:\/\/www.safinel.fr\/boutique\/"},{"@type":"ListItem","position":3,"name":"Poivre long noir 100g"}]},{"@type":"WebSite","@id":"https:\/\/www.safinel.fr\/#website","url":"https:\/\/www.safinel.fr\/","name":"Safinel","description":"","publisher":{"@id":"https:\/\/www.safinel.fr\/#organization"},"potentialAction":[{"@type":"SearchAction","target":{"@type":"EntryPoint","urlTemplate":"https:\/\/www.safinel.fr\/?s={search_term_string}"},"query-input":{"@type":"PropertyValueSpecification","valueRequired":true,"valueName":"search_term_string"}}],"inLanguage":"it-IT"},{"@type":"Organization","@id":"https:\/\/www.safinel.fr\/#organization","name":"Safinel","url":"https:\/\/www.safinel.fr\/","logo":{"@type":"ImageObject","inLanguage":"it-IT","@id":"https:\/\/www.safinel.fr\/#\/schema\/logo\/image\/","url":"https:\/\/www.safinel.fr\/wp-content\/uploads\/2021\/05\/boutique-cosmetique.png","contentUrl":"https:\/\/www.safinel.fr\/wp-content\/uploads\/2021\/05\/boutique-cosmetique.png","width":800,"height":200,"caption":"Safinel"},"image":{"@id":"https:\/\/www.safinel.fr\/#\/schema\/logo\/image\/"}}]}},"_links":{"self":[{"href":"https:\/\/www.safinel.fr\/it\/wp-json\/wp\/v2\/product\/141","targetHints":{"allow":["GET"]}}],"collection":[{"href":"https:\/\/www.safinel.fr\/it\/wp-json\/wp\/v2\/product"}],"about":[{"href":"https:\/\/www.safinel.fr\/it\/wp-json\/wp\/v2\/types\/product"}],"wp:featuredmedia":[{"embeddable":true,"href":"https:\/\/www.safinel.fr\/it\/wp-json\/wp\/v2\/media\/142"}],"wp:attachment":[{"href":"https:\/\/www.safinel.fr\/it\/wp-json\/wp\/v2\/media?parent=141"}],"wp:term":[{"taxonomy":"product_brand","embeddable":true,"href":"https:\/\/www.safinel.fr\/it\/wp-json\/wp\/v2\/product_brand?post=141"},{"taxonomy":"product_cat","embeddable":true,"href":"https:\/\/www.safinel.fr\/it\/wp-json\/wp\/v2\/product_cat?post=141"},{"taxonomy":"product_tag","embeddable":true,"href":"https:\/\/www.safinel.fr\/it\/wp-json\/wp\/v2\/product_tag?post=141"}],"curies":[{"name":"wp","href":"https:\/\/api.w.org\/{rel}","templated":true}]}}