{"id":140,"date":"2021-06-18T12:02:33","date_gmt":"2021-06-18T12:02:33","guid":{"rendered":"https:\/\/www.safinel.fr\/?post_type=product&#038;p=140"},"modified":"2023-12-28T17:14:59","modified_gmt":"2023-12-28T17:14:59","slug":"polvere-di-brahmi-per-capelli","status":"publish","type":"product","link":"https:\/\/www.safinel.fr\/it\/prodotto\/polvere-di-brahmi-per-capelli\/","title":{"rendered":"Brahmi in polvere 100 g"},"content":{"rendered":"<p>La polvere di Brahmi \u00e8 una polvere verde. Come molte piante, emana un profumo intenso. Un odore a volte terroso con leggere note amare che \u00e8 caratteristico delle piante utilizzate per i capelli. Per esempio <a href=\"https:\/\/www.aroma-zone.com\/tous-nos-produits\/extraits-naturels\/autres-extraits-naturels\/colorations-et-shampooings-vegetaux.html\" target=\"_blank\" rel=\"noopener\"><b>henn\u00e9<\/b><\/a> Il profumo pu\u00f2 essere forte, ma \u00e8 un piacere sentirlo.<span class=\"Apple-converted-space\">\u00a0<\/span><\/p>\n<h2><b>Origine della polvere di Brahmi<\/b><\/h2>\n<p>La Bacopa Monnieri cresce nel cuore dell'India umida e tropicale. \u00c8 una pianta acquatica che si trova idealmente nelle zone paludose del subcontinente indiano. Questa pianta produce graziosi fiori viola. Da questo arbusto si estrae la polvere di Brahmi.<\/p>\n<h2><b>L'ipossia: un rimedio miracoloso per il cervello<\/b><\/h2>\n<p>Conosciuta anche come \u00abacqua hypos\u00bb, la polvere di Brahmi viene bevuta come decotto. Si dice che aiuti la concentrazione e combatta i problemi di memoria. Gli scienziati la stanno studiando nel tentativo di trovare una cura per il morbo di Parkinson. \u00c8 anche efficace per combattere il morbo di Alzheimer.\u2019<a href=\"https:\/\/www.safinel.fr\/it\/prodotto\/geluli-di-unicorno-finti\/\"><strong>impotenza sessuale<\/strong><\/a> e il\u2019<strong>eiaculazione precoce<\/strong>.<span class=\"Apple-converted-space\">\u00a0<\/span><\/p>\n<p>Infine, sotto forma di decotto, la polvere di Brahmi offre reali benefici per lo stomaco. Ulcere, dolori addominali o stitichezza temporanea possono essere alleviati con iposodi d'acqua.<span class=\"Apple-converted-space\">\u00a0<\/span><\/p>\n<h2><b>Polvere di Brahmi: un eccezionale cosmetico per capelli<\/b><\/h2>\n<p>La nostra polvere di Brahmi \u00e8 rinomata per la sua azione tonificante e astringente sul cuoio capelluto. \u00c8 l'uso attualmente pi\u00f9 consigliato in Occidente. Utilizzata nel cuore dei prodotti per la cura dei capelli, allevia immediatamente il prurito ed elimina la forfora. Rivitalizza immediatamente il cuoio capelluto, donandogli volume, elasticit\u00e0 e morbidezza.<\/p>\n<p>Questo cosmetico naturale pu\u00f2 essere applicato a tutti i tipi di capelli. Si consiglia di utilizzarlo una volta alla settimana per favorire la manutenzione dei capelli.<span class=\"Apple-converted-space\">\u00a0<\/span><\/p>\n<h3><b>Caratteristiche speciali della polvere di Brahmi<\/b><\/h3>\n<p>La polvere di Brahmi \u00e8 indubbiamente un po' capricciosa. Per utilizzarla come cuore di una maschera per capelli, \u00e8 assolutamente necessario mescolarla con altre polveri cosmetiche. Perch\u00e9 non<span class=\"Apple-converted-space\">\u00a0 <\/span>\u00e8 sufficiente mescolarlo con l'argilla o con l'acqua. <a href=\"https:\/\/www.safinel.fr\/it\/prodotto\/shikakai-in-polvere\/\"><b>shikakai<\/b><\/a>. Questo \u00e8 necessario perch\u00e9 la polvere non si mescola bene con l'acqua quando viene applicata da sola.<span class=\"Apple-converted-space\">\u00a0<\/span><\/p>\n<p>In alternativa, per utilizzarlo in modo diverso, utilizzare una sostanza oleosa per incorporarlo. Ha anche la capacit\u00e0 di ridurre i rossori e le imperfezioni del viso. In questo campo \u00e8 riconosciuto il suo ruolo illuminante. In questo caso, evitare il contatto con gli occhi.<span class=\"Apple-converted-space\">\u00a0<\/span><\/p>\n<p>Ricca di saponine e flavonoidi, la polvere di brahmi fa miracoli contro gli effetti dell'invecchiamento. Sulla fibra capillare, ritarda la comparsa dei capelli bianchi. Pu\u00f2 essere utilizzata anche sulla pelle come scrub.<\/p>\n<p>Come tutte le polveri naturali, quindi, \u00e8 meglio utilizzarla nelle maschere fortificanti.<\/p>","protected":false},"excerpt":{"rendered":"<p>La polvere di Brahmi \u00e8 una polvere di colore verde. Come molte piante, emana un odore intenso. Un odore talvolta terroso con lievi note amare, caratteristico delle piante utilizzate per i capelli. Citiamo il caso dell'henn\u00e9, il cui profumo \u00e8 certamente pronunciato ma molto gradevole all'olfatto.  Origine [\u2026]","protected":false},"featured_media":148,"template":"","meta":[],"product_brand":[],"product_cat":[27,110],"product_tag":[],"class_list":{"0":"post-140","1":"product","2":"type-product","3":"status-publish","4":"has-post-thumbnail","6":"product_cat-plantes-medicinales","7":"product_cat-poudre-cheveux-ayurvedique","9":"first","10":"instock","11":"shipping-taxable","12":"purchasable","13":"product-type-simple"},"yoast_head":"<!-- This site is optimized with the Yoast SEO plugin v26.6 - https:\/\/yoast.com\/wordpress\/plugins\/seo\/ -->\n<title>Poudre de brahmi 100g | Bienfaits naturels pour vos cheveux<\/title>\n<meta name=\"description\" content=\"La poudre de Brahmi est une poudre de couleur verte. Elle d\u00e9gage une odeur intense comme beaucoup de v\u00e9g\u00e9taux. Adoptez-l\u00e0 !\" \/>\n<meta name=\"robots\" content=\"index, follow, max-snippet:-1, max-image-preview:large, max-video-preview:-1\" \/>\n<link rel=\"canonical\" href=\"https:\/\/www.safinel.fr\/it\/prodotto\/polvere-di-brahmi-per-capelli\/\" \/>\n<meta property=\"og:locale\" content=\"it_IT\" \/>\n<meta property=\"og:type\" content=\"article\" \/>\n<meta property=\"og:title\" content=\"Poudre de brahmi 100g | Bienfaits naturels pour vos cheveux\" \/>\n<meta property=\"og:description\" content=\"La poudre de Brahmi est une poudre de couleur verte. Elle d\u00e9gage une odeur intense comme beaucoup de v\u00e9g\u00e9taux. Adoptez-l\u00e0 !\" \/>\n<meta property=\"og:url\" content=\"https:\/\/www.safinel.fr\/it\/prodotto\/polvere-di-brahmi-per-capelli\/\" \/>\n<meta property=\"og:site_name\" content=\"Safinel\" \/>\n<meta property=\"article:modified_time\" content=\"2023-12-28T17:14:59+00:00\" \/>\n<meta property=\"og:image\" content=\"https:\/\/www.safinel.fr\/wp-content\/uploads\/2021\/06\/brahmi.jpeg\" \/>\n\t<meta property=\"og:image:width\" content=\"401\" \/>\n\t<meta property=\"og:image:height\" content=\"469\" \/>\n\t<meta property=\"og:image:type\" content=\"image\/jpeg\" \/>\n<meta name=\"twitter:card\" content=\"summary_large_image\" \/>\n<meta name=\"twitter:label1\" content=\"Tempo di lettura stimato\" \/>\n\t<meta name=\"twitter:data1\" content=\"3 minuti\" \/>\n<script type=\"application\/ld+json\" class=\"yoast-schema-graph\">{\"@context\":\"https:\/\/schema.org\",\"@graph\":[{\"@type\":\"WebPage\",\"@id\":\"https:\/\/www.safinel.fr\/produit\/poudre-de-brahmi-cheveux\/\",\"url\":\"https:\/\/www.safinel.fr\/produit\/poudre-de-brahmi-cheveux\/\",\"name\":\"Poudre de brahmi 100g | Bienfaits naturels pour vos cheveux\",\"isPartOf\":{\"@id\":\"https:\/\/www.safinel.fr\/#website\"},\"primaryImageOfPage\":{\"@id\":\"https:\/\/www.safinel.fr\/produit\/poudre-de-brahmi-cheveux\/#primaryimage\"},\"image\":{\"@id\":\"https:\/\/www.safinel.fr\/produit\/poudre-de-brahmi-cheveux\/#primaryimage\"},\"thumbnailUrl\":\"https:\/\/www.safinel.fr\/wp-content\/uploads\/2021\/06\/brahmi.jpeg\",\"datePublished\":\"2021-06-18T12:02:33+00:00\",\"dateModified\":\"2023-12-28T17:14:59+00:00\",\"description\":\"La poudre de Brahmi est une poudre de couleur verte. Elle d\u00e9gage une odeur intense comme beaucoup de v\u00e9g\u00e9taux. Adoptez-l\u00e0 !\",\"breadcrumb\":{\"@id\":\"https:\/\/www.safinel.fr\/produit\/poudre-de-brahmi-cheveux\/#breadcrumb\"},\"inLanguage\":\"it-IT\",\"potentialAction\":[{\"@type\":\"ReadAction\",\"target\":[\"https:\/\/www.safinel.fr\/produit\/poudre-de-brahmi-cheveux\/\"]}]},{\"@type\":\"ImageObject\",\"inLanguage\":\"it-IT\",\"@id\":\"https:\/\/www.safinel.fr\/produit\/poudre-de-brahmi-cheveux\/#primaryimage\",\"url\":\"https:\/\/www.safinel.fr\/wp-content\/uploads\/2021\/06\/brahmi.jpeg\",\"contentUrl\":\"https:\/\/www.safinel.fr\/wp-content\/uploads\/2021\/06\/brahmi.jpeg\",\"width\":401,\"height\":469,\"caption\":\"Poudre de Brahmi\"},{\"@type\":\"BreadcrumbList\",\"@id\":\"https:\/\/www.safinel.fr\/produit\/poudre-de-brahmi-cheveux\/#breadcrumb\",\"itemListElement\":[{\"@type\":\"ListItem\",\"position\":1,\"name\":\"Accueil\",\"item\":\"https:\/\/www.safinel.fr\/\"},{\"@type\":\"ListItem\",\"position\":2,\"name\":\"Boutique\",\"item\":\"https:\/\/www.safinel.fr\/boutique\/\"},{\"@type\":\"ListItem\",\"position\":3,\"name\":\"Poudre de Brahmi 100g\"}]},{\"@type\":\"WebSite\",\"@id\":\"https:\/\/www.safinel.fr\/#website\",\"url\":\"https:\/\/www.safinel.fr\/\",\"name\":\"Safinel\",\"description\":\"\",\"publisher\":{\"@id\":\"https:\/\/www.safinel.fr\/#organization\"},\"potentialAction\":[{\"@type\":\"SearchAction\",\"target\":{\"@type\":\"EntryPoint\",\"urlTemplate\":\"https:\/\/www.safinel.fr\/?s={search_term_string}\"},\"query-input\":{\"@type\":\"PropertyValueSpecification\",\"valueRequired\":true,\"valueName\":\"search_term_string\"}}],\"inLanguage\":\"it-IT\"},{\"@type\":\"Organization\",\"@id\":\"https:\/\/www.safinel.fr\/#organization\",\"name\":\"Safinel\",\"url\":\"https:\/\/www.safinel.fr\/\",\"logo\":{\"@type\":\"ImageObject\",\"inLanguage\":\"it-IT\",\"@id\":\"https:\/\/www.safinel.fr\/#\/schema\/logo\/image\/\",\"url\":\"https:\/\/www.safinel.fr\/wp-content\/uploads\/2021\/05\/boutique-cosmetique.png\",\"contentUrl\":\"https:\/\/www.safinel.fr\/wp-content\/uploads\/2021\/05\/boutique-cosmetique.png\",\"width\":800,\"height\":200,\"caption\":\"Safinel\"},\"image\":{\"@id\":\"https:\/\/www.safinel.fr\/#\/schema\/logo\/image\/\"}}]}<\/script>\n<!-- \/ Yoast SEO plugin. -->","yoast_head_json":{"title":"Polvere di Brahmi 100g | Benefici naturali per i capelli","description":"La polvere di Brahmi \u00e8 una polvere verde. Come molte piante, ha un profumo intenso. Fatelo vostro!","robots":{"index":"index","follow":"follow","max-snippet":"max-snippet:-1","max-image-preview":"max-image-preview:large","max-video-preview":"max-video-preview:-1"},"canonical":"https:\/\/www.safinel.fr\/it\/prodotto\/polvere-di-brahmi-per-capelli\/","og_locale":"it_IT","og_type":"article","og_title":"Poudre de brahmi 100g | Bienfaits naturels pour vos cheveux","og_description":"La poudre de Brahmi est une poudre de couleur verte. Elle d\u00e9gage une odeur intense comme beaucoup de v\u00e9g\u00e9taux. Adoptez-l\u00e0 !","og_url":"https:\/\/www.safinel.fr\/it\/prodotto\/polvere-di-brahmi-per-capelli\/","og_site_name":"Safinel","article_modified_time":"2023-12-28T17:14:59+00:00","og_image":[{"width":401,"height":469,"url":"https:\/\/www.safinel.fr\/wp-content\/uploads\/2021\/06\/brahmi.jpeg","type":"image\/jpeg"}],"twitter_card":"summary_large_image","twitter_misc":{"Tempo di lettura stimato":"3 minuti"},"schema":{"@context":"https:\/\/schema.org","@graph":[{"@type":"WebPage","@id":"https:\/\/www.safinel.fr\/produit\/poudre-de-brahmi-cheveux\/","url":"https:\/\/www.safinel.fr\/produit\/poudre-de-brahmi-cheveux\/","name":"Polvere di Brahmi 100g | Benefici naturali per i capelli","isPartOf":{"@id":"https:\/\/www.safinel.fr\/#website"},"primaryImageOfPage":{"@id":"https:\/\/www.safinel.fr\/produit\/poudre-de-brahmi-cheveux\/#primaryimage"},"image":{"@id":"https:\/\/www.safinel.fr\/produit\/poudre-de-brahmi-cheveux\/#primaryimage"},"thumbnailUrl":"https:\/\/www.safinel.fr\/wp-content\/uploads\/2021\/06\/brahmi.jpeg","datePublished":"2021-06-18T12:02:33+00:00","dateModified":"2023-12-28T17:14:59+00:00","description":"La polvere di Brahmi \u00e8 una polvere verde. Come molte piante, ha un profumo intenso. Fatelo vostro!","breadcrumb":{"@id":"https:\/\/www.safinel.fr\/produit\/poudre-de-brahmi-cheveux\/#breadcrumb"},"inLanguage":"it-IT","potentialAction":[{"@type":"ReadAction","target":["https:\/\/www.safinel.fr\/produit\/poudre-de-brahmi-cheveux\/"]}]},{"@type":"ImageObject","inLanguage":"it-IT","@id":"https:\/\/www.safinel.fr\/produit\/poudre-de-brahmi-cheveux\/#primaryimage","url":"https:\/\/www.safinel.fr\/wp-content\/uploads\/2021\/06\/brahmi.jpeg","contentUrl":"https:\/\/www.safinel.fr\/wp-content\/uploads\/2021\/06\/brahmi.jpeg","width":401,"height":469,"caption":"Poudre de Brahmi"},{"@type":"BreadcrumbList","@id":"https:\/\/www.safinel.fr\/produit\/poudre-de-brahmi-cheveux\/#breadcrumb","itemListElement":[{"@type":"ListItem","position":1,"name":"Accueil","item":"https:\/\/www.safinel.fr\/"},{"@type":"ListItem","position":2,"name":"Boutique","item":"https:\/\/www.safinel.fr\/boutique\/"},{"@type":"ListItem","position":3,"name":"Poudre de Brahmi 100g"}]},{"@type":"WebSite","@id":"https:\/\/www.safinel.fr\/#website","url":"https:\/\/www.safinel.fr\/","name":"Safinel","description":"","publisher":{"@id":"https:\/\/www.safinel.fr\/#organization"},"potentialAction":[{"@type":"SearchAction","target":{"@type":"EntryPoint","urlTemplate":"https:\/\/www.safinel.fr\/?s={search_term_string}"},"query-input":{"@type":"PropertyValueSpecification","valueRequired":true,"valueName":"search_term_string"}}],"inLanguage":"it-IT"},{"@type":"Organization","@id":"https:\/\/www.safinel.fr\/#organization","name":"Safinel","url":"https:\/\/www.safinel.fr\/","logo":{"@type":"ImageObject","inLanguage":"it-IT","@id":"https:\/\/www.safinel.fr\/#\/schema\/logo\/image\/","url":"https:\/\/www.safinel.fr\/wp-content\/uploads\/2021\/05\/boutique-cosmetique.png","contentUrl":"https:\/\/www.safinel.fr\/wp-content\/uploads\/2021\/05\/boutique-cosmetique.png","width":800,"height":200,"caption":"Safinel"},"image":{"@id":"https:\/\/www.safinel.fr\/#\/schema\/logo\/image\/"}}]}},"_links":{"self":[{"href":"https:\/\/www.safinel.fr\/it\/wp-json\/wp\/v2\/product\/140","targetHints":{"allow":["GET"]}}],"collection":[{"href":"https:\/\/www.safinel.fr\/it\/wp-json\/wp\/v2\/product"}],"about":[{"href":"https:\/\/www.safinel.fr\/it\/wp-json\/wp\/v2\/types\/product"}],"wp:featuredmedia":[{"embeddable":true,"href":"https:\/\/www.safinel.fr\/it\/wp-json\/wp\/v2\/media\/148"}],"wp:attachment":[{"href":"https:\/\/www.safinel.fr\/it\/wp-json\/wp\/v2\/media?parent=140"}],"wp:term":[{"taxonomy":"product_brand","embeddable":true,"href":"https:\/\/www.safinel.fr\/it\/wp-json\/wp\/v2\/product_brand?post=140"},{"taxonomy":"product_cat","embeddable":true,"href":"https:\/\/www.safinel.fr\/it\/wp-json\/wp\/v2\/product_cat?post=140"},{"taxonomy":"product_tag","embeddable":true,"href":"https:\/\/www.safinel.fr\/it\/wp-json\/wp\/v2\/product_tag?post=140"}],"curies":[{"name":"wp","href":"https:\/\/api.w.org\/{rel}","templated":true}]}}