{"id":139,"date":"2021-06-18T11:56:02","date_gmt":"2021-06-18T11:56:02","guid":{"rendered":"https:\/\/www.safinel.fr\/?post_type=product&#038;p=139"},"modified":"2023-12-28T17:14:59","modified_gmt":"2023-12-28T17:14:59","slug":"shikakai-in-polvere","status":"publish","type":"product","link":"https:\/\/www.safinel.fr\/it\/prodotto\/shikakai-in-polvere\/","title":{"rendered":"Shikakai in polvere 100 g"},"content":{"rendered":"<p>Lo shikakai \u00e8 una polvere cosmetica ottenuta da un arbusto originario dell'India: l'Acacia concinna. Questo prodotto naturale, molto fine e di colore marrone, \u00e8 considerato un <a href=\"https:\/\/www.safinel.fr\/it\/prodotto\/haritaki\/\"><strong>prodotto ayurvedico<\/strong><\/a>. Ha un ruolo molto importante nella cultura indiana. \u00c8 un rituale di bellezza locale usato per abbellire i capelli.<span class=\"Apple-converted-space\">\u00a0<\/span><\/p>\n<p>Grazie all'elevato contenuto di saponine vegetali, conferisce morbidezza e lucentezza alla fibra capillare. Altri effetti desiderabili sono la prevenzione della forfora e la stimolazione della crescita dei capelli.<\/p>\n<h2><b>Shikakai: un ingrediente naturale protagonista degli shampoo solidi<\/b><\/h2>\n<p>Lo shikakai \u00e8 ormai un ingrediente indispensabile negli shampoo solidi. Grazie al rinnovato interesse per i prodotti etnici, la cosmetologia sta rivolgendo la sua attenzione alle piante migliori. L'obiettivo \u00e8 quello di offrire al pubblico i migliori cosmetici naturali possibili. Lo shikakai \u00e8 un ingrediente prezioso per questi nuovi shampoo. Basta preparare il solido e aggiungere una sostanza oleosa e polverosa per ottenerlo. Lo shikakai \u00e8 quindi un'aggiunta gradita, grazie alla sua facilit\u00e0 d'uso.<\/p>\n<p>Ma fate attenzione! Un'avvertenza: fate attenzione a non farvi entrare questa sostanza negli occhi. Brucia da morire. Concentratevi solo sui capelli.<span class=\"Apple-converted-space\">\u00a0<\/span><\/p>\n<h2><b>Acacia Concinna: una moltitudine di vitamine e sostanze nutritive per il cuoio capelluto<\/b><\/h2>\n<p>Con il ritorno ai capelli naturali, lo shikakai \u00e8 molto in voga. Per avere capelli neri, lucidi e lisci come quelli indiani, non c'\u00e8 niente di meglio di un piccolo trattamento a base di polvere di Acacia concinna. Tutti gli ingredienti dello shikakai hanno la capacit\u00e0 di rafforzare la fibra capillare fino alle radici. Ci\u00f2 avviene stimolando la crescita e donando volume e vitalit\u00e0. Cosa c'\u00e8 di meglio per chi \u00e8 soggetto alla caduta dei capelli?.<span class=\"Apple-converted-space\">\u00a0<\/span><\/p>\n<p>Esiste quindi un rimedio naturale miracoloso. Ricco di vitamine C e D, aiuta a rafforzare e a far crescere i capelli.<span class=\"Apple-converted-space\">\u00a0<\/span><\/p>\n<h2><b>Propriet\u00e0 specifiche della polvere di shikakai :<\/b><\/h2>\n<p>Pi\u00f9 in dettaglio, lo shikakai ha i seguenti benefici per il cuoio capelluto:<\/p>\n<ul>\n<li>Pulisce in profondit\u00e0 il cuoio capelluto ed elimina la forfora.<\/li>\n<li>La shikakai favorisce e facilita la messa in piega dei capelli districandoli.<\/li>\n<li>Come il ghassoul, questo prodotto \u00e8 autosufficiente. Non ha bisogno di altri ingredienti oltre all'acqua tiepida.<span class=\"Apple-converted-space\">\u00a0<\/span><\/li>\n<li>Grazie alla sua azione astringente e antisettica, \u00e8 ideale per regolare l'eccesso di sebo nei capelli. Inverte quindi la tendenza eliminando efficacemente il grasso.<span class=\"Apple-converted-space\">\u00a0<\/span><\/li>\n<\/ul>\n<p>Si tratta quindi di un prodotto molto completo, che rivela molte sfaccettature benefiche combinate insieme. E non dimenticate che lo shikakai \u00e8 100%<b> <\/b>naturale.<\/p>\n<h3><b>Applicare un macerato a base di shikakai sui capelli.<\/b><\/h3>\n<p>Se avete un olio per capelli efficace per idratare e nutrire il cuoio capelluto:<\/p>\n<ul>\n<li><a href=\"https:\/\/manelya.com\/produit\/huile-dargan\/\" target=\"_blank\" rel=\"noopener\"><strong>Olio di argan per capelli<\/strong><\/a><\/li>\n<li>Jojoba<\/li>\n<li>Ricina.<\/li>\n<\/ul>\n<p>Shikakai \u00e8 estremamente efficace. Basta mescolare le materie prime, applicarle e lasciarle agire. Questa formula avr\u00e0 la meglio sui capelli secchi e sfibrati.<span class=\"Apple-converted-space\">\u00a0<\/span><\/p>","protected":false},"excerpt":{"rendered":"<p>Lo shikakai \u00e8 una polvere cosmetica ottenuta da un arbusto originario dell'India: l'Acacia concinna. Questo prodotto naturale molto fine di colore marrone \u00e8 considerato un prodotto ayurvedico. Infatti, svolge un ruolo molto importante nella cultura indiana. \u00c8 un rituale di bellezza locale che serve ad abbellire i capelli.  Grazie a [\u2026]","protected":false},"featured_media":145,"template":"","meta":[],"product_brand":[],"product_cat":[27,110],"product_tag":[],"class_list":{"0":"post-139","1":"product","2":"type-product","3":"status-publish","4":"has-post-thumbnail","6":"product_cat-plantes-medicinales","7":"product_cat-poudre-cheveux-ayurvedique","9":"first","10":"instock","11":"shipping-taxable","12":"purchasable","13":"product-type-simple"},"yoast_head":"<!-- This site is optimized with the Yoast SEO plugin v26.6 - https:\/\/yoast.com\/wordpress\/plugins\/seo\/ -->\n<title>Shikakai en poudre 100g | Bienfaits nombreux pour les cheveux<\/title>\n<meta name=\"description\" content=\"Le shikakai est une poudre cosm\u00e9tique 100% naturelle obtenue \u00e0 partir d\u2019un arbuste originaire d\u2019Inde\u00a0: l\u2019Acacia concinna.\" \/>\n<meta name=\"robots\" content=\"index, follow, max-snippet:-1, max-image-preview:large, max-video-preview:-1\" \/>\n<link rel=\"canonical\" href=\"https:\/\/www.safinel.fr\/it\/prodotto\/shikakai-in-polvere\/\" \/>\n<meta property=\"og:locale\" content=\"it_IT\" \/>\n<meta property=\"og:type\" content=\"article\" \/>\n<meta property=\"og:title\" content=\"Shikakai en poudre 100g | Bienfaits nombreux pour les cheveux\" \/>\n<meta property=\"og:description\" content=\"Le shikakai est une poudre cosm\u00e9tique 100% naturelle obtenue \u00e0 partir d\u2019un arbuste originaire d\u2019Inde\u00a0: l\u2019Acacia concinna.\" \/>\n<meta property=\"og:url\" content=\"https:\/\/www.safinel.fr\/it\/prodotto\/shikakai-in-polvere\/\" \/>\n<meta property=\"og:site_name\" content=\"Safinel\" \/>\n<meta property=\"article:modified_time\" content=\"2023-12-28T17:14:59+00:00\" \/>\n<meta property=\"og:image\" content=\"https:\/\/www.safinel.fr\/wp-content\/uploads\/2021\/06\/poudre-shikakai.jpeg\" \/>\n\t<meta property=\"og:image:width\" content=\"433\" \/>\n\t<meta property=\"og:image:height\" content=\"511\" \/>\n\t<meta property=\"og:image:type\" content=\"image\/jpeg\" \/>\n<meta name=\"twitter:card\" content=\"summary_large_image\" \/>\n<meta name=\"twitter:label1\" content=\"Tempo di lettura stimato\" \/>\n\t<meta name=\"twitter:data1\" content=\"3 minuti\" \/>\n<script type=\"application\/ld+json\" class=\"yoast-schema-graph\">{\"@context\":\"https:\/\/schema.org\",\"@graph\":[{\"@type\":\"WebPage\",\"@id\":\"https:\/\/www.safinel.fr\/produit\/shikakai-en-poudre\/\",\"url\":\"https:\/\/www.safinel.fr\/produit\/shikakai-en-poudre\/\",\"name\":\"Shikakai en poudre 100g | Bienfaits nombreux pour les cheveux\",\"isPartOf\":{\"@id\":\"https:\/\/www.safinel.fr\/#website\"},\"primaryImageOfPage\":{\"@id\":\"https:\/\/www.safinel.fr\/produit\/shikakai-en-poudre\/#primaryimage\"},\"image\":{\"@id\":\"https:\/\/www.safinel.fr\/produit\/shikakai-en-poudre\/#primaryimage\"},\"thumbnailUrl\":\"https:\/\/www.safinel.fr\/wp-content\/uploads\/2021\/06\/poudre-shikakai.jpeg\",\"datePublished\":\"2021-06-18T11:56:02+00:00\",\"dateModified\":\"2023-12-28T17:14:59+00:00\",\"description\":\"Le shikakai est une poudre cosm\u00e9tique 100% naturelle obtenue \u00e0 partir d\u2019un arbuste originaire d\u2019Inde\u00a0: l\u2019Acacia concinna.\",\"breadcrumb\":{\"@id\":\"https:\/\/www.safinel.fr\/produit\/shikakai-en-poudre\/#breadcrumb\"},\"inLanguage\":\"it-IT\",\"potentialAction\":[{\"@type\":\"ReadAction\",\"target\":[\"https:\/\/www.safinel.fr\/produit\/shikakai-en-poudre\/\"]}]},{\"@type\":\"ImageObject\",\"inLanguage\":\"it-IT\",\"@id\":\"https:\/\/www.safinel.fr\/produit\/shikakai-en-poudre\/#primaryimage\",\"url\":\"https:\/\/www.safinel.fr\/wp-content\/uploads\/2021\/06\/poudre-shikakai.jpeg\",\"contentUrl\":\"https:\/\/www.safinel.fr\/wp-content\/uploads\/2021\/06\/poudre-shikakai.jpeg\",\"width\":433,\"height\":511,\"caption\":\"Shikakai en poudre 100g\"},{\"@type\":\"BreadcrumbList\",\"@id\":\"https:\/\/www.safinel.fr\/produit\/shikakai-en-poudre\/#breadcrumb\",\"itemListElement\":[{\"@type\":\"ListItem\",\"position\":1,\"name\":\"Accueil\",\"item\":\"https:\/\/www.safinel.fr\/\"},{\"@type\":\"ListItem\",\"position\":2,\"name\":\"Boutique\",\"item\":\"https:\/\/www.safinel.fr\/boutique\/\"},{\"@type\":\"ListItem\",\"position\":3,\"name\":\"Shikakai en poudre 100g\"}]},{\"@type\":\"WebSite\",\"@id\":\"https:\/\/www.safinel.fr\/#website\",\"url\":\"https:\/\/www.safinel.fr\/\",\"name\":\"Safinel\",\"description\":\"\",\"publisher\":{\"@id\":\"https:\/\/www.safinel.fr\/#organization\"},\"potentialAction\":[{\"@type\":\"SearchAction\",\"target\":{\"@type\":\"EntryPoint\",\"urlTemplate\":\"https:\/\/www.safinel.fr\/?s={search_term_string}\"},\"query-input\":{\"@type\":\"PropertyValueSpecification\",\"valueRequired\":true,\"valueName\":\"search_term_string\"}}],\"inLanguage\":\"it-IT\"},{\"@type\":\"Organization\",\"@id\":\"https:\/\/www.safinel.fr\/#organization\",\"name\":\"Safinel\",\"url\":\"https:\/\/www.safinel.fr\/\",\"logo\":{\"@type\":\"ImageObject\",\"inLanguage\":\"it-IT\",\"@id\":\"https:\/\/www.safinel.fr\/#\/schema\/logo\/image\/\",\"url\":\"https:\/\/www.safinel.fr\/wp-content\/uploads\/2021\/05\/boutique-cosmetique.png\",\"contentUrl\":\"https:\/\/www.safinel.fr\/wp-content\/uploads\/2021\/05\/boutique-cosmetique.png\",\"width\":800,\"height\":200,\"caption\":\"Safinel\"},\"image\":{\"@id\":\"https:\/\/www.safinel.fr\/#\/schema\/logo\/image\/\"}}]}<\/script>\n<!-- \/ Yoast SEO plugin. -->","yoast_head_json":{"title":"Shikakai in polvere 100g | Numerosi benefici per i capelli","description":"Lo shikakai \u00e8 una polvere cosmetica naturale 100% ottenuta da un arbusto originario dell'India: l'Acacia concinna.","robots":{"index":"index","follow":"follow","max-snippet":"max-snippet:-1","max-image-preview":"max-image-preview:large","max-video-preview":"max-video-preview:-1"},"canonical":"https:\/\/www.safinel.fr\/it\/prodotto\/shikakai-in-polvere\/","og_locale":"it_IT","og_type":"article","og_title":"Shikakai en poudre 100g | Bienfaits nombreux pour les cheveux","og_description":"Le shikakai est une poudre cosm\u00e9tique 100% naturelle obtenue \u00e0 partir d\u2019un arbuste originaire d\u2019Inde\u00a0: l\u2019Acacia concinna.","og_url":"https:\/\/www.safinel.fr\/it\/prodotto\/shikakai-in-polvere\/","og_site_name":"Safinel","article_modified_time":"2023-12-28T17:14:59+00:00","og_image":[{"width":433,"height":511,"url":"https:\/\/www.safinel.fr\/wp-content\/uploads\/2021\/06\/poudre-shikakai.jpeg","type":"image\/jpeg"}],"twitter_card":"summary_large_image","twitter_misc":{"Tempo di lettura stimato":"3 minuti"},"schema":{"@context":"https:\/\/schema.org","@graph":[{"@type":"WebPage","@id":"https:\/\/www.safinel.fr\/produit\/shikakai-en-poudre\/","url":"https:\/\/www.safinel.fr\/produit\/shikakai-en-poudre\/","name":"Shikakai in polvere 100g | Numerosi benefici per i capelli","isPartOf":{"@id":"https:\/\/www.safinel.fr\/#website"},"primaryImageOfPage":{"@id":"https:\/\/www.safinel.fr\/produit\/shikakai-en-poudre\/#primaryimage"},"image":{"@id":"https:\/\/www.safinel.fr\/produit\/shikakai-en-poudre\/#primaryimage"},"thumbnailUrl":"https:\/\/www.safinel.fr\/wp-content\/uploads\/2021\/06\/poudre-shikakai.jpeg","datePublished":"2021-06-18T11:56:02+00:00","dateModified":"2023-12-28T17:14:59+00:00","description":"Lo shikakai \u00e8 una polvere cosmetica naturale 100% ottenuta da un arbusto originario dell'India: l'Acacia concinna.","breadcrumb":{"@id":"https:\/\/www.safinel.fr\/produit\/shikakai-en-poudre\/#breadcrumb"},"inLanguage":"it-IT","potentialAction":[{"@type":"ReadAction","target":["https:\/\/www.safinel.fr\/produit\/shikakai-en-poudre\/"]}]},{"@type":"ImageObject","inLanguage":"it-IT","@id":"https:\/\/www.safinel.fr\/produit\/shikakai-en-poudre\/#primaryimage","url":"https:\/\/www.safinel.fr\/wp-content\/uploads\/2021\/06\/poudre-shikakai.jpeg","contentUrl":"https:\/\/www.safinel.fr\/wp-content\/uploads\/2021\/06\/poudre-shikakai.jpeg","width":433,"height":511,"caption":"Shikakai en poudre 100g"},{"@type":"BreadcrumbList","@id":"https:\/\/www.safinel.fr\/produit\/shikakai-en-poudre\/#breadcrumb","itemListElement":[{"@type":"ListItem","position":1,"name":"Accueil","item":"https:\/\/www.safinel.fr\/"},{"@type":"ListItem","position":2,"name":"Boutique","item":"https:\/\/www.safinel.fr\/boutique\/"},{"@type":"ListItem","position":3,"name":"Shikakai en poudre 100g"}]},{"@type":"WebSite","@id":"https:\/\/www.safinel.fr\/#website","url":"https:\/\/www.safinel.fr\/","name":"Safinel","description":"","publisher":{"@id":"https:\/\/www.safinel.fr\/#organization"},"potentialAction":[{"@type":"SearchAction","target":{"@type":"EntryPoint","urlTemplate":"https:\/\/www.safinel.fr\/?s={search_term_string}"},"query-input":{"@type":"PropertyValueSpecification","valueRequired":true,"valueName":"search_term_string"}}],"inLanguage":"it-IT"},{"@type":"Organization","@id":"https:\/\/www.safinel.fr\/#organization","name":"Safinel","url":"https:\/\/www.safinel.fr\/","logo":{"@type":"ImageObject","inLanguage":"it-IT","@id":"https:\/\/www.safinel.fr\/#\/schema\/logo\/image\/","url":"https:\/\/www.safinel.fr\/wp-content\/uploads\/2021\/05\/boutique-cosmetique.png","contentUrl":"https:\/\/www.safinel.fr\/wp-content\/uploads\/2021\/05\/boutique-cosmetique.png","width":800,"height":200,"caption":"Safinel"},"image":{"@id":"https:\/\/www.safinel.fr\/#\/schema\/logo\/image\/"}}]}},"_links":{"self":[{"href":"https:\/\/www.safinel.fr\/it\/wp-json\/wp\/v2\/product\/139","targetHints":{"allow":["GET"]}}],"collection":[{"href":"https:\/\/www.safinel.fr\/it\/wp-json\/wp\/v2\/product"}],"about":[{"href":"https:\/\/www.safinel.fr\/it\/wp-json\/wp\/v2\/types\/product"}],"wp:featuredmedia":[{"embeddable":true,"href":"https:\/\/www.safinel.fr\/it\/wp-json\/wp\/v2\/media\/145"}],"wp:attachment":[{"href":"https:\/\/www.safinel.fr\/it\/wp-json\/wp\/v2\/media?parent=139"}],"wp:term":[{"taxonomy":"product_brand","embeddable":true,"href":"https:\/\/www.safinel.fr\/it\/wp-json\/wp\/v2\/product_brand?post=139"},{"taxonomy":"product_cat","embeddable":true,"href":"https:\/\/www.safinel.fr\/it\/wp-json\/wp\/v2\/product_cat?post=139"},{"taxonomy":"product_tag","embeddable":true,"href":"https:\/\/www.safinel.fr\/it\/wp-json\/wp\/v2\/product_tag?post=139"}],"curies":[{"name":"wp","href":"https:\/\/api.w.org\/{rel}","templated":true}]}}