{"id":136,"date":"2021-06-18T11:43:50","date_gmt":"2021-06-18T11:43:50","guid":{"rendered":"https:\/\/www.safinel.fr\/?post_type=product&#038;p=136"},"modified":"2024-04-09T20:35:21","modified_gmt":"2024-04-09T20:35:21","slug":"haritaki","status":"publish","type":"product","link":"https:\/\/www.safinel.fr\/it\/prodotto\/haritaki\/","title":{"rendered":"Haritaki in polvere 100g"},"content":{"rendered":"<p>L'Haritaki \u00e8 il frutto tipico di un albero originario del subcontinente indiano e degli altopiani himalayani. Questo ingrediente essenziale della medicina ayurvedica proviene da un albero lungo circa dieci metri chiamato \u00aberminalia chebula\u00bb. \u00c8 noto anche come \u00abmirobolano nero\u00bb o \u00abmirobolanier\".<\/p>\n<p>L'Haritaki ha una notevole somiglianza con le noci. Ha una certa somiglianza con le noci, anche se \u00e8 pi\u00f9 carnoso e pi\u00f9 piatto. In particolare, il suo guscio \u00e8 simile a quello di una noce, pur mantenendo la forma di una mandorla. Il nocciolo \u00e8 di colore giallo-arancio e contiene un gheriglio. In India, date le dimensioni dell'albero, i raccolti sono particolarmente abbondanti.<\/p>\n<p>Di conseguenza, in Francia si trova l'haritaki in polvere o in capsule.<span class=\"Apple-converted-space\">\u00a0<\/span><\/p>\n<h2><b>Haritaki: un miracolo per il sistema immunitario<\/b><\/h2>\n<p>L'Haritaki \u00e8 considerato una sostanza digestiva molto efficace. Infatti, questo frutto naturale ha la capacit\u00e0 di lenire il sistema digestivo. \u00c8 diventato molto popolare nell'ambito dei programmi di disintossicazione, grazie alla sua capacit\u00e0 di eliminare le tossine dall'intestino. Secondo alcuni laboratori di ricerca indiani, ha anche effetti benefici sulla funzione della milza e del fegato.<\/p>\n<p>A questo proposito, \u00e8 stata verificata la sua azione contro il colesterolo cattivo. Eccellente bruciagrassi, aiuta a regolare l'organismo attraverso cure temporanee. Molto benefico per il tratto gastrointestinale, allevia la tensione del colon.<\/p>\n<p>Riconosciuto per il suo effetto positivo sul sistema immunitario, l'haritaki va di pari passo con una dieta sana. Il suo consumo pu\u00f2 essere sostenuto solo da una buona alimentazione. In modo che possa depurare e purificare l'organismo.<\/p>\n<h2><b>Il frutto dell'Erminalia Chebula: ottimo per le facolt\u00e0 cognitive<\/b><\/h2>\n<p>Si dice che l'Haritaki sia anche in grado di calmare la mente. Si dice infatti che abbia un effetto sull'umore e che faciliti la concentrazione.<span class=\"Apple-converted-space\">\u00a0<\/span><\/p>\n<p>Sul sistema nervoso, l'assunzione di polvere di haritaki :<\/p>\n<ul>\n<li>Migliora la vista<\/li>\n<li>Migliora visibilmente la memoria<\/li>\n<li>Dona energia mentale e fisica.<span class=\"Apple-converted-space\">\u00a0<\/span><\/li>\n<\/ul>\n<p>In India \u00e8 anche molto utilizzato per ridurre i dolori articolari. Infine, bisogna sapere che questo frutto, prezioso in Europa, svolge un ruolo importante in India. In un Paese in cui i medicinali sono inaccessibili, la conoscenza della fitoterapia e delle spezie pu\u00f2 generare notevoli profitti. <a href=\"https:\/\/www.huile-de-nigelle-pure.com\" target=\"_blank\" rel=\"noopener\"><strong>benefici per il sistema immunitario<\/strong><\/a>. L'Haritaki \u00e8 uno dei tre ingredienti chiave dell'Ayurveda. \u00c8 quindi un ingrediente salutare per mantenersi in salute.<span class=\"Apple-converted-space\">\u00a0<\/span><\/p>\n<h3><b>Come si usa la polvere di haritaki?<\/b><\/h3>\n<p>A meno che non vogliate assumere un breve ciclo di haritaki sotto forma di capsule. La polvere rimane uno dei metodi pi\u00f9 utilizzati. Soprattutto perch\u00e9 i venditori indiani lo confezionano in questa forma prima di venderlo su Internet.<span class=\"Apple-converted-space\">\u00a0<\/span><\/p>\n<p>Quindi, sotto forma di tisana, basta scegliere le erbe che si usano abitualmente. Poi aggiungere mezzo cucchiaino di polvere di haritaki. In questo caso, \u00e8 fondamentale aggiungere una base dolce come <a href=\"https:\/\/www.safinel.fr\/it\/categoria-prodotto\/apicoltura\/\"><strong>miele<\/strong><\/a>.<\/p>\n<p>L'Haritaki ha un sapore molto amaro, quindi \u00e8 bene attenuare l'amaro. Pensate a come utilizzarlo al meglio.<\/p>","protected":false},"excerpt":{"rendered":"<p>L'Haritaki \u00e8 il frutto tipico di un albero originario del subcontinente indiano e degli altopiani himalayani. Questo ingrediente essenziale della medicina ayurvedica proviene da un albero lungo circa dieci metri chiamato \u00aberminalia chebula\u00bb. \u00c8 noto anche come \u00abmirobolano nero\u00bb o \u00abmirobolanier\". L'haritaki ha lo strano aspetto di una noce. Si dice che abbia una certa somiglianza [...].","protected":false},"featured_media":146,"template":"","meta":[],"product_brand":[],"product_cat":[59,27],"product_tag":[],"class_list":{"0":"post-136","1":"product","2":"type-product","3":"status-publish","4":"has-post-thumbnail","6":"product_cat-fruit-tropical","7":"product_cat-plantes-medicinales","9":"first","10":"outofstock","11":"shipping-taxable","12":"purchasable","13":"product-type-simple"},"yoast_head":"<!-- This site is optimized with the Yoast SEO plugin v26.6 - https:\/\/yoast.com\/wordpress\/plugins\/seo\/ -->\n<title>Haritaki en poudre | Erminalia Chebula | Fruit naturel indien<\/title>\n<meta name=\"description\" content=\"Haritaki est le fruit d\u2019un arbre originaire du sous-continent indien et des plateaux himalayens. Il fait partie de la m\u00e9decine ayurv\u00e9dique.\" \/>\n<meta name=\"robots\" content=\"index, follow, max-snippet:-1, max-image-preview:large, max-video-preview:-1\" \/>\n<link rel=\"canonical\" href=\"https:\/\/www.safinel.fr\/it\/prodotto\/haritaki\/\" \/>\n<meta property=\"og:locale\" content=\"it_IT\" \/>\n<meta property=\"og:type\" content=\"article\" \/>\n<meta property=\"og:title\" content=\"Haritaki en poudre | Erminalia Chebula | Fruit naturel indien\" \/>\n<meta property=\"og:description\" content=\"Haritaki est le fruit d\u2019un arbre originaire du sous-continent indien et des plateaux himalayens. Il fait partie de la m\u00e9decine ayurv\u00e9dique.\" \/>\n<meta property=\"og:url\" content=\"https:\/\/www.safinel.fr\/it\/prodotto\/haritaki\/\" \/>\n<meta property=\"og:site_name\" content=\"Safinel\" \/>\n<meta property=\"article:modified_time\" content=\"2024-04-09T20:35:21+00:00\" \/>\n<meta property=\"og:image\" content=\"https:\/\/www.safinel.fr\/wp-content\/uploads\/2021\/06\/poudre-haritaki.jpeg\" \/>\n\t<meta property=\"og:image:width\" content=\"421\" \/>\n\t<meta property=\"og:image:height\" content=\"471\" \/>\n\t<meta property=\"og:image:type\" content=\"image\/jpeg\" \/>\n<meta name=\"twitter:card\" content=\"summary_large_image\" \/>\n<meta name=\"twitter:label1\" content=\"Tempo di lettura stimato\" \/>\n\t<meta name=\"twitter:data1\" content=\"3 minuti\" \/>\n<script type=\"application\/ld+json\" class=\"yoast-schema-graph\">{\"@context\":\"https:\/\/schema.org\",\"@graph\":[{\"@type\":\"WebPage\",\"@id\":\"https:\/\/www.safinel.fr\/produit\/haritaki\/\",\"url\":\"https:\/\/www.safinel.fr\/produit\/haritaki\/\",\"name\":\"Haritaki en poudre | Erminalia Chebula | Fruit naturel indien\",\"isPartOf\":{\"@id\":\"https:\/\/www.safinel.fr\/#website\"},\"primaryImageOfPage\":{\"@id\":\"https:\/\/www.safinel.fr\/produit\/haritaki\/#primaryimage\"},\"image\":{\"@id\":\"https:\/\/www.safinel.fr\/produit\/haritaki\/#primaryimage\"},\"thumbnailUrl\":\"https:\/\/www.safinel.fr\/wp-content\/uploads\/2021\/06\/poudre-haritaki.jpeg\",\"datePublished\":\"2021-06-18T11:43:50+00:00\",\"dateModified\":\"2024-04-09T20:35:21+00:00\",\"description\":\"Haritaki est le fruit d\u2019un arbre originaire du sous-continent indien et des plateaux himalayens. Il fait partie de la m\u00e9decine ayurv\u00e9dique.\",\"breadcrumb\":{\"@id\":\"https:\/\/www.safinel.fr\/produit\/haritaki\/#breadcrumb\"},\"inLanguage\":\"it-IT\",\"potentialAction\":[{\"@type\":\"ReadAction\",\"target\":[\"https:\/\/www.safinel.fr\/produit\/haritaki\/\"]}]},{\"@type\":\"ImageObject\",\"inLanguage\":\"it-IT\",\"@id\":\"https:\/\/www.safinel.fr\/produit\/haritaki\/#primaryimage\",\"url\":\"https:\/\/www.safinel.fr\/wp-content\/uploads\/2021\/06\/poudre-haritaki.jpeg\",\"contentUrl\":\"https:\/\/www.safinel.fr\/wp-content\/uploads\/2021\/06\/poudre-haritaki.jpeg\",\"width\":421,\"height\":471,\"caption\":\"Haritaki en poudre 100g\"},{\"@type\":\"BreadcrumbList\",\"@id\":\"https:\/\/www.safinel.fr\/produit\/haritaki\/#breadcrumb\",\"itemListElement\":[{\"@type\":\"ListItem\",\"position\":1,\"name\":\"Accueil\",\"item\":\"https:\/\/www.safinel.fr\/\"},{\"@type\":\"ListItem\",\"position\":2,\"name\":\"Boutique\",\"item\":\"https:\/\/www.safinel.fr\/boutique\/\"},{\"@type\":\"ListItem\",\"position\":3,\"name\":\"Haritaki en poudre 100g\"}]},{\"@type\":\"WebSite\",\"@id\":\"https:\/\/www.safinel.fr\/#website\",\"url\":\"https:\/\/www.safinel.fr\/\",\"name\":\"Safinel\",\"description\":\"\",\"publisher\":{\"@id\":\"https:\/\/www.safinel.fr\/#organization\"},\"potentialAction\":[{\"@type\":\"SearchAction\",\"target\":{\"@type\":\"EntryPoint\",\"urlTemplate\":\"https:\/\/www.safinel.fr\/?s={search_term_string}\"},\"query-input\":{\"@type\":\"PropertyValueSpecification\",\"valueRequired\":true,\"valueName\":\"search_term_string\"}}],\"inLanguage\":\"it-IT\"},{\"@type\":\"Organization\",\"@id\":\"https:\/\/www.safinel.fr\/#organization\",\"name\":\"Safinel\",\"url\":\"https:\/\/www.safinel.fr\/\",\"logo\":{\"@type\":\"ImageObject\",\"inLanguage\":\"it-IT\",\"@id\":\"https:\/\/www.safinel.fr\/#\/schema\/logo\/image\/\",\"url\":\"https:\/\/www.safinel.fr\/wp-content\/uploads\/2021\/05\/boutique-cosmetique.png\",\"contentUrl\":\"https:\/\/www.safinel.fr\/wp-content\/uploads\/2021\/05\/boutique-cosmetique.png\",\"width\":800,\"height\":200,\"caption\":\"Safinel\"},\"image\":{\"@id\":\"https:\/\/www.safinel.fr\/#\/schema\/logo\/image\/\"}}]}<\/script>\n<!-- \/ Yoast SEO plugin. -->","yoast_head_json":{"title":"Haritaki in polvere | Erminalia Chebula | Frutto naturale indiano","description":"L'Haritaki \u00e8 il frutto di un albero originario del subcontinente indiano e degli altopiani dell'Himalaya. Fa parte della medicina ayurvedica.","robots":{"index":"index","follow":"follow","max-snippet":"max-snippet:-1","max-image-preview":"max-image-preview:large","max-video-preview":"max-video-preview:-1"},"canonical":"https:\/\/www.safinel.fr\/it\/prodotto\/haritaki\/","og_locale":"it_IT","og_type":"article","og_title":"Haritaki en poudre | Erminalia Chebula | Fruit naturel indien","og_description":"Haritaki est le fruit d\u2019un arbre originaire du sous-continent indien et des plateaux himalayens. Il fait partie de la m\u00e9decine ayurv\u00e9dique.","og_url":"https:\/\/www.safinel.fr\/it\/prodotto\/haritaki\/","og_site_name":"Safinel","article_modified_time":"2024-04-09T20:35:21+00:00","og_image":[{"width":421,"height":471,"url":"https:\/\/www.safinel.fr\/wp-content\/uploads\/2021\/06\/poudre-haritaki.jpeg","type":"image\/jpeg"}],"twitter_card":"summary_large_image","twitter_misc":{"Tempo di lettura stimato":"3 minuti"},"schema":{"@context":"https:\/\/schema.org","@graph":[{"@type":"WebPage","@id":"https:\/\/www.safinel.fr\/produit\/haritaki\/","url":"https:\/\/www.safinel.fr\/produit\/haritaki\/","name":"Haritaki in polvere | Erminalia Chebula | Frutto naturale indiano","isPartOf":{"@id":"https:\/\/www.safinel.fr\/#website"},"primaryImageOfPage":{"@id":"https:\/\/www.safinel.fr\/produit\/haritaki\/#primaryimage"},"image":{"@id":"https:\/\/www.safinel.fr\/produit\/haritaki\/#primaryimage"},"thumbnailUrl":"https:\/\/www.safinel.fr\/wp-content\/uploads\/2021\/06\/poudre-haritaki.jpeg","datePublished":"2021-06-18T11:43:50+00:00","dateModified":"2024-04-09T20:35:21+00:00","description":"L'Haritaki \u00e8 il frutto di un albero originario del subcontinente indiano e degli altopiani dell'Himalaya. Fa parte della medicina ayurvedica.","breadcrumb":{"@id":"https:\/\/www.safinel.fr\/produit\/haritaki\/#breadcrumb"},"inLanguage":"it-IT","potentialAction":[{"@type":"ReadAction","target":["https:\/\/www.safinel.fr\/produit\/haritaki\/"]}]},{"@type":"ImageObject","inLanguage":"it-IT","@id":"https:\/\/www.safinel.fr\/produit\/haritaki\/#primaryimage","url":"https:\/\/www.safinel.fr\/wp-content\/uploads\/2021\/06\/poudre-haritaki.jpeg","contentUrl":"https:\/\/www.safinel.fr\/wp-content\/uploads\/2021\/06\/poudre-haritaki.jpeg","width":421,"height":471,"caption":"Haritaki en poudre 100g"},{"@type":"BreadcrumbList","@id":"https:\/\/www.safinel.fr\/produit\/haritaki\/#breadcrumb","itemListElement":[{"@type":"ListItem","position":1,"name":"Accueil","item":"https:\/\/www.safinel.fr\/"},{"@type":"ListItem","position":2,"name":"Boutique","item":"https:\/\/www.safinel.fr\/boutique\/"},{"@type":"ListItem","position":3,"name":"Haritaki en poudre 100g"}]},{"@type":"WebSite","@id":"https:\/\/www.safinel.fr\/#website","url":"https:\/\/www.safinel.fr\/","name":"Safinel","description":"","publisher":{"@id":"https:\/\/www.safinel.fr\/#organization"},"potentialAction":[{"@type":"SearchAction","target":{"@type":"EntryPoint","urlTemplate":"https:\/\/www.safinel.fr\/?s={search_term_string}"},"query-input":{"@type":"PropertyValueSpecification","valueRequired":true,"valueName":"search_term_string"}}],"inLanguage":"it-IT"},{"@type":"Organization","@id":"https:\/\/www.safinel.fr\/#organization","name":"Safinel","url":"https:\/\/www.safinel.fr\/","logo":{"@type":"ImageObject","inLanguage":"it-IT","@id":"https:\/\/www.safinel.fr\/#\/schema\/logo\/image\/","url":"https:\/\/www.safinel.fr\/wp-content\/uploads\/2021\/05\/boutique-cosmetique.png","contentUrl":"https:\/\/www.safinel.fr\/wp-content\/uploads\/2021\/05\/boutique-cosmetique.png","width":800,"height":200,"caption":"Safinel"},"image":{"@id":"https:\/\/www.safinel.fr\/#\/schema\/logo\/image\/"}}]}},"_links":{"self":[{"href":"https:\/\/www.safinel.fr\/it\/wp-json\/wp\/v2\/product\/136","targetHints":{"allow":["GET"]}}],"collection":[{"href":"https:\/\/www.safinel.fr\/it\/wp-json\/wp\/v2\/product"}],"about":[{"href":"https:\/\/www.safinel.fr\/it\/wp-json\/wp\/v2\/types\/product"}],"wp:featuredmedia":[{"embeddable":true,"href":"https:\/\/www.safinel.fr\/it\/wp-json\/wp\/v2\/media\/146"}],"wp:attachment":[{"href":"https:\/\/www.safinel.fr\/it\/wp-json\/wp\/v2\/media?parent=136"}],"wp:term":[{"taxonomy":"product_brand","embeddable":true,"href":"https:\/\/www.safinel.fr\/it\/wp-json\/wp\/v2\/product_brand?post=136"},{"taxonomy":"product_cat","embeddable":true,"href":"https:\/\/www.safinel.fr\/it\/wp-json\/wp\/v2\/product_cat?post=136"},{"taxonomy":"product_tag","embeddable":true,"href":"https:\/\/www.safinel.fr\/it\/wp-json\/wp\/v2\/product_tag?post=136"}],"curies":[{"name":"wp","href":"https:\/\/api.w.org\/{rel}","templated":true}]}}