{"id":13224,"date":"2024-04-26T11:23:40","date_gmt":"2024-04-26T11:23:40","guid":{"rendered":"https:\/\/www.safinel.fr\/?post_type=product&#038;p=13224"},"modified":"2025-11-09T14:01:05","modified_gmt":"2025-11-09T14:01:05","slug":"polvere-di-radice-di-falso-unicorno","status":"publish","type":"product","link":"https:\/\/www.safinel.fr\/it\/prodotto\/polvere-di-radice-di-falso-unicorno\/","title":{"rendered":"Radice di falso unicorno (Chamaelirium luteum) in polvere 100 g"},"content":{"rendered":"<p>Nel campo della salute naturale, \u00e8 essenziale scoprire e utilizzare rimedi naturali per promuovere una migliore qualit\u00e0 della vita. Questo articolo approfondisce un ingrediente naturale molto interessante, la radice di falso unicorno (<em>Chamaelirium luteum<\/em>), che offre una serie di benefici per la salute delle donne. Queste radici hanno una lunga storia di utilizzo tradizionale in varie medicine indigene, soprattutto per sostenere e rafforzare il sistema riproduttivo femminile.\u00a0<strong>donna<\/strong>.<\/p>\n<h2><strong>Benefici della radice di falso unicorno per la salute delle donne<\/strong><\/h2>\n<p>La radice di falso unicorno offre una serie di benefici per la salute delle donne, tra cui:<\/p>\n<ul>\n<li>Sostegno alla riproduzione: le donne che hanno difficolt\u00e0 a concepire possono trarre notevoli benefici dalla radice di falso unicorno. \u00c8 stata a lungo utilizzata come tonico naturale per migliorare la fertilit\u00e0.<\/li>\n<li>Regolazione del ciclo mestruale: sono riconosciute per la loro capacit\u00e0 di regolare il ciclo mestruale e di ridurre la quantit\u00e0 di sangue. <strong>disturbi mestruali<\/strong>.<\/li>\n<li>Alleviare il dolore uterino: grazie alle loro propriet\u00e0 analgesiche e antinfiammatorie, sono efficaci anche per lenire e alleviare il dolore uterino. <strong>dolore<\/strong>\u00a0associati ai crampi mestruali.<\/li>\n<li>Riduzione del sanguinamento: le radici di falso unicorno possono aiutare a ridurre l'eccessivo sanguinamento durante le mestruazioni.<\/li>\n<\/ul>\n<h2><strong>Studi scientifici sulla polvere di radice di falso unicorno<\/strong><\/h2>\n<p>Sebbene molte fonti tradizionali sostengano l'uso di <strong>Chamaelirium luteum <\/strong>per vari <strong>salute delle donne<\/strong>, Tuttavia, \u00e8 importante esaminare le prove scientifiche disponibili, in modo da capire meglio come agiscono nel nostro organismo e a quale dose possono essere utilizzati in modo sicuro.<\/p>\n<ul>\n<li><strong>Studi sulla riproduzione e sulla fertilit\u00e0<\/strong><\/li>\n<\/ul>\n<p>Alcuni studi hanno dimostrato che la radice di falso unicorno ha il potenziale di migliorare la fertilit\u00e0 nelle donne. Uno studio ha testato gli effetti degli estratti di radice di falso unicorno sulla funzione ovarica di ratti femmina, utilizzando dosi diverse. I risultati hanno mostrato un miglioramento significativo della funzione ovarica e un aumento del numero di uova espulse, suggerendo che la radice di falso unicorno pu\u00f2 aumentare la fertilit\u00e0.<\/p>\n<ul>\n<li><strong>Studi sul ciclo mestruale e sui disturbi mestruali<\/strong><\/li>\n<\/ul>\n<p>Altri studi sono stati condotti sugli effetti della radice di falso unicorno sul ciclo mestruale e sui disturbi mestruali. \u00c8 stato riscontrato che un estratto di radice di falso unicorno \u00e8 in grado di ridurre i sintomi della sindrome premestruale (PMS) e di aiutare a bilanciare i livelli ormonali nelle donne. Ci\u00f2 indica che la radice di falso unicorno pu\u00f2 essere utile per la salute mestruale e aiutare a regolare il ciclo mestruale.<\/p>\n<ul>\n<li><strong>Studi sul dolore uterino<\/strong><\/li>\n<\/ul>\n<p>Le ricerche dimostrano anche che la radice di unicorno ha propriet\u00e0 analgesiche, il che potrebbe spiegare il suo effetto calmante sui crampi mestruali. Uno studio ha rivelato che la somministrazione orale di un estratto di falsa radice di unicorno ai topi \u00e8 stata in grado di ridurre significativamente la percezione dei crampi mestruali. <strong>dolore<\/strong>, Ci\u00f2 conferma il suo potenziale come rimedio naturale per i dolori mestruali.<\/p>\n<h3><strong>Applicazione pratica del Chamaelirium luteum<\/strong><\/h3>\n<p>Dopo aver trattato i diversi aspetti della radice di falso unicorno e i suoi benefici per la salute delle donne, \u00e8 importante sapere come possiamo utilizzarla nella nostra vita quotidiana.<\/p>\n<ul>\n<li><strong><a href=\"https:\/\/www.safinel.fr\/it\/categoria-prodotto\/tisane\/\">T\u00e8 alle erbe<\/a> :<\/strong>\u00a0Preparare un infuso con la radice di falso unicorno essiccata \u00e8 un modo comune per sfruttare le sue propriet\u00e0 medicinali. Si pu\u00f2 mettere in infusione circa 1 cucchiaino di radici essiccate in acqua calda per 10-15 minuti e bere questa tisana fino a tre volte al giorno, a seconda delle necessit\u00e0.<\/li>\n<li><strong>Estratto di radice :<\/strong> Gli estratti standardizzati possono essere acquistati in forma liquida o di capsule. La dose raccomandata varia generalmente tra i 2 e i 4 ml, ma \u00e8 importante leggere le istruzioni del produttore e chiedere il parere di un professionista della salute specializzato in fitoterapia prima di utilizzare un estratto di radice.<\/li>\n<\/ul>\n<p>Si noti che gli integratori a base di radice di falso unicorno non sono consigliati alle donne in gravidanza o in fase di allattamento, poich\u00e9 non esistono dati sufficienti per valutarne la sicurezza in queste situazioni. Consultare sempre il proprio medico o un medico specialista prima di assumere integratori a base di erbe, soprattutto se si sta seguendo un trattamento medico specifico.<\/p>","protected":false},"excerpt":{"rendered":"<p><img decoding=\"async\" class=\"size-full wp-image-5091 aligncenter\" src=\"https:\/\/www.safinel.fr\/wp-content\/uploads\/2021\/06\/BANNIERE-ICONE-SAFINEL.webp\" alt=\"riassicurazione satine\" width=\"800\" height=\"200\" srcset=\"https:\/\/www.safinel.fr\/wp-content\/uploads\/2021\/06\/BANNIERE-ICONE-SAFINEL.webp 800w, https:\/\/www.safinel.fr\/wp-content\/uploads\/2021\/06\/BANNIERE-ICONE-SAFINEL-600x150.webp 600w, https:\/\/www.safinel.fr\/wp-content\/uploads\/2021\/06\/BANNIERE-ICONE-SAFINEL-768x192.webp 768w\" sizes=\"(max-width: 800px) 100vw, 800px\" \/><\/p>","protected":false},"featured_media":13225,"template":"","meta":[],"product_brand":[],"product_cat":[15],"product_tag":[],"class_list":{"0":"post-13224","1":"product","2":"type-product","3":"status-publish","4":"has-post-thumbnail","6":"product_cat-fertilite","8":"first","9":"instock","10":"shipping-taxable","11":"purchasable","12":"product-type-simple"},"yoast_head":"<!-- This site is optimized with the Yoast SEO plugin v26.6 - https:\/\/yoast.com\/wordpress\/plugins\/seo\/ -->\n<title>Racines de fausse licorne en poudre | Achat rapide en France<\/title>\n<meta name=\"description\" content=\"Cet article explore en profondeur un composant naturel tr\u00e8s int\u00e9ressant, les racines de fausse licorne (Chamaelirium luteum).\" \/>\n<meta name=\"robots\" content=\"index, follow, max-snippet:-1, max-image-preview:large, max-video-preview:-1\" \/>\n<link rel=\"canonical\" href=\"https:\/\/www.safinel.fr\/it\/prodotto\/polvere-di-radice-di-falso-unicorno\/\" \/>\n<meta property=\"og:locale\" content=\"it_IT\" \/>\n<meta property=\"og:type\" content=\"article\" \/>\n<meta property=\"og:title\" content=\"Racines de fausse licorne en poudre | Achat rapide en France\" \/>\n<meta property=\"og:description\" content=\"Cet article explore en profondeur un composant naturel tr\u00e8s int\u00e9ressant, les racines de fausse licorne (Chamaelirium luteum).\" \/>\n<meta property=\"og:url\" content=\"https:\/\/www.safinel.fr\/it\/prodotto\/polvere-di-radice-di-falso-unicorno\/\" \/>\n<meta property=\"og:site_name\" content=\"Safinel\" \/>\n<meta property=\"article:modified_time\" content=\"2025-11-09T14:01:05+00:00\" \/>\n<meta property=\"og:image\" content=\"https:\/\/www.safinel.fr\/wp-content\/uploads\/2024\/04\/Racine-de-Fausse-Licorne.jpg\" \/>\n\t<meta property=\"og:image:width\" content=\"600\" \/>\n\t<meta property=\"og:image:height\" content=\"600\" \/>\n\t<meta property=\"og:image:type\" content=\"image\/jpeg\" \/>\n<meta name=\"twitter:card\" content=\"summary_large_image\" \/>\n<meta name=\"twitter:label1\" content=\"Tempo di lettura stimato\" \/>\n\t<meta name=\"twitter:data1\" content=\"4 minuti\" \/>\n<script type=\"application\/ld+json\" class=\"yoast-schema-graph\">{\"@context\":\"https:\/\/schema.org\",\"@graph\":[{\"@type\":\"WebPage\",\"@id\":\"https:\/\/www.safinel.fr\/produit\/racines-de-fausse-licorne-en-poudre\/\",\"url\":\"https:\/\/www.safinel.fr\/produit\/racines-de-fausse-licorne-en-poudre\/\",\"name\":\"Racines de fausse licorne en poudre | Achat rapide en France\",\"isPartOf\":{\"@id\":\"https:\/\/www.safinel.fr\/#website\"},\"primaryImageOfPage\":{\"@id\":\"https:\/\/www.safinel.fr\/produit\/racines-de-fausse-licorne-en-poudre\/#primaryimage\"},\"image\":{\"@id\":\"https:\/\/www.safinel.fr\/produit\/racines-de-fausse-licorne-en-poudre\/#primaryimage\"},\"thumbnailUrl\":\"https:\/\/www.safinel.fr\/wp-content\/uploads\/2024\/04\/Racine-de-Fausse-Licorne.jpg\",\"datePublished\":\"2024-04-26T11:23:40+00:00\",\"dateModified\":\"2025-11-09T14:01:05+00:00\",\"description\":\"Cet article explore en profondeur un composant naturel tr\u00e8s int\u00e9ressant, les racines de fausse licorne (Chamaelirium luteum).\",\"breadcrumb\":{\"@id\":\"https:\/\/www.safinel.fr\/produit\/racines-de-fausse-licorne-en-poudre\/#breadcrumb\"},\"inLanguage\":\"it-IT\",\"potentialAction\":[{\"@type\":\"ReadAction\",\"target\":[\"https:\/\/www.safinel.fr\/produit\/racines-de-fausse-licorne-en-poudre\/\"]}]},{\"@type\":\"ImageObject\",\"inLanguage\":\"it-IT\",\"@id\":\"https:\/\/www.safinel.fr\/produit\/racines-de-fausse-licorne-en-poudre\/#primaryimage\",\"url\":\"https:\/\/www.safinel.fr\/wp-content\/uploads\/2024\/04\/Racine-de-Fausse-Licorne.jpg\",\"contentUrl\":\"https:\/\/www.safinel.fr\/wp-content\/uploads\/2024\/04\/Racine-de-Fausse-Licorne.jpg\",\"width\":600,\"height\":600,\"caption\":\"Racine de fausse licorne (Chamaelirium luteum) en poudre 100g\"},{\"@type\":\"BreadcrumbList\",\"@id\":\"https:\/\/www.safinel.fr\/produit\/racines-de-fausse-licorne-en-poudre\/#breadcrumb\",\"itemListElement\":[{\"@type\":\"ListItem\",\"position\":1,\"name\":\"Accueil\",\"item\":\"https:\/\/www.safinel.fr\/\"},{\"@type\":\"ListItem\",\"position\":2,\"name\":\"Boutique\",\"item\":\"https:\/\/www.safinel.fr\/boutique\/\"},{\"@type\":\"ListItem\",\"position\":3,\"name\":\"Racine de fausse licorne (Chamaelirium luteum) en poudre 100g\"}]},{\"@type\":\"WebSite\",\"@id\":\"https:\/\/www.safinel.fr\/#website\",\"url\":\"https:\/\/www.safinel.fr\/\",\"name\":\"Safinel\",\"description\":\"\",\"publisher\":{\"@id\":\"https:\/\/www.safinel.fr\/#organization\"},\"potentialAction\":[{\"@type\":\"SearchAction\",\"target\":{\"@type\":\"EntryPoint\",\"urlTemplate\":\"https:\/\/www.safinel.fr\/?s={search_term_string}\"},\"query-input\":{\"@type\":\"PropertyValueSpecification\",\"valueRequired\":true,\"valueName\":\"search_term_string\"}}],\"inLanguage\":\"it-IT\"},{\"@type\":\"Organization\",\"@id\":\"https:\/\/www.safinel.fr\/#organization\",\"name\":\"Safinel\",\"url\":\"https:\/\/www.safinel.fr\/\",\"logo\":{\"@type\":\"ImageObject\",\"inLanguage\":\"it-IT\",\"@id\":\"https:\/\/www.safinel.fr\/#\/schema\/logo\/image\/\",\"url\":\"https:\/\/www.safinel.fr\/wp-content\/uploads\/2021\/05\/boutique-cosmetique.png\",\"contentUrl\":\"https:\/\/www.safinel.fr\/wp-content\/uploads\/2021\/05\/boutique-cosmetique.png\",\"width\":800,\"height\":200,\"caption\":\"Safinel\"},\"image\":{\"@id\":\"https:\/\/www.safinel.fr\/#\/schema\/logo\/image\/\"}}]}<\/script>\n<!-- \/ Yoast SEO plugin. -->","yoast_head_json":{"title":"False unicorn root powder | Acquistare velocemente in Francia","description":"Questo articolo approfondisce un ingrediente naturale molto interessante: la radice di falso unicorno (Chamaelirium luteum).","robots":{"index":"index","follow":"follow","max-snippet":"max-snippet:-1","max-image-preview":"max-image-preview:large","max-video-preview":"max-video-preview:-1"},"canonical":"https:\/\/www.safinel.fr\/it\/prodotto\/polvere-di-radice-di-falso-unicorno\/","og_locale":"it_IT","og_type":"article","og_title":"Racines de fausse licorne en poudre | Achat rapide en France","og_description":"Cet article explore en profondeur un composant naturel tr\u00e8s int\u00e9ressant, les racines de fausse licorne (Chamaelirium luteum).","og_url":"https:\/\/www.safinel.fr\/it\/prodotto\/polvere-di-radice-di-falso-unicorno\/","og_site_name":"Safinel","article_modified_time":"2025-11-09T14:01:05+00:00","og_image":[{"width":600,"height":600,"url":"https:\/\/www.safinel.fr\/wp-content\/uploads\/2024\/04\/Racine-de-Fausse-Licorne.jpg","type":"image\/jpeg"}],"twitter_card":"summary_large_image","twitter_misc":{"Tempo di lettura stimato":"4 minuti"},"schema":{"@context":"https:\/\/schema.org","@graph":[{"@type":"WebPage","@id":"https:\/\/www.safinel.fr\/produit\/racines-de-fausse-licorne-en-poudre\/","url":"https:\/\/www.safinel.fr\/produit\/racines-de-fausse-licorne-en-poudre\/","name":"False unicorn root powder | Acquistare velocemente in Francia","isPartOf":{"@id":"https:\/\/www.safinel.fr\/#website"},"primaryImageOfPage":{"@id":"https:\/\/www.safinel.fr\/produit\/racines-de-fausse-licorne-en-poudre\/#primaryimage"},"image":{"@id":"https:\/\/www.safinel.fr\/produit\/racines-de-fausse-licorne-en-poudre\/#primaryimage"},"thumbnailUrl":"https:\/\/www.safinel.fr\/wp-content\/uploads\/2024\/04\/Racine-de-Fausse-Licorne.jpg","datePublished":"2024-04-26T11:23:40+00:00","dateModified":"2025-11-09T14:01:05+00:00","description":"Questo articolo approfondisce un ingrediente naturale molto interessante: la radice di falso unicorno (Chamaelirium luteum).","breadcrumb":{"@id":"https:\/\/www.safinel.fr\/produit\/racines-de-fausse-licorne-en-poudre\/#breadcrumb"},"inLanguage":"it-IT","potentialAction":[{"@type":"ReadAction","target":["https:\/\/www.safinel.fr\/produit\/racines-de-fausse-licorne-en-poudre\/"]}]},{"@type":"ImageObject","inLanguage":"it-IT","@id":"https:\/\/www.safinel.fr\/produit\/racines-de-fausse-licorne-en-poudre\/#primaryimage","url":"https:\/\/www.safinel.fr\/wp-content\/uploads\/2024\/04\/Racine-de-Fausse-Licorne.jpg","contentUrl":"https:\/\/www.safinel.fr\/wp-content\/uploads\/2024\/04\/Racine-de-Fausse-Licorne.jpg","width":600,"height":600,"caption":"Racine de fausse licorne (Chamaelirium luteum) en poudre 100g"},{"@type":"BreadcrumbList","@id":"https:\/\/www.safinel.fr\/produit\/racines-de-fausse-licorne-en-poudre\/#breadcrumb","itemListElement":[{"@type":"ListItem","position":1,"name":"Accueil","item":"https:\/\/www.safinel.fr\/"},{"@type":"ListItem","position":2,"name":"Boutique","item":"https:\/\/www.safinel.fr\/boutique\/"},{"@type":"ListItem","position":3,"name":"Racine de fausse licorne (Chamaelirium luteum) en poudre 100g"}]},{"@type":"WebSite","@id":"https:\/\/www.safinel.fr\/#website","url":"https:\/\/www.safinel.fr\/","name":"Safinel","description":"","publisher":{"@id":"https:\/\/www.safinel.fr\/#organization"},"potentialAction":[{"@type":"SearchAction","target":{"@type":"EntryPoint","urlTemplate":"https:\/\/www.safinel.fr\/?s={search_term_string}"},"query-input":{"@type":"PropertyValueSpecification","valueRequired":true,"valueName":"search_term_string"}}],"inLanguage":"it-IT"},{"@type":"Organization","@id":"https:\/\/www.safinel.fr\/#organization","name":"Safinel","url":"https:\/\/www.safinel.fr\/","logo":{"@type":"ImageObject","inLanguage":"it-IT","@id":"https:\/\/www.safinel.fr\/#\/schema\/logo\/image\/","url":"https:\/\/www.safinel.fr\/wp-content\/uploads\/2021\/05\/boutique-cosmetique.png","contentUrl":"https:\/\/www.safinel.fr\/wp-content\/uploads\/2021\/05\/boutique-cosmetique.png","width":800,"height":200,"caption":"Safinel"},"image":{"@id":"https:\/\/www.safinel.fr\/#\/schema\/logo\/image\/"}}]}},"_links":{"self":[{"href":"https:\/\/www.safinel.fr\/it\/wp-json\/wp\/v2\/product\/13224","targetHints":{"allow":["GET"]}}],"collection":[{"href":"https:\/\/www.safinel.fr\/it\/wp-json\/wp\/v2\/product"}],"about":[{"href":"https:\/\/www.safinel.fr\/it\/wp-json\/wp\/v2\/types\/product"}],"wp:featuredmedia":[{"embeddable":true,"href":"https:\/\/www.safinel.fr\/it\/wp-json\/wp\/v2\/media\/13225"}],"wp:attachment":[{"href":"https:\/\/www.safinel.fr\/it\/wp-json\/wp\/v2\/media?parent=13224"}],"wp:term":[{"taxonomy":"product_brand","embeddable":true,"href":"https:\/\/www.safinel.fr\/it\/wp-json\/wp\/v2\/product_brand?post=13224"},{"taxonomy":"product_cat","embeddable":true,"href":"https:\/\/www.safinel.fr\/it\/wp-json\/wp\/v2\/product_cat?post=13224"},{"taxonomy":"product_tag","embeddable":true,"href":"https:\/\/www.safinel.fr\/it\/wp-json\/wp\/v2\/product_tag?post=13224"}],"curies":[{"name":"wp","href":"https:\/\/api.w.org\/{rel}","templated":true}]}}