{"id":131,"date":"2021-06-03T11:50:21","date_gmt":"2021-06-03T11:50:21","guid":{"rendered":"https:\/\/www.safinel.fr\/?post_type=product&#038;p=131"},"modified":"2024-04-11T15:39:25","modified_gmt":"2024-04-11T15:39:25","slug":"garcinia","status":"publish","type":"product","link":"https:\/\/www.safinel.fr\/it\/prodotto\/garcinia\/","title":{"rendered":"Garcinia 100g"},"content":{"rendered":"<p>Le\u00a0<strong>Garcinia Cambogia<\/strong>\u00a0\u00e8 un\u00a0<strong>frutta tropicale<\/strong>\u00a0che viene spesso indicato come il\u00ab<strong>re dei regimi<\/strong>\u00bb. Sebbene sia ancora poco conosciuto in Europa, \u00e8 molto apprezzato dagli intenditori e dalla medicina ayurvedica. \u00c8 molto apprezzato anche in cucina come condimento.<\/p>\n<p>Perch\u00e9 consumarlo come\u00a0<strong>integratore alimentare\u00a0<\/strong>contiene una serie di benefici per la salute.<\/p>\n<p>Diamo quindi un'occhiata alla descrizione di Safinel di questo frutto, che aspetta solo di essere scoperto e adottato!<\/p>\n<h2><strong>Garcinia Cambogia: un frutto tropicale poco conosciuto\u00a0<\/strong><\/h2>\n<p>La Garcinia Cambogia si presenta sotto forma di una piccola zucca verde o gialla di circa 5 centimetri. Suscita curiosit\u00e0 anche perch\u00e9 \u00e8 un frutto che non si incontra ovunque.<\/p>\n<p>E sebbene sia originario dell'Africa centrale e del Sud-est asiatico, cresce solo nelle foreste pluviali tropicali. Forse non \u00e8 molto conosciuto, ma il suo aspetto insolito e particolare lo rende facilmente riconoscibile. Ma \u00e8 la sua composizione a renderlo cos\u00ec affascinante...<\/p>\n<p>D'altra parte, nella medicina tradizionale e, in particolare, nella fitoterapia, \u00e8 il frutto intero a essere utilizzato. In effetti, \u00e8 interessante tutto il frutto, compresi la polpa, i semi e la scorza.<\/p>\n<h2><strong>Scoprite gli straordinari benefici della Garcinia Cambogia<\/strong><\/h2>\n<p><strong>Contro l'ipercolesterolemia : <\/strong>Secondo gli studi condotti sull'argomento, questo integratore alimentare pu\u00f2 ridurre notevolmente i livelli di colesterolo nell'organismo. \u00c8 quindi indubbio che contribuisca a migliorare la salute cardiovascolare di chi lo assume.<\/p>\n<p><strong>Contro l'ipertensione arteriosa : <\/strong>Inoltre, fa bene al cuore e al cervello, perch\u00e9 contiene potassio. Il potassio aiuta a ridurre l'ipertensione e a contrastarne gli effetti. In questo modo si riduce il rischio di infarti e ictus.<\/p>\n<h3><strong>Miglioramento del comfort digestivo<\/strong><\/h3>\n<ul>\n<li>Nella medicina tradizionale, la Garcinia Cambogia \u00e8 nota per aiutare a liberarsi dei parassiti intestinali; ;<\/li>\n<\/ul>\n<ul>\n<li>Contiene inoltre principi attivi che favoriscono il transito intestinale e la qualit\u00e0 della flora. Ci\u00f2 \u00e8 dovuto alla sua capacit\u00e0 di facilitare la moltiplicazione di probiotici e prebiotici; ;<\/li>\n<\/ul>\n<ul>\n<li>Aiuta inoltre a prevenire episodi di diarrea acuta e dissenteria; ;<\/li>\n<\/ul>\n<ul>\n<li>Inoltre, \u00e8 particolarmente indicato per trattare i disturbi di stomaco e le intossicazioni alimentari!<\/li>\n<\/ul>\n<ul>\n<li>La Garcinia Cambogia \u00e8 stata a lungo utilizzata per le sue propriet\u00e0 contro il bruciore di stomaco. Infatti, aiuta a ripristinare l'equilibrio dell'acidit\u00e0 gastrica; ;<\/li>\n<\/ul>\n<ul>\n<li>Infine, in alcune medicine tradizionali, aiuta a combattere i dolori intestinali e i reumatismi.<\/li>\n<\/ul>\n<h3><strong>Un frutto naturalmente antiossidante<\/strong><\/h3>\n<p>Come molti frutti tropicali, contiene diverse vitamine e minerali noti per le loro propriet\u00e0 antiossidanti. In questo modo, aiuta a disintossicare l'organismo e a combattere lo stress ossidativo ed emotivo.<\/p>\n<p>Infatti, l'eccesso di radicali liberi e di tossine nell'organismo \u00e8 la causa delle malattie cardiovascolari e del cancro. Pertanto, eliminarli regolarmente con una dieta antiossidante \u00e8 utile per prevenire queste malattie.<\/p>\n<h3><strong>Contro la ritenzione idrica<\/strong><\/h3>\n<p>Infatti, contiene componenti che agiscono contro l'eccesso di acqua nel corpo. Di conseguenza, acqua, tossine e grassi vengono evacuati meglio.<\/p>\n<h2><strong>Garcinia Cambogia, il \u201cre delle diete\u201d!<\/strong><\/h2>\n<p>A ragione, questo integratore alimentare \u00e8 spesso associato alle diete dimagranti. Infatti, \u00e8 soprannominato il \u00abre delle diete\u00bb per il suo effetto benefico sulla perdita di peso.<\/p>\n<p><strong>Aiutare a perdere peso: <\/strong>Questo integratore alimentare contiene infatti un principio attivo molto interessante: l'acido idrossicitrico (HCA). Con una titolazione di 50 % di HCA, ha un'azione sulla perdita di peso. Infatti, stimola la produzione di serotonina nel cervello e quindi aumenta la sensazione di saziet\u00e0.<\/p>\n<p>Infatti, gli studi clinici hanno dimostrato risultati soddisfacenti nella riduzione del grasso corporeo. \u00c8 quindi uno degli integratori alimentari pi\u00f9 utilizzati per la perdita di peso.<\/p>\n<p><strong>Un soppressore naturale dell'appetito: <\/strong>Come spiegato in precedenza, l'AHC contenuto nella Garcinia Cambogia agisce direttamente sul cervello stimolando la sensazione di saziet\u00e0. Infatti, agisce come un soppressore naturale dell'appetito, contribuendo a ridurre l'assunzione di calorie durante i pasti.<\/p>\n<p>Infatti, per variare le cure per la salute, vi suggeriamo quanto segue\u00a0<a href=\"https:\/\/www.safinel.fr\/it\/prodotto\/gambi-di-ciliegio\/\"><strong>gambi di ciliegio<\/strong><\/a>\u00a0disponibile in negozio...<\/p>\n<h2><strong>Cosa bisogna sapere sulla Garcinia Cambogia prima di acquistarla<\/strong><\/h2>\n<p>Anche se si tratta di un prodotto naturale 100 %, \u00e8 comunque importante sapere come sceglierlo. \u00c8 anche una buona idea informarsi sugli effetti collaterali dell'assunzione.<\/p>\n<h3><strong>Scegliere la Garcinia Cambogia<\/strong><\/h3>\n<ul>\n<li>S\u00ec, non \u00e8 sempre facile riconoscere i prodotti giusti quando si tratta di un frutto cos\u00ec poco conosciuto! Quindi, per fare la scelta giusta, cercate prodotti che contengano almeno 50 % di AHC ;<\/li>\n<\/ul>\n<ul>\n<li>Senza dubbio, il contenuto di questo acido \u00e8 un criterio di selezione fondamentale, cos\u00ec come l'esistenza dell'etichetta biologica; ;<\/li>\n<\/ul>\n<ul>\n<li>Infine, deve essere stato raccolto nelle foreste tropicali dell'Africa o dell'Asia. \u00c8 infatti in queste foreste che cresce nelle migliori condizioni possibili, cio\u00e8 allo stato selvatico.<\/li>\n<\/ul>\n<h3><strong>Controindicazioni<\/strong><\/h3>\n<p>\u00c8 bene ricordare, tuttavia, che esistono alcune controindicazioni al suo uso e consumo. In altre parole, \u00e8 particolarmente sconsigliato alle donne in gravidanza o in fase di allattamento e ai pazienti che assumono farmaci anticolesterolo. Dovrebbe essere evitato anche da chi soffre di demenza o di diabete.<\/p>\n<h2><strong>Come si usa la Garcinia Cambogia?<\/strong><\/h2>\n<ul>\n<li>In primo luogo, per garantire che il suo consumo sia efficace per la salute, \u00e8 preferibile seguire un ciclo di trattamento di diverse settimane; ;<\/li>\n<\/ul>\n<ul>\n<li>Si raccomanda il consumo quotidiano alle dosi consigliate. A lungo termine, si assiste a un profondo riequilibrio dell'apparato digerente; ;<\/li>\n<\/ul>\n<ul>\n<li>I corsi tradizionali di questo integratore alimentare durano da due a tre mesi; ;<\/li>\n<\/ul>\n<ul>\n<li>Infine, distanziate i cicli di trattamento da una a pi\u00f9 settimane l'uno dall'altro, in modo che gli effetti della Garcinia Cambogia siano pi\u00f9 ottimali e potenti.<\/li>\n<\/ul>\n<p>Siate quindi diligenti e pazienti se volete trarre tutti i benefici della Garcinia Cambogia!<\/p>\n<h3><strong>Precauzione<\/strong><\/h3>\n<p>Per quanto riguarda gli effetti collaterali, va notato che in dosi ragionevoli non provoca alcun disagio evidente.<\/p>\n<p>Tuttavia, in dosi elevate, pu\u00f2 causare flatulenza, emicrania e diarrea. Assicuratevi quindi di seguire le istruzioni di dosaggio riportate sulla confezione dell'integratore alimentare.<\/p>","protected":false},"excerpt":{"rendered":"<p><strong>Nota importante<\/strong> Pianta intera disidratata.<\/p>","protected":false},"featured_media":2901,"template":"","meta":[],"product_brand":[],"product_cat":[59,27],"product_tag":[],"class_list":{"0":"post-131","1":"product","2":"type-product","3":"status-publish","4":"has-post-thumbnail","6":"product_cat-fruit-tropical","7":"product_cat-plantes-medicinales","9":"first","10":"outofstock","11":"shipping-taxable","12":"purchasable","13":"product-type-simple"},"yoast_head":"<!-- This site is optimized with the Yoast SEO plugin v26.6 - https:\/\/yoast.com\/wordpress\/plugins\/seo\/ -->\n<title>Garcinia Cambogia | Fruit tropical aux bienfais nombreux<\/title>\n<meta name=\"description\" content=\"Le\u00a0Garcinia Cambogia\u00a0est un\u00a0fruit tropical\u00a0qui est souvent surnomm\u00e9 le \u00ab\u2009roi des r\u00e9gimes\u2009\u00bb. Adoptez-le sans plus attendre !\" \/>\n<meta name=\"robots\" content=\"index, follow, max-snippet:-1, max-image-preview:large, max-video-preview:-1\" \/>\n<link rel=\"canonical\" href=\"https:\/\/www.safinel.fr\/it\/prodotto\/garcinia\/\" \/>\n<meta property=\"og:locale\" content=\"it_IT\" \/>\n<meta property=\"og:type\" content=\"article\" \/>\n<meta property=\"og:title\" content=\"Garcinia Cambogia | Fruit tropical aux bienfais nombreux\" \/>\n<meta property=\"og:description\" content=\"Le\u00a0Garcinia Cambogia\u00a0est un\u00a0fruit tropical\u00a0qui est souvent surnomm\u00e9 le \u00ab\u2009roi des r\u00e9gimes\u2009\u00bb. Adoptez-le sans plus attendre !\" \/>\n<meta property=\"og:url\" content=\"https:\/\/www.safinel.fr\/it\/prodotto\/garcinia\/\" \/>\n<meta property=\"og:site_name\" content=\"Safinel\" \/>\n<meta property=\"article:modified_time\" content=\"2024-04-11T15:39:25+00:00\" \/>\n<meta property=\"og:image\" content=\"https:\/\/www.safinel.fr\/wp-content\/uploads\/2021\/06\/Garcinia-Cambogia.jpg\" \/>\n\t<meta property=\"og:image:width\" content=\"600\" \/>\n\t<meta property=\"og:image:height\" content=\"600\" \/>\n\t<meta property=\"og:image:type\" content=\"image\/jpeg\" \/>\n<meta name=\"twitter:card\" content=\"summary_large_image\" \/>\n<meta name=\"twitter:label1\" content=\"Tempo di lettura stimato\" \/>\n\t<meta name=\"twitter:data1\" content=\"6 minuti\" \/>\n<script type=\"application\/ld+json\" class=\"yoast-schema-graph\">{\"@context\":\"https:\/\/schema.org\",\"@graph\":[{\"@type\":\"WebPage\",\"@id\":\"https:\/\/www.safinel.fr\/produit\/garcinia\/\",\"url\":\"https:\/\/www.safinel.fr\/produit\/garcinia\/\",\"name\":\"Garcinia Cambogia | Fruit tropical aux bienfais nombreux\",\"isPartOf\":{\"@id\":\"https:\/\/www.safinel.fr\/#website\"},\"primaryImageOfPage\":{\"@id\":\"https:\/\/www.safinel.fr\/produit\/garcinia\/#primaryimage\"},\"image\":{\"@id\":\"https:\/\/www.safinel.fr\/produit\/garcinia\/#primaryimage\"},\"thumbnailUrl\":\"https:\/\/www.safinel.fr\/wp-content\/uploads\/2021\/06\/Garcinia-Cambogia.jpg\",\"datePublished\":\"2021-06-03T11:50:21+00:00\",\"dateModified\":\"2024-04-11T15:39:25+00:00\",\"description\":\"Le\u00a0Garcinia Cambogia\u00a0est un\u00a0fruit tropical\u00a0qui est souvent surnomm\u00e9 le \u00ab\u2009roi des r\u00e9gimes\u2009\u00bb. Adoptez-le sans plus attendre !\",\"breadcrumb\":{\"@id\":\"https:\/\/www.safinel.fr\/produit\/garcinia\/#breadcrumb\"},\"inLanguage\":\"it-IT\",\"potentialAction\":[{\"@type\":\"ReadAction\",\"target\":[\"https:\/\/www.safinel.fr\/produit\/garcinia\/\"]}]},{\"@type\":\"ImageObject\",\"inLanguage\":\"it-IT\",\"@id\":\"https:\/\/www.safinel.fr\/produit\/garcinia\/#primaryimage\",\"url\":\"https:\/\/www.safinel.fr\/wp-content\/uploads\/2021\/06\/Garcinia-Cambogia.jpg\",\"contentUrl\":\"https:\/\/www.safinel.fr\/wp-content\/uploads\/2021\/06\/Garcinia-Cambogia.jpg\",\"width\":600,\"height\":600,\"caption\":\"Garcinia Cambogia\"},{\"@type\":\"BreadcrumbList\",\"@id\":\"https:\/\/www.safinel.fr\/produit\/garcinia\/#breadcrumb\",\"itemListElement\":[{\"@type\":\"ListItem\",\"position\":1,\"name\":\"Accueil\",\"item\":\"https:\/\/www.safinel.fr\/\"},{\"@type\":\"ListItem\",\"position\":2,\"name\":\"Boutique\",\"item\":\"https:\/\/www.safinel.fr\/boutique\/\"},{\"@type\":\"ListItem\",\"position\":3,\"name\":\"Garcinia 100g\"}]},{\"@type\":\"WebSite\",\"@id\":\"https:\/\/www.safinel.fr\/#website\",\"url\":\"https:\/\/www.safinel.fr\/\",\"name\":\"Safinel\",\"description\":\"\",\"publisher\":{\"@id\":\"https:\/\/www.safinel.fr\/#organization\"},\"potentialAction\":[{\"@type\":\"SearchAction\",\"target\":{\"@type\":\"EntryPoint\",\"urlTemplate\":\"https:\/\/www.safinel.fr\/?s={search_term_string}\"},\"query-input\":{\"@type\":\"PropertyValueSpecification\",\"valueRequired\":true,\"valueName\":\"search_term_string\"}}],\"inLanguage\":\"it-IT\"},{\"@type\":\"Organization\",\"@id\":\"https:\/\/www.safinel.fr\/#organization\",\"name\":\"Safinel\",\"url\":\"https:\/\/www.safinel.fr\/\",\"logo\":{\"@type\":\"ImageObject\",\"inLanguage\":\"it-IT\",\"@id\":\"https:\/\/www.safinel.fr\/#\/schema\/logo\/image\/\",\"url\":\"https:\/\/www.safinel.fr\/wp-content\/uploads\/2021\/05\/boutique-cosmetique.png\",\"contentUrl\":\"https:\/\/www.safinel.fr\/wp-content\/uploads\/2021\/05\/boutique-cosmetique.png\",\"width\":800,\"height\":200,\"caption\":\"Safinel\"},\"image\":{\"@id\":\"https:\/\/www.safinel.fr\/#\/schema\/logo\/image\/\"}}]}<\/script>\n<!-- \/ Yoast SEO plugin. -->","yoast_head_json":{"title":"Garcinia Cambogia | Frutto tropicale dai numerosi benefici","description":"La Garcinia Cambogia \u00e8 un frutto tropicale spesso definito il \u00abre delle diete\u00bb. Adottatelo subito!","robots":{"index":"index","follow":"follow","max-snippet":"max-snippet:-1","max-image-preview":"max-image-preview:large","max-video-preview":"max-video-preview:-1"},"canonical":"https:\/\/www.safinel.fr\/it\/prodotto\/garcinia\/","og_locale":"it_IT","og_type":"article","og_title":"Garcinia Cambogia | Fruit tropical aux bienfais nombreux","og_description":"Le\u00a0Garcinia Cambogia\u00a0est un\u00a0fruit tropical\u00a0qui est souvent surnomm\u00e9 le \u00ab\u2009roi des r\u00e9gimes\u2009\u00bb. Adoptez-le sans plus attendre !","og_url":"https:\/\/www.safinel.fr\/it\/prodotto\/garcinia\/","og_site_name":"Safinel","article_modified_time":"2024-04-11T15:39:25+00:00","og_image":[{"width":600,"height":600,"url":"https:\/\/www.safinel.fr\/wp-content\/uploads\/2021\/06\/Garcinia-Cambogia.jpg","type":"image\/jpeg"}],"twitter_card":"summary_large_image","twitter_misc":{"Tempo di lettura stimato":"6 minuti"},"schema":{"@context":"https:\/\/schema.org","@graph":[{"@type":"WebPage","@id":"https:\/\/www.safinel.fr\/produit\/garcinia\/","url":"https:\/\/www.safinel.fr\/produit\/garcinia\/","name":"Garcinia Cambogia | Frutto tropicale dai numerosi benefici","isPartOf":{"@id":"https:\/\/www.safinel.fr\/#website"},"primaryImageOfPage":{"@id":"https:\/\/www.safinel.fr\/produit\/garcinia\/#primaryimage"},"image":{"@id":"https:\/\/www.safinel.fr\/produit\/garcinia\/#primaryimage"},"thumbnailUrl":"https:\/\/www.safinel.fr\/wp-content\/uploads\/2021\/06\/Garcinia-Cambogia.jpg","datePublished":"2021-06-03T11:50:21+00:00","dateModified":"2024-04-11T15:39:25+00:00","description":"La Garcinia Cambogia \u00e8 un frutto tropicale spesso definito il \u00abre delle diete\u00bb. Adottatelo subito!","breadcrumb":{"@id":"https:\/\/www.safinel.fr\/produit\/garcinia\/#breadcrumb"},"inLanguage":"it-IT","potentialAction":[{"@type":"ReadAction","target":["https:\/\/www.safinel.fr\/produit\/garcinia\/"]}]},{"@type":"ImageObject","inLanguage":"it-IT","@id":"https:\/\/www.safinel.fr\/produit\/garcinia\/#primaryimage","url":"https:\/\/www.safinel.fr\/wp-content\/uploads\/2021\/06\/Garcinia-Cambogia.jpg","contentUrl":"https:\/\/www.safinel.fr\/wp-content\/uploads\/2021\/06\/Garcinia-Cambogia.jpg","width":600,"height":600,"caption":"Garcinia Cambogia"},{"@type":"BreadcrumbList","@id":"https:\/\/www.safinel.fr\/produit\/garcinia\/#breadcrumb","itemListElement":[{"@type":"ListItem","position":1,"name":"Accueil","item":"https:\/\/www.safinel.fr\/"},{"@type":"ListItem","position":2,"name":"Boutique","item":"https:\/\/www.safinel.fr\/boutique\/"},{"@type":"ListItem","position":3,"name":"Garcinia 100g"}]},{"@type":"WebSite","@id":"https:\/\/www.safinel.fr\/#website","url":"https:\/\/www.safinel.fr\/","name":"Safinel","description":"","publisher":{"@id":"https:\/\/www.safinel.fr\/#organization"},"potentialAction":[{"@type":"SearchAction","target":{"@type":"EntryPoint","urlTemplate":"https:\/\/www.safinel.fr\/?s={search_term_string}"},"query-input":{"@type":"PropertyValueSpecification","valueRequired":true,"valueName":"search_term_string"}}],"inLanguage":"it-IT"},{"@type":"Organization","@id":"https:\/\/www.safinel.fr\/#organization","name":"Safinel","url":"https:\/\/www.safinel.fr\/","logo":{"@type":"ImageObject","inLanguage":"it-IT","@id":"https:\/\/www.safinel.fr\/#\/schema\/logo\/image\/","url":"https:\/\/www.safinel.fr\/wp-content\/uploads\/2021\/05\/boutique-cosmetique.png","contentUrl":"https:\/\/www.safinel.fr\/wp-content\/uploads\/2021\/05\/boutique-cosmetique.png","width":800,"height":200,"caption":"Safinel"},"image":{"@id":"https:\/\/www.safinel.fr\/#\/schema\/logo\/image\/"}}]}},"_links":{"self":[{"href":"https:\/\/www.safinel.fr\/it\/wp-json\/wp\/v2\/product\/131","targetHints":{"allow":["GET"]}}],"collection":[{"href":"https:\/\/www.safinel.fr\/it\/wp-json\/wp\/v2\/product"}],"about":[{"href":"https:\/\/www.safinel.fr\/it\/wp-json\/wp\/v2\/types\/product"}],"wp:featuredmedia":[{"embeddable":true,"href":"https:\/\/www.safinel.fr\/it\/wp-json\/wp\/v2\/media\/2901"}],"wp:attachment":[{"href":"https:\/\/www.safinel.fr\/it\/wp-json\/wp\/v2\/media?parent=131"}],"wp:term":[{"taxonomy":"product_brand","embeddable":true,"href":"https:\/\/www.safinel.fr\/it\/wp-json\/wp\/v2\/product_brand?post=131"},{"taxonomy":"product_cat","embeddable":true,"href":"https:\/\/www.safinel.fr\/it\/wp-json\/wp\/v2\/product_cat?post=131"},{"taxonomy":"product_tag","embeddable":true,"href":"https:\/\/www.safinel.fr\/it\/wp-json\/wp\/v2\/product_tag?post=131"}],"curies":[{"name":"wp","href":"https:\/\/api.w.org\/{rel}","templated":true}]}}