{"id":130,"date":"2021-06-01T19:26:51","date_gmt":"2021-06-01T19:26:51","guid":{"rendered":"https:\/\/www.safinel.fr\/?post_type=product&#038;p=130"},"modified":"2024-01-17T11:43:53","modified_gmt":"2024-01-17T11:43:53","slug":"radice-di-tarassaco","status":"publish","type":"product","link":"https:\/\/www.safinel.fr\/it\/prodotto\/radice-di-tarassaco\/","title":{"rendered":"Radice di tarassaco 100g"},"content":{"rendered":"<p>No, non state sognando: il tarassaco \u00e8 noto anche come \u00abscaccia-letto\u00bb per le sue eccezionali propriet\u00e0 diuretiche. Infatti, grazie alla sua amarezza e alla sua <a href=\"https:\/\/www.espritsante.com\/articles\/acide-phenolique\" target=\"_blank\" rel=\"noopener\"><strong>acidi fenolici<\/strong><\/a> e steroli. La radice di tarassaco agisce come un efficace diuretico per stimolare il fegato.<\/p>\n<p>Questa pianta \u00e8 utilizzata da tempo immemorabile in erboristeria per <a href=\"https:\/\/www.safinel.fr\/it\/prodotto\/gambi-di-ciliegio\/\"><strong>pulizia generale del corpo<\/strong><\/a>.<\/p>\n<h2><b>Tarassaco: una radice benefica per il corpo umano<\/b><\/h2>\n<p>Vale anche la pena di ricordare che questa pianta, comunemente presente nei prati e nei campi, \u00e8 una delle poche che si trova in quasi ogni angolo del mondo.<\/p>\n<p>Si trova in quasi tutti i continenti. Il suo nome latino \u00e8 taraxacum officinale. \u00c8 una pianta erbacea perenne con un fiore giallo brillante che si trasforma in una sorta di pompon.<\/p>\n<p>Ideale per il fegato e la cistifellea. Tuttavia, \u00e8 consigliabile consumare la radice come decotto.<\/p>\n<p>Per sfruttare al meglio i benefici disintossicanti della radice di tarassaco. \u00c8 meglio seguire le dosi consigliate.<\/p>\n<h2><b>Indicazioni per l'uso in decotto :<\/b><\/h2>\n<p>Il nostro team consiglia di far bollire circa 5 grammi di radice di tarassaco per circa dieci minuti. Quindi, gustatela. Per ottenere i migliori risultati, \u00e8 meglio ripetere questo procedimento tre volte al giorno.<\/p>\n<p>Ci sono alcune precauzioni da prendere prima di iniziare una cura a base di tarassaco:<\/p>\n<ul>\n<li>Il nostro team desidera informarvi che \u00e8 preferibile che le persone affette da calcoli biliari inizino a chiedere il parere del proprio medico.<\/li>\n<li>\u00c8 importante sapere che le cure a base di tarassaco sono indicate solo per brevi periodi.<span class=\"Apple-converted-space\">\u00a0<\/span><\/li>\n<li>Non \u00e8 indicato per le donne in gravidanza o in fase di allattamento.<\/li>\n<li>Le cure a base di radice di tarassaco sono inoltre controindicate in caso di malattie renali o cardiache.<\/li>\n<\/ul>","protected":false},"excerpt":{"rendered":"<p>Non vous ne r\u00eavez pas, le pissenlit est bien \u00e9galement appel\u00e9 le \u00ab pisse au lit \u00bb \u00e0 cause de son exceptionnelle fonction diur\u00e9tique. En effet, gr\u00e2ce \u00e0 son amertume et \u00e0 ses acides ph\u00e9nol et st\u00e9rols. La racine de pissenlit permet d\u2019agir comme un diur\u00e9tique efficace pour stimuler le foie. C\u2019est une plante utilis\u00e9e [&#8230;]","protected":false},"featured_media":45,"template":"","meta":[],"product_brand":[],"product_cat":[27],"product_tag":[],"class_list":{"0":"post-130","1":"product","2":"type-product","3":"status-publish","4":"has-post-thumbnail","6":"product_cat-plantes-medicinales","8":"first","9":"instock","10":"shipping-taxable","11":"purchasable","12":"product-type-simple"},"yoast_head":"<!-- This site is optimized with the Yoast SEO plugin v26.6 - https:\/\/yoast.com\/wordpress\/plugins\/seo\/ -->\n<title>Racine de pissenlit (taraxacum officinale) | Bienfaits nombreux<\/title>\n<meta name=\"description\" content=\"Gr\u00e2ce \u00e0 son amertume et \u00e0 ses acides ph\u00e9nol et st\u00e9rols. La racine de pissenlit permet d\u2019agir comme un diur\u00e9tique pour stimuler le foie.\" \/>\n<meta name=\"robots\" content=\"index, follow, max-snippet:-1, max-image-preview:large, max-video-preview:-1\" \/>\n<link rel=\"canonical\" href=\"https:\/\/www.safinel.fr\/it\/prodotto\/radice-di-tarassaco\/\" \/>\n<meta property=\"og:locale\" content=\"it_IT\" \/>\n<meta property=\"og:type\" content=\"article\" \/>\n<meta property=\"og:title\" content=\"Racine de pissenlit (taraxacum officinale) | Bienfaits nombreux\" \/>\n<meta property=\"og:description\" content=\"Gr\u00e2ce \u00e0 son amertume et \u00e0 ses acides ph\u00e9nol et st\u00e9rols. La racine de pissenlit permet d\u2019agir comme un diur\u00e9tique pour stimuler le foie.\" \/>\n<meta property=\"og:url\" content=\"https:\/\/www.safinel.fr\/it\/prodotto\/radice-di-tarassaco\/\" \/>\n<meta property=\"og:site_name\" content=\"Safinel\" \/>\n<meta property=\"article:modified_time\" content=\"2024-01-17T11:43:53+00:00\" \/>\n<meta property=\"og:image\" content=\"https:\/\/www.safinel.fr\/wp-content\/uploads\/2021\/05\/pissenlit-racine-site.jpg\" \/>\n\t<meta property=\"og:image:width\" content=\"311\" \/>\n\t<meta property=\"og:image:height\" content=\"400\" \/>\n\t<meta property=\"og:image:type\" content=\"image\/jpeg\" \/>\n<meta name=\"twitter:card\" content=\"summary_large_image\" \/>\n<meta name=\"twitter:label1\" content=\"Tempo di lettura stimato\" \/>\n\t<meta name=\"twitter:data1\" content=\"2 minuti\" \/>\n<script type=\"application\/ld+json\" class=\"yoast-schema-graph\">{\"@context\":\"https:\/\/schema.org\",\"@graph\":[{\"@type\":\"WebPage\",\"@id\":\"https:\/\/www.safinel.fr\/produit\/racine-de-pissenlit\/\",\"url\":\"https:\/\/www.safinel.fr\/produit\/racine-de-pissenlit\/\",\"name\":\"Racine de pissenlit (taraxacum officinale) | Bienfaits nombreux\",\"isPartOf\":{\"@id\":\"https:\/\/www.safinel.fr\/#website\"},\"primaryImageOfPage\":{\"@id\":\"https:\/\/www.safinel.fr\/produit\/racine-de-pissenlit\/#primaryimage\"},\"image\":{\"@id\":\"https:\/\/www.safinel.fr\/produit\/racine-de-pissenlit\/#primaryimage\"},\"thumbnailUrl\":\"https:\/\/www.safinel.fr\/wp-content\/uploads\/2021\/05\/pissenlit-racine-site.jpg\",\"datePublished\":\"2021-06-01T19:26:51+00:00\",\"dateModified\":\"2024-01-17T11:43:53+00:00\",\"description\":\"Gr\u00e2ce \u00e0 son amertume et \u00e0 ses acides ph\u00e9nol et st\u00e9rols. La racine de pissenlit permet d\u2019agir comme un diur\u00e9tique pour stimuler le foie.\",\"breadcrumb\":{\"@id\":\"https:\/\/www.safinel.fr\/produit\/racine-de-pissenlit\/#breadcrumb\"},\"inLanguage\":\"it-IT\",\"potentialAction\":[{\"@type\":\"ReadAction\",\"target\":[\"https:\/\/www.safinel.fr\/produit\/racine-de-pissenlit\/\"]}]},{\"@type\":\"ImageObject\",\"inLanguage\":\"it-IT\",\"@id\":\"https:\/\/www.safinel.fr\/produit\/racine-de-pissenlit\/#primaryimage\",\"url\":\"https:\/\/www.safinel.fr\/wp-content\/uploads\/2021\/05\/pissenlit-racine-site.jpg\",\"contentUrl\":\"https:\/\/www.safinel.fr\/wp-content\/uploads\/2021\/05\/pissenlit-racine-site.jpg\",\"width\":311,\"height\":400,\"caption\":\"Racine de pissenlit\"},{\"@type\":\"BreadcrumbList\",\"@id\":\"https:\/\/www.safinel.fr\/produit\/racine-de-pissenlit\/#breadcrumb\",\"itemListElement\":[{\"@type\":\"ListItem\",\"position\":1,\"name\":\"Accueil\",\"item\":\"https:\/\/www.safinel.fr\/\"},{\"@type\":\"ListItem\",\"position\":2,\"name\":\"Boutique\",\"item\":\"https:\/\/www.safinel.fr\/boutique\/\"},{\"@type\":\"ListItem\",\"position\":3,\"name\":\"Racine de pissenlit 100g\"}]},{\"@type\":\"WebSite\",\"@id\":\"https:\/\/www.safinel.fr\/#website\",\"url\":\"https:\/\/www.safinel.fr\/\",\"name\":\"Safinel\",\"description\":\"\",\"publisher\":{\"@id\":\"https:\/\/www.safinel.fr\/#organization\"},\"potentialAction\":[{\"@type\":\"SearchAction\",\"target\":{\"@type\":\"EntryPoint\",\"urlTemplate\":\"https:\/\/www.safinel.fr\/?s={search_term_string}\"},\"query-input\":{\"@type\":\"PropertyValueSpecification\",\"valueRequired\":true,\"valueName\":\"search_term_string\"}}],\"inLanguage\":\"it-IT\"},{\"@type\":\"Organization\",\"@id\":\"https:\/\/www.safinel.fr\/#organization\",\"name\":\"Safinel\",\"url\":\"https:\/\/www.safinel.fr\/\",\"logo\":{\"@type\":\"ImageObject\",\"inLanguage\":\"it-IT\",\"@id\":\"https:\/\/www.safinel.fr\/#\/schema\/logo\/image\/\",\"url\":\"https:\/\/www.safinel.fr\/wp-content\/uploads\/2021\/05\/boutique-cosmetique.png\",\"contentUrl\":\"https:\/\/www.safinel.fr\/wp-content\/uploads\/2021\/05\/boutique-cosmetique.png\",\"width\":800,\"height\":200,\"caption\":\"Safinel\"},\"image\":{\"@id\":\"https:\/\/www.safinel.fr\/#\/schema\/logo\/image\/\"}}]}<\/script>\n<!-- \/ Yoast SEO plugin. -->","yoast_head_json":{"title":"Radice di tarassaco (taraxacum officinale) | Numerosi benefici","description":"Grazie alla sua amarezza e ai suoi acidi fenoli e steroli. La radice di tarassaco agisce come diuretico per stimolare il fegato.","robots":{"index":"index","follow":"follow","max-snippet":"max-snippet:-1","max-image-preview":"max-image-preview:large","max-video-preview":"max-video-preview:-1"},"canonical":"https:\/\/www.safinel.fr\/it\/prodotto\/radice-di-tarassaco\/","og_locale":"it_IT","og_type":"article","og_title":"Racine de pissenlit (taraxacum officinale) | Bienfaits nombreux","og_description":"Gr\u00e2ce \u00e0 son amertume et \u00e0 ses acides ph\u00e9nol et st\u00e9rols. La racine de pissenlit permet d\u2019agir comme un diur\u00e9tique pour stimuler le foie.","og_url":"https:\/\/www.safinel.fr\/it\/prodotto\/radice-di-tarassaco\/","og_site_name":"Safinel","article_modified_time":"2024-01-17T11:43:53+00:00","og_image":[{"width":311,"height":400,"url":"https:\/\/www.safinel.fr\/wp-content\/uploads\/2021\/05\/pissenlit-racine-site.jpg","type":"image\/jpeg"}],"twitter_card":"summary_large_image","twitter_misc":{"Tempo di lettura stimato":"2 minuti"},"schema":{"@context":"https:\/\/schema.org","@graph":[{"@type":"WebPage","@id":"https:\/\/www.safinel.fr\/produit\/racine-de-pissenlit\/","url":"https:\/\/www.safinel.fr\/produit\/racine-de-pissenlit\/","name":"Radice di tarassaco (taraxacum officinale) | Numerosi benefici","isPartOf":{"@id":"https:\/\/www.safinel.fr\/#website"},"primaryImageOfPage":{"@id":"https:\/\/www.safinel.fr\/produit\/racine-de-pissenlit\/#primaryimage"},"image":{"@id":"https:\/\/www.safinel.fr\/produit\/racine-de-pissenlit\/#primaryimage"},"thumbnailUrl":"https:\/\/www.safinel.fr\/wp-content\/uploads\/2021\/05\/pissenlit-racine-site.jpg","datePublished":"2021-06-01T19:26:51+00:00","dateModified":"2024-01-17T11:43:53+00:00","description":"Grazie alla sua amarezza e ai suoi acidi fenoli e steroli. La radice di tarassaco agisce come diuretico per stimolare il fegato.","breadcrumb":{"@id":"https:\/\/www.safinel.fr\/produit\/racine-de-pissenlit\/#breadcrumb"},"inLanguage":"it-IT","potentialAction":[{"@type":"ReadAction","target":["https:\/\/www.safinel.fr\/produit\/racine-de-pissenlit\/"]}]},{"@type":"ImageObject","inLanguage":"it-IT","@id":"https:\/\/www.safinel.fr\/produit\/racine-de-pissenlit\/#primaryimage","url":"https:\/\/www.safinel.fr\/wp-content\/uploads\/2021\/05\/pissenlit-racine-site.jpg","contentUrl":"https:\/\/www.safinel.fr\/wp-content\/uploads\/2021\/05\/pissenlit-racine-site.jpg","width":311,"height":400,"caption":"Racine de pissenlit"},{"@type":"BreadcrumbList","@id":"https:\/\/www.safinel.fr\/produit\/racine-de-pissenlit\/#breadcrumb","itemListElement":[{"@type":"ListItem","position":1,"name":"Accueil","item":"https:\/\/www.safinel.fr\/"},{"@type":"ListItem","position":2,"name":"Boutique","item":"https:\/\/www.safinel.fr\/boutique\/"},{"@type":"ListItem","position":3,"name":"Racine de pissenlit 100g"}]},{"@type":"WebSite","@id":"https:\/\/www.safinel.fr\/#website","url":"https:\/\/www.safinel.fr\/","name":"Safinel","description":"","publisher":{"@id":"https:\/\/www.safinel.fr\/#organization"},"potentialAction":[{"@type":"SearchAction","target":{"@type":"EntryPoint","urlTemplate":"https:\/\/www.safinel.fr\/?s={search_term_string}"},"query-input":{"@type":"PropertyValueSpecification","valueRequired":true,"valueName":"search_term_string"}}],"inLanguage":"it-IT"},{"@type":"Organization","@id":"https:\/\/www.safinel.fr\/#organization","name":"Safinel","url":"https:\/\/www.safinel.fr\/","logo":{"@type":"ImageObject","inLanguage":"it-IT","@id":"https:\/\/www.safinel.fr\/#\/schema\/logo\/image\/","url":"https:\/\/www.safinel.fr\/wp-content\/uploads\/2021\/05\/boutique-cosmetique.png","contentUrl":"https:\/\/www.safinel.fr\/wp-content\/uploads\/2021\/05\/boutique-cosmetique.png","width":800,"height":200,"caption":"Safinel"},"image":{"@id":"https:\/\/www.safinel.fr\/#\/schema\/logo\/image\/"}}]}},"_links":{"self":[{"href":"https:\/\/www.safinel.fr\/it\/wp-json\/wp\/v2\/product\/130","targetHints":{"allow":["GET"]}}],"collection":[{"href":"https:\/\/www.safinel.fr\/it\/wp-json\/wp\/v2\/product"}],"about":[{"href":"https:\/\/www.safinel.fr\/it\/wp-json\/wp\/v2\/types\/product"}],"wp:featuredmedia":[{"embeddable":true,"href":"https:\/\/www.safinel.fr\/it\/wp-json\/wp\/v2\/media\/45"}],"wp:attachment":[{"href":"https:\/\/www.safinel.fr\/it\/wp-json\/wp\/v2\/media?parent=130"}],"wp:term":[{"taxonomy":"product_brand","embeddable":true,"href":"https:\/\/www.safinel.fr\/it\/wp-json\/wp\/v2\/product_brand?post=130"},{"taxonomy":"product_cat","embeddable":true,"href":"https:\/\/www.safinel.fr\/it\/wp-json\/wp\/v2\/product_cat?post=130"},{"taxonomy":"product_tag","embeddable":true,"href":"https:\/\/www.safinel.fr\/it\/wp-json\/wp\/v2\/product_tag?post=130"}],"curies":[{"name":"wp","href":"https:\/\/api.w.org\/{rel}","templated":true}]}}