{"id":1291,"date":"2022-05-14T12:27:47","date_gmt":"2022-05-14T12:27:47","guid":{"rendered":"https:\/\/www.safinel.fr\/?post_type=product&#038;p=1291"},"modified":"2025-03-04T22:30:01","modified_gmt":"2025-03-04T22:30:01","slug":"olio-di-granchio","status":"publish","type":"product","link":"https:\/\/www.safinel.fr\/it\/prodotto\/olio-di-granchio\/","title":{"rendered":"Olio dell'albero del t\u00e8"},"content":{"rendered":"<p>Safinel non poteva parlare della salute dei capelli senza citare il famoso\u00a0<strong>olio di ch\u00e9b\u00e9<\/strong>\u00a0! Le donne Bassara del Ciad utilizzano questo strumento di bellezza fin dall'antichit\u00e0 e i loro capelli parlano da soli.<\/p>\n<p>Sebbene questo prodotto sia ben conosciuto in Africa, e in particolare in Ciad, rimane un mistero per molti. E questa potrebbe essere la prima volta che ne sentite parlare.\u00a0<strong>Cura dell'Africa<\/strong>. Ma che siate uomini o donne, questo elisir vi affasciner\u00e0...<\/p>\n<p>Venite a scoprirlo da Safinel! I vostri capelli e la vostra barba vi ringrazieranno...<\/p>\n<h2><strong>Olio di Chebe: la rivelazione della bellezza ciadiana\u00a0<\/strong><\/h2>\n<p>L'olio Ch\u00e9b\u00e9, il cui nome significa \u201cintrecciare\u201d, \u00e8 un cosmetico naturale che non contiene sostanze chimiche. \u00c8 inoltre disponibile in due formati: 60mL senza spray e 100mL con spray. Anche questo elisir \u00e8 100% puro e naturale.<\/p>\n<p>\u00c8 anche un segreto di bellezza ciadiano molto rinomato. Si ottiene infatti dalla macerazione della polvere mescolata a macerati di olio di oliva, baobab e ricino. \u00c8 anche il prodotto finito, una volta tostato e schiacciato il seme di croton zambezi. Quest'ultimo (Croton gratissimus) \u00e8 una pianta ricca di nutrienti noti per accelerare la crescita dei capelli.<\/p>\n<p>Per quanto riguarda la consistenza dell'olio, \u00e8 leggero e inodore. Tuttavia, non lascia residui untuosi, il che \u00e8 molto piacevole.<\/p>\n<p>Inoltre, se non lo sapeste... Questo elisir contiene un ingrediente chiave: la cera di fiori di lavanda. La lavanda ha potenti propriet\u00e0 idratanti che penetrano in profondit\u00e0 nel cuoio capelluto, nutrendolo dall'interno.<\/p>\n<p>Questo spiega perch\u00e9 si ottengono capelli pi\u00f9 forti e sani, che crescono pi\u00f9 velocemente dalle radici alle punte. Questo lo rende un prodotto incredibile per stimolare la crescita e idratare i capelli afro, mediterranei e indisciplinati.<\/p>\n<h2><strong>Burro di karit\u00e9: benefici senza precedenti per capelli e barba<\/strong><\/h2>\n<p>S\u00ec, questo\u00a0<strong>strumento di bellezza<\/strong>\u00a0\u00e8 adatto sia alle donne che agli uomini!<\/p>\n<ul>\n<li>Innanzitutto, l'olio di quercia idrata e protegge profondamente i capelli, esaltandone la lucentezza; ;<\/li>\n<\/ul>\n<ul>\n<li>Inoltre, restituisce vitalit\u00e0 ai capelli spezzati, divisi o eccessivamente lavorati, idratando profondamente e rafforzando le ciocche; ;<\/li>\n<\/ul>\n<ul>\n<li>Contiene anche un alto livello di acido laurico, che ha dimostrato di avere propriet\u00e0 antibatteriche. Contiene anche vitamina E, che aiuta a riparare le cellule danneggiate. Contiene anche vitamina A, che aiuta a ridurre le infiammazioni; ;<\/li>\n<\/ul>\n<ul>\n<li>Infine, aiuta a combattere la caduta dei capelli e ne accelera la crescita.<\/li>\n<\/ul>\n<p>Quindi, se siete convinti, siete sulla buona strada per ottenere capelli belli, lunghi e sani che saranno sulla bocca di tutti!<\/p>\n<h2><strong>Olio di Chebe in un bagno d'olio per capelli sublimi!<\/strong><\/h2>\n<h3><strong>1\u00b0 metodo<\/strong><\/h3>\n<ul>\n<li>Innanzitutto, si pu\u00f2 mescolare con un macerato vegetale, come il macerato di olive; ;<\/li>\n<\/ul>\n<ul>\n<li>Si pu\u00f2 quindi lasciare il trattamento sui capelli per 3 ore prima dello shampoo; ;<\/li>\n<\/ul>\n<ul>\n<li>Infine, non dimenticate di agitare il flacone contenente la miscela prima di ogni utilizzo.<\/li>\n<\/ul>\n<h3><strong>2\u00b0 metodo<\/strong><\/h3>\n<ul>\n<li>Innanzitutto, l'olio pu\u00f2 essere mescolato con la polvere di ch\u00e9b\u00e9, il burro di karit\u00e9 e la noce di cocco. In questo modo si rafforza la formula del trattamento; ;<\/li>\n<\/ul>\n<ul>\n<li>\u00c8 possibile amplificare i benefici di questo elisir utilizzando la polvere di ch\u00e9b\u00e9. Inoltre, si pu\u00f2 usare la polvere per fare una pasta da usare come balsamo o per lo styling; ;<\/li>\n<\/ul>\n<ul>\n<li>Questi elementi possono anche essere combinati con acqua e glicerina per ottenere uno spray; ;<\/li>\n<\/ul>\n<ul>\n<li>Infine, applicare 3 volte a settimana sul cuoio capelluto e massaggiare con movimenti circolari per almeno 5 minuti.<\/li>\n<\/ul>\n<h3><strong>3\u00b0 metodo\u00a0<\/strong><\/h3>\n<ul>\n<li>Per prima cosa, separate i capelli in quattro sezioni; ;<\/li>\n<\/ul>\n<ul>\n<li>Successivamente, applicare questo elisir a una distanza di 10 centimetri dalle radici alle punte; ;<\/li>\n<\/ul>\n<ul>\n<li>Quindi massaggiare delicatamente il cuoio capelluto per 5-10 minuti; ;<\/li>\n<\/ul>\n<ul>\n<li>Infine, lasciare riposare per tre ore sotto cellophane prima di lavare con lo shampoo.<\/li>\n<\/ul>\n<h2><strong>Olio per barba per una barba degna di questo nome!<\/strong><\/h2>\n<p>Il vantaggio dell'olio per la barba \u00e8 che ha gli stessi benefici per la barba e per i capelli. Idrata perfettamente i peli della barba e ne stimola la crescita. Quindi questo elisir non \u00e8 solo per le donne e i loro capelli; anche gli uomini possono usarlo.<\/p>\n<ul>\n<li>Per prima cosa, mettete qualche goccia di questo elisir nel palmo della mano; ;<\/li>\n<\/ul>\n<ul>\n<li>Quindi, strofinarlo sui peli della barba e massaggiare per 5 minuti per stimolare la crescita; ;<\/li>\n<\/ul>\n<ul>\n<li>Infine, \u00e8 meglio applicarlo al mattino, quando i pori e i follicoli piliferi sono aperti, in modo che possa essere assorbito pi\u00f9 facilmente.<\/li>\n<\/ul>\n<p>Ora sta a voi sfruttare al meglio tutti questi metodi: c'\u00e8 molto da fare!<\/p>\n<h2><strong>Ulteriori consigli sull'uso dell'olio di chebe<\/strong><\/h2>\n<ul>\n<li>Per quanto riguarda la quantit\u00e0, questa dipende ovviamente dalla massa dei capelli; ;<\/li>\n<\/ul>\n<ul>\n<li>Per quanto riguarda la frequenza, questo trattamento pu\u00f2 essere applicato settimanalmente come parte della routine di cura dei capelli; ;<\/li>\n<\/ul>\n<ul>\n<li>Ma per ottenere risultati ottimali, lavate i capelli con il nostro\u00a0<a href=\"https:\/\/www.safinel.fr\/it\/prodotto\/gombo-chebe-idratazione-intensa-shampoo-solido-80g\/\"><strong>Ch\u00e9b\u00e9 Gombo Shampoo Solido Idratazione Intensa 80g<\/strong><\/a>. Aiuta a eliminare le cellule morte e le tossine dal cuoio capelluto; ;<\/li>\n<\/ul>\n<ul>\n<li>Tuttavia, dovrete aspettare qualche mese o addirittura qualche anno prima di vedere dei veri cambiamenti nell'aspetto dei vostri capelli. \u00c8 vero, si tratta di un trattamento che deve essere regolare e duraturo, ma per una buona causa! Dovrete quindi avere pazienza, come ormai avrete capito...<\/li>\n<\/ul>\n<h3><strong>Precauzioni per l'uso<\/strong><\/h3>\n<p>Sebbene questo cosmetico sia ben noto, \u00e8 necessario adottare alcune precauzioni:<\/p>\n<ul>\n<li>Infatti, l'olio deve essere applicato lontano dal cuoio capelluto per non soffocarlo. Quindi, per evitare il prurito e la caduta dei capelli, applicatelo a 10 cm dalle radici alle punte; ;<\/li>\n<\/ul>\n<ul>\n<li>Testare sempre l'olio su una piccola area prima di applicare il trattamento completo; ;<\/li>\n<\/ul>\n<ul>\n<li>Infine, l'olio potrebbe macchiare i vestiti, quindi ricordatevi di proteggerli prima di ogni utilizzo.<\/li>\n<\/ul>","protected":false},"excerpt":{"rendered":"<p>100 ml = bottiglia di vetro ambrato con tappo a spruzzo o a pipetta<\/p>","protected":false},"featured_media":1705,"template":"","meta":[],"product_brand":[],"product_cat":[148,122,41],"product_tag":[],"class_list":{"0":"post-1291","1":"product","2":"type-product","3":"status-publish","4":"has-post-thumbnail","6":"product_cat-chebe","7":"product_cat-huile-vegetale","8":"product_cat-produits-naturels-divers","10":"first","11":"instock","12":"shipping-taxable","13":"purchasable","14":"product-type-variable","15":"has-default-attributes"},"yoast_head":"<!-- This site is optimized with the Yoast SEO plugin v26.6 - https:\/\/yoast.com\/wordpress\/plugins\/seo\/ -->\n<title>Huile de chebe | Soin capillaire africain | 100% pure et naturelle<\/title>\n<meta name=\"description\" content=\"Safinel ne pouvait aucunement parler sant\u00e9 capillaire sans \u00e9voquer la fameuse\u00a0huile de chebe\u00a0! Achat rapide et s\u00e9curis\u00e9 en quelques clics.\" \/>\n<meta name=\"robots\" content=\"index, follow, max-snippet:-1, max-image-preview:large, max-video-preview:-1\" \/>\n<link rel=\"canonical\" href=\"https:\/\/www.safinel.fr\/it\/prodotto\/olio-di-granchio\/\" \/>\n<meta property=\"og:locale\" content=\"it_IT\" \/>\n<meta property=\"og:type\" content=\"article\" \/>\n<meta property=\"og:title\" content=\"Huile de chebe | Soin capillaire africain | 100% pure et naturelle\" \/>\n<meta property=\"og:description\" content=\"Safinel ne pouvait aucunement parler sant\u00e9 capillaire sans \u00e9voquer la fameuse\u00a0huile de chebe\u00a0! Achat rapide et s\u00e9curis\u00e9 en quelques clics.\" \/>\n<meta property=\"og:url\" content=\"https:\/\/www.safinel.fr\/it\/prodotto\/olio-di-granchio\/\" \/>\n<meta property=\"og:site_name\" content=\"Safinel\" \/>\n<meta property=\"article:modified_time\" content=\"2025-03-04T22:30:01+00:00\" \/>\n<meta property=\"og:image\" content=\"https:\/\/www.safinel.fr\/wp-content\/uploads\/2022\/05\/huile-de-chebe-60ml.jpg\" \/>\n\t<meta property=\"og:image:width\" content=\"600\" \/>\n\t<meta property=\"og:image:height\" content=\"600\" \/>\n\t<meta property=\"og:image:type\" content=\"image\/jpeg\" \/>\n<meta name=\"twitter:card\" content=\"summary_large_image\" \/>\n<meta name=\"twitter:label1\" content=\"Tempo di lettura stimato\" \/>\n\t<meta name=\"twitter:data1\" content=\"6 minuti\" \/>\n<script type=\"application\/ld+json\" class=\"yoast-schema-graph\">{\"@context\":\"https:\/\/schema.org\",\"@graph\":[{\"@type\":\"WebPage\",\"@id\":\"https:\/\/www.safinel.fr\/produit\/huile-de-chebe\/\",\"url\":\"https:\/\/www.safinel.fr\/produit\/huile-de-chebe\/\",\"name\":\"Huile de chebe | Soin capillaire africain | 100% pure et naturelle\",\"isPartOf\":{\"@id\":\"https:\/\/www.safinel.fr\/#website\"},\"primaryImageOfPage\":{\"@id\":\"https:\/\/www.safinel.fr\/produit\/huile-de-chebe\/#primaryimage\"},\"image\":{\"@id\":\"https:\/\/www.safinel.fr\/produit\/huile-de-chebe\/#primaryimage\"},\"thumbnailUrl\":\"https:\/\/www.safinel.fr\/wp-content\/uploads\/2022\/05\/huile-de-chebe-60ml.jpg\",\"datePublished\":\"2022-05-14T12:27:47+00:00\",\"dateModified\":\"2025-03-04T22:30:01+00:00\",\"description\":\"Safinel ne pouvait aucunement parler sant\u00e9 capillaire sans \u00e9voquer la fameuse\u00a0huile de chebe\u00a0! Achat rapide et s\u00e9curis\u00e9 en quelques clics.\",\"breadcrumb\":{\"@id\":\"https:\/\/www.safinel.fr\/produit\/huile-de-chebe\/#breadcrumb\"},\"inLanguage\":\"it-IT\",\"potentialAction\":[{\"@type\":\"ReadAction\",\"target\":[\"https:\/\/www.safinel.fr\/produit\/huile-de-chebe\/\"]}]},{\"@type\":\"ImageObject\",\"inLanguage\":\"it-IT\",\"@id\":\"https:\/\/www.safinel.fr\/produit\/huile-de-chebe\/#primaryimage\",\"url\":\"https:\/\/www.safinel.fr\/wp-content\/uploads\/2022\/05\/huile-de-chebe-60ml.jpg\",\"contentUrl\":\"https:\/\/www.safinel.fr\/wp-content\/uploads\/2022\/05\/huile-de-chebe-60ml.jpg\",\"width\":600,\"height\":600,\"caption\":\"Huile de chebe 60ml\"},{\"@type\":\"BreadcrumbList\",\"@id\":\"https:\/\/www.safinel.fr\/produit\/huile-de-chebe\/#breadcrumb\",\"itemListElement\":[{\"@type\":\"ListItem\",\"position\":1,\"name\":\"Accueil\",\"item\":\"https:\/\/www.safinel.fr\/\"},{\"@type\":\"ListItem\",\"position\":2,\"name\":\"Boutique\",\"item\":\"https:\/\/www.safinel.fr\/boutique\/\"},{\"@type\":\"ListItem\",\"position\":3,\"name\":\"Huile de ch\u00e9b\u00e9\"}]},{\"@type\":\"WebSite\",\"@id\":\"https:\/\/www.safinel.fr\/#website\",\"url\":\"https:\/\/www.safinel.fr\/\",\"name\":\"Safinel\",\"description\":\"\",\"publisher\":{\"@id\":\"https:\/\/www.safinel.fr\/#organization\"},\"potentialAction\":[{\"@type\":\"SearchAction\",\"target\":{\"@type\":\"EntryPoint\",\"urlTemplate\":\"https:\/\/www.safinel.fr\/?s={search_term_string}\"},\"query-input\":{\"@type\":\"PropertyValueSpecification\",\"valueRequired\":true,\"valueName\":\"search_term_string\"}}],\"inLanguage\":\"it-IT\"},{\"@type\":\"Organization\",\"@id\":\"https:\/\/www.safinel.fr\/#organization\",\"name\":\"Safinel\",\"url\":\"https:\/\/www.safinel.fr\/\",\"logo\":{\"@type\":\"ImageObject\",\"inLanguage\":\"it-IT\",\"@id\":\"https:\/\/www.safinel.fr\/#\/schema\/logo\/image\/\",\"url\":\"https:\/\/www.safinel.fr\/wp-content\/uploads\/2021\/05\/boutique-cosmetique.png\",\"contentUrl\":\"https:\/\/www.safinel.fr\/wp-content\/uploads\/2021\/05\/boutique-cosmetique.png\",\"width\":800,\"height\":200,\"caption\":\"Safinel\"},\"image\":{\"@id\":\"https:\/\/www.safinel.fr\/#\/schema\/logo\/image\/\"}}]}<\/script>\n<!-- \/ Yoast SEO plugin. -->","yoast_head_json":{"title":"Olio di Chebe | Cura dei capelli africani | 100% puro e naturale","description":"Safinel non poteva parlare di salute dei capelli senza menzionare il famoso olio di chebe! Acquisto rapido e sicuro in pochi clic.","robots":{"index":"index","follow":"follow","max-snippet":"max-snippet:-1","max-image-preview":"max-image-preview:large","max-video-preview":"max-video-preview:-1"},"canonical":"https:\/\/www.safinel.fr\/it\/prodotto\/olio-di-granchio\/","og_locale":"it_IT","og_type":"article","og_title":"Huile de chebe | Soin capillaire africain | 100% pure et naturelle","og_description":"Safinel ne pouvait aucunement parler sant\u00e9 capillaire sans \u00e9voquer la fameuse\u00a0huile de chebe\u00a0! Achat rapide et s\u00e9curis\u00e9 en quelques clics.","og_url":"https:\/\/www.safinel.fr\/it\/prodotto\/olio-di-granchio\/","og_site_name":"Safinel","article_modified_time":"2025-03-04T22:30:01+00:00","og_image":[{"width":600,"height":600,"url":"https:\/\/www.safinel.fr\/wp-content\/uploads\/2022\/05\/huile-de-chebe-60ml.jpg","type":"image\/jpeg"}],"twitter_card":"summary_large_image","twitter_misc":{"Tempo di lettura stimato":"6 minuti"},"schema":{"@context":"https:\/\/schema.org","@graph":[{"@type":"WebPage","@id":"https:\/\/www.safinel.fr\/produit\/huile-de-chebe\/","url":"https:\/\/www.safinel.fr\/produit\/huile-de-chebe\/","name":"Olio di Chebe | Cura dei capelli africani | 100% puro e naturale","isPartOf":{"@id":"https:\/\/www.safinel.fr\/#website"},"primaryImageOfPage":{"@id":"https:\/\/www.safinel.fr\/produit\/huile-de-chebe\/#primaryimage"},"image":{"@id":"https:\/\/www.safinel.fr\/produit\/huile-de-chebe\/#primaryimage"},"thumbnailUrl":"https:\/\/www.safinel.fr\/wp-content\/uploads\/2022\/05\/huile-de-chebe-60ml.jpg","datePublished":"2022-05-14T12:27:47+00:00","dateModified":"2025-03-04T22:30:01+00:00","description":"Safinel non poteva parlare di salute dei capelli senza menzionare il famoso olio di chebe! Acquisto rapido e sicuro in pochi clic.","breadcrumb":{"@id":"https:\/\/www.safinel.fr\/produit\/huile-de-chebe\/#breadcrumb"},"inLanguage":"it-IT","potentialAction":[{"@type":"ReadAction","target":["https:\/\/www.safinel.fr\/produit\/huile-de-chebe\/"]}]},{"@type":"ImageObject","inLanguage":"it-IT","@id":"https:\/\/www.safinel.fr\/produit\/huile-de-chebe\/#primaryimage","url":"https:\/\/www.safinel.fr\/wp-content\/uploads\/2022\/05\/huile-de-chebe-60ml.jpg","contentUrl":"https:\/\/www.safinel.fr\/wp-content\/uploads\/2022\/05\/huile-de-chebe-60ml.jpg","width":600,"height":600,"caption":"Huile de chebe 60ml"},{"@type":"BreadcrumbList","@id":"https:\/\/www.safinel.fr\/produit\/huile-de-chebe\/#breadcrumb","itemListElement":[{"@type":"ListItem","position":1,"name":"Accueil","item":"https:\/\/www.safinel.fr\/"},{"@type":"ListItem","position":2,"name":"Boutique","item":"https:\/\/www.safinel.fr\/boutique\/"},{"@type":"ListItem","position":3,"name":"Huile de ch\u00e9b\u00e9"}]},{"@type":"WebSite","@id":"https:\/\/www.safinel.fr\/#website","url":"https:\/\/www.safinel.fr\/","name":"Safinel","description":"","publisher":{"@id":"https:\/\/www.safinel.fr\/#organization"},"potentialAction":[{"@type":"SearchAction","target":{"@type":"EntryPoint","urlTemplate":"https:\/\/www.safinel.fr\/?s={search_term_string}"},"query-input":{"@type":"PropertyValueSpecification","valueRequired":true,"valueName":"search_term_string"}}],"inLanguage":"it-IT"},{"@type":"Organization","@id":"https:\/\/www.safinel.fr\/#organization","name":"Safinel","url":"https:\/\/www.safinel.fr\/","logo":{"@type":"ImageObject","inLanguage":"it-IT","@id":"https:\/\/www.safinel.fr\/#\/schema\/logo\/image\/","url":"https:\/\/www.safinel.fr\/wp-content\/uploads\/2021\/05\/boutique-cosmetique.png","contentUrl":"https:\/\/www.safinel.fr\/wp-content\/uploads\/2021\/05\/boutique-cosmetique.png","width":800,"height":200,"caption":"Safinel"},"image":{"@id":"https:\/\/www.safinel.fr\/#\/schema\/logo\/image\/"}}]}},"_links":{"self":[{"href":"https:\/\/www.safinel.fr\/it\/wp-json\/wp\/v2\/product\/1291","targetHints":{"allow":["GET"]}}],"collection":[{"href":"https:\/\/www.safinel.fr\/it\/wp-json\/wp\/v2\/product"}],"about":[{"href":"https:\/\/www.safinel.fr\/it\/wp-json\/wp\/v2\/types\/product"}],"wp:featuredmedia":[{"embeddable":true,"href":"https:\/\/www.safinel.fr\/it\/wp-json\/wp\/v2\/media\/1705"}],"wp:attachment":[{"href":"https:\/\/www.safinel.fr\/it\/wp-json\/wp\/v2\/media?parent=1291"}],"wp:term":[{"taxonomy":"product_brand","embeddable":true,"href":"https:\/\/www.safinel.fr\/it\/wp-json\/wp\/v2\/product_brand?post=1291"},{"taxonomy":"product_cat","embeddable":true,"href":"https:\/\/www.safinel.fr\/it\/wp-json\/wp\/v2\/product_cat?post=1291"},{"taxonomy":"product_tag","embeddable":true,"href":"https:\/\/www.safinel.fr\/it\/wp-json\/wp\/v2\/product_tag?post=1291"}],"curies":[{"name":"wp","href":"https:\/\/api.w.org\/{rel}","templated":true}]}}