{"id":127,"date":"2021-06-01T19:15:59","date_gmt":"2021-06-01T19:15:59","guid":{"rendered":"https:\/\/www.safinel.fr\/?post_type=product&#038;p=127"},"modified":"2023-12-28T17:14:57","modified_gmt":"2023-12-28T17:14:57","slug":"ortica-100g","status":"publish","type":"product","link":"https:\/\/www.safinel.fr\/it\/prodotto\/ortica-100g\/","title":{"rendered":"Ortica 100 g"},"content":{"rendered":"<p>L'ortica \u00e8 una pianta perenne diffusa in tutto il mondo e ampiamente utilizzata da secoli per le sue propriet\u00e0 diuretiche e depurative. Spesso considerata un'erbaccia, negli ultimi anni \u00e8 stata riconosciuta come un'indispensabile medicina alternativa.<\/p>\n<h2><b>Ortica: dall'ombra alla luce<\/b><\/h2>\n<p>Il suo nome latino \u00e8 \u00aburtica dioica L\u00bb. Poco apprezzata a prima vista per il suo potere urticante, l'ortica non ha ancora detto la sua ultima parola. Contrariamente a quanto si crede, \u00e8 ricca di benefici.<span class=\"Apple-converted-space\">\u00a0<\/span>In pratica, questa pianta ha virt\u00f9 straordinarie. Esse hanno un effetto positivo sull'intero metabolismo.<span class=\"Apple-converted-space\">\u00a0<\/span><\/p>\n<p>In generale, si dice che abbia propriet\u00e0 diuretiche, depurative e rimineralizzanti.<\/p>\n<p>Stimola inoltre la funzione renale. Aiuta inoltre a combattere l'anemia (carenza di ferro) e la stanchezza grave.<\/p>\n<h2><b>Pianta diuretica e disintossicante<\/b><\/h2>\n<p>Oggi l'ortica \u00e8 un formidabile diuretico. Favorendo l'escrezione urinaria, aiuta a ripristinare il metabolismo di base dell'organismo. Lo fa disintossicando l'organismo in modo spettacolare.<\/p>\n<p>Oltre all'efficacia sulle vie urinarie, le sue propriet\u00e0 disintossicanti aiutano a regolare l'eccesso di sebo. \u00c8 quindi efficace per combattere molti problemi della pelle come :<\/p>\n<ul>\n<li>Eczema<\/li>\n<li>Scala<\/li>\n<li><a href=\"https:\/\/www.safinel.fr\/it\/prodotto\/salvia-sclarea\/\"><strong>Acne<\/strong><\/a><\/li>\n<li>Psoriasi<\/li>\n<\/ul>\n<p>Questa pianta medicinale viene comunemente consumata come tisana per sfruttare al meglio i suoi numerosi benefici.<\/p>\n<h3><b>Da assumere solo come tisana<\/b><\/h3>\n<p>Ecco alcuni consigli per preparare un decotto di questa pianta:<\/p>\n<ul>\n<li>Portare a ebollizione dell'acqua e aggiungere un cucchiaio raso di foglie di ortica fresche o secche.<\/li>\n<\/ul>\n<ul>\n<li>Dopo l'ebollizione, lasciare in infusione da 15 minuti a 1 ora.<span class=\"Apple-converted-space\">\u00a0<\/span><\/li>\n<\/ul>\n<p>Se si opta per una cura a base di ortica, \u00e8 consigliabile ripetere questa operazione 3 o 4 volte al giorno. Fatelo prima di ogni pasto<span class=\"Apple-converted-space\">\u00a0 <\/span>senza superare un periodo di polimerizzazione di oltre 3 settimane.<\/p>","protected":false},"excerpt":{"rendered":"<p>L'ortica \u00e8 una pianta perenne diffusa in tutto il mondo e ampiamente utilizzata da secoli per le sue propriet\u00e0 diuretiche e depurative. Spesso considerata un'erbaccia, da qualche anno \u00e8 riconosciuta come un'indispensabile medicina alternativa. Ortica: dall'ombra alla luce Il suo nome latino \u00e8 \u00aburtica dioica\".","protected":false},"featured_media":47,"template":"","meta":[],"product_brand":[],"product_cat":[27,19],"product_tag":[],"class_list":{"0":"post-127","1":"product","2":"type-product","3":"status-publish","4":"has-post-thumbnail","6":"product_cat-plantes-medicinales","7":"product_cat-thes-tisanes","9":"first","10":"instock","11":"shipping-taxable","12":"purchasable","13":"product-type-simple"},"yoast_head":"<!-- This site is optimized with the Yoast SEO plugin v26.6 - https:\/\/yoast.com\/wordpress\/plugins\/seo\/ -->\n<title>Ortie piquante | Infusion aux bienfaits multiples \u00e0 adopter<\/title>\n<meta name=\"description\" content=\"L\u2019ortie piquante est une plante vivace r\u00e9pandue dans le monde et utilis\u00e9e depuis des si\u00e8cles pour ses propri\u00e9t\u00e9s diur\u00e9tiques et d\u00e9puratives.\" \/>\n<meta name=\"robots\" content=\"index, follow, max-snippet:-1, max-image-preview:large, max-video-preview:-1\" \/>\n<link rel=\"canonical\" href=\"https:\/\/www.safinel.fr\/it\/prodotto\/ortica-100g\/\" \/>\n<meta property=\"og:locale\" content=\"it_IT\" \/>\n<meta property=\"og:type\" content=\"article\" \/>\n<meta property=\"og:title\" content=\"Ortie piquante | Infusion aux bienfaits multiples \u00e0 adopter\" \/>\n<meta property=\"og:description\" content=\"L\u2019ortie piquante est une plante vivace r\u00e9pandue dans le monde et utilis\u00e9e depuis des si\u00e8cles pour ses propri\u00e9t\u00e9s diur\u00e9tiques et d\u00e9puratives.\" \/>\n<meta property=\"og:url\" content=\"https:\/\/www.safinel.fr\/it\/prodotto\/ortica-100g\/\" \/>\n<meta property=\"og:site_name\" content=\"Safinel\" \/>\n<meta property=\"article:modified_time\" content=\"2023-12-28T17:14:57+00:00\" \/>\n<meta property=\"og:image\" content=\"https:\/\/www.safinel.fr\/wp-content\/uploads\/2021\/05\/ortie-site.jpg\" \/>\n\t<meta property=\"og:image:width\" content=\"336\" \/>\n\t<meta property=\"og:image:height\" content=\"400\" \/>\n\t<meta property=\"og:image:type\" content=\"image\/jpeg\" \/>\n<meta name=\"twitter:card\" content=\"summary_large_image\" \/>\n<meta name=\"twitter:label1\" content=\"Tempo di lettura stimato\" \/>\n\t<meta name=\"twitter:data1\" content=\"2 minuti\" \/>\n<script type=\"application\/ld+json\" class=\"yoast-schema-graph\">{\"@context\":\"https:\/\/schema.org\",\"@graph\":[{\"@type\":\"WebPage\",\"@id\":\"https:\/\/www.safinel.fr\/produit\/ortie-piquante-100g\/\",\"url\":\"https:\/\/www.safinel.fr\/produit\/ortie-piquante-100g\/\",\"name\":\"Ortie piquante | Infusion aux bienfaits multiples \u00e0 adopter\",\"isPartOf\":{\"@id\":\"https:\/\/www.safinel.fr\/#website\"},\"primaryImageOfPage\":{\"@id\":\"https:\/\/www.safinel.fr\/produit\/ortie-piquante-100g\/#primaryimage\"},\"image\":{\"@id\":\"https:\/\/www.safinel.fr\/produit\/ortie-piquante-100g\/#primaryimage\"},\"thumbnailUrl\":\"https:\/\/www.safinel.fr\/wp-content\/uploads\/2021\/05\/ortie-site.jpg\",\"datePublished\":\"2021-06-01T19:15:59+00:00\",\"dateModified\":\"2023-12-28T17:14:57+00:00\",\"description\":\"L\u2019ortie piquante est une plante vivace r\u00e9pandue dans le monde et utilis\u00e9e depuis des si\u00e8cles pour ses propri\u00e9t\u00e9s diur\u00e9tiques et d\u00e9puratives.\",\"breadcrumb\":{\"@id\":\"https:\/\/www.safinel.fr\/produit\/ortie-piquante-100g\/#breadcrumb\"},\"inLanguage\":\"it-IT\",\"potentialAction\":[{\"@type\":\"ReadAction\",\"target\":[\"https:\/\/www.safinel.fr\/produit\/ortie-piquante-100g\/\"]}]},{\"@type\":\"ImageObject\",\"inLanguage\":\"it-IT\",\"@id\":\"https:\/\/www.safinel.fr\/produit\/ortie-piquante-100g\/#primaryimage\",\"url\":\"https:\/\/www.safinel.fr\/wp-content\/uploads\/2021\/05\/ortie-site.jpg\",\"contentUrl\":\"https:\/\/www.safinel.fr\/wp-content\/uploads\/2021\/05\/ortie-site.jpg\",\"width\":336,\"height\":400,\"caption\":\"ortie piquante\"},{\"@type\":\"BreadcrumbList\",\"@id\":\"https:\/\/www.safinel.fr\/produit\/ortie-piquante-100g\/#breadcrumb\",\"itemListElement\":[{\"@type\":\"ListItem\",\"position\":1,\"name\":\"Accueil\",\"item\":\"https:\/\/www.safinel.fr\/\"},{\"@type\":\"ListItem\",\"position\":2,\"name\":\"Boutique\",\"item\":\"https:\/\/www.safinel.fr\/boutique\/\"},{\"@type\":\"ListItem\",\"position\":3,\"name\":\"Ortie piquante 100g\"}]},{\"@type\":\"WebSite\",\"@id\":\"https:\/\/www.safinel.fr\/#website\",\"url\":\"https:\/\/www.safinel.fr\/\",\"name\":\"Safinel\",\"description\":\"\",\"publisher\":{\"@id\":\"https:\/\/www.safinel.fr\/#organization\"},\"potentialAction\":[{\"@type\":\"SearchAction\",\"target\":{\"@type\":\"EntryPoint\",\"urlTemplate\":\"https:\/\/www.safinel.fr\/?s={search_term_string}\"},\"query-input\":{\"@type\":\"PropertyValueSpecification\",\"valueRequired\":true,\"valueName\":\"search_term_string\"}}],\"inLanguage\":\"it-IT\"},{\"@type\":\"Organization\",\"@id\":\"https:\/\/www.safinel.fr\/#organization\",\"name\":\"Safinel\",\"url\":\"https:\/\/www.safinel.fr\/\",\"logo\":{\"@type\":\"ImageObject\",\"inLanguage\":\"it-IT\",\"@id\":\"https:\/\/www.safinel.fr\/#\/schema\/logo\/image\/\",\"url\":\"https:\/\/www.safinel.fr\/wp-content\/uploads\/2021\/05\/boutique-cosmetique.png\",\"contentUrl\":\"https:\/\/www.safinel.fr\/wp-content\/uploads\/2021\/05\/boutique-cosmetique.png\",\"width\":800,\"height\":200,\"caption\":\"Safinel\"},\"image\":{\"@id\":\"https:\/\/www.safinel.fr\/#\/schema\/logo\/image\/\"}}]}<\/script>\n<!-- \/ Yoast SEO plugin. -->","yoast_head_json":{"title":"Infuso di ortica con molteplici benefici da adottare","description":"L'ortica \u00e8 una pianta perenne diffusa in tutto il mondo e utilizzata da secoli per le sue propriet\u00e0 diuretiche e depurative.","robots":{"index":"index","follow":"follow","max-snippet":"max-snippet:-1","max-image-preview":"max-image-preview:large","max-video-preview":"max-video-preview:-1"},"canonical":"https:\/\/www.safinel.fr\/it\/prodotto\/ortica-100g\/","og_locale":"it_IT","og_type":"article","og_title":"Ortie piquante | Infusion aux bienfaits multiples \u00e0 adopter","og_description":"L\u2019ortie piquante est une plante vivace r\u00e9pandue dans le monde et utilis\u00e9e depuis des si\u00e8cles pour ses propri\u00e9t\u00e9s diur\u00e9tiques et d\u00e9puratives.","og_url":"https:\/\/www.safinel.fr\/it\/prodotto\/ortica-100g\/","og_site_name":"Safinel","article_modified_time":"2023-12-28T17:14:57+00:00","og_image":[{"width":336,"height":400,"url":"https:\/\/www.safinel.fr\/wp-content\/uploads\/2021\/05\/ortie-site.jpg","type":"image\/jpeg"}],"twitter_card":"summary_large_image","twitter_misc":{"Tempo di lettura stimato":"2 minuti"},"schema":{"@context":"https:\/\/schema.org","@graph":[{"@type":"WebPage","@id":"https:\/\/www.safinel.fr\/produit\/ortie-piquante-100g\/","url":"https:\/\/www.safinel.fr\/produit\/ortie-piquante-100g\/","name":"Infuso di ortica con molteplici benefici da adottare","isPartOf":{"@id":"https:\/\/www.safinel.fr\/#website"},"primaryImageOfPage":{"@id":"https:\/\/www.safinel.fr\/produit\/ortie-piquante-100g\/#primaryimage"},"image":{"@id":"https:\/\/www.safinel.fr\/produit\/ortie-piquante-100g\/#primaryimage"},"thumbnailUrl":"https:\/\/www.safinel.fr\/wp-content\/uploads\/2021\/05\/ortie-site.jpg","datePublished":"2021-06-01T19:15:59+00:00","dateModified":"2023-12-28T17:14:57+00:00","description":"L'ortica \u00e8 una pianta perenne diffusa in tutto il mondo e utilizzata da secoli per le sue propriet\u00e0 diuretiche e depurative.","breadcrumb":{"@id":"https:\/\/www.safinel.fr\/produit\/ortie-piquante-100g\/#breadcrumb"},"inLanguage":"it-IT","potentialAction":[{"@type":"ReadAction","target":["https:\/\/www.safinel.fr\/produit\/ortie-piquante-100g\/"]}]},{"@type":"ImageObject","inLanguage":"it-IT","@id":"https:\/\/www.safinel.fr\/produit\/ortie-piquante-100g\/#primaryimage","url":"https:\/\/www.safinel.fr\/wp-content\/uploads\/2021\/05\/ortie-site.jpg","contentUrl":"https:\/\/www.safinel.fr\/wp-content\/uploads\/2021\/05\/ortie-site.jpg","width":336,"height":400,"caption":"ortie piquante"},{"@type":"BreadcrumbList","@id":"https:\/\/www.safinel.fr\/produit\/ortie-piquante-100g\/#breadcrumb","itemListElement":[{"@type":"ListItem","position":1,"name":"Accueil","item":"https:\/\/www.safinel.fr\/"},{"@type":"ListItem","position":2,"name":"Boutique","item":"https:\/\/www.safinel.fr\/boutique\/"},{"@type":"ListItem","position":3,"name":"Ortie piquante 100g"}]},{"@type":"WebSite","@id":"https:\/\/www.safinel.fr\/#website","url":"https:\/\/www.safinel.fr\/","name":"Safinel","description":"","publisher":{"@id":"https:\/\/www.safinel.fr\/#organization"},"potentialAction":[{"@type":"SearchAction","target":{"@type":"EntryPoint","urlTemplate":"https:\/\/www.safinel.fr\/?s={search_term_string}"},"query-input":{"@type":"PropertyValueSpecification","valueRequired":true,"valueName":"search_term_string"}}],"inLanguage":"it-IT"},{"@type":"Organization","@id":"https:\/\/www.safinel.fr\/#organization","name":"Safinel","url":"https:\/\/www.safinel.fr\/","logo":{"@type":"ImageObject","inLanguage":"it-IT","@id":"https:\/\/www.safinel.fr\/#\/schema\/logo\/image\/","url":"https:\/\/www.safinel.fr\/wp-content\/uploads\/2021\/05\/boutique-cosmetique.png","contentUrl":"https:\/\/www.safinel.fr\/wp-content\/uploads\/2021\/05\/boutique-cosmetique.png","width":800,"height":200,"caption":"Safinel"},"image":{"@id":"https:\/\/www.safinel.fr\/#\/schema\/logo\/image\/"}}]}},"_links":{"self":[{"href":"https:\/\/www.safinel.fr\/it\/wp-json\/wp\/v2\/product\/127","targetHints":{"allow":["GET"]}}],"collection":[{"href":"https:\/\/www.safinel.fr\/it\/wp-json\/wp\/v2\/product"}],"about":[{"href":"https:\/\/www.safinel.fr\/it\/wp-json\/wp\/v2\/types\/product"}],"wp:featuredmedia":[{"embeddable":true,"href":"https:\/\/www.safinel.fr\/it\/wp-json\/wp\/v2\/media\/47"}],"wp:attachment":[{"href":"https:\/\/www.safinel.fr\/it\/wp-json\/wp\/v2\/media?parent=127"}],"wp:term":[{"taxonomy":"product_brand","embeddable":true,"href":"https:\/\/www.safinel.fr\/it\/wp-json\/wp\/v2\/product_brand?post=127"},{"taxonomy":"product_cat","embeddable":true,"href":"https:\/\/www.safinel.fr\/it\/wp-json\/wp\/v2\/product_cat?post=127"},{"taxonomy":"product_tag","embeddable":true,"href":"https:\/\/www.safinel.fr\/it\/wp-json\/wp\/v2\/product_tag?post=127"}],"curies":[{"name":"wp","href":"https:\/\/api.w.org\/{rel}","templated":true}]}}