{"id":120,"date":"2021-06-01T16:13:48","date_gmt":"2021-06-01T16:13:48","guid":{"rendered":"https:\/\/www.safinel.fr\/?post_type=product&#038;p=120"},"modified":"2025-03-19T10:14:18","modified_gmt":"2025-03-19T10:14:18","slug":"foglie-di-darmoise","status":"publish","type":"product","link":"https:\/\/www.safinel.fr\/it\/prodotto\/foglie-di-darmoise\/","title":{"rendered":"Foglie di artemisia 100 g"},"content":{"rendered":"<p>Le foglie di artemisia provengono da una pianta originaria delle Americhe. Generalmente invasivo, questo arbusto ha la capacit\u00e0 di allontanare predatori e parassiti. Tuttavia, nel cuore del negozio online Safinel, abbiamo in mente uno scopo completamente diverso. Eccellente antispasmodico, basta leggere le righe che seguono per capire l'importanza che gli attribuiamo per la salute delle donne.<span class=\"Apple-converted-space\">\u00a0<\/span><\/p>\n<h2><b>Foglie di artemisia: ottime per estrogeni e progesterone<\/b><\/h2>\n<p>Le foglie di artemisia, come molte altre erbe medicinali, sono eccellenti per la fertilit\u00e0. Se consumate come tisana, si dice che aumentino il livello di ormoni nel sangue, favorendo la fertilit\u00e0.<\/p>\n<p>Naturalmente, questa causa \u00e8 tanto pi\u00f9 vantaggiosa se si rispettano un sano equilibrio e una dieta ricca e varia. L'attivit\u00e0 ormonale viene cos\u00ec rafforzata, creando condizioni favorevoli alla gravidanza.<\/p>\n<p>Proprio come il <a href=\"https:\/\/www.safinel.fr\/it\/prodotto\/foglie-di-lampone\/\"><strong>foglia di lampone<\/strong><\/a>, il <a href=\"https:\/\/www.miel-imperial.com\/sante-et-bien-etre\/22-105-pollen-de-palmier-.html\" target=\"_blank\" rel=\"noopener\"><strong>polline di palma<\/strong><\/a> o il <a href=\"https:\/\/www.safinel.fr\/it\/prodotto\/frutta-4-lati-3-pezzi\/\"><strong>Frutta a 4 facce<\/strong><\/a>, Le foglie di artemisia hanno un effetto benefico sugli ormoni sessuali.<\/p>\n<p><b>Indispensabile per le situazioni di amenorrea<\/b><\/p>\n<p>Questa situazione imbarazzante, che si manifesta in assenza di regole, \u00e8 molto difficile da gestire. Ancora una volta, le foglie di artemisia fanno la loro parte e possono fornire una risposta favorevole a questo inconveniente. Stiamo parlando di piante emmenagogiche. Questo termine, piuttosto difficile da capire, significa che l'artemisia facilita la produzione di sangue nel cuore dell'utero. Ha quindi la capacit\u00e0 di contribuire a scatenare le mestruazioni.<span class=\"Apple-converted-space\">\u00a0<\/span><\/p>\n<p>Questa \u00e8 una funzione ben nota della nostra pianta, nota come \u00abartemisia comune\u00bb, da cui derivano le nostre foglie.<\/p>\n<h2><b>Virt\u00f9 particolari nei casi di dismenorrea<\/b><\/h2>\n<p>Alcune donne avvertono pi\u00f9 dolori mestruali di altre. Gli antinfiammatori sono generalmente la risposta. Se cercate un metodo molto pi\u00f9 delicato che faccia bene all'organismo, le foglie di artemisia fanno al caso vostro. Danno sollievo alla zona dell'endometrio. Rilassando l'endometrio, leniscono il dolore causato dalle mestruazioni.<span class=\"Apple-converted-space\">\u00a0<\/span><\/p>\n<p>Le foglie di artemisia sono efficaci in tre diverse situazioni. Sta a voi utilizzarle nel momento pi\u00f9 opportuno per il vostro ciclo mestruale.<\/p>\n<h2><b>Come utilizzare le foglie di artemisia<\/b><\/h2>\n<p>Le foglie di artemisia si preparano come t\u00e8 in acqua bollente. \u00c8 sufficiente procedere come per qualsiasi altra bevanda, lasciando un piccolo tempo di riposo. In questo modo le foglie hanno il tempo di diffondersi nel cuore della tisana.<\/p>\n<p>\u00c8 anche possibile mescolare le foglie di artemisia con altre piante per esaltarne il sapore. In effetti, non ci sono restrizioni all'uso di foglie di verbena o di tiglio.<span class=\"Apple-converted-space\">\u00a0<\/span><\/p>\n<h3><b>Un'ultima parola<\/b><\/h3>\n<p>Il negozio online Safinel tiene sotto controllo tutti i rimedi naturali utili per la fertilit\u00e0. Non esitate a dare un'occhiata agli altri prodotti e a confrontarli tra loro. Inoltre, non c'\u00e8 motivo per non alternarli. Quindi fatene buon uso a intervalli regolari.<span class=\"Apple-converted-space\">\u00a0<\/span><\/p>","protected":false},"excerpt":{"rendered":"<p>Le foglie di artemisia provengono da una pianta originaria delle Americhe. Generalmente invasivo, questo arbusto ha la capacit\u00e0 di allontanare predatori e parassiti. Tuttavia, nel cuore del negozio online Safinel, abbiamo in mente uno scopo completamente diverso. Eccellente antispasmodico, basta leggere le righe che seguono per capire il valore di questa [...]","protected":false},"featured_media":50,"template":"","meta":[],"product_brand":[],"product_cat":[27],"product_tag":[],"class_list":{"0":"post-120","1":"product","2":"type-product","3":"status-publish","4":"has-post-thumbnail","6":"product_cat-plantes-medicinales","8":"first","9":"instock","10":"shipping-taxable","11":"purchasable","12":"product-type-simple"},"yoast_head":"<!-- This site is optimized with the Yoast SEO plugin v26.6 - https:\/\/yoast.com\/wordpress\/plugins\/seo\/ -->\n<title>Feuilles d&#039;armoise | Bienfaits multiples | Feuilles 100% naturelles<\/title>\n<meta name=\"description\" content=\"Les feuilles d\u2019armoise sont issues d\u2019une plante originaire des Am\u00e9riques. D\u00e9couvrez sans plus attendre cette plante naturelle\" \/>\n<meta name=\"robots\" content=\"index, follow, max-snippet:-1, max-image-preview:large, max-video-preview:-1\" \/>\n<link rel=\"canonical\" href=\"https:\/\/www.safinel.fr\/it\/prodotto\/foglie-di-darmoise\/\" \/>\n<meta property=\"og:locale\" content=\"it_IT\" \/>\n<meta property=\"og:type\" content=\"article\" \/>\n<meta property=\"og:title\" content=\"Feuilles d&#039;armoise | Bienfaits multiples | Feuilles 100% naturelles\" \/>\n<meta property=\"og:description\" content=\"Les feuilles d\u2019armoise sont issues d\u2019une plante originaire des Am\u00e9riques. D\u00e9couvrez sans plus attendre cette plante naturelle\" \/>\n<meta property=\"og:url\" content=\"https:\/\/www.safinel.fr\/it\/prodotto\/foglie-di-darmoise\/\" \/>\n<meta property=\"og:site_name\" content=\"Safinel\" \/>\n<meta property=\"article:modified_time\" content=\"2025-03-19T10:14:18+00:00\" \/>\n<meta property=\"og:image\" content=\"https:\/\/www.safinel.fr\/wp-content\/uploads\/2021\/05\/armoise-site.jpg\" \/>\n\t<meta property=\"og:image:width\" content=\"306\" \/>\n\t<meta property=\"og:image:height\" content=\"400\" \/>\n\t<meta property=\"og:image:type\" content=\"image\/jpeg\" \/>\n<meta name=\"twitter:card\" content=\"summary_large_image\" \/>\n<meta name=\"twitter:label1\" content=\"Tempo di lettura stimato\" \/>\n\t<meta name=\"twitter:data1\" content=\"3 minuti\" \/>\n<script type=\"application\/ld+json\" class=\"yoast-schema-graph\">{\"@context\":\"https:\/\/schema.org\",\"@graph\":[{\"@type\":\"WebPage\",\"@id\":\"https:\/\/www.safinel.fr\/produit\/feuilles-darmoise\/\",\"url\":\"https:\/\/www.safinel.fr\/produit\/feuilles-darmoise\/\",\"name\":\"Feuilles d'armoise | Bienfaits multiples | Feuilles 100% naturelles\",\"isPartOf\":{\"@id\":\"https:\/\/www.safinel.fr\/#website\"},\"primaryImageOfPage\":{\"@id\":\"https:\/\/www.safinel.fr\/produit\/feuilles-darmoise\/#primaryimage\"},\"image\":{\"@id\":\"https:\/\/www.safinel.fr\/produit\/feuilles-darmoise\/#primaryimage\"},\"thumbnailUrl\":\"https:\/\/www.safinel.fr\/wp-content\/uploads\/2021\/05\/armoise-site.jpg\",\"datePublished\":\"2021-06-01T16:13:48+00:00\",\"dateModified\":\"2025-03-19T10:14:18+00:00\",\"description\":\"Les feuilles d\u2019armoise sont issues d\u2019une plante originaire des Am\u00e9riques. D\u00e9couvrez sans plus attendre cette plante naturelle\",\"breadcrumb\":{\"@id\":\"https:\/\/www.safinel.fr\/produit\/feuilles-darmoise\/#breadcrumb\"},\"inLanguage\":\"it-IT\",\"potentialAction\":[{\"@type\":\"ReadAction\",\"target\":[\"https:\/\/www.safinel.fr\/produit\/feuilles-darmoise\/\"]}]},{\"@type\":\"ImageObject\",\"inLanguage\":\"it-IT\",\"@id\":\"https:\/\/www.safinel.fr\/produit\/feuilles-darmoise\/#primaryimage\",\"url\":\"https:\/\/www.safinel.fr\/wp-content\/uploads\/2021\/05\/armoise-site.jpg\",\"contentUrl\":\"https:\/\/www.safinel.fr\/wp-content\/uploads\/2021\/05\/armoise-site.jpg\",\"width\":306,\"height\":400,\"caption\":\"feuilles d'armoise\"},{\"@type\":\"BreadcrumbList\",\"@id\":\"https:\/\/www.safinel.fr\/produit\/feuilles-darmoise\/#breadcrumb\",\"itemListElement\":[{\"@type\":\"ListItem\",\"position\":1,\"name\":\"Accueil\",\"item\":\"https:\/\/www.safinel.fr\/\"},{\"@type\":\"ListItem\",\"position\":2,\"name\":\"Boutique\",\"item\":\"https:\/\/www.safinel.fr\/boutique\/\"},{\"@type\":\"ListItem\",\"position\":3,\"name\":\"Feuilles d&#8217;Armoise 100g\"}]},{\"@type\":\"WebSite\",\"@id\":\"https:\/\/www.safinel.fr\/#website\",\"url\":\"https:\/\/www.safinel.fr\/\",\"name\":\"Safinel\",\"description\":\"\",\"publisher\":{\"@id\":\"https:\/\/www.safinel.fr\/#organization\"},\"potentialAction\":[{\"@type\":\"SearchAction\",\"target\":{\"@type\":\"EntryPoint\",\"urlTemplate\":\"https:\/\/www.safinel.fr\/?s={search_term_string}\"},\"query-input\":{\"@type\":\"PropertyValueSpecification\",\"valueRequired\":true,\"valueName\":\"search_term_string\"}}],\"inLanguage\":\"it-IT\"},{\"@type\":\"Organization\",\"@id\":\"https:\/\/www.safinel.fr\/#organization\",\"name\":\"Safinel\",\"url\":\"https:\/\/www.safinel.fr\/\",\"logo\":{\"@type\":\"ImageObject\",\"inLanguage\":\"it-IT\",\"@id\":\"https:\/\/www.safinel.fr\/#\/schema\/logo\/image\/\",\"url\":\"https:\/\/www.safinel.fr\/wp-content\/uploads\/2021\/05\/boutique-cosmetique.png\",\"contentUrl\":\"https:\/\/www.safinel.fr\/wp-content\/uploads\/2021\/05\/boutique-cosmetique.png\",\"width\":800,\"height\":200,\"caption\":\"Safinel\"},\"image\":{\"@id\":\"https:\/\/www.safinel.fr\/#\/schema\/logo\/image\/\"}}]}<\/script>\n<!-- \/ Yoast SEO plugin. -->","yoast_head_json":{"title":"Foglie di artemisia | Molteplici benefici | Foglie naturali 100%","description":"Le foglie di artemisia provengono da una pianta originaria delle Americhe. Per saperne di pi\u00f9 su questa pianta naturale","robots":{"index":"index","follow":"follow","max-snippet":"max-snippet:-1","max-image-preview":"max-image-preview:large","max-video-preview":"max-video-preview:-1"},"canonical":"https:\/\/www.safinel.fr\/it\/prodotto\/foglie-di-darmoise\/","og_locale":"it_IT","og_type":"article","og_title":"Feuilles d'armoise | Bienfaits multiples | Feuilles 100% naturelles","og_description":"Les feuilles d\u2019armoise sont issues d\u2019une plante originaire des Am\u00e9riques. D\u00e9couvrez sans plus attendre cette plante naturelle","og_url":"https:\/\/www.safinel.fr\/it\/prodotto\/foglie-di-darmoise\/","og_site_name":"Safinel","article_modified_time":"2025-03-19T10:14:18+00:00","og_image":[{"width":306,"height":400,"url":"https:\/\/www.safinel.fr\/wp-content\/uploads\/2021\/05\/armoise-site.jpg","type":"image\/jpeg"}],"twitter_card":"summary_large_image","twitter_misc":{"Tempo di lettura stimato":"3 minuti"},"schema":{"@context":"https:\/\/schema.org","@graph":[{"@type":"WebPage","@id":"https:\/\/www.safinel.fr\/produit\/feuilles-darmoise\/","url":"https:\/\/www.safinel.fr\/produit\/feuilles-darmoise\/","name":"Foglie di artemisia | Molteplici benefici | Foglie naturali 100%","isPartOf":{"@id":"https:\/\/www.safinel.fr\/#website"},"primaryImageOfPage":{"@id":"https:\/\/www.safinel.fr\/produit\/feuilles-darmoise\/#primaryimage"},"image":{"@id":"https:\/\/www.safinel.fr\/produit\/feuilles-darmoise\/#primaryimage"},"thumbnailUrl":"https:\/\/www.safinel.fr\/wp-content\/uploads\/2021\/05\/armoise-site.jpg","datePublished":"2021-06-01T16:13:48+00:00","dateModified":"2025-03-19T10:14:18+00:00","description":"Le foglie di artemisia provengono da una pianta originaria delle Americhe. Per saperne di pi\u00f9 su questa pianta naturale","breadcrumb":{"@id":"https:\/\/www.safinel.fr\/produit\/feuilles-darmoise\/#breadcrumb"},"inLanguage":"it-IT","potentialAction":[{"@type":"ReadAction","target":["https:\/\/www.safinel.fr\/produit\/feuilles-darmoise\/"]}]},{"@type":"ImageObject","inLanguage":"it-IT","@id":"https:\/\/www.safinel.fr\/produit\/feuilles-darmoise\/#primaryimage","url":"https:\/\/www.safinel.fr\/wp-content\/uploads\/2021\/05\/armoise-site.jpg","contentUrl":"https:\/\/www.safinel.fr\/wp-content\/uploads\/2021\/05\/armoise-site.jpg","width":306,"height":400,"caption":"feuilles d'armoise"},{"@type":"BreadcrumbList","@id":"https:\/\/www.safinel.fr\/produit\/feuilles-darmoise\/#breadcrumb","itemListElement":[{"@type":"ListItem","position":1,"name":"Accueil","item":"https:\/\/www.safinel.fr\/"},{"@type":"ListItem","position":2,"name":"Boutique","item":"https:\/\/www.safinel.fr\/boutique\/"},{"@type":"ListItem","position":3,"name":"Feuilles d&#8217;Armoise 100g"}]},{"@type":"WebSite","@id":"https:\/\/www.safinel.fr\/#website","url":"https:\/\/www.safinel.fr\/","name":"Safinel","description":"","publisher":{"@id":"https:\/\/www.safinel.fr\/#organization"},"potentialAction":[{"@type":"SearchAction","target":{"@type":"EntryPoint","urlTemplate":"https:\/\/www.safinel.fr\/?s={search_term_string}"},"query-input":{"@type":"PropertyValueSpecification","valueRequired":true,"valueName":"search_term_string"}}],"inLanguage":"it-IT"},{"@type":"Organization","@id":"https:\/\/www.safinel.fr\/#organization","name":"Safinel","url":"https:\/\/www.safinel.fr\/","logo":{"@type":"ImageObject","inLanguage":"it-IT","@id":"https:\/\/www.safinel.fr\/#\/schema\/logo\/image\/","url":"https:\/\/www.safinel.fr\/wp-content\/uploads\/2021\/05\/boutique-cosmetique.png","contentUrl":"https:\/\/www.safinel.fr\/wp-content\/uploads\/2021\/05\/boutique-cosmetique.png","width":800,"height":200,"caption":"Safinel"},"image":{"@id":"https:\/\/www.safinel.fr\/#\/schema\/logo\/image\/"}}]}},"_links":{"self":[{"href":"https:\/\/www.safinel.fr\/it\/wp-json\/wp\/v2\/product\/120","targetHints":{"allow":["GET"]}}],"collection":[{"href":"https:\/\/www.safinel.fr\/it\/wp-json\/wp\/v2\/product"}],"about":[{"href":"https:\/\/www.safinel.fr\/it\/wp-json\/wp\/v2\/types\/product"}],"wp:featuredmedia":[{"embeddable":true,"href":"https:\/\/www.safinel.fr\/it\/wp-json\/wp\/v2\/media\/50"}],"wp:attachment":[{"href":"https:\/\/www.safinel.fr\/it\/wp-json\/wp\/v2\/media?parent=120"}],"wp:term":[{"taxonomy":"product_brand","embeddable":true,"href":"https:\/\/www.safinel.fr\/it\/wp-json\/wp\/v2\/product_brand?post=120"},{"taxonomy":"product_cat","embeddable":true,"href":"https:\/\/www.safinel.fr\/it\/wp-json\/wp\/v2\/product_cat?post=120"},{"taxonomy":"product_tag","embeddable":true,"href":"https:\/\/www.safinel.fr\/it\/wp-json\/wp\/v2\/product_tag?post=120"}],"curies":[{"name":"wp","href":"https:\/\/api.w.org\/{rel}","templated":true}]}}