{"id":1164,"date":"2022-03-29T00:32:35","date_gmt":"2022-03-29T00:32:35","guid":{"rendered":"https:\/\/www.safinel.fr\/?post_type=product&#038;p=1164"},"modified":"2024-05-10T16:12:26","modified_gmt":"2024-05-10T16:12:26","slug":"gowe","status":"publish","type":"product","link":"https:\/\/www.safinel.fr\/it\/prodotto\/gowe\/","title":{"rendered":"Gow\u00e9 100g"},"content":{"rendered":"<p>Ancora una volta, la vostra boutique del benessere Safinel vi propone un prodotto a dir poco originale. E, va detto, poco conosciuto in Occidente. Stiamo parlando di\u00a0<strong>Gow\u00e9<\/strong>, a\u00a0<strong>Pianta africana<\/strong>\u00a0Vi raccontiamo tutto... !<\/p>\n<h2><strong>Gow\u00e9: una pianta naturale che viene da lontano\u00a0<\/strong><\/h2>\n<p>Originaria dell'India e dell'Africa, questa pianta cresce ormai quasi ovunque nel mondo. Prospera su qualsiasi tipo di terreno, ed \u00e8 per questo che si sta diffondendo cos\u00ec tanto. Quando il calore e il sole sono giusti, il Gow\u00e9 d\u00e0 il meglio di s\u00e9.<\/p>\n<p>Inoltre, sebbene sia generalmente conosciuto nelle comunit\u00e0 africane, viene ora esportato oltre confine affinch\u00e9 l'Occidente possa beneficiare delle sue virt\u00f9.<\/p>\n<p>Non aspettate oltre per scoprire Gow\u00e9 nella sua confezione da 100 g nel vostro negozio di salute naturale Safinel! Se vi piace<strong>\u00a0prodotti naturali<\/strong>, Vi aspetta una bella sorpresa!<\/p>\n<h2><strong>I semi di Gow\u00e9: un rimedio naturale \u00a0<\/strong><\/h2>\n<p>\u00c8 quindi giunto il momento di entrare nel vivo della questione e scoprire di pi\u00f9 su questa magnifica pianta dalle molteplici virt\u00f9. Spesso associata alle sue qualit\u00e0 odorose, possiede anche numerose propriet\u00e0 medicinali.<strong>\u00a0qualit\u00e0 medicinali<\/strong>.<\/p>\n<p>Ampiamente utilizzata in Africa per aiutare le donne a riprendersi dopo il parto, pu\u00f2 anche essere una fonte di energia per l'organismo.\u00a0<strong>vantaggio per le mestruazioni<\/strong>. Miscelato con\u00a0<a href=\"https:\/\/www.safinel.fr\/it\/prodotto\/radici-di-vetiver\/\"><strong>khamar\u00e9<\/strong><\/a>, Pu\u00f2 diventare rapidamente un alleato contro alcune delle malattie pi\u00f9 pericolose del mondo.\u00a0<strong>problemi intimi.\u00a0<\/strong><\/p>\n<p>Inoltre, \u00e8 noto che \u00e8 un eccellente beneficio per i<strong>\u2019<a href=\"https:\/\/www.safinel.fr\/it\/prodotto\/dentifricio-solido-alla-menta-siwak\/\">igiene orale<\/a><\/strong>, \u00c8 apprezzato anche per le sue altre virt\u00f9:<\/p>\n<ul>\n<li>Pu\u00f2 essere utile contro la febbre<\/li>\n<li><strong>Afrodisiaco naturale<\/strong><\/li>\n<li>Una risorsa rilassante per i muscoli<\/li>\n<li>Pu\u00f2 aiutare in caso di mestruazioni dolorose<\/li>\n<\/ul>\n<p>Come si pu\u00f2 notare, Gow\u00e9 offre una moltitudine di vantaggi. Ecco perch\u00e9 il vostro negozio specializzato in\u00a0<strong>prodotti naturali<\/strong>\u00a0vorrebbe che lo scopriste. Non esitate oltre e lasciatevi affascinare dalle sue numerose qualit\u00e0.<\/p>\n<h3><strong>Per un incenso di successo\u00a0<\/strong><\/h3>\n<p>Prima di tutto, \u00e8 interessante sapere che questa\u00a0<strong>Pianta medicinale africana<\/strong>\u00a0pu\u00f2 essere utilizzato in Africa come\u00a0<strong>repellente per zanzare<\/strong>\u00a0e altri insetti volanti. Tuttavia, questo prodotto \u00e8 apprezzato anche per altre qualit\u00e0...<\/p>\n<p>Che siate appassionati di incenso o alle prime armi, il gow\u00e9 pu\u00f2 essere una vera risorsa! Questa pianta \u00e8 utilizzata in alcune comunit\u00e0 per il suo profumo e i suoi effetti rilassanti. Procuratevi quindi un incensiere e approfittate della fragranza emanata da questa magnifica pianta.<\/p>\n<p>Sono necessari anche carboni speciali affinch\u00e9 l'incenso possa incandescere e diffondere la sua fragranza.<strong>\u00a0<a href=\"https:\/\/www.encens-store.fr\" target=\"_blank\" rel=\"noopener\">fragranza orientale<\/a><\/strong>.<\/p>\n<p>\u00c8 inoltre possibile aggiungere\u00a0<strong>oli profumati<\/strong>\u00a0per accentuare la piacevole fragranza emanata dal gow\u00e9.<\/p>\n<p>Buono a sapersi:<\/p>\n<p>Le piante hanno spesso molte virt\u00f9 di cui non siamo necessariamente consapevoli. Questo \u00e8 uno dei motivi per cui vorremmo presentarvi questa pianta dalle molteplici qualit\u00e0. \u00c8 nota anche per le sue\u00a0<strong>effetti afrodisiaci<\/strong>... Per coloro che desiderano sfruttare questa propriet\u00e0, si consiglia l'uso come fumigante.<\/p>","protected":false},"excerpt":{"rendered":"<p>Ancora una volta, il vostro negozio di prodotti per il benessere Safinel vi propone un prodotto a dir poco originale. E poco conosciuto, bisogna dirlo, in Occidente. Si tratta del Gow\u00e9, una pianta africana dalle molteplici virt\u00f9 che vi presenteremo senza indugio...! Il Gow\u00e9: una pianta naturale che viene da lontano  Originario dell'India e dell'Africa, [\u2026]","protected":false},"featured_media":1165,"template":"","meta":[],"product_brand":[],"product_cat":[27],"product_tag":[],"class_list":{"0":"post-1164","1":"product","2":"type-product","3":"status-publish","4":"has-post-thumbnail","6":"product_cat-plantes-medicinales","8":"first","9":"outofstock","10":"shipping-taxable","11":"purchasable","12":"product-type-simple"},"yoast_head":"<!-- This site is optimized with the Yoast SEO plugin v26.6 - https:\/\/yoast.com\/wordpress\/plugins\/seo\/ -->\n<title>Gow\u00e9 | Plante africaine aux nombreux bienfaits | Achat en ligne<\/title>\n<meta name=\"description\" content=\"Le Gow\u00e9, est une\u00a0plante africaine\u00a0aux multiples vertus que nous allons nous empresser de vous pr\u00e9senter\u2026 !\u00a0\" \/>\n<meta name=\"robots\" content=\"index, follow, max-snippet:-1, max-image-preview:large, max-video-preview:-1\" \/>\n<link rel=\"canonical\" href=\"https:\/\/www.safinel.fr\/it\/prodotto\/gowe\/\" \/>\n<meta property=\"og:locale\" content=\"it_IT\" \/>\n<meta property=\"og:type\" content=\"article\" \/>\n<meta property=\"og:title\" content=\"Gow\u00e9 | Plante africaine aux nombreux bienfaits | Achat en ligne\" \/>\n<meta property=\"og:description\" content=\"Le Gow\u00e9, est une\u00a0plante africaine\u00a0aux multiples vertus que nous allons nous empresser de vous pr\u00e9senter\u2026 !\u00a0\" \/>\n<meta property=\"og:url\" content=\"https:\/\/www.safinel.fr\/it\/prodotto\/gowe\/\" \/>\n<meta property=\"og:site_name\" content=\"Safinel\" \/>\n<meta property=\"article:modified_time\" content=\"2024-05-10T16:12:26+00:00\" \/>\n<meta property=\"og:image\" content=\"https:\/\/www.safinel.fr\/wp-content\/uploads\/2022\/04\/gowe.jpg\" \/>\n\t<meta property=\"og:image:width\" content=\"600\" \/>\n\t<meta property=\"og:image:height\" content=\"600\" \/>\n\t<meta property=\"og:image:type\" content=\"image\/jpeg\" \/>\n<meta name=\"twitter:card\" content=\"summary_large_image\" \/>\n<meta name=\"twitter:label1\" content=\"Tempo di lettura stimato\" \/>\n\t<meta name=\"twitter:data1\" content=\"3 minuti\" \/>\n<script type=\"application\/ld+json\" class=\"yoast-schema-graph\">{\"@context\":\"https:\/\/schema.org\",\"@graph\":[{\"@type\":\"WebPage\",\"@id\":\"https:\/\/www.safinel.fr\/produit\/gowe\/\",\"url\":\"https:\/\/www.safinel.fr\/produit\/gowe\/\",\"name\":\"Gow\u00e9 | Plante africaine aux nombreux bienfaits | Achat en ligne\",\"isPartOf\":{\"@id\":\"https:\/\/www.safinel.fr\/#website\"},\"primaryImageOfPage\":{\"@id\":\"https:\/\/www.safinel.fr\/produit\/gowe\/#primaryimage\"},\"image\":{\"@id\":\"https:\/\/www.safinel.fr\/produit\/gowe\/#primaryimage\"},\"thumbnailUrl\":\"https:\/\/www.safinel.fr\/wp-content\/uploads\/2022\/04\/gowe.jpg\",\"datePublished\":\"2022-03-29T00:32:35+00:00\",\"dateModified\":\"2024-05-10T16:12:26+00:00\",\"description\":\"Le Gow\u00e9, est une\u00a0plante africaine\u00a0aux multiples vertus que nous allons nous empresser de vous pr\u00e9senter\u2026 !\u00a0\",\"breadcrumb\":{\"@id\":\"https:\/\/www.safinel.fr\/produit\/gowe\/#breadcrumb\"},\"inLanguage\":\"it-IT\",\"potentialAction\":[{\"@type\":\"ReadAction\",\"target\":[\"https:\/\/www.safinel.fr\/produit\/gowe\/\"]}]},{\"@type\":\"ImageObject\",\"inLanguage\":\"it-IT\",\"@id\":\"https:\/\/www.safinel.fr\/produit\/gowe\/#primaryimage\",\"url\":\"https:\/\/www.safinel.fr\/wp-content\/uploads\/2022\/04\/gowe.jpg\",\"contentUrl\":\"https:\/\/www.safinel.fr\/wp-content\/uploads\/2022\/04\/gowe.jpg\",\"width\":600,\"height\":600,\"caption\":\"Gow\u00e9 100g\"},{\"@type\":\"BreadcrumbList\",\"@id\":\"https:\/\/www.safinel.fr\/produit\/gowe\/#breadcrumb\",\"itemListElement\":[{\"@type\":\"ListItem\",\"position\":1,\"name\":\"Accueil\",\"item\":\"https:\/\/www.safinel.fr\/\"},{\"@type\":\"ListItem\",\"position\":2,\"name\":\"Boutique\",\"item\":\"https:\/\/www.safinel.fr\/boutique\/\"},{\"@type\":\"ListItem\",\"position\":3,\"name\":\"Gow\u00e9 100g\"}]},{\"@type\":\"WebSite\",\"@id\":\"https:\/\/www.safinel.fr\/#website\",\"url\":\"https:\/\/www.safinel.fr\/\",\"name\":\"Safinel\",\"description\":\"\",\"publisher\":{\"@id\":\"https:\/\/www.safinel.fr\/#organization\"},\"potentialAction\":[{\"@type\":\"SearchAction\",\"target\":{\"@type\":\"EntryPoint\",\"urlTemplate\":\"https:\/\/www.safinel.fr\/?s={search_term_string}\"},\"query-input\":{\"@type\":\"PropertyValueSpecification\",\"valueRequired\":true,\"valueName\":\"search_term_string\"}}],\"inLanguage\":\"it-IT\"},{\"@type\":\"Organization\",\"@id\":\"https:\/\/www.safinel.fr\/#organization\",\"name\":\"Safinel\",\"url\":\"https:\/\/www.safinel.fr\/\",\"logo\":{\"@type\":\"ImageObject\",\"inLanguage\":\"it-IT\",\"@id\":\"https:\/\/www.safinel.fr\/#\/schema\/logo\/image\/\",\"url\":\"https:\/\/www.safinel.fr\/wp-content\/uploads\/2021\/05\/boutique-cosmetique.png\",\"contentUrl\":\"https:\/\/www.safinel.fr\/wp-content\/uploads\/2021\/05\/boutique-cosmetique.png\",\"width\":800,\"height\":200,\"caption\":\"Safinel\"},\"image\":{\"@id\":\"https:\/\/www.safinel.fr\/#\/schema\/logo\/image\/\"}}]}<\/script>\n<!-- \/ Yoast SEO plugin. -->","yoast_head_json":{"title":"Gow\u00e9 | Pianta africana dai numerosi benefici | Acquista online","description":"Il Gow\u00e9 \u00e8 una pianta africana dalle molte virt\u00f9, e noi ve la raccontiamo...!\u00a0","robots":{"index":"index","follow":"follow","max-snippet":"max-snippet:-1","max-image-preview":"max-image-preview:large","max-video-preview":"max-video-preview:-1"},"canonical":"https:\/\/www.safinel.fr\/it\/prodotto\/gowe\/","og_locale":"it_IT","og_type":"article","og_title":"Gow\u00e9 | Plante africaine aux nombreux bienfaits | Achat en ligne","og_description":"Le Gow\u00e9, est une\u00a0plante africaine\u00a0aux multiples vertus que nous allons nous empresser de vous pr\u00e9senter\u2026 !\u00a0","og_url":"https:\/\/www.safinel.fr\/it\/prodotto\/gowe\/","og_site_name":"Safinel","article_modified_time":"2024-05-10T16:12:26+00:00","og_image":[{"width":600,"height":600,"url":"https:\/\/www.safinel.fr\/wp-content\/uploads\/2022\/04\/gowe.jpg","type":"image\/jpeg"}],"twitter_card":"summary_large_image","twitter_misc":{"Tempo di lettura stimato":"3 minuti"},"schema":{"@context":"https:\/\/schema.org","@graph":[{"@type":"WebPage","@id":"https:\/\/www.safinel.fr\/produit\/gowe\/","url":"https:\/\/www.safinel.fr\/produit\/gowe\/","name":"Gow\u00e9 | Pianta africana dai numerosi benefici | Acquista online","isPartOf":{"@id":"https:\/\/www.safinel.fr\/#website"},"primaryImageOfPage":{"@id":"https:\/\/www.safinel.fr\/produit\/gowe\/#primaryimage"},"image":{"@id":"https:\/\/www.safinel.fr\/produit\/gowe\/#primaryimage"},"thumbnailUrl":"https:\/\/www.safinel.fr\/wp-content\/uploads\/2022\/04\/gowe.jpg","datePublished":"2022-03-29T00:32:35+00:00","dateModified":"2024-05-10T16:12:26+00:00","description":"Il Gow\u00e9 \u00e8 una pianta africana dalle molte virt\u00f9, e noi ve la raccontiamo...!\u00a0","breadcrumb":{"@id":"https:\/\/www.safinel.fr\/produit\/gowe\/#breadcrumb"},"inLanguage":"it-IT","potentialAction":[{"@type":"ReadAction","target":["https:\/\/www.safinel.fr\/produit\/gowe\/"]}]},{"@type":"ImageObject","inLanguage":"it-IT","@id":"https:\/\/www.safinel.fr\/produit\/gowe\/#primaryimage","url":"https:\/\/www.safinel.fr\/wp-content\/uploads\/2022\/04\/gowe.jpg","contentUrl":"https:\/\/www.safinel.fr\/wp-content\/uploads\/2022\/04\/gowe.jpg","width":600,"height":600,"caption":"Gow\u00e9 100g"},{"@type":"BreadcrumbList","@id":"https:\/\/www.safinel.fr\/produit\/gowe\/#breadcrumb","itemListElement":[{"@type":"ListItem","position":1,"name":"Accueil","item":"https:\/\/www.safinel.fr\/"},{"@type":"ListItem","position":2,"name":"Boutique","item":"https:\/\/www.safinel.fr\/boutique\/"},{"@type":"ListItem","position":3,"name":"Gow\u00e9 100g"}]},{"@type":"WebSite","@id":"https:\/\/www.safinel.fr\/#website","url":"https:\/\/www.safinel.fr\/","name":"Safinel","description":"","publisher":{"@id":"https:\/\/www.safinel.fr\/#organization"},"potentialAction":[{"@type":"SearchAction","target":{"@type":"EntryPoint","urlTemplate":"https:\/\/www.safinel.fr\/?s={search_term_string}"},"query-input":{"@type":"PropertyValueSpecification","valueRequired":true,"valueName":"search_term_string"}}],"inLanguage":"it-IT"},{"@type":"Organization","@id":"https:\/\/www.safinel.fr\/#organization","name":"Safinel","url":"https:\/\/www.safinel.fr\/","logo":{"@type":"ImageObject","inLanguage":"it-IT","@id":"https:\/\/www.safinel.fr\/#\/schema\/logo\/image\/","url":"https:\/\/www.safinel.fr\/wp-content\/uploads\/2021\/05\/boutique-cosmetique.png","contentUrl":"https:\/\/www.safinel.fr\/wp-content\/uploads\/2021\/05\/boutique-cosmetique.png","width":800,"height":200,"caption":"Safinel"},"image":{"@id":"https:\/\/www.safinel.fr\/#\/schema\/logo\/image\/"}}]}},"_links":{"self":[{"href":"https:\/\/www.safinel.fr\/it\/wp-json\/wp\/v2\/product\/1164","targetHints":{"allow":["GET"]}}],"collection":[{"href":"https:\/\/www.safinel.fr\/it\/wp-json\/wp\/v2\/product"}],"about":[{"href":"https:\/\/www.safinel.fr\/it\/wp-json\/wp\/v2\/types\/product"}],"wp:featuredmedia":[{"embeddable":true,"href":"https:\/\/www.safinel.fr\/it\/wp-json\/wp\/v2\/media\/1165"}],"wp:attachment":[{"href":"https:\/\/www.safinel.fr\/it\/wp-json\/wp\/v2\/media?parent=1164"}],"wp:term":[{"taxonomy":"product_brand","embeddable":true,"href":"https:\/\/www.safinel.fr\/it\/wp-json\/wp\/v2\/product_brand?post=1164"},{"taxonomy":"product_cat","embeddable":true,"href":"https:\/\/www.safinel.fr\/it\/wp-json\/wp\/v2\/product_cat?post=1164"},{"taxonomy":"product_tag","embeddable":true,"href":"https:\/\/www.safinel.fr\/it\/wp-json\/wp\/v2\/product_tag?post=1164"}],"curies":[{"name":"wp","href":"https:\/\/api.w.org\/{rel}","templated":true}]}}