{"id":1162,"date":"2022-04-29T00:28:52","date_gmt":"2022-04-29T00:28:52","guid":{"rendered":"https:\/\/www.safinel.fr\/?post_type=product&#038;p=1162"},"modified":"2024-02-07T15:06:43","modified_gmt":"2024-02-07T15:06:43","slug":"burro-di-fieno-greco","status":"publish","type":"product","link":"https:\/\/www.safinel.fr\/it\/prodotto\/burro-di-fieno-greco\/","title":{"rendered":"Burro di fieno greco 150 g"},"content":{"rendered":"<p>In Safinel, il vostro\u00a0<strong>negozio online di benessere<\/strong>, Siamo sempre alla ricerca di nuovi prodotti naturali. Infatti, non appena troviamo una vera e propria pepita, non tardiamo a presentarvela. Ecco quindi\u00a0<strong>burro di fieno greco<\/strong>. A\u00a0<strong>cosmetici<\/strong>\u00a0noto essenzialmente per la sua incredibile funzione: quella di aumentare il volume del seno e dei glutei. Garantito senza iniezioni o interventi chirurgici! Ma questo\u00a0<strong>unguento naturale<\/strong>\u00a0ha anche altre virt\u00f9 molto interessanti...<\/p>\n<p>Vogliamo farvelo scoprire?<\/p>\n<h2><strong>Focus sul burro di fieno greco, una meraviglia naturale\u00a0<\/strong><\/h2>\n<p>Il nostro\u00a0<strong>puro burro concentrato di fieno greco<\/strong>\u00a0assume la forma di un\u00a0<strong>crema cosmetica\u00a0<\/strong>di 150 g. Ma prima di parlarvi di questo incredibile prodotto, impariamo qualcosa di pi\u00f9 sul fieno greco.<\/p>\n<p>Forse lo conoscete come\u00a0<strong>senegrain, trigonelle, fen\u00e9gr\u00e9, fieno greco<\/strong>, o, pi\u00f9 raramente\u00a0<strong>Trigonella<\/strong>, il suo nome scientifico. In ogni caso, tutti si riferiscono alla stessa incredibile pianta, originaria dell'Asia e del bacino del Mediterraneo.<\/p>\n<p>In origine, questo fieno greco veniva utilizzato per nutrire i cavalli. Ma i suoi ricchi semi sono presto diventati un condimento popolare in cucina! E anche a scopo terapeutico, come\u00a0<strong>pianta medicinale\u00a0<\/strong>con molteplici virt\u00f9.<\/p>\n<p>Le<strong>\u00a0Fieno greco in grani<\/strong>\u00a0era apprezzata per le sue propriet\u00e0 galattogene, per stimolare l'appetito e per il suo effetto benefico sull'ipoglicemia.<\/p>\n<p>Ma quando si dice semi... si dice olio! Quindi il suo\u00a0<strong>olio<\/strong>\u00a0\u00e8 diventato un ingrediente essenziale nei cosmetici. Ed \u00e8 anche l'ingrediente del nostro famoso burro di fieno greco!<\/p>\n<p><strong>Ingredienti:<\/strong>\u00a0<strong>burro di karit\u00e9<\/strong>, olio di fieno greco, olio di mandorle dolci, vitamina E.<\/p>\n<h2><strong>Di cosa \u00e8 composto l'unguento al fieno greco?\u00a0<\/strong><\/h2>\n<p>Il nostro\u00a0<strong>crema trigonella<\/strong>\u00a0contiene numerose vitamine, oligoelementi, proteine e antiossidanti. Va detto che i suoi ingredienti sono rinomati per la loro ricca composizione, altamente benefica per la nostra pelle.<\/p>\n<p>Troveremo principalmente :<\/p>\n<ul>\n<li>Flavonoidi<\/li>\n<li>Vitamine A, C ed E, oltre alle vitamine B1 e B6<\/li>\n<li>Acidi grassi essenziali<\/li>\n<li>Fibre mucillaginose<\/li>\n<li>Omega 3, benefici per la pelle<\/li>\n<li>Ma anche fosforo, zolfo, ferro, ecc.<\/li>\n<li>Oltre a minerali come il calcio e il magnesio<\/li>\n<\/ul>\n<h2><strong>Burro di fieno greco: benefici\u00a0<\/strong><\/h2>\n<p>Passiamo agli affari! Cosa far\u00e0 questo misterioso\u00a0<strong>BALSAMO PER IL CORPO<\/strong>\u00a0?! Dovete sapere che sar\u00e0 benefico per il vostro corpo come per i vostri capelli, ma anche per il vostro viso. Un vero\u00a0<strong>prodotto di bellezza multifunzione<\/strong>, Pu\u00f2 sostituire da solo un gran numero di cosmetici...<\/p>\n<p>L'elenco dei vantaggi \u00e8 piuttosto interessante, quindi vi lasciamo dare un'occhiata da soli:<\/p>\n<ul>\n<li>Rassodante per seno, glutei, fianchi e pelle in generale; ;<\/li>\n<li>Aiuta a modellare le forme e a guadagnare volume in modo naturale; ;<\/li>\n<li>Rigenera l'epidermide e previene la secchezza della pelle; ;<\/li>\n<li>Il burro di fieno greco pu\u00f2 essere utilizzato per stimolare la crescita dei capelli; ;<\/li>\n<li>Sul viso, questo cosmetico \u00e8 efficace contro l'acne; ;<\/li>\n<li>Azione antirughe e antiet\u00e0; ;<\/li>\n<li>Possiede inoltre propriet\u00e0 antinfiammatorie, come anche<strong>\u00a0<a href=\"https:\/\/www.safinel.fr\/it\/prodotto\/cristalli-di-menta\/\">cristalli di menta<\/a>\u00a0<\/strong>;<\/li>\n<li>Aiuta a nutrire la pelle, rendendola pi\u00f9 liscia ed elastica; ;<\/li>\n<li>Questo unguento naturale ha effetti curativi e lenitivi; ;<\/li>\n<li>Idrata i capelli e protegge le punte dall'inaridimento.<\/li>\n<\/ul>\n<h2><strong>I vostri altri prodotti naturali per mettere in risalto i vostri punti di forza...\u00a0<\/strong><\/h2>\n<p>Il nostro\u00a0<strong>Unguento al fieno greco<\/strong>, Ma, per quanto incredibile, non \u00e8 l'unica pianta che pu\u00f2 vantare queste propriet\u00e0. Esistono infatti altre piante africane che possono contribuire ad aumentare il volume del seno e dei glutei. Sicuramente vorrete saperne di pi\u00f9! In tal caso, il vostro negozio Safinel di fiducia potr\u00e0 dirvi tutto:<\/p>\n<ul>\n<li><strong>L'akpi<\/strong>\u00a0in\u00a0<strong>seme<\/strong>, in\u00a0<strong>olio<\/strong>\u00a0o in\u00a0<strong>polvere<\/strong>, akpi \u00e8 sulla bocca di tutti! Non da ultimo per la sua capacit\u00e0 di\u00a0<strong>ingrandire il seno e i glutei<\/strong>. Naturalmente, pu\u00f2 essere utilizzato per molti altri scopi. \u00c8 stato riscontrato un beneficio nel trattamento dell'infertilit\u00e0 nelle donne, ad esempio.<\/li>\n<\/ul>\n<ul>\n<li><strong>La kigelia :<\/strong>\u00a0questa pianta, che si trova in\u00a0<strong>olio<\/strong>\u00a0e in\u00a0<strong>polvere<\/strong>\u00a0nella nostra boutique del benessere, \u00e8 anche un alleato per\u00a0<strong>rassodare il petto e i glutei.<\/strong>\u00a0\u00c8 quindi un cosmetico naturale tensore, rimpolpante e rassodante molto efficace. Pu\u00f2 essere utilizzato anche come complemento al nostro\u00a0<strong>burro fen\u00e9gr\u00e9<\/strong>.<\/li>\n<\/ul>\n<h2><strong>Burro di fieno greco: come usarlo\u00a0<\/strong><\/h2>\n<p>Questo\u00a0<strong>balsamo universale\u00a0<\/strong>ha una composizione che lo rende un cosmetico multiuso! Qualunque sia il vostro tipo di capelli o di pelle, questo \u00e8 un prodotto di bellezza che trover\u00e0 rapidamente posto nella vostra routine quotidiana!<\/p>\n<h3><strong>Per il corpo\u00a0<\/strong><\/h3>\n<p>Per far penetrare meglio il prodotto, si pu\u00f2 lasciare la pelle leggermente umida quando si esce dalla doccia. Oppure scaldare leggermente il balsamo tra le mani per ottenere una consistenza oleosa.<\/p>\n<p>Con l'obiettivo di\u00a0<strong>aumentare il volume dei glutei<\/strong>, Si consiglia un massaggio di 10 minuti su viso, fianchi o petto. Mattina e sera. Naturalmente, come per ogni prodotto naturale, l'uso regolare \u00e8 essenziale. Si consiglia un periodo da 1 a 3 mesi per ottenere risultati visibili!<\/p>\n<h3><strong>Per il viso\u00a0<\/strong><\/h3>\n<p>Questo cosmetico non comedogenico \u00e8 ideale per il viso. Si pu\u00f2 applicare mattina e sera, come qualsiasi altra crema idratante. Si pu\u00f2 applicare mattina e sera, come qualsiasi altra crema idratante, per combattere brufoli, punti neri e acne, e anche per contrastare i segni dell'invecchiamento.<\/p>\n<h3><strong>Per i capelli\u00a0<\/strong><\/h3>\n<p>Le\u00a0<strong>burro di karit\u00e9 per capelli<\/strong>\u00a0\u00e8 noto per la sua azione idratante e nutriente. Introdotta nei nostri cosmetici, la combinazione di questi due ingredienti contribuir\u00e0 a mantenere i capelli ben idratati.<\/p>\n<p>Si consiglia di utilizzarlo come trattamento da lasciare penetrare nella fibra capillare. Si pu\u00f2 applicare sulle punte e sulle lunghezze e lasciare in posa tutta la notte.<\/p>\n<h2><strong>Precauzioni e conservazione\u00a0<\/strong><\/h2>\n<p>Si consiglia di tenere la pentola lontano da mani curiose, come quelle dei bambini.<\/p>\n<p>Inoltre, \u00e8 preferibile mettere il\u00a0<strong>burro di cereali<\/strong>\u00a0lontano da fonti di calore, perch\u00e9 pu\u00f2 diventare rapidamente oleoso.<\/p>\n<p>Infine, anche se non siamo a conoscenza di controindicazioni o rischi di allergie, \u00e8 sempre consigliabile effettuare preventivamente un test cutaneo.<\/p>","protected":false},"excerpt":{"rendered":"<p>Noi di Safinel, il tuo negozio online dedicato al benessere, siamo appassionati di novit\u00e0 naturali. Infatti, non appena troviamo un vero gioiellino, ci affrettiamo a presentartelo. Ecco quindi il burro di fieno greco. Un cosmetico rinomato soprattutto per la sua incredibile funzione: aumentare il volume del seno e dei glutei. Garantito senza iniezioni e senza [...]","protected":false},"featured_media":1163,"template":"","meta":[],"product_brand":[],"product_cat":[41],"product_tag":[],"class_list":{"0":"post-1162","1":"product","2":"type-product","3":"status-publish","4":"has-post-thumbnail","6":"product_cat-produits-naturels-divers","8":"first","9":"outofstock","10":"shipping-taxable","11":"purchasable","12":"product-type-simple"},"yoast_head":"<!-- This site is optimized with the Yoast SEO plugin v26.6 - https:\/\/yoast.com\/wordpress\/plugins\/seo\/ -->\n<title>Beurre de fenugrec | Cr\u00e8me cosm\u00e9tique | Contenance 150g<\/title>\n<meta name=\"description\" content=\"Voici donc\u00a0le beurre de fenugrec. Un\u00a0cosm\u00e9tique\u00a0r\u00e9put\u00e9 pour sa fonction : celle d\u2019augmenter le volume de la poitrine et des fesses.\" \/>\n<meta name=\"robots\" content=\"index, follow, max-snippet:-1, max-image-preview:large, max-video-preview:-1\" \/>\n<link rel=\"canonical\" href=\"https:\/\/www.safinel.fr\/it\/prodotto\/burro-di-fieno-greco\/\" \/>\n<meta property=\"og:locale\" content=\"it_IT\" \/>\n<meta property=\"og:type\" content=\"article\" \/>\n<meta property=\"og:title\" content=\"Beurre de fenugrec | Cr\u00e8me cosm\u00e9tique | Contenance 150g\" \/>\n<meta property=\"og:description\" content=\"Voici donc\u00a0le beurre de fenugrec. Un\u00a0cosm\u00e9tique\u00a0r\u00e9put\u00e9 pour sa fonction : celle d\u2019augmenter le volume de la poitrine et des fesses.\" \/>\n<meta property=\"og:url\" content=\"https:\/\/www.safinel.fr\/it\/prodotto\/burro-di-fieno-greco\/\" \/>\n<meta property=\"og:site_name\" content=\"Safinel\" \/>\n<meta property=\"article:modified_time\" content=\"2024-02-07T15:06:43+00:00\" \/>\n<meta property=\"og:image\" content=\"https:\/\/www.safinel.fr\/wp-content\/uploads\/2022\/04\/beurre-de-fenugrec.jpg\" \/>\n\t<meta property=\"og:image:width\" content=\"600\" \/>\n\t<meta property=\"og:image:height\" content=\"600\" \/>\n\t<meta property=\"og:image:type\" content=\"image\/jpeg\" \/>\n<meta name=\"twitter:card\" content=\"summary_large_image\" \/>\n<meta name=\"twitter:label1\" content=\"Tempo di lettura stimato\" \/>\n\t<meta name=\"twitter:data1\" content=\"6 minuti\" \/>\n<script type=\"application\/ld+json\" class=\"yoast-schema-graph\">{\"@context\":\"https:\/\/schema.org\",\"@graph\":[{\"@type\":\"WebPage\",\"@id\":\"https:\/\/www.safinel.fr\/produit\/beurre-de-fenugrec\/\",\"url\":\"https:\/\/www.safinel.fr\/produit\/beurre-de-fenugrec\/\",\"name\":\"Beurre de fenugrec | Cr\u00e8me cosm\u00e9tique | Contenance 150g\",\"isPartOf\":{\"@id\":\"https:\/\/www.safinel.fr\/#website\"},\"primaryImageOfPage\":{\"@id\":\"https:\/\/www.safinel.fr\/produit\/beurre-de-fenugrec\/#primaryimage\"},\"image\":{\"@id\":\"https:\/\/www.safinel.fr\/produit\/beurre-de-fenugrec\/#primaryimage\"},\"thumbnailUrl\":\"https:\/\/www.safinel.fr\/wp-content\/uploads\/2022\/04\/beurre-de-fenugrec.jpg\",\"datePublished\":\"2022-04-29T00:28:52+00:00\",\"dateModified\":\"2024-02-07T15:06:43+00:00\",\"description\":\"Voici donc\u00a0le beurre de fenugrec. Un\u00a0cosm\u00e9tique\u00a0r\u00e9put\u00e9 pour sa fonction : celle d\u2019augmenter le volume de la poitrine et des fesses.\",\"breadcrumb\":{\"@id\":\"https:\/\/www.safinel.fr\/produit\/beurre-de-fenugrec\/#breadcrumb\"},\"inLanguage\":\"it-IT\",\"potentialAction\":[{\"@type\":\"ReadAction\",\"target\":[\"https:\/\/www.safinel.fr\/produit\/beurre-de-fenugrec\/\"]}]},{\"@type\":\"ImageObject\",\"inLanguage\":\"it-IT\",\"@id\":\"https:\/\/www.safinel.fr\/produit\/beurre-de-fenugrec\/#primaryimage\",\"url\":\"https:\/\/www.safinel.fr\/wp-content\/uploads\/2022\/04\/beurre-de-fenugrec.jpg\",\"contentUrl\":\"https:\/\/www.safinel.fr\/wp-content\/uploads\/2022\/04\/beurre-de-fenugrec.jpg\",\"width\":600,\"height\":600,\"caption\":\"beurre de fenugrec\"},{\"@type\":\"BreadcrumbList\",\"@id\":\"https:\/\/www.safinel.fr\/produit\/beurre-de-fenugrec\/#breadcrumb\",\"itemListElement\":[{\"@type\":\"ListItem\",\"position\":1,\"name\":\"Accueil\",\"item\":\"https:\/\/www.safinel.fr\/\"},{\"@type\":\"ListItem\",\"position\":2,\"name\":\"Boutique\",\"item\":\"https:\/\/www.safinel.fr\/boutique\/\"},{\"@type\":\"ListItem\",\"position\":3,\"name\":\"Beurre de fenugrec 150g\"}]},{\"@type\":\"WebSite\",\"@id\":\"https:\/\/www.safinel.fr\/#website\",\"url\":\"https:\/\/www.safinel.fr\/\",\"name\":\"Safinel\",\"description\":\"\",\"publisher\":{\"@id\":\"https:\/\/www.safinel.fr\/#organization\"},\"potentialAction\":[{\"@type\":\"SearchAction\",\"target\":{\"@type\":\"EntryPoint\",\"urlTemplate\":\"https:\/\/www.safinel.fr\/?s={search_term_string}\"},\"query-input\":{\"@type\":\"PropertyValueSpecification\",\"valueRequired\":true,\"valueName\":\"search_term_string\"}}],\"inLanguage\":\"it-IT\"},{\"@type\":\"Organization\",\"@id\":\"https:\/\/www.safinel.fr\/#organization\",\"name\":\"Safinel\",\"url\":\"https:\/\/www.safinel.fr\/\",\"logo\":{\"@type\":\"ImageObject\",\"inLanguage\":\"it-IT\",\"@id\":\"https:\/\/www.safinel.fr\/#\/schema\/logo\/image\/\",\"url\":\"https:\/\/www.safinel.fr\/wp-content\/uploads\/2021\/05\/boutique-cosmetique.png\",\"contentUrl\":\"https:\/\/www.safinel.fr\/wp-content\/uploads\/2021\/05\/boutique-cosmetique.png\",\"width\":800,\"height\":200,\"caption\":\"Safinel\"},\"image\":{\"@id\":\"https:\/\/www.safinel.fr\/#\/schema\/logo\/image\/\"}}]}<\/script>\n<!-- \/ Yoast SEO plugin. -->","yoast_head_json":{"title":"Burro di fieno greco | Crema cosmetica | Capacit\u00e0 150 g","description":"Vi presentiamo il burro di fieno greco. Un cosmetico noto per la sua capacit\u00e0 di aumentare il volume del seno e dei glutei.","robots":{"index":"index","follow":"follow","max-snippet":"max-snippet:-1","max-image-preview":"max-image-preview:large","max-video-preview":"max-video-preview:-1"},"canonical":"https:\/\/www.safinel.fr\/it\/prodotto\/burro-di-fieno-greco\/","og_locale":"it_IT","og_type":"article","og_title":"Beurre de fenugrec | Cr\u00e8me cosm\u00e9tique | Contenance 150g","og_description":"Voici donc\u00a0le beurre de fenugrec. Un\u00a0cosm\u00e9tique\u00a0r\u00e9put\u00e9 pour sa fonction : celle d\u2019augmenter le volume de la poitrine et des fesses.","og_url":"https:\/\/www.safinel.fr\/it\/prodotto\/burro-di-fieno-greco\/","og_site_name":"Safinel","article_modified_time":"2024-02-07T15:06:43+00:00","og_image":[{"width":600,"height":600,"url":"https:\/\/www.safinel.fr\/wp-content\/uploads\/2022\/04\/beurre-de-fenugrec.jpg","type":"image\/jpeg"}],"twitter_card":"summary_large_image","twitter_misc":{"Tempo di lettura stimato":"6 minuti"},"schema":{"@context":"https:\/\/schema.org","@graph":[{"@type":"WebPage","@id":"https:\/\/www.safinel.fr\/produit\/beurre-de-fenugrec\/","url":"https:\/\/www.safinel.fr\/produit\/beurre-de-fenugrec\/","name":"Burro di fieno greco | Crema cosmetica | Capacit\u00e0 150 g","isPartOf":{"@id":"https:\/\/www.safinel.fr\/#website"},"primaryImageOfPage":{"@id":"https:\/\/www.safinel.fr\/produit\/beurre-de-fenugrec\/#primaryimage"},"image":{"@id":"https:\/\/www.safinel.fr\/produit\/beurre-de-fenugrec\/#primaryimage"},"thumbnailUrl":"https:\/\/www.safinel.fr\/wp-content\/uploads\/2022\/04\/beurre-de-fenugrec.jpg","datePublished":"2022-04-29T00:28:52+00:00","dateModified":"2024-02-07T15:06:43+00:00","description":"Vi presentiamo il burro di fieno greco. Un cosmetico noto per la sua capacit\u00e0 di aumentare il volume del seno e dei glutei.","breadcrumb":{"@id":"https:\/\/www.safinel.fr\/produit\/beurre-de-fenugrec\/#breadcrumb"},"inLanguage":"it-IT","potentialAction":[{"@type":"ReadAction","target":["https:\/\/www.safinel.fr\/produit\/beurre-de-fenugrec\/"]}]},{"@type":"ImageObject","inLanguage":"it-IT","@id":"https:\/\/www.safinel.fr\/produit\/beurre-de-fenugrec\/#primaryimage","url":"https:\/\/www.safinel.fr\/wp-content\/uploads\/2022\/04\/beurre-de-fenugrec.jpg","contentUrl":"https:\/\/www.safinel.fr\/wp-content\/uploads\/2022\/04\/beurre-de-fenugrec.jpg","width":600,"height":600,"caption":"beurre de fenugrec"},{"@type":"BreadcrumbList","@id":"https:\/\/www.safinel.fr\/produit\/beurre-de-fenugrec\/#breadcrumb","itemListElement":[{"@type":"ListItem","position":1,"name":"Accueil","item":"https:\/\/www.safinel.fr\/"},{"@type":"ListItem","position":2,"name":"Boutique","item":"https:\/\/www.safinel.fr\/boutique\/"},{"@type":"ListItem","position":3,"name":"Beurre de fenugrec 150g"}]},{"@type":"WebSite","@id":"https:\/\/www.safinel.fr\/#website","url":"https:\/\/www.safinel.fr\/","name":"Safinel","description":"","publisher":{"@id":"https:\/\/www.safinel.fr\/#organization"},"potentialAction":[{"@type":"SearchAction","target":{"@type":"EntryPoint","urlTemplate":"https:\/\/www.safinel.fr\/?s={search_term_string}"},"query-input":{"@type":"PropertyValueSpecification","valueRequired":true,"valueName":"search_term_string"}}],"inLanguage":"it-IT"},{"@type":"Organization","@id":"https:\/\/www.safinel.fr\/#organization","name":"Safinel","url":"https:\/\/www.safinel.fr\/","logo":{"@type":"ImageObject","inLanguage":"it-IT","@id":"https:\/\/www.safinel.fr\/#\/schema\/logo\/image\/","url":"https:\/\/www.safinel.fr\/wp-content\/uploads\/2021\/05\/boutique-cosmetique.png","contentUrl":"https:\/\/www.safinel.fr\/wp-content\/uploads\/2021\/05\/boutique-cosmetique.png","width":800,"height":200,"caption":"Safinel"},"image":{"@id":"https:\/\/www.safinel.fr\/#\/schema\/logo\/image\/"}}]}},"_links":{"self":[{"href":"https:\/\/www.safinel.fr\/it\/wp-json\/wp\/v2\/product\/1162","targetHints":{"allow":["GET"]}}],"collection":[{"href":"https:\/\/www.safinel.fr\/it\/wp-json\/wp\/v2\/product"}],"about":[{"href":"https:\/\/www.safinel.fr\/it\/wp-json\/wp\/v2\/types\/product"}],"wp:featuredmedia":[{"embeddable":true,"href":"https:\/\/www.safinel.fr\/it\/wp-json\/wp\/v2\/media\/1163"}],"wp:attachment":[{"href":"https:\/\/www.safinel.fr\/it\/wp-json\/wp\/v2\/media?parent=1162"}],"wp:term":[{"taxonomy":"product_brand","embeddable":true,"href":"https:\/\/www.safinel.fr\/it\/wp-json\/wp\/v2\/product_brand?post=1162"},{"taxonomy":"product_cat","embeddable":true,"href":"https:\/\/www.safinel.fr\/it\/wp-json\/wp\/v2\/product_cat?post=1162"},{"taxonomy":"product_tag","embeddable":true,"href":"https:\/\/www.safinel.fr\/it\/wp-json\/wp\/v2\/product_tag?post=1162"}],"curies":[{"name":"wp","href":"https:\/\/api.w.org\/{rel}","templated":true}]}}