{"id":1160,"date":"2022-04-29T00:22:30","date_gmt":"2022-04-29T00:22:30","guid":{"rendered":"https:\/\/www.safinel.fr\/?post_type=product&#038;p=1160"},"modified":"2024-10-16T17:38:47","modified_gmt":"2024-10-16T17:38:47","slug":"sapone-alla-papaya","status":"publish","type":"product","link":"https:\/\/www.safinel.fr\/it\/prodotto\/sapone-alla-papaya\/","title":{"rendered":"Sapone alla papaya 90g"},"content":{"rendered":"<p>Il suo colore arancione brillante e il suo profumo delizioso rendono particolarmente desideroso di scoprire la<strong>\u00a0sapone alla papaya<\/strong>. Ma non avete visto tutto! Indicata essenzialmente per le pelli secche, questa piccola meraviglia naturale \u00e8 un vero e proprio idratante. Oltre a tutti gli altri benefici...<\/p>\n<p>Siete pronti a ottenere una luminosit\u00e0 sana e un incarnato radioso?<\/p>\n<h2><strong>Focus sul sapone di papaya\u00a0<\/strong><\/h2>\n<p>La papaya \u00e8 un frutto grazioso - e delizioso - dalla caratteristica polpa arancione. Originario principalmente dell'America tropicale, questo frutto esotico proviene dalle\u00a0<strong>papaya<\/strong>, nota anche come carica papaya.<\/p>\n<p>Ora che abbiamo parlato di cultura, passiamo alla nostra intrigante\u00a0<strong>sapone solido naturale.<\/strong>\u00a0Ha la forma di un\u00a0<strong>saponetta<\/strong>\u00a090 g, per garantire un uso duraturo. E anche per tutta la famiglia!<\/p>\n<p>Questo sapone alla papaya offre i benefici di una\u00a0<strong>prodotto per l'igiene<\/strong>\u00a0ordinaria per la pelle, con virt\u00f9 straordinarie.<\/p>\n<h2><strong>Quali sono i benefici del sapone di papaya per la pelle?\u00a0<\/strong><\/h2>\n<p>Questo\u00a0<strong>solido quadrato\u00a0<\/strong>pu\u00f2 essere utilizzato per l'igiene quotidiana del viso e del corpo. Ecco alcuni dei suoi benefici:<\/p>\n<ul>\n<li>Effetto refrigerante istantaneo<\/li>\n<li>Idrata e nutre la pelle secca<\/li>\n<li>Pulisce a fondo le impurit\u00e0<\/li>\n<li>La papaya contiene naturalmente anche le vitamine A, B1, B2 e C, utili per abbellire la pelle.<\/li>\n<li>Favorisce il rinnovamento cellulare grazie alla papaina<\/li>\n<li>Dona un colorito fresco e luminoso<\/li>\n<li>Aiuta a ottenere una carnagione liscia e omogenea restringendo i pori<\/li>\n<li>Infine, aiuta a combattere l'acne<\/li>\n<\/ul>\n<h2><strong>Come utilizzare il sapone di papaya\u00a0<\/strong><\/h2>\n<p>Si consiglia di iniziare a usare il sapone di papaya quotidianamente per vedere i risultati.<\/p>\n<p>Questo<strong>\u00a0saponetta solida<\/strong>\u00a0pu\u00f2 essere utilizzato mattina e sera sul viso. \u00c8 sufficiente insaponare il sapone di papaya tra le mani. Quindi idratare con una crema.<\/p>\n<p>Per il corpo, si pu\u00f2 usare prima il metodo\u00a0<a href=\"https:\/\/www.safinel.fr\/it\/prodotto\/karite-chantilly\/\"><strong>crema montata al karit\u00e9<\/strong><\/a>\u00a0per proteggere il corpo dall'acqua dura. Il sapone di papaya pu\u00f2 poi essere usato per lavarsi come qualsiasi altro sapone.<\/p>\n<h2><strong>La cura naturale di s\u00e9 al Safinel\u00a0<\/strong><\/h2>\n<p>La frutta esotica ha un posto speciale nella nostra gamma.<strong>\u00a0boutique della natura e del benessere.<\/strong>\u00a0In effetti, forse avrete gi\u00e0 notato il nostro \u00ab\u00a0<strong>frutta tropicale<\/strong>\u00a0\u00bb ?<\/p>\n<p>In caso contrario, non esitate a fare un salto. Troverete<strong>\u00a0polvere d'arancia<\/strong>, il\u00a0<strong>buccia di melograno\u00a0<\/strong>o il\u00a0<a href=\"https:\/\/www.safinel.fr\/it\/prodotto\/polvere-di-bouye-di-baobab\/\"><strong>polvere di baobab<\/strong><\/a>, di pane di scimmia. Questi\u00a0<strong>polveri cosmetiche<\/strong>\u00a0sono ideali per la realizzazione di cosmetici fatti in casa.<\/p>\n<h3><strong>Come si fa a tenerlo?\u00a0<\/strong><\/h3>\n<p>Questo solido quadrato pu\u00f2 essere molto economico, a patto che sia conservato particolarmente bene. Il sapone che giace in bagno rischia di ammorbidirsi e di consumarsi molto pi\u00f9 rapidamente.<\/p>\n<p>Pertanto, per preservare questo\u00a0<strong>cosmetici solidi<\/strong>, dovrebbe essere posizionato su un\u00a0<strong>portasapone\u00a0<\/strong>adattato. Questo accessorio permette di far defluire l'acqua in eccesso, in modo che non ristagni quando si inumidisce il sapone di papaya.<\/p>\n<p>Infine, assicuratevi di lasciarlo fuori dall'acqua una volta terminato l'utilizzo. In questo modo potr\u00e0 asciugarsi correttamente.<\/p>","protected":false},"excerpt":{"rendered":"<p>Sa couleur orange vif et sa senteur d\u00e9licieuse donnent particuli\u00e8rement envie de d\u00e9couvrir le\u00a0savon papaye. Mais vous n\u2019avez pas tout vu ! Essentiellement recommand\u00e9e pour les peaux s\u00e8ches, cette petite merveille naturelle est une v\u00e9ritable bombe hydratante. En plus de tous ses autres bienfaits\u2026 Pr\u00eat pour un effet bonne mine et un teint \u00e9clatant ? [&#8230;]","protected":false},"featured_media":1161,"template":"","meta":[],"product_brand":[],"product_cat":[41,123],"product_tag":[],"class_list":{"0":"post-1160","1":"product","2":"type-product","3":"status-publish","4":"has-post-thumbnail","6":"product_cat-produits-naturels-divers","7":"product_cat-savon","9":"first","10":"instock","11":"shipping-taxable","12":"purchasable","13":"product-type-simple"},"yoast_head":"<!-- This site is optimized with the Yoast SEO plugin v26.6 - https:\/\/yoast.com\/wordpress\/plugins\/seo\/ -->\n<title>Savon papaye 90g I Bienfaits nombreux pour le corps<\/title>\n<meta name=\"description\" content=\"Sa couleur orange vif et sa senteur d\u00e9licieuse donnent particuli\u00e8rement envie de d\u00e9couvrir le\u00a0savon papaye. D\u00e9couvrez-le !\" \/>\n<meta name=\"robots\" content=\"index, follow, max-snippet:-1, max-image-preview:large, max-video-preview:-1\" \/>\n<link rel=\"canonical\" href=\"https:\/\/www.safinel.fr\/it\/prodotto\/sapone-alla-papaya\/\" \/>\n<meta property=\"og:locale\" content=\"it_IT\" \/>\n<meta property=\"og:type\" content=\"article\" \/>\n<meta property=\"og:title\" content=\"Savon papaye 90g I Bienfaits nombreux pour le corps\" \/>\n<meta property=\"og:description\" content=\"Sa couleur orange vif et sa senteur d\u00e9licieuse donnent particuli\u00e8rement envie de d\u00e9couvrir le\u00a0savon papaye. D\u00e9couvrez-le !\" \/>\n<meta property=\"og:url\" content=\"https:\/\/www.safinel.fr\/it\/prodotto\/sapone-alla-papaya\/\" \/>\n<meta property=\"og:site_name\" content=\"Safinel\" \/>\n<meta property=\"article:modified_time\" content=\"2024-10-16T17:38:47+00:00\" \/>\n<meta property=\"og:image\" content=\"https:\/\/www.safinel.fr\/wp-content\/uploads\/2022\/04\/savon-papaye.jpg\" \/>\n\t<meta property=\"og:image:width\" content=\"600\" \/>\n\t<meta property=\"og:image:height\" content=\"600\" \/>\n\t<meta property=\"og:image:type\" content=\"image\/jpeg\" \/>\n<meta name=\"twitter:card\" content=\"summary_large_image\" \/>\n<meta name=\"twitter:label1\" content=\"Tempo di lettura stimato\" \/>\n\t<meta name=\"twitter:data1\" content=\"3 minuti\" \/>\n<script type=\"application\/ld+json\" class=\"yoast-schema-graph\">{\"@context\":\"https:\/\/schema.org\",\"@graph\":[{\"@type\":\"WebPage\",\"@id\":\"https:\/\/www.safinel.fr\/produit\/savon-papaye\/\",\"url\":\"https:\/\/www.safinel.fr\/produit\/savon-papaye\/\",\"name\":\"Savon papaye 90g I Bienfaits nombreux pour le corps\",\"isPartOf\":{\"@id\":\"https:\/\/www.safinel.fr\/#website\"},\"primaryImageOfPage\":{\"@id\":\"https:\/\/www.safinel.fr\/produit\/savon-papaye\/#primaryimage\"},\"image\":{\"@id\":\"https:\/\/www.safinel.fr\/produit\/savon-papaye\/#primaryimage\"},\"thumbnailUrl\":\"https:\/\/www.safinel.fr\/wp-content\/uploads\/2022\/04\/savon-papaye.jpg\",\"datePublished\":\"2022-04-29T00:22:30+00:00\",\"dateModified\":\"2024-10-16T17:38:47+00:00\",\"description\":\"Sa couleur orange vif et sa senteur d\u00e9licieuse donnent particuli\u00e8rement envie de d\u00e9couvrir le\u00a0savon papaye. D\u00e9couvrez-le !\",\"breadcrumb\":{\"@id\":\"https:\/\/www.safinel.fr\/produit\/savon-papaye\/#breadcrumb\"},\"inLanguage\":\"it-IT\",\"potentialAction\":[{\"@type\":\"ReadAction\",\"target\":[\"https:\/\/www.safinel.fr\/produit\/savon-papaye\/\"]}]},{\"@type\":\"ImageObject\",\"inLanguage\":\"it-IT\",\"@id\":\"https:\/\/www.safinel.fr\/produit\/savon-papaye\/#primaryimage\",\"url\":\"https:\/\/www.safinel.fr\/wp-content\/uploads\/2022\/04\/savon-papaye.jpg\",\"contentUrl\":\"https:\/\/www.safinel.fr\/wp-content\/uploads\/2022\/04\/savon-papaye.jpg\",\"width\":600,\"height\":600,\"caption\":\"Savon papaye 100g\"},{\"@type\":\"BreadcrumbList\",\"@id\":\"https:\/\/www.safinel.fr\/produit\/savon-papaye\/#breadcrumb\",\"itemListElement\":[{\"@type\":\"ListItem\",\"position\":1,\"name\":\"Accueil\",\"item\":\"https:\/\/www.safinel.fr\/\"},{\"@type\":\"ListItem\",\"position\":2,\"name\":\"Boutique\",\"item\":\"https:\/\/www.safinel.fr\/boutique\/\"},{\"@type\":\"ListItem\",\"position\":3,\"name\":\"Savon papaye 90g\"}]},{\"@type\":\"WebSite\",\"@id\":\"https:\/\/www.safinel.fr\/#website\",\"url\":\"https:\/\/www.safinel.fr\/\",\"name\":\"Safinel\",\"description\":\"\",\"publisher\":{\"@id\":\"https:\/\/www.safinel.fr\/#organization\"},\"potentialAction\":[{\"@type\":\"SearchAction\",\"target\":{\"@type\":\"EntryPoint\",\"urlTemplate\":\"https:\/\/www.safinel.fr\/?s={search_term_string}\"},\"query-input\":{\"@type\":\"PropertyValueSpecification\",\"valueRequired\":true,\"valueName\":\"search_term_string\"}}],\"inLanguage\":\"it-IT\"},{\"@type\":\"Organization\",\"@id\":\"https:\/\/www.safinel.fr\/#organization\",\"name\":\"Safinel\",\"url\":\"https:\/\/www.safinel.fr\/\",\"logo\":{\"@type\":\"ImageObject\",\"inLanguage\":\"it-IT\",\"@id\":\"https:\/\/www.safinel.fr\/#\/schema\/logo\/image\/\",\"url\":\"https:\/\/www.safinel.fr\/wp-content\/uploads\/2021\/05\/boutique-cosmetique.png\",\"contentUrl\":\"https:\/\/www.safinel.fr\/wp-content\/uploads\/2021\/05\/boutique-cosmetique.png\",\"width\":800,\"height\":200,\"caption\":\"Safinel\"},\"image\":{\"@id\":\"https:\/\/www.safinel.fr\/#\/schema\/logo\/image\/\"}}]}<\/script>\n<!-- \/ Yoast SEO plugin. -->","yoast_head_json":{"title":"Sapone di papaya 90g I Numerosi benefici per il corpo","description":"Il suo colore arancione brillante e il suo profumo delizioso vi faranno venire voglia di scoprire il sapone alla papaya. Scopritelo voi stessi!","robots":{"index":"index","follow":"follow","max-snippet":"max-snippet:-1","max-image-preview":"max-image-preview:large","max-video-preview":"max-video-preview:-1"},"canonical":"https:\/\/www.safinel.fr\/it\/prodotto\/sapone-alla-papaya\/","og_locale":"it_IT","og_type":"article","og_title":"Savon papaye 90g I Bienfaits nombreux pour le corps","og_description":"Sa couleur orange vif et sa senteur d\u00e9licieuse donnent particuli\u00e8rement envie de d\u00e9couvrir le\u00a0savon papaye. D\u00e9couvrez-le !","og_url":"https:\/\/www.safinel.fr\/it\/prodotto\/sapone-alla-papaya\/","og_site_name":"Safinel","article_modified_time":"2024-10-16T17:38:47+00:00","og_image":[{"width":600,"height":600,"url":"https:\/\/www.safinel.fr\/wp-content\/uploads\/2022\/04\/savon-papaye.jpg","type":"image\/jpeg"}],"twitter_card":"summary_large_image","twitter_misc":{"Tempo di lettura stimato":"3 minuti"},"schema":{"@context":"https:\/\/schema.org","@graph":[{"@type":"WebPage","@id":"https:\/\/www.safinel.fr\/produit\/savon-papaye\/","url":"https:\/\/www.safinel.fr\/produit\/savon-papaye\/","name":"Sapone di papaya 90g I Numerosi benefici per il corpo","isPartOf":{"@id":"https:\/\/www.safinel.fr\/#website"},"primaryImageOfPage":{"@id":"https:\/\/www.safinel.fr\/produit\/savon-papaye\/#primaryimage"},"image":{"@id":"https:\/\/www.safinel.fr\/produit\/savon-papaye\/#primaryimage"},"thumbnailUrl":"https:\/\/www.safinel.fr\/wp-content\/uploads\/2022\/04\/savon-papaye.jpg","datePublished":"2022-04-29T00:22:30+00:00","dateModified":"2024-10-16T17:38:47+00:00","description":"Il suo colore arancione brillante e il suo profumo delizioso vi faranno venire voglia di scoprire il sapone alla papaya. Scopritelo voi stessi!","breadcrumb":{"@id":"https:\/\/www.safinel.fr\/produit\/savon-papaye\/#breadcrumb"},"inLanguage":"it-IT","potentialAction":[{"@type":"ReadAction","target":["https:\/\/www.safinel.fr\/produit\/savon-papaye\/"]}]},{"@type":"ImageObject","inLanguage":"it-IT","@id":"https:\/\/www.safinel.fr\/produit\/savon-papaye\/#primaryimage","url":"https:\/\/www.safinel.fr\/wp-content\/uploads\/2022\/04\/savon-papaye.jpg","contentUrl":"https:\/\/www.safinel.fr\/wp-content\/uploads\/2022\/04\/savon-papaye.jpg","width":600,"height":600,"caption":"Savon papaye 100g"},{"@type":"BreadcrumbList","@id":"https:\/\/www.safinel.fr\/produit\/savon-papaye\/#breadcrumb","itemListElement":[{"@type":"ListItem","position":1,"name":"Accueil","item":"https:\/\/www.safinel.fr\/"},{"@type":"ListItem","position":2,"name":"Boutique","item":"https:\/\/www.safinel.fr\/boutique\/"},{"@type":"ListItem","position":3,"name":"Savon papaye 90g"}]},{"@type":"WebSite","@id":"https:\/\/www.safinel.fr\/#website","url":"https:\/\/www.safinel.fr\/","name":"Safinel","description":"","publisher":{"@id":"https:\/\/www.safinel.fr\/#organization"},"potentialAction":[{"@type":"SearchAction","target":{"@type":"EntryPoint","urlTemplate":"https:\/\/www.safinel.fr\/?s={search_term_string}"},"query-input":{"@type":"PropertyValueSpecification","valueRequired":true,"valueName":"search_term_string"}}],"inLanguage":"it-IT"},{"@type":"Organization","@id":"https:\/\/www.safinel.fr\/#organization","name":"Safinel","url":"https:\/\/www.safinel.fr\/","logo":{"@type":"ImageObject","inLanguage":"it-IT","@id":"https:\/\/www.safinel.fr\/#\/schema\/logo\/image\/","url":"https:\/\/www.safinel.fr\/wp-content\/uploads\/2021\/05\/boutique-cosmetique.png","contentUrl":"https:\/\/www.safinel.fr\/wp-content\/uploads\/2021\/05\/boutique-cosmetique.png","width":800,"height":200,"caption":"Safinel"},"image":{"@id":"https:\/\/www.safinel.fr\/#\/schema\/logo\/image\/"}}]}},"_links":{"self":[{"href":"https:\/\/www.safinel.fr\/it\/wp-json\/wp\/v2\/product\/1160","targetHints":{"allow":["GET"]}}],"collection":[{"href":"https:\/\/www.safinel.fr\/it\/wp-json\/wp\/v2\/product"}],"about":[{"href":"https:\/\/www.safinel.fr\/it\/wp-json\/wp\/v2\/types\/product"}],"wp:featuredmedia":[{"embeddable":true,"href":"https:\/\/www.safinel.fr\/it\/wp-json\/wp\/v2\/media\/1161"}],"wp:attachment":[{"href":"https:\/\/www.safinel.fr\/it\/wp-json\/wp\/v2\/media?parent=1160"}],"wp:term":[{"taxonomy":"product_brand","embeddable":true,"href":"https:\/\/www.safinel.fr\/it\/wp-json\/wp\/v2\/product_brand?post=1160"},{"taxonomy":"product_cat","embeddable":true,"href":"https:\/\/www.safinel.fr\/it\/wp-json\/wp\/v2\/product_cat?post=1160"},{"taxonomy":"product_tag","embeddable":true,"href":"https:\/\/www.safinel.fr\/it\/wp-json\/wp\/v2\/product_tag?post=1160"}],"curies":[{"name":"wp","href":"https:\/\/api.w.org\/{rel}","templated":true}]}}