{"id":116,"date":"2021-06-01T16:05:25","date_gmt":"2021-06-01T16:05:25","guid":{"rendered":"https:\/\/www.safinel.fr\/?post_type=product&#038;p=116"},"modified":"2025-04-12T16:24:43","modified_gmt":"2025-04-12T16:24:43","slug":"salvia-sclarea","status":"publish","type":"product","link":"https:\/\/www.safinel.fr\/it\/prodotto\/salvia-sclarea\/","title":{"rendered":"Salvia sclarea"},"content":{"rendered":"<p>La salvia sclarea, il cui nome latino \u00e8 Salvia sclarea, \u00e8 una pianta erbacea perenne diffusa in tutta la regione mediterranea. Ha una durata di vita molto breve. Si trova anche in Asia occidentale. Viene coltivata principalmente per i suoi fiori e le sue foglie, che si ritiene abbiano propriet\u00e0 terapeutiche. Viene utilizzata quasi esclusivamente per le donne. Viene utilizzata per migliorare la fertilit\u00e0 e per regolare e trattare alcuni disturbi naturali.<\/p>\n<p>Potete trovare e utilizzare la salvia sclarea come olio essenziale. Ma si pu\u00f2 anche utilizzare la parte aerea, come suggeriamo qui.<\/p>\n<h2><b>I benefici della salvia sclarea<\/b><\/h2>\n<p>Le virt\u00f9 della salvia sclarea sono molto diffuse. Nella cultura popolare \u00e8 stata utilizzata per trattare i problemi del cuoio capelluto e della pelle. Oggi, tuttavia, viene utilizzata per contrastare gli effetti indesiderati causati da alcuni disturbi o carenze. Tra questi, i disagi causati dall'amenorrea, dalle mestruazioni dolorose o dalla pre-menopausa. Si dice che la salvia sclarea abbia un effetto concreto sulla riduzione delle vampate di calore.<\/p>\n<p>Grazie alle sue propriet\u00e0 antimicotiche, pu\u00f2 essere utilizzato anche per trattare alcuni problemi legati ai cambiamenti ormonali. Ne sono un esempio la comparsa di micosi vaginali o cutanee.<\/p>\n<p>\u00c8 stato dimostrato che la salvia sclarea migliora la fertilit\u00e0 delle donne. Aiuta ad aumentare la produzione di estrogeni e a regolare il ciclo mestruale.<\/p>\n<p>Agendo sulla produzione di estrogeni, la salvia sclarea influenza la produzione naturale di ormoni luteinizzanti. Questi preziosi ormoni hanno un rapporto causale con l'innesco dell'ovulazione.<\/p>\n<p>Agisce inoltre sulla produzione di progesterone per preparare la mucosa uterina all'impianto dell'ovulo. La sua azione estrogenica contribuisce quindi ad alleviare problemi ormonali come l'assenza di mestruazioni.<\/p>\n<p>Oltre alla sua azione sulla fertilit\u00e0 femminile, la salvia sclarea fornisce anche<span class=\"Apple-converted-space\">\u00a0 <\/span>un vantaggio per la dermatologia. Grazie alle sue propriet\u00e0 seboregolatrici, aiuta a combattere acne, problemi cutanei e cuoio capelluto grasso.<\/p>\n<p>Infine, possiamo aggiungere che la salvia sclarea aiuta ad aumentare l'energia sessuale grazie alla sua azione stimolante.<\/p>\n<h2><b>Istruzioni per l'uso<\/b><\/h2>\n<p>La salvia sclarea, che qui presentiamo nella sua parte aerea, pu\u00f2 essere consumata in vari modi, a seconda delle preferenze.<\/p>\n<p>In pratica, pu\u00f2 essere assunto come infusione, proprio come il <a href=\"https:\/\/www.safinel.fr\/it\/prodotto\/fiorellino-rosso-fiori-interi\/\"><strong>trifoglio rosso<\/strong><\/a>.<\/p>\n<p>In questo caso :<\/p>\n<ul>\n<li>Tutto quello che dovete fare \u00e8 far bollire un po' d'acqua e<span class=\"Apple-converted-space\">\u00a0 <\/span>poi versarlo sui fiori e sulle foglie, che avrete messo in una tazza in precedenza.<\/li>\n<li>Lasciare in infusione per circa 5 minuti prima di servire.<\/li>\n<\/ul>\n<p>Si pu\u00f2 anche preparare un decotto di salvia sclarea. Per prepararlo:<\/p>\n<ul>\n<li>Immergere le piante in acqua fredda e portare a ebollizione per circa 3 minuti.<\/li>\n<\/ul>\n<p>Infine, se preferite preparare una macerazione.<\/p>\n<p><strong>Niente di pi\u00f9 semplice:<\/strong><\/p>\n<ul>\n<li>Mettete le piante in un liquido come olio, acqua o aceto.<\/li>\n<li>Lasciare riposare per 45 minuti-2 ore prima di applicare sull'area cutanea localizzata.<\/li>\n<\/ul>","protected":false},"excerpt":{"rendered":"<p>Le sauge sclar\u00e9e de son nom latin \u00ab\u00a0Salvia sclarea\u00a0\u00bb est une plante herbac\u00e9e vivace pr\u00e9sente sur tout le pourtour m\u00e9diterran\u00e9en. La dur\u00e9e de vie de cette derni\u00e8re est tr\u00e8s courte. On peut \u00e9galement retrouver cette plante en Asie occidentale. Elle est principalement cultiv\u00e9e pour ses fleurs et ses feuilles auxquelles on conf\u00e8re des propri\u00e9t\u00e9s th\u00e9rapeutiques. [&#8230;]","protected":false},"featured_media":56,"template":"","meta":[],"product_brand":[],"product_cat":[15,27,19],"product_tag":[],"class_list":{"0":"post-116","1":"product","2":"type-product","3":"status-publish","4":"has-post-thumbnail","6":"product_cat-fertilite","7":"product_cat-plantes-medicinales","8":"product_cat-thes-tisanes","10":"first","11":"instock","12":"shipping-taxable","13":"purchasable","14":"product-type-variable"},"yoast_head":"<!-- This site is optimized with the Yoast SEO plugin v26.6 - https:\/\/yoast.com\/wordpress\/plugins\/seo\/ -->\n<title>Sauge sclar\u00e9e (Salvia sclarea) | Tisane et infusion | Safinel.fr<\/title>\n<meta name=\"description\" content=\"Le sauge sclar\u00e9e de son nom latin &quot;Salvia sclarea&quot; est une plante herbac\u00e9e vivace pr\u00e9sente sur tout le pourtour m\u00e9diterran\u00e9en.\" \/>\n<meta name=\"robots\" content=\"index, follow, max-snippet:-1, max-image-preview:large, max-video-preview:-1\" \/>\n<link rel=\"canonical\" href=\"https:\/\/www.safinel.fr\/it\/prodotto\/salvia-sclarea\/\" \/>\n<meta property=\"og:locale\" content=\"it_IT\" \/>\n<meta property=\"og:type\" content=\"article\" \/>\n<meta property=\"og:title\" content=\"Sauge sclar\u00e9e (Salvia sclarea) | Tisane et infusion | Safinel.fr\" \/>\n<meta property=\"og:description\" content=\"Le sauge sclar\u00e9e de son nom latin &quot;Salvia sclarea&quot; est une plante herbac\u00e9e vivace pr\u00e9sente sur tout le pourtour m\u00e9diterran\u00e9en.\" \/>\n<meta property=\"og:url\" content=\"https:\/\/www.safinel.fr\/it\/prodotto\/salvia-sclarea\/\" \/>\n<meta property=\"og:site_name\" content=\"Safinel\" \/>\n<meta property=\"article:modified_time\" content=\"2025-04-12T16:24:43+00:00\" \/>\n<meta property=\"og:image\" content=\"https:\/\/www.safinel.fr\/wp-content\/uploads\/2021\/05\/sauge-site.jpg\" \/>\n\t<meta property=\"og:image:width\" content=\"357\" \/>\n\t<meta property=\"og:image:height\" content=\"400\" \/>\n\t<meta property=\"og:image:type\" content=\"image\/jpeg\" \/>\n<meta name=\"twitter:card\" content=\"summary_large_image\" \/>\n<meta name=\"twitter:label1\" content=\"Tempo di lettura stimato\" \/>\n\t<meta name=\"twitter:data1\" content=\"3 minuti\" \/>\n<script type=\"application\/ld+json\" class=\"yoast-schema-graph\">{\"@context\":\"https:\/\/schema.org\",\"@graph\":[{\"@type\":\"WebPage\",\"@id\":\"https:\/\/www.safinel.fr\/produit\/sauge-sclaree\/\",\"url\":\"https:\/\/www.safinel.fr\/produit\/sauge-sclaree\/\",\"name\":\"Sauge sclar\u00e9e (Salvia sclarea) | Tisane et infusion | Safinel.fr\",\"isPartOf\":{\"@id\":\"https:\/\/www.safinel.fr\/#website\"},\"primaryImageOfPage\":{\"@id\":\"https:\/\/www.safinel.fr\/produit\/sauge-sclaree\/#primaryimage\"},\"image\":{\"@id\":\"https:\/\/www.safinel.fr\/produit\/sauge-sclaree\/#primaryimage\"},\"thumbnailUrl\":\"https:\/\/www.safinel.fr\/wp-content\/uploads\/2021\/05\/sauge-site.jpg\",\"datePublished\":\"2021-06-01T16:05:25+00:00\",\"dateModified\":\"2025-04-12T16:24:43+00:00\",\"description\":\"Le sauge sclar\u00e9e de son nom latin \\\"Salvia sclarea\\\" est une plante herbac\u00e9e vivace pr\u00e9sente sur tout le pourtour m\u00e9diterran\u00e9en.\",\"breadcrumb\":{\"@id\":\"https:\/\/www.safinel.fr\/produit\/sauge-sclaree\/#breadcrumb\"},\"inLanguage\":\"it-IT\",\"potentialAction\":[{\"@type\":\"ReadAction\",\"target\":[\"https:\/\/www.safinel.fr\/produit\/sauge-sclaree\/\"]}]},{\"@type\":\"ImageObject\",\"inLanguage\":\"it-IT\",\"@id\":\"https:\/\/www.safinel.fr\/produit\/sauge-sclaree\/#primaryimage\",\"url\":\"https:\/\/www.safinel.fr\/wp-content\/uploads\/2021\/05\/sauge-site.jpg\",\"contentUrl\":\"https:\/\/www.safinel.fr\/wp-content\/uploads\/2021\/05\/sauge-site.jpg\",\"width\":357,\"height\":400,\"caption\":\"Sauge sclar\u00e9e (Salvia sclarea)\"},{\"@type\":\"BreadcrumbList\",\"@id\":\"https:\/\/www.safinel.fr\/produit\/sauge-sclaree\/#breadcrumb\",\"itemListElement\":[{\"@type\":\"ListItem\",\"position\":1,\"name\":\"Accueil\",\"item\":\"https:\/\/www.safinel.fr\/\"},{\"@type\":\"ListItem\",\"position\":2,\"name\":\"Boutique\",\"item\":\"https:\/\/www.safinel.fr\/boutique\/\"},{\"@type\":\"ListItem\",\"position\":3,\"name\":\"Sauge sclar\u00e9e\"}]},{\"@type\":\"WebSite\",\"@id\":\"https:\/\/www.safinel.fr\/#website\",\"url\":\"https:\/\/www.safinel.fr\/\",\"name\":\"Safinel\",\"description\":\"\",\"publisher\":{\"@id\":\"https:\/\/www.safinel.fr\/#organization\"},\"potentialAction\":[{\"@type\":\"SearchAction\",\"target\":{\"@type\":\"EntryPoint\",\"urlTemplate\":\"https:\/\/www.safinel.fr\/?s={search_term_string}\"},\"query-input\":{\"@type\":\"PropertyValueSpecification\",\"valueRequired\":true,\"valueName\":\"search_term_string\"}}],\"inLanguage\":\"it-IT\"},{\"@type\":\"Organization\",\"@id\":\"https:\/\/www.safinel.fr\/#organization\",\"name\":\"Safinel\",\"url\":\"https:\/\/www.safinel.fr\/\",\"logo\":{\"@type\":\"ImageObject\",\"inLanguage\":\"it-IT\",\"@id\":\"https:\/\/www.safinel.fr\/#\/schema\/logo\/image\/\",\"url\":\"https:\/\/www.safinel.fr\/wp-content\/uploads\/2021\/05\/boutique-cosmetique.png\",\"contentUrl\":\"https:\/\/www.safinel.fr\/wp-content\/uploads\/2021\/05\/boutique-cosmetique.png\",\"width\":800,\"height\":200,\"caption\":\"Safinel\"},\"image\":{\"@id\":\"https:\/\/www.safinel.fr\/#\/schema\/logo\/image\/\"}}]}<\/script>\n<!-- \/ Yoast SEO plugin. -->","yoast_head_json":{"title":"Salvia sclarea (Salvia sclarea) | Tisane e infusi | Safinel.fr","description":"La salvia sclarea, dal nome latino \"Salvia sclarea\", \u00e8 una pianta erbacea perenne diffusa in tutta la regione mediterranea.","robots":{"index":"index","follow":"follow","max-snippet":"max-snippet:-1","max-image-preview":"max-image-preview:large","max-video-preview":"max-video-preview:-1"},"canonical":"https:\/\/www.safinel.fr\/it\/prodotto\/salvia-sclarea\/","og_locale":"it_IT","og_type":"article","og_title":"Sauge sclar\u00e9e (Salvia sclarea) | Tisane et infusion | Safinel.fr","og_description":"Le sauge sclar\u00e9e de son nom latin \"Salvia sclarea\" est une plante herbac\u00e9e vivace pr\u00e9sente sur tout le pourtour m\u00e9diterran\u00e9en.","og_url":"https:\/\/www.safinel.fr\/it\/prodotto\/salvia-sclarea\/","og_site_name":"Safinel","article_modified_time":"2025-04-12T16:24:43+00:00","og_image":[{"width":357,"height":400,"url":"https:\/\/www.safinel.fr\/wp-content\/uploads\/2021\/05\/sauge-site.jpg","type":"image\/jpeg"}],"twitter_card":"summary_large_image","twitter_misc":{"Tempo di lettura stimato":"3 minuti"},"schema":{"@context":"https:\/\/schema.org","@graph":[{"@type":"WebPage","@id":"https:\/\/www.safinel.fr\/produit\/sauge-sclaree\/","url":"https:\/\/www.safinel.fr\/produit\/sauge-sclaree\/","name":"Salvia sclarea (Salvia sclarea) | Tisane e infusi | Safinel.fr","isPartOf":{"@id":"https:\/\/www.safinel.fr\/#website"},"primaryImageOfPage":{"@id":"https:\/\/www.safinel.fr\/produit\/sauge-sclaree\/#primaryimage"},"image":{"@id":"https:\/\/www.safinel.fr\/produit\/sauge-sclaree\/#primaryimage"},"thumbnailUrl":"https:\/\/www.safinel.fr\/wp-content\/uploads\/2021\/05\/sauge-site.jpg","datePublished":"2021-06-01T16:05:25+00:00","dateModified":"2025-04-12T16:24:43+00:00","description":"La salvia sclarea, dal nome latino \"Salvia sclarea\", \u00e8 una pianta erbacea perenne diffusa in tutta la regione mediterranea.","breadcrumb":{"@id":"https:\/\/www.safinel.fr\/produit\/sauge-sclaree\/#breadcrumb"},"inLanguage":"it-IT","potentialAction":[{"@type":"ReadAction","target":["https:\/\/www.safinel.fr\/produit\/sauge-sclaree\/"]}]},{"@type":"ImageObject","inLanguage":"it-IT","@id":"https:\/\/www.safinel.fr\/produit\/sauge-sclaree\/#primaryimage","url":"https:\/\/www.safinel.fr\/wp-content\/uploads\/2021\/05\/sauge-site.jpg","contentUrl":"https:\/\/www.safinel.fr\/wp-content\/uploads\/2021\/05\/sauge-site.jpg","width":357,"height":400,"caption":"Sauge sclar\u00e9e (Salvia sclarea)"},{"@type":"BreadcrumbList","@id":"https:\/\/www.safinel.fr\/produit\/sauge-sclaree\/#breadcrumb","itemListElement":[{"@type":"ListItem","position":1,"name":"Accueil","item":"https:\/\/www.safinel.fr\/"},{"@type":"ListItem","position":2,"name":"Boutique","item":"https:\/\/www.safinel.fr\/boutique\/"},{"@type":"ListItem","position":3,"name":"Sauge sclar\u00e9e"}]},{"@type":"WebSite","@id":"https:\/\/www.safinel.fr\/#website","url":"https:\/\/www.safinel.fr\/","name":"Safinel","description":"","publisher":{"@id":"https:\/\/www.safinel.fr\/#organization"},"potentialAction":[{"@type":"SearchAction","target":{"@type":"EntryPoint","urlTemplate":"https:\/\/www.safinel.fr\/?s={search_term_string}"},"query-input":{"@type":"PropertyValueSpecification","valueRequired":true,"valueName":"search_term_string"}}],"inLanguage":"it-IT"},{"@type":"Organization","@id":"https:\/\/www.safinel.fr\/#organization","name":"Safinel","url":"https:\/\/www.safinel.fr\/","logo":{"@type":"ImageObject","inLanguage":"it-IT","@id":"https:\/\/www.safinel.fr\/#\/schema\/logo\/image\/","url":"https:\/\/www.safinel.fr\/wp-content\/uploads\/2021\/05\/boutique-cosmetique.png","contentUrl":"https:\/\/www.safinel.fr\/wp-content\/uploads\/2021\/05\/boutique-cosmetique.png","width":800,"height":200,"caption":"Safinel"},"image":{"@id":"https:\/\/www.safinel.fr\/#\/schema\/logo\/image\/"}}]}},"_links":{"self":[{"href":"https:\/\/www.safinel.fr\/it\/wp-json\/wp\/v2\/product\/116","targetHints":{"allow":["GET"]}}],"collection":[{"href":"https:\/\/www.safinel.fr\/it\/wp-json\/wp\/v2\/product"}],"about":[{"href":"https:\/\/www.safinel.fr\/it\/wp-json\/wp\/v2\/types\/product"}],"wp:featuredmedia":[{"embeddable":true,"href":"https:\/\/www.safinel.fr\/it\/wp-json\/wp\/v2\/media\/56"}],"wp:attachment":[{"href":"https:\/\/www.safinel.fr\/it\/wp-json\/wp\/v2\/media?parent=116"}],"wp:term":[{"taxonomy":"product_brand","embeddable":true,"href":"https:\/\/www.safinel.fr\/it\/wp-json\/wp\/v2\/product_brand?post=116"},{"taxonomy":"product_cat","embeddable":true,"href":"https:\/\/www.safinel.fr\/it\/wp-json\/wp\/v2\/product_cat?post=116"},{"taxonomy":"product_tag","embeddable":true,"href":"https:\/\/www.safinel.fr\/it\/wp-json\/wp\/v2\/product_tag?post=116"}],"curies":[{"name":"wp","href":"https:\/\/api.w.org\/{rel}","templated":true}]}}