{"id":1157,"date":"2022-04-29T00:19:08","date_gmt":"2022-04-29T00:19:08","guid":{"rendered":"https:\/\/www.safinel.fr\/?post_type=product&#038;p=1157"},"modified":"2023-12-28T17:15:16","modified_gmt":"2023-12-28T17:15:16","slug":"sapone-alla-curcuma","status":"publish","type":"product","link":"https:\/\/www.safinel.fr\/it\/prodotto\/sapone-alla-curcuma\/","title":{"rendered":"Sapone alla curcuma 90g"},"content":{"rendered":"<p>Il\u00a0<strong>problemi di pelle<\/strong>\u00a0sono all'ordine del giorno! Acne, psoriasi, eczemi e pelle sensibile possono essere un vero peso nella vita di tutti i giorni. L'importanza dell'aspetto ha un forte impatto sulla fiducia in se stessi. Ecco perch\u00e9 probabilmente abbiamo un prodotto che potrebbe interessarvi! \u00c8 il momento di incontrare il\u00a0<strong>Sapone alla curcuma<\/strong>.<\/p>\n<h2><strong>Le origini del sapone alla curcuma\u00a0<\/strong><\/h2>\n<p>Prima di tutto, una breve nota sulla curcuma... Questa pianta erbacea rizomatosa della famiglia delle Zingiberaceae \u00e8 originaria dell'Asia. Ridotta in polvere, lascia il posto alla\u00a0<strong>spezia famosa\u00a0<\/strong>conosciuto e riconosciuto sia nell'arte culinaria occidentale che in quella orientale.<\/p>\n<p>Ingrediente principale del curry, \u00e8 anche un fattore essenziale per l'economia del Paese produttore. Questa famosa spezia \u00e8 indubbiamente apprezzata per il suo contributo benefico a determinati piatti. Tuttavia, possiede anche una serie di altre qualit\u00e0, tra cui\u00a0<strong>cosmetici<\/strong>.<\/p>\n<h2><strong>Ora \u00e8 il momento di presentare il famoso sapone alla curcuma\u00a0<\/strong><\/h2>\n<p>E se fosse arrivato il momento di parlare\u00a0<strong>saponetta<\/strong>\u00a0? Il tuo\u00a0<strong>boutique di cosmetici naturali\u00a0<\/strong>vuole portare alla ribalta un prodotto che potrebbe fare al caso vostro!<\/p>\n<p>La curcuma \u00e8 utilizzata in\u00a0<strong>medicina ayurvedica<\/strong>\u00a0per le sue propriet\u00e0 antisettiche, antinfiammatorie e antibatteriche. \u00c8 noto anche per le sue\u00a0<strong>anti-invecchiamento<\/strong>\u00a0e le propriet\u00e0 antimicrobiche, viene sempre pi\u00f9 utilizzato nel campo della\u00a0<strong>prodotti di bellezza.\u00a0<\/strong><\/p>\n<p>Per saperne di pi\u00f9<strong>\u00a0sapone alla curcuma<\/strong>... La sua composizione<strong>\u00a0100% naturale<\/strong>\u00a0\u00e8 un vero vantaggio per chi vuole prendersi cura della propria pelle. Il suo magnifico colore dorato giustifica il nome<strong>\u00a0curcuma<\/strong>. Con la sua forma a cubo da 100 g, pu\u00f2 diventare rapidamente un prodotto essenziale per il bagno.<\/p>\n<h2><strong>I benefici del sapone alla curcuma\u00a0<\/strong><\/h2>\n<p>Ora che abbiamo un'immagine pi\u00f9 chiara di questo\u00a0<strong>sapone,\u00a0<\/strong>non \u00e8 ora di parlare dei benefici? Quando si tratta di toelettatura, \u00e8 necessario avere prodotti di cui ci si possa fidare. Ecco perch\u00e9 il vostro negozio online Safinel vuole farvi scoprire un articolo che potrebbe fare la differenza nella vostra vita quotidiana.<\/p>\n<p>Non aspettate un secondo in pi\u00f9, fate spazio alle virt\u00f9 di questo\u00a0<strong>prodotto per la pulizia\u00a0<\/strong>:<\/p>\n<ul>\n<li>Pu\u00f2 essere una risorsa<strong>\u00a0contro l'acne<\/strong><\/li>\n<li>Utile contro l'eczema<\/li>\n<li>Una risorsa contro la psoriasi<\/li>\n<li>Considerato un esfoliante delicato<\/li>\n<li>Pu\u00f2 aiutare a\u00a0<strong>rallentare l'invecchiamento<\/strong><\/li>\n<li>Pu\u00f2 essere un valido aiuto per rallentare la comparsa delle rughe<\/li>\n<li>Ottimo per mantenere la pelle elastica<\/li>\n<li>Utile per\u00a0<strong>schiarire l'incarnato<\/strong><\/li>\n<li>Aiuta a migliorare l'elasticit\u00e0 della pelle<\/li>\n<\/ul>\n<p>Come abbiamo visto, il nostro\u00a0<strong>sapone naturale<\/strong>\u00a0contiene una moltitudine di benefici per la pelle. Ideale, infatti, per chi vuole avere in dotazione un\u00a0<strong>cosmetici naturali<\/strong>.<\/p>\n<p>Sappiamo quanto sia difficile fidarsi di un prodotto, soprattutto quando entra in contatto diretto con la pelle! Tuttavia, il vostro<strong>\u00a0cura naturale<\/strong>\u00a0\u00e8 sempre desiderosa di offrirvi prodotti di qualit\u00e0. Ecco perch\u00e9 desideriamo farvi scoprire questo\u00a0<strong>cosmetici alla curcuma\u00a0<\/strong>100% naturale.<\/p>\n<h2><strong>I nostri consigli su come utilizzare correttamente il sapone alla curcuma \u00a0<\/strong><\/h2>\n<p>Se siete orientati verso questo prodotto naturale, vediamo alcuni dettagli sul suo utilizzo. Prima di tutto, \u00e8 necessario sapere che questo\u00a0<strong>sapone solido<\/strong>\u00a0pu\u00f2 essere utilizzato in qualsiasi momento della giornata!<\/p>\n<p>Tuttavia, si consiglia di utilizzarlo due volte al giorno. La prima volta al mattino, in modo da proteggersi da alcuni raggi solari nocivi.\u00a0<strong>aggressioni cutanee<\/strong>. La seconda, la sera, per detergere la pelle. L'uso frequente e ripetuto pu\u00f2 essere utile per ottenere risultati pi\u00f9 rapidamente. In seguito, \u00e8 consigliabile utilizzare una crema idratante, ad esempio<strong>\u00a0gel di aloe vera,\u00a0<\/strong>per prevenire la siccit\u00e0.<\/p>\n<p>In termini pratici, l'utilizzo di questo<strong>\u00a0prodotto ecologico per l'igiene<\/strong>\u00a0\u00e8 lo stesso di un\u00a0<strong>saponetta classica<\/strong>. Dopo aver inumidito la zona da trattare, applicare il sapone. Si pu\u00f2 lasciare agire per qualche minuto o risciacquare subito. Non esitate a ripetere il procedimento ogni giorno.<\/p>\n<p>Avete capito bene, questo prodotto salutare 100% \u00e8 un vantaggio per la vostra pulizia e la vostra pelle! \u00c8 il momento di lasciarsi sedurre da questo prodotto per la cura della pelle e di godere dei suoi benefici.<\/p>\n<h2><strong>Per quale tipo di pelle?\u00a0<\/strong><\/h2>\n<p>I cosmetici sono spesso riservati a un particolare tipo di pelle. Tuttavia, uno dei punti di forza di questo prodotto \u00e8 che \u00e8 utile per tutti i tipi di pelle, anche per quelle definite sensibili. Per gli uomini o anche per le donne, non c'\u00e8 bisogno di correre, ce n'\u00e8 per tutti i gusti!<\/p>\n<p><strong>Carnagione chiara<\/strong>\u00a0o scuro, non esitate e lasciatevi convincere da questo magnifico sapone dalle tante virt\u00f9! Sappiamo tutti quanto sia importante avere nella propria\u00a0<strong>prodotti per l'igiene<\/strong>, I must-have. Il sapone alla curcuma \u00e8 probabilmente quello che vi mancava. Per la famiglia o per voi personalmente, \u00e8 importante ricordare che questo sapone \u00e8 prodotto con un ingrediente naturale.\u00a0<strong>detergente per il viso<\/strong>\u00a0pu\u00f2 anche far parte del vostro<strong>\u00a0igiene del corpo<\/strong>.<\/p>\n<p>Questo detergente naturale pu\u00f2 essere utilizzato anche per la pulizia intima e del corpo. \u00c8 il momento di lasciarsi sedurre da questo nuovo prodotto igienico.<\/p>\n<h3><strong>Il vostro negozio di cosmetici naturali \u00e8 anche...<\/strong><\/h3>\n<p>Se vi piace l'offerta del vostro negozio online Safinel, non avete ancora visto nulla! Restando in tema di natura, venite a scoprire il<strong>\u00a0<a href=\"https:\/\/www.safinel.fr\/it\/prodotto\/burro-di-fieno-greco\/\">burro di fieno greco<\/a>\u00a0<\/strong>o il<strong>\u00a0<a href=\"https:\/\/www.safinel.fr\/it\/prodotto\/cacca-di-delefante\/\">cacca di elefante<\/a> !<\/strong>\u00a0Questi due cosmetici naturali sono di sicuro effetto!<\/p>\n<p>Quest'ultimo \u00e8 un eccellente\u00a0<strong>medicina naturale\u00a0<\/strong>per molti disturbi. Per quanto sorprendente possa essere, non lasciate che i vostri preconcetti abbiano la meglio: venite a vedere con i vostri occhi!<\/p>\n<p>Inoltre, il burro di fieno greco \u00e8 un plus per contribuire a\u00a0<strong>rassodare i glutei<\/strong>\u00a0e il seno delle donne. Per le donne che vogliono dare al proprio seno<strong>\u00a0tono<\/strong>\u00a0al loro corpo, questo \u00e8 probabilmente il prodotto che fa per voi.<\/p>\n<p>Come potete vedere, il vostro negozio online \u00e8 sempre alla ricerca delle ultime novit\u00e0.\u00a0<strong>prodotti naturali\u00a0<\/strong>che possono essere un vantaggio nella vita di tutti i giorni. Per questo motivo desideriamo condividere con voi molti dei nostri prodotti, in modo che possiate goderne appieno.<\/p>","protected":false},"excerpt":{"rendered":"<p>Problemi di pelle di ogni tipo sono all'ordine del giorno?! Acne, psoriasi, eczema o pelle sensibile possono essere un vero peso nella vita di tutti i giorni. L'importanza dell'aspetto fisico influisce molto sulla fiducia in se stessi. Per questo motivo, abbiamo probabilmente un prodotto che potrebbe interessarti! Si tratta di [\u2026]","protected":false},"featured_media":1158,"template":"","meta":[],"product_brand":[],"product_cat":[41,123],"product_tag":[],"class_list":{"0":"post-1157","1":"product","2":"type-product","3":"status-publish","4":"has-post-thumbnail","6":"product_cat-produits-naturels-divers","7":"product_cat-savon","9":"first","10":"instock","11":"shipping-taxable","12":"purchasable","13":"product-type-simple"},"yoast_head":"<!-- This site is optimized with the Yoast SEO plugin v26.6 - https:\/\/yoast.com\/wordpress\/plugins\/seo\/ -->\n<title>Savon au curcuma | Bienfaits nombreux | Visage &amp; peaux<\/title>\n<meta name=\"description\" content=\"L\u2019importance de l\u2019apparence joue beaucoup sur la confiance en soi. Il est temps de faire la rencontre avec le\u00a0Savon au curcuma.\" \/>\n<meta name=\"robots\" content=\"index, follow, max-snippet:-1, max-image-preview:large, max-video-preview:-1\" \/>\n<link rel=\"canonical\" href=\"https:\/\/www.safinel.fr\/it\/prodotto\/sapone-alla-curcuma\/\" \/>\n<meta property=\"og:locale\" content=\"it_IT\" \/>\n<meta property=\"og:type\" content=\"article\" \/>\n<meta property=\"og:title\" content=\"Savon au curcuma | Bienfaits nombreux | Visage &amp; peaux\" \/>\n<meta property=\"og:description\" content=\"L\u2019importance de l\u2019apparence joue beaucoup sur la confiance en soi. Il est temps de faire la rencontre avec le\u00a0Savon au curcuma.\" \/>\n<meta property=\"og:url\" content=\"https:\/\/www.safinel.fr\/it\/prodotto\/sapone-alla-curcuma\/\" \/>\n<meta property=\"og:site_name\" content=\"Safinel\" \/>\n<meta property=\"article:modified_time\" content=\"2023-12-28T17:15:16+00:00\" \/>\n<meta property=\"og:image\" content=\"https:\/\/www.safinel.fr\/wp-content\/uploads\/2022\/04\/savon-au-curcuma.jpg\" \/>\n\t<meta property=\"og:image:width\" content=\"600\" \/>\n\t<meta property=\"og:image:height\" content=\"600\" \/>\n\t<meta property=\"og:image:type\" content=\"image\/jpeg\" \/>\n<meta name=\"twitter:card\" content=\"summary_large_image\" \/>\n<meta name=\"twitter:label1\" content=\"Tempo di lettura stimato\" \/>\n\t<meta name=\"twitter:data1\" content=\"6 minuti\" \/>\n<script type=\"application\/ld+json\" class=\"yoast-schema-graph\">{\"@context\":\"https:\/\/schema.org\",\"@graph\":[{\"@type\":\"WebPage\",\"@id\":\"https:\/\/www.safinel.fr\/produit\/savon-curcuma\/\",\"url\":\"https:\/\/www.safinel.fr\/produit\/savon-curcuma\/\",\"name\":\"Savon au curcuma | Bienfaits nombreux | Visage & peaux\",\"isPartOf\":{\"@id\":\"https:\/\/www.safinel.fr\/#website\"},\"primaryImageOfPage\":{\"@id\":\"https:\/\/www.safinel.fr\/produit\/savon-curcuma\/#primaryimage\"},\"image\":{\"@id\":\"https:\/\/www.safinel.fr\/produit\/savon-curcuma\/#primaryimage\"},\"thumbnailUrl\":\"https:\/\/www.safinel.fr\/wp-content\/uploads\/2022\/04\/savon-au-curcuma.jpg\",\"datePublished\":\"2022-04-29T00:19:08+00:00\",\"dateModified\":\"2023-12-28T17:15:16+00:00\",\"description\":\"L\u2019importance de l\u2019apparence joue beaucoup sur la confiance en soi. Il est temps de faire la rencontre avec le\u00a0Savon au curcuma.\",\"breadcrumb\":{\"@id\":\"https:\/\/www.safinel.fr\/produit\/savon-curcuma\/#breadcrumb\"},\"inLanguage\":\"it-IT\",\"potentialAction\":[{\"@type\":\"ReadAction\",\"target\":[\"https:\/\/www.safinel.fr\/produit\/savon-curcuma\/\"]}]},{\"@type\":\"ImageObject\",\"inLanguage\":\"it-IT\",\"@id\":\"https:\/\/www.safinel.fr\/produit\/savon-curcuma\/#primaryimage\",\"url\":\"https:\/\/www.safinel.fr\/wp-content\/uploads\/2022\/04\/savon-au-curcuma.jpg\",\"contentUrl\":\"https:\/\/www.safinel.fr\/wp-content\/uploads\/2022\/04\/savon-au-curcuma.jpg\",\"width\":600,\"height\":600,\"caption\":\"savon au curcuma\"},{\"@type\":\"BreadcrumbList\",\"@id\":\"https:\/\/www.safinel.fr\/produit\/savon-curcuma\/#breadcrumb\",\"itemListElement\":[{\"@type\":\"ListItem\",\"position\":1,\"name\":\"Accueil\",\"item\":\"https:\/\/www.safinel.fr\/\"},{\"@type\":\"ListItem\",\"position\":2,\"name\":\"Boutique\",\"item\":\"https:\/\/www.safinel.fr\/boutique\/\"},{\"@type\":\"ListItem\",\"position\":3,\"name\":\"Savon au curcuma 90g\"}]},{\"@type\":\"WebSite\",\"@id\":\"https:\/\/www.safinel.fr\/#website\",\"url\":\"https:\/\/www.safinel.fr\/\",\"name\":\"Safinel\",\"description\":\"\",\"publisher\":{\"@id\":\"https:\/\/www.safinel.fr\/#organization\"},\"potentialAction\":[{\"@type\":\"SearchAction\",\"target\":{\"@type\":\"EntryPoint\",\"urlTemplate\":\"https:\/\/www.safinel.fr\/?s={search_term_string}\"},\"query-input\":{\"@type\":\"PropertyValueSpecification\",\"valueRequired\":true,\"valueName\":\"search_term_string\"}}],\"inLanguage\":\"it-IT\"},{\"@type\":\"Organization\",\"@id\":\"https:\/\/www.safinel.fr\/#organization\",\"name\":\"Safinel\",\"url\":\"https:\/\/www.safinel.fr\/\",\"logo\":{\"@type\":\"ImageObject\",\"inLanguage\":\"it-IT\",\"@id\":\"https:\/\/www.safinel.fr\/#\/schema\/logo\/image\/\",\"url\":\"https:\/\/www.safinel.fr\/wp-content\/uploads\/2021\/05\/boutique-cosmetique.png\",\"contentUrl\":\"https:\/\/www.safinel.fr\/wp-content\/uploads\/2021\/05\/boutique-cosmetique.png\",\"width\":800,\"height\":200,\"caption\":\"Safinel\"},\"image\":{\"@id\":\"https:\/\/www.safinel.fr\/#\/schema\/logo\/image\/\"}}]}<\/script>\n<!-- \/ Yoast SEO plugin. -->","yoast_head_json":{"title":"Sapone alla curcuma | Molti benefici | Viso e pelle","description":"L'importanza dell'aspetto gioca un ruolo importante nella fiducia in se stessi. \u00c8 il momento di conoscere il Sapone alla Curcuma.","robots":{"index":"index","follow":"follow","max-snippet":"max-snippet:-1","max-image-preview":"max-image-preview:large","max-video-preview":"max-video-preview:-1"},"canonical":"https:\/\/www.safinel.fr\/it\/prodotto\/sapone-alla-curcuma\/","og_locale":"it_IT","og_type":"article","og_title":"Savon au curcuma | Bienfaits nombreux | Visage & peaux","og_description":"L\u2019importance de l\u2019apparence joue beaucoup sur la confiance en soi. Il est temps de faire la rencontre avec le\u00a0Savon au curcuma.","og_url":"https:\/\/www.safinel.fr\/it\/prodotto\/sapone-alla-curcuma\/","og_site_name":"Safinel","article_modified_time":"2023-12-28T17:15:16+00:00","og_image":[{"width":600,"height":600,"url":"https:\/\/www.safinel.fr\/wp-content\/uploads\/2022\/04\/savon-au-curcuma.jpg","type":"image\/jpeg"}],"twitter_card":"summary_large_image","twitter_misc":{"Tempo di lettura stimato":"6 minuti"},"schema":{"@context":"https:\/\/schema.org","@graph":[{"@type":"WebPage","@id":"https:\/\/www.safinel.fr\/produit\/savon-curcuma\/","url":"https:\/\/www.safinel.fr\/produit\/savon-curcuma\/","name":"Sapone alla curcuma | Molti benefici | Viso e pelle","isPartOf":{"@id":"https:\/\/www.safinel.fr\/#website"},"primaryImageOfPage":{"@id":"https:\/\/www.safinel.fr\/produit\/savon-curcuma\/#primaryimage"},"image":{"@id":"https:\/\/www.safinel.fr\/produit\/savon-curcuma\/#primaryimage"},"thumbnailUrl":"https:\/\/www.safinel.fr\/wp-content\/uploads\/2022\/04\/savon-au-curcuma.jpg","datePublished":"2022-04-29T00:19:08+00:00","dateModified":"2023-12-28T17:15:16+00:00","description":"L'importanza dell'aspetto gioca un ruolo importante nella fiducia in se stessi. \u00c8 il momento di conoscere il Sapone alla Curcuma.","breadcrumb":{"@id":"https:\/\/www.safinel.fr\/produit\/savon-curcuma\/#breadcrumb"},"inLanguage":"it-IT","potentialAction":[{"@type":"ReadAction","target":["https:\/\/www.safinel.fr\/produit\/savon-curcuma\/"]}]},{"@type":"ImageObject","inLanguage":"it-IT","@id":"https:\/\/www.safinel.fr\/produit\/savon-curcuma\/#primaryimage","url":"https:\/\/www.safinel.fr\/wp-content\/uploads\/2022\/04\/savon-au-curcuma.jpg","contentUrl":"https:\/\/www.safinel.fr\/wp-content\/uploads\/2022\/04\/savon-au-curcuma.jpg","width":600,"height":600,"caption":"savon au curcuma"},{"@type":"BreadcrumbList","@id":"https:\/\/www.safinel.fr\/produit\/savon-curcuma\/#breadcrumb","itemListElement":[{"@type":"ListItem","position":1,"name":"Accueil","item":"https:\/\/www.safinel.fr\/"},{"@type":"ListItem","position":2,"name":"Boutique","item":"https:\/\/www.safinel.fr\/boutique\/"},{"@type":"ListItem","position":3,"name":"Savon au curcuma 90g"}]},{"@type":"WebSite","@id":"https:\/\/www.safinel.fr\/#website","url":"https:\/\/www.safinel.fr\/","name":"Safinel","description":"","publisher":{"@id":"https:\/\/www.safinel.fr\/#organization"},"potentialAction":[{"@type":"SearchAction","target":{"@type":"EntryPoint","urlTemplate":"https:\/\/www.safinel.fr\/?s={search_term_string}"},"query-input":{"@type":"PropertyValueSpecification","valueRequired":true,"valueName":"search_term_string"}}],"inLanguage":"it-IT"},{"@type":"Organization","@id":"https:\/\/www.safinel.fr\/#organization","name":"Safinel","url":"https:\/\/www.safinel.fr\/","logo":{"@type":"ImageObject","inLanguage":"it-IT","@id":"https:\/\/www.safinel.fr\/#\/schema\/logo\/image\/","url":"https:\/\/www.safinel.fr\/wp-content\/uploads\/2021\/05\/boutique-cosmetique.png","contentUrl":"https:\/\/www.safinel.fr\/wp-content\/uploads\/2021\/05\/boutique-cosmetique.png","width":800,"height":200,"caption":"Safinel"},"image":{"@id":"https:\/\/www.safinel.fr\/#\/schema\/logo\/image\/"}}]}},"_links":{"self":[{"href":"https:\/\/www.safinel.fr\/it\/wp-json\/wp\/v2\/product\/1157","targetHints":{"allow":["GET"]}}],"collection":[{"href":"https:\/\/www.safinel.fr\/it\/wp-json\/wp\/v2\/product"}],"about":[{"href":"https:\/\/www.safinel.fr\/it\/wp-json\/wp\/v2\/types\/product"}],"wp:featuredmedia":[{"embeddable":true,"href":"https:\/\/www.safinel.fr\/it\/wp-json\/wp\/v2\/media\/1158"}],"wp:attachment":[{"href":"https:\/\/www.safinel.fr\/it\/wp-json\/wp\/v2\/media?parent=1157"}],"wp:term":[{"taxonomy":"product_brand","embeddable":true,"href":"https:\/\/www.safinel.fr\/it\/wp-json\/wp\/v2\/product_brand?post=1157"},{"taxonomy":"product_cat","embeddable":true,"href":"https:\/\/www.safinel.fr\/it\/wp-json\/wp\/v2\/product_cat?post=1157"},{"taxonomy":"product_tag","embeddable":true,"href":"https:\/\/www.safinel.fr\/it\/wp-json\/wp\/v2\/product_tag?post=1157"}],"curies":[{"name":"wp","href":"https:\/\/api.w.org\/{rel}","templated":true}]}}