{"id":1143,"date":"2022-04-26T23:37:21","date_gmt":"2022-04-26T23:37:21","guid":{"rendered":"https:\/\/www.safinel.fr\/?post_type=product&#038;p=1143"},"modified":"2023-12-28T17:15:17","modified_gmt":"2023-12-28T17:15:17","slug":"maniguette-al-pepe-di-alligatore","status":"publish","type":"product","link":"https:\/\/www.safinel.fr\/it\/prodotto\/maniguette-al-pepe-di-alligatore\/","title":{"rendered":"Maniguette (pepe di alligatore)"},"content":{"rendered":"<p>Avrete sicuramente visto molti colori di\u00a0<strong>grani di pepe<\/strong>. Per la maggior parte, sono tutti brillanti e, soprattutto, indispensabili nelle nostre cucine. Tuttavia, c'\u00e8 un tipo di pepe che non siamo sicuri di aver mai visto prima. Si tratta del\u00a0<strong>maniguette<\/strong>, Cugino dello zenzero, assume diversi nomi, che ora scopriremo.<\/p>\n<p>Con Safinel, il vostro negozio online, venite ad esplorare nuovi e pepatissimi orizzonti...<\/p>\n<h2><strong>Che cos'\u00e8 il maniguette o pepe di alligatore?<\/strong><\/h2>\n<p>La maniguette \u00e8 una spezia endemica dell'Etiopia che prende molti nomi. \u00c8 nota anche come pepe alligatore, per via della corteccia di rettile presente sul baccello del seme. \u00c8 nota anche come\u00a0<strong>grani del paradiso e pepe di Guinea.<\/strong>\u00a0Questo alimento \u00e8 noto anche come\u00a0<strong>pepe melegueta, fagioli di Guinea.\u00a0<\/strong><\/p>\n<p>Inoltre, questo misterioso pepe \u00e8 originario dell'Etiopia e degli habitat paludosi lungo la costa dell'Africa occidentale. Insieme al frutto della passione, al pepe di Timiz e al kororima, \u00e8 un alimento base in Etiopia. Anzi, \u00e8 uno degli alimenti base del Paese.<\/p>\n<p>Attenzione per\u00f2 a non confondere il pepe di alligatore con la korororima. Infatti, pur essendo due spezie della stessa specie, hanno un sapore diverso. <a href=\"https:\/\/www.shop-ton-parfum.com\/categorie-produit\/parfum-poivre\/\" target=\"_blank\" rel=\"noopener\"><strong>fragranza pepata<\/strong><\/a> molto diversi tra loro. Il primo punge e ha un retrogusto di zenzero. Il secondo non punge e ha un retrogusto di cardamomo verde.<\/p>\n<h3><strong>Cosa c'\u00e8 da sapere<\/strong><\/h3>\n<p>Il peperoncino alligatore \u00e8 un ingrediente quasi sempre presente nella cucina dell'Africa occidentale. Offre soprattutto pungenza e piccantezza a zuppe e stufati. Non bisogna confonderlo con i semi di pace. Infatti, anche quest'ultima \u00e8 una spezia della stessa famiglia ed \u00e8 molto simile ad essa. Tuttavia, ha il sapore dolce dell'arancia mandarino.<\/p>\n<p>D'altra parte, la pianta del pepe alligatore pu\u00f2 crescere fino a un metro e mezzo di altezza. Le piante che producono\u00a0<strong>pepe di alligatore\u00a0<\/strong>sono piante erbacee perenni con fiori. Ha foglie sottili e lanceolate che producono fiori viola a forma di tromba. Con il passare del tempo il fiore prende forma e si sviluppa in baccelli essiccati.<\/p>\n<p>I baccelli possono essere lunghi da 5 a 7 centimetri, di colore grigio-marrone, rugosi e simili alla pelle di un alligatore. Infatti, \u00e8 in questi baccelli che si trovano i minuscoli semi.<\/p>\n<p>Altrimenti, \u00e8 durante la stagione del raccolto che gli uomini e i bambini raccolgono i baccelli dalla pianta. Sono le donne a rimuovere i semi dalla polpa spaccandola. Le donne colpiscono i semi con le mani o con il lato di un coltello. I semi vengono poi posti sulle foglie e lasciati asciugare al sole. Poi, una volta completamente asciutti, vengono avvolti strettamente all'interno delle foglie e venduti.<\/p>\n<h2><strong>Un po' di storia della maniguette...<\/strong><\/h2>\n<p>Gi\u00e0 nell'antichit\u00e0, infatti, i Greci e i Romani utilizzavano questo seme per le sue propriet\u00e0 stimolanti.<\/p>\n<p>Poi, nel Medioevo, ebbe un enorme successo, soprattutto in Francia. Nel XIII secolo fece la sua comparsa anche in Europa. Divenne noto come il seme del paradiso, anche se le sue origini erano sconosciute.<\/p>\n<p>In seguito divenne prezioso e costoso e fu trasportato dai mercanti arabi attraverso la rotta per l'India. Da l\u00ec divenne molto pregiato e il suo prezzo diminu\u00ec. \u00c8 cos\u00ec che il pepe di alligatore \u00e8 stato utilizzato in molte bevande medievali.<\/p>\n<p>Poi, nel XVII secolo, fu svelata l'origine del pepe di alligatore, che perse il suo valore. Pepe e <a href=\"https:\/\/www.safinel.fr\/it\/prodotto\/dentifricio-naturale-al-mentolo-in-polvere-di-chiodi-di-garofano-30g\/\"><strong>chiodo di garofano<\/strong><\/a> arriv\u00f2 in Europa. Poi, gradualmente, nel XIX secolo, l'uso del pepe di alligatore \u00e8 praticamente scomparso.<\/p>\n<h2><strong>Le insospettabili virt\u00f9 del maniguette da conoscere\u00a0<\/strong><\/h2>\n<p>In realt\u00e0, l'intera pianta di maniguette viene utilizzata per i suoi benefici. In altre parole, anche i suoi semi sono utilizzati per scopi medicinali. Ed \u00e8 questa la scoperta che stiamo per fare insieme:<\/p>\n<ul>\n<li>Innanzitutto, i fusti delle sue radici, chiamati rizomi, sono un rimedio antimicrobico e antifungino; ;<\/li>\n<\/ul>\n<ul>\n<li>Le sue lunghe foglie sono utilizzate anche per trattare il morbillo e i problemi gastrointestinali; ;<\/li>\n<\/ul>\n<ul>\n<li>Inoltre, questa misteriosa spezia ha propriet\u00e0 antinfiammatorie; ;<\/li>\n<\/ul>\n<ul>\n<li>\u00c8 anche una buona fonte di vari minerali, come calcio, magnesio e zinco; ;<\/li>\n<\/ul>\n<ul>\n<li>Contiene inoltre aminoacidi, tra cui la l-treonina, che si possono ottenere solo dagli alimenti; ;<\/li>\n<\/ul>\n<ul>\n<li>Infine, contiene numerosi antiossidanti, sotto forma di flavonoidi, tannini e terpenoidi. Questi aiutano a eliminare i radicali liberi che causano l'infiammazione.<\/li>\n<\/ul>\n<h2><strong>Maniguette: tisane e cucina!<\/strong><\/h2>\n<h3><strong>In tisana<\/strong><\/h3>\n<p>Si consiglia infatti di preparare un decotto con 15 semi di maniguette. Per farlo, fateli bollire in 2 litri d'acqua per 10 minuti.<\/p>\n<h3><strong>In cucina per il suo gusto straordinario<\/strong><\/h3>\n<p>Prima di tutto, potete preparare una semplice salsa di arachidi extra piccante. Per farlo, aggiungete 1\/4 di cucchiaino di semi di maniguette schiacciati al burro di arachidi di vostra scelta. A questo potete aggiungere un pizzico di sale marino e una buona dose di olio di alta qualit\u00e0.<\/p>\n<p>\u00c8 possibile schiacciare la maniguette. I semi sprigioneranno una combinazione di aromi che vanno dal piccante e pepato al floreale. Questo aroma sprigiona anche note di chiodi di garofano, gelsomino e cardamomo, e persino un pizzico di nocciola.<\/p>\n<p>A volte si percepisce anche un gusto terroso, di limone, menta ed eucalipto. Infatti, se ne mordete uno, noterete che il calore pepato si intensifica e si sviluppa delicatamente sul vostro palato.<\/p>\n<p>Infine, la maniguette \u00e8 ottima per speziare il pesce. Per farlo, \u00e8 necessario tostare i semi in una padella prima di schiacciarli e utilizzarli come spezie.<\/p>\n<h2><strong>Alcuni consigli per l'utilizzo delle maniguette<\/strong><\/h2>\n<p>Il vantaggio della maniguette \u00e8 che pu\u00f2 essere utilizzata in diversi modi:<\/p>\n<ul>\n<li>Innanzitutto, \u00e8 possibile utilizzarne una piccola quantit\u00e0 ogni giorno al posto del pepe nero macinato; ;<\/li>\n<\/ul>\n<ul>\n<li>Le sue note decise di agrumi ed eucalipto lo rendono un ottimo accompagnamento per vinaigrette e pesto; ;<\/li>\n<\/ul>\n<ul>\n<li>Si abbina magnificamente anche al burro composto, agli sciroppi di frutta speziati e ai dolci piccanti; ;<\/li>\n<\/ul>\n<ul>\n<li>Si adatta bene anche a stufati e marinate; ;<\/li>\n<\/ul>\n<ul>\n<li>E naturalmente, potete anche preparare la vostra miscela di spezie africane; ;<\/li>\n<\/ul>\n<h3><strong>Conservazione<\/strong><\/h3>\n<p>Si consiglia di conservare i semi in un luogo fresco e asciutto, al riparo dalla luce.<\/p>","protected":false},"excerpt":{"rendered":"<p>Vous avez, sans doute, vu de nombreuses couleurs de\u00a0grains de poivre. Pour la plupart, ils sont tous brillants et surtout incontournables dans nos cuisines. N\u00e9anmoins, il y a un type de poivre, que nous ne sommes pas s\u00fbrs que vous ayez d\u00e9j\u00e0 vu. Et il s\u2019agit de la\u00a0maniguette, la cousine du gingembre et qui porte [&#8230;]","protected":false},"featured_media":1144,"template":"","meta":[],"product_brand":[],"product_cat":[44,169],"product_tag":[],"class_list":{"0":"post-1143","1":"product","2":"type-product","3":"status-publish","4":"has-post-thumbnail","6":"product_cat-epices","7":"product_cat-epices-du-monde","9":"first","10":"instock","11":"shipping-taxable","12":"purchasable","13":"product-type-variable"},"yoast_head":"<!-- This site is optimized with the Yoast SEO plugin v26.6 - https:\/\/yoast.com\/wordpress\/plugins\/seo\/ -->\n<title>Maniguette | Piment d\u2019alligator | Achat rapide en quelques clics<\/title>\n<meta name=\"description\" content=\"La maniguette est une \u00e9pice end\u00e9mique d&#039;\u00c9thiopie, qui porte divers noms. Effectivement, elle est aussi appel\u00e9e piment d\u2019alligator.\" \/>\n<meta name=\"robots\" content=\"index, follow, max-snippet:-1, max-image-preview:large, max-video-preview:-1\" \/>\n<link rel=\"canonical\" href=\"https:\/\/www.safinel.fr\/it\/prodotto\/maniguette-al-pepe-di-alligatore\/\" \/>\n<meta property=\"og:locale\" content=\"it_IT\" \/>\n<meta property=\"og:type\" content=\"article\" \/>\n<meta property=\"og:title\" content=\"Maniguette | Piment d\u2019alligator | Achat rapide en quelques clics\" \/>\n<meta property=\"og:description\" content=\"La maniguette est une \u00e9pice end\u00e9mique d&#039;\u00c9thiopie, qui porte divers noms. Effectivement, elle est aussi appel\u00e9e piment d\u2019alligator.\" \/>\n<meta property=\"og:url\" content=\"https:\/\/www.safinel.fr\/it\/prodotto\/maniguette-al-pepe-di-alligatore\/\" \/>\n<meta property=\"og:site_name\" content=\"Safinel\" \/>\n<meta property=\"article:modified_time\" content=\"2023-12-28T17:15:17+00:00\" \/>\n<meta property=\"og:image\" content=\"https:\/\/www.safinel.fr\/wp-content\/uploads\/2022\/04\/maniguette.jpg\" \/>\n\t<meta property=\"og:image:width\" content=\"600\" \/>\n\t<meta property=\"og:image:height\" content=\"600\" \/>\n\t<meta property=\"og:image:type\" content=\"image\/jpeg\" \/>\n<meta name=\"twitter:card\" content=\"summary_large_image\" \/>\n<meta name=\"twitter:label1\" content=\"Tempo di lettura stimato\" \/>\n\t<meta name=\"twitter:data1\" content=\"6 minuti\" \/>\n<script type=\"application\/ld+json\" class=\"yoast-schema-graph\">{\"@context\":\"https:\/\/schema.org\",\"@graph\":[{\"@type\":\"WebPage\",\"@id\":\"https:\/\/www.safinel.fr\/produit\/maniguette-poivre-alligator\/\",\"url\":\"https:\/\/www.safinel.fr\/produit\/maniguette-poivre-alligator\/\",\"name\":\"Maniguette | Piment d\u2019alligator | Achat rapide en quelques clics\",\"isPartOf\":{\"@id\":\"https:\/\/www.safinel.fr\/#website\"},\"primaryImageOfPage\":{\"@id\":\"https:\/\/www.safinel.fr\/produit\/maniguette-poivre-alligator\/#primaryimage\"},\"image\":{\"@id\":\"https:\/\/www.safinel.fr\/produit\/maniguette-poivre-alligator\/#primaryimage\"},\"thumbnailUrl\":\"https:\/\/www.safinel.fr\/wp-content\/uploads\/2022\/04\/maniguette.jpg\",\"datePublished\":\"2022-04-26T23:37:21+00:00\",\"dateModified\":\"2023-12-28T17:15:17+00:00\",\"description\":\"La maniguette est une \u00e9pice end\u00e9mique d'\u00c9thiopie, qui porte divers noms. Effectivement, elle est aussi appel\u00e9e piment d\u2019alligator.\",\"breadcrumb\":{\"@id\":\"https:\/\/www.safinel.fr\/produit\/maniguette-poivre-alligator\/#breadcrumb\"},\"inLanguage\":\"it-IT\",\"potentialAction\":[{\"@type\":\"ReadAction\",\"target\":[\"https:\/\/www.safinel.fr\/produit\/maniguette-poivre-alligator\/\"]}]},{\"@type\":\"ImageObject\",\"inLanguage\":\"it-IT\",\"@id\":\"https:\/\/www.safinel.fr\/produit\/maniguette-poivre-alligator\/#primaryimage\",\"url\":\"https:\/\/www.safinel.fr\/wp-content\/uploads\/2022\/04\/maniguette.jpg\",\"contentUrl\":\"https:\/\/www.safinel.fr\/wp-content\/uploads\/2022\/04\/maniguette.jpg\",\"width\":600,\"height\":600,\"caption\":\"Maniguette (Poivre alligator)\"},{\"@type\":\"BreadcrumbList\",\"@id\":\"https:\/\/www.safinel.fr\/produit\/maniguette-poivre-alligator\/#breadcrumb\",\"itemListElement\":[{\"@type\":\"ListItem\",\"position\":1,\"name\":\"Accueil\",\"item\":\"https:\/\/www.safinel.fr\/\"},{\"@type\":\"ListItem\",\"position\":2,\"name\":\"Boutique\",\"item\":\"https:\/\/www.safinel.fr\/boutique\/\"},{\"@type\":\"ListItem\",\"position\":3,\"name\":\"Maniguette (Poivre alligator)\"}]},{\"@type\":\"WebSite\",\"@id\":\"https:\/\/www.safinel.fr\/#website\",\"url\":\"https:\/\/www.safinel.fr\/\",\"name\":\"Safinel\",\"description\":\"\",\"publisher\":{\"@id\":\"https:\/\/www.safinel.fr\/#organization\"},\"potentialAction\":[{\"@type\":\"SearchAction\",\"target\":{\"@type\":\"EntryPoint\",\"urlTemplate\":\"https:\/\/www.safinel.fr\/?s={search_term_string}\"},\"query-input\":{\"@type\":\"PropertyValueSpecification\",\"valueRequired\":true,\"valueName\":\"search_term_string\"}}],\"inLanguage\":\"it-IT\"},{\"@type\":\"Organization\",\"@id\":\"https:\/\/www.safinel.fr\/#organization\",\"name\":\"Safinel\",\"url\":\"https:\/\/www.safinel.fr\/\",\"logo\":{\"@type\":\"ImageObject\",\"inLanguage\":\"it-IT\",\"@id\":\"https:\/\/www.safinel.fr\/#\/schema\/logo\/image\/\",\"url\":\"https:\/\/www.safinel.fr\/wp-content\/uploads\/2021\/05\/boutique-cosmetique.png\",\"contentUrl\":\"https:\/\/www.safinel.fr\/wp-content\/uploads\/2021\/05\/boutique-cosmetique.png\",\"width\":800,\"height\":200,\"caption\":\"Safinel\"},\"image\":{\"@id\":\"https:\/\/www.safinel.fr\/#\/schema\/logo\/image\/\"}}]}<\/script>\n<!-- \/ Yoast SEO plugin. -->","yoast_head_json":{"title":"Maniguette | Pepe alligatore | Acquisto rapido in pochi click","description":"La maniguette \u00e8 una spezia endemica dell'Etiopia che prende molti nomi. \u00c8 nota anche come pepe di alligatore.","robots":{"index":"index","follow":"follow","max-snippet":"max-snippet:-1","max-image-preview":"max-image-preview:large","max-video-preview":"max-video-preview:-1"},"canonical":"https:\/\/www.safinel.fr\/it\/prodotto\/maniguette-al-pepe-di-alligatore\/","og_locale":"it_IT","og_type":"article","og_title":"Maniguette | Piment d\u2019alligator | Achat rapide en quelques clics","og_description":"La maniguette est une \u00e9pice end\u00e9mique d'\u00c9thiopie, qui porte divers noms. Effectivement, elle est aussi appel\u00e9e piment d\u2019alligator.","og_url":"https:\/\/www.safinel.fr\/it\/prodotto\/maniguette-al-pepe-di-alligatore\/","og_site_name":"Safinel","article_modified_time":"2023-12-28T17:15:17+00:00","og_image":[{"width":600,"height":600,"url":"https:\/\/www.safinel.fr\/wp-content\/uploads\/2022\/04\/maniguette.jpg","type":"image\/jpeg"}],"twitter_card":"summary_large_image","twitter_misc":{"Tempo di lettura stimato":"6 minuti"},"schema":{"@context":"https:\/\/schema.org","@graph":[{"@type":"WebPage","@id":"https:\/\/www.safinel.fr\/produit\/maniguette-poivre-alligator\/","url":"https:\/\/www.safinel.fr\/produit\/maniguette-poivre-alligator\/","name":"Maniguette | Pepe alligatore | Acquisto rapido in pochi click","isPartOf":{"@id":"https:\/\/www.safinel.fr\/#website"},"primaryImageOfPage":{"@id":"https:\/\/www.safinel.fr\/produit\/maniguette-poivre-alligator\/#primaryimage"},"image":{"@id":"https:\/\/www.safinel.fr\/produit\/maniguette-poivre-alligator\/#primaryimage"},"thumbnailUrl":"https:\/\/www.safinel.fr\/wp-content\/uploads\/2022\/04\/maniguette.jpg","datePublished":"2022-04-26T23:37:21+00:00","dateModified":"2023-12-28T17:15:17+00:00","description":"La maniguette \u00e8 una spezia endemica dell'Etiopia che prende molti nomi. \u00c8 nota anche come pepe di alligatore.","breadcrumb":{"@id":"https:\/\/www.safinel.fr\/produit\/maniguette-poivre-alligator\/#breadcrumb"},"inLanguage":"it-IT","potentialAction":[{"@type":"ReadAction","target":["https:\/\/www.safinel.fr\/produit\/maniguette-poivre-alligator\/"]}]},{"@type":"ImageObject","inLanguage":"it-IT","@id":"https:\/\/www.safinel.fr\/produit\/maniguette-poivre-alligator\/#primaryimage","url":"https:\/\/www.safinel.fr\/wp-content\/uploads\/2022\/04\/maniguette.jpg","contentUrl":"https:\/\/www.safinel.fr\/wp-content\/uploads\/2022\/04\/maniguette.jpg","width":600,"height":600,"caption":"Maniguette (Poivre alligator)"},{"@type":"BreadcrumbList","@id":"https:\/\/www.safinel.fr\/produit\/maniguette-poivre-alligator\/#breadcrumb","itemListElement":[{"@type":"ListItem","position":1,"name":"Accueil","item":"https:\/\/www.safinel.fr\/"},{"@type":"ListItem","position":2,"name":"Boutique","item":"https:\/\/www.safinel.fr\/boutique\/"},{"@type":"ListItem","position":3,"name":"Maniguette (Poivre alligator)"}]},{"@type":"WebSite","@id":"https:\/\/www.safinel.fr\/#website","url":"https:\/\/www.safinel.fr\/","name":"Safinel","description":"","publisher":{"@id":"https:\/\/www.safinel.fr\/#organization"},"potentialAction":[{"@type":"SearchAction","target":{"@type":"EntryPoint","urlTemplate":"https:\/\/www.safinel.fr\/?s={search_term_string}"},"query-input":{"@type":"PropertyValueSpecification","valueRequired":true,"valueName":"search_term_string"}}],"inLanguage":"it-IT"},{"@type":"Organization","@id":"https:\/\/www.safinel.fr\/#organization","name":"Safinel","url":"https:\/\/www.safinel.fr\/","logo":{"@type":"ImageObject","inLanguage":"it-IT","@id":"https:\/\/www.safinel.fr\/#\/schema\/logo\/image\/","url":"https:\/\/www.safinel.fr\/wp-content\/uploads\/2021\/05\/boutique-cosmetique.png","contentUrl":"https:\/\/www.safinel.fr\/wp-content\/uploads\/2021\/05\/boutique-cosmetique.png","width":800,"height":200,"caption":"Safinel"},"image":{"@id":"https:\/\/www.safinel.fr\/#\/schema\/logo\/image\/"}}]}},"_links":{"self":[{"href":"https:\/\/www.safinel.fr\/it\/wp-json\/wp\/v2\/product\/1143","targetHints":{"allow":["GET"]}}],"collection":[{"href":"https:\/\/www.safinel.fr\/it\/wp-json\/wp\/v2\/product"}],"about":[{"href":"https:\/\/www.safinel.fr\/it\/wp-json\/wp\/v2\/types\/product"}],"wp:featuredmedia":[{"embeddable":true,"href":"https:\/\/www.safinel.fr\/it\/wp-json\/wp\/v2\/media\/1144"}],"wp:attachment":[{"href":"https:\/\/www.safinel.fr\/it\/wp-json\/wp\/v2\/media?parent=1143"}],"wp:term":[{"taxonomy":"product_brand","embeddable":true,"href":"https:\/\/www.safinel.fr\/it\/wp-json\/wp\/v2\/product_brand?post=1143"},{"taxonomy":"product_cat","embeddable":true,"href":"https:\/\/www.safinel.fr\/it\/wp-json\/wp\/v2\/product_cat?post=1143"},{"taxonomy":"product_tag","embeddable":true,"href":"https:\/\/www.safinel.fr\/it\/wp-json\/wp\/v2\/product_tag?post=1143"}],"curies":[{"name":"wp","href":"https:\/\/api.w.org\/{rel}","templated":true}]}}