{"id":11044,"date":"2024-01-20T14:38:03","date_gmt":"2024-01-20T14:38:03","guid":{"rendered":"https:\/\/www.safinel.fr\/?post_type=product&#038;p=11044"},"modified":"2024-09-30T09:40:15","modified_gmt":"2024-09-30T09:40:15","slug":"olio-super-illuminante-con-collagene","status":"publish","type":"product","link":"https:\/\/www.safinel.fr\/it\/prodotto\/olio-super-illuminante-con-collagene\/","title":{"rendered":"Olio al collagene super-luminoso (Magic Oil) - 125ml"},"content":{"rendered":"<p>Olio al collagene super-luminoso, <strong>Olio magico<\/strong>, \u00e8 una soluzione versatile per la vostra routine di bellezza. Grazie alle sue propriet\u00e0 idratanti e illuminanti, questo olio \u00e8 un alleato essenziale nella vostra routine quotidiana di cura della pelle. La sua composizione offre una vitalit\u00e0 unica alla pelle, lasciandola morbida, luminosa e radiosa.<\/p>\n<h2><strong>I benefici del collagene per la pelle<\/strong><\/h2>\n<p>Prendersi cura del proprio aspetto \u00e8 essenziale per sentirsi bene con se stessi. Ecco perch\u00e9 il vostro <strong>prodotti naturali<\/strong>\u00a0vi presentiamo un prodotto cosmetico che vi conquister\u00e0 sicuramente.<\/p>\n<p>Questo \u00e8 un\u00a0<strong>olio a base di collagene<\/strong>\u00a0! Il collagene \u00e8 naturalmente presente nella pelle e svolge un ruolo fondamentale per l'elasticit\u00e0, la compattezza e la luminosit\u00e0 dell'epidermide. Ed \u00e8 giusto cos\u00ec, perch\u00e9 come l'olio di lattuga, Magic Oil aiuta a stimolare la produzione di collagene!<\/p>\n<h2><strong>Magic Oil: un olio super-luminoso con collagene<\/strong><\/h2>\n<p>L\u2019<strong>olio cosmetico<\/strong>\u00a0Magic Oil offre un'eccezionale azione illuminante, aiutando a ridurre le macchie scure e le imperfezioni e a uniformare il tono della pelle. Grazie alle sue propriet\u00e0 illuminanti, questo olio aiuta a rivelare la naturale luminosit\u00e0 della pelle. E lo fa facendo apparire la pelle pi\u00f9 luminosa e radiosa.<\/p>\n<h3><strong>Un olio super-luminoso per tutti!<\/strong><\/h3>\n<p>Progettato per soddisfare tutti i tipi di pelle, Magic Oil \u00e8 adatto sia alle donne che agli uomini. La sua formula bilanciata permette a tutti di beneficiare dei suoi effetti idratanti, <a href=\"https:\/\/www.safinel.fr\/it\/prodotto\/sapone-schiarente-segreto-bianco\/\"><strong>schiaritori<\/strong><\/a> e rivitalizzante. Il tutto offrendo una soluzione versatile per la cura quotidiana della pelle.<\/p>\n<p>In breve, se siete alla ricerca di una\u00a0<strong>idratazione intensa<\/strong>, Che siate alla ricerca di un'azione illuminante o di rivitalizzare la vostra pelle, l'olio cosmetico Magic Oil soddisfer\u00e0 le vostre esigenze e aggiunger\u00e0 un tocco di magia alla vostra routine di bellezza.<\/p>\n<p>Infine, donate alla vostra pelle la luminosit\u00e0 e la vitalit\u00e0 che merita con questo <strong>olio per la pelle\u00a0<\/strong>versatile e ad alte prestazioni.<\/p>","protected":false},"excerpt":{"rendered":"<p><img decoding=\"async\" class=\"size-full wp-image-5091 aligncenter\" src=\"https:\/\/www.safinel.fr\/wp-content\/uploads\/2021\/06\/BANNIERE-ICONE-SAFINEL.webp\" alt=\"riassicurazione satine\" width=\"800\" height=\"200\" srcset=\"https:\/\/www.safinel.fr\/wp-content\/uploads\/2021\/06\/BANNIERE-ICONE-SAFINEL.webp 800w, https:\/\/www.safinel.fr\/wp-content\/uploads\/2021\/06\/BANNIERE-ICONE-SAFINEL-600x150.webp 600w, https:\/\/www.safinel.fr\/wp-content\/uploads\/2021\/06\/BANNIERE-ICONE-SAFINEL-768x192.webp 768w\" sizes=\"(max-width: 800px) 100vw, 800px\" \/><\/p>","protected":false},"featured_media":11045,"template":"","meta":[],"product_brand":[],"product_cat":[192],"product_tag":[],"class_list":{"0":"post-11044","1":"product","2":"type-product","3":"status-publish","4":"has-post-thumbnail","6":"product_cat-cremes-eclaircissantes","8":"first","9":"outofstock","10":"shipping-taxable","11":"purchasable","12":"product-type-simple"},"yoast_head":"<!-- This site is optimized with the Yoast SEO plugin v26.6 - https:\/\/yoast.com\/wordpress\/plugins\/seo\/ -->\n<title>Huile super \u00e9claircissante au collag\u00e8ne | Achat de la Magic Oil<\/title>\n<meta name=\"description\" content=\"L&#039;huile super \u00e9claircissante au collag\u00e8ne, Magic Oil, est une solution polyvalente pour votre routine beaut\u00e9. Adoptez-l\u00e0 !\" \/>\n<meta name=\"robots\" content=\"index, follow, max-snippet:-1, max-image-preview:large, max-video-preview:-1\" \/>\n<link rel=\"canonical\" href=\"https:\/\/www.safinel.fr\/it\/prodotto\/olio-super-illuminante-con-collagene\/\" \/>\n<meta property=\"og:locale\" content=\"it_IT\" \/>\n<meta property=\"og:type\" content=\"article\" \/>\n<meta property=\"og:title\" content=\"Huile super \u00e9claircissante au collag\u00e8ne | Achat de la Magic Oil\" \/>\n<meta property=\"og:description\" content=\"L&#039;huile super \u00e9claircissante au collag\u00e8ne, Magic Oil, est une solution polyvalente pour votre routine beaut\u00e9. Adoptez-l\u00e0 !\" \/>\n<meta property=\"og:url\" content=\"https:\/\/www.safinel.fr\/it\/prodotto\/olio-super-illuminante-con-collagene\/\" \/>\n<meta property=\"og:site_name\" content=\"Safinel\" \/>\n<meta property=\"article:modified_time\" content=\"2024-09-30T09:40:15+00:00\" \/>\n<meta property=\"og:image\" content=\"https:\/\/www.safinel.fr\/wp-content\/uploads\/2024\/01\/Huile-super-eclaircissante-au-collagene.jpg\" \/>\n\t<meta property=\"og:image:width\" content=\"600\" \/>\n\t<meta property=\"og:image:height\" content=\"600\" \/>\n\t<meta property=\"og:image:type\" content=\"image\/jpeg\" \/>\n<meta name=\"twitter:card\" content=\"summary_large_image\" \/>\n<meta name=\"twitter:label1\" content=\"Tempo di lettura stimato\" \/>\n\t<meta name=\"twitter:data1\" content=\"2 minuti\" \/>\n<script type=\"application\/ld+json\" class=\"yoast-schema-graph\">{\"@context\":\"https:\/\/schema.org\",\"@graph\":[{\"@type\":\"WebPage\",\"@id\":\"https:\/\/www.safinel.fr\/produit\/huile-super-eclaircissante-au-collagene\/\",\"url\":\"https:\/\/www.safinel.fr\/produit\/huile-super-eclaircissante-au-collagene\/\",\"name\":\"Huile super \u00e9claircissante au collag\u00e8ne | Achat de la Magic Oil\",\"isPartOf\":{\"@id\":\"https:\/\/www.safinel.fr\/#website\"},\"primaryImageOfPage\":{\"@id\":\"https:\/\/www.safinel.fr\/produit\/huile-super-eclaircissante-au-collagene\/#primaryimage\"},\"image\":{\"@id\":\"https:\/\/www.safinel.fr\/produit\/huile-super-eclaircissante-au-collagene\/#primaryimage\"},\"thumbnailUrl\":\"https:\/\/www.safinel.fr\/wp-content\/uploads\/2024\/01\/Huile-super-eclaircissante-au-collagene.jpg\",\"datePublished\":\"2024-01-20T14:38:03+00:00\",\"dateModified\":\"2024-09-30T09:40:15+00:00\",\"description\":\"L'huile super \u00e9claircissante au collag\u00e8ne, Magic Oil, est une solution polyvalente pour votre routine beaut\u00e9. Adoptez-l\u00e0 !\",\"breadcrumb\":{\"@id\":\"https:\/\/www.safinel.fr\/produit\/huile-super-eclaircissante-au-collagene\/#breadcrumb\"},\"inLanguage\":\"it-IT\",\"potentialAction\":[{\"@type\":\"ReadAction\",\"target\":[\"https:\/\/www.safinel.fr\/produit\/huile-super-eclaircissante-au-collagene\/\"]}]},{\"@type\":\"ImageObject\",\"inLanguage\":\"it-IT\",\"@id\":\"https:\/\/www.safinel.fr\/produit\/huile-super-eclaircissante-au-collagene\/#primaryimage\",\"url\":\"https:\/\/www.safinel.fr\/wp-content\/uploads\/2024\/01\/Huile-super-eclaircissante-au-collagene.jpg\",\"contentUrl\":\"https:\/\/www.safinel.fr\/wp-content\/uploads\/2024\/01\/Huile-super-eclaircissante-au-collagene.jpg\",\"width\":600,\"height\":600,\"caption\":\"Huile super \u00e9claircissante au collag\u00e8ne\"},{\"@type\":\"BreadcrumbList\",\"@id\":\"https:\/\/www.safinel.fr\/produit\/huile-super-eclaircissante-au-collagene\/#breadcrumb\",\"itemListElement\":[{\"@type\":\"ListItem\",\"position\":1,\"name\":\"Accueil\",\"item\":\"https:\/\/www.safinel.fr\/\"},{\"@type\":\"ListItem\",\"position\":2,\"name\":\"Boutique\",\"item\":\"https:\/\/www.safinel.fr\/boutique\/\"},{\"@type\":\"ListItem\",\"position\":3,\"name\":\"Huile super \u00e9claircissante au collag\u00e8ne (Magic Oil) &#8211; 125ml\"}]},{\"@type\":\"WebSite\",\"@id\":\"https:\/\/www.safinel.fr\/#website\",\"url\":\"https:\/\/www.safinel.fr\/\",\"name\":\"Safinel\",\"description\":\"\",\"publisher\":{\"@id\":\"https:\/\/www.safinel.fr\/#organization\"},\"potentialAction\":[{\"@type\":\"SearchAction\",\"target\":{\"@type\":\"EntryPoint\",\"urlTemplate\":\"https:\/\/www.safinel.fr\/?s={search_term_string}\"},\"query-input\":{\"@type\":\"PropertyValueSpecification\",\"valueRequired\":true,\"valueName\":\"search_term_string\"}}],\"inLanguage\":\"it-IT\"},{\"@type\":\"Organization\",\"@id\":\"https:\/\/www.safinel.fr\/#organization\",\"name\":\"Safinel\",\"url\":\"https:\/\/www.safinel.fr\/\",\"logo\":{\"@type\":\"ImageObject\",\"inLanguage\":\"it-IT\",\"@id\":\"https:\/\/www.safinel.fr\/#\/schema\/logo\/image\/\",\"url\":\"https:\/\/www.safinel.fr\/wp-content\/uploads\/2021\/05\/boutique-cosmetique.png\",\"contentUrl\":\"https:\/\/www.safinel.fr\/wp-content\/uploads\/2021\/05\/boutique-cosmetique.png\",\"width\":800,\"height\":200,\"caption\":\"Safinel\"},\"image\":{\"@id\":\"https:\/\/www.safinel.fr\/#\/schema\/logo\/image\/\"}}]}<\/script>\n<!-- \/ Yoast SEO plugin. -->","yoast_head_json":{"title":"Olio super schiarente al collagene | Acquista l'olio magico","description":"Magic Oil, l'olio al collagene super-luminoso, \u00e8 una soluzione versatile per la vostra routine di bellezza. Fatelo vostro!","robots":{"index":"index","follow":"follow","max-snippet":"max-snippet:-1","max-image-preview":"max-image-preview:large","max-video-preview":"max-video-preview:-1"},"canonical":"https:\/\/www.safinel.fr\/it\/prodotto\/olio-super-illuminante-con-collagene\/","og_locale":"it_IT","og_type":"article","og_title":"Huile super \u00e9claircissante au collag\u00e8ne | Achat de la Magic Oil","og_description":"L'huile super \u00e9claircissante au collag\u00e8ne, Magic Oil, est une solution polyvalente pour votre routine beaut\u00e9. Adoptez-l\u00e0 !","og_url":"https:\/\/www.safinel.fr\/it\/prodotto\/olio-super-illuminante-con-collagene\/","og_site_name":"Safinel","article_modified_time":"2024-09-30T09:40:15+00:00","og_image":[{"width":600,"height":600,"url":"https:\/\/www.safinel.fr\/wp-content\/uploads\/2024\/01\/Huile-super-eclaircissante-au-collagene.jpg","type":"image\/jpeg"}],"twitter_card":"summary_large_image","twitter_misc":{"Tempo di lettura stimato":"2 minuti"},"schema":{"@context":"https:\/\/schema.org","@graph":[{"@type":"WebPage","@id":"https:\/\/www.safinel.fr\/produit\/huile-super-eclaircissante-au-collagene\/","url":"https:\/\/www.safinel.fr\/produit\/huile-super-eclaircissante-au-collagene\/","name":"Olio super schiarente al collagene | Acquista l'olio magico","isPartOf":{"@id":"https:\/\/www.safinel.fr\/#website"},"primaryImageOfPage":{"@id":"https:\/\/www.safinel.fr\/produit\/huile-super-eclaircissante-au-collagene\/#primaryimage"},"image":{"@id":"https:\/\/www.safinel.fr\/produit\/huile-super-eclaircissante-au-collagene\/#primaryimage"},"thumbnailUrl":"https:\/\/www.safinel.fr\/wp-content\/uploads\/2024\/01\/Huile-super-eclaircissante-au-collagene.jpg","datePublished":"2024-01-20T14:38:03+00:00","dateModified":"2024-09-30T09:40:15+00:00","description":"Magic Oil, l'olio al collagene super-luminoso, \u00e8 una soluzione versatile per la vostra routine di bellezza. Fatelo vostro!","breadcrumb":{"@id":"https:\/\/www.safinel.fr\/produit\/huile-super-eclaircissante-au-collagene\/#breadcrumb"},"inLanguage":"it-IT","potentialAction":[{"@type":"ReadAction","target":["https:\/\/www.safinel.fr\/produit\/huile-super-eclaircissante-au-collagene\/"]}]},{"@type":"ImageObject","inLanguage":"it-IT","@id":"https:\/\/www.safinel.fr\/produit\/huile-super-eclaircissante-au-collagene\/#primaryimage","url":"https:\/\/www.safinel.fr\/wp-content\/uploads\/2024\/01\/Huile-super-eclaircissante-au-collagene.jpg","contentUrl":"https:\/\/www.safinel.fr\/wp-content\/uploads\/2024\/01\/Huile-super-eclaircissante-au-collagene.jpg","width":600,"height":600,"caption":"Huile super \u00e9claircissante au collag\u00e8ne"},{"@type":"BreadcrumbList","@id":"https:\/\/www.safinel.fr\/produit\/huile-super-eclaircissante-au-collagene\/#breadcrumb","itemListElement":[{"@type":"ListItem","position":1,"name":"Accueil","item":"https:\/\/www.safinel.fr\/"},{"@type":"ListItem","position":2,"name":"Boutique","item":"https:\/\/www.safinel.fr\/boutique\/"},{"@type":"ListItem","position":3,"name":"Huile super \u00e9claircissante au collag\u00e8ne (Magic Oil) &#8211; 125ml"}]},{"@type":"WebSite","@id":"https:\/\/www.safinel.fr\/#website","url":"https:\/\/www.safinel.fr\/","name":"Safinel","description":"","publisher":{"@id":"https:\/\/www.safinel.fr\/#organization"},"potentialAction":[{"@type":"SearchAction","target":{"@type":"EntryPoint","urlTemplate":"https:\/\/www.safinel.fr\/?s={search_term_string}"},"query-input":{"@type":"PropertyValueSpecification","valueRequired":true,"valueName":"search_term_string"}}],"inLanguage":"it-IT"},{"@type":"Organization","@id":"https:\/\/www.safinel.fr\/#organization","name":"Safinel","url":"https:\/\/www.safinel.fr\/","logo":{"@type":"ImageObject","inLanguage":"it-IT","@id":"https:\/\/www.safinel.fr\/#\/schema\/logo\/image\/","url":"https:\/\/www.safinel.fr\/wp-content\/uploads\/2021\/05\/boutique-cosmetique.png","contentUrl":"https:\/\/www.safinel.fr\/wp-content\/uploads\/2021\/05\/boutique-cosmetique.png","width":800,"height":200,"caption":"Safinel"},"image":{"@id":"https:\/\/www.safinel.fr\/#\/schema\/logo\/image\/"}}]}},"_links":{"self":[{"href":"https:\/\/www.safinel.fr\/it\/wp-json\/wp\/v2\/product\/11044","targetHints":{"allow":["GET"]}}],"collection":[{"href":"https:\/\/www.safinel.fr\/it\/wp-json\/wp\/v2\/product"}],"about":[{"href":"https:\/\/www.safinel.fr\/it\/wp-json\/wp\/v2\/types\/product"}],"wp:featuredmedia":[{"embeddable":true,"href":"https:\/\/www.safinel.fr\/it\/wp-json\/wp\/v2\/media\/11045"}],"wp:attachment":[{"href":"https:\/\/www.safinel.fr\/it\/wp-json\/wp\/v2\/media?parent=11044"}],"wp:term":[{"taxonomy":"product_brand","embeddable":true,"href":"https:\/\/www.safinel.fr\/it\/wp-json\/wp\/v2\/product_brand?post=11044"},{"taxonomy":"product_cat","embeddable":true,"href":"https:\/\/www.safinel.fr\/it\/wp-json\/wp\/v2\/product_cat?post=11044"},{"taxonomy":"product_tag","embeddable":true,"href":"https:\/\/www.safinel.fr\/it\/wp-json\/wp\/v2\/product_tag?post=11044"}],"curies":[{"name":"wp","href":"https:\/\/api.w.org\/{rel}","templated":true}]}}