{"id":10946,"date":"2024-01-17T12:37:33","date_gmt":"2024-01-17T12:37:33","guid":{"rendered":"https:\/\/www.safinel.fr\/?post_type=product&#038;p=10946"},"modified":"2024-08-06T14:15:05","modified_gmt":"2024-08-06T14:15:05","slug":"polvere-naturale-attote","status":"publish","type":"product","link":"https:\/\/www.safinel.fr\/it\/prodotto\/polvere-naturale-attote\/","title":{"rendered":"Polvere naturale di erbe attossicate"},"content":{"rendered":"<p>L\u2019<strong>polvere di attote<\/strong>\u00a0\u00e8 un preparato tradizionale originario dell'Africa, utilizzato soprattutto per i suoi numerosi benefici per la salute e la vitalit\u00e0 dell'organismo. Scoprite le incredibili propriet\u00e0 di questo integratore naturale e come potete integrarlo nella vostra routine quotidiana per trarne i benefici.<\/p>\n<h2><strong>Che cos'\u00e8 la polvere di attote?<\/strong><\/h2>\n<p>L'Attote, noto anche con il nome scientifico di\u00a0<em>Dissotis Rotundifolia<\/em>, \u00e8 una pianta tropicale che cresce soprattutto in Africa occidentale. \u00c8 stata utilizzata per secoli dalle popolazioni locali per preparare una bevanda energizzante e rivitalizzante, consumata prima o dopo un'intensa attivit\u00e0 fisica, come l'agricoltura o lunghe passeggiate.<\/p>\n<p>Questa bevanda si ottiene dalle foglie essiccate della pianta, finemente macinate per un uso facile e veloce. La polvere pu\u00f2 essere mescolata con acqua, latte o qualsiasi altro liquido a scelta per ottenere una deliziosa bevanda ricca di nutrienti essenziali, tra cui vitamine, minerali e antiossidanti.<\/p>\n<h2><strong>I benefici per la salute della polvere di attote<\/strong><\/h2>\n<ul>\n<li><strong>Fonte di energia naturale<\/strong><\/li>\n<\/ul>\n<p>L'attote in polvere \u00e8 apprezzato per la sua\u00a0<strong>propriet\u00e0 stimolanti ed energizzanti<\/strong>, per aiutare a combattere la stanchezza fisica e mentale. Questo <a href=\"https:\/\/www.safinel.fr\/it\/prodotto\/attote-jus\/\"><strong>bevanda naturale<\/strong><\/a> \u00e8 ideale per aumentare i livelli di energia quando non si \u00e8 al massimo della forma o per potenziare le prestazioni sportive senza ricorrere alle bevande energetiche industriali, spesso ricche di zuccheri e additivi artificiali.<\/p>\n<ul>\n<li><strong>Sostegno al sistema immunitario<\/strong><\/li>\n<\/ul>\n<p>Grazie all'elevato contenuto di vitamina C, antiossidanti e altri fitonutrienti, la polvere di attote contribuisce a rafforzare le difese naturali dell'organismo. Consumando regolarmente questa bevanda, si pu\u00f2 contribuire a prevenire le infezioni e le malattie pi\u00f9 comuni, garantendo il corretto funzionamento del sistema immunitario.<\/p>\n<ul>\n<li><strong>Favorisce la digestione<\/strong><\/li>\n<\/ul>\n<p>La polvere di Attote \u00e8 ricca di fibre alimentari, che favoriscono una buona digestione e movimenti intestinali regolari. Migliorando la salute dell'apparato digerente, pu\u00f2 contribuire ad alleviare vari disturbi intestinali, come gonfiore, dolore addominale e problemi di transito.<\/p>\n<ul>\n<li><strong>Un alleato per la salute cardiovascolare<\/strong><\/li>\n<\/ul>\n<p>Alcuni studi suggeriscono che la polvere di attote possa avere effetti benefici sulla salute del cuore e dei vasi sanguigni. Gli antiossidanti e gli altri nutrienti presenti nella pianta aiutano a proteggere le cellule vascolari dai danni ossidativi, contribuendo al contempo a regolare la pressione sanguigna e a migliorare la circolazione sanguigna.<\/p>\n<h2><strong>Come si beve questa bevanda africana?<\/strong><\/h2>\n<p>L'uso della polvere di attote \u00e8 semplice e pratico, in quanto \u00e8 generalmente disponibile in bustine individuali facili da trasportare e da usare. Ecco alcune idee per integrare questo preparato naturale nella vostra routine quotidiana:<\/p>\n<ol>\n<li><strong>In un drink :<\/strong>\u00a0\u00c8 sufficiente mescolare un cucchiaino di polvere di attote con acqua, latte o succo di frutta e gustare questa bevanda deliziosa, rinfrescante e rinvigorente. Si pu\u00f2 anche aggiungere qualche cubetto di ghiaccio e frullare per ottenere un frullato ancora pi\u00f9 fresco e delizioso.<\/li>\n<li><strong>Per la prima colazione :<\/strong>\u00a0Cospargete una piccola quantit\u00e0 di polvere di attote sui cereali, sullo yogurt o sul porridge per godere dei suoi benefici come prima cosa al mattino, senza alterare significativamente il gusto dei vostri alimenti preferiti.<\/li>\n<li><strong>In cucina:<\/strong>\u00a0Aggiungete la polvere di attote alle vostre ricette salate o dolci, come zuppe, salse, dessert o pasticcini, per dare un tocco esotico e beneficiare delle sue virt\u00f9 nutrizionali.<\/li>\n<\/ol>\n<h3><strong>Scelta dell'attote in polvere<\/strong><\/h3>\n<p>Per sfruttare appieno i benefici della polvere di attote, \u00e8 importante optare per un prodotto di qualit\u00e0 proveniente da una fonte affidabile e rispettosa dell'ambiente. Sul mercato si trovano diverse marche e presentazioni della polvere, come bustine singole o scatole contenenti diverse porzioni.<\/p>\n<p>Durante il vostro\u00a0<strong>selezione<\/strong>, Ad esempio, assicuratevi di scegliere un prodotto 100% naturale, senza additivi o conservanti artificiali, e optate per la certificazione biologica o del commercio equo e solidale, che garantisce una produzione rispettosa dei lavoratori e della biodiversit\u00e0. Infine, non esitate a confrontare prezzi e formati per trovare l'attote in polvere pi\u00f9 adatto alle vostre esigenze e al vostro budget.<\/p>\n<p>Facendo diventare la polvere di attote parte della vostra routine quotidiana, potrete godere dei suoi numerosi benefici per la salute, scoprendo al contempo nuovi sapori e consistenze che porteranno un tocco di esotismo e vitalit\u00e0 alla vostra dieta. Cosa aspettate allora a cedere al fascino di questa magica pozione africana?<\/p>","protected":false},"excerpt":{"rendered":"<p><strong>Origine : <\/strong>Prodotto in Costa d'Avorio.<\/p>\n<p>Aggiungere 1 bustina di polvere a un massimo di 50 cl di acqua tiepida.<\/p>\n<p><img decoding=\"async\" class=\"size-full wp-image-5091 aligncenter\" src=\"https:\/\/www.safinel.fr\/wp-content\/uploads\/2021\/06\/BANNIERE-ICONE-SAFINEL.webp\" alt=\"riassicurazione satine\" width=\"800\" height=\"200\" srcset=\"https:\/\/www.safinel.fr\/wp-content\/uploads\/2021\/06\/BANNIERE-ICONE-SAFINEL.webp 800w, https:\/\/www.safinel.fr\/wp-content\/uploads\/2021\/06\/BANNIERE-ICONE-SAFINEL-600x150.webp 600w, https:\/\/www.safinel.fr\/wp-content\/uploads\/2021\/06\/BANNIERE-ICONE-SAFINEL-768x192.webp 768w\" sizes=\"(max-width: 800px) 100vw, 800px\" \/><\/p>","protected":false},"featured_media":10951,"template":"","meta":[],"product_brand":[],"product_cat":[91],"product_tag":[],"class_list":{"0":"post-10946","1":"product","2":"type-product","3":"status-publish","4":"has-post-thumbnail","6":"product_cat-boisson-aphrodisiaque-africaine","8":"first","9":"instock","10":"shipping-taxable","11":"purchasable","12":"product-type-variable"},"yoast_head":"<!-- This site is optimized with the Yoast SEO plugin v26.6 - https:\/\/yoast.com\/wordpress\/plugins\/seo\/ -->\n<title>Attote en poudre \u00e0 base de plantes | Fabriqu\u00e9 en C\u00f4te d&#039;Ivoire<\/title>\n<meta name=\"description\" content=\"L&#039;attote en poudre\u00a0est une pr\u00e9paration originaire d&#039;Afrique, notamment utilis\u00e9e pour ses nombreuses vertus sur la sant\u00e9 et la vitalit\u00e9 du corps\" \/>\n<meta name=\"robots\" content=\"index, follow, max-snippet:-1, max-image-preview:large, max-video-preview:-1\" \/>\n<link rel=\"canonical\" href=\"https:\/\/www.safinel.fr\/it\/prodotto\/polvere-naturale-attote\/\" \/>\n<meta property=\"og:locale\" content=\"it_IT\" \/>\n<meta property=\"og:type\" content=\"article\" \/>\n<meta property=\"og:title\" content=\"Attote en poudre \u00e0 base de plantes | Fabriqu\u00e9 en C\u00f4te d&#039;Ivoire\" \/>\n<meta property=\"og:description\" content=\"L&#039;attote en poudre\u00a0est une pr\u00e9paration originaire d&#039;Afrique, notamment utilis\u00e9e pour ses nombreuses vertus sur la sant\u00e9 et la vitalit\u00e9 du corps\" \/>\n<meta property=\"og:url\" content=\"https:\/\/www.safinel.fr\/it\/prodotto\/polvere-naturale-attote\/\" \/>\n<meta property=\"og:site_name\" content=\"Safinel\" \/>\n<meta property=\"article:modified_time\" content=\"2024-08-06T14:15:05+00:00\" \/>\n<meta property=\"og:image\" content=\"https:\/\/www.safinel.fr\/wp-content\/uploads\/2024\/01\/attote-en-poudre.jpg\" \/>\n\t<meta property=\"og:image:width\" content=\"600\" \/>\n\t<meta property=\"og:image:height\" content=\"600\" \/>\n\t<meta property=\"og:image:type\" content=\"image\/jpeg\" \/>\n<meta name=\"twitter:card\" content=\"summary_large_image\" \/>\n<meta name=\"twitter:label1\" content=\"Tempo di lettura stimato\" \/>\n\t<meta name=\"twitter:data1\" content=\"4 minuti\" \/>\n<script type=\"application\/ld+json\" class=\"yoast-schema-graph\">{\"@context\":\"https:\/\/schema.org\",\"@graph\":[{\"@type\":\"WebPage\",\"@id\":\"https:\/\/www.safinel.fr\/produit\/attote-en-poudre-naturelle\/\",\"url\":\"https:\/\/www.safinel.fr\/produit\/attote-en-poudre-naturelle\/\",\"name\":\"Attote en poudre \u00e0 base de plantes | Fabriqu\u00e9 en C\u00f4te d'Ivoire\",\"isPartOf\":{\"@id\":\"https:\/\/www.safinel.fr\/#website\"},\"primaryImageOfPage\":{\"@id\":\"https:\/\/www.safinel.fr\/produit\/attote-en-poudre-naturelle\/#primaryimage\"},\"image\":{\"@id\":\"https:\/\/www.safinel.fr\/produit\/attote-en-poudre-naturelle\/#primaryimage\"},\"thumbnailUrl\":\"https:\/\/www.safinel.fr\/wp-content\/uploads\/2024\/01\/attote-en-poudre.jpg\",\"datePublished\":\"2024-01-17T12:37:33+00:00\",\"dateModified\":\"2024-08-06T14:15:05+00:00\",\"description\":\"L'attote en poudre\u00a0est une pr\u00e9paration originaire d'Afrique, notamment utilis\u00e9e pour ses nombreuses vertus sur la sant\u00e9 et la vitalit\u00e9 du corps\",\"breadcrumb\":{\"@id\":\"https:\/\/www.safinel.fr\/produit\/attote-en-poudre-naturelle\/#breadcrumb\"},\"inLanguage\":\"it-IT\",\"potentialAction\":[{\"@type\":\"ReadAction\",\"target\":[\"https:\/\/www.safinel.fr\/produit\/attote-en-poudre-naturelle\/\"]}]},{\"@type\":\"ImageObject\",\"inLanguage\":\"it-IT\",\"@id\":\"https:\/\/www.safinel.fr\/produit\/attote-en-poudre-naturelle\/#primaryimage\",\"url\":\"https:\/\/www.safinel.fr\/wp-content\/uploads\/2024\/01\/attote-en-poudre.jpg\",\"contentUrl\":\"https:\/\/www.safinel.fr\/wp-content\/uploads\/2024\/01\/attote-en-poudre.jpg\",\"width\":600,\"height\":600,\"caption\":\"Attote en poudre naturelle \u00e0 base de plantes\"},{\"@type\":\"BreadcrumbList\",\"@id\":\"https:\/\/www.safinel.fr\/produit\/attote-en-poudre-naturelle\/#breadcrumb\",\"itemListElement\":[{\"@type\":\"ListItem\",\"position\":1,\"name\":\"Accueil\",\"item\":\"https:\/\/www.safinel.fr\/\"},{\"@type\":\"ListItem\",\"position\":2,\"name\":\"Boutique\",\"item\":\"https:\/\/www.safinel.fr\/boutique\/\"},{\"@type\":\"ListItem\",\"position\":3,\"name\":\"Attote en poudre naturelle \u00e0 base de plantes\"}]},{\"@type\":\"WebSite\",\"@id\":\"https:\/\/www.safinel.fr\/#website\",\"url\":\"https:\/\/www.safinel.fr\/\",\"name\":\"Safinel\",\"description\":\"\",\"publisher\":{\"@id\":\"https:\/\/www.safinel.fr\/#organization\"},\"potentialAction\":[{\"@type\":\"SearchAction\",\"target\":{\"@type\":\"EntryPoint\",\"urlTemplate\":\"https:\/\/www.safinel.fr\/?s={search_term_string}\"},\"query-input\":{\"@type\":\"PropertyValueSpecification\",\"valueRequired\":true,\"valueName\":\"search_term_string\"}}],\"inLanguage\":\"it-IT\"},{\"@type\":\"Organization\",\"@id\":\"https:\/\/www.safinel.fr\/#organization\",\"name\":\"Safinel\",\"url\":\"https:\/\/www.safinel.fr\/\",\"logo\":{\"@type\":\"ImageObject\",\"inLanguage\":\"it-IT\",\"@id\":\"https:\/\/www.safinel.fr\/#\/schema\/logo\/image\/\",\"url\":\"https:\/\/www.safinel.fr\/wp-content\/uploads\/2021\/05\/boutique-cosmetique.png\",\"contentUrl\":\"https:\/\/www.safinel.fr\/wp-content\/uploads\/2021\/05\/boutique-cosmetique.png\",\"width\":800,\"height\":200,\"caption\":\"Safinel\"},\"image\":{\"@id\":\"https:\/\/www.safinel.fr\/#\/schema\/logo\/image\/\"}}]}<\/script>\n<!-- \/ Yoast SEO plugin. -->","yoast_head_json":{"title":"Polvere di erbe attote | Prodotto in Costa d'Avorio","description":"La polvere di Attote \u00e8 una preparazione originaria dell'Africa, utilizzata per i suoi numerosi benefici per la salute e la vitalit\u00e0 dell'organismo.","robots":{"index":"index","follow":"follow","max-snippet":"max-snippet:-1","max-image-preview":"max-image-preview:large","max-video-preview":"max-video-preview:-1"},"canonical":"https:\/\/www.safinel.fr\/it\/prodotto\/polvere-naturale-attote\/","og_locale":"it_IT","og_type":"article","og_title":"Attote en poudre \u00e0 base de plantes | Fabriqu\u00e9 en C\u00f4te d'Ivoire","og_description":"L'attote en poudre\u00a0est une pr\u00e9paration originaire d'Afrique, notamment utilis\u00e9e pour ses nombreuses vertus sur la sant\u00e9 et la vitalit\u00e9 du corps","og_url":"https:\/\/www.safinel.fr\/it\/prodotto\/polvere-naturale-attote\/","og_site_name":"Safinel","article_modified_time":"2024-08-06T14:15:05+00:00","og_image":[{"width":600,"height":600,"url":"https:\/\/www.safinel.fr\/wp-content\/uploads\/2024\/01\/attote-en-poudre.jpg","type":"image\/jpeg"}],"twitter_card":"summary_large_image","twitter_misc":{"Tempo di lettura stimato":"4 minuti"},"schema":{"@context":"https:\/\/schema.org","@graph":[{"@type":"WebPage","@id":"https:\/\/www.safinel.fr\/produit\/attote-en-poudre-naturelle\/","url":"https:\/\/www.safinel.fr\/produit\/attote-en-poudre-naturelle\/","name":"Polvere di erbe attote | Prodotto in Costa d'Avorio","isPartOf":{"@id":"https:\/\/www.safinel.fr\/#website"},"primaryImageOfPage":{"@id":"https:\/\/www.safinel.fr\/produit\/attote-en-poudre-naturelle\/#primaryimage"},"image":{"@id":"https:\/\/www.safinel.fr\/produit\/attote-en-poudre-naturelle\/#primaryimage"},"thumbnailUrl":"https:\/\/www.safinel.fr\/wp-content\/uploads\/2024\/01\/attote-en-poudre.jpg","datePublished":"2024-01-17T12:37:33+00:00","dateModified":"2024-08-06T14:15:05+00:00","description":"La polvere di Attote \u00e8 una preparazione originaria dell'Africa, utilizzata per i suoi numerosi benefici per la salute e la vitalit\u00e0 dell'organismo.","breadcrumb":{"@id":"https:\/\/www.safinel.fr\/produit\/attote-en-poudre-naturelle\/#breadcrumb"},"inLanguage":"it-IT","potentialAction":[{"@type":"ReadAction","target":["https:\/\/www.safinel.fr\/produit\/attote-en-poudre-naturelle\/"]}]},{"@type":"ImageObject","inLanguage":"it-IT","@id":"https:\/\/www.safinel.fr\/produit\/attote-en-poudre-naturelle\/#primaryimage","url":"https:\/\/www.safinel.fr\/wp-content\/uploads\/2024\/01\/attote-en-poudre.jpg","contentUrl":"https:\/\/www.safinel.fr\/wp-content\/uploads\/2024\/01\/attote-en-poudre.jpg","width":600,"height":600,"caption":"Attote en poudre naturelle \u00e0 base de plantes"},{"@type":"BreadcrumbList","@id":"https:\/\/www.safinel.fr\/produit\/attote-en-poudre-naturelle\/#breadcrumb","itemListElement":[{"@type":"ListItem","position":1,"name":"Accueil","item":"https:\/\/www.safinel.fr\/"},{"@type":"ListItem","position":2,"name":"Boutique","item":"https:\/\/www.safinel.fr\/boutique\/"},{"@type":"ListItem","position":3,"name":"Attote en poudre naturelle \u00e0 base de plantes"}]},{"@type":"WebSite","@id":"https:\/\/www.safinel.fr\/#website","url":"https:\/\/www.safinel.fr\/","name":"Safinel","description":"","publisher":{"@id":"https:\/\/www.safinel.fr\/#organization"},"potentialAction":[{"@type":"SearchAction","target":{"@type":"EntryPoint","urlTemplate":"https:\/\/www.safinel.fr\/?s={search_term_string}"},"query-input":{"@type":"PropertyValueSpecification","valueRequired":true,"valueName":"search_term_string"}}],"inLanguage":"it-IT"},{"@type":"Organization","@id":"https:\/\/www.safinel.fr\/#organization","name":"Safinel","url":"https:\/\/www.safinel.fr\/","logo":{"@type":"ImageObject","inLanguage":"it-IT","@id":"https:\/\/www.safinel.fr\/#\/schema\/logo\/image\/","url":"https:\/\/www.safinel.fr\/wp-content\/uploads\/2021\/05\/boutique-cosmetique.png","contentUrl":"https:\/\/www.safinel.fr\/wp-content\/uploads\/2021\/05\/boutique-cosmetique.png","width":800,"height":200,"caption":"Safinel"},"image":{"@id":"https:\/\/www.safinel.fr\/#\/schema\/logo\/image\/"}}]}},"_links":{"self":[{"href":"https:\/\/www.safinel.fr\/it\/wp-json\/wp\/v2\/product\/10946","targetHints":{"allow":["GET"]}}],"collection":[{"href":"https:\/\/www.safinel.fr\/it\/wp-json\/wp\/v2\/product"}],"about":[{"href":"https:\/\/www.safinel.fr\/it\/wp-json\/wp\/v2\/types\/product"}],"wp:featuredmedia":[{"embeddable":true,"href":"https:\/\/www.safinel.fr\/it\/wp-json\/wp\/v2\/media\/10951"}],"wp:attachment":[{"href":"https:\/\/www.safinel.fr\/it\/wp-json\/wp\/v2\/media?parent=10946"}],"wp:term":[{"taxonomy":"product_brand","embeddable":true,"href":"https:\/\/www.safinel.fr\/it\/wp-json\/wp\/v2\/product_brand?post=10946"},{"taxonomy":"product_cat","embeddable":true,"href":"https:\/\/www.safinel.fr\/it\/wp-json\/wp\/v2\/product_cat?post=10946"},{"taxonomy":"product_tag","embeddable":true,"href":"https:\/\/www.safinel.fr\/it\/wp-json\/wp\/v2\/product_tag?post=10946"}],"curies":[{"name":"wp","href":"https:\/\/api.w.org\/{rel}","templated":true}]}}