{"id":109,"date":"2021-06-01T15:53:06","date_gmt":"2021-06-01T15:53:06","guid":{"rendered":"https:\/\/www.safinel.fr\/?post_type=product&#038;p=109"},"modified":"2026-01-09T12:24:53","modified_gmt":"2026-01-09T12:24:53","slug":"kacip-fatimah","status":"publish","type":"product","link":"https:\/\/www.safinel.fr\/it\/prodotto\/kacip-fatimah\/","title":{"rendered":"Kacip Fatimah"},"content":{"rendered":"<p>Il nome scientifico \u00abLabisia pumila\u00bb \u00e8 originario della Malesia ed \u00e8 comunemente conosciuto come Kacip Fatimah. Questa pianta erbacea \u00e8 stata ampiamente utilizzata nel corso degli anni. Grazie alla sua efficacia ampiamente riconosciuta e alla sua capacit\u00e0 di migliorare la fertilit\u00e0 femminile, sta riscuotendo un successo strepitoso. La sua crescente popolarit\u00e0 \u00e8 dovuta anche ai suoi effetti positivi sul ciclo mestruale e alle sue propriet\u00e0 afrodisiache.<\/p>\n<h2><b>Kacip Fatimah: di cosa si tratta?<\/b><\/h2>\n<p>Questa pianta erbacea si trova soprattutto nelle foreste tropicali della Malesia. Questa pianta ama particolarmente crescere in terreni umidi e ombreggiati.<span class=\"Apple-converted-space\">\u00a0<\/span><\/p>\n<p>Questo<span class=\"Apple-converted-space\">\u00a0 <\/span>\u00e8 costituita da foglie lunghe da 20 a 40 cm. Queste stesse foglie formano piccoli grappoli di fiori marroni. Questi ultimi non superano i 5 cm di lunghezza.<\/p>\n<p>Il Kacip Fatimah \u00e8 sempre stato utilizzato nella medicina tradizionale malese e indonesiana. Oggi, grazie ai progressi della comunicazione, l'uso del Kacip Fatimah si \u00e8 diffuso in tutto il mondo.<\/p>\n<p>Kacip Fatimah \u00e8 disponibile in diverse forme per soddisfare le esigenze delle donne. Dalle capsule alla polvere pura, o come derivato sotto forma di infuso o tisana.<span class=\"Apple-converted-space\">\u00a0<\/span><\/p>\n<p>Vogliamo farvi scoprire il <b>Kacip Fatima polvere 100% naturale<\/b>.<\/p>\n<h2><b>I vari benefici di Kacip Fatimah<\/b><\/h2>\n<p>L'uso pi\u00f9 diffuso di questa pianta \u00e8 quello di supporto alle donne durante il ciclo mestruale. Questa pianta aiuta ad alleviare i dolori di questa naturale fase ormonale. Viene anche utilizzata, in misura minore, per alleviare il dolore associato al parto. \u00c8 anche ampiamente utilizzata per combattere le infezioni vaginali che possono verificarsi durante i cambiamenti ormonali.<\/p>\n<p>Il Kacip Fatimah ha anche propriet\u00e0 afrodisiache. Quindi, a maggior ragione, ha una certa influenza sulla fertilit\u00e0 delle donne.<\/p>\n<p>Si ritiene infatti che in alcune donne aumenti il tasso di embrioni. E ritardi gli effetti della menopausa.<span class=\"Apple-converted-space\">\u00a0<\/span><\/p>\n<p>La Labisia Pumila possiede anche una serie di altre virt\u00f9. Oltre ad alleviare alcuni tipi di dolore, si dice che combatta la diarrea rafforzando i muscoli addominali.<\/p>\n<p>Agisce inoltre contro la flatulenza e il gonfiore e riduce i crampi intestinali.<\/p>\n<p>\u00c8 anche noto per combattere lo stress e l'invecchiamento. Da qui il suo effetto sul rallentamento dei disturbi legati a <a href=\"https:\/\/www.safinel.fr\/it\/prodotto\/salvia-sclarea\/\"><strong>la menopausa<\/strong><\/a>.<\/p>\n<h3><strong>Le diverse modalit\u00e0 di consumo<\/strong><\/h3>\n<p>\u00c8 possibile consumare Kacip Fatimah come si desidera, a seconda del prodotto finito scelto. Se si opta per le capsule, \u00e8 sufficiente consumarle come indicato nelle istruzioni per l'uso.<\/p>\n<p>Se si sceglie di utilizzarlo in polvere, come facciamo noi, lo si pu\u00f2 consumare incorporandolo in preparati liquidi come :<\/p>\n<ul>\n<li>Il succo,<span class=\"Apple-converted-space\">\u00a0<\/span><\/li>\n<li>T\u00e8 alle erbe<\/li>\n<li>Frullati.<span class=\"Apple-converted-space\">\u00a0<\/span><\/li>\n<\/ul>\n<p>Pu\u00f2 essere utilizzato anche in porridge e yogurt. Naturalmente, tutto dipende dai gusti individuali.<\/p>","protected":false},"excerpt":{"rendered":"<p>Originaria della Malesia, la \u00abLabisia pumila\u00bb, questo il suo nome scientifico, \u00e8 comunemente chiamata Kacip Fatimah. Si tratta di una pianta erbacea il cui utilizzo si \u00e8 diffuso nel corso del tempo. Grazie alla sua efficacia e alla sua comprovata capacit\u00e0 di migliorare la fertilit\u00e0 femminile, gode di un successo clamoroso. La sua crescente popolarit\u00e0 si spiega anche con [...]","protected":false},"featured_media":63,"template":"","meta":[],"product_brand":[],"product_cat":[15,23,27,19],"product_tag":[],"class_list":{"0":"post-109","1":"product","2":"type-product","3":"status-publish","4":"has-post-thumbnail","6":"product_cat-fertilite","7":"product_cat-hygiene-feminine","8":"product_cat-plantes-medicinales","9":"product_cat-thes-tisanes","11":"first","12":"instock","13":"shipping-taxable","14":"purchasable","15":"product-type-variable"},"yoast_head":"<!-- This site is optimized with the Yoast SEO plugin v26.6 - https:\/\/yoast.com\/wordpress\/plugins\/seo\/ -->\n<title>Kacip Fatimah (Labisia pumila) | Achat, bienfaits et utilisations<\/title>\n<meta name=\"description\" content=\"Originaire de Malaisie, \u00ab\u00a0Labisia pumila\u00a0\u00bb de son nom scientifique est commun\u00e9ment appel\u00e9e Kacip Fatimah. Herbac\u00e9e aux bienfaits nombreux.\" \/>\n<meta name=\"robots\" content=\"index, follow, max-snippet:-1, max-image-preview:large, max-video-preview:-1\" \/>\n<link rel=\"canonical\" href=\"https:\/\/www.safinel.fr\/it\/prodotto\/kacip-fatimah\/\" \/>\n<meta property=\"og:locale\" content=\"it_IT\" \/>\n<meta property=\"og:type\" content=\"article\" \/>\n<meta property=\"og:title\" content=\"Kacip Fatimah (Labisia pumila) | Achat, bienfaits et utilisations\" \/>\n<meta property=\"og:description\" content=\"Originaire de Malaisie, \u00ab\u00a0Labisia pumila\u00a0\u00bb de son nom scientifique est commun\u00e9ment appel\u00e9e Kacip Fatimah. Herbac\u00e9e aux bienfaits nombreux.\" \/>\n<meta property=\"og:url\" content=\"https:\/\/www.safinel.fr\/it\/prodotto\/kacip-fatimah\/\" \/>\n<meta property=\"og:site_name\" content=\"Safinel\" \/>\n<meta property=\"article:modified_time\" content=\"2026-01-09T12:24:53+00:00\" \/>\n<meta property=\"og:image\" content=\"https:\/\/www.safinel.fr\/wp-content\/uploads\/2021\/05\/kacip-fatimah-site.jpg\" \/>\n\t<meta property=\"og:image:width\" content=\"362\" \/>\n\t<meta property=\"og:image:height\" content=\"400\" \/>\n\t<meta property=\"og:image:type\" content=\"image\/jpeg\" \/>\n<meta name=\"twitter:card\" content=\"summary_large_image\" \/>\n<meta name=\"twitter:label1\" content=\"Tempo di lettura stimato\" \/>\n\t<meta name=\"twitter:data1\" content=\"3 minuti\" \/>\n<script type=\"application\/ld+json\" class=\"yoast-schema-graph\">{\"@context\":\"https:\/\/schema.org\",\"@graph\":[{\"@type\":\"WebPage\",\"@id\":\"https:\/\/www.safinel.fr\/produit\/kacip-fatimah\/\",\"url\":\"https:\/\/www.safinel.fr\/produit\/kacip-fatimah\/\",\"name\":\"Kacip Fatimah (Labisia pumila) | Achat, bienfaits et utilisations\",\"isPartOf\":{\"@id\":\"https:\/\/www.safinel.fr\/#website\"},\"primaryImageOfPage\":{\"@id\":\"https:\/\/www.safinel.fr\/produit\/kacip-fatimah\/#primaryimage\"},\"image\":{\"@id\":\"https:\/\/www.safinel.fr\/produit\/kacip-fatimah\/#primaryimage\"},\"thumbnailUrl\":\"https:\/\/www.safinel.fr\/wp-content\/uploads\/2021\/05\/kacip-fatimah-site.jpg\",\"datePublished\":\"2021-06-01T15:53:06+00:00\",\"dateModified\":\"2026-01-09T12:24:53+00:00\",\"description\":\"Originaire de Malaisie, \u00ab\u00a0Labisia pumila\u00a0\u00bb de son nom scientifique est commun\u00e9ment appel\u00e9e Kacip Fatimah. Herbac\u00e9e aux bienfaits nombreux.\",\"breadcrumb\":{\"@id\":\"https:\/\/www.safinel.fr\/produit\/kacip-fatimah\/#breadcrumb\"},\"inLanguage\":\"it-IT\",\"potentialAction\":[{\"@type\":\"ReadAction\",\"target\":[\"https:\/\/www.safinel.fr\/produit\/kacip-fatimah\/\"]}]},{\"@type\":\"ImageObject\",\"inLanguage\":\"it-IT\",\"@id\":\"https:\/\/www.safinel.fr\/produit\/kacip-fatimah\/#primaryimage\",\"url\":\"https:\/\/www.safinel.fr\/wp-content\/uploads\/2021\/05\/kacip-fatimah-site.jpg\",\"contentUrl\":\"https:\/\/www.safinel.fr\/wp-content\/uploads\/2021\/05\/kacip-fatimah-site.jpg\",\"width\":362,\"height\":400,\"caption\":\"Kacip Fatimah (Labisia pumila)\"},{\"@type\":\"BreadcrumbList\",\"@id\":\"https:\/\/www.safinel.fr\/produit\/kacip-fatimah\/#breadcrumb\",\"itemListElement\":[{\"@type\":\"ListItem\",\"position\":1,\"name\":\"Accueil\",\"item\":\"https:\/\/www.safinel.fr\/\"},{\"@type\":\"ListItem\",\"position\":2,\"name\":\"Boutique\",\"item\":\"https:\/\/www.safinel.fr\/boutique\/\"},{\"@type\":\"ListItem\",\"position\":3,\"name\":\"Kacip Fatimah\"}]},{\"@type\":\"WebSite\",\"@id\":\"https:\/\/www.safinel.fr\/#website\",\"url\":\"https:\/\/www.safinel.fr\/\",\"name\":\"Safinel\",\"description\":\"\",\"publisher\":{\"@id\":\"https:\/\/www.safinel.fr\/#organization\"},\"potentialAction\":[{\"@type\":\"SearchAction\",\"target\":{\"@type\":\"EntryPoint\",\"urlTemplate\":\"https:\/\/www.safinel.fr\/?s={search_term_string}\"},\"query-input\":{\"@type\":\"PropertyValueSpecification\",\"valueRequired\":true,\"valueName\":\"search_term_string\"}}],\"inLanguage\":\"it-IT\"},{\"@type\":\"Organization\",\"@id\":\"https:\/\/www.safinel.fr\/#organization\",\"name\":\"Safinel\",\"url\":\"https:\/\/www.safinel.fr\/\",\"logo\":{\"@type\":\"ImageObject\",\"inLanguage\":\"it-IT\",\"@id\":\"https:\/\/www.safinel.fr\/#\/schema\/logo\/image\/\",\"url\":\"https:\/\/www.safinel.fr\/wp-content\/uploads\/2021\/05\/boutique-cosmetique.png\",\"contentUrl\":\"https:\/\/www.safinel.fr\/wp-content\/uploads\/2021\/05\/boutique-cosmetique.png\",\"width\":800,\"height\":200,\"caption\":\"Safinel\"},\"image\":{\"@id\":\"https:\/\/www.safinel.fr\/#\/schema\/logo\/image\/\"}}]}<\/script>\n<!-- \/ Yoast SEO plugin. -->","yoast_head_json":{"title":"Kacip Fatimah (Labisia pumila) | Acquisto, benefici e usi","description":"Originaria della Malesia, il nome scientifico della Labisia pumila \u00e8 comunemente noto come Kacip Fatimah. Un'erba dai numerosi benefici.","robots":{"index":"index","follow":"follow","max-snippet":"max-snippet:-1","max-image-preview":"max-image-preview:large","max-video-preview":"max-video-preview:-1"},"canonical":"https:\/\/www.safinel.fr\/it\/prodotto\/kacip-fatimah\/","og_locale":"it_IT","og_type":"article","og_title":"Kacip Fatimah (Labisia pumila) | Achat, bienfaits et utilisations","og_description":"Originaire de Malaisie, \u00ab\u00a0Labisia pumila\u00a0\u00bb de son nom scientifique est commun\u00e9ment appel\u00e9e Kacip Fatimah. Herbac\u00e9e aux bienfaits nombreux.","og_url":"https:\/\/www.safinel.fr\/it\/prodotto\/kacip-fatimah\/","og_site_name":"Safinel","article_modified_time":"2026-01-09T12:24:53+00:00","og_image":[{"width":362,"height":400,"url":"https:\/\/www.safinel.fr\/wp-content\/uploads\/2021\/05\/kacip-fatimah-site.jpg","type":"image\/jpeg"}],"twitter_card":"summary_large_image","twitter_misc":{"Tempo di lettura stimato":"3 minuti"},"schema":{"@context":"https:\/\/schema.org","@graph":[{"@type":"WebPage","@id":"https:\/\/www.safinel.fr\/produit\/kacip-fatimah\/","url":"https:\/\/www.safinel.fr\/produit\/kacip-fatimah\/","name":"Kacip Fatimah (Labisia pumila) | Acquisto, benefici e usi","isPartOf":{"@id":"https:\/\/www.safinel.fr\/#website"},"primaryImageOfPage":{"@id":"https:\/\/www.safinel.fr\/produit\/kacip-fatimah\/#primaryimage"},"image":{"@id":"https:\/\/www.safinel.fr\/produit\/kacip-fatimah\/#primaryimage"},"thumbnailUrl":"https:\/\/www.safinel.fr\/wp-content\/uploads\/2021\/05\/kacip-fatimah-site.jpg","datePublished":"2021-06-01T15:53:06+00:00","dateModified":"2026-01-09T12:24:53+00:00","description":"Originaria della Malesia, il nome scientifico della Labisia pumila \u00e8 comunemente noto come Kacip Fatimah. Un'erba dai numerosi benefici.","breadcrumb":{"@id":"https:\/\/www.safinel.fr\/produit\/kacip-fatimah\/#breadcrumb"},"inLanguage":"it-IT","potentialAction":[{"@type":"ReadAction","target":["https:\/\/www.safinel.fr\/produit\/kacip-fatimah\/"]}]},{"@type":"ImageObject","inLanguage":"it-IT","@id":"https:\/\/www.safinel.fr\/produit\/kacip-fatimah\/#primaryimage","url":"https:\/\/www.safinel.fr\/wp-content\/uploads\/2021\/05\/kacip-fatimah-site.jpg","contentUrl":"https:\/\/www.safinel.fr\/wp-content\/uploads\/2021\/05\/kacip-fatimah-site.jpg","width":362,"height":400,"caption":"Kacip Fatimah (Labisia pumila)"},{"@type":"BreadcrumbList","@id":"https:\/\/www.safinel.fr\/produit\/kacip-fatimah\/#breadcrumb","itemListElement":[{"@type":"ListItem","position":1,"name":"Accueil","item":"https:\/\/www.safinel.fr\/"},{"@type":"ListItem","position":2,"name":"Boutique","item":"https:\/\/www.safinel.fr\/boutique\/"},{"@type":"ListItem","position":3,"name":"Kacip Fatimah"}]},{"@type":"WebSite","@id":"https:\/\/www.safinel.fr\/#website","url":"https:\/\/www.safinel.fr\/","name":"Safinel","description":"","publisher":{"@id":"https:\/\/www.safinel.fr\/#organization"},"potentialAction":[{"@type":"SearchAction","target":{"@type":"EntryPoint","urlTemplate":"https:\/\/www.safinel.fr\/?s={search_term_string}"},"query-input":{"@type":"PropertyValueSpecification","valueRequired":true,"valueName":"search_term_string"}}],"inLanguage":"it-IT"},{"@type":"Organization","@id":"https:\/\/www.safinel.fr\/#organization","name":"Safinel","url":"https:\/\/www.safinel.fr\/","logo":{"@type":"ImageObject","inLanguage":"it-IT","@id":"https:\/\/www.safinel.fr\/#\/schema\/logo\/image\/","url":"https:\/\/www.safinel.fr\/wp-content\/uploads\/2021\/05\/boutique-cosmetique.png","contentUrl":"https:\/\/www.safinel.fr\/wp-content\/uploads\/2021\/05\/boutique-cosmetique.png","width":800,"height":200,"caption":"Safinel"},"image":{"@id":"https:\/\/www.safinel.fr\/#\/schema\/logo\/image\/"}}]}},"_links":{"self":[{"href":"https:\/\/www.safinel.fr\/it\/wp-json\/wp\/v2\/product\/109","targetHints":{"allow":["GET"]}}],"collection":[{"href":"https:\/\/www.safinel.fr\/it\/wp-json\/wp\/v2\/product"}],"about":[{"href":"https:\/\/www.safinel.fr\/it\/wp-json\/wp\/v2\/types\/product"}],"wp:featuredmedia":[{"embeddable":true,"href":"https:\/\/www.safinel.fr\/it\/wp-json\/wp\/v2\/media\/63"}],"wp:attachment":[{"href":"https:\/\/www.safinel.fr\/it\/wp-json\/wp\/v2\/media?parent=109"}],"wp:term":[{"taxonomy":"product_brand","embeddable":true,"href":"https:\/\/www.safinel.fr\/it\/wp-json\/wp\/v2\/product_brand?post=109"},{"taxonomy":"product_cat","embeddable":true,"href":"https:\/\/www.safinel.fr\/it\/wp-json\/wp\/v2\/product_cat?post=109"},{"taxonomy":"product_tag","embeddable":true,"href":"https:\/\/www.safinel.fr\/it\/wp-json\/wp\/v2\/product_tag?post=109"}],"curies":[{"name":"wp","href":"https:\/\/api.w.org\/{rel}","templated":true}]}}