{"id":1047,"date":"2022-04-11T18:49:39","date_gmt":"2022-04-11T18:49:39","guid":{"rendered":"https:\/\/www.safinel.fr\/?post_type=product&#038;p=1047"},"modified":"2024-03-19T16:36:58","modified_gmt":"2024-03-19T16:36:58","slug":"buccia-di-melograno-50-g","status":"publish","type":"product","link":"https:\/\/www.safinel.fr\/it\/prodotto\/buccia-di-melograno-50-g\/","title":{"rendered":"Buccia di melograno 50 g"},"content":{"rendered":"<p>Oggi siete fortunati, perch\u00e9 parleremo di frutta!\u00a0<strong>Esotismo<\/strong>\u00a0\u00e8 sotto i riflettori, con i suoi semi e sapori piacevoli, quindi preparatevi a essere sorpresi! In attesa del<strong>\u00a0buccia di melograno.\u00a0<\/strong>Avete capito benissimo!<\/p>\n<p>Vi diremo di pi\u00f9, quindi rimanete concentrati.<\/p>\n<h2><strong>La buccia del melograno: un frutto con una storia!\u00a0<\/strong><\/h2>\n<p>Prima di tutto, conosciamo il suo albero da frutto, un membro della famiglia delle Lythraceae.\u00a0<strong>il granatiere<\/strong>\u00a0! Solitamente \u00e8 conosciuta per i suoi deliziosi, succosi e dolci frutti rossi. Tuttavia, non \u00e8 raro gustare questo frutto, che ha sicuramente un sapore gradevole ed \u00e8 ricco di contenuti nutrizionali, ma conoscete le virt\u00f9 del\u00a0<strong>buccia di melograno<\/strong>\u00a0?<\/p>\n<p>Spesso trascurato, il\u00a0<strong>granate<\/strong>\u00a0sono noti da secoli per i loro benefici... Ecco perch\u00e9 il vostro negozio online specializzato in\u00a0<strong>prodotti naturali\u00a0<\/strong>\u00e8 disponibile in un contenitore da 50 g.<\/p>\n<h2><strong>La buccia del melograno e i suoi benefici nascosti...\u00a0<\/strong><\/h2>\n<p>\u00c8 il momento di conoscere la buccia del melograno. Considerata da alcune comunit\u00e0 come un\u00a0<strong>trattamento medicinale<\/strong>, Attraversa le frontiere affinch\u00e9 le persone possano beneficiare delle sue virt\u00f9.<\/p>\n<ul>\n<li>Pu\u00f2 essere utile per alcuni<strong>\u00a0malattie del colon<\/strong>\u00a0come la colite ulcerosa.<\/li>\n<li>\u00c8 noto anche che \u00e8 utile contro l'ulcera gastrica<\/li>\n<li>Ricco di vitamina C, pu\u00f2 essere un vantaggio per migliorare la\u00a0<strong>sistema immunitario<\/strong><\/li>\n<li>Ottimo per l'apparato digerente, pu\u00f2 anche aiutare a combattere la diarrea<\/li>\n<li>Pu\u00f2 essere efficace contro l'acne<\/li>\n<\/ul>\n<h3><strong>La frutta ha un posto d'onore al Safinel!<\/strong><\/h3>\n<p>Il vostro specialista<strong>\u00a0prodotti naturali<\/strong>\u00a0punta i riflettori sulla frutta!\u00a0<a href=\"https:\/\/www.safinel.fr\/it\/prodotto\/giuggiole-secche-100-g\/\"><strong>Giuggiole essiccate<\/strong><\/a>\u00a0o<strong>\u00a0<a href=\"https:\/\/www.safinel.fr\/it\/prodotto\/frutta-4-lati-3-pezzi\/\">Frutta a 4 facce<\/a><\/strong>, La natura ci sta ovviamente viziando! Per chi \u00e8 particolarmente appassionato di<strong>\u00a0trattamenti naturali<\/strong>, Allora siete arrivati nel posto giusto. Non esitate pi\u00f9, e approfittate dei nostri\u00a0<strong>prodotti naturali 100%<\/strong>.<\/p>","protected":false},"excerpt":{"rendered":"<p>Oggi siete fortunati, perch\u00e9 parleremo di frutta! L'esotismo \u00e8 protagonista, con semi e sapori piacevoli: preparatevi a una sorpresa! Via libera alla buccia di melograno. Avete capito bene! Vi diremo di pi\u00f9, quindi rimanete concentrati. La buccia di melograno: un frutto, una storia!  Innanzitutto, [\u2026]","protected":false},"featured_media":1023,"template":"","meta":[],"product_brand":[],"product_cat":[59,41],"product_tag":[],"class_list":{"0":"post-1047","1":"product","2":"type-product","3":"status-publish","4":"has-post-thumbnail","6":"product_cat-fruit-tropical","7":"product_cat-produits-naturels-divers","9":"first","10":"outofstock","11":"shipping-taxable","12":"purchasable","13":"product-type-simple"},"yoast_head":"<!-- This site is optimized with the Yoast SEO plugin v26.6 - https:\/\/yoast.com\/wordpress\/plugins\/seo\/ -->\n<title>Peau de grenade | Bienfaits nombreux | Achat en ligne s\u00e9curis\u00e9<\/title>\n<meta name=\"description\" content=\"En avant pour la\u00a0peau de grenade, une peau de fruit poss\u00e9dant des bienfaits nombreux au quotidien ! Achat rapide et s\u00e9curis\u00e9.\" \/>\n<meta name=\"robots\" content=\"index, follow, max-snippet:-1, max-image-preview:large, max-video-preview:-1\" \/>\n<link rel=\"canonical\" href=\"https:\/\/www.safinel.fr\/it\/prodotto\/buccia-di-melograno-50-g\/\" \/>\n<meta property=\"og:locale\" content=\"it_IT\" \/>\n<meta property=\"og:type\" content=\"article\" \/>\n<meta property=\"og:title\" content=\"Peau de grenade | Bienfaits nombreux | Achat en ligne s\u00e9curis\u00e9\" \/>\n<meta property=\"og:description\" content=\"En avant pour la\u00a0peau de grenade, une peau de fruit poss\u00e9dant des bienfaits nombreux au quotidien ! Achat rapide et s\u00e9curis\u00e9.\" \/>\n<meta property=\"og:url\" content=\"https:\/\/www.safinel.fr\/it\/prodotto\/buccia-di-melograno-50-g\/\" \/>\n<meta property=\"og:site_name\" content=\"Safinel\" \/>\n<meta property=\"article:modified_time\" content=\"2024-03-19T16:36:58+00:00\" \/>\n<meta property=\"og:image\" content=\"https:\/\/www.safinel.fr\/wp-content\/uploads\/2022\/04\/peau-de-grenade.jpg\" \/>\n\t<meta property=\"og:image:width\" content=\"600\" \/>\n\t<meta property=\"og:image:height\" content=\"600\" \/>\n\t<meta property=\"og:image:type\" content=\"image\/jpeg\" \/>\n<meta name=\"twitter:card\" content=\"summary_large_image\" \/>\n<meta name=\"twitter:label1\" content=\"Tempo di lettura stimato\" \/>\n\t<meta name=\"twitter:data1\" content=\"2 minuti\" \/>\n<script type=\"application\/ld+json\" class=\"yoast-schema-graph\">{\"@context\":\"https:\/\/schema.org\",\"@graph\":[{\"@type\":\"WebPage\",\"@id\":\"https:\/\/www.safinel.fr\/produit\/peau-de-grenade-50g\/\",\"url\":\"https:\/\/www.safinel.fr\/produit\/peau-de-grenade-50g\/\",\"name\":\"Peau de grenade | Bienfaits nombreux | Achat en ligne s\u00e9curis\u00e9\",\"isPartOf\":{\"@id\":\"https:\/\/www.safinel.fr\/#website\"},\"primaryImageOfPage\":{\"@id\":\"https:\/\/www.safinel.fr\/produit\/peau-de-grenade-50g\/#primaryimage\"},\"image\":{\"@id\":\"https:\/\/www.safinel.fr\/produit\/peau-de-grenade-50g\/#primaryimage\"},\"thumbnailUrl\":\"https:\/\/www.safinel.fr\/wp-content\/uploads\/2022\/04\/peau-de-grenade.jpg\",\"datePublished\":\"2022-04-11T18:49:39+00:00\",\"dateModified\":\"2024-03-19T16:36:58+00:00\",\"description\":\"En avant pour la\u00a0peau de grenade, une peau de fruit poss\u00e9dant des bienfaits nombreux au quotidien ! Achat rapide et s\u00e9curis\u00e9.\",\"breadcrumb\":{\"@id\":\"https:\/\/www.safinel.fr\/produit\/peau-de-grenade-50g\/#breadcrumb\"},\"inLanguage\":\"it-IT\",\"potentialAction\":[{\"@type\":\"ReadAction\",\"target\":[\"https:\/\/www.safinel.fr\/produit\/peau-de-grenade-50g\/\"]}]},{\"@type\":\"ImageObject\",\"inLanguage\":\"it-IT\",\"@id\":\"https:\/\/www.safinel.fr\/produit\/peau-de-grenade-50g\/#primaryimage\",\"url\":\"https:\/\/www.safinel.fr\/wp-content\/uploads\/2022\/04\/peau-de-grenade.jpg\",\"contentUrl\":\"https:\/\/www.safinel.fr\/wp-content\/uploads\/2022\/04\/peau-de-grenade.jpg\",\"width\":600,\"height\":600,\"caption\":\"Peau de grenade\"},{\"@type\":\"BreadcrumbList\",\"@id\":\"https:\/\/www.safinel.fr\/produit\/peau-de-grenade-50g\/#breadcrumb\",\"itemListElement\":[{\"@type\":\"ListItem\",\"position\":1,\"name\":\"Accueil\",\"item\":\"https:\/\/www.safinel.fr\/\"},{\"@type\":\"ListItem\",\"position\":2,\"name\":\"Boutique\",\"item\":\"https:\/\/www.safinel.fr\/boutique\/\"},{\"@type\":\"ListItem\",\"position\":3,\"name\":\"Peau de grenade 50g\"}]},{\"@type\":\"WebSite\",\"@id\":\"https:\/\/www.safinel.fr\/#website\",\"url\":\"https:\/\/www.safinel.fr\/\",\"name\":\"Safinel\",\"description\":\"\",\"publisher\":{\"@id\":\"https:\/\/www.safinel.fr\/#organization\"},\"potentialAction\":[{\"@type\":\"SearchAction\",\"target\":{\"@type\":\"EntryPoint\",\"urlTemplate\":\"https:\/\/www.safinel.fr\/?s={search_term_string}\"},\"query-input\":{\"@type\":\"PropertyValueSpecification\",\"valueRequired\":true,\"valueName\":\"search_term_string\"}}],\"inLanguage\":\"it-IT\"},{\"@type\":\"Organization\",\"@id\":\"https:\/\/www.safinel.fr\/#organization\",\"name\":\"Safinel\",\"url\":\"https:\/\/www.safinel.fr\/\",\"logo\":{\"@type\":\"ImageObject\",\"inLanguage\":\"it-IT\",\"@id\":\"https:\/\/www.safinel.fr\/#\/schema\/logo\/image\/\",\"url\":\"https:\/\/www.safinel.fr\/wp-content\/uploads\/2021\/05\/boutique-cosmetique.png\",\"contentUrl\":\"https:\/\/www.safinel.fr\/wp-content\/uploads\/2021\/05\/boutique-cosmetique.png\",\"width\":800,\"height\":200,\"caption\":\"Safinel\"},\"image\":{\"@id\":\"https:\/\/www.safinel.fr\/#\/schema\/logo\/image\/\"}}]}<\/script>\n<!-- \/ Yoast SEO plugin. -->","yoast_head_json":{"title":"Pelle di melograno | Molti benefici | Acquisto online sicuro","description":"Buccia di melograno, un frutto con molti benefici quotidiani! Acquisto rapido e sicuro.","robots":{"index":"index","follow":"follow","max-snippet":"max-snippet:-1","max-image-preview":"max-image-preview:large","max-video-preview":"max-video-preview:-1"},"canonical":"https:\/\/www.safinel.fr\/it\/prodotto\/buccia-di-melograno-50-g\/","og_locale":"it_IT","og_type":"article","og_title":"Peau de grenade | Bienfaits nombreux | Achat en ligne s\u00e9curis\u00e9","og_description":"En avant pour la\u00a0peau de grenade, une peau de fruit poss\u00e9dant des bienfaits nombreux au quotidien ! Achat rapide et s\u00e9curis\u00e9.","og_url":"https:\/\/www.safinel.fr\/it\/prodotto\/buccia-di-melograno-50-g\/","og_site_name":"Safinel","article_modified_time":"2024-03-19T16:36:58+00:00","og_image":[{"width":600,"height":600,"url":"https:\/\/www.safinel.fr\/wp-content\/uploads\/2022\/04\/peau-de-grenade.jpg","type":"image\/jpeg"}],"twitter_card":"summary_large_image","twitter_misc":{"Tempo di lettura stimato":"2 minuti"},"schema":{"@context":"https:\/\/schema.org","@graph":[{"@type":"WebPage","@id":"https:\/\/www.safinel.fr\/produit\/peau-de-grenade-50g\/","url":"https:\/\/www.safinel.fr\/produit\/peau-de-grenade-50g\/","name":"Pelle di melograno | Molti benefici | Acquisto online sicuro","isPartOf":{"@id":"https:\/\/www.safinel.fr\/#website"},"primaryImageOfPage":{"@id":"https:\/\/www.safinel.fr\/produit\/peau-de-grenade-50g\/#primaryimage"},"image":{"@id":"https:\/\/www.safinel.fr\/produit\/peau-de-grenade-50g\/#primaryimage"},"thumbnailUrl":"https:\/\/www.safinel.fr\/wp-content\/uploads\/2022\/04\/peau-de-grenade.jpg","datePublished":"2022-04-11T18:49:39+00:00","dateModified":"2024-03-19T16:36:58+00:00","description":"Buccia di melograno, un frutto con molti benefici quotidiani! Acquisto rapido e sicuro.","breadcrumb":{"@id":"https:\/\/www.safinel.fr\/produit\/peau-de-grenade-50g\/#breadcrumb"},"inLanguage":"it-IT","potentialAction":[{"@type":"ReadAction","target":["https:\/\/www.safinel.fr\/produit\/peau-de-grenade-50g\/"]}]},{"@type":"ImageObject","inLanguage":"it-IT","@id":"https:\/\/www.safinel.fr\/produit\/peau-de-grenade-50g\/#primaryimage","url":"https:\/\/www.safinel.fr\/wp-content\/uploads\/2022\/04\/peau-de-grenade.jpg","contentUrl":"https:\/\/www.safinel.fr\/wp-content\/uploads\/2022\/04\/peau-de-grenade.jpg","width":600,"height":600,"caption":"Peau de grenade"},{"@type":"BreadcrumbList","@id":"https:\/\/www.safinel.fr\/produit\/peau-de-grenade-50g\/#breadcrumb","itemListElement":[{"@type":"ListItem","position":1,"name":"Accueil","item":"https:\/\/www.safinel.fr\/"},{"@type":"ListItem","position":2,"name":"Boutique","item":"https:\/\/www.safinel.fr\/boutique\/"},{"@type":"ListItem","position":3,"name":"Peau de grenade 50g"}]},{"@type":"WebSite","@id":"https:\/\/www.safinel.fr\/#website","url":"https:\/\/www.safinel.fr\/","name":"Safinel","description":"","publisher":{"@id":"https:\/\/www.safinel.fr\/#organization"},"potentialAction":[{"@type":"SearchAction","target":{"@type":"EntryPoint","urlTemplate":"https:\/\/www.safinel.fr\/?s={search_term_string}"},"query-input":{"@type":"PropertyValueSpecification","valueRequired":true,"valueName":"search_term_string"}}],"inLanguage":"it-IT"},{"@type":"Organization","@id":"https:\/\/www.safinel.fr\/#organization","name":"Safinel","url":"https:\/\/www.safinel.fr\/","logo":{"@type":"ImageObject","inLanguage":"it-IT","@id":"https:\/\/www.safinel.fr\/#\/schema\/logo\/image\/","url":"https:\/\/www.safinel.fr\/wp-content\/uploads\/2021\/05\/boutique-cosmetique.png","contentUrl":"https:\/\/www.safinel.fr\/wp-content\/uploads\/2021\/05\/boutique-cosmetique.png","width":800,"height":200,"caption":"Safinel"},"image":{"@id":"https:\/\/www.safinel.fr\/#\/schema\/logo\/image\/"}}]}},"_links":{"self":[{"href":"https:\/\/www.safinel.fr\/it\/wp-json\/wp\/v2\/product\/1047","targetHints":{"allow":["GET"]}}],"collection":[{"href":"https:\/\/www.safinel.fr\/it\/wp-json\/wp\/v2\/product"}],"about":[{"href":"https:\/\/www.safinel.fr\/it\/wp-json\/wp\/v2\/types\/product"}],"wp:featuredmedia":[{"embeddable":true,"href":"https:\/\/www.safinel.fr\/it\/wp-json\/wp\/v2\/media\/1023"}],"wp:attachment":[{"href":"https:\/\/www.safinel.fr\/it\/wp-json\/wp\/v2\/media?parent=1047"}],"wp:term":[{"taxonomy":"product_brand","embeddable":true,"href":"https:\/\/www.safinel.fr\/it\/wp-json\/wp\/v2\/product_brand?post=1047"},{"taxonomy":"product_cat","embeddable":true,"href":"https:\/\/www.safinel.fr\/it\/wp-json\/wp\/v2\/product_cat?post=1047"},{"taxonomy":"product_tag","embeddable":true,"href":"https:\/\/www.safinel.fr\/it\/wp-json\/wp\/v2\/product_tag?post=1047"}],"curies":[{"name":"wp","href":"https:\/\/api.w.org\/{rel}","templated":true}]}}