{"id":1046,"date":"2022-04-11T18:44:51","date_gmt":"2022-04-11T18:44:51","guid":{"rendered":"https:\/\/www.safinel.fr\/?post_type=product&#038;p=1046"},"modified":"2026-01-07T14:58:35","modified_gmt":"2026-01-07T14:58:35","slug":"foglie-di-guava","status":"publish","type":"product","link":"https:\/\/www.safinel.fr\/it\/prodotto\/foglie-di-guava\/","title":{"rendered":"Foglie di Guava 50g"},"content":{"rendered":"<p>L<strong>\u2019albero da frutto,<\/strong>\u00a0per quanto magnifica e piacevole possa essere, pu\u00f2 certamente avere frutti dai sapori gradevoli, ma anche foglie o addirittura cortecce con caratteristiche e virt\u00f9 che arricchiscono il corpo. Il<strong>\u00a0foglie di guava<\/strong>\u00a0sono in corso, quindi preparatevi a essere sorpresi!<\/p>\n<h2><strong>Presentazione delle foglie di guava\u00a0<\/strong><\/h2>\n<p>Prima di tutto, conosciamo l'albero da cui provengono queste delicate e magnifiche foglie. Si chiama\u00a0<strong>psidium guajava<\/strong>, Appartiene alla famiglia delle Myrtaceae. Originaria delle regioni tropicali, \u00e8 conosciuta soprattutto per i suoi frutti dolci e rinfrescanti,\u00a0<strong>guava<\/strong>\u00a0! Tuttavia, non lontano dal frutto, si trovano foglie con una serie di benefici!<\/p>\n<p>Scoprite senza indugio, nel loro contenitore da 50 g, lavorati e preparati per voi, i famosi<strong> foglie di guava<\/strong>.<\/p>\n<h2><strong>Quali sono i benefici delle foglie di guava?\u00a0<\/strong><\/h2>\n<p>Siete pronti a scoprire le virt\u00f9 di<strong>\u00a0psidium guajava foglie\u00a0<\/strong>?<\/p>\n<ul>\n<li>Possono aiutare con\u00a0<strong>regolare i livelli di colesterolo<\/strong><\/li>\n<li>\u00c8 noto che \u00e8 efficace contro i disturbi del cavo orale, come gengive doloranti, piaghe e infiammazioni.<\/li>\n<li>Per chi ha problemi di acne, le foglie di guava possono essere una soluzione!<\/li>\n<li>Possono anche essere una risorsa per\u00a0<strong>controllo dello zucchero<\/strong><\/li>\n<li>Sono anche noti per prevenire la caduta dei capelli<\/li>\n<\/ul>\n<h3><strong>Gli alberi da frutto sono al primo posto!\u00a0<\/strong><\/h3>\n<p>Gli alberi sono spesso apprezzati per i loro frutti, ma a volte nascondono una serie di benefici di cui non siamo consapevoli. Come, ad esempio, con<strong>\u00a0<a href=\"https:\/\/www.safinel.fr\/it\/prodotto\/corteccia-di-mango\/\">corteccia di mango<\/a><\/strong>\u00a0o con il\u00a0<a href=\"https:\/\/www.safinel.fr\/it\/prodotto\/buccia-di-melograno-50-g\/\"><strong>buccia di melograno<\/strong><\/a>\u00a0!<\/p>\n<p>Gli alberi da frutto affascinano non solo per le delicate e succose bacche che producono, ma anche per le ricchezze che nascondono.<\/p>\n<p>Per trarre vantaggio da questo<strong>\u00a0trattamento medicinale naturale<\/strong>, L'infusione \u00e8 una delle soluzioni pi\u00f9 efficaci. Sia che stiate cercando di<strong>\u00a0curare i propri disturbi<\/strong>\u00a0o per aiutare a regolare il corpo:<\/p>\n<ol>\n<li>Prendere una pentola e portare l'acqua a ebollizione.<\/li>\n<li>Inserire quindi il\u00a0<strong>foglie di guava<\/strong>\u00a0e lasciare in infusione.<\/li>\n<li>Infine, aspettate e godetevi i vostri nuovi compagni di salute come \u00e8 giusto che sia!<\/li>\n<\/ol>","protected":false},"excerpt":{"rendered":"<p>L'albero da frutto, per quanto magnifico e gradevole, pu\u00f2 certamente avere frutti dal sapore gradevole, ma anche foglie o addirittura corteccia con caratteristiche e virt\u00f9 che arricchiscono l'organismo. Le foglie di guava prendono il loro posto, quindi preparatevi a essere sorpresi! Introduzione alle foglie di guava Prima di tutto, conosciamo l'albero da cui provengono queste foglie.","protected":false},"featured_media":1026,"template":"","meta":[],"product_brand":[],"product_cat":[27],"product_tag":[],"class_list":{"0":"post-1046","1":"product","2":"type-product","3":"status-publish","4":"has-post-thumbnail","6":"product_cat-plantes-medicinales","8":"first","9":"outofstock","10":"shipping-taxable","11":"purchasable","12":"product-type-simple"},"yoast_head":"<!-- This site is optimized with the Yoast SEO plugin v26.6 - https:\/\/yoast.com\/wordpress\/plugins\/seo\/ -->\n<title>Feuilles de goyave | Bienfaits et vertus nombreux | Achat en ligne<\/title>\n<meta name=\"description\" content=\"Les\u00a0feuilles de goyavier\u00a0prennent place, pr\u00e9parez-vous \u00e0 \u00eatre surpris !\u00a0D\u00e9couvrez notre s\u00e9lection sans plus attendre !\" \/>\n<meta name=\"robots\" content=\"index, follow, max-snippet:-1, max-image-preview:large, max-video-preview:-1\" \/>\n<link rel=\"canonical\" href=\"https:\/\/www.safinel.fr\/it\/prodotto\/foglie-di-guava\/\" \/>\n<meta property=\"og:locale\" content=\"it_IT\" \/>\n<meta property=\"og:type\" content=\"article\" \/>\n<meta property=\"og:title\" content=\"Feuilles de goyave | Bienfaits et vertus nombreux | Achat en ligne\" \/>\n<meta property=\"og:description\" content=\"Les\u00a0feuilles de goyavier\u00a0prennent place, pr\u00e9parez-vous \u00e0 \u00eatre surpris !\u00a0D\u00e9couvrez notre s\u00e9lection sans plus attendre !\" \/>\n<meta property=\"og:url\" content=\"https:\/\/www.safinel.fr\/it\/prodotto\/foglie-di-guava\/\" \/>\n<meta property=\"og:site_name\" content=\"Safinel\" \/>\n<meta property=\"article:modified_time\" content=\"2026-01-07T14:58:35+00:00\" \/>\n<meta property=\"og:image\" content=\"https:\/\/www.safinel.fr\/wp-content\/uploads\/2022\/04\/feuilles-de-goyavier.jpg\" \/>\n\t<meta property=\"og:image:width\" content=\"600\" \/>\n\t<meta property=\"og:image:height\" content=\"600\" \/>\n\t<meta property=\"og:image:type\" content=\"image\/jpeg\" \/>\n<meta name=\"twitter:card\" content=\"summary_large_image\" \/>\n<meta name=\"twitter:label1\" content=\"Tempo di lettura stimato\" \/>\n\t<meta name=\"twitter:data1\" content=\"2 minuti\" \/>\n<script type=\"application\/ld+json\" class=\"yoast-schema-graph\">{\"@context\":\"https:\/\/schema.org\",\"@graph\":[{\"@type\":\"WebPage\",\"@id\":\"https:\/\/www.safinel.fr\/produit\/feuilles-de-goyavier\/\",\"url\":\"https:\/\/www.safinel.fr\/produit\/feuilles-de-goyavier\/\",\"name\":\"Feuilles de goyave | Bienfaits et vertus nombreux | Achat en ligne\",\"isPartOf\":{\"@id\":\"https:\/\/www.safinel.fr\/#website\"},\"primaryImageOfPage\":{\"@id\":\"https:\/\/www.safinel.fr\/produit\/feuilles-de-goyavier\/#primaryimage\"},\"image\":{\"@id\":\"https:\/\/www.safinel.fr\/produit\/feuilles-de-goyavier\/#primaryimage\"},\"thumbnailUrl\":\"https:\/\/www.safinel.fr\/wp-content\/uploads\/2022\/04\/feuilles-de-goyavier.jpg\",\"datePublished\":\"2022-04-11T18:44:51+00:00\",\"dateModified\":\"2026-01-07T14:58:35+00:00\",\"description\":\"Les\u00a0feuilles de goyavier\u00a0prennent place, pr\u00e9parez-vous \u00e0 \u00eatre surpris !\u00a0D\u00e9couvrez notre s\u00e9lection sans plus attendre !\",\"breadcrumb\":{\"@id\":\"https:\/\/www.safinel.fr\/produit\/feuilles-de-goyavier\/#breadcrumb\"},\"inLanguage\":\"it-IT\",\"potentialAction\":[{\"@type\":\"ReadAction\",\"target\":[\"https:\/\/www.safinel.fr\/produit\/feuilles-de-goyavier\/\"]}]},{\"@type\":\"ImageObject\",\"inLanguage\":\"it-IT\",\"@id\":\"https:\/\/www.safinel.fr\/produit\/feuilles-de-goyavier\/#primaryimage\",\"url\":\"https:\/\/www.safinel.fr\/wp-content\/uploads\/2022\/04\/feuilles-de-goyavier.jpg\",\"contentUrl\":\"https:\/\/www.safinel.fr\/wp-content\/uploads\/2022\/04\/feuilles-de-goyavier.jpg\",\"width\":600,\"height\":600,\"caption\":\"Feuilles de goyavier\"},{\"@type\":\"BreadcrumbList\",\"@id\":\"https:\/\/www.safinel.fr\/produit\/feuilles-de-goyavier\/#breadcrumb\",\"itemListElement\":[{\"@type\":\"ListItem\",\"position\":1,\"name\":\"Accueil\",\"item\":\"https:\/\/www.safinel.fr\/\"},{\"@type\":\"ListItem\",\"position\":2,\"name\":\"Boutique\",\"item\":\"https:\/\/www.safinel.fr\/boutique\/\"},{\"@type\":\"ListItem\",\"position\":3,\"name\":\"Feuilles de goyave 50g\"}]},{\"@type\":\"WebSite\",\"@id\":\"https:\/\/www.safinel.fr\/#website\",\"url\":\"https:\/\/www.safinel.fr\/\",\"name\":\"Safinel\",\"description\":\"\",\"publisher\":{\"@id\":\"https:\/\/www.safinel.fr\/#organization\"},\"potentialAction\":[{\"@type\":\"SearchAction\",\"target\":{\"@type\":\"EntryPoint\",\"urlTemplate\":\"https:\/\/www.safinel.fr\/?s={search_term_string}\"},\"query-input\":{\"@type\":\"PropertyValueSpecification\",\"valueRequired\":true,\"valueName\":\"search_term_string\"}}],\"inLanguage\":\"it-IT\"},{\"@type\":\"Organization\",\"@id\":\"https:\/\/www.safinel.fr\/#organization\",\"name\":\"Safinel\",\"url\":\"https:\/\/www.safinel.fr\/\",\"logo\":{\"@type\":\"ImageObject\",\"inLanguage\":\"it-IT\",\"@id\":\"https:\/\/www.safinel.fr\/#\/schema\/logo\/image\/\",\"url\":\"https:\/\/www.safinel.fr\/wp-content\/uploads\/2021\/05\/boutique-cosmetique.png\",\"contentUrl\":\"https:\/\/www.safinel.fr\/wp-content\/uploads\/2021\/05\/boutique-cosmetique.png\",\"width\":800,\"height\":200,\"caption\":\"Safinel\"},\"image\":{\"@id\":\"https:\/\/www.safinel.fr\/#\/schema\/logo\/image\/\"}}]}<\/script>\n<!-- \/ Yoast SEO plugin. -->","yoast_head_json":{"title":"Foglie di Guava | Molti benefici e virt\u00f9 | Acquista online","description":"Le foglie di guava stanno prendendo il loro posto, quindi preparatevi a essere sorpresi! Scoprite subito la nostra selezione!","robots":{"index":"index","follow":"follow","max-snippet":"max-snippet:-1","max-image-preview":"max-image-preview:large","max-video-preview":"max-video-preview:-1"},"canonical":"https:\/\/www.safinel.fr\/it\/prodotto\/foglie-di-guava\/","og_locale":"it_IT","og_type":"article","og_title":"Feuilles de goyave | Bienfaits et vertus nombreux | Achat en ligne","og_description":"Les\u00a0feuilles de goyavier\u00a0prennent place, pr\u00e9parez-vous \u00e0 \u00eatre surpris !\u00a0D\u00e9couvrez notre s\u00e9lection sans plus attendre !","og_url":"https:\/\/www.safinel.fr\/it\/prodotto\/foglie-di-guava\/","og_site_name":"Safinel","article_modified_time":"2026-01-07T14:58:35+00:00","og_image":[{"width":600,"height":600,"url":"https:\/\/www.safinel.fr\/wp-content\/uploads\/2022\/04\/feuilles-de-goyavier.jpg","type":"image\/jpeg"}],"twitter_card":"summary_large_image","twitter_misc":{"Tempo di lettura stimato":"2 minuti"},"schema":{"@context":"https:\/\/schema.org","@graph":[{"@type":"WebPage","@id":"https:\/\/www.safinel.fr\/produit\/feuilles-de-goyavier\/","url":"https:\/\/www.safinel.fr\/produit\/feuilles-de-goyavier\/","name":"Foglie di Guava | Molti benefici e virt\u00f9 | Acquista online","isPartOf":{"@id":"https:\/\/www.safinel.fr\/#website"},"primaryImageOfPage":{"@id":"https:\/\/www.safinel.fr\/produit\/feuilles-de-goyavier\/#primaryimage"},"image":{"@id":"https:\/\/www.safinel.fr\/produit\/feuilles-de-goyavier\/#primaryimage"},"thumbnailUrl":"https:\/\/www.safinel.fr\/wp-content\/uploads\/2022\/04\/feuilles-de-goyavier.jpg","datePublished":"2022-04-11T18:44:51+00:00","dateModified":"2026-01-07T14:58:35+00:00","description":"Le foglie di guava stanno prendendo il loro posto, quindi preparatevi a essere sorpresi! Scoprite subito la nostra selezione!","breadcrumb":{"@id":"https:\/\/www.safinel.fr\/produit\/feuilles-de-goyavier\/#breadcrumb"},"inLanguage":"it-IT","potentialAction":[{"@type":"ReadAction","target":["https:\/\/www.safinel.fr\/produit\/feuilles-de-goyavier\/"]}]},{"@type":"ImageObject","inLanguage":"it-IT","@id":"https:\/\/www.safinel.fr\/produit\/feuilles-de-goyavier\/#primaryimage","url":"https:\/\/www.safinel.fr\/wp-content\/uploads\/2022\/04\/feuilles-de-goyavier.jpg","contentUrl":"https:\/\/www.safinel.fr\/wp-content\/uploads\/2022\/04\/feuilles-de-goyavier.jpg","width":600,"height":600,"caption":"Feuilles de goyavier"},{"@type":"BreadcrumbList","@id":"https:\/\/www.safinel.fr\/produit\/feuilles-de-goyavier\/#breadcrumb","itemListElement":[{"@type":"ListItem","position":1,"name":"Accueil","item":"https:\/\/www.safinel.fr\/"},{"@type":"ListItem","position":2,"name":"Boutique","item":"https:\/\/www.safinel.fr\/boutique\/"},{"@type":"ListItem","position":3,"name":"Feuilles de goyave 50g"}]},{"@type":"WebSite","@id":"https:\/\/www.safinel.fr\/#website","url":"https:\/\/www.safinel.fr\/","name":"Safinel","description":"","publisher":{"@id":"https:\/\/www.safinel.fr\/#organization"},"potentialAction":[{"@type":"SearchAction","target":{"@type":"EntryPoint","urlTemplate":"https:\/\/www.safinel.fr\/?s={search_term_string}"},"query-input":{"@type":"PropertyValueSpecification","valueRequired":true,"valueName":"search_term_string"}}],"inLanguage":"it-IT"},{"@type":"Organization","@id":"https:\/\/www.safinel.fr\/#organization","name":"Safinel","url":"https:\/\/www.safinel.fr\/","logo":{"@type":"ImageObject","inLanguage":"it-IT","@id":"https:\/\/www.safinel.fr\/#\/schema\/logo\/image\/","url":"https:\/\/www.safinel.fr\/wp-content\/uploads\/2021\/05\/boutique-cosmetique.png","contentUrl":"https:\/\/www.safinel.fr\/wp-content\/uploads\/2021\/05\/boutique-cosmetique.png","width":800,"height":200,"caption":"Safinel"},"image":{"@id":"https:\/\/www.safinel.fr\/#\/schema\/logo\/image\/"}}]}},"_links":{"self":[{"href":"https:\/\/www.safinel.fr\/it\/wp-json\/wp\/v2\/product\/1046","targetHints":{"allow":["GET"]}}],"collection":[{"href":"https:\/\/www.safinel.fr\/it\/wp-json\/wp\/v2\/product"}],"about":[{"href":"https:\/\/www.safinel.fr\/it\/wp-json\/wp\/v2\/types\/product"}],"wp:featuredmedia":[{"embeddable":true,"href":"https:\/\/www.safinel.fr\/it\/wp-json\/wp\/v2\/media\/1026"}],"wp:attachment":[{"href":"https:\/\/www.safinel.fr\/it\/wp-json\/wp\/v2\/media?parent=1046"}],"wp:term":[{"taxonomy":"product_brand","embeddable":true,"href":"https:\/\/www.safinel.fr\/it\/wp-json\/wp\/v2\/product_brand?post=1046"},{"taxonomy":"product_cat","embeddable":true,"href":"https:\/\/www.safinel.fr\/it\/wp-json\/wp\/v2\/product_cat?post=1046"},{"taxonomy":"product_tag","embeddable":true,"href":"https:\/\/www.safinel.fr\/it\/wp-json\/wp\/v2\/product_tag?post=1046"}],"curies":[{"name":"wp","href":"https:\/\/api.w.org\/{rel}","templated":true}]}}