{"id":1045,"date":"2022-04-11T12:04:41","date_gmt":"2022-04-11T12:04:41","guid":{"rendered":"https:\/\/www.safinel.fr\/?post_type=product&#038;p=1045"},"modified":"2024-02-12T17:25:18","modified_gmt":"2024-02-12T17:25:18","slug":"polvere-di-akpi","status":"publish","type":"product","link":"https:\/\/www.safinel.fr\/it\/prodotto\/polvere-di-akpi\/","title":{"rendered":"Polvere di Akpi 100g"},"content":{"rendered":"<p>I frequentatori abituali della cucina africana potrebbero gi\u00e0 conoscerla...<strong>\u00a0Polvere di akpi<\/strong>\u00a0viene utilizzato come ingrediente culinario. Ma questo\u00a0<strong>seme<\/strong>\u00a0ha anche propriet\u00e0 cosmetiche molto interessanti per le donne. Tra le altre cose, aiuta a\u2019<strong>aumentare il volume dei fianchi, dei glutei e del seno<\/strong>. E non \u00e8 tutto...<\/p>\n<h2><strong>Polvere di Akpi: una forma pronta all'uso!\u00a0<\/strong><\/h2>\n<p><strong>Semi di akpi\u00a0<\/strong>Il miele di canna proviene da un albero da semi oleosi ed \u00e8 utilizzato soprattutto in Costa d'Avorio e in Camerun, dove \u00e8 conosciuto con il nome di \"Coca-Cola\".\u00a0<strong>Djansan<\/strong>.<\/p>\n<p>Questo tipo di mandorla dal colore dorato viene utilizzato per la produzione di\u00a0<strong>Cucina africana<\/strong>, come esaltatore di sapidit\u00e0 naturale.<\/p>\n<p>Inoltre, la sua elevata\u00a0<strong>olio<\/strong>\u00a0rende questo frutto un eccellente ingrediente cosmetico. In particolare, viene utilizzato per la produzione di saponi.<\/p>\n<p>Safinel offre anche la polvere di akpi per le sue altre propriet\u00e0. Scoprite questo<strong>\u00a0Pianta africana<\/strong>\u00a0Bustina da 100 g.<\/p>\n<h2><strong>I benefici della polvere di akpi\u00a0<\/strong><\/h2>\n<p>Il Djansan \u00e8 apprezzato per le sue propriet\u00e0 medicinali. Si ritiene che abbia molte virt\u00f9:<\/p>\n<ul>\n<li>Contro la dissenteria<\/li>\n<li>Benefico per combattere la stitichezza<\/li>\n<li>Utile per le infezioni oculari<\/li>\n<li>Contiene numerosi minerali (calcio, magnesio, potassio...)<\/li>\n<li>Ma anche sull'infertilit\u00e0 nelle donne, favorendo l'ovulazione<\/li>\n<\/ul>\n<p>Inoltre, questo\u00a0<strong>polvere vegetale naturale\u00a0<\/strong>ci offre i suoi vantaggi come\u00a0<strong>Cosmetici africani<\/strong>\u00a0:<\/p>\n<ul>\n<li>Associato a\u00a0<strong>fieno greco<\/strong>, Questo seme aiuta ad aumentare il volume dei glutei, del seno e dei fianchi.<\/li>\n<li>Utilizzato per la bellezza della pelle, per combattere i segni dell'invecchiamento e le smagliature.<\/li>\n<li>Proprio come il\u00a0<a href=\"https:\/\/www.safinel.fr\/it\/prodotto\/kapoor-kachli\/\"><strong>Kapoor kachli<\/strong><\/a>, accelera la crescita dei capelli<\/li>\n<\/ul>\n<h3><strong>Usi di djansan\u00a0<\/strong><\/h3>\n<p>La polvere di Akpi si usa principalmente come maschera, riducendola in pasta. Si possono poi aggiungere vari altri ingredienti naturali, a seconda delle necessit\u00e0.<\/p>\n<p>Per aumentare le dimensioni dei glutei, ad esempio :<\/p>\n<ol>\n<li>Mescolare 3 cucchiai di\u00a0<strong>Polvere africana<\/strong>\u00a0con acqua ;<\/li>\n<li>Aggiungere l'olio di fieno greco e\u00a0<strong><a href=\"https:\/\/www.safinel.fr\/it\/prodotto\/burro-di-karite-grezzo-biologico-certificato-100ml\/\">burro di karit\u00e9<\/a> ;<\/strong><\/li>\n<li>Quindi frullare il tutto fino a formare una crema omogenea; ;<\/li>\n<li>Infine, applicare sulle zone da trattare, come il seno o i quarti posteriori.<\/li>\n<\/ol>\n<p>Conservare in frigorifero.<\/p>","protected":false},"excerpt":{"rendered":"<p>Chi \u00e8 abituato alla cucina africana forse lo conosce gi\u00e0... L'akpi in polvere \u00e8 infatti utilizzato come ingrediente culinario. Ma questo seme possiede anche propriet\u00e0 cosmetiche molto interessanti per le donne. Tra le altre cose, permette di aumentare il volume dei fianchi, dei glutei e del seno. E non \u00e8 tutto... L'akpi in polvere: un [...]","protected":false},"featured_media":1025,"template":"","meta":[],"product_brand":[],"product_cat":[27,110],"product_tag":[],"class_list":{"0":"post-1045","1":"product","2":"type-product","3":"status-publish","4":"has-post-thumbnail","6":"product_cat-plantes-medicinales","7":"product_cat-poudre-cheveux-ayurvedique","9":"first","10":"outofstock","11":"shipping-taxable","12":"purchasable","13":"product-type-simple"},"yoast_head":"<!-- This site is optimized with the Yoast SEO plugin v26.6 - https:\/\/yoast.com\/wordpress\/plugins\/seo\/ -->\n<title>Akpi en poudre | (Djansan) | Bienfaits nombreux \u00e0 d\u00e9couvrir<\/title>\n<meta name=\"description\" content=\"L\u2019akpi en poudre\u00a0est, en effet, employ\u00e9e comme ingr\u00e9dient culinaire. Mais cette\u00a0graine\u00a0poss\u00e8de \u00e9galement des vertus cosm\u00e9tiques.\" \/>\n<meta name=\"robots\" content=\"index, follow, max-snippet:-1, max-image-preview:large, max-video-preview:-1\" \/>\n<link rel=\"canonical\" href=\"https:\/\/www.safinel.fr\/it\/prodotto\/polvere-di-akpi\/\" \/>\n<meta property=\"og:locale\" content=\"it_IT\" \/>\n<meta property=\"og:type\" content=\"article\" \/>\n<meta property=\"og:title\" content=\"Akpi en poudre | (Djansan) | Bienfaits nombreux \u00e0 d\u00e9couvrir\" \/>\n<meta property=\"og:description\" content=\"L\u2019akpi en poudre\u00a0est, en effet, employ\u00e9e comme ingr\u00e9dient culinaire. Mais cette\u00a0graine\u00a0poss\u00e8de \u00e9galement des vertus cosm\u00e9tiques.\" \/>\n<meta property=\"og:url\" content=\"https:\/\/www.safinel.fr\/it\/prodotto\/polvere-di-akpi\/\" \/>\n<meta property=\"og:site_name\" content=\"Safinel\" \/>\n<meta property=\"article:modified_time\" content=\"2024-02-12T17:25:18+00:00\" \/>\n<meta property=\"og:image\" content=\"https:\/\/www.safinel.fr\/wp-content\/uploads\/2022\/04\/akpi-en-poudre.jpg\" \/>\n\t<meta property=\"og:image:width\" content=\"600\" \/>\n\t<meta property=\"og:image:height\" content=\"600\" \/>\n\t<meta property=\"og:image:type\" content=\"image\/jpeg\" \/>\n<meta name=\"twitter:card\" content=\"summary_large_image\" \/>\n<meta name=\"twitter:label1\" content=\"Tempo di lettura stimato\" \/>\n\t<meta name=\"twitter:data1\" content=\"2 minuti\" \/>\n<script type=\"application\/ld+json\" class=\"yoast-schema-graph\">{\"@context\":\"https:\/\/schema.org\",\"@graph\":[{\"@type\":\"WebPage\",\"@id\":\"https:\/\/www.safinel.fr\/produit\/akpi-en-poudre\/\",\"url\":\"https:\/\/www.safinel.fr\/produit\/akpi-en-poudre\/\",\"name\":\"Akpi en poudre | (Djansan) | Bienfaits nombreux \u00e0 d\u00e9couvrir\",\"isPartOf\":{\"@id\":\"https:\/\/www.safinel.fr\/#website\"},\"primaryImageOfPage\":{\"@id\":\"https:\/\/www.safinel.fr\/produit\/akpi-en-poudre\/#primaryimage\"},\"image\":{\"@id\":\"https:\/\/www.safinel.fr\/produit\/akpi-en-poudre\/#primaryimage\"},\"thumbnailUrl\":\"https:\/\/www.safinel.fr\/wp-content\/uploads\/2022\/04\/akpi-en-poudre.jpg\",\"datePublished\":\"2022-04-11T12:04:41+00:00\",\"dateModified\":\"2024-02-12T17:25:18+00:00\",\"description\":\"L\u2019akpi en poudre\u00a0est, en effet, employ\u00e9e comme ingr\u00e9dient culinaire. Mais cette\u00a0graine\u00a0poss\u00e8de \u00e9galement des vertus cosm\u00e9tiques.\",\"breadcrumb\":{\"@id\":\"https:\/\/www.safinel.fr\/produit\/akpi-en-poudre\/#breadcrumb\"},\"inLanguage\":\"it-IT\",\"potentialAction\":[{\"@type\":\"ReadAction\",\"target\":[\"https:\/\/www.safinel.fr\/produit\/akpi-en-poudre\/\"]}]},{\"@type\":\"ImageObject\",\"inLanguage\":\"it-IT\",\"@id\":\"https:\/\/www.safinel.fr\/produit\/akpi-en-poudre\/#primaryimage\",\"url\":\"https:\/\/www.safinel.fr\/wp-content\/uploads\/2022\/04\/akpi-en-poudre.jpg\",\"contentUrl\":\"https:\/\/www.safinel.fr\/wp-content\/uploads\/2022\/04\/akpi-en-poudre.jpg\",\"width\":600,\"height\":600,\"caption\":\"Akpi en poudre\"},{\"@type\":\"BreadcrumbList\",\"@id\":\"https:\/\/www.safinel.fr\/produit\/akpi-en-poudre\/#breadcrumb\",\"itemListElement\":[{\"@type\":\"ListItem\",\"position\":1,\"name\":\"Accueil\",\"item\":\"https:\/\/www.safinel.fr\/\"},{\"@type\":\"ListItem\",\"position\":2,\"name\":\"Boutique\",\"item\":\"https:\/\/www.safinel.fr\/boutique\/\"},{\"@type\":\"ListItem\",\"position\":3,\"name\":\"Akpi en poudre 100g\"}]},{\"@type\":\"WebSite\",\"@id\":\"https:\/\/www.safinel.fr\/#website\",\"url\":\"https:\/\/www.safinel.fr\/\",\"name\":\"Safinel\",\"description\":\"\",\"publisher\":{\"@id\":\"https:\/\/www.safinel.fr\/#organization\"},\"potentialAction\":[{\"@type\":\"SearchAction\",\"target\":{\"@type\":\"EntryPoint\",\"urlTemplate\":\"https:\/\/www.safinel.fr\/?s={search_term_string}\"},\"query-input\":{\"@type\":\"PropertyValueSpecification\",\"valueRequired\":true,\"valueName\":\"search_term_string\"}}],\"inLanguage\":\"it-IT\"},{\"@type\":\"Organization\",\"@id\":\"https:\/\/www.safinel.fr\/#organization\",\"name\":\"Safinel\",\"url\":\"https:\/\/www.safinel.fr\/\",\"logo\":{\"@type\":\"ImageObject\",\"inLanguage\":\"it-IT\",\"@id\":\"https:\/\/www.safinel.fr\/#\/schema\/logo\/image\/\",\"url\":\"https:\/\/www.safinel.fr\/wp-content\/uploads\/2021\/05\/boutique-cosmetique.png\",\"contentUrl\":\"https:\/\/www.safinel.fr\/wp-content\/uploads\/2021\/05\/boutique-cosmetique.png\",\"width\":800,\"height\":200,\"caption\":\"Safinel\"},\"image\":{\"@id\":\"https:\/\/www.safinel.fr\/#\/schema\/logo\/image\/\"}}]}<\/script>\n<!-- \/ Yoast SEO plugin. -->","yoast_head_json":{"title":"Polvere di Akpi | (Djansan) | Molti benefici da scoprire","description":"La polvere di Akpi viene utilizzata come ingrediente culinario. Ma il seme ha anche propriet\u00e0 cosmetiche.","robots":{"index":"index","follow":"follow","max-snippet":"max-snippet:-1","max-image-preview":"max-image-preview:large","max-video-preview":"max-video-preview:-1"},"canonical":"https:\/\/www.safinel.fr\/it\/prodotto\/polvere-di-akpi\/","og_locale":"it_IT","og_type":"article","og_title":"Akpi en poudre | (Djansan) | Bienfaits nombreux \u00e0 d\u00e9couvrir","og_description":"L\u2019akpi en poudre\u00a0est, en effet, employ\u00e9e comme ingr\u00e9dient culinaire. Mais cette\u00a0graine\u00a0poss\u00e8de \u00e9galement des vertus cosm\u00e9tiques.","og_url":"https:\/\/www.safinel.fr\/it\/prodotto\/polvere-di-akpi\/","og_site_name":"Safinel","article_modified_time":"2024-02-12T17:25:18+00:00","og_image":[{"width":600,"height":600,"url":"https:\/\/www.safinel.fr\/wp-content\/uploads\/2022\/04\/akpi-en-poudre.jpg","type":"image\/jpeg"}],"twitter_card":"summary_large_image","twitter_misc":{"Tempo di lettura stimato":"2 minuti"},"schema":{"@context":"https:\/\/schema.org","@graph":[{"@type":"WebPage","@id":"https:\/\/www.safinel.fr\/produit\/akpi-en-poudre\/","url":"https:\/\/www.safinel.fr\/produit\/akpi-en-poudre\/","name":"Polvere di Akpi | (Djansan) | Molti benefici da scoprire","isPartOf":{"@id":"https:\/\/www.safinel.fr\/#website"},"primaryImageOfPage":{"@id":"https:\/\/www.safinel.fr\/produit\/akpi-en-poudre\/#primaryimage"},"image":{"@id":"https:\/\/www.safinel.fr\/produit\/akpi-en-poudre\/#primaryimage"},"thumbnailUrl":"https:\/\/www.safinel.fr\/wp-content\/uploads\/2022\/04\/akpi-en-poudre.jpg","datePublished":"2022-04-11T12:04:41+00:00","dateModified":"2024-02-12T17:25:18+00:00","description":"La polvere di Akpi viene utilizzata come ingrediente culinario. Ma il seme ha anche propriet\u00e0 cosmetiche.","breadcrumb":{"@id":"https:\/\/www.safinel.fr\/produit\/akpi-en-poudre\/#breadcrumb"},"inLanguage":"it-IT","potentialAction":[{"@type":"ReadAction","target":["https:\/\/www.safinel.fr\/produit\/akpi-en-poudre\/"]}]},{"@type":"ImageObject","inLanguage":"it-IT","@id":"https:\/\/www.safinel.fr\/produit\/akpi-en-poudre\/#primaryimage","url":"https:\/\/www.safinel.fr\/wp-content\/uploads\/2022\/04\/akpi-en-poudre.jpg","contentUrl":"https:\/\/www.safinel.fr\/wp-content\/uploads\/2022\/04\/akpi-en-poudre.jpg","width":600,"height":600,"caption":"Akpi en poudre"},{"@type":"BreadcrumbList","@id":"https:\/\/www.safinel.fr\/produit\/akpi-en-poudre\/#breadcrumb","itemListElement":[{"@type":"ListItem","position":1,"name":"Accueil","item":"https:\/\/www.safinel.fr\/"},{"@type":"ListItem","position":2,"name":"Boutique","item":"https:\/\/www.safinel.fr\/boutique\/"},{"@type":"ListItem","position":3,"name":"Akpi en poudre 100g"}]},{"@type":"WebSite","@id":"https:\/\/www.safinel.fr\/#website","url":"https:\/\/www.safinel.fr\/","name":"Safinel","description":"","publisher":{"@id":"https:\/\/www.safinel.fr\/#organization"},"potentialAction":[{"@type":"SearchAction","target":{"@type":"EntryPoint","urlTemplate":"https:\/\/www.safinel.fr\/?s={search_term_string}"},"query-input":{"@type":"PropertyValueSpecification","valueRequired":true,"valueName":"search_term_string"}}],"inLanguage":"it-IT"},{"@type":"Organization","@id":"https:\/\/www.safinel.fr\/#organization","name":"Safinel","url":"https:\/\/www.safinel.fr\/","logo":{"@type":"ImageObject","inLanguage":"it-IT","@id":"https:\/\/www.safinel.fr\/#\/schema\/logo\/image\/","url":"https:\/\/www.safinel.fr\/wp-content\/uploads\/2021\/05\/boutique-cosmetique.png","contentUrl":"https:\/\/www.safinel.fr\/wp-content\/uploads\/2021\/05\/boutique-cosmetique.png","width":800,"height":200,"caption":"Safinel"},"image":{"@id":"https:\/\/www.safinel.fr\/#\/schema\/logo\/image\/"}}]}},"_links":{"self":[{"href":"https:\/\/www.safinel.fr\/it\/wp-json\/wp\/v2\/product\/1045","targetHints":{"allow":["GET"]}}],"collection":[{"href":"https:\/\/www.safinel.fr\/it\/wp-json\/wp\/v2\/product"}],"about":[{"href":"https:\/\/www.safinel.fr\/it\/wp-json\/wp\/v2\/types\/product"}],"wp:featuredmedia":[{"embeddable":true,"href":"https:\/\/www.safinel.fr\/it\/wp-json\/wp\/v2\/media\/1025"}],"wp:attachment":[{"href":"https:\/\/www.safinel.fr\/it\/wp-json\/wp\/v2\/media?parent=1045"}],"wp:term":[{"taxonomy":"product_brand","embeddable":true,"href":"https:\/\/www.safinel.fr\/it\/wp-json\/wp\/v2\/product_brand?post=1045"},{"taxonomy":"product_cat","embeddable":true,"href":"https:\/\/www.safinel.fr\/it\/wp-json\/wp\/v2\/product_cat?post=1045"},{"taxonomy":"product_tag","embeddable":true,"href":"https:\/\/www.safinel.fr\/it\/wp-json\/wp\/v2\/product_tag?post=1045"}],"curies":[{"name":"wp","href":"https:\/\/api.w.org\/{rel}","templated":true}]}}