{"id":1044,"date":"2022-04-11T10:45:08","date_gmt":"2022-04-11T10:45:08","guid":{"rendered":"https:\/\/www.safinel.fr\/?post_type=product&#038;p=1044"},"modified":"2023-12-28T17:15:13","modified_gmt":"2023-12-28T17:15:13","slug":"akpi-en-graine","status":"publish","type":"product","link":"https:\/\/www.safinel.fr\/it\/prodotto\/akpi-en-graine\/","title":{"rendered":"Semi di akpi 100g"},"content":{"rendered":"<p>L'entit\u00e0 dei benefici<strong>\u00a0della natura<\/strong>\u00a0\u00c8 noto per le sue numerose virt\u00f9, in diversi ambiti. Sia in cucina che sul fronte del benessere\u2019<strong>akpi en graine<\/strong>\u00a0\u00e8 sotto i riflettori!<\/p>\n<p>Come sempre, la vostra Boutique Safinel si impegna a offrirvi i migliori prodotti.\u00a0<strong>prodotti naturali<\/strong>\u00a0che potrebbe fare al caso vostro.<\/p>\n<h2><strong>Avete mai sentito parlare di Akpi en graine?<\/strong><\/h2>\n<p>Fate le valigie, ci spostiamo in un altro continente e prendete posto: siamo diretti in Africa! Come sapete, questo continente ha un\u00a0<strong>ricchezza naturale<\/strong>\u00a0dei pi\u00f9 notevoli.<\/p>\n<p>Avete mai sentito parlare di\u00a0<strong>Ricinodendro heudelotii<\/strong>\u00a0? Non preoccupatevi, ve ne parliamo noi! Il Ricinodendro \u00e8 una\u00a0<strong>Albero africano<\/strong>\u00a0in cui \u00e8 possibile vedere una sorta di\u00a0<strong>Nocciole Akpi<\/strong>\u00a0! Sono molto ricercati e utilizzati per svariati motivi!<\/p>\n<h2><strong>I benefici dei semi di Akpi\u00a0<\/strong><\/h2>\n<p>Avete la possibilit\u00e0 di trovare Akpi in forma di semi, oppure\u00a0<strong>in polvere<\/strong>. Entrambi contengono molte virt\u00f9!<\/p>\n<p>Di conseguenza, questo\u00a0<strong>un prodotto della natura<\/strong>\u00a0\u00e8 noto:<\/p>\n<ul>\n<li>Come il<strong>\u00a0fieno greco,\u00a0<\/strong>akpipe pu\u00f2 aiutare a\u00a0<strong>rassodare i glutei<\/strong>\u00a0e il torace<\/li>\n<li>Contribuire a combattere<strong>\u00a0problemi di pelle<\/strong>\u00a0(rughe, occhiaie, smagliature)<\/li>\n<li>Pu\u00f2 anche aiutare a rilassare i muscoli dopo uno sforzo fisico.<\/li>\n<li>Talvolta utilizzato in alcuni piatti africani<\/li>\n<\/ul>\n<p>Le donne in gravidanza devono consultare il proprio medico.<\/p>\n<h3><strong>La natura \u00e8 grande! Vogliamo di pi\u00f9... \u00a0<\/strong><\/h3>\n<p>Se vi piace ci\u00f2 che il vostro<strong>\u00a0prodotti naturali<\/strong>, E ne arriveranno altri!\u00a0<a href=\"https:\/\/www.safinel.fr\/it\/prodotto\/ortica-100g\/\"><strong>Ortica<\/strong><\/a>,\u00a0<strong>salvia sclarea<\/strong>\u00a0o anche\u00a0<a href=\"https:\/\/www.safinel.fr\/it\/prodotto\/te-africano-della-fertilita\/\"><strong>T\u00e8 africano della fertilit\u00e0<\/strong>,<\/a> La natura vi aspetta.<\/p>\n<p>\u00c8 vero che alcuni problemi possono essere alleviati attraverso\u00a0<strong>piante medicinali<\/strong>. Ecco perch\u00e9 Safinel vuole presentarvene alcuni, per farvi scoprire il potere che si nasconde intorno a voi! Non perdete altro tempo e venite a scoprire i nostri numerosi prodotti che sicuramente vi sedurranno!<\/p>","protected":false},"excerpt":{"rendered":"<p>L\u2019\u00e9tendue des bienfaits\u00a0de la nature\u00a0\u00e9tonnera toujours\u2026 En effet, cette derni\u00e8re est connue pour bon nombre de vertus, et cela dans plusieurs domaines. Ainsi, en cuisine ou c\u00f4t\u00e9 bien-\u00eatre, l\u2019akpi en graine\u00a0est \u00e0 l\u2019honneur ! Comme toujours votre boutique Safinel est toujours soucieuse de vous proposer des\u00a0produits naturels\u00a0qui pourraient vous correspondre. L\u2019Akpi en graine : en [&#8230;]","protected":false},"featured_media":1024,"template":"","meta":[],"product_brand":[],"product_cat":[41],"product_tag":[],"class_list":{"0":"post-1044","1":"product","2":"type-product","3":"status-publish","4":"has-post-thumbnail","6":"product_cat-produits-naturels-divers","8":"first","9":"instock","10":"shipping-taxable","11":"purchasable","12":"product-type-simple"},"yoast_head":"<!-- This site is optimized with the Yoast SEO plugin v26.6 - https:\/\/yoast.com\/wordpress\/plugins\/seo\/ -->\n<title>Akpi en graine | Graine naturelle aux bienfaits nombreux<\/title>\n<meta name=\"description\" content=\"En cuisine ou c\u00f4t\u00e9 bien-\u00eatre, l\u2019akpi en graine\u00a0est \u00e0 l\u2019honneur !\u00a0Adoptez-l\u00e0 sans plus attendre en quelques clics !\" \/>\n<meta name=\"robots\" content=\"index, follow, max-snippet:-1, max-image-preview:large, max-video-preview:-1\" \/>\n<link rel=\"canonical\" href=\"https:\/\/www.safinel.fr\/it\/prodotto\/akpi-en-graine\/\" \/>\n<meta property=\"og:locale\" content=\"it_IT\" \/>\n<meta property=\"og:type\" content=\"article\" \/>\n<meta property=\"og:title\" content=\"Akpi en graine | Graine naturelle aux bienfaits nombreux\" \/>\n<meta property=\"og:description\" content=\"En cuisine ou c\u00f4t\u00e9 bien-\u00eatre, l\u2019akpi en graine\u00a0est \u00e0 l\u2019honneur !\u00a0Adoptez-l\u00e0 sans plus attendre en quelques clics !\" \/>\n<meta property=\"og:url\" content=\"https:\/\/www.safinel.fr\/it\/prodotto\/akpi-en-graine\/\" \/>\n<meta property=\"og:site_name\" content=\"Safinel\" \/>\n<meta property=\"article:modified_time\" content=\"2023-12-28T17:15:13+00:00\" \/>\n<meta property=\"og:image\" content=\"https:\/\/www.safinel.fr\/wp-content\/uploads\/2022\/04\/akpi-en-graine.jpg\" \/>\n\t<meta property=\"og:image:width\" content=\"600\" \/>\n\t<meta property=\"og:image:height\" content=\"600\" \/>\n\t<meta property=\"og:image:type\" content=\"image\/jpeg\" \/>\n<meta name=\"twitter:card\" content=\"summary_large_image\" \/>\n<meta name=\"twitter:label1\" content=\"Tempo di lettura stimato\" \/>\n\t<meta name=\"twitter:data1\" content=\"2 minuti\" \/>\n<script type=\"application\/ld+json\" class=\"yoast-schema-graph\">{\"@context\":\"https:\/\/schema.org\",\"@graph\":[{\"@type\":\"WebPage\",\"@id\":\"https:\/\/www.safinel.fr\/produit\/akpi-en-graine\/\",\"url\":\"https:\/\/www.safinel.fr\/produit\/akpi-en-graine\/\",\"name\":\"Akpi en graine | Graine naturelle aux bienfaits nombreux\",\"isPartOf\":{\"@id\":\"https:\/\/www.safinel.fr\/#website\"},\"primaryImageOfPage\":{\"@id\":\"https:\/\/www.safinel.fr\/produit\/akpi-en-graine\/#primaryimage\"},\"image\":{\"@id\":\"https:\/\/www.safinel.fr\/produit\/akpi-en-graine\/#primaryimage\"},\"thumbnailUrl\":\"https:\/\/www.safinel.fr\/wp-content\/uploads\/2022\/04\/akpi-en-graine.jpg\",\"datePublished\":\"2022-04-11T10:45:08+00:00\",\"dateModified\":\"2023-12-28T17:15:13+00:00\",\"description\":\"En cuisine ou c\u00f4t\u00e9 bien-\u00eatre, l\u2019akpi en graine\u00a0est \u00e0 l\u2019honneur !\u00a0Adoptez-l\u00e0 sans plus attendre en quelques clics !\",\"breadcrumb\":{\"@id\":\"https:\/\/www.safinel.fr\/produit\/akpi-en-graine\/#breadcrumb\"},\"inLanguage\":\"it-IT\",\"potentialAction\":[{\"@type\":\"ReadAction\",\"target\":[\"https:\/\/www.safinel.fr\/produit\/akpi-en-graine\/\"]}]},{\"@type\":\"ImageObject\",\"inLanguage\":\"it-IT\",\"@id\":\"https:\/\/www.safinel.fr\/produit\/akpi-en-graine\/#primaryimage\",\"url\":\"https:\/\/www.safinel.fr\/wp-content\/uploads\/2022\/04\/akpi-en-graine.jpg\",\"contentUrl\":\"https:\/\/www.safinel.fr\/wp-content\/uploads\/2022\/04\/akpi-en-graine.jpg\",\"width\":600,\"height\":600,\"caption\":\"Akpi en graine 100g\"},{\"@type\":\"BreadcrumbList\",\"@id\":\"https:\/\/www.safinel.fr\/produit\/akpi-en-graine\/#breadcrumb\",\"itemListElement\":[{\"@type\":\"ListItem\",\"position\":1,\"name\":\"Accueil\",\"item\":\"https:\/\/www.safinel.fr\/\"},{\"@type\":\"ListItem\",\"position\":2,\"name\":\"Boutique\",\"item\":\"https:\/\/www.safinel.fr\/boutique\/\"},{\"@type\":\"ListItem\",\"position\":3,\"name\":\"Akpi en graine 100g\"}]},{\"@type\":\"WebSite\",\"@id\":\"https:\/\/www.safinel.fr\/#website\",\"url\":\"https:\/\/www.safinel.fr\/\",\"name\":\"Safinel\",\"description\":\"\",\"publisher\":{\"@id\":\"https:\/\/www.safinel.fr\/#organization\"},\"potentialAction\":[{\"@type\":\"SearchAction\",\"target\":{\"@type\":\"EntryPoint\",\"urlTemplate\":\"https:\/\/www.safinel.fr\/?s={search_term_string}\"},\"query-input\":{\"@type\":\"PropertyValueSpecification\",\"valueRequired\":true,\"valueName\":\"search_term_string\"}}],\"inLanguage\":\"it-IT\"},{\"@type\":\"Organization\",\"@id\":\"https:\/\/www.safinel.fr\/#organization\",\"name\":\"Safinel\",\"url\":\"https:\/\/www.safinel.fr\/\",\"logo\":{\"@type\":\"ImageObject\",\"inLanguage\":\"it-IT\",\"@id\":\"https:\/\/www.safinel.fr\/#\/schema\/logo\/image\/\",\"url\":\"https:\/\/www.safinel.fr\/wp-content\/uploads\/2021\/05\/boutique-cosmetique.png\",\"contentUrl\":\"https:\/\/www.safinel.fr\/wp-content\/uploads\/2021\/05\/boutique-cosmetique.png\",\"width\":800,\"height\":200,\"caption\":\"Safinel\"},\"image\":{\"@id\":\"https:\/\/www.safinel.fr\/#\/schema\/logo\/image\/\"}}]}<\/script>\n<!-- \/ Yoast SEO plugin. -->","yoast_head_json":{"title":"Semi di Akpi | Un seme naturale con molti benefici","description":"In cucina o per il vostro benessere, i semi di akpi sono alla ribalta! Bastano pochi clic!","robots":{"index":"index","follow":"follow","max-snippet":"max-snippet:-1","max-image-preview":"max-image-preview:large","max-video-preview":"max-video-preview:-1"},"canonical":"https:\/\/www.safinel.fr\/it\/prodotto\/akpi-en-graine\/","og_locale":"it_IT","og_type":"article","og_title":"Akpi en graine | Graine naturelle aux bienfaits nombreux","og_description":"En cuisine ou c\u00f4t\u00e9 bien-\u00eatre, l\u2019akpi en graine\u00a0est \u00e0 l\u2019honneur !\u00a0Adoptez-l\u00e0 sans plus attendre en quelques clics !","og_url":"https:\/\/www.safinel.fr\/it\/prodotto\/akpi-en-graine\/","og_site_name":"Safinel","article_modified_time":"2023-12-28T17:15:13+00:00","og_image":[{"width":600,"height":600,"url":"https:\/\/www.safinel.fr\/wp-content\/uploads\/2022\/04\/akpi-en-graine.jpg","type":"image\/jpeg"}],"twitter_card":"summary_large_image","twitter_misc":{"Tempo di lettura stimato":"2 minuti"},"schema":{"@context":"https:\/\/schema.org","@graph":[{"@type":"WebPage","@id":"https:\/\/www.safinel.fr\/produit\/akpi-en-graine\/","url":"https:\/\/www.safinel.fr\/produit\/akpi-en-graine\/","name":"Semi di Akpi | Un seme naturale con molti benefici","isPartOf":{"@id":"https:\/\/www.safinel.fr\/#website"},"primaryImageOfPage":{"@id":"https:\/\/www.safinel.fr\/produit\/akpi-en-graine\/#primaryimage"},"image":{"@id":"https:\/\/www.safinel.fr\/produit\/akpi-en-graine\/#primaryimage"},"thumbnailUrl":"https:\/\/www.safinel.fr\/wp-content\/uploads\/2022\/04\/akpi-en-graine.jpg","datePublished":"2022-04-11T10:45:08+00:00","dateModified":"2023-12-28T17:15:13+00:00","description":"In cucina o per il vostro benessere, i semi di akpi sono alla ribalta! Bastano pochi clic!","breadcrumb":{"@id":"https:\/\/www.safinel.fr\/produit\/akpi-en-graine\/#breadcrumb"},"inLanguage":"it-IT","potentialAction":[{"@type":"ReadAction","target":["https:\/\/www.safinel.fr\/produit\/akpi-en-graine\/"]}]},{"@type":"ImageObject","inLanguage":"it-IT","@id":"https:\/\/www.safinel.fr\/produit\/akpi-en-graine\/#primaryimage","url":"https:\/\/www.safinel.fr\/wp-content\/uploads\/2022\/04\/akpi-en-graine.jpg","contentUrl":"https:\/\/www.safinel.fr\/wp-content\/uploads\/2022\/04\/akpi-en-graine.jpg","width":600,"height":600,"caption":"Akpi en graine 100g"},{"@type":"BreadcrumbList","@id":"https:\/\/www.safinel.fr\/produit\/akpi-en-graine\/#breadcrumb","itemListElement":[{"@type":"ListItem","position":1,"name":"Accueil","item":"https:\/\/www.safinel.fr\/"},{"@type":"ListItem","position":2,"name":"Boutique","item":"https:\/\/www.safinel.fr\/boutique\/"},{"@type":"ListItem","position":3,"name":"Akpi en graine 100g"}]},{"@type":"WebSite","@id":"https:\/\/www.safinel.fr\/#website","url":"https:\/\/www.safinel.fr\/","name":"Safinel","description":"","publisher":{"@id":"https:\/\/www.safinel.fr\/#organization"},"potentialAction":[{"@type":"SearchAction","target":{"@type":"EntryPoint","urlTemplate":"https:\/\/www.safinel.fr\/?s={search_term_string}"},"query-input":{"@type":"PropertyValueSpecification","valueRequired":true,"valueName":"search_term_string"}}],"inLanguage":"it-IT"},{"@type":"Organization","@id":"https:\/\/www.safinel.fr\/#organization","name":"Safinel","url":"https:\/\/www.safinel.fr\/","logo":{"@type":"ImageObject","inLanguage":"it-IT","@id":"https:\/\/www.safinel.fr\/#\/schema\/logo\/image\/","url":"https:\/\/www.safinel.fr\/wp-content\/uploads\/2021\/05\/boutique-cosmetique.png","contentUrl":"https:\/\/www.safinel.fr\/wp-content\/uploads\/2021\/05\/boutique-cosmetique.png","width":800,"height":200,"caption":"Safinel"},"image":{"@id":"https:\/\/www.safinel.fr\/#\/schema\/logo\/image\/"}}]}},"_links":{"self":[{"href":"https:\/\/www.safinel.fr\/it\/wp-json\/wp\/v2\/product\/1044","targetHints":{"allow":["GET"]}}],"collection":[{"href":"https:\/\/www.safinel.fr\/it\/wp-json\/wp\/v2\/product"}],"about":[{"href":"https:\/\/www.safinel.fr\/it\/wp-json\/wp\/v2\/types\/product"}],"wp:featuredmedia":[{"embeddable":true,"href":"https:\/\/www.safinel.fr\/it\/wp-json\/wp\/v2\/media\/1024"}],"wp:attachment":[{"href":"https:\/\/www.safinel.fr\/it\/wp-json\/wp\/v2\/media?parent=1044"}],"wp:term":[{"taxonomy":"product_brand","embeddable":true,"href":"https:\/\/www.safinel.fr\/it\/wp-json\/wp\/v2\/product_brand?post=1044"},{"taxonomy":"product_cat","embeddable":true,"href":"https:\/\/www.safinel.fr\/it\/wp-json\/wp\/v2\/product_cat?post=1044"},{"taxonomy":"product_tag","embeddable":true,"href":"https:\/\/www.safinel.fr\/it\/wp-json\/wp\/v2\/product_tag?post=1044"}],"curies":[{"name":"wp","href":"https:\/\/api.w.org\/{rel}","templated":true}]}}