{"id":1043,"date":"2022-04-11T10:42:29","date_gmt":"2022-04-11T10:42:29","guid":{"rendered":"https:\/\/www.safinel.fr\/?post_type=product&#038;p=1043"},"modified":"2024-02-21T11:03:21","modified_gmt":"2024-02-21T11:03:21","slug":"corteccia-di-mango","status":"publish","type":"product","link":"https:\/\/www.safinel.fr\/it\/prodotto\/corteccia-di-mango\/","title":{"rendered":"Corteccia di mango 100g"},"content":{"rendered":"<p>\u00c8 tempo di prendersi cura di s\u00e9, signore! Mettete gi\u00f9 tutto quello che avete in mano e preparatevi a concentrarvi su voi stesse. Chiudete la porta dietro di voi, perch\u00e9 parleremo di intimit\u00e0 introducendo il tema della<strong>\u2018corteccia di mango<\/strong>\u00a0!<\/p>\n<h2><strong>Uno sguardo ravvicinato alla corteccia di mango\u00a0<\/strong><\/h2>\n<p>Prima di tutto, \u00e8 necessario sapere che questo albero del<strong>\u00a0Famiglia delle Anacardiaceae<\/strong>\u00a0d\u00e0 il famoso e succosissimo\u00a0<strong>mango\u00a0<\/strong>! Questi sono tra i\u00a0<strong>frutta esotica<\/strong>\u00a0in Francia!<\/p>\n<p>L'albero del mango possiede anche altre virt\u00f9, in particolare attraverso le sue foglie e la sua corteccia. Ecco perch\u00e9 il vostro specialista in\u00a0<strong>prodotti naturali<\/strong>\u00a0mette in evidenza questo prodotto che sicuramente vi conquister\u00e0.<\/p>\n<h2><strong>Conoscete i benefici della corteccia di mango?<\/strong><\/h2>\n<p>Se non conoscete ancora le virt\u00f9 di questa corteccia, controllate che la porta sia chiusa, perch\u00e9 stiamo per entrare nel vivo della questione. La corteccia di mango \u00e8 nota per una serie di propriet\u00e0:<\/p>\n<ul>\n<li>Contribuire a combattere\u00a0<strong>odore vaginale<\/strong><\/li>\n<li>Essere una risorsa per\u00a0<strong>rassodare la vagina\u00a0<\/strong><\/li>\n<li>Vantaggioso<strong>\u00a0contro<\/strong>\u00a0<strong>scarica bianca\u00a0<\/strong><\/li>\n<li>Aiuto contro il prurito<\/li>\n<li>Essere efficaci nella lotta contro le emorroidi<\/li>\n<\/ul>\n<p>Come si pu\u00f2 vedere, questo<strong>\u00a0pianta medicinale naturale 100%<\/strong>\u00a0pu\u00f2 essere una risorsa quotidiana, signore! Ma la domanda che ci poniamo attualmente \u00e8: come usarlo?<\/p>\n<h3><strong>Perch\u00e9 non metterlo in pratica?\u00a0<\/strong><\/h3>\n<p>Un po' come\u00a0<a href=\"https:\/\/www.safinel.fr\/it\/prodotto\/foglia-di-deucalipto\/\"><strong>foglie di eucalipto<\/strong><\/a>\u00a0o per\u00a0<a href=\"https:\/\/www.safinel.fr\/it\/prodotto\/foglie-di-tulsi\/\"><strong>foglie di tulsi<\/strong><\/a>, Per far bollire la buccia, occorre una casseruola. Poi fate bollire la corteccia all'interno.<\/p>\n<p>Quindi, dopo l'ebollizione, lasciare raffreddare in modo che l'acqua possa evaporare.<strong>\u2019l'acqua assorbe la corteccia<\/strong>\u00a0! E infine\u00a0<strong>pulizia intima<\/strong>.<\/p>\n<p>Utilizzando guanti puliti, usare la preparazione per pulire le parti, senza andare troppo in profondit\u00e0.<\/p>\n<p>Ora avete il segreto per trovare un\u00a0<strong>igiene personale<\/strong>\u00a0impeccabile, signore!<\/p>","protected":false},"excerpt":{"rendered":"<p>La pause f\u00e9minine est arriv\u00e9e, il est temps de prendre soin de vous, mesdames ! Posez tout ce que vous avez dans les mains et pr\u00e9parez-vous \u00e0 vous recentrer sur vous-m\u00eame. Fermez la porte derri\u00e8re vous, car nous allons parler intimit\u00e9en vous pr\u00e9sentant l&lsquo;\u00e9corce de manguier\u00a0! Petit zoom sur l&rsquo;\u00e9corce de manguier\u00a0 Tout d\u2019abord, ce [&#8230;]","protected":false},"featured_media":1027,"template":"","meta":[],"product_brand":[],"product_cat":[59,27],"product_tag":[],"class_list":{"0":"post-1043","1":"product","2":"type-product","3":"status-publish","4":"has-post-thumbnail","6":"product_cat-fruit-tropical","7":"product_cat-plantes-medicinales","9":"first","10":"instock","11":"shipping-taxable","12":"purchasable","13":"product-type-simple"},"yoast_head":"<!-- This site is optimized with the Yoast SEO plugin v26.6 - https:\/\/yoast.com\/wordpress\/plugins\/seo\/ -->\n<title>\u00c9corce de manguier | Bienfaits nombreux | Achat en ligne s\u00e9curis\u00e9<\/title>\n<meta name=\"description\" content=\"Fermez la porte derri\u00e8re vous, car nous allons parler intimit\u00e9 en vous pr\u00e9sentant l&#039;\u00e9corce de manguier\u00a0! Bonne d\u00e9couverte !\" \/>\n<meta name=\"robots\" content=\"index, follow, max-snippet:-1, max-image-preview:large, max-video-preview:-1\" \/>\n<link rel=\"canonical\" href=\"https:\/\/www.safinel.fr\/it\/prodotto\/corteccia-di-mango\/\" \/>\n<meta property=\"og:locale\" content=\"it_IT\" \/>\n<meta property=\"og:type\" content=\"article\" \/>\n<meta property=\"og:title\" content=\"\u00c9corce de manguier | Bienfaits nombreux | Achat en ligne s\u00e9curis\u00e9\" \/>\n<meta property=\"og:description\" content=\"Fermez la porte derri\u00e8re vous, car nous allons parler intimit\u00e9 en vous pr\u00e9sentant l&#039;\u00e9corce de manguier\u00a0! Bonne d\u00e9couverte !\" \/>\n<meta property=\"og:url\" content=\"https:\/\/www.safinel.fr\/it\/prodotto\/corteccia-di-mango\/\" \/>\n<meta property=\"og:site_name\" content=\"Safinel\" \/>\n<meta property=\"article:modified_time\" content=\"2024-02-21T11:03:21+00:00\" \/>\n<meta property=\"og:image\" content=\"https:\/\/www.safinel.fr\/wp-content\/uploads\/2022\/04\/ecorces-de-manguier.jpg\" \/>\n\t<meta property=\"og:image:width\" content=\"600\" \/>\n\t<meta property=\"og:image:height\" content=\"600\" \/>\n\t<meta property=\"og:image:type\" content=\"image\/jpeg\" \/>\n<meta name=\"twitter:card\" content=\"summary_large_image\" \/>\n<meta name=\"twitter:label1\" content=\"Tempo di lettura stimato\" \/>\n\t<meta name=\"twitter:data1\" content=\"2 minuti\" \/>\n<script type=\"application\/ld+json\" class=\"yoast-schema-graph\">{\"@context\":\"https:\/\/schema.org\",\"@graph\":[{\"@type\":\"WebPage\",\"@id\":\"https:\/\/www.safinel.fr\/produit\/ecorce-de-manguier\/\",\"url\":\"https:\/\/www.safinel.fr\/produit\/ecorce-de-manguier\/\",\"name\":\"\u00c9corce de manguier | Bienfaits nombreux | Achat en ligne s\u00e9curis\u00e9\",\"isPartOf\":{\"@id\":\"https:\/\/www.safinel.fr\/#website\"},\"primaryImageOfPage\":{\"@id\":\"https:\/\/www.safinel.fr\/produit\/ecorce-de-manguier\/#primaryimage\"},\"image\":{\"@id\":\"https:\/\/www.safinel.fr\/produit\/ecorce-de-manguier\/#primaryimage\"},\"thumbnailUrl\":\"https:\/\/www.safinel.fr\/wp-content\/uploads\/2022\/04\/ecorces-de-manguier.jpg\",\"datePublished\":\"2022-04-11T10:42:29+00:00\",\"dateModified\":\"2024-02-21T11:03:21+00:00\",\"description\":\"Fermez la porte derri\u00e8re vous, car nous allons parler intimit\u00e9 en vous pr\u00e9sentant l'\u00e9corce de manguier\u00a0! Bonne d\u00e9couverte !\",\"breadcrumb\":{\"@id\":\"https:\/\/www.safinel.fr\/produit\/ecorce-de-manguier\/#breadcrumb\"},\"inLanguage\":\"it-IT\",\"potentialAction\":[{\"@type\":\"ReadAction\",\"target\":[\"https:\/\/www.safinel.fr\/produit\/ecorce-de-manguier\/\"]}]},{\"@type\":\"ImageObject\",\"inLanguage\":\"it-IT\",\"@id\":\"https:\/\/www.safinel.fr\/produit\/ecorce-de-manguier\/#primaryimage\",\"url\":\"https:\/\/www.safinel.fr\/wp-content\/uploads\/2022\/04\/ecorces-de-manguier.jpg\",\"contentUrl\":\"https:\/\/www.safinel.fr\/wp-content\/uploads\/2022\/04\/ecorces-de-manguier.jpg\",\"width\":600,\"height\":600,\"caption\":\"\u00e9corces de manguier\"},{\"@type\":\"BreadcrumbList\",\"@id\":\"https:\/\/www.safinel.fr\/produit\/ecorce-de-manguier\/#breadcrumb\",\"itemListElement\":[{\"@type\":\"ListItem\",\"position\":1,\"name\":\"Accueil\",\"item\":\"https:\/\/www.safinel.fr\/\"},{\"@type\":\"ListItem\",\"position\":2,\"name\":\"Boutique\",\"item\":\"https:\/\/www.safinel.fr\/boutique\/\"},{\"@type\":\"ListItem\",\"position\":3,\"name\":\"\u00c9corce de manguier 100g\"}]},{\"@type\":\"WebSite\",\"@id\":\"https:\/\/www.safinel.fr\/#website\",\"url\":\"https:\/\/www.safinel.fr\/\",\"name\":\"Safinel\",\"description\":\"\",\"publisher\":{\"@id\":\"https:\/\/www.safinel.fr\/#organization\"},\"potentialAction\":[{\"@type\":\"SearchAction\",\"target\":{\"@type\":\"EntryPoint\",\"urlTemplate\":\"https:\/\/www.safinel.fr\/?s={search_term_string}\"},\"query-input\":{\"@type\":\"PropertyValueSpecification\",\"valueRequired\":true,\"valueName\":\"search_term_string\"}}],\"inLanguage\":\"it-IT\"},{\"@type\":\"Organization\",\"@id\":\"https:\/\/www.safinel.fr\/#organization\",\"name\":\"Safinel\",\"url\":\"https:\/\/www.safinel.fr\/\",\"logo\":{\"@type\":\"ImageObject\",\"inLanguage\":\"it-IT\",\"@id\":\"https:\/\/www.safinel.fr\/#\/schema\/logo\/image\/\",\"url\":\"https:\/\/www.safinel.fr\/wp-content\/uploads\/2021\/05\/boutique-cosmetique.png\",\"contentUrl\":\"https:\/\/www.safinel.fr\/wp-content\/uploads\/2021\/05\/boutique-cosmetique.png\",\"width\":800,\"height\":200,\"caption\":\"Safinel\"},\"image\":{\"@id\":\"https:\/\/www.safinel.fr\/#\/schema\/logo\/image\/\"}}]}<\/script>\n<!-- \/ Yoast SEO plugin. -->","yoast_head_json":{"title":"Corteccia di mango | Molti benefici | Acquisto online sicuro","description":"Chiudete la porta dietro di voi, perch\u00e9 parleremo di intimit\u00e0 mentre vi presentiamo la corteccia di mango! Buona scoperta!","robots":{"index":"index","follow":"follow","max-snippet":"max-snippet:-1","max-image-preview":"max-image-preview:large","max-video-preview":"max-video-preview:-1"},"canonical":"https:\/\/www.safinel.fr\/it\/prodotto\/corteccia-di-mango\/","og_locale":"it_IT","og_type":"article","og_title":"\u00c9corce de manguier | Bienfaits nombreux | Achat en ligne s\u00e9curis\u00e9","og_description":"Fermez la porte derri\u00e8re vous, car nous allons parler intimit\u00e9 en vous pr\u00e9sentant l'\u00e9corce de manguier\u00a0! Bonne d\u00e9couverte !","og_url":"https:\/\/www.safinel.fr\/it\/prodotto\/corteccia-di-mango\/","og_site_name":"Safinel","article_modified_time":"2024-02-21T11:03:21+00:00","og_image":[{"width":600,"height":600,"url":"https:\/\/www.safinel.fr\/wp-content\/uploads\/2022\/04\/ecorces-de-manguier.jpg","type":"image\/jpeg"}],"twitter_card":"summary_large_image","twitter_misc":{"Tempo di lettura stimato":"2 minuti"},"schema":{"@context":"https:\/\/schema.org","@graph":[{"@type":"WebPage","@id":"https:\/\/www.safinel.fr\/produit\/ecorce-de-manguier\/","url":"https:\/\/www.safinel.fr\/produit\/ecorce-de-manguier\/","name":"Corteccia di mango | Molti benefici | Acquisto online sicuro","isPartOf":{"@id":"https:\/\/www.safinel.fr\/#website"},"primaryImageOfPage":{"@id":"https:\/\/www.safinel.fr\/produit\/ecorce-de-manguier\/#primaryimage"},"image":{"@id":"https:\/\/www.safinel.fr\/produit\/ecorce-de-manguier\/#primaryimage"},"thumbnailUrl":"https:\/\/www.safinel.fr\/wp-content\/uploads\/2022\/04\/ecorces-de-manguier.jpg","datePublished":"2022-04-11T10:42:29+00:00","dateModified":"2024-02-21T11:03:21+00:00","description":"Chiudete la porta dietro di voi, perch\u00e9 parleremo di intimit\u00e0 mentre vi presentiamo la corteccia di mango! Buona scoperta!","breadcrumb":{"@id":"https:\/\/www.safinel.fr\/produit\/ecorce-de-manguier\/#breadcrumb"},"inLanguage":"it-IT","potentialAction":[{"@type":"ReadAction","target":["https:\/\/www.safinel.fr\/produit\/ecorce-de-manguier\/"]}]},{"@type":"ImageObject","inLanguage":"it-IT","@id":"https:\/\/www.safinel.fr\/produit\/ecorce-de-manguier\/#primaryimage","url":"https:\/\/www.safinel.fr\/wp-content\/uploads\/2022\/04\/ecorces-de-manguier.jpg","contentUrl":"https:\/\/www.safinel.fr\/wp-content\/uploads\/2022\/04\/ecorces-de-manguier.jpg","width":600,"height":600,"caption":"\u00e9corces de manguier"},{"@type":"BreadcrumbList","@id":"https:\/\/www.safinel.fr\/produit\/ecorce-de-manguier\/#breadcrumb","itemListElement":[{"@type":"ListItem","position":1,"name":"Accueil","item":"https:\/\/www.safinel.fr\/"},{"@type":"ListItem","position":2,"name":"Boutique","item":"https:\/\/www.safinel.fr\/boutique\/"},{"@type":"ListItem","position":3,"name":"\u00c9corce de manguier 100g"}]},{"@type":"WebSite","@id":"https:\/\/www.safinel.fr\/#website","url":"https:\/\/www.safinel.fr\/","name":"Safinel","description":"","publisher":{"@id":"https:\/\/www.safinel.fr\/#organization"},"potentialAction":[{"@type":"SearchAction","target":{"@type":"EntryPoint","urlTemplate":"https:\/\/www.safinel.fr\/?s={search_term_string}"},"query-input":{"@type":"PropertyValueSpecification","valueRequired":true,"valueName":"search_term_string"}}],"inLanguage":"it-IT"},{"@type":"Organization","@id":"https:\/\/www.safinel.fr\/#organization","name":"Safinel","url":"https:\/\/www.safinel.fr\/","logo":{"@type":"ImageObject","inLanguage":"it-IT","@id":"https:\/\/www.safinel.fr\/#\/schema\/logo\/image\/","url":"https:\/\/www.safinel.fr\/wp-content\/uploads\/2021\/05\/boutique-cosmetique.png","contentUrl":"https:\/\/www.safinel.fr\/wp-content\/uploads\/2021\/05\/boutique-cosmetique.png","width":800,"height":200,"caption":"Safinel"},"image":{"@id":"https:\/\/www.safinel.fr\/#\/schema\/logo\/image\/"}}]}},"_links":{"self":[{"href":"https:\/\/www.safinel.fr\/it\/wp-json\/wp\/v2\/product\/1043","targetHints":{"allow":["GET"]}}],"collection":[{"href":"https:\/\/www.safinel.fr\/it\/wp-json\/wp\/v2\/product"}],"about":[{"href":"https:\/\/www.safinel.fr\/it\/wp-json\/wp\/v2\/types\/product"}],"wp:featuredmedia":[{"embeddable":true,"href":"https:\/\/www.safinel.fr\/it\/wp-json\/wp\/v2\/media\/1027"}],"wp:attachment":[{"href":"https:\/\/www.safinel.fr\/it\/wp-json\/wp\/v2\/media?parent=1043"}],"wp:term":[{"taxonomy":"product_brand","embeddable":true,"href":"https:\/\/www.safinel.fr\/it\/wp-json\/wp\/v2\/product_brand?post=1043"},{"taxonomy":"product_cat","embeddable":true,"href":"https:\/\/www.safinel.fr\/it\/wp-json\/wp\/v2\/product_cat?post=1043"},{"taxonomy":"product_tag","embeddable":true,"href":"https:\/\/www.safinel.fr\/it\/wp-json\/wp\/v2\/product_tag?post=1043"}],"curies":[{"name":"wp","href":"https:\/\/api.w.org\/{rel}","templated":true}]}}