{"id":10298,"date":"2023-12-17T10:06:27","date_gmt":"2023-12-17T10:06:27","guid":{"rendered":"https:\/\/www.safinel.fr\/?post_type=product&#038;p=10298"},"modified":"2024-05-16T18:46:53","modified_gmt":"2024-05-16T18:46:53","slug":"caro-white-body-lotion","status":"publish","type":"product","link":"https:\/\/www.safinel.fr\/it\/prodotto\/caro-white-body-lotion\/","title":{"rendered":"latte corpo caro bianco 300ml"},"content":{"rendered":"<p>Una grande sorpresa vi aspetta nella vostra boutique naturale africana! Venite a conoscere il\u00a0<strong>Caro White<\/strong>. Per chi non lo sapesse, si tratta di una <a href=\"https:\/\/www.safinel.fr\/it\/prodotto\/sapone-alla-carota\/\"><strong>sapone all'olio di carota<\/strong><\/a> arricchito con beta-carotene, studiato per pulire in profondit\u00e0 la pelle ed eliminare le impurit\u00e0.<\/p>\n<p>Grazie alle sue propriet\u00e0 esfolianti, aiuta a eliminare le cellule morte e a rivelare la luminosit\u00e0 della pelle!<\/p>\n<h2><strong>Pelle morbida, elastica e luminosa<\/strong><\/h2>\n<p>Questo sapone con\u00a0<strong>carota<\/strong>\u00a0\u00e8 formulato con ingredienti di qualit\u00e0 come acqua, glicerina e carota. Questa combinazione di ingredienti accuratamente selezionati si traduce in una formula efficace per un colorito sano e duraturo.\u00a0<strong>pelle chiara e luminosa<\/strong>.<\/p>\n<p>Caro White \u00e8 arricchito con beta-carotene, che ha numerosi benefici per la pelle. Pulendo in profondit\u00e0 la pelle, eliminando le impurit\u00e0 ed esfoliando le cellule morte, aiuta a ottenere un colorito luminoso e sano.\u00a0<strong>pelle morbida<\/strong>, elastica e radiosa.<\/p>\n<h2><strong>I numerosi vantaggi di Caro White<\/strong><\/h2>\n<p>Questo sapone ha numerosi benefici per la pelle. In primo luogo\u00a0<strong>pulizia profonda<\/strong>\u00a0ed elimina le impurit\u00e0. E lascia la pelle fresca e pulita!<\/p>\n<p>Poi, grazie alle sue propriet\u00e0, aiuta a rivelare la naturale luminosit\u00e0 della pelle. Inoltre, Caro White prepara la pelle all'applicazione dei prodotti per la cura della pelle, ottimizzandone l'assorbimento e migliorandone l'efficacia. Dopo l'uso, noterete una pelle pi\u00f9 morbida e luminosa.<\/p>\n<h3><strong>Come posso ottenere il massimo da Caro White?<\/strong><\/h3>\n<p>Se volete godere di tutti i benefici di Caro White, ecco alcuni consigli su come utilizzarlo.<\/p>\n<ul>\n<li>Applicare il prodotto mattina e\/o sera sulla pelle pulita.\u00a0<strong><a href=\"https:\/\/www.safinel.fr\/it\/prodotto\/sapone-nero-solido-africano\/\">Sapone nero solido africano<\/a>\u00a0<\/strong>ad esempio.<\/li>\n<li>Non dimenticate di concentrarvi sul viso e sul collo.<\/li>\n<li>Si consiglia l'uso quotidiano per ottenere risultati ottimali.<\/li>\n<li>Dopo l'applicazione, risciacquare accuratamente con acqua calda prima di asciugare.<\/li>\n<\/ul>\n<p>Controllate la confezione del prodotto che state acquistando per conoscere l'elenco esatto degli ingredienti.<\/p>\n<p>Seguendo le istruzioni per l'uso, potrete godere di tutti i benefici di questo prodotto. Non esitate a provarlo e scoprite una pelle luminosa e sana.<\/p>","protected":false},"excerpt":{"rendered":"<p><img decoding=\"async\" class=\"size-full wp-image-5091 aligncenter\" src=\"https:\/\/www.safinel.fr\/wp-content\/uploads\/2021\/06\/BANNIERE-ICONE-SAFINEL.webp\" alt=\"riassicurazione satine\" width=\"800\" height=\"200\" srcset=\"https:\/\/www.safinel.fr\/wp-content\/uploads\/2021\/06\/BANNIERE-ICONE-SAFINEL.webp 800w, https:\/\/www.safinel.fr\/wp-content\/uploads\/2021\/06\/BANNIERE-ICONE-SAFINEL-600x150.webp 600w, https:\/\/www.safinel.fr\/wp-content\/uploads\/2021\/06\/BANNIERE-ICONE-SAFINEL-768x192.webp 768w\" sizes=\"(max-width: 800px) 100vw, 800px\" \/><\/p>","protected":false},"featured_media":10294,"template":"","meta":[],"product_brand":[],"product_cat":[192],"product_tag":[],"class_list":{"0":"post-10298","1":"product","2":"type-product","3":"status-publish","4":"has-post-thumbnail","6":"product_cat-cremes-eclaircissantes","8":"first","9":"outofstock","10":"shipping-taxable","11":"purchasable","12":"product-type-simple"},"yoast_head":"<!-- This site is optimized with the Yoast SEO plugin v26.6 - https:\/\/yoast.com\/wordpress\/plugins\/seo\/ -->\n<title>Caro white | Lait corporelle aux bienfaits nombreux | 300ml<\/title>\n<meta name=\"description\" content=\"Une surprise de taille vous attend dans votre boutique africaine naturelle ! Faite enfin la rencontre avec le\u00a0Caro White.\" \/>\n<meta name=\"robots\" content=\"index, follow, max-snippet:-1, max-image-preview:large, max-video-preview:-1\" \/>\n<link rel=\"canonical\" href=\"https:\/\/www.safinel.fr\/it\/prodotto\/caro-white-body-lotion\/\" \/>\n<meta property=\"og:locale\" content=\"it_IT\" \/>\n<meta property=\"og:type\" content=\"article\" \/>\n<meta property=\"og:title\" content=\"Caro white | Lait corporelle aux bienfaits nombreux | 300ml\" \/>\n<meta property=\"og:description\" content=\"Une surprise de taille vous attend dans votre boutique africaine naturelle ! Faite enfin la rencontre avec le\u00a0Caro White.\" \/>\n<meta property=\"og:url\" content=\"https:\/\/www.safinel.fr\/it\/prodotto\/caro-white-body-lotion\/\" \/>\n<meta property=\"og:site_name\" content=\"Safinel\" \/>\n<meta property=\"article:modified_time\" content=\"2024-05-16T18:46:53+00:00\" \/>\n<meta property=\"og:image\" content=\"https:\/\/www.safinel.fr\/wp-content\/uploads\/2023\/12\/lait-carowhite.jpg\" \/>\n\t<meta property=\"og:image:width\" content=\"600\" \/>\n\t<meta property=\"og:image:height\" content=\"600\" \/>\n\t<meta property=\"og:image:type\" content=\"image\/jpeg\" \/>\n<meta name=\"twitter:card\" content=\"summary_large_image\" \/>\n<meta name=\"twitter:label1\" content=\"Tempo di lettura stimato\" \/>\n\t<meta name=\"twitter:data1\" content=\"2 minuti\" \/>\n<script type=\"application\/ld+json\" class=\"yoast-schema-graph\">{\"@context\":\"https:\/\/schema.org\",\"@graph\":[{\"@type\":\"WebPage\",\"@id\":\"https:\/\/www.safinel.fr\/produit\/lait-corporelle-caro-white\/\",\"url\":\"https:\/\/www.safinel.fr\/produit\/lait-corporelle-caro-white\/\",\"name\":\"Caro white | Lait corporelle aux bienfaits nombreux | 300ml\",\"isPartOf\":{\"@id\":\"https:\/\/www.safinel.fr\/#website\"},\"primaryImageOfPage\":{\"@id\":\"https:\/\/www.safinel.fr\/produit\/lait-corporelle-caro-white\/#primaryimage\"},\"image\":{\"@id\":\"https:\/\/www.safinel.fr\/produit\/lait-corporelle-caro-white\/#primaryimage\"},\"thumbnailUrl\":\"https:\/\/www.safinel.fr\/wp-content\/uploads\/2023\/12\/lait-carowhite.jpg\",\"datePublished\":\"2023-12-17T10:06:27+00:00\",\"dateModified\":\"2024-05-16T18:46:53+00:00\",\"description\":\"Une surprise de taille vous attend dans votre boutique africaine naturelle ! Faite enfin la rencontre avec le\u00a0Caro White.\",\"breadcrumb\":{\"@id\":\"https:\/\/www.safinel.fr\/produit\/lait-corporelle-caro-white\/#breadcrumb\"},\"inLanguage\":\"it-IT\",\"potentialAction\":[{\"@type\":\"ReadAction\",\"target\":[\"https:\/\/www.safinel.fr\/produit\/lait-corporelle-caro-white\/\"]}]},{\"@type\":\"ImageObject\",\"inLanguage\":\"it-IT\",\"@id\":\"https:\/\/www.safinel.fr\/produit\/lait-corporelle-caro-white\/#primaryimage\",\"url\":\"https:\/\/www.safinel.fr\/wp-content\/uploads\/2023\/12\/lait-carowhite.jpg\",\"contentUrl\":\"https:\/\/www.safinel.fr\/wp-content\/uploads\/2023\/12\/lait-carowhite.jpg\",\"width\":600,\"height\":600,\"caption\":\"Lait corporelle caro white 300ml\"},{\"@type\":\"BreadcrumbList\",\"@id\":\"https:\/\/www.safinel.fr\/produit\/lait-corporelle-caro-white\/#breadcrumb\",\"itemListElement\":[{\"@type\":\"ListItem\",\"position\":1,\"name\":\"Accueil\",\"item\":\"https:\/\/www.safinel.fr\/\"},{\"@type\":\"ListItem\",\"position\":2,\"name\":\"Boutique\",\"item\":\"https:\/\/www.safinel.fr\/boutique\/\"},{\"@type\":\"ListItem\",\"position\":3,\"name\":\"Lait corporelle caro white 300ml\"}]},{\"@type\":\"WebSite\",\"@id\":\"https:\/\/www.safinel.fr\/#website\",\"url\":\"https:\/\/www.safinel.fr\/\",\"name\":\"Safinel\",\"description\":\"\",\"publisher\":{\"@id\":\"https:\/\/www.safinel.fr\/#organization\"},\"potentialAction\":[{\"@type\":\"SearchAction\",\"target\":{\"@type\":\"EntryPoint\",\"urlTemplate\":\"https:\/\/www.safinel.fr\/?s={search_term_string}\"},\"query-input\":{\"@type\":\"PropertyValueSpecification\",\"valueRequired\":true,\"valueName\":\"search_term_string\"}}],\"inLanguage\":\"it-IT\"},{\"@type\":\"Organization\",\"@id\":\"https:\/\/www.safinel.fr\/#organization\",\"name\":\"Safinel\",\"url\":\"https:\/\/www.safinel.fr\/\",\"logo\":{\"@type\":\"ImageObject\",\"inLanguage\":\"it-IT\",\"@id\":\"https:\/\/www.safinel.fr\/#\/schema\/logo\/image\/\",\"url\":\"https:\/\/www.safinel.fr\/wp-content\/uploads\/2021\/05\/boutique-cosmetique.png\",\"contentUrl\":\"https:\/\/www.safinel.fr\/wp-content\/uploads\/2021\/05\/boutique-cosmetique.png\",\"width\":800,\"height\":200,\"caption\":\"Safinel\"},\"image\":{\"@id\":\"https:\/\/www.safinel.fr\/#\/schema\/logo\/image\/\"}}]}<\/script>\n<!-- \/ Yoast SEO plugin. -->","yoast_head_json":{"title":"Caro white | Latte per il corpo con numerosi benefici | 300ml","description":"Una grande sorpresa vi attende nella vostra boutique naturale africana! Vi presentiamo il Caro White.","robots":{"index":"index","follow":"follow","max-snippet":"max-snippet:-1","max-image-preview":"max-image-preview:large","max-video-preview":"max-video-preview:-1"},"canonical":"https:\/\/www.safinel.fr\/it\/prodotto\/caro-white-body-lotion\/","og_locale":"it_IT","og_type":"article","og_title":"Caro white | Lait corporelle aux bienfaits nombreux | 300ml","og_description":"Une surprise de taille vous attend dans votre boutique africaine naturelle ! Faite enfin la rencontre avec le\u00a0Caro White.","og_url":"https:\/\/www.safinel.fr\/it\/prodotto\/caro-white-body-lotion\/","og_site_name":"Safinel","article_modified_time":"2024-05-16T18:46:53+00:00","og_image":[{"width":600,"height":600,"url":"https:\/\/www.safinel.fr\/wp-content\/uploads\/2023\/12\/lait-carowhite.jpg","type":"image\/jpeg"}],"twitter_card":"summary_large_image","twitter_misc":{"Tempo di lettura stimato":"2 minuti"},"schema":{"@context":"https:\/\/schema.org","@graph":[{"@type":"WebPage","@id":"https:\/\/www.safinel.fr\/produit\/lait-corporelle-caro-white\/","url":"https:\/\/www.safinel.fr\/produit\/lait-corporelle-caro-white\/","name":"Caro white | Latte per il corpo con numerosi benefici | 300ml","isPartOf":{"@id":"https:\/\/www.safinel.fr\/#website"},"primaryImageOfPage":{"@id":"https:\/\/www.safinel.fr\/produit\/lait-corporelle-caro-white\/#primaryimage"},"image":{"@id":"https:\/\/www.safinel.fr\/produit\/lait-corporelle-caro-white\/#primaryimage"},"thumbnailUrl":"https:\/\/www.safinel.fr\/wp-content\/uploads\/2023\/12\/lait-carowhite.jpg","datePublished":"2023-12-17T10:06:27+00:00","dateModified":"2024-05-16T18:46:53+00:00","description":"Una grande sorpresa vi attende nella vostra boutique naturale africana! Vi presentiamo il Caro White.","breadcrumb":{"@id":"https:\/\/www.safinel.fr\/produit\/lait-corporelle-caro-white\/#breadcrumb"},"inLanguage":"it-IT","potentialAction":[{"@type":"ReadAction","target":["https:\/\/www.safinel.fr\/produit\/lait-corporelle-caro-white\/"]}]},{"@type":"ImageObject","inLanguage":"it-IT","@id":"https:\/\/www.safinel.fr\/produit\/lait-corporelle-caro-white\/#primaryimage","url":"https:\/\/www.safinel.fr\/wp-content\/uploads\/2023\/12\/lait-carowhite.jpg","contentUrl":"https:\/\/www.safinel.fr\/wp-content\/uploads\/2023\/12\/lait-carowhite.jpg","width":600,"height":600,"caption":"Lait corporelle caro white 300ml"},{"@type":"BreadcrumbList","@id":"https:\/\/www.safinel.fr\/produit\/lait-corporelle-caro-white\/#breadcrumb","itemListElement":[{"@type":"ListItem","position":1,"name":"Accueil","item":"https:\/\/www.safinel.fr\/"},{"@type":"ListItem","position":2,"name":"Boutique","item":"https:\/\/www.safinel.fr\/boutique\/"},{"@type":"ListItem","position":3,"name":"Lait corporelle caro white 300ml"}]},{"@type":"WebSite","@id":"https:\/\/www.safinel.fr\/#website","url":"https:\/\/www.safinel.fr\/","name":"Safinel","description":"","publisher":{"@id":"https:\/\/www.safinel.fr\/#organization"},"potentialAction":[{"@type":"SearchAction","target":{"@type":"EntryPoint","urlTemplate":"https:\/\/www.safinel.fr\/?s={search_term_string}"},"query-input":{"@type":"PropertyValueSpecification","valueRequired":true,"valueName":"search_term_string"}}],"inLanguage":"it-IT"},{"@type":"Organization","@id":"https:\/\/www.safinel.fr\/#organization","name":"Safinel","url":"https:\/\/www.safinel.fr\/","logo":{"@type":"ImageObject","inLanguage":"it-IT","@id":"https:\/\/www.safinel.fr\/#\/schema\/logo\/image\/","url":"https:\/\/www.safinel.fr\/wp-content\/uploads\/2021\/05\/boutique-cosmetique.png","contentUrl":"https:\/\/www.safinel.fr\/wp-content\/uploads\/2021\/05\/boutique-cosmetique.png","width":800,"height":200,"caption":"Safinel"},"image":{"@id":"https:\/\/www.safinel.fr\/#\/schema\/logo\/image\/"}}]}},"_links":{"self":[{"href":"https:\/\/www.safinel.fr\/it\/wp-json\/wp\/v2\/product\/10298","targetHints":{"allow":["GET"]}}],"collection":[{"href":"https:\/\/www.safinel.fr\/it\/wp-json\/wp\/v2\/product"}],"about":[{"href":"https:\/\/www.safinel.fr\/it\/wp-json\/wp\/v2\/types\/product"}],"wp:featuredmedia":[{"embeddable":true,"href":"https:\/\/www.safinel.fr\/it\/wp-json\/wp\/v2\/media\/10294"}],"wp:attachment":[{"href":"https:\/\/www.safinel.fr\/it\/wp-json\/wp\/v2\/media?parent=10298"}],"wp:term":[{"taxonomy":"product_brand","embeddable":true,"href":"https:\/\/www.safinel.fr\/it\/wp-json\/wp\/v2\/product_brand?post=10298"},{"taxonomy":"product_cat","embeddable":true,"href":"https:\/\/www.safinel.fr\/it\/wp-json\/wp\/v2\/product_cat?post=10298"},{"taxonomy":"product_tag","embeddable":true,"href":"https:\/\/www.safinel.fr\/it\/wp-json\/wp\/v2\/product_tag?post=10298"}],"curies":[{"name":"wp","href":"https:\/\/api.w.org\/{rel}","templated":true}]}}