{"id":1028,"date":"2022-04-09T20:38:23","date_gmt":"2022-04-09T20:38:23","guid":{"rendered":"https:\/\/www.safinel.fr\/?post_type=product&#038;p=1028"},"modified":"2024-07-01T13:26:14","modified_gmt":"2024-07-01T13:26:14","slug":"te-africano-della-fertilita","status":"publish","type":"product","link":"https:\/\/www.safinel.fr\/it\/prodotto\/te-africano-della-fertilita\/","title":{"rendered":"Tisana africana della fertilit\u00e0 100g"},"content":{"rendered":"<p>Il nostro\u00a0<strong>T\u00e8 africano della fertilit\u00e0<\/strong>\u00a0\u00e8 un vero colpo di fortuna per chi vuole avere un bambino.<\/p>\n<p>Il percorso per<strong>\u00a0rimanere incinta<\/strong>\u00a0non \u00e8 necessariamente privo di insidie. Per saperne di pi\u00f9\u00a0<strong>infusione naturale,<\/strong>\u00a0e fidarsi della natura.<\/p>\n<h2><strong>La tisana della fertilit\u00e0 africana: una risorsa naturale\u00a0<\/strong><\/h2>\n<p>Questo\u00a0<strong>miscela di piante medicinali\u00a0<\/strong>\u00e8 stato progettato in modo intelligente per aiutare\u00a0<strong>rimanere incinta\u00a0\u00a0<\/strong>rapidamente. Contiene ingredienti di prima scelta con effetti benefici sulla salute, come i frutti a 4 facce, il vetiver, le foglie di djeka e il nepnep.<\/p>\n<p>Scoprite questo\u00a0<strong>infusione per la fertilit\u00e0<\/strong>\u00a0Bustina da 100 g, da consumare ogni giorno per avere le migliori possibilit\u00e0 di successo!<\/p>\n<p>Sappiamo che<strong>\u00a0natura<\/strong>\u00a0ci offrono una serie di virt\u00f9. Soprattutto nel campo della fertilit\u00e0. Troverete prodotti come\u00a0<a href=\"https:\/\/www.safinel.fr\/it\/prodotto\/radici-di-vetiver\/\"><strong>radici di vetiver<\/strong><\/a>\u00a0o anche<strong>\u00a0<a href=\"https:\/\/www.safinel.fr\/it\/prodotto\/rosa-di-gerico-chajarat-mariam\/\">la rosa di Gerico<\/a>.\u00a0<\/strong><\/p>\n<h2><strong>I benefici del t\u00e8 africano della fertilit\u00e0?\u00a0<\/strong><\/h2>\n<p>Questo\u00a0<strong>mix di pi\u00f9 piante<\/strong>\u00a0ha propriet\u00e0 vantaggiose per\u00a0<strong>migliorare la fertilit\u00e0<\/strong>. Ecco perch\u00e9 il vostro specialista di prodotti naturali mette in evidenza questo tesoro.\u00a0<strong>100% naturale<\/strong>\u00a0!<\/p>\n<p>Questa tisana della fertilit\u00e0 per le donne aiuta :<\/p>\n<ul>\n<li>Per aiutare\u00a0<strong>aumentare la fertilit\u00e0\u00a0<\/strong><\/li>\n<li>Benefici per le donne affette da endometriosi<\/li>\n<li>Combatte in modo naturale l'anovulazione (assenza di ovulazione)<\/li>\n<li>Aiuto contro i fibromi uterini<\/li>\n<li>Riduce il rischio di aborto spontaneo<\/li>\n<li>Utile per i tubi ostruiti<\/li>\n<li>Aiuta a facilitare il parto<\/li>\n<\/ul>\n<p><strong>Tuttavia, \u00e8 bene sapere che questo infuso naturale non sostituisce le cure mediche. Non sostituisce nemmeno un controllo medico.\u00a0<\/strong><\/p>\n<p>In caso di\u00a0<strong>problemi di infertilit\u00e0,<\/strong>\u00a0Vi consigliamo di parlarne con il vostro medico. I nostri prodotti possono essere utilizzati come integratori alimentari nel vostro regime medico.<\/p>\n<h3><strong>Istruzioni per l'uso\u00a0<\/strong><\/h3>\n<p>Per coloro che vogliono soccombere a questo<strong>\u00a0miscela naturale<\/strong>, Non potrebbe essere pi\u00f9 semplice! Tutto ci\u00f2 che serve \u00e8 una tazza, dell'acqua calda e questa tisana!<\/p>\n<p>Questo infuso deve essere bevuto due volte al giorno. Ovvero, una volta al mattino e una alla sera.<\/p>\n<p><strong>Precauzioni:\u00a0<\/strong>Non superare il dosaggio consigliato.<\/p>","protected":false},"excerpt":{"rendered":"<p>Nuova confezione, venduta in sacchetti kraft<\/p>","protected":false},"featured_media":1022,"template":"","meta":[],"product_brand":[],"product_cat":[15,19],"product_tag":[],"class_list":{"0":"post-1028","1":"product","2":"type-product","3":"status-publish","4":"has-post-thumbnail","6":"product_cat-fertilite","7":"product_cat-thes-tisanes","9":"first","10":"outofstock","11":"shipping-taxable","12":"purchasable","13":"product-type-simple"},"yoast_head":"<!-- This site is optimized with the Yoast SEO plugin v26.6 - https:\/\/yoast.com\/wordpress\/plugins\/seo\/ -->\n<title>Tisane de fertilit\u00e9 africaine | Infusion 100% naturelle by Safinel.fr<\/title>\n<meta name=\"description\" content=\"Notre\u00a0tisane de fertilit\u00e9 africaine\u00a0est un v\u00e9ritable coup-de-pouce pour celles qui souhaitent avoir un enfant.\u00a0\" \/>\n<meta name=\"robots\" content=\"index, follow, max-snippet:-1, max-image-preview:large, max-video-preview:-1\" \/>\n<link rel=\"canonical\" href=\"https:\/\/www.safinel.fr\/it\/prodotto\/te-africano-della-fertilita\/\" \/>\n<meta property=\"og:locale\" content=\"it_IT\" \/>\n<meta property=\"og:type\" content=\"article\" \/>\n<meta property=\"og:title\" content=\"Tisane de fertilit\u00e9 africaine | Infusion 100% naturelle by Safinel.fr\" \/>\n<meta property=\"og:description\" content=\"Notre\u00a0tisane de fertilit\u00e9 africaine\u00a0est un v\u00e9ritable coup-de-pouce pour celles qui souhaitent avoir un enfant.\u00a0\" \/>\n<meta property=\"og:url\" content=\"https:\/\/www.safinel.fr\/it\/prodotto\/te-africano-della-fertilita\/\" \/>\n<meta property=\"og:site_name\" content=\"Safinel\" \/>\n<meta property=\"article:modified_time\" content=\"2024-07-01T13:26:14+00:00\" \/>\n<meta property=\"og:image\" content=\"https:\/\/www.safinel.fr\/wp-content\/uploads\/2022\/04\/tisane-fertilite-africaine.jpg\" \/>\n\t<meta property=\"og:image:width\" content=\"600\" \/>\n\t<meta property=\"og:image:height\" content=\"600\" \/>\n\t<meta property=\"og:image:type\" content=\"image\/jpeg\" \/>\n<meta name=\"twitter:card\" content=\"summary_large_image\" \/>\n<meta name=\"twitter:label1\" content=\"Tempo di lettura stimato\" \/>\n\t<meta name=\"twitter:data1\" content=\"2 minuti\" \/>\n<script type=\"application\/ld+json\" class=\"yoast-schema-graph\">{\"@context\":\"https:\/\/schema.org\",\"@graph\":[{\"@type\":\"WebPage\",\"@id\":\"https:\/\/www.safinel.fr\/produit\/tisane-de-fertilite-africaine\/\",\"url\":\"https:\/\/www.safinel.fr\/produit\/tisane-de-fertilite-africaine\/\",\"name\":\"Tisane de fertilit\u00e9 africaine | Infusion 100% naturelle by Safinel.fr\",\"isPartOf\":{\"@id\":\"https:\/\/www.safinel.fr\/#website\"},\"primaryImageOfPage\":{\"@id\":\"https:\/\/www.safinel.fr\/produit\/tisane-de-fertilite-africaine\/#primaryimage\"},\"image\":{\"@id\":\"https:\/\/www.safinel.fr\/produit\/tisane-de-fertilite-africaine\/#primaryimage\"},\"thumbnailUrl\":\"https:\/\/www.safinel.fr\/wp-content\/uploads\/2022\/04\/tisane-fertilite-africaine.jpg\",\"datePublished\":\"2022-04-09T20:38:23+00:00\",\"dateModified\":\"2024-07-01T13:26:14+00:00\",\"description\":\"Notre\u00a0tisane de fertilit\u00e9 africaine\u00a0est un v\u00e9ritable coup-de-pouce pour celles qui souhaitent avoir un enfant.\u00a0\",\"breadcrumb\":{\"@id\":\"https:\/\/www.safinel.fr\/produit\/tisane-de-fertilite-africaine\/#breadcrumb\"},\"inLanguage\":\"it-IT\",\"potentialAction\":[{\"@type\":\"ReadAction\",\"target\":[\"https:\/\/www.safinel.fr\/produit\/tisane-de-fertilite-africaine\/\"]}]},{\"@type\":\"ImageObject\",\"inLanguage\":\"it-IT\",\"@id\":\"https:\/\/www.safinel.fr\/produit\/tisane-de-fertilite-africaine\/#primaryimage\",\"url\":\"https:\/\/www.safinel.fr\/wp-content\/uploads\/2022\/04\/tisane-fertilite-africaine.jpg\",\"contentUrl\":\"https:\/\/www.safinel.fr\/wp-content\/uploads\/2022\/04\/tisane-fertilite-africaine.jpg\",\"width\":600,\"height\":600,\"caption\":\"Tisane de fertilit\u00e9 africaine 100g\"},{\"@type\":\"BreadcrumbList\",\"@id\":\"https:\/\/www.safinel.fr\/produit\/tisane-de-fertilite-africaine\/#breadcrumb\",\"itemListElement\":[{\"@type\":\"ListItem\",\"position\":1,\"name\":\"Accueil\",\"item\":\"https:\/\/www.safinel.fr\/\"},{\"@type\":\"ListItem\",\"position\":2,\"name\":\"Boutique\",\"item\":\"https:\/\/www.safinel.fr\/boutique\/\"},{\"@type\":\"ListItem\",\"position\":3,\"name\":\"Tisane de fertilit\u00e9 africaine 100g\"}]},{\"@type\":\"WebSite\",\"@id\":\"https:\/\/www.safinel.fr\/#website\",\"url\":\"https:\/\/www.safinel.fr\/\",\"name\":\"Safinel\",\"description\":\"\",\"publisher\":{\"@id\":\"https:\/\/www.safinel.fr\/#organization\"},\"potentialAction\":[{\"@type\":\"SearchAction\",\"target\":{\"@type\":\"EntryPoint\",\"urlTemplate\":\"https:\/\/www.safinel.fr\/?s={search_term_string}\"},\"query-input\":{\"@type\":\"PropertyValueSpecification\",\"valueRequired\":true,\"valueName\":\"search_term_string\"}}],\"inLanguage\":\"it-IT\"},{\"@type\":\"Organization\",\"@id\":\"https:\/\/www.safinel.fr\/#organization\",\"name\":\"Safinel\",\"url\":\"https:\/\/www.safinel.fr\/\",\"logo\":{\"@type\":\"ImageObject\",\"inLanguage\":\"it-IT\",\"@id\":\"https:\/\/www.safinel.fr\/#\/schema\/logo\/image\/\",\"url\":\"https:\/\/www.safinel.fr\/wp-content\/uploads\/2021\/05\/boutique-cosmetique.png\",\"contentUrl\":\"https:\/\/www.safinel.fr\/wp-content\/uploads\/2021\/05\/boutique-cosmetique.png\",\"width\":800,\"height\":200,\"caption\":\"Safinel\"},\"image\":{\"@id\":\"https:\/\/www.safinel.fr\/#\/schema\/logo\/image\/\"}}]}<\/script>\n<!-- \/ Yoast SEO plugin. -->","yoast_head_json":{"title":"Tisana africana per la fertilit\u00e0 | Infusion 100% naturelle by Safinel.fr","description":"Il nostro t\u00e8 africano per la fertilit\u00e0 \u00e8 una vera e propria spinta per chi desidera avere un bambino.\u00a0","robots":{"index":"index","follow":"follow","max-snippet":"max-snippet:-1","max-image-preview":"max-image-preview:large","max-video-preview":"max-video-preview:-1"},"canonical":"https:\/\/www.safinel.fr\/it\/prodotto\/te-africano-della-fertilita\/","og_locale":"it_IT","og_type":"article","og_title":"Tisane de fertilit\u00e9 africaine | Infusion 100% naturelle by Safinel.fr","og_description":"Notre\u00a0tisane de fertilit\u00e9 africaine\u00a0est un v\u00e9ritable coup-de-pouce pour celles qui souhaitent avoir un enfant.\u00a0","og_url":"https:\/\/www.safinel.fr\/it\/prodotto\/te-africano-della-fertilita\/","og_site_name":"Safinel","article_modified_time":"2024-07-01T13:26:14+00:00","og_image":[{"width":600,"height":600,"url":"https:\/\/www.safinel.fr\/wp-content\/uploads\/2022\/04\/tisane-fertilite-africaine.jpg","type":"image\/jpeg"}],"twitter_card":"summary_large_image","twitter_misc":{"Tempo di lettura stimato":"2 minuti"},"schema":{"@context":"https:\/\/schema.org","@graph":[{"@type":"WebPage","@id":"https:\/\/www.safinel.fr\/produit\/tisane-de-fertilite-africaine\/","url":"https:\/\/www.safinel.fr\/produit\/tisane-de-fertilite-africaine\/","name":"Tisana africana per la fertilit\u00e0 | Infusion 100% naturelle by Safinel.fr","isPartOf":{"@id":"https:\/\/www.safinel.fr\/#website"},"primaryImageOfPage":{"@id":"https:\/\/www.safinel.fr\/produit\/tisane-de-fertilite-africaine\/#primaryimage"},"image":{"@id":"https:\/\/www.safinel.fr\/produit\/tisane-de-fertilite-africaine\/#primaryimage"},"thumbnailUrl":"https:\/\/www.safinel.fr\/wp-content\/uploads\/2022\/04\/tisane-fertilite-africaine.jpg","datePublished":"2022-04-09T20:38:23+00:00","dateModified":"2024-07-01T13:26:14+00:00","description":"Il nostro t\u00e8 africano per la fertilit\u00e0 \u00e8 una vera e propria spinta per chi desidera avere un bambino.\u00a0","breadcrumb":{"@id":"https:\/\/www.safinel.fr\/produit\/tisane-de-fertilite-africaine\/#breadcrumb"},"inLanguage":"it-IT","potentialAction":[{"@type":"ReadAction","target":["https:\/\/www.safinel.fr\/produit\/tisane-de-fertilite-africaine\/"]}]},{"@type":"ImageObject","inLanguage":"it-IT","@id":"https:\/\/www.safinel.fr\/produit\/tisane-de-fertilite-africaine\/#primaryimage","url":"https:\/\/www.safinel.fr\/wp-content\/uploads\/2022\/04\/tisane-fertilite-africaine.jpg","contentUrl":"https:\/\/www.safinel.fr\/wp-content\/uploads\/2022\/04\/tisane-fertilite-africaine.jpg","width":600,"height":600,"caption":"Tisane de fertilit\u00e9 africaine 100g"},{"@type":"BreadcrumbList","@id":"https:\/\/www.safinel.fr\/produit\/tisane-de-fertilite-africaine\/#breadcrumb","itemListElement":[{"@type":"ListItem","position":1,"name":"Accueil","item":"https:\/\/www.safinel.fr\/"},{"@type":"ListItem","position":2,"name":"Boutique","item":"https:\/\/www.safinel.fr\/boutique\/"},{"@type":"ListItem","position":3,"name":"Tisane de fertilit\u00e9 africaine 100g"}]},{"@type":"WebSite","@id":"https:\/\/www.safinel.fr\/#website","url":"https:\/\/www.safinel.fr\/","name":"Safinel","description":"","publisher":{"@id":"https:\/\/www.safinel.fr\/#organization"},"potentialAction":[{"@type":"SearchAction","target":{"@type":"EntryPoint","urlTemplate":"https:\/\/www.safinel.fr\/?s={search_term_string}"},"query-input":{"@type":"PropertyValueSpecification","valueRequired":true,"valueName":"search_term_string"}}],"inLanguage":"it-IT"},{"@type":"Organization","@id":"https:\/\/www.safinel.fr\/#organization","name":"Safinel","url":"https:\/\/www.safinel.fr\/","logo":{"@type":"ImageObject","inLanguage":"it-IT","@id":"https:\/\/www.safinel.fr\/#\/schema\/logo\/image\/","url":"https:\/\/www.safinel.fr\/wp-content\/uploads\/2021\/05\/boutique-cosmetique.png","contentUrl":"https:\/\/www.safinel.fr\/wp-content\/uploads\/2021\/05\/boutique-cosmetique.png","width":800,"height":200,"caption":"Safinel"},"image":{"@id":"https:\/\/www.safinel.fr\/#\/schema\/logo\/image\/"}}]}},"_links":{"self":[{"href":"https:\/\/www.safinel.fr\/it\/wp-json\/wp\/v2\/product\/1028","targetHints":{"allow":["GET"]}}],"collection":[{"href":"https:\/\/www.safinel.fr\/it\/wp-json\/wp\/v2\/product"}],"about":[{"href":"https:\/\/www.safinel.fr\/it\/wp-json\/wp\/v2\/types\/product"}],"wp:featuredmedia":[{"embeddable":true,"href":"https:\/\/www.safinel.fr\/it\/wp-json\/wp\/v2\/media\/1022"}],"wp:attachment":[{"href":"https:\/\/www.safinel.fr\/it\/wp-json\/wp\/v2\/media?parent=1028"}],"wp:term":[{"taxonomy":"product_brand","embeddable":true,"href":"https:\/\/www.safinel.fr\/it\/wp-json\/wp\/v2\/product_brand?post=1028"},{"taxonomy":"product_cat","embeddable":true,"href":"https:\/\/www.safinel.fr\/it\/wp-json\/wp\/v2\/product_cat?post=1028"},{"taxonomy":"product_tag","embeddable":true,"href":"https:\/\/www.safinel.fr\/it\/wp-json\/wp\/v2\/product_tag?post=1028"}],"curies":[{"name":"wp","href":"https:\/\/api.w.org\/{rel}","templated":true}]}}