{"id":102,"date":"2021-06-01T15:26:01","date_gmt":"2021-06-01T15:26:01","guid":{"rendered":"https:\/\/www.safinel.fr\/?post_type=product&#038;p=102"},"modified":"2025-11-11T20:20:31","modified_gmt":"2025-11-11T20:20:31","slug":"polvere-nep","status":"publish","type":"product","link":"https:\/\/www.safinel.fr\/it\/prodotto\/polvere-nep\/","title":{"rendered":"Polvere di Nep"},"content":{"rendered":"<p>La <b>Polvere di Nep<\/b> proviene da un frutto dai molti benefici originario dell'Africa tropicale. Ne avete mai sentito parlare? Certamente, se venite dall'Africa... Per gli altri, nulla \u00e8 cos\u00ec sicuro! Questo magnifico continente trabocca di rimedi naturali. Infatti, la farmacopea africana \u00e8 molto sviluppata!<span class=\"Apple-converted-space\">\u00a0<\/span><\/p>\n<p>I semi di questo frutto sono utilizzati principalmente per produrre un prodotto per l'igiene femminile! Ma non \u00e8 tutto.<span class=\"Apple-converted-space\">\u00a0<\/span><\/p>\n<p>Per il momento, vi presentiamo questo rimedio naturale dalle propriet\u00e0 medicinali: <b>Polvere di Nep<\/b>. E ne siamo orgogliosi!<span class=\"Apple-converted-space\">\u00a0<\/span><\/p>\n<h2><b>Che cos'\u00e8 il Nep in polvere?<\/b><\/h2>\n<p>Fin dalla notte dei tempi, l'uomo ha utilizzato le piante per curarsi. Oggi vedremo il Nep, una pianta poco conosciuta ma dalle virt\u00f9 formidabili.<span class=\"Apple-converted-space\">\u00a0<\/span><\/p>\n<p>Questa pianta tropicale \u00e8 stata utilizzata per secoli soprattutto dalle donne nel continente africano.<\/p>\n<p>Nep Nep \u00e8 il nome tradizionale dato all'Acacia nilotica, conosciuta anche come Acacia nilotica. <b>albero della gomma rossa<\/b>. Questo albero appartiene alla famiglia delle Fabaceae ed \u00e8 originario dell'Africa orientale e dell'Asia occidentale. Si trova soprattutto in Africa occidentale. In particolare in Senegal, dove ha trovato rapidamente un posto come<b> pianta medicinale.<\/b><\/p>\n<p>Va detto che il Nep \u00e8 quasi interamente sfruttabile:<\/p>\n<p>Le sue radici, i suoi rami e la sua corteccia possono essere utilizzati per un buon uso. Ma \u00e8 soprattutto il frutto che ci interessa in questa sede. Il frutto dell'acacia nilotica \u00e8 un baccello virtuoso, allungato, oblungo e appiattito. Contiene piccoli semi, che vengono poi macinati per ottenere la famosa polvere.<span class=\"Apple-converted-space\">\u00a0<\/span><\/p>\n<p>Sul nostro sito web Safinel troverete questo <b>polvere nep<\/b> in bustine da 100 o 200 g, per un rapporto qualit\u00e0-prezzo imbattibile. Inoltre, \u00e8 naturale 100%.<span class=\"Apple-converted-space\">\u00a0<\/span><\/p>\n<h2><b>Nep Nep in polvere, il preferito dalle donne<span class=\"Apple-converted-space\">\u00a0<\/span><\/b><\/h2>\n<p>La <b>polvere nep<\/b> \u00e8 diventato rapidamente un amico delle donne e sta dimostrando di essere <b>utilizzati per l'igiene femminile.<\/b> Ma anche come <b>come afrodisiaco<\/b>.<\/p>\n<p>\u00c8 una pianta medicinale multifunzionale. Ha numerose virt\u00f9, scopriamole insieme:<\/p>\n<ul>\n<li>Aiuta a eliminare i cattivi odori vaginali. Utile anche in caso di perdite bianche anomale e prurito; ;<\/li>\n<li>Le sue propriet\u00e0 antibiotiche e antinfiammatorie lo rendono utile per il trattamento delle ferite genitali; ;<\/li>\n<li>Contribuendo a rassodare la vagina, la nep nep viene generalmente somministrata alle donne dopo il parto; ;<\/li>\n<li>Migliora il piacere sessuale, rendendo le zone erogene molto pi\u00f9 sensibili.<\/li>\n<\/ul>\n<p>La <b>polvere nep <\/b>continuer\u00e0 a sorprendervi...<span class=\"Apple-converted-space\">\u00a0<\/span><\/p>\n<h3><b>Altri usi del Nep in polvere<span class=\"Apple-converted-space\">\u00a0<\/span><\/b><\/h3>\n<p>La <b>polvere nep <\/b>\u00e8 eccezionale e ha molti usi, oltre a quelli gi\u00e0 citati, specifici per le donne:<span class=\"Apple-converted-space\">\u00a0<\/span><\/p>\n<ul>\n<li><b>Acacia nilotica<\/b> aiuta a combattere la dissenteria. Questa malattia provoca diarrea accompagnata da emorragie. Tuttavia, questa malattia pu\u00f2 essere grave, quindi \u00e8 consigliabile consultare il medico in caso di sintomi; ;<\/li>\n<li>Questo <b>integratore alimentare naturale <\/b>pu\u00f2 essere bevuto anche per trattare l'angina, il mal di stomaco e i problemi di stomaco. In realt\u00e0 <b>polvere nep <\/b>contiene sodio, potassio e magnesio; ;<\/li>\n<li>Infine, alcune applicazioni nep nep aiutano a combattere febbri, diabete e malattie della pelle.<\/li>\n<\/ul>\n<p><i>Buono a sapersi: il nep nep \u00e8 tradizionalmente usato in Nigeria e in altri Paesi sahariani per conciare la pelle.<\/i><\/p>\n<h3><b>Nep in polvere e come usarlo<\/b><\/h3>\n<p>Ci sono molti modi diversi di utilizzare questo prodotto<b> Semi africani <\/b>e tutto dipende dall'uso che se ne vuole fare. A questo proposito, vi indichiamo due utilizzi:<span class=\"Apple-converted-space\">\u00a0<\/span><\/p>\n<p>Per iniziare, per la pulizia intima, \u00e8 sufficiente mescolare l'acqua tiepida con il <b>polvere nep<\/b> e utilizzare la combinazione dei due ingredienti per la pulizia intima.<span class=\"Apple-converted-space\">\u00a0<\/span><\/p>\n<p>In caso di diarrea, fate bollire dell'acqua e aggiungete la polvere. Si pu\u00f2 anche aggiungere <a href=\"https:\/\/www.safinel.fr\/it\/prodotto\/radici-di-vetiver\/\"><b>radice di vetiver<\/b><\/a> per effetti spaventosi.<span class=\"Apple-converted-space\">\u00a0 <\/span><\/p>\n<p>\u00c8 necessario berne una tazza ogni mattina a stomaco vuoto. E una tazza ogni sera dopo i pasti. Questo <a href=\"https:\/\/www.safinel.fr\/it\/prodotto\/gambi-di-ciliegio\/\"><b>tisana detox<\/b><\/a> \u00e8 essenziale per rafforzare il sistema immunitario.<\/p>\n<h3><b>Conservazione della polvere di Nep<span class=\"Apple-converted-space\">\u00a0<\/span><\/b><\/h3>\n<p>La <b>Polvere di Nep<\/b> \u00e8 unico perch\u00e9 non \u00e8 deperibile. Per questo motivo pu\u00f2 essere conservato per molto tempo: diversi mesi, persino diversi anni.<span class=\"Apple-converted-space\">\u00a0<\/span><\/p>\n<p>Tuttavia, ci\u00f2 che determina la longevit\u00e0 di questa polvere \u00e8 la sua qualit\u00e0 di conservazione.<\/p>\n<p>Ecco perch\u00e9 vi diamo alcuni consigli su come sfruttarla al meglio e il pi\u00f9 a lungo possibile:<span class=\"Apple-converted-space\">\u00a0<\/span><\/p>\n<ul>\n<li>Innanzitutto, conservatelo al buio: la luce ossida le piante e accelera il processo di invecchiamento della vostra polvere! \u00c8 quindi essenziale conservarla al buio, ad esempio nel cassetto, nell'armadio, ecc.<span class=\"Apple-converted-space\">\u00a0<\/span><\/li>\n<\/ul>\n<ul>\n<li>In secondo luogo, proteggetelo da qualsiasi umidit\u00e0: deve essere conservato in un luogo asciutto e sano.<\/li>\n<\/ul>\n<ul>\n<li>Infine, riponetelo in un barattolo a chiusura ermetica o lasciatelo nella sua bustina originale, avendo cura di chiuderla bene.<span class=\"Apple-converted-space\">\u00a0<\/span><\/li>\n<\/ul>\n<h3><b>Precauzioni<\/b><\/h3>\n<p>Come per qualsiasi altra pianta medicinale, \u00e8 essenziale prendere alcune precauzioni per evitare effetti collaterali. Il Nep nep \u00e8 certamente un <b>medicina naturale, o anche chiamato alicamento.<span class=\"Apple-converted-space\">\u00a0<\/span><\/b><\/p>\n<p>Tuttavia, un eccesso pu\u00f2 avere effetti nocivi sulla salute. Ecco quindi alcune precauzioni da prendere:<\/p>\n<p>Innanzitutto, non sostituisce il trattamento medico. Inoltre, in caso di dubbi medici, \u00e8 necessario consultare il proprio medico.<\/p>\n<p>Infine, \u00e8 importante seguire il dosaggio corretto.<\/p>\n<p>Tenere fuori dalla portata dei bambini.<span class=\"Apple-converted-space\">\u00a0<\/span><\/p>\n<h3><b>Per saperne di pi\u00f9...<span class=\"Apple-converted-space\">\u00a0<\/span><\/b><\/h3>\n<p>Il nostro sito \u00e8 sinonimo di qualit\u00e0 e naturalezza. Infatti, offriamo solo prodotti che corrispondono ai nostri valori di etica e qualit\u00e0. Troverete sicuramente quello che cercate nella nostra ampia selezione di rimedi naturali.<\/p>\n<p>Ad esempio, troverete :<span class=\"Apple-converted-space\">\u00a0<\/span><\/p>\n<ul>\n<li>Le <a href=\"https:\/\/www.safinel.fr\/it\/prodotto\/frutta-4-lati-3-pezzi\/\"><b>Frutta a 4 facce<\/b><\/a> Un potente rimedio per una serie di disturbi e per l'igiene intima.<span class=\"Apple-converted-space\">\u00a0<\/span><\/li>\n<li>Il <b>capsule di unicorno finte <\/b>Una pianta che tonifica l'utero e favorisce la fertilit\u00e0 sia negli uomini che nelle donne.<span class=\"Apple-converted-space\">\u00a0<\/span><\/li>\n<li>E infine <b><a href=\"https:\/\/musc-tahara.com\/cosmetiques\/77-queues-de-cerise-50g.html\" target=\"_blank\" rel=\"noopener\">gambi di ciliegio<\/a>\u00a0<\/b>ottimi alleati per la salute.<span class=\"Apple-converted-space\">\u00a0<\/span><\/li>\n<\/ul>\n<p>La vostra soddisfazione \u00e8 la nostra priorit\u00e0!<span class=\"Apple-converted-space\">\u00a0<\/span><\/p>","protected":false},"excerpt":{"rendered":"<p>La poudre de Nep Nep provient d\u2019un fruit aux nombreux bienfaits originaire des zones d\u2019Afrique tropicale. En avez-vous d\u00e9j\u00e0 entendu parler ? Certainement, si vous venez d\u2019Afrique\u2026 Pour les autres, rien n\u2019est si s\u00fbr ! Ce magnifique continent regorge de rem\u00e8des naturels. De fait, la pharmacop\u00e9e africaine est tr\u00e8s d\u00e9velopp\u00e9e !\u00a0 Les graines de ce [&#8230;]","protected":false},"featured_media":75,"template":"","meta":[],"product_brand":[],"product_cat":[15,109,23,27],"product_tag":[],"class_list":{"0":"post-102","1":"product","2":"type-product","3":"status-publish","4":"has-post-thumbnail","6":"product_cat-fertilite","7":"product_cat-exercice-de-kegel","8":"product_cat-hygiene-feminine","9":"product_cat-plantes-medicinales","11":"first","12":"instock","13":"shipping-taxable","14":"purchasable","15":"product-type-variable"},"yoast_head":"<!-- This site is optimized with the Yoast SEO plugin v26.6 - https:\/\/yoast.com\/wordpress\/plugins\/seo\/ -->\n<title>Poudre de Nep Nep | Poudre africaine Acacia nilotica b\u00e9n\u00e9fique<\/title>\n<meta name=\"description\" content=\"La poudre de Nep Nep provient d\u2019un fruit aux nombreux bienfaits originaire des zones d\u2019Afrique tropicale. En avez-vous d\u00e9j\u00e0 entendu parler ?\" \/>\n<meta name=\"robots\" content=\"index, follow, max-snippet:-1, max-image-preview:large, max-video-preview:-1\" \/>\n<link rel=\"canonical\" href=\"https:\/\/www.safinel.fr\/it\/prodotto\/polvere-nep\/\" \/>\n<meta property=\"og:locale\" content=\"it_IT\" \/>\n<meta property=\"og:type\" content=\"article\" \/>\n<meta property=\"og:title\" content=\"Poudre de Nep Nep | Poudre africaine Acacia nilotica b\u00e9n\u00e9fique\" \/>\n<meta property=\"og:description\" content=\"La poudre de Nep Nep provient d\u2019un fruit aux nombreux bienfaits originaire des zones d\u2019Afrique tropicale. En avez-vous d\u00e9j\u00e0 entendu parler ?\" \/>\n<meta property=\"og:url\" content=\"https:\/\/www.safinel.fr\/it\/prodotto\/polvere-nep\/\" \/>\n<meta property=\"og:site_name\" content=\"Safinel\" \/>\n<meta property=\"article:modified_time\" content=\"2025-11-11T20:20:31+00:00\" \/>\n<meta property=\"og:image\" content=\"https:\/\/www.safinel.fr\/wp-content\/uploads\/2021\/05\/poudre-de-nep-nep-site.jpg\" \/>\n\t<meta property=\"og:image:width\" content=\"307\" \/>\n\t<meta property=\"og:image:height\" content=\"400\" \/>\n\t<meta property=\"og:image:type\" content=\"image\/jpeg\" \/>\n<meta name=\"twitter:card\" content=\"summary_large_image\" \/>\n<meta name=\"twitter:label1\" content=\"Tempo di lettura stimato\" \/>\n\t<meta name=\"twitter:data1\" content=\"5 minuti\" \/>\n<script type=\"application\/ld+json\" class=\"yoast-schema-graph\">{\"@context\":\"https:\/\/schema.org\",\"@graph\":[{\"@type\":\"WebPage\",\"@id\":\"https:\/\/www.safinel.fr\/produit\/poudre-de-nep-nep\/\",\"url\":\"https:\/\/www.safinel.fr\/produit\/poudre-de-nep-nep\/\",\"name\":\"Poudre de Nep Nep | Poudre africaine Acacia nilotica b\u00e9n\u00e9fique\",\"isPartOf\":{\"@id\":\"https:\/\/www.safinel.fr\/#website\"},\"primaryImageOfPage\":{\"@id\":\"https:\/\/www.safinel.fr\/produit\/poudre-de-nep-nep\/#primaryimage\"},\"image\":{\"@id\":\"https:\/\/www.safinel.fr\/produit\/poudre-de-nep-nep\/#primaryimage\"},\"thumbnailUrl\":\"https:\/\/www.safinel.fr\/wp-content\/uploads\/2021\/05\/poudre-de-nep-nep-site.jpg\",\"datePublished\":\"2021-06-01T15:26:01+00:00\",\"dateModified\":\"2025-11-11T20:20:31+00:00\",\"description\":\"La poudre de Nep Nep provient d\u2019un fruit aux nombreux bienfaits originaire des zones d\u2019Afrique tropicale. En avez-vous d\u00e9j\u00e0 entendu parler ?\",\"breadcrumb\":{\"@id\":\"https:\/\/www.safinel.fr\/produit\/poudre-de-nep-nep\/#breadcrumb\"},\"inLanguage\":\"it-IT\",\"potentialAction\":[{\"@type\":\"ReadAction\",\"target\":[\"https:\/\/www.safinel.fr\/produit\/poudre-de-nep-nep\/\"]}]},{\"@type\":\"ImageObject\",\"inLanguage\":\"it-IT\",\"@id\":\"https:\/\/www.safinel.fr\/produit\/poudre-de-nep-nep\/#primaryimage\",\"url\":\"https:\/\/www.safinel.fr\/wp-content\/uploads\/2021\/05\/poudre-de-nep-nep-site.jpg\",\"contentUrl\":\"https:\/\/www.safinel.fr\/wp-content\/uploads\/2021\/05\/poudre-de-nep-nep-site.jpg\",\"width\":307,\"height\":400,\"caption\":\"Poudre de Nep Nep\"},{\"@type\":\"BreadcrumbList\",\"@id\":\"https:\/\/www.safinel.fr\/produit\/poudre-de-nep-nep\/#breadcrumb\",\"itemListElement\":[{\"@type\":\"ListItem\",\"position\":1,\"name\":\"Accueil\",\"item\":\"https:\/\/www.safinel.fr\/\"},{\"@type\":\"ListItem\",\"position\":2,\"name\":\"Boutique\",\"item\":\"https:\/\/www.safinel.fr\/boutique\/\"},{\"@type\":\"ListItem\",\"position\":3,\"name\":\"Poudre de Nep Nep\"}]},{\"@type\":\"WebSite\",\"@id\":\"https:\/\/www.safinel.fr\/#website\",\"url\":\"https:\/\/www.safinel.fr\/\",\"name\":\"Safinel\",\"description\":\"\",\"publisher\":{\"@id\":\"https:\/\/www.safinel.fr\/#organization\"},\"potentialAction\":[{\"@type\":\"SearchAction\",\"target\":{\"@type\":\"EntryPoint\",\"urlTemplate\":\"https:\/\/www.safinel.fr\/?s={search_term_string}\"},\"query-input\":{\"@type\":\"PropertyValueSpecification\",\"valueRequired\":true,\"valueName\":\"search_term_string\"}}],\"inLanguage\":\"it-IT\"},{\"@type\":\"Organization\",\"@id\":\"https:\/\/www.safinel.fr\/#organization\",\"name\":\"Safinel\",\"url\":\"https:\/\/www.safinel.fr\/\",\"logo\":{\"@type\":\"ImageObject\",\"inLanguage\":\"it-IT\",\"@id\":\"https:\/\/www.safinel.fr\/#\/schema\/logo\/image\/\",\"url\":\"https:\/\/www.safinel.fr\/wp-content\/uploads\/2021\/05\/boutique-cosmetique.png\",\"contentUrl\":\"https:\/\/www.safinel.fr\/wp-content\/uploads\/2021\/05\/boutique-cosmetique.png\",\"width\":800,\"height\":200,\"caption\":\"Safinel\"},\"image\":{\"@id\":\"https:\/\/www.safinel.fr\/#\/schema\/logo\/image\/\"}}]}<\/script>\n<!-- \/ Yoast SEO plugin. -->","yoast_head_json":{"title":"Nep in polvere | Acacia nilotica africana benefica in polvere","description":"La polvere di Nep proviene da un frutto dai molti benefici originario dell'Africa tropicale. Ne avete mai sentito parlare?","robots":{"index":"index","follow":"follow","max-snippet":"max-snippet:-1","max-image-preview":"max-image-preview:large","max-video-preview":"max-video-preview:-1"},"canonical":"https:\/\/www.safinel.fr\/it\/prodotto\/polvere-nep\/","og_locale":"it_IT","og_type":"article","og_title":"Poudre de Nep Nep | Poudre africaine Acacia nilotica b\u00e9n\u00e9fique","og_description":"La poudre de Nep Nep provient d\u2019un fruit aux nombreux bienfaits originaire des zones d\u2019Afrique tropicale. En avez-vous d\u00e9j\u00e0 entendu parler ?","og_url":"https:\/\/www.safinel.fr\/it\/prodotto\/polvere-nep\/","og_site_name":"Safinel","article_modified_time":"2025-11-11T20:20:31+00:00","og_image":[{"width":307,"height":400,"url":"https:\/\/www.safinel.fr\/wp-content\/uploads\/2021\/05\/poudre-de-nep-nep-site.jpg","type":"image\/jpeg"}],"twitter_card":"summary_large_image","twitter_misc":{"Tempo di lettura stimato":"5 minuti"},"schema":{"@context":"https:\/\/schema.org","@graph":[{"@type":"WebPage","@id":"https:\/\/www.safinel.fr\/produit\/poudre-de-nep-nep\/","url":"https:\/\/www.safinel.fr\/produit\/poudre-de-nep-nep\/","name":"Nep in polvere | Acacia nilotica africana benefica in polvere","isPartOf":{"@id":"https:\/\/www.safinel.fr\/#website"},"primaryImageOfPage":{"@id":"https:\/\/www.safinel.fr\/produit\/poudre-de-nep-nep\/#primaryimage"},"image":{"@id":"https:\/\/www.safinel.fr\/produit\/poudre-de-nep-nep\/#primaryimage"},"thumbnailUrl":"https:\/\/www.safinel.fr\/wp-content\/uploads\/2021\/05\/poudre-de-nep-nep-site.jpg","datePublished":"2021-06-01T15:26:01+00:00","dateModified":"2025-11-11T20:20:31+00:00","description":"La polvere di Nep proviene da un frutto dai molti benefici originario dell'Africa tropicale. Ne avete mai sentito parlare?","breadcrumb":{"@id":"https:\/\/www.safinel.fr\/produit\/poudre-de-nep-nep\/#breadcrumb"},"inLanguage":"it-IT","potentialAction":[{"@type":"ReadAction","target":["https:\/\/www.safinel.fr\/produit\/poudre-de-nep-nep\/"]}]},{"@type":"ImageObject","inLanguage":"it-IT","@id":"https:\/\/www.safinel.fr\/produit\/poudre-de-nep-nep\/#primaryimage","url":"https:\/\/www.safinel.fr\/wp-content\/uploads\/2021\/05\/poudre-de-nep-nep-site.jpg","contentUrl":"https:\/\/www.safinel.fr\/wp-content\/uploads\/2021\/05\/poudre-de-nep-nep-site.jpg","width":307,"height":400,"caption":"Poudre de Nep Nep"},{"@type":"BreadcrumbList","@id":"https:\/\/www.safinel.fr\/produit\/poudre-de-nep-nep\/#breadcrumb","itemListElement":[{"@type":"ListItem","position":1,"name":"Accueil","item":"https:\/\/www.safinel.fr\/"},{"@type":"ListItem","position":2,"name":"Boutique","item":"https:\/\/www.safinel.fr\/boutique\/"},{"@type":"ListItem","position":3,"name":"Poudre de Nep Nep"}]},{"@type":"WebSite","@id":"https:\/\/www.safinel.fr\/#website","url":"https:\/\/www.safinel.fr\/","name":"Safinel","description":"","publisher":{"@id":"https:\/\/www.safinel.fr\/#organization"},"potentialAction":[{"@type":"SearchAction","target":{"@type":"EntryPoint","urlTemplate":"https:\/\/www.safinel.fr\/?s={search_term_string}"},"query-input":{"@type":"PropertyValueSpecification","valueRequired":true,"valueName":"search_term_string"}}],"inLanguage":"it-IT"},{"@type":"Organization","@id":"https:\/\/www.safinel.fr\/#organization","name":"Safinel","url":"https:\/\/www.safinel.fr\/","logo":{"@type":"ImageObject","inLanguage":"it-IT","@id":"https:\/\/www.safinel.fr\/#\/schema\/logo\/image\/","url":"https:\/\/www.safinel.fr\/wp-content\/uploads\/2021\/05\/boutique-cosmetique.png","contentUrl":"https:\/\/www.safinel.fr\/wp-content\/uploads\/2021\/05\/boutique-cosmetique.png","width":800,"height":200,"caption":"Safinel"},"image":{"@id":"https:\/\/www.safinel.fr\/#\/schema\/logo\/image\/"}}]}},"_links":{"self":[{"href":"https:\/\/www.safinel.fr\/it\/wp-json\/wp\/v2\/product\/102","targetHints":{"allow":["GET"]}}],"collection":[{"href":"https:\/\/www.safinel.fr\/it\/wp-json\/wp\/v2\/product"}],"about":[{"href":"https:\/\/www.safinel.fr\/it\/wp-json\/wp\/v2\/types\/product"}],"wp:featuredmedia":[{"embeddable":true,"href":"https:\/\/www.safinel.fr\/it\/wp-json\/wp\/v2\/media\/75"}],"wp:attachment":[{"href":"https:\/\/www.safinel.fr\/it\/wp-json\/wp\/v2\/media?parent=102"}],"wp:term":[{"taxonomy":"product_brand","embeddable":true,"href":"https:\/\/www.safinel.fr\/it\/wp-json\/wp\/v2\/product_brand?post=102"},{"taxonomy":"product_cat","embeddable":true,"href":"https:\/\/www.safinel.fr\/it\/wp-json\/wp\/v2\/product_cat?post=102"},{"taxonomy":"product_tag","embeddable":true,"href":"https:\/\/www.safinel.fr\/it\/wp-json\/wp\/v2\/product_tag?post=102"}],"curies":[{"name":"wp","href":"https:\/\/api.w.org\/{rel}","templated":true}]}}