{"id":10199,"date":"2023-12-12T08:55:38","date_gmt":"2023-12-12T08:55:38","guid":{"rendered":"https:\/\/www.safinel.fr\/?post_type=product&#038;p=10199"},"modified":"2026-01-05T20:32:21","modified_gmt":"2026-01-05T20:32:21","slug":"fieno-greco-e-olio-di-akpi","status":"publish","type":"product","link":"https:\/\/www.safinel.fr\/it\/prodotto\/fieno-greco-e-olio-di-akpi\/","title":{"rendered":"Olio di fieno greco e Akpi 120g - El Hikma"},"content":{"rendered":"<p>Scoprite l'olio di fieno greco e di akpi del marchio\u00a0<strong>El Hikma\u00a0<\/strong>! Un concentrato di trattamento biologico rinomato per i suoi numerosi benefici sulla pelle. Utilizzato da secoli per le sue propriet\u00e0 rassodanti, questo olio \u00e8 apprezzato per i suoi effetti sull'aspetto fisico.<\/p>\n<p>Scoprite l'origine, i benefici e le migliori pratiche per utilizzare quest'olio al massimo delle sue potenzialit\u00e0.<\/p>\n<h2><strong>L'origine del fieno greco e dell'olio di akpi<\/strong><\/h2>\n<p>L'olio di fieno greco e di akpi si ricava dalle seguenti piante\u00a0<a href=\"https:\/\/www.safinel.fr\/it\/prodotto\/akpi-en-graine\/\"><strong>Semi di akpi<\/strong><\/a>\u00a0e fieno greco, piante tradizionalmente coltivate in Africa occidentale. I semi vengono spremuti a freddo per estrarre un olio puro e non raffinato. Tutte le loro propriet\u00e0 benefiche per la pelle sono preservate.<\/p>\n<p>Se anche voi volete rassodare i vostri glutei e il vostro seno, questo potrebbe essere l'olio che fa per voi!<\/p>\n<h2><strong>I numerosi benefici del fieno greco e dell'olio di akpi<\/strong><\/h2>\n<p>Quest'olio \u00e8 rinomato per i suoi numerosi benefici, non ultimo la capacit\u00e0 di rassodare la pelle. Grazie alla sua\u00a0<strong>propriet\u00e0 tonificanti<\/strong>, \u00c8 ideale per migliorare l'aspetto della pelle.\u00a0<strong>seni e glutei<\/strong>. Inoltre, \u00e8 ricco di nutrienti essenziali come acidi grassi e vitamine, che lo rendono un prezioso alleato per nutrire e idratare la pelle in profondit\u00e0.<\/p>\n<h3><strong>Ma come si usa questo olio?<\/strong><\/h3>\n<p>Per trarre il massimo vantaggio da\u00a0<strong>Benefici dell'olio di fieno greco\u00a0<\/strong>e akpi :<\/p>\n<p>Va applicato con leggeri movimenti circolari di massaggio sulla pelle pulita, preferibilmente dopo la doccia. Inoltre, per ottenere risultati ottimali, si consiglia di utilizzarlo regolarmente, seguendo le istruzioni fornite dal marchio.<\/p>\n<p>In conclusione, questo olio \u00e8 un\u00a0<strong>prodotto naturale<\/strong>\u00a0apprezzata per le sue propriet\u00e0 cosmetiche. Integrandola nella vostra routine di cura della pelle, potrete godere dei benefici ancestrali di queste due piante per una pelle visibilmente pi\u00f9 tonica e luminosa.<\/p>","protected":false},"excerpt":{"rendered":"<p><img decoding=\"async\" class=\"size-full wp-image-5091 aligncenter\" src=\"https:\/\/www.safinel.fr\/wp-content\/uploads\/2021\/06\/BANNIERE-ICONE-SAFINEL.webp\" alt=\"riassicurazione satine\" width=\"800\" height=\"200\" srcset=\"https:\/\/www.safinel.fr\/wp-content\/uploads\/2021\/06\/BANNIERE-ICONE-SAFINEL.webp 800w, https:\/\/www.safinel.fr\/wp-content\/uploads\/2021\/06\/BANNIERE-ICONE-SAFINEL-600x150.webp 600w, https:\/\/www.safinel.fr\/wp-content\/uploads\/2021\/06\/BANNIERE-ICONE-SAFINEL-768x192.webp 768w\" sizes=\"(max-width: 800px) 100vw, 800px\" \/><\/p>","protected":false},"featured_media":10200,"template":"","meta":[],"product_brand":[],"product_cat":[122],"product_tag":[],"class_list":{"0":"post-10199","1":"product","2":"type-product","3":"status-publish","4":"has-post-thumbnail","6":"product_cat-huile-vegetale","8":"first","9":"outofstock","10":"shipping-taxable","11":"purchasable","12":"product-type-simple"},"yoast_head":"<!-- This site is optimized with the Yoast SEO plugin v26.6 - https:\/\/yoast.com\/wordpress\/plugins\/seo\/ -->\n<title>Huile de fenugrec et akpi | Bienfaits nombreux | El Hikma<\/title>\n<meta name=\"description\" content=\"D\u00e9couvrez enfin l&#039;huile de fenugrec et akpi de la marque\u00a0El Hikma\u00a0! Un concentr\u00e9 de soin bio r\u00e9put\u00e9 pour ses nombreux bienfaits sur la peau.\" \/>\n<meta name=\"robots\" content=\"index, follow, max-snippet:-1, max-image-preview:large, max-video-preview:-1\" \/>\n<link rel=\"canonical\" href=\"https:\/\/www.safinel.fr\/it\/prodotto\/fieno-greco-e-olio-di-akpi\/\" \/>\n<meta property=\"og:locale\" content=\"it_IT\" \/>\n<meta property=\"og:type\" content=\"article\" \/>\n<meta property=\"og:title\" content=\"Huile de fenugrec et akpi | Bienfaits nombreux | El Hikma\" \/>\n<meta property=\"og:description\" content=\"D\u00e9couvrez enfin l&#039;huile de fenugrec et akpi de la marque\u00a0El Hikma\u00a0! Un concentr\u00e9 de soin bio r\u00e9put\u00e9 pour ses nombreux bienfaits sur la peau.\" \/>\n<meta property=\"og:url\" content=\"https:\/\/www.safinel.fr\/it\/prodotto\/fieno-greco-e-olio-di-akpi\/\" \/>\n<meta property=\"og:site_name\" content=\"Safinel\" \/>\n<meta property=\"article:modified_time\" content=\"2026-01-05T20:32:21+00:00\" \/>\n<meta property=\"og:image\" content=\"https:\/\/www.safinel.fr\/wp-content\/uploads\/2023\/12\/huile-de-fenugrec-et-akpi.jpg\" \/>\n\t<meta property=\"og:image:width\" content=\"600\" \/>\n\t<meta property=\"og:image:height\" content=\"600\" \/>\n\t<meta property=\"og:image:type\" content=\"image\/jpeg\" \/>\n<meta name=\"twitter:card\" content=\"summary_large_image\" \/>\n<meta name=\"twitter:label1\" content=\"Tempo di lettura stimato\" \/>\n\t<meta name=\"twitter:data1\" content=\"2 minuti\" \/>\n<script type=\"application\/ld+json\" class=\"yoast-schema-graph\">{\"@context\":\"https:\/\/schema.org\",\"@graph\":[{\"@type\":\"WebPage\",\"@id\":\"https:\/\/www.safinel.fr\/produit\/huile-de-fenugrec-et-akpi\/\",\"url\":\"https:\/\/www.safinel.fr\/produit\/huile-de-fenugrec-et-akpi\/\",\"name\":\"Huile de fenugrec et akpi | Bienfaits nombreux | El Hikma\",\"isPartOf\":{\"@id\":\"https:\/\/www.safinel.fr\/#website\"},\"primaryImageOfPage\":{\"@id\":\"https:\/\/www.safinel.fr\/produit\/huile-de-fenugrec-et-akpi\/#primaryimage\"},\"image\":{\"@id\":\"https:\/\/www.safinel.fr\/produit\/huile-de-fenugrec-et-akpi\/#primaryimage\"},\"thumbnailUrl\":\"https:\/\/www.safinel.fr\/wp-content\/uploads\/2023\/12\/huile-de-fenugrec-et-akpi.jpg\",\"datePublished\":\"2023-12-12T08:55:38+00:00\",\"dateModified\":\"2026-01-05T20:32:21+00:00\",\"description\":\"D\u00e9couvrez enfin l'huile de fenugrec et akpi de la marque\u00a0El Hikma\u00a0! Un concentr\u00e9 de soin bio r\u00e9put\u00e9 pour ses nombreux bienfaits sur la peau.\",\"breadcrumb\":{\"@id\":\"https:\/\/www.safinel.fr\/produit\/huile-de-fenugrec-et-akpi\/#breadcrumb\"},\"inLanguage\":\"it-IT\",\"potentialAction\":[{\"@type\":\"ReadAction\",\"target\":[\"https:\/\/www.safinel.fr\/produit\/huile-de-fenugrec-et-akpi\/\"]}]},{\"@type\":\"ImageObject\",\"inLanguage\":\"it-IT\",\"@id\":\"https:\/\/www.safinel.fr\/produit\/huile-de-fenugrec-et-akpi\/#primaryimage\",\"url\":\"https:\/\/www.safinel.fr\/wp-content\/uploads\/2023\/12\/huile-de-fenugrec-et-akpi.jpg\",\"contentUrl\":\"https:\/\/www.safinel.fr\/wp-content\/uploads\/2023\/12\/huile-de-fenugrec-et-akpi.jpg\",\"width\":600,\"height\":600,\"caption\":\"Huile de fenugrec et akpi 150g - El Hikma\"},{\"@type\":\"BreadcrumbList\",\"@id\":\"https:\/\/www.safinel.fr\/produit\/huile-de-fenugrec-et-akpi\/#breadcrumb\",\"itemListElement\":[{\"@type\":\"ListItem\",\"position\":1,\"name\":\"Accueil\",\"item\":\"https:\/\/www.safinel.fr\/\"},{\"@type\":\"ListItem\",\"position\":2,\"name\":\"Boutique\",\"item\":\"https:\/\/www.safinel.fr\/boutique\/\"},{\"@type\":\"ListItem\",\"position\":3,\"name\":\"Huile de fenugrec et akpi 120g &#8211; El Hikma\"}]},{\"@type\":\"WebSite\",\"@id\":\"https:\/\/www.safinel.fr\/#website\",\"url\":\"https:\/\/www.safinel.fr\/\",\"name\":\"Safinel\",\"description\":\"\",\"publisher\":{\"@id\":\"https:\/\/www.safinel.fr\/#organization\"},\"potentialAction\":[{\"@type\":\"SearchAction\",\"target\":{\"@type\":\"EntryPoint\",\"urlTemplate\":\"https:\/\/www.safinel.fr\/?s={search_term_string}\"},\"query-input\":{\"@type\":\"PropertyValueSpecification\",\"valueRequired\":true,\"valueName\":\"search_term_string\"}}],\"inLanguage\":\"it-IT\"},{\"@type\":\"Organization\",\"@id\":\"https:\/\/www.safinel.fr\/#organization\",\"name\":\"Safinel\",\"url\":\"https:\/\/www.safinel.fr\/\",\"logo\":{\"@type\":\"ImageObject\",\"inLanguage\":\"it-IT\",\"@id\":\"https:\/\/www.safinel.fr\/#\/schema\/logo\/image\/\",\"url\":\"https:\/\/www.safinel.fr\/wp-content\/uploads\/2021\/05\/boutique-cosmetique.png\",\"contentUrl\":\"https:\/\/www.safinel.fr\/wp-content\/uploads\/2021\/05\/boutique-cosmetique.png\",\"width\":800,\"height\":200,\"caption\":\"Safinel\"},\"image\":{\"@id\":\"https:\/\/www.safinel.fr\/#\/schema\/logo\/image\/\"}}]}<\/script>\n<!-- \/ Yoast SEO plugin. -->","yoast_head_json":{"title":"Olio di fieno greco e akpi | Benefici in abbondanza | El Hikma","description":"Scoprite l'olio di fieno greco e di akpi di El Hikma! Un concentrato di prodotti biologici rinomato per i suoi numerosi benefici per la pelle.","robots":{"index":"index","follow":"follow","max-snippet":"max-snippet:-1","max-image-preview":"max-image-preview:large","max-video-preview":"max-video-preview:-1"},"canonical":"https:\/\/www.safinel.fr\/it\/prodotto\/fieno-greco-e-olio-di-akpi\/","og_locale":"it_IT","og_type":"article","og_title":"Huile de fenugrec et akpi | Bienfaits nombreux | El Hikma","og_description":"D\u00e9couvrez enfin l'huile de fenugrec et akpi de la marque\u00a0El Hikma\u00a0! Un concentr\u00e9 de soin bio r\u00e9put\u00e9 pour ses nombreux bienfaits sur la peau.","og_url":"https:\/\/www.safinel.fr\/it\/prodotto\/fieno-greco-e-olio-di-akpi\/","og_site_name":"Safinel","article_modified_time":"2026-01-05T20:32:21+00:00","og_image":[{"width":600,"height":600,"url":"https:\/\/www.safinel.fr\/wp-content\/uploads\/2023\/12\/huile-de-fenugrec-et-akpi.jpg","type":"image\/jpeg"}],"twitter_card":"summary_large_image","twitter_misc":{"Tempo di lettura stimato":"2 minuti"},"schema":{"@context":"https:\/\/schema.org","@graph":[{"@type":"WebPage","@id":"https:\/\/www.safinel.fr\/produit\/huile-de-fenugrec-et-akpi\/","url":"https:\/\/www.safinel.fr\/produit\/huile-de-fenugrec-et-akpi\/","name":"Olio di fieno greco e akpi | Benefici in abbondanza | El Hikma","isPartOf":{"@id":"https:\/\/www.safinel.fr\/#website"},"primaryImageOfPage":{"@id":"https:\/\/www.safinel.fr\/produit\/huile-de-fenugrec-et-akpi\/#primaryimage"},"image":{"@id":"https:\/\/www.safinel.fr\/produit\/huile-de-fenugrec-et-akpi\/#primaryimage"},"thumbnailUrl":"https:\/\/www.safinel.fr\/wp-content\/uploads\/2023\/12\/huile-de-fenugrec-et-akpi.jpg","datePublished":"2023-12-12T08:55:38+00:00","dateModified":"2026-01-05T20:32:21+00:00","description":"Scoprite l'olio di fieno greco e di akpi di El Hikma! Un concentrato di prodotti biologici rinomato per i suoi numerosi benefici per la pelle.","breadcrumb":{"@id":"https:\/\/www.safinel.fr\/produit\/huile-de-fenugrec-et-akpi\/#breadcrumb"},"inLanguage":"it-IT","potentialAction":[{"@type":"ReadAction","target":["https:\/\/www.safinel.fr\/produit\/huile-de-fenugrec-et-akpi\/"]}]},{"@type":"ImageObject","inLanguage":"it-IT","@id":"https:\/\/www.safinel.fr\/produit\/huile-de-fenugrec-et-akpi\/#primaryimage","url":"https:\/\/www.safinel.fr\/wp-content\/uploads\/2023\/12\/huile-de-fenugrec-et-akpi.jpg","contentUrl":"https:\/\/www.safinel.fr\/wp-content\/uploads\/2023\/12\/huile-de-fenugrec-et-akpi.jpg","width":600,"height":600,"caption":"Huile de fenugrec et akpi 150g - El Hikma"},{"@type":"BreadcrumbList","@id":"https:\/\/www.safinel.fr\/produit\/huile-de-fenugrec-et-akpi\/#breadcrumb","itemListElement":[{"@type":"ListItem","position":1,"name":"Accueil","item":"https:\/\/www.safinel.fr\/"},{"@type":"ListItem","position":2,"name":"Boutique","item":"https:\/\/www.safinel.fr\/boutique\/"},{"@type":"ListItem","position":3,"name":"Huile de fenugrec et akpi 120g &#8211; El Hikma"}]},{"@type":"WebSite","@id":"https:\/\/www.safinel.fr\/#website","url":"https:\/\/www.safinel.fr\/","name":"Safinel","description":"","publisher":{"@id":"https:\/\/www.safinel.fr\/#organization"},"potentialAction":[{"@type":"SearchAction","target":{"@type":"EntryPoint","urlTemplate":"https:\/\/www.safinel.fr\/?s={search_term_string}"},"query-input":{"@type":"PropertyValueSpecification","valueRequired":true,"valueName":"search_term_string"}}],"inLanguage":"it-IT"},{"@type":"Organization","@id":"https:\/\/www.safinel.fr\/#organization","name":"Safinel","url":"https:\/\/www.safinel.fr\/","logo":{"@type":"ImageObject","inLanguage":"it-IT","@id":"https:\/\/www.safinel.fr\/#\/schema\/logo\/image\/","url":"https:\/\/www.safinel.fr\/wp-content\/uploads\/2021\/05\/boutique-cosmetique.png","contentUrl":"https:\/\/www.safinel.fr\/wp-content\/uploads\/2021\/05\/boutique-cosmetique.png","width":800,"height":200,"caption":"Safinel"},"image":{"@id":"https:\/\/www.safinel.fr\/#\/schema\/logo\/image\/"}}]}},"_links":{"self":[{"href":"https:\/\/www.safinel.fr\/it\/wp-json\/wp\/v2\/product\/10199","targetHints":{"allow":["GET"]}}],"collection":[{"href":"https:\/\/www.safinel.fr\/it\/wp-json\/wp\/v2\/product"}],"about":[{"href":"https:\/\/www.safinel.fr\/it\/wp-json\/wp\/v2\/types\/product"}],"wp:featuredmedia":[{"embeddable":true,"href":"https:\/\/www.safinel.fr\/it\/wp-json\/wp\/v2\/media\/10200"}],"wp:attachment":[{"href":"https:\/\/www.safinel.fr\/it\/wp-json\/wp\/v2\/media?parent=10199"}],"wp:term":[{"taxonomy":"product_brand","embeddable":true,"href":"https:\/\/www.safinel.fr\/it\/wp-json\/wp\/v2\/product_brand?post=10199"},{"taxonomy":"product_cat","embeddable":true,"href":"https:\/\/www.safinel.fr\/it\/wp-json\/wp\/v2\/product_cat?post=10199"},{"taxonomy":"product_tag","embeddable":true,"href":"https:\/\/www.safinel.fr\/it\/wp-json\/wp\/v2\/product_tag?post=10199"}],"curies":[{"name":"wp","href":"https:\/\/api.w.org\/{rel}","templated":true}]}}