{"id":985,"date":"2022-03-25T18:18:14","date_gmt":"2022-03-25T18:18:14","guid":{"rendered":"https:\/\/www.safinel.fr\/?page_id=985"},"modified":"2022-03-25T18:20:12","modified_gmt":"2022-03-25T18:20:12","slug":"treccia-africana","status":"publish","type":"page","link":"https:\/\/www.safinel.fr\/it\/treccia-africana\/","title":{"rendered":"Come realizzare una treccia africana da donna"},"content":{"rendered":"<h1 class=\"wp-block-heading\">Come realizzare una treccia africana da donna<\/h1>\n\n\n\n<p><strong>Treccia africana<\/strong>, incollato o&nbsp;<strong>trecce africane<\/strong>&nbsp;in inglese, questo&nbsp;<strong>nuova acconciatura<\/strong>&nbsp;\u00e8 la moda del momento. \u00c8 una treccia etnica che fa parte della nostra vita quotidiana e si abbina a ogni look.<\/p>\n\n\n\n<p>Partiamo quindi alla scoperta<strong>&nbsp;come realizzare una treccia africana da donna<\/strong>. Un'acconciatura bella e pratica!&nbsp;<\/p>\n\n\n\n<h2 class=\"wp-block-heading\" id=\"h-un-peu-d-histoire-sur-la-tresse-africaine\"><strong>Un po' di storia della treccia africana&nbsp;<\/strong><\/h2>\n\n\n\n<p>Oggi, il&nbsp;<strong>Tappeto africano&nbsp;<\/strong>\u00e8 considerato un<strong>&nbsp;estetica per parrucchieri<\/strong>&nbsp;di nessun interesse particolare. Eppure, solo pochi anni fa, questa acconciatura era una delle pi\u00f9 popolari.&nbsp;<strong>elemento fondamentale&nbsp;<\/strong>nel&nbsp;<strong>cultura&nbsp;<\/strong>del continente.&nbsp;<\/p>\n\n\n\n<p>In realt\u00e0, questa acconciatura era profondamente radicata nel&nbsp;<strong>valori tradizionali africani<\/strong>&nbsp;e venivano usati come mezzo di espressione. La cultura africana ci insegna che i capelli erano uno strumento per i nostri antenati. Ma cosa significa? In altre parole, i nostri antenati scolpivano, intrecciavano, decoravano e usavano i capelli per trasmettere un messaggio.&nbsp;<\/p>\n\n\n\n<p>Sono stati quindi il loro ingegno e la loro creativit\u00e0 fuori dal comune a permettere loro di realizzare<strong>&nbsp;intreccio<\/strong>&nbsp;dei capelli. Cosa rende questo&nbsp;<strong>acconciatura&nbsp;<\/strong>uno dei principali&nbsp;<strong>Patrimonio socio-culturale africano<\/strong>.<\/p>\n\n\n\n<p>Scoprite il simbolo di espressione che \u00e8 il&nbsp;<strong>Treccia africana<\/strong>.&nbsp;<\/p>\n\n\n\n<h2 class=\"wp-block-heading\"><strong>La treccia africana \u00e8 adatta a tutti?&nbsp;<\/strong><\/h2>\n\n\n\n<p>La&nbsp;<strong>Treccia africana&nbsp;<\/strong>vince un&nbsp;<strong>grande successo<\/strong>&nbsp;da diversi anni. Soprattutto in estate, quando i capelli possono essere splendidamente intrecciati e legati. In questo modo si pu\u00f2 tenere il viso libero, il che \u00e8 particolarmente utile quando fa caldo o si fa sport. Ma anche quando si vuole semplicemente tenere i capelli legati con un'acconciatura originale.&nbsp;<\/p>\n\n\n\n<p>In pratica, il&nbsp;<strong>Tappeto africano<\/strong>&nbsp;adatto per&nbsp;<strong>tutte le donne<\/strong>, Con poche sfumature. Questa acconciatura richiede una lunghezza minima. Per esempio, sui capelli lunghi fino alle spalle.&nbsp;<\/p>\n\n\n\n<p>Tuttavia, questa soluzione \u00e8 pi\u00f9 pratica sui capelli lunghi. Potete anche divertirvi a rifinire la vostra acconciatura con uno chignon basso, facendo <strong><a href=\"https:\/\/www.msdmanuals.com\/fr\/accueil\/troubles-du-cerveau,-de-la-moelle-%C3%A9pini%C3%A8re-et-des-nerfs\/troubles-de-la-moelle-%C3%A9pini%C3%A8re\/syndrome-de-la-queue-de-cheval\" target=\"_blank\" rel=\"noreferrer noopener\">coda di cavallo<\/a><\/strong>, e cos\u00ec via. Con questa base \u00e8 possibile realizzare qualsiasi acconciatura!<\/p>\n\n\n\n<p>Quindi, se avete i capelli corti e volete farli crescere in lunghe trecce africane, provate il metodo\u2019<strong><a href=\"https:\/\/www.safinel.fr\/it\/prodotto\/olio-di-kigelia-africana\/\">olio di kigelia africana<\/a><\/strong>. Non rimarrete delusi da questo elisir dai molteplici benefici.&nbsp;<\/p>\n\n\n\n<p>Vale la pena notare che tutti i tipi di capelli possono adottare la treccia africana. Dai capelli spessi e ricci a quelli fini, questa treccia da donna \u00e8 di sicuro effetto. Per non parlare del fatto che si tratta di una&nbsp;<strong>acconciatura protettiva&nbsp;<\/strong>Ideale per la notte!&nbsp;<\/p>\n\n\n\n<p>Infine, grazie a questo nuovo taglio di capelli, potrete aggiungere un tocco di eleganza alla vostra casa.&nbsp;<strong>sollievo<\/strong>&nbsp;ai capelli.&nbsp;<\/p>\n\n\n\n<h2 class=\"wp-block-heading\"><strong>Tutti i nostri consigli per prepararsi<\/strong><\/h2>\n\n\n\n<p>Per avere le migliori possibilit\u00e0 di successo, dovrete&nbsp;<strong>essere equipaggiati<\/strong>.<\/p>\n\n\n\n<p>Innanzitutto, \u00e8 necessaria una spazzola rotonda, ideale per districare i capelli. Poi, \u00e8 necessario un pettine a coda a punta fine per separare le ciocche che si desidera intrecciare.<\/p>\n\n\n\n<p>Se i vostri capelli sono spessi e ricci, potete usare la cera. Applicatela sulle ciocche prima dell'intreccio e per attenuare il crespo.&nbsp;<\/p>\n\n\n\n<p>D'altra parte, se avete i capelli fini, c'\u00e8 il rischio che li appesantisca, quindi \u00e8 meglio evitare di usarlo. Esistono tuttavia delle alternative, come uno spray all'acqua termale o un trattamento volumizzante da spruzzare sui capelli. In questo modo la separazione sar\u00e0 pi\u00f9 facile senza rendere i capelli grassi.&nbsp;<\/p>\n\n\n\n<p>Infine, per finalizzare il&nbsp;<strong>Treccia africana<\/strong>, Avrete bisogno di elastici. Gli elastici sono ideali perch\u00e9 sono piccoli e non danneggiano i capelli.&nbsp;<\/p>\n\n\n\n<p>Ora che avete tutti gli accessori necessari per realizzare la vostra treccia africana, non vi resta che iniziare.&nbsp;<\/p>\n\n\n\n<h2 class=\"wp-block-heading\"><strong>Come si realizza una treccia africana da donna?<\/strong><\/h2>\n\n\n\n<p>Per il successo del vostro&nbsp;<strong>Tappeto africano<\/strong>, Avrete bisogno di pazienza e tecnica. Vi spieghiamo tutto quello che dovete sapere:&nbsp;<\/p>\n\n\n\n<ul class=\"wp-block-list\"><li>Per prima cosa, prendete una ciocca di capelli dalla sommit\u00e0 del capo, pi\u00f9 vicina alle radici, seguendo la linea mediana del viso.&nbsp;<\/li><li>In secondo luogo, separare la ciocca in tre parti. Poi aggiungete della cera o dell'acqua spray a seconda del vostro tipo di capelli e, ad ogni separazione, applicate il prodotto sulla ciocca.&nbsp;<\/li><li>Quindi passare i fili uno sotto l'altro.&nbsp;<\/li><li>Aggiungete una ciocca per unirla alle altre e continuate fino alla nuca.&nbsp;<\/li><li>Infine, una volta intrecciati tutti i capelli, aggiungete un elastico.&nbsp;<\/li><\/ul>\n\n\n\n<p>Inoltre, se si vuole&nbsp;<strong>diverse stuoie africane<\/strong>, Ecco come fare:<\/p>\n\n\n\n<ul class=\"wp-block-list\"><li>Separare la sommit\u00e0 del capo in tre ciocche uguali.&nbsp;<\/li><li>Quindi iniziare con la treccia al centro, sulla sommit\u00e0 del capo.<\/li><li>Infine, una volta terminato l'intreccio, legare e ripetere l'operazione sulle altre separazioni.&nbsp;<\/li><\/ul>\n\n\n\n<p>Questa tecnica di intreccio africana \u00e8<strong>&nbsp;semplice&nbsp;<\/strong>e&nbsp;<strong>veloce<\/strong>. \u00c8 sufficiente seguire i passaggi dettagliati e poi fare un po' di pratica per capire come funziona.&nbsp;<\/p>\n\n\n\n<p>Non resta che provare!<\/p>\n\n\n\n<h3 class=\"wp-block-heading\"><strong>Alcuni consigli di bellezza&nbsp;<\/strong><\/h3>\n\n\n\n<p>Ora che ne sapete di pi\u00f9 su&nbsp;<strong>Treccia africana per le donne<\/strong>, Vediamo alcuni consigli di bellezza.&nbsp;<\/p>\n\n\n\n<ul class=\"wp-block-list\"><li>Se avete i capelli chiari, la vostra treccia sar\u00e0 particolarmente bella, perch\u00e9 c'\u00e8 un contrasto tra le radici e le lunghezze. Questo aggiunge&nbsp;<strong>Rilievo dello stile<\/strong>. Tuttavia, se i vostri capelli sono molto castani e uniformi, potete beneficiare di questo sollievo. Per farlo, si possono utilizzare prodotti per lo styling che conferiscono lucentezza ai capelli.&nbsp;<\/li><li>Per evitare di mescolare le ciocche e tenerle a posto, i fermagli a granchio sono l'ideale. Non esitate ad acquistarle.&nbsp;<\/li><li>Se non vi sentite a vostro agio, non esitate a fare pratica guardando dei video. Sono disponibili molti tutorial.&nbsp;<\/li><li>Un altro trucco \u00e8 quello di non rendere il vostro&nbsp;<strong>Treccia africana<\/strong>&nbsp;subito dopo lo shampoo. \u00c8 meglio aspettare fino al giorno successivo o due. I capelli scivoleranno meglio e la treccia terr\u00e0 meglio.<\/li><li>Un ultimo consiglio: se volete mantenere le trecce per diversi giorni, fatele molto strette.&nbsp;<\/li><\/ul>\n\n\n\n<p>Perci\u00f2 non aspettate oltre e adottate questo&nbsp;<strong>acconciatura di tendenza<\/strong>&nbsp;!&nbsp;<\/p>","protected":false},"excerpt":{"rendered":"<p>Comment faire une tresse africaine pour femme Tresse africaine, coll\u00e9e ou encore&nbsp;african braids&nbsp;en anglais, cette&nbsp;nouvelle coiffure&nbsp;est \u00e0 la mode du moment. Une tresse ethnique qui s\u2019invite dans notre quotidien et s\u2019adapte \u00e0 tous les looks. De ce fait, partons \u00e0 la d\u00e9couverte de&nbsp;comment faire une tresse africaine pour femme. Une coiffure jolie et pratique !&nbsp; [&#8230;]","protected":false},"author":1,"featured_media":0,"parent":0,"menu_order":0,"comment_status":"closed","ping_status":"closed","template":"","meta":{"footnotes":""},"class_list":["post-985","page","type-page","status-publish","hentry"],"yoast_head":"<!-- This site is optimized with the Yoast SEO plugin v26.6 - https:\/\/yoast.com\/wordpress\/plugins\/seo\/ -->\n<title>Tresse africaine I D\u00e9couvrez nos astuces en quelques clics<\/title>\n<meta name=\"description\" content=\"Tresse africaine, coll\u00e9e ou encore\u00a0african braids\u00a0en anglais, cette\u00a0nouvelle coiffure\u00a0est \u00e0 la mode du moment. D\u00e9couvrez-l\u00e0 !\" \/>\n<meta name=\"robots\" content=\"index, follow, max-snippet:-1, max-image-preview:large, max-video-preview:-1\" \/>\n<link rel=\"canonical\" href=\"https:\/\/www.safinel.fr\/it\/treccia-africana\/\" \/>\n<meta property=\"og:locale\" content=\"it_IT\" \/>\n<meta property=\"og:type\" content=\"article\" \/>\n<meta property=\"og:title\" content=\"Tresse africaine I D\u00e9couvrez nos astuces en quelques clics\" \/>\n<meta property=\"og:description\" content=\"Tresse africaine, coll\u00e9e ou encore\u00a0african braids\u00a0en anglais, cette\u00a0nouvelle coiffure\u00a0est \u00e0 la mode du moment. D\u00e9couvrez-l\u00e0 !\" \/>\n<meta property=\"og:url\" content=\"https:\/\/www.safinel.fr\/it\/treccia-africana\/\" \/>\n<meta property=\"og:site_name\" content=\"Safinel\" \/>\n<meta property=\"article:modified_time\" content=\"2022-03-25T18:20:12+00:00\" \/>\n<meta name=\"twitter:card\" content=\"summary_large_image\" \/>\n<meta name=\"twitter:label1\" content=\"Tempo di lettura stimato\" \/>\n\t<meta name=\"twitter:data1\" content=\"6 minuti\" \/>\n<script type=\"application\/ld+json\" class=\"yoast-schema-graph\">{\"@context\":\"https:\/\/schema.org\",\"@graph\":[{\"@type\":\"WebPage\",\"@id\":\"https:\/\/www.safinel.fr\/tresse-africaine\/\",\"url\":\"https:\/\/www.safinel.fr\/tresse-africaine\/\",\"name\":\"Tresse africaine I D\u00e9couvrez nos astuces en quelques clics\",\"isPartOf\":{\"@id\":\"https:\/\/www.safinel.fr\/#website\"},\"datePublished\":\"2022-03-25T18:18:14+00:00\",\"dateModified\":\"2022-03-25T18:20:12+00:00\",\"description\":\"Tresse africaine, coll\u00e9e ou encore\u00a0african braids\u00a0en anglais, cette\u00a0nouvelle coiffure\u00a0est \u00e0 la mode du moment. D\u00e9couvrez-l\u00e0 !\",\"breadcrumb\":{\"@id\":\"https:\/\/www.safinel.fr\/tresse-africaine\/#breadcrumb\"},\"inLanguage\":\"it-IT\",\"potentialAction\":[{\"@type\":\"ReadAction\",\"target\":[\"https:\/\/www.safinel.fr\/tresse-africaine\/\"]}]},{\"@type\":\"BreadcrumbList\",\"@id\":\"https:\/\/www.safinel.fr\/tresse-africaine\/#breadcrumb\",\"itemListElement\":[{\"@type\":\"ListItem\",\"position\":1,\"name\":\"Accueil\",\"item\":\"https:\/\/www.safinel.fr\/\"},{\"@type\":\"ListItem\",\"position\":2,\"name\":\"Comment faire une tresse africaine pour femme\"}]},{\"@type\":\"WebSite\",\"@id\":\"https:\/\/www.safinel.fr\/#website\",\"url\":\"https:\/\/www.safinel.fr\/\",\"name\":\"Safinel\",\"description\":\"\",\"publisher\":{\"@id\":\"https:\/\/www.safinel.fr\/#organization\"},\"potentialAction\":[{\"@type\":\"SearchAction\",\"target\":{\"@type\":\"EntryPoint\",\"urlTemplate\":\"https:\/\/www.safinel.fr\/?s={search_term_string}\"},\"query-input\":{\"@type\":\"PropertyValueSpecification\",\"valueRequired\":true,\"valueName\":\"search_term_string\"}}],\"inLanguage\":\"it-IT\"},{\"@type\":\"Organization\",\"@id\":\"https:\/\/www.safinel.fr\/#organization\",\"name\":\"Safinel\",\"url\":\"https:\/\/www.safinel.fr\/\",\"logo\":{\"@type\":\"ImageObject\",\"inLanguage\":\"it-IT\",\"@id\":\"https:\/\/www.safinel.fr\/#\/schema\/logo\/image\/\",\"url\":\"https:\/\/www.safinel.fr\/wp-content\/uploads\/2021\/05\/boutique-cosmetique.png\",\"contentUrl\":\"https:\/\/www.safinel.fr\/wp-content\/uploads\/2021\/05\/boutique-cosmetique.png\",\"width\":800,\"height\":200,\"caption\":\"Safinel\"},\"image\":{\"@id\":\"https:\/\/www.safinel.fr\/#\/schema\/logo\/image\/\"}}]}<\/script>\n<!-- \/ Yoast SEO plugin. -->","yoast_head_json":{"title":"Treccia africana I Scopri i nostri consigli in pochi clic","description":"Trecce africane, trecce legate o trecce africane in inglese, questa nuova acconciatura \u00e8 di gran moda in questo momento. Guardatela!","robots":{"index":"index","follow":"follow","max-snippet":"max-snippet:-1","max-image-preview":"max-image-preview:large","max-video-preview":"max-video-preview:-1"},"canonical":"https:\/\/www.safinel.fr\/it\/treccia-africana\/","og_locale":"it_IT","og_type":"article","og_title":"Tresse africaine I D\u00e9couvrez nos astuces en quelques clics","og_description":"Tresse africaine, coll\u00e9e ou encore\u00a0african braids\u00a0en anglais, cette\u00a0nouvelle coiffure\u00a0est \u00e0 la mode du moment. D\u00e9couvrez-l\u00e0 !","og_url":"https:\/\/www.safinel.fr\/it\/treccia-africana\/","og_site_name":"Safinel","article_modified_time":"2022-03-25T18:20:12+00:00","twitter_card":"summary_large_image","twitter_misc":{"Tempo di lettura stimato":"6 minuti"},"schema":{"@context":"https:\/\/schema.org","@graph":[{"@type":"WebPage","@id":"https:\/\/www.safinel.fr\/tresse-africaine\/","url":"https:\/\/www.safinel.fr\/tresse-africaine\/","name":"Treccia africana I Scopri i nostri consigli in pochi clic","isPartOf":{"@id":"https:\/\/www.safinel.fr\/#website"},"datePublished":"2022-03-25T18:18:14+00:00","dateModified":"2022-03-25T18:20:12+00:00","description":"Trecce africane, trecce legate o trecce africane in inglese, questa nuova acconciatura \u00e8 di gran moda in questo momento. Guardatela!","breadcrumb":{"@id":"https:\/\/www.safinel.fr\/tresse-africaine\/#breadcrumb"},"inLanguage":"it-IT","potentialAction":[{"@type":"ReadAction","target":["https:\/\/www.safinel.fr\/tresse-africaine\/"]}]},{"@type":"BreadcrumbList","@id":"https:\/\/www.safinel.fr\/tresse-africaine\/#breadcrumb","itemListElement":[{"@type":"ListItem","position":1,"name":"Accueil","item":"https:\/\/www.safinel.fr\/"},{"@type":"ListItem","position":2,"name":"Comment faire une tresse africaine pour femme"}]},{"@type":"WebSite","@id":"https:\/\/www.safinel.fr\/#website","url":"https:\/\/www.safinel.fr\/","name":"Safinel","description":"","publisher":{"@id":"https:\/\/www.safinel.fr\/#organization"},"potentialAction":[{"@type":"SearchAction","target":{"@type":"EntryPoint","urlTemplate":"https:\/\/www.safinel.fr\/?s={search_term_string}"},"query-input":{"@type":"PropertyValueSpecification","valueRequired":true,"valueName":"search_term_string"}}],"inLanguage":"it-IT"},{"@type":"Organization","@id":"https:\/\/www.safinel.fr\/#organization","name":"Safinel","url":"https:\/\/www.safinel.fr\/","logo":{"@type":"ImageObject","inLanguage":"it-IT","@id":"https:\/\/www.safinel.fr\/#\/schema\/logo\/image\/","url":"https:\/\/www.safinel.fr\/wp-content\/uploads\/2021\/05\/boutique-cosmetique.png","contentUrl":"https:\/\/www.safinel.fr\/wp-content\/uploads\/2021\/05\/boutique-cosmetique.png","width":800,"height":200,"caption":"Safinel"},"image":{"@id":"https:\/\/www.safinel.fr\/#\/schema\/logo\/image\/"}}]}},"_links":{"self":[{"href":"https:\/\/www.safinel.fr\/it\/wp-json\/wp\/v2\/pages\/985","targetHints":{"allow":["GET"]}}],"collection":[{"href":"https:\/\/www.safinel.fr\/it\/wp-json\/wp\/v2\/pages"}],"about":[{"href":"https:\/\/www.safinel.fr\/it\/wp-json\/wp\/v2\/types\/page"}],"author":[{"embeddable":true,"href":"https:\/\/www.safinel.fr\/it\/wp-json\/wp\/v2\/users\/1"}],"replies":[{"embeddable":true,"href":"https:\/\/www.safinel.fr\/it\/wp-json\/wp\/v2\/comments?post=985"}],"version-history":[{"count":2,"href":"https:\/\/www.safinel.fr\/it\/wp-json\/wp\/v2\/pages\/985\/revisions"}],"predecessor-version":[{"id":987,"href":"https:\/\/www.safinel.fr\/it\/wp-json\/wp\/v2\/pages\/985\/revisions\/987"}],"wp:attachment":[{"href":"https:\/\/www.safinel.fr\/it\/wp-json\/wp\/v2\/media?parent=985"}],"curies":[{"name":"wp","href":"https:\/\/api.w.org\/{rel}","templated":true}]}}