{"id":981,"date":"2022-03-25T17:30:54","date_gmt":"2022-03-25T17:30:54","guid":{"rendered":"https:\/\/www.safinel.fr\/?page_id=981"},"modified":"2022-03-25T17:30:57","modified_gmt":"2022-03-25T17:30:57","slug":"piatto-africano","status":"publish","type":"page","link":"https:\/\/www.safinel.fr\/it\/piatto-africano\/","title":{"rendered":"I 3 migliori piatti africani"},"content":{"rendered":"<p>Colori e spezie con sapori che fanno venire voglia di viaggiare? La cucina africana vi far\u00e0 senza dubbio soccombere a questi irresistibili aromi che risvegliano le papille gustative! Profumi che delizieranno anche le vostre papille gustative!\u00a0<strong>cucine<\/strong>\u00a0! Il\u2019<strong>Africa<\/strong>\u00a0\u00e8 un continente ricco di piatti, uno pi\u00f9 delizioso dell'altro. Tra i piatti africani pi\u00f9 conosciuti vi sono\u00a0<strong>cuscus<\/strong>, il\u00a0<strong>maf\u00e9<\/strong>, il\u00a0<strong>yassa<\/strong>, l\u2019<strong>atti\u00e9k\u00e9<\/strong>, il\u00a0<strong>ndol\u00e9<\/strong>, il\u00a0<strong>tajine<\/strong>\u00a0e molti altri... Piatti che ci fanno venire l'acquolina in bocca... Tra questi abbiamo stabilito la nostra\u00a0<strong>I 3 migliori piatti africani!<\/strong>\u00a0<\/p>\n\n\n\n<p>Senza ulteriori indugi, scoprite la nostra selezione!<\/p>\n\n\n\n<h2 class=\"wp-block-heading\" id=\"h-top-3-des-meilleurs-plats-africains-en-1-re-position-le-yassa\"><strong>I 3 migliori piatti africani: al primo posto c'\u00e8 yassa!&nbsp;<\/strong><\/h2>\n\n\n\n<p>La yassa \u00e8 un piatto africano che ha avuto origine nel\u00a0<strong>Senegal<\/strong>. Il suo gusto per\u2019<strong>cipolle caramellate\u00a0<\/strong>e gli aromi che riempiono la cucina durante la preparazione ci fanno sciogliere dal piacere...\u00a0<\/p>\n\n\n\n<p>\u00c8 sicuramente il primo dei nostri 3 migliori piatti africani. \u00c8 un pasto a base di&nbsp;<strong>pollo,<\/strong>&nbsp;ma c'\u00e8 anche un&nbsp;<strong>pesce<\/strong>&nbsp;e&nbsp;<strong>carne<\/strong>.&nbsp;<\/p>\n\n\n\n<p>Molto apprezzato in tutto il mondo\u2019<strong>Africa occidentale,&nbsp;<\/strong>\u00c8 un piatto semplice da preparare. Tutto ci\u00f2 che serve per prepararlo sono ingredienti semplici ed economici.&nbsp;<\/p>\n\n\n\n<p>Di solito \u00e8 accompagnata da un\u00a0<strong><a href=\"https:\/\/www.safinel.fr\/it\/prodotto\/il-riso-si-rompe-2-volte\/\">riso bianco<\/a>\u00a0<\/strong>che insaporisce meravigliosamente. E tutto questo grazie agli ingredienti principali, che includono\u00a0<strong>senape,<\/strong>\u00a0il\u00a0<strong>limone<\/strong>, il\u00a0<strong>cipolle<\/strong>\u00a0e\u00a0<strong>foglie di alloro<\/strong>.\u00a0<\/p>\n\n\n\n<p>Questo \u00e8 il piatto che dovete assolutamente provare! Soprattutto se vi piace la combinazione di dolce e salato, vi piacer\u00e0 sicuramente!<\/p>\n\n\n\n<h2 class=\"wp-block-heading\"><strong>Al secondo posto della nostra top 3 dei migliori piatti africani, il pollo DG!<\/strong><\/h2>\n\n\n\n<p>Pollo DG o\u00a0<strong>direttore generale pollo<\/strong>\u00a0ha un nome che ci fa sorridere la prima volta che lo sentiamo... Ma s\u00ec, \u00e8 un piatto del\u00a0<strong>Gastronomia camerunese<\/strong>\u00a0! E non per ultimo! \u00c8 addirittura un piatto d'onore al\u00a0<strong><a href=\"https:\/\/fr.wikipedia.org\/wiki\/Cameroun\">Camerun<\/a><\/strong>\u00a0!<\/p>\n\n\n\n<p>Prende il nome dal fatto che un tempo era destinato ai VIP. In particolare agli amministratori delegati.&nbsp;<\/p>\n\n\n\n<p>Questo&nbsp;<strong>stufato<\/strong>&nbsp;servito come&nbsp;<strong>pasto veloce<\/strong>&nbsp;per gli abitanti dei quartieri commerciali.&nbsp;<\/p>\n\n\n\n<p>La sua composizione, ricca di&nbsp;<strong>verdure<\/strong>&nbsp;lo rende un&nbsp;<strong>piatto molto sostanzioso<\/strong>&nbsp;e&nbsp;<strong>alta qualit\u00e0 nutrizionale<\/strong>. I suoi componenti principali sono&nbsp;<strong>pollo<\/strong>, di&nbsp;<strong>piantaggine<\/strong>&nbsp;e un'ampia variet\u00e0 di verdure, tra cui :<\/p>\n\n\n\n<ul class=\"wp-block-list\"><li>Carote ;<\/li><li>Fagiolini ;<\/li><li>Peperoni ;<\/li><li>Cipolle ;<\/li><li>Pomodori ;<\/li><li>Porri ;<\/li><li>ecc...<\/li><\/ul>\n\n\n\n<p>A&nbsp;<strong>associazione di sapori&nbsp;<\/strong>che d\u00e0 vita a uno stufato dal sapore cos\u00ec delizioso che ci leccheremo i piatti! Quindi il nostro pollo stellato ha un posto di diritto nella nostra top 3 dei migliori piatti africani!<\/p>\n\n\n\n<h2 class=\"wp-block-heading\"><strong>Thi\u00e9boudienne il piatto africano al numero 3!<\/strong><\/h2>\n\n\n\n<p>Le&nbsp;<strong>ti\u00e9boudienne<\/strong>,&nbsp;<strong>tiep<\/strong>&nbsp;o&nbsp;<strong>tieb bou dienne<\/strong>, \u00e8 il piatto senegalese per eccellenza e il pasto nazionale del Paese! Come potremmo stilare una top 3 dei migliori piatti africani senza includerlo?&nbsp;<\/p>\n\n\n\n<p>Esistono due varianti principali di questo piatto: la&nbsp;<strong>pesce ladro&nbsp;<\/strong>e il&nbsp;<strong>con carne<\/strong>. Tuttavia, entrambi sono molto popolari in Senegal, nei paesi limitrofi e persino in tutto il mondo!<\/p>\n\n\n\n<p>Il thieb \u00e8 composto da&nbsp;<strong>riso<\/strong>, di&nbsp;<strong>salsa di pomodoro<\/strong>, di&nbsp;<strong>verdure<\/strong>&nbsp;e&nbsp;<strong>pesce<\/strong>&nbsp;(o carne). Molti&nbsp;<strong>erbe aromatiche<\/strong>&nbsp;vengono aggiunti a ciascun ingrediente per conferire un sapore ineguagliabile. Una vera delizia per le papille gustative!&nbsp;<\/p>\n\n\n\n<p>Il thieb \u00e8 composto da&nbsp;<strong>cavolo<\/strong>, di&nbsp;<strong>carote<\/strong>, di&nbsp;<strong>manioca<\/strong>, d\u2019<strong>melanzane<\/strong>, d\u2019<strong>cipolle<\/strong>, di&nbsp;<strong>peperoncini,<\/strong>&nbsp;In genere i senegalesi aggiungono tutte le verdure che hanno a disposizione. Quindi pi\u00f9 verdure ci sono nel thieb, pi\u00f9 sar\u00e0 gustoso.&nbsp;<strong>intenso e gustoso<\/strong>.<\/p>\n\n\n\n<h2 class=\"wp-block-heading\"><strong>Ricetta del pollo yassa, un piatto africano da scoprire!<\/strong><\/h2>\n\n\n\n<p>Visto che siamo gentili, non vi lasceremo senza condividere la ricetta del numero 1 del nostro&nbsp;<strong>I 3 migliori piatti africani<\/strong>&nbsp;!<\/p>\n\n\n\n<h3 class=\"wp-block-heading\"><strong>Ingredienti per 4 persone per questo piatto africano:<\/strong><\/h3>\n\n\n\n<ul class=\"wp-block-list\"><li>1 kg di pezzi di pollo ;<\/li><li>6 cipolle, affettate finemente ;<\/li><li>200 ml di succo di limone ;<\/li><li>150 ml di olio vegetale neutro;<\/li><li>3 cucchiai abbondanti di senape ;<\/li><li>4 spicchi d'aglio tritati ;<\/li><li>3 foglie di alloro ;<\/li><li>\u00bd bicchiere di brodo di pollo o vegetale ;&nbsp;<\/li><li>150 g di olive verdi ;<\/li><li>Sale ;<\/li><li>Pepe.<\/li><\/ul>\n\n\n\n<p>A scelta, si pu\u00f2 aggiungere anche del peperoncino per esaltare ulteriormente il sapore degli ingredienti. Visita\u00a0<strong><a href=\"https:\/\/www.safinel.fr\/it\/prodotto\/peperoncino-vegetariano\/\">peperoncino vegetariano<\/a><\/strong>\u00a0ad esempio, pu\u00f2 essere aggiunto alla preparazione.<\/p>\n\n\n\n<h3 class=\"wp-block-heading\"><strong>Preparazione :<\/strong><\/h3>\n\n\n\n<ol class=\"wp-block-list\"><li>Per prima cosa, mettere il pollo in una grande insalatiera. Salare e pepare, quindi aggiungere le cipolle affettate. Mettere da parte.<\/li><li>Poi, in una ciotola grande, mescolate il succo di limone, l'olio, la senape e l'aglio. Aggiungete questa marinata alla ciotola del pollo e delle cipolle. Aggiungete anche le foglie di alloro. Lasciate marinare per circa un'ora. Idealmente, per\u00f2, si dovrebbe<strong>&nbsp;preparare il giorno prima o il giorno dopo.<\/strong><\/li><li>Una volta che il pollo \u00e8 stato marinato, separarlo dal resto della preparazione. In una padella profonda, rosolare i pezzi di pollo da entrambi i lati a fuoco vivo, quindi metterli da parte.<\/li><li>Nella stessa padella, fare&nbsp;<strong>caramellare le cipolle<\/strong>&nbsp;(che hanno precedentemente marinato con il pollo). Mescolate di tanto in tanto finch\u00e9 non si ammorbidiscono e assumono un bel colore dorato.<\/li><li>Deglassare il composto aggiungendo il brodo (vegetale o di pollo). Mescolare il tutto e aggiungere i pezzi di pollo. Infine, mescolare ancora per amalgamare i sapori. Coprire il composto e cuocere per circa 20 minuti a fuoco medio-basso.<\/li><li>Infine, girate i polli e fate cuocere a fuoco lento per circa 10 minuti. Aggiungete le olive negli ultimi 5 minuti, proprio alla fine della cottura. In questo modo si eviter\u00e0 di farle sanguinare troppo e di rovinare il sapore del piatto.<\/li><\/ol>\n\n\n\n<p>Ed ecco il vostro&nbsp;<strong>pollo yassa<\/strong>&nbsp;\u00e8 pronto. Buon appetito!<\/p>\n\n\n\n<p>Quali sono i vostri 3 migliori piatti africani?<\/p>","protected":false},"excerpt":{"rendered":"<p>Colori e spezie con sapori che fanno venire voglia di viaggiare? La cucina africana vi far\u00e0 senza dubbio soccombere a questi irresistibili aromi che risvegliano le papille gustative! Profumi che delizieranno anche la vostra cucina! L'Africa \u00e8 un continente ricco di piatti, uno pi\u00f9 delizioso dell'altro.","protected":false},"author":1,"featured_media":0,"parent":0,"menu_order":0,"comment_status":"closed","ping_status":"closed","template":"","meta":{"footnotes":""},"class_list":["post-981","page","type-page","status-publish","hentry"],"yoast_head":"<!-- This site is optimized with the Yoast SEO plugin v26.6 - https:\/\/yoast.com\/wordpress\/plugins\/seo\/ -->\n<title>Plat africain I D\u00e9couvrez notre top 3 des meilleurs plats africains\u00a0!\u00a0<\/title>\n<meta name=\"description\" content=\"La cuisine de plat africain vous fera sans doute succomber pour ces irr\u00e9sistibles ar\u00f4mes qui \u00e9veillent les papilles\u00a0!\" \/>\n<meta name=\"robots\" content=\"index, follow, max-snippet:-1, max-image-preview:large, max-video-preview:-1\" \/>\n<link rel=\"canonical\" href=\"https:\/\/www.safinel.fr\/it\/piatto-africano\/\" \/>\n<meta property=\"og:locale\" content=\"it_IT\" \/>\n<meta property=\"og:type\" content=\"article\" \/>\n<meta property=\"og:title\" content=\"Plat africain I D\u00e9couvrez notre top 3 des meilleurs plats africains\u00a0!\u00a0\" \/>\n<meta property=\"og:description\" content=\"La cuisine de plat africain vous fera sans doute succomber pour ces irr\u00e9sistibles ar\u00f4mes qui \u00e9veillent les papilles\u00a0!\" \/>\n<meta property=\"og:url\" content=\"https:\/\/www.safinel.fr\/it\/piatto-africano\/\" \/>\n<meta property=\"og:site_name\" content=\"Safinel\" \/>\n<meta property=\"article:modified_time\" content=\"2022-03-25T17:30:57+00:00\" \/>\n<meta name=\"twitter:card\" content=\"summary_large_image\" \/>\n<meta name=\"twitter:label1\" content=\"Tempo di lettura stimato\" \/>\n\t<meta name=\"twitter:data1\" content=\"6 minuti\" \/>\n<script type=\"application\/ld+json\" class=\"yoast-schema-graph\">{\"@context\":\"https:\/\/schema.org\",\"@graph\":[{\"@type\":\"WebPage\",\"@id\":\"https:\/\/www.safinel.fr\/plat-africain\/\",\"url\":\"https:\/\/www.safinel.fr\/plat-africain\/\",\"name\":\"Plat africain I D\u00e9couvrez notre top 3 des meilleurs plats africains\u00a0!\u00a0\",\"isPartOf\":{\"@id\":\"https:\/\/www.safinel.fr\/#website\"},\"datePublished\":\"2022-03-25T17:30:54+00:00\",\"dateModified\":\"2022-03-25T17:30:57+00:00\",\"description\":\"La cuisine de plat africain vous fera sans doute succomber pour ces irr\u00e9sistibles ar\u00f4mes qui \u00e9veillent les papilles\u00a0!\",\"breadcrumb\":{\"@id\":\"https:\/\/www.safinel.fr\/plat-africain\/#breadcrumb\"},\"inLanguage\":\"it-IT\",\"potentialAction\":[{\"@type\":\"ReadAction\",\"target\":[\"https:\/\/www.safinel.fr\/plat-africain\/\"]}]},{\"@type\":\"BreadcrumbList\",\"@id\":\"https:\/\/www.safinel.fr\/plat-africain\/#breadcrumb\",\"itemListElement\":[{\"@type\":\"ListItem\",\"position\":1,\"name\":\"Accueil\",\"item\":\"https:\/\/www.safinel.fr\/\"},{\"@type\":\"ListItem\",\"position\":2,\"name\":\"Top 3 des meilleurs plats africains\"}]},{\"@type\":\"WebSite\",\"@id\":\"https:\/\/www.safinel.fr\/#website\",\"url\":\"https:\/\/www.safinel.fr\/\",\"name\":\"Safinel\",\"description\":\"\",\"publisher\":{\"@id\":\"https:\/\/www.safinel.fr\/#organization\"},\"potentialAction\":[{\"@type\":\"SearchAction\",\"target\":{\"@type\":\"EntryPoint\",\"urlTemplate\":\"https:\/\/www.safinel.fr\/?s={search_term_string}\"},\"query-input\":{\"@type\":\"PropertyValueSpecification\",\"valueRequired\":true,\"valueName\":\"search_term_string\"}}],\"inLanguage\":\"it-IT\"},{\"@type\":\"Organization\",\"@id\":\"https:\/\/www.safinel.fr\/#organization\",\"name\":\"Safinel\",\"url\":\"https:\/\/www.safinel.fr\/\",\"logo\":{\"@type\":\"ImageObject\",\"inLanguage\":\"it-IT\",\"@id\":\"https:\/\/www.safinel.fr\/#\/schema\/logo\/image\/\",\"url\":\"https:\/\/www.safinel.fr\/wp-content\/uploads\/2021\/05\/boutique-cosmetique.png\",\"contentUrl\":\"https:\/\/www.safinel.fr\/wp-content\/uploads\/2021\/05\/boutique-cosmetique.png\",\"width\":800,\"height\":200,\"caption\":\"Safinel\"},\"image\":{\"@id\":\"https:\/\/www.safinel.fr\/#\/schema\/logo\/image\/\"}}]}<\/script>\n<!-- \/ Yoast SEO plugin. -->","yoast_head_json":{"title":"Piatto africano I Scoprite i nostri 3 migliori piatti africani!\u00a0","description":"Vi innamorerete sicuramente degli irresistibili aromi della cucina africana che stuzzicheranno le vostre papille gustative!","robots":{"index":"index","follow":"follow","max-snippet":"max-snippet:-1","max-image-preview":"max-image-preview:large","max-video-preview":"max-video-preview:-1"},"canonical":"https:\/\/www.safinel.fr\/it\/piatto-africano\/","og_locale":"it_IT","og_type":"article","og_title":"Plat africain I D\u00e9couvrez notre top 3 des meilleurs plats africains\u00a0!\u00a0","og_description":"La cuisine de plat africain vous fera sans doute succomber pour ces irr\u00e9sistibles ar\u00f4mes qui \u00e9veillent les papilles\u00a0!","og_url":"https:\/\/www.safinel.fr\/it\/piatto-africano\/","og_site_name":"Safinel","article_modified_time":"2022-03-25T17:30:57+00:00","twitter_card":"summary_large_image","twitter_misc":{"Tempo di lettura stimato":"6 minuti"},"schema":{"@context":"https:\/\/schema.org","@graph":[{"@type":"WebPage","@id":"https:\/\/www.safinel.fr\/plat-africain\/","url":"https:\/\/www.safinel.fr\/plat-africain\/","name":"Piatto africano I Scoprite i nostri 3 migliori piatti africani!\u00a0","isPartOf":{"@id":"https:\/\/www.safinel.fr\/#website"},"datePublished":"2022-03-25T17:30:54+00:00","dateModified":"2022-03-25T17:30:57+00:00","description":"Vi innamorerete sicuramente degli irresistibili aromi della cucina africana che stuzzicheranno le vostre papille gustative!","breadcrumb":{"@id":"https:\/\/www.safinel.fr\/plat-africain\/#breadcrumb"},"inLanguage":"it-IT","potentialAction":[{"@type":"ReadAction","target":["https:\/\/www.safinel.fr\/plat-africain\/"]}]},{"@type":"BreadcrumbList","@id":"https:\/\/www.safinel.fr\/plat-africain\/#breadcrumb","itemListElement":[{"@type":"ListItem","position":1,"name":"Accueil","item":"https:\/\/www.safinel.fr\/"},{"@type":"ListItem","position":2,"name":"Top 3 des meilleurs plats africains"}]},{"@type":"WebSite","@id":"https:\/\/www.safinel.fr\/#website","url":"https:\/\/www.safinel.fr\/","name":"Safinel","description":"","publisher":{"@id":"https:\/\/www.safinel.fr\/#organization"},"potentialAction":[{"@type":"SearchAction","target":{"@type":"EntryPoint","urlTemplate":"https:\/\/www.safinel.fr\/?s={search_term_string}"},"query-input":{"@type":"PropertyValueSpecification","valueRequired":true,"valueName":"search_term_string"}}],"inLanguage":"it-IT"},{"@type":"Organization","@id":"https:\/\/www.safinel.fr\/#organization","name":"Safinel","url":"https:\/\/www.safinel.fr\/","logo":{"@type":"ImageObject","inLanguage":"it-IT","@id":"https:\/\/www.safinel.fr\/#\/schema\/logo\/image\/","url":"https:\/\/www.safinel.fr\/wp-content\/uploads\/2021\/05\/boutique-cosmetique.png","contentUrl":"https:\/\/www.safinel.fr\/wp-content\/uploads\/2021\/05\/boutique-cosmetique.png","width":800,"height":200,"caption":"Safinel"},"image":{"@id":"https:\/\/www.safinel.fr\/#\/schema\/logo\/image\/"}}]}},"_links":{"self":[{"href":"https:\/\/www.safinel.fr\/it\/wp-json\/wp\/v2\/pages\/981","targetHints":{"allow":["GET"]}}],"collection":[{"href":"https:\/\/www.safinel.fr\/it\/wp-json\/wp\/v2\/pages"}],"about":[{"href":"https:\/\/www.safinel.fr\/it\/wp-json\/wp\/v2\/types\/page"}],"author":[{"embeddable":true,"href":"https:\/\/www.safinel.fr\/it\/wp-json\/wp\/v2\/users\/1"}],"replies":[{"embeddable":true,"href":"https:\/\/www.safinel.fr\/it\/wp-json\/wp\/v2\/comments?post=981"}],"version-history":[{"count":1,"href":"https:\/\/www.safinel.fr\/it\/wp-json\/wp\/v2\/pages\/981\/revisions"}],"predecessor-version":[{"id":982,"href":"https:\/\/www.safinel.fr\/it\/wp-json\/wp\/v2\/pages\/981\/revisions\/982"}],"wp:attachment":[{"href":"https:\/\/www.safinel.fr\/it\/wp-json\/wp\/v2\/media?parent=981"}],"curies":[{"name":"wp","href":"https:\/\/api.w.org\/{rel}","templated":true}]}}