{"id":852,"date":"2022-02-22T17:21:08","date_gmt":"2022-02-22T17:21:08","guid":{"rendered":"https:\/\/www.safinel.fr\/?page_id=852"},"modified":"2022-02-22T17:21:41","modified_gmt":"2022-02-22T17:21:41","slug":"comprendere-il-rifiuto-della-gravidanza","status":"publish","type":"page","link":"https:\/\/www.safinel.fr\/it\/comprendere-il-rifiuto-della-gravidanza\/","title":{"rendered":"Comprendere il rifiuto della gravidanza"},"content":{"rendered":"<h1>Comprendere il rifiuto della gravidanza<\/h1>\n\n\n<strong>La negazione della gravidanza \u00e8 l'assenza di consapevolezza che una donna \u00e8 incinta.<\/strong> In Francia, 3 donne incinte su 1.000 sono vittime della negazione della gravidanza. 330 donne all'anno partoriscono senza aver mai saputo di essere incinte.\n\nNessuna nausea, nessun aumento di peso, <strong>regole regolari<\/strong>... Niente indica una gravidanza. Ma il bambino \u00e8 l\u00ec e sta crescendo.\n\n<strong>E se finalmente si comprendesse questo fenomeno, poco conosciuto dal grande pubblico?<\/strong>\n<h2>Che cos'\u00e8 il rifiuto della gravidanza?<\/h2>\n<strong>La negazione della gravidanza \u00e8 una scissione tra corpo e mente.<\/strong> Fisicamente, la donna \u00e8 incinta e il bambino si sta sviluppando nel suo grembo. La mente, invece, non \u00e8 consapevole del nuovo stato della futura madre. Oscura la realt\u00e0 e impedisce lo sviluppo dei sintomi della gravidanza.\n<h3>Negazione totale della gravidanza<\/h3>\nLa negazione completa della gravidanza \u00e8 uno degli eventi pi\u00f9 sconvolgenti nella vita di una donna. <strong>La madre partorisce senza aver mai saputo di essere incinta.<\/strong> Viene a sapere della presenza del suo bambino il giorno stesso della nascita, senza essersi potuta preparare mentalmente o fisicamente.\n\nDall'inizio alla fine, la sua gravidanza non si \u00e8 mai manifestata: niente pancia, niente dolori, mestruazioni regolari o irregolari... Niente indicava la presenza del bambino.\n<h3>Negazione parziale della gravidanza<\/h3>\n<strong>La negazione parziale della gravidanza si riferisce alla scoperta della gravidanza dopo il primo trimestre ma prima del termine.<\/strong>\n\nLa futura madre prende quindi coscienza della sua condizione <strong>prima del parto<\/strong>. Una volta che si \u00e8 a conoscenza della gravidanza, <strong>comparsa dei sintomi<\/strong>&nbsp;: comparsa di pancia nelle ore successive, nausea, dolore e assenza di mestruazioni.\n\nIl bambino pu\u00f2 svilupparsi normalmente fino al termine della gravidanza.\n<h2>Cause di rifiuto della gravidanza<\/h2>\n<strong>La negazione della gravidanza non \u00e8 mai innocua: la mente cerca di proteggere la futura madre<\/strong>. I principali fattori di rischio per la negazione della gravidanza sono :\n<ul>\n \t<li>Gravidanza derivante da violenza sessuale;<\/li>\n \t<li>Una (ex) vittima di violenza sessuale, fisica o psicologica;<\/li>\n \t<li>Presunta sterilit\u00e0 ;<\/li>\n \t<li>Una situazione familiare o coniugale instabile ;<\/li>\n \t<li>Gravidanze ravvicinate;<\/li>\n<\/ul>\n<strong>Le donne che negano la gravidanza si trovano spesso in uno stato di vulnerabilit\u00e0<\/strong>. Non vogliono rimanere incinte o non pensano di poterlo fare.\n\nTuttavia, vogliono rimanere incinte, <strong>\u00e8 probabile che ogni donna sperimenti il rifiuto della gravidanza ad un certo punto della sua vita<\/strong>.\n<h2>I rischi della negazione della gravidanza<\/h2>\nA <strong>rifiuto della gravidanza<\/strong> non \u00e8 privo di rischi. Sia per la madre che per il bambino, questo stato psicologico ha gravi conseguenze. <strong>conseguenze a breve e a lungo termine<\/strong>.\n<h3>Per il bambino<\/h3>\n<strong>Il bambino deve adattarsi al corpo della madre, che non \u00e8 pronto a riceverlo.<\/strong>. Si sviluppa in modo diverso: il corpo del bambino non \u00e8 in posizione fetale. Si sdraia di pi\u00f9, perch\u00e9 la pancia della madre non si sta sviluppando. Il bambino prende poco o niente peso.\n\nLa donna non si accorge di essere incinta, <strong>non sta adottando abitudini sane in gravidanza<\/strong>. Questo \u00e8 un importante fattore di rischio per il bambino.\n\nUltimo ma non meno importante, <strong>il parto pu\u00f2 avvenire ovunque e in qualsiasi momento<\/strong>&nbsp;\u00c8 probabile che il bambino non nasca nelle migliori condizioni possibili.\n<h3>Per la madre<\/h3>\n<strong>Una donna che ha negato la gravidanza non \u00e8 psicologicamente pronta ad accogliere un bambino nella sua vita<\/strong>.\n\nLa nascita di un bambino, o l'annuncio tardivo di una gravidanza, \u00e8 spesso un evento importante nella vita della famiglia. <strong>grande shock psicologico<\/strong> per la madre. I rischi di depressione e di rifiuto del bambino sono reali. \u00c8 necessario\u2019<strong>supporto psicologico durante e dopo il rifiuto della gravidanza<\/strong>.","protected":false},"excerpt":{"rendered":"<p>Comprendere la negazione della gravidanza La negazione della gravidanza \u00e8 l'assenza di consapevolezza che una donna \u00e8 incinta. In Francia, 3 donne incinte su 1.000 sono vittime della negazione della gravidanza. 330 donne all'anno partoriscono senza aver mai saputo di essere incinte. Nessuna nausea, nessun aumento di peso, mestruazioni regolari... Niente indica una gravidanza.","protected":false},"author":1,"featured_media":0,"parent":0,"menu_order":0,"comment_status":"closed","ping_status":"closed","template":"","meta":{"footnotes":""},"class_list":["post-852","page","type-page","status-publish","hentry"],"yoast_head":"<!-- This site is optimized with the Yoast SEO plugin v26.6 - https:\/\/yoast.com\/wordpress\/plugins\/seo\/ -->\n<title>Comprendre le d\u00e9ni de grossesse - Safinel<\/title>\n<meta name=\"robots\" content=\"index, follow, max-snippet:-1, max-image-preview:large, max-video-preview:-1\" \/>\n<link rel=\"canonical\" href=\"https:\/\/www.safinel.fr\/it\/comprendere-il-rifiuto-della-gravidanza\/\" \/>\n<meta property=\"og:locale\" content=\"it_IT\" \/>\n<meta property=\"og:type\" content=\"article\" \/>\n<meta property=\"og:title\" content=\"Comprendre le d\u00e9ni de grossesse - Safinel\" \/>\n<meta property=\"og:description\" content=\"Comprendre le d\u00e9ni de grossesse Le d\u00e9ni de grossesse est l\u2019absence de conscience d\u2019une grossesse chez la femme. En France, sur 1000 femmes enceintes, 3 seraient victimes d\u2019un d\u00e9ni de grossesse. 330 femmes par an accoucheraient sans jamais avoir su qu\u2019elles \u00e9taient enceintes. Absence de naus\u00e9es, de prises de poids, r\u00e8gles r\u00e9guli\u00e8res\u2026 Rien n\u2019indique la [...]\" \/>\n<meta property=\"og:url\" content=\"https:\/\/www.safinel.fr\/it\/comprendere-il-rifiuto-della-gravidanza\/\" \/>\n<meta property=\"og:site_name\" content=\"Safinel\" \/>\n<meta property=\"article:modified_time\" content=\"2022-02-22T17:21:41+00:00\" \/>\n<meta name=\"twitter:card\" content=\"summary_large_image\" \/>\n<meta name=\"twitter:label1\" content=\"Tempo di lettura stimato\" \/>\n\t<meta name=\"twitter:data1\" content=\"3 minuti\" \/>\n<script type=\"application\/ld+json\" class=\"yoast-schema-graph\">{\"@context\":\"https:\/\/schema.org\",\"@graph\":[{\"@type\":\"WebPage\",\"@id\":\"https:\/\/www.safinel.fr\/comprendre-le-deni-de-grossesse\/\",\"url\":\"https:\/\/www.safinel.fr\/comprendre-le-deni-de-grossesse\/\",\"name\":\"Comprendre le d\u00e9ni de grossesse - Safinel\",\"isPartOf\":{\"@id\":\"https:\/\/www.safinel.fr\/#website\"},\"datePublished\":\"2022-02-22T17:21:08+00:00\",\"dateModified\":\"2022-02-22T17:21:41+00:00\",\"breadcrumb\":{\"@id\":\"https:\/\/www.safinel.fr\/comprendre-le-deni-de-grossesse\/#breadcrumb\"},\"inLanguage\":\"it-IT\",\"potentialAction\":[{\"@type\":\"ReadAction\",\"target\":[\"https:\/\/www.safinel.fr\/comprendre-le-deni-de-grossesse\/\"]}]},{\"@type\":\"BreadcrumbList\",\"@id\":\"https:\/\/www.safinel.fr\/comprendre-le-deni-de-grossesse\/#breadcrumb\",\"itemListElement\":[{\"@type\":\"ListItem\",\"position\":1,\"name\":\"Accueil\",\"item\":\"https:\/\/www.safinel.fr\/\"},{\"@type\":\"ListItem\",\"position\":2,\"name\":\"Comprendre le d\u00e9ni de grossesse\"}]},{\"@type\":\"WebSite\",\"@id\":\"https:\/\/www.safinel.fr\/#website\",\"url\":\"https:\/\/www.safinel.fr\/\",\"name\":\"Safinel\",\"description\":\"\",\"publisher\":{\"@id\":\"https:\/\/www.safinel.fr\/#organization\"},\"potentialAction\":[{\"@type\":\"SearchAction\",\"target\":{\"@type\":\"EntryPoint\",\"urlTemplate\":\"https:\/\/www.safinel.fr\/?s={search_term_string}\"},\"query-input\":{\"@type\":\"PropertyValueSpecification\",\"valueRequired\":true,\"valueName\":\"search_term_string\"}}],\"inLanguage\":\"it-IT\"},{\"@type\":\"Organization\",\"@id\":\"https:\/\/www.safinel.fr\/#organization\",\"name\":\"Safinel\",\"url\":\"https:\/\/www.safinel.fr\/\",\"logo\":{\"@type\":\"ImageObject\",\"inLanguage\":\"it-IT\",\"@id\":\"https:\/\/www.safinel.fr\/#\/schema\/logo\/image\/\",\"url\":\"https:\/\/www.safinel.fr\/wp-content\/uploads\/2021\/05\/boutique-cosmetique.png\",\"contentUrl\":\"https:\/\/www.safinel.fr\/wp-content\/uploads\/2021\/05\/boutique-cosmetique.png\",\"width\":800,\"height\":200,\"caption\":\"Safinel\"},\"image\":{\"@id\":\"https:\/\/www.safinel.fr\/#\/schema\/logo\/image\/\"}}]}<\/script>\n<!-- \/ Yoast SEO plugin. -->","yoast_head_json":{"title":"Capire il rifiuto della gravidanza - Safinel","robots":{"index":"index","follow":"follow","max-snippet":"max-snippet:-1","max-image-preview":"max-image-preview:large","max-video-preview":"max-video-preview:-1"},"canonical":"https:\/\/www.safinel.fr\/it\/comprendere-il-rifiuto-della-gravidanza\/","og_locale":"it_IT","og_type":"article","og_title":"Comprendre le d\u00e9ni de grossesse - Safinel","og_description":"Comprendre le d\u00e9ni de grossesse Le d\u00e9ni de grossesse est l\u2019absence de conscience d\u2019une grossesse chez la femme. En France, sur 1000 femmes enceintes, 3 seraient victimes d\u2019un d\u00e9ni de grossesse. 330 femmes par an accoucheraient sans jamais avoir su qu\u2019elles \u00e9taient enceintes. Absence de naus\u00e9es, de prises de poids, r\u00e8gles r\u00e9guli\u00e8res\u2026 Rien n\u2019indique la [...]","og_url":"https:\/\/www.safinel.fr\/it\/comprendere-il-rifiuto-della-gravidanza\/","og_site_name":"Safinel","article_modified_time":"2022-02-22T17:21:41+00:00","twitter_card":"summary_large_image","twitter_misc":{"Tempo di lettura stimato":"3 minuti"},"schema":{"@context":"https:\/\/schema.org","@graph":[{"@type":"WebPage","@id":"https:\/\/www.safinel.fr\/comprendre-le-deni-de-grossesse\/","url":"https:\/\/www.safinel.fr\/comprendre-le-deni-de-grossesse\/","name":"Capire il rifiuto della gravidanza - Safinel","isPartOf":{"@id":"https:\/\/www.safinel.fr\/#website"},"datePublished":"2022-02-22T17:21:08+00:00","dateModified":"2022-02-22T17:21:41+00:00","breadcrumb":{"@id":"https:\/\/www.safinel.fr\/comprendre-le-deni-de-grossesse\/#breadcrumb"},"inLanguage":"it-IT","potentialAction":[{"@type":"ReadAction","target":["https:\/\/www.safinel.fr\/comprendre-le-deni-de-grossesse\/"]}]},{"@type":"BreadcrumbList","@id":"https:\/\/www.safinel.fr\/comprendre-le-deni-de-grossesse\/#breadcrumb","itemListElement":[{"@type":"ListItem","position":1,"name":"Accueil","item":"https:\/\/www.safinel.fr\/"},{"@type":"ListItem","position":2,"name":"Comprendre le d\u00e9ni de grossesse"}]},{"@type":"WebSite","@id":"https:\/\/www.safinel.fr\/#website","url":"https:\/\/www.safinel.fr\/","name":"Safinel","description":"","publisher":{"@id":"https:\/\/www.safinel.fr\/#organization"},"potentialAction":[{"@type":"SearchAction","target":{"@type":"EntryPoint","urlTemplate":"https:\/\/www.safinel.fr\/?s={search_term_string}"},"query-input":{"@type":"PropertyValueSpecification","valueRequired":true,"valueName":"search_term_string"}}],"inLanguage":"it-IT"},{"@type":"Organization","@id":"https:\/\/www.safinel.fr\/#organization","name":"Safinel","url":"https:\/\/www.safinel.fr\/","logo":{"@type":"ImageObject","inLanguage":"it-IT","@id":"https:\/\/www.safinel.fr\/#\/schema\/logo\/image\/","url":"https:\/\/www.safinel.fr\/wp-content\/uploads\/2021\/05\/boutique-cosmetique.png","contentUrl":"https:\/\/www.safinel.fr\/wp-content\/uploads\/2021\/05\/boutique-cosmetique.png","width":800,"height":200,"caption":"Safinel"},"image":{"@id":"https:\/\/www.safinel.fr\/#\/schema\/logo\/image\/"}}]}},"_links":{"self":[{"href":"https:\/\/www.safinel.fr\/it\/wp-json\/wp\/v2\/pages\/852","targetHints":{"allow":["GET"]}}],"collection":[{"href":"https:\/\/www.safinel.fr\/it\/wp-json\/wp\/v2\/pages"}],"about":[{"href":"https:\/\/www.safinel.fr\/it\/wp-json\/wp\/v2\/types\/page"}],"author":[{"embeddable":true,"href":"https:\/\/www.safinel.fr\/it\/wp-json\/wp\/v2\/users\/1"}],"replies":[{"embeddable":true,"href":"https:\/\/www.safinel.fr\/it\/wp-json\/wp\/v2\/comments?post=852"}],"version-history":[{"count":2,"href":"https:\/\/www.safinel.fr\/it\/wp-json\/wp\/v2\/pages\/852\/revisions"}],"predecessor-version":[{"id":854,"href":"https:\/\/www.safinel.fr\/it\/wp-json\/wp\/v2\/pages\/852\/revisions\/854"}],"wp:attachment":[{"href":"https:\/\/www.safinel.fr\/it\/wp-json\/wp\/v2\/media?parent=852"}],"curies":[{"name":"wp","href":"https:\/\/api.w.org\/{rel}","templated":true}]}}